{"id":38090,"date":"2024-04-28T15:11:53","date_gmt":"2024-04-28T15:11:53","guid":{"rendered":"https:\/\/rxcompetition.com\/?post_type=product&#038;p=38090"},"modified":"2024-04-28T15:35:02","modified_gmt":"2024-04-28T15:35:02","slug":"women-elite-hybrid-cross-training-barbell-yellow-color","status":"publish","type":"product","link":"https:\/\/rxcompetition.com\/en\/product\/women-elite-hybrid-cross-training-barbell-yellow-color\/","title":{"rendered":"15KG WOMEN ELITE HYBRID CROSS TRAINING BARBELL YELLOW COLOR"},"content":{"rendered":"<p class=\" translation-block\">15 kg Women Elite Hybrid Cross Training Barbell in yellow color from showroom and catalog pictures.<\/p>\n<p>It can contain little scratches and can not include the internal packaging plastic.<\/p>\n<p>Never used, only for brouchure photoshooting.<\/p>\n<p>&nbsp;<\/p>\n<p class=\" translation-block\">For additional data and technical specs you can see it in Equipment\/Strength\/barbell section.<\/p>\n<p>&nbsp;<\/p>\n<p><strong>Great chance for price<\/strong><\/p>","protected":false},"excerpt":{"rendered":"<p>Women Elite Hybrid Cross Training Barbell de 15 kg en color amarillo procedente de showroom y fotograf\u00eda. Puede contener alg\u00fan rasgu\u00f1o m\u00ednimo y no contener el pl\u00e1stico protector interno del embalaje. No se ha usado nunca, solo para fotograf\u00eda de cat\u00e1logo. &nbsp; Para m\u00e1s informaci\u00f3n ver la ficha y caracter\u00edsticas t\u00e9cnicas en la secci\u00f3n barras [&hellip;]<\/p>","protected":false},"featured_media":38091,"comment_status":"closed","ping_status":"closed","template":"","meta":{"inline_featured_image":false},"product_cat":[205],"product_tag":[],"class_list":{"0":"post-38090","1":"product","2":"type-product","3":"status-publish","4":"has-post-thumbnail","6":"product_cat-oportunidades","9":"first","10":"instock","11":"sale","12":"taxable","13":"shipping-taxable","14":"purchasable","15":"product-type-simple"},"yoast_head":"<!-- This site is optimized with the Yoast SEO plugin v23.2 - https:\/\/yoast.com\/wordpress\/plugins\/seo\/ -->\n<title>15KG WOMEN ELITE HYBRID CROSS TRAINING BARBELL YELLOW COLOR - RX Competition<\/title>\n<meta name=\"robots\" content=\"index, follow, max-snippet:-1, max-image-preview:large, max-video-preview:-1\" \/>\n<link rel=\"canonical\" href=\"https:\/\/rxcompetition.com\/en\/product\/women-elite-hybrid-cross-training-barbell-yellow-color\/\" \/>\n<meta property=\"og:locale\" content=\"en_US\" \/>\n<meta property=\"og:type\" content=\"article\" \/>\n<meta property=\"og:title\" content=\"15KG WOMEN ELITE HYBRID CROSS TRAINING BARBELL YELLOW COLOR - RX Competition\" \/>\n<meta property=\"og:description\" content=\"Women Elite Hybrid Cross Training Barbell de 15 kg en color amarillo procedente de showroom y fotograf\u00eda. Puede contener alg\u00fan rasgu\u00f1o m\u00ednimo y no contener el pl\u00e1stico protector interno del embalaje. No se ha usado nunca, solo para fotograf\u00eda de cat\u00e1logo. &nbsp; Para m\u00e1s informaci\u00f3n ver la ficha y caracter\u00edsticas t\u00e9cnicas en la secci\u00f3n barras [&hellip;]\" \/>\n<meta property=\"og:url\" content=\"https:\/\/rxcompetition.com\/en\/product\/women-elite-hybrid-cross-training-barbell-yellow-color\/\" \/>\n<meta property=\"og:site_name\" content=\"RX Competition\" \/>\n<meta property=\"article:modified_time\" content=\"2024-04-28T15:35:02+00:00\" \/>\n<meta property=\"og:image\" content=\"https:\/\/rxcompetition.com\/wp-content\/uploads\/2024\/04\/POI_429-scaled.jpg\" \/>\n\t<meta property=\"og:image:width\" content=\"2560\" \/>\n\t<meta property=\"og:image:height\" content=\"1707\" \/>\n\t<meta property=\"og:image:type\" content=\"image\/jpeg\" \/>\n<meta name=\"twitter:card\" content=\"summary_large_image\" \/>\n<script type=\"application\/ld+json\" class=\"yoast-schema-graph\">{\"@context\":\"https:\/\/schema.org\",\"@graph\":[{\"@type\":\"WebPage\",\"@id\":\"https:\/\/rxcompetition.com\/product\/women-elite-hybrid-cross-training-barbell-yellow-color\/\",\"url\":\"https:\/\/rxcompetition.com\/product\/women-elite-hybrid-cross-training-barbell-yellow-color\/\",\"name\":\"15KG WOMEN ELITE HYBRID CROSS TRAINING BARBELL YELLOW COLOR - RX Competition\",\"isPartOf\":{\"@id\":\"https:\/\/rxcompetition.com\/#website\"},\"primaryImageOfPage\":{\"@id\":\"https:\/\/rxcompetition.com\/product\/women-elite-hybrid-cross-training-barbell-yellow-color\/#primaryimage\"},\"image\":{\"@id\":\"https:\/\/rxcompetition.com\/product\/women-elite-hybrid-cross-training-barbell-yellow-color\/#primaryimage\"},\"thumbnailUrl\":\"https:\/\/rxcompetition.com\/wp-content\/uploads\/2024\/04\/POI_429-scaled.jpg\",\"datePublished\":\"2024-04-28T15:11:53+00:00\",\"dateModified\":\"2024-04-28T15:35:02+00:00\",\"breadcrumb\":{\"@id\":\"https:\/\/rxcompetition.com\/product\/women-elite-hybrid-cross-training-barbell-yellow-color\/#breadcrumb\"},\"inLanguage\":\"en-US\",\"potentialAction\":[{\"@type\":\"ReadAction\",\"target\":[\"https:\/\/rxcompetition.com\/product\/women-elite-hybrid-cross-training-barbell-yellow-color\/\"]}]},{\"@type\":\"ImageObject\",\"inLanguage\":\"en-US\",\"@id\":\"https:\/\/rxcompetition.com\/product\/women-elite-hybrid-cross-training-barbell-yellow-color\/#primaryimage\",\"url\":\"https:\/\/rxcompetition.com\/wp-content\/uploads\/2024\/04\/POI_429-scaled.jpg\",\"contentUrl\":\"https:\/\/rxcompetition.com\/wp-content\/uploads\/2024\/04\/POI_429-scaled.jpg\",\"width\":2560,\"height\":1707},{\"@type\":\"BreadcrumbList\",\"@id\":\"https:\/\/rxcompetition.com\/product\/women-elite-hybrid-cross-training-barbell-yellow-color\/#breadcrumb\",\"itemListElement\":[{\"@type\":\"ListItem\",\"position\":1,\"name\":\"Inicio\",\"item\":\"https:\/\/rxcompetition.com\/\"},{\"@type\":\"ListItem\",\"position\":2,\"name\":\"Tienda\",\"item\":\"https:\/\/rxcompetition.com\/tienda\/\"},{\"@type\":\"ListItem\",\"position\":3,\"name\":\"15KG WOMEN ELITE HYBRID CROSS TRAINING BARBELL YELLOW COLOR\"}]},{\"@type\":\"WebSite\",\"@id\":\"https:\/\/rxcompetition.com\/#website\",\"url\":\"https:\/\/rxcompetition.com\/\",\"name\":\"RX Competition\",\"description\":\"\",\"publisher\":{\"@id\":\"https:\/\/rxcompetition.com\/#organization\"},\"potentialAction\":[{\"@type\":\"SearchAction\",\"target\":{\"@type\":\"EntryPoint\",\"urlTemplate\":\"https:\/\/rxcompetition.com\/?s={search_term_string}\"},\"query-input\":\"required name=search_term_string\"}],\"inLanguage\":\"en-US\"},{\"@type\":\"Organization\",\"@id\":\"https:\/\/rxcompetition.com\/#organization\",\"name\":\"RX Competition\",\"url\":\"https:\/\/rxcompetition.com\/\",\"logo\":{\"@type\":\"ImageObject\",\"inLanguage\":\"en-US\",\"@id\":\"https:\/\/rxcompetition.com\/#\/schema\/logo\/image\/\",\"url\":\"https:\/\/rxcompetition.com\/wp-content\/uploads\/2023\/04\/LOGO-RX-PROGRAMA.png\",\"contentUrl\":\"https:\/\/rxcompetition.com\/wp-content\/uploads\/2023\/04\/LOGO-RX-PROGRAMA.png\",\"width\":1416,\"height\":672,\"caption\":\"RX Competition\"},\"image\":{\"@id\":\"https:\/\/rxcompetition.com\/#\/schema\/logo\/image\/\"}}]}<\/script>\n<!-- \/ Yoast SEO plugin. -->","yoast_head_json":{"title":"15KG WOMEN ELITE HYBRID CROSS TRAINING BARBELL YELLOW COLOR - RX Competition","robots":{"index":"index","follow":"follow","max-snippet":"max-snippet:-1","max-image-preview":"max-image-preview:large","max-video-preview":"max-video-preview:-1"},"canonical":"https:\/\/rxcompetition.com\/en\/product\/women-elite-hybrid-cross-training-barbell-yellow-color\/","og_locale":"en_US","og_type":"article","og_title":"15KG WOMEN ELITE HYBRID CROSS TRAINING BARBELL YELLOW COLOR - RX Competition","og_description":"Women Elite Hybrid Cross Training Barbell de 15 kg en color amarillo procedente de showroom y fotograf\u00eda. Puede contener alg\u00fan rasgu\u00f1o m\u00ednimo y no contener el pl\u00e1stico protector interno del embalaje. No se ha usado nunca, solo para fotograf\u00eda de cat\u00e1logo. &nbsp; Para m\u00e1s informaci\u00f3n ver la ficha y caracter\u00edsticas t\u00e9cnicas en la secci\u00f3n barras [&hellip;]","og_url":"https:\/\/rxcompetition.com\/en\/product\/women-elite-hybrid-cross-training-barbell-yellow-color\/","og_site_name":"RX Competition","article_modified_time":"2024-04-28T15:35:02+00:00","og_image":[{"width":2560,"height":1707,"url":"https:\/\/rxcompetition.com\/wp-content\/uploads\/2024\/04\/POI_429-scaled.jpg","type":"image\/jpeg"}],"twitter_card":"summary_large_image","schema":{"@context":"https:\/\/schema.org","@graph":[{"@type":"WebPage","@id":"https:\/\/rxcompetition.com\/product\/women-elite-hybrid-cross-training-barbell-yellow-color\/","url":"https:\/\/rxcompetition.com\/product\/women-elite-hybrid-cross-training-barbell-yellow-color\/","name":"15KG WOMEN ELITE HYBRID CROSS TRAINING BARBELL YELLOW COLOR - RX Competition","isPartOf":{"@id":"https:\/\/rxcompetition.com\/#website"},"primaryImageOfPage":{"@id":"https:\/\/rxcompetition.com\/product\/women-elite-hybrid-cross-training-barbell-yellow-color\/#primaryimage"},"image":{"@id":"https:\/\/rxcompetition.com\/product\/women-elite-hybrid-cross-training-barbell-yellow-color\/#primaryimage"},"thumbnailUrl":"https:\/\/rxcompetition.com\/wp-content\/uploads\/2024\/04\/POI_429-scaled.jpg","datePublished":"2024-04-28T15:11:53+00:00","dateModified":"2024-04-28T15:35:02+00:00","breadcrumb":{"@id":"https:\/\/rxcompetition.com\/product\/women-elite-hybrid-cross-training-barbell-yellow-color\/#breadcrumb"},"inLanguage":"en-US","potentialAction":[{"@type":"ReadAction","target":["https:\/\/rxcompetition.com\/product\/women-elite-hybrid-cross-training-barbell-yellow-color\/"]}]},{"@type":"ImageObject","inLanguage":"en-US","@id":"https:\/\/rxcompetition.com\/product\/women-elite-hybrid-cross-training-barbell-yellow-color\/#primaryimage","url":"https:\/\/rxcompetition.com\/wp-content\/uploads\/2024\/04\/POI_429-scaled.jpg","contentUrl":"https:\/\/rxcompetition.com\/wp-content\/uploads\/2024\/04\/POI_429-scaled.jpg","width":2560,"height":1707},{"@type":"BreadcrumbList","@id":"https:\/\/rxcompetition.com\/product\/women-elite-hybrid-cross-training-barbell-yellow-color\/#breadcrumb","itemListElement":[{"@type":"ListItem","position":1,"name":"Inicio","item":"https:\/\/rxcompetition.com\/"},{"@type":"ListItem","position":2,"name":"Tienda","item":"https:\/\/rxcompetition.com\/tienda\/"},{"@type":"ListItem","position":3,"name":"15KG WOMEN ELITE HYBRID CROSS TRAINING BARBELL YELLOW COLOR"}]},{"@type":"WebSite","@id":"https:\/\/rxcompetition.com\/#website","url":"https:\/\/rxcompetition.com\/","name":"RX Competition","description":"","publisher":{"@id":"https:\/\/rxcompetition.com\/#organization"},"potentialAction":[{"@type":"SearchAction","target":{"@type":"EntryPoint","urlTemplate":"https:\/\/rxcompetition.com\/?s={search_term_string}"},"query-input":"required name=search_term_string"}],"inLanguage":"en-US"},{"@type":"Organization","@id":"https:\/\/rxcompetition.com\/#organization","name":"RX Competition","url":"https:\/\/rxcompetition.com\/","logo":{"@type":"ImageObject","inLanguage":"en-US","@id":"https:\/\/rxcompetition.com\/#\/schema\/logo\/image\/","url":"https:\/\/rxcompetition.com\/wp-content\/uploads\/2023\/04\/LOGO-RX-PROGRAMA.png","contentUrl":"https:\/\/rxcompetition.com\/wp-content\/uploads\/2023\/04\/LOGO-RX-PROGRAMA.png","width":1416,"height":672,"caption":"RX Competition"},"image":{"@id":"https:\/\/rxcompetition.com\/#\/schema\/logo\/image\/"}}]}},"jetpack_sharing_enabled":true,"_links":{"self":[{"href":"https:\/\/rxcompetition.com\/en\/wp-json\/wp\/v2\/product\/38090","targetHints":{"allow":["GET"]}}],"collection":[{"href":"https:\/\/rxcompetition.com\/en\/wp-json\/wp\/v2\/product"}],"about":[{"href":"https:\/\/rxcompetition.com\/en\/wp-json\/wp\/v2\/types\/product"}],"replies":[{"embeddable":true,"href":"https:\/\/rxcompetition.com\/en\/wp-json\/wp\/v2\/comments?post=38090"}],"wp:featuredmedia":[{"embeddable":true,"href":"https:\/\/rxcompetition.com\/en\/wp-json\/wp\/v2\/media\/38091"}],"wp:attachment":[{"href":"https:\/\/rxcompetition.com\/en\/wp-json\/wp\/v2\/media?parent=38090"}],"wp:term":[{"taxonomy":"product_cat","embeddable":true,"href":"https:\/\/rxcompetition.com\/en\/wp-json\/wp\/v2\/product_cat?post=38090"},{"taxonomy":"product_tag","embeddable":true,"href":"https:\/\/rxcompetition.com\/en\/wp-json\/wp\/v2\/product_tag?post=38090"}],"curies":[{"name":"wp","href":"https:\/\/api.w.org\/{rel}","templated":true}]}}