{"id":38078,"date":"2024-04-28T14:22:42","date_gmt":"2024-04-28T14:22:42","guid":{"rendered":"https:\/\/rxcompetition.com\/?post_type=product&#038;p=38078"},"modified":"2024-08-22T09:20:55","modified_gmt":"2024-08-22T09:20:55","slug":"master-power-rack","status":"publish","type":"product","link":"https:\/\/rxcompetition.com\/en\/product\/master-power-rack\/","title":{"rendered":"MASTER POWER RACK"},"content":{"rendered":"<p>Master Power Rack frame from showroon. It can contain some little scratches in frames and J-Cup barbell supports.<\/p>\n<p>&nbsp;<\/p>\n<p><strong>For additional data and technical specs you can see it in Ricks&amp;Racks\/Master Line\/Squat Stand section.<\/strong><\/p>\n<p>&nbsp;<\/p>\n<p><strong>Great chance for price<\/strong><\/p>","protected":false},"excerpt":{"rendered":"<p>Estructura Master Power Rack procedente de showroom. Puede contener alg\u00fan desperfecto como ligeros rasgu\u00f1os en perfiler\u00eda y soportes J-Cups de barra. &nbsp; Ver ficha del producto y caracter\u00edsticas t\u00e9cnicas en la secci\u00f3n Master Line de Rigs&amp;Racks. &nbsp; Gran oportunidad por precio<\/p>","protected":false},"featured_media":37612,"comment_status":"closed","ping_status":"closed","template":"","meta":{"inline_featured_image":false},"product_cat":[205],"product_tag":[],"class_list":{"0":"post-38078","1":"product","2":"type-product","3":"status-publish","4":"has-post-thumbnail","6":"product_cat-oportunidades","9":"first","10":"outofstock","11":"sale","12":"taxable","13":"shipping-taxable","14":"purchasable","15":"product-type-simple"},"yoast_head":"<!-- This site is optimized with the Yoast SEO plugin v23.2 - https:\/\/yoast.com\/wordpress\/plugins\/seo\/ -->\n<title>MASTER POWER RACK - RX Competition<\/title>\n<meta name=\"robots\" content=\"index, follow, max-snippet:-1, max-image-preview:large, max-video-preview:-1\" \/>\n<link rel=\"canonical\" href=\"https:\/\/rxcompetition.com\/en\/product\/master-power-rack\/\" \/>\n<meta property=\"og:locale\" content=\"en_US\" \/>\n<meta property=\"og:type\" content=\"article\" \/>\n<meta property=\"og:title\" content=\"MASTER POWER RACK - RX Competition\" \/>\n<meta property=\"og:description\" content=\"Estructura Master Power Rack procedente de showroom. Puede contener alg\u00fan desperfecto como ligeros rasgu\u00f1os en perfiler\u00eda y soportes J-Cups de barra. &nbsp; Ver ficha del producto y caracter\u00edsticas t\u00e9cnicas en la secci\u00f3n Master Line de Rigs&amp;Racks. &nbsp; Gran oportunidad por precio\" \/>\n<meta property=\"og:url\" content=\"https:\/\/rxcompetition.com\/en\/product\/master-power-rack\/\" \/>\n<meta property=\"og:site_name\" content=\"RX Competition\" \/>\n<meta property=\"article:modified_time\" content=\"2024-08-22T09:20:55+00:00\" \/>\n<meta property=\"og:image\" content=\"https:\/\/rxcompetition.com\/wp-content\/uploads\/2023\/02\/2-3-scaled.jpg\" \/>\n\t<meta property=\"og:image:width\" content=\"2560\" \/>\n\t<meta property=\"og:image:height\" content=\"1707\" \/>\n\t<meta property=\"og:image:type\" content=\"image\/jpeg\" \/>\n<meta name=\"twitter:card\" content=\"summary_large_image\" \/>\n<script type=\"application\/ld+json\" class=\"yoast-schema-graph\">{\"@context\":\"https:\/\/schema.org\",\"@graph\":[{\"@type\":\"WebPage\",\"@id\":\"https:\/\/rxcompetition.com\/product\/master-power-rack\/\",\"url\":\"https:\/\/rxcompetition.com\/product\/master-power-rack\/\",\"name\":\"MASTER POWER RACK - RX Competition\",\"isPartOf\":{\"@id\":\"https:\/\/rxcompetition.com\/#website\"},\"primaryImageOfPage\":{\"@id\":\"https:\/\/rxcompetition.com\/product\/master-power-rack\/#primaryimage\"},\"image\":{\"@id\":\"https:\/\/rxcompetition.com\/product\/master-power-rack\/#primaryimage\"},\"thumbnailUrl\":\"https:\/\/rxcompetition.com\/wp-content\/uploads\/2023\/02\/2-3-scaled.jpg\",\"datePublished\":\"2024-04-28T14:22:42+00:00\",\"dateModified\":\"2024-08-22T09:20:55+00:00\",\"breadcrumb\":{\"@id\":\"https:\/\/rxcompetition.com\/product\/master-power-rack\/#breadcrumb\"},\"inLanguage\":\"en-US\",\"potentialAction\":[{\"@type\":\"ReadAction\",\"target\":[\"https:\/\/rxcompetition.com\/product\/master-power-rack\/\"]}]},{\"@type\":\"ImageObject\",\"inLanguage\":\"en-US\",\"@id\":\"https:\/\/rxcompetition.com\/product\/master-power-rack\/#primaryimage\",\"url\":\"https:\/\/rxcompetition.com\/wp-content\/uploads\/2023\/02\/2-3-scaled.jpg\",\"contentUrl\":\"https:\/\/rxcompetition.com\/wp-content\/uploads\/2023\/02\/2-3-scaled.jpg\",\"width\":2560,\"height\":1707},{\"@type\":\"BreadcrumbList\",\"@id\":\"https:\/\/rxcompetition.com\/product\/master-power-rack\/#breadcrumb\",\"itemListElement\":[{\"@type\":\"ListItem\",\"position\":1,\"name\":\"Inicio\",\"item\":\"https:\/\/rxcompetition.com\/\"},{\"@type\":\"ListItem\",\"position\":2,\"name\":\"Tienda\",\"item\":\"https:\/\/rxcompetition.com\/tienda\/\"},{\"@type\":\"ListItem\",\"position\":3,\"name\":\"MASTER POWER RACK\"}]},{\"@type\":\"WebSite\",\"@id\":\"https:\/\/rxcompetition.com\/#website\",\"url\":\"https:\/\/rxcompetition.com\/\",\"name\":\"RX Competition\",\"description\":\"\",\"publisher\":{\"@id\":\"https:\/\/rxcompetition.com\/#organization\"},\"potentialAction\":[{\"@type\":\"SearchAction\",\"target\":{\"@type\":\"EntryPoint\",\"urlTemplate\":\"https:\/\/rxcompetition.com\/?s={search_term_string}\"},\"query-input\":\"required name=search_term_string\"}],\"inLanguage\":\"en-US\"},{\"@type\":\"Organization\",\"@id\":\"https:\/\/rxcompetition.com\/#organization\",\"name\":\"RX Competition\",\"url\":\"https:\/\/rxcompetition.com\/\",\"logo\":{\"@type\":\"ImageObject\",\"inLanguage\":\"en-US\",\"@id\":\"https:\/\/rxcompetition.com\/#\/schema\/logo\/image\/\",\"url\":\"https:\/\/rxcompetition.com\/wp-content\/uploads\/2023\/04\/LOGO-RX-PROGRAMA.png\",\"contentUrl\":\"https:\/\/rxcompetition.com\/wp-content\/uploads\/2023\/04\/LOGO-RX-PROGRAMA.png\",\"width\":1416,\"height\":672,\"caption\":\"RX Competition\"},\"image\":{\"@id\":\"https:\/\/rxcompetition.com\/#\/schema\/logo\/image\/\"}}]}<\/script>\n<!-- \/ Yoast SEO plugin. -->","yoast_head_json":{"title":"MASTER POWER RACK - RX Competition","robots":{"index":"index","follow":"follow","max-snippet":"max-snippet:-1","max-image-preview":"max-image-preview:large","max-video-preview":"max-video-preview:-1"},"canonical":"https:\/\/rxcompetition.com\/en\/product\/master-power-rack\/","og_locale":"en_US","og_type":"article","og_title":"MASTER POWER RACK - RX Competition","og_description":"Estructura Master Power Rack procedente de showroom. Puede contener alg\u00fan desperfecto como ligeros rasgu\u00f1os en perfiler\u00eda y soportes J-Cups de barra. &nbsp; Ver ficha del producto y caracter\u00edsticas t\u00e9cnicas en la secci\u00f3n Master Line de Rigs&amp;Racks. &nbsp; Gran oportunidad por precio","og_url":"https:\/\/rxcompetition.com\/en\/product\/master-power-rack\/","og_site_name":"RX Competition","article_modified_time":"2024-08-22T09:20:55+00:00","og_image":[{"width":2560,"height":1707,"url":"https:\/\/rxcompetition.com\/wp-content\/uploads\/2023\/02\/2-3-scaled.jpg","type":"image\/jpeg"}],"twitter_card":"summary_large_image","schema":{"@context":"https:\/\/schema.org","@graph":[{"@type":"WebPage","@id":"https:\/\/rxcompetition.com\/product\/master-power-rack\/","url":"https:\/\/rxcompetition.com\/product\/master-power-rack\/","name":"MASTER POWER RACK - RX Competition","isPartOf":{"@id":"https:\/\/rxcompetition.com\/#website"},"primaryImageOfPage":{"@id":"https:\/\/rxcompetition.com\/product\/master-power-rack\/#primaryimage"},"image":{"@id":"https:\/\/rxcompetition.com\/product\/master-power-rack\/#primaryimage"},"thumbnailUrl":"https:\/\/rxcompetition.com\/wp-content\/uploads\/2023\/02\/2-3-scaled.jpg","datePublished":"2024-04-28T14:22:42+00:00","dateModified":"2024-08-22T09:20:55+00:00","breadcrumb":{"@id":"https:\/\/rxcompetition.com\/product\/master-power-rack\/#breadcrumb"},"inLanguage":"en-US","potentialAction":[{"@type":"ReadAction","target":["https:\/\/rxcompetition.com\/product\/master-power-rack\/"]}]},{"@type":"ImageObject","inLanguage":"en-US","@id":"https:\/\/rxcompetition.com\/product\/master-power-rack\/#primaryimage","url":"https:\/\/rxcompetition.com\/wp-content\/uploads\/2023\/02\/2-3-scaled.jpg","contentUrl":"https:\/\/rxcompetition.com\/wp-content\/uploads\/2023\/02\/2-3-scaled.jpg","width":2560,"height":1707},{"@type":"BreadcrumbList","@id":"https:\/\/rxcompetition.com\/product\/master-power-rack\/#breadcrumb","itemListElement":[{"@type":"ListItem","position":1,"name":"Inicio","item":"https:\/\/rxcompetition.com\/"},{"@type":"ListItem","position":2,"name":"Tienda","item":"https:\/\/rxcompetition.com\/tienda\/"},{"@type":"ListItem","position":3,"name":"MASTER POWER RACK"}]},{"@type":"WebSite","@id":"https:\/\/rxcompetition.com\/#website","url":"https:\/\/rxcompetition.com\/","name":"RX Competition","description":"","publisher":{"@id":"https:\/\/rxcompetition.com\/#organization"},"potentialAction":[{"@type":"SearchAction","target":{"@type":"EntryPoint","urlTemplate":"https:\/\/rxcompetition.com\/?s={search_term_string}"},"query-input":"required name=search_term_string"}],"inLanguage":"en-US"},{"@type":"Organization","@id":"https:\/\/rxcompetition.com\/#organization","name":"RX Competition","url":"https:\/\/rxcompetition.com\/","logo":{"@type":"ImageObject","inLanguage":"en-US","@id":"https:\/\/rxcompetition.com\/#\/schema\/logo\/image\/","url":"https:\/\/rxcompetition.com\/wp-content\/uploads\/2023\/04\/LOGO-RX-PROGRAMA.png","contentUrl":"https:\/\/rxcompetition.com\/wp-content\/uploads\/2023\/04\/LOGO-RX-PROGRAMA.png","width":1416,"height":672,"caption":"RX Competition"},"image":{"@id":"https:\/\/rxcompetition.com\/#\/schema\/logo\/image\/"}}]}},"jetpack_sharing_enabled":true,"_links":{"self":[{"href":"https:\/\/rxcompetition.com\/en\/wp-json\/wp\/v2\/product\/38078","targetHints":{"allow":["GET"]}}],"collection":[{"href":"https:\/\/rxcompetition.com\/en\/wp-json\/wp\/v2\/product"}],"about":[{"href":"https:\/\/rxcompetition.com\/en\/wp-json\/wp\/v2\/types\/product"}],"replies":[{"embeddable":true,"href":"https:\/\/rxcompetition.com\/en\/wp-json\/wp\/v2\/comments?post=38078"}],"wp:featuredmedia":[{"embeddable":true,"href":"https:\/\/rxcompetition.com\/en\/wp-json\/wp\/v2\/media\/37612"}],"wp:attachment":[{"href":"https:\/\/rxcompetition.com\/en\/wp-json\/wp\/v2\/media?parent=38078"}],"wp:term":[{"taxonomy":"product_cat","embeddable":true,"href":"https:\/\/rxcompetition.com\/en\/wp-json\/wp\/v2\/product_cat?post=38078"},{"taxonomy":"product_tag","embeddable":true,"href":"https:\/\/rxcompetition.com\/en\/wp-json\/wp\/v2\/product_tag?post=38078"}],"curies":[{"name":"wp","href":"https:\/\/api.w.org\/{rel}","templated":true}]}}