{"id":37647,"date":"2024-03-28T15:55:42","date_gmt":"2024-03-28T15:55:42","guid":{"rendered":"https:\/\/rxcompetition.com\/?post_type=product&#038;p=37647"},"modified":"2024-04-28T14:08:14","modified_gmt":"2024-04-28T14:08:14","slug":"eco-z-curl-barbell","status":"publish","type":"product","link":"https:\/\/rxcompetition.com\/en\/product\/eco-z-curl-barbell\/","title":{"rendered":"ECO Z CURL BARBELL"},"content":{"rendered":"<p class=\" translation-block\">The ECO Z Curl Barcell is a cheaper option to our Regular Olympic Z Curl Barbell more focused for amateur and non profesional use.<\/p>\n<p>The barbell steel has a chromed finish to increase its corrosion resistance. The loading sleeves are \u00d850 mm Olympic, perfectly suitable for all Olympic loading discs. The grip knurling is in medium diamond shape finished to allow for a firm and secure grip.<\/p>\n<p>&nbsp;<\/p>\n<p>This barbell does not include the two anti-friction cooper bushings but it still offers a fluid loading olympic sleeves rotation.<\/p>\n<p>&nbsp;<\/p>\n<p>It also includes two zinc plated olympic spring collars.<\/p>\n<p>&nbsp;<\/p>\n<p><strong>THE PRICE IS FOR THE WHOLE KIT<\/strong><\/p>","protected":false},"excerpt":{"rendered":"<p style=\"margin: 0cm;\"><strong><span style=\"font-family: 'DM Sans';\">SPECIFICATIONS<\/span><\/strong><\/p>\n<p>&nbsp;<\/p>\n<p style=\"margin: 0cm; box-sizing: border-box; font-variant-ligatures: normal; font-variant-caps: normal; orphans: 2; widows: 2; -webkit-text-stroke-width: 0px; text-decoration-thickness: initial; text-decoration-style: initial; text-decoration-color: initial; word-spacing: 0px;\" class=\" translation-block\">Brand: RX Competition<\/p>\n<p style=\"margin: 0cm; box-sizing: border-box; font-variant-ligatures: normal; font-variant-caps: normal; orphans: 2; widows: 2; -webkit-text-stroke-width: 0px; text-decoration-thickness: initial; text-decoration-style: initial; text-decoration-color: initial; word-spacing: 0px;\" class=\" translation-block\">Usage: Biceps and Triceps curl<\/p>\n<p style=\"margin: 0cm; box-sizing: border-box; font-variant-ligatures: normal; font-variant-caps: normal; orphans: 2; widows: 2; -webkit-text-stroke-width: 0px; text-decoration-thickness: initial; text-decoration-style: initial; text-decoration-color: initial; word-spacing: 0px;\"><span style=\"font-family: 'DM Sans';\">Weight tolerance: +\/- 2%<\/span><\/p>\n<p style=\"margin: 0cm; box-sizing: border-box; font-variant-ligatures: normal; font-variant-caps: normal; orphans: 2; widows: 2; -webkit-text-stroke-width: 0px; text-decoration-thickness: initial; text-decoration-style: initial; text-decoration-color: initial; word-spacing: 0px;\"><span style=\"font-family: 'DM Sans';\">Weight: 6 kg<\/span><\/p>\n<p style=\"margin: 0cm; box-sizing: border-box; font-variant-ligatures: normal; font-variant-caps: normal; orphans: 2; widows: 2; -webkit-text-stroke-width: 0px; text-decoration-thickness: initial; text-decoration-style: initial; text-decoration-color: initial; word-spacing: 0px;\"><span style=\"font-family: 'DM Sans';\">Maximum weight capacity: 80 kg<\/span><\/p>\n<p style=\"margin: 0cm; box-sizing: border-box; font-variant-ligatures: normal; font-variant-caps: normal; orphans: 2; widows: 2; -webkit-text-stroke-width: 0px; text-decoration-thickness: initial; text-decoration-style: initial; text-decoration-color: initial; word-spacing: 0px;\"><span style=\"font-family: 'DM Sans';\">Bar material: Chromed steel<\/span><\/p>\n<p style=\"margin: 0cm; box-sizing: border-box; font-variant-ligatures: normal; font-variant-caps: normal; orphans: 2; widows: 2; -webkit-text-stroke-width: 0px; text-decoration-thickness: initial; text-decoration-style: initial; text-decoration-color: initial; word-spacing: 0px;\"><span style=\"font-family: 'DM Sans';\">Loadable sleeves material: Chromed steel<\/span><\/p>\n<p style=\"margin: 0cm; box-sizing: border-box; font-variant-ligatures: normal; font-variant-caps: normal; orphans: 2; widows: 2; -webkit-text-stroke-width: 0px; text-decoration-thickness: initial; text-decoration-style: initial; text-decoration-color: initial; word-spacing: 0px;\"><span style=\"font-family: 'DM Sans';\">Handle diameter: \u00d825 mm<\/span><\/p>\n<p style=\"margin: 0cm; box-sizing: border-box; font-variant-ligatures: normal; font-variant-caps: normal; orphans: 2; widows: 2; -webkit-text-stroke-width: 0px; text-decoration-thickness: initial; text-decoration-style: initial; text-decoration-color: initial; word-spacing: 0px;\"><span style=\"font-family: 'DM Sans';\">Loading sleeve diameter: \u00d850 mm<\/span><\/p>\n<p style=\"margin: 0cm; box-sizing: border-box; font-variant-ligatures: normal; font-variant-caps: normal; orphans: 2; widows: 2; -webkit-text-stroke-width: 0px; text-decoration-thickness: initial; text-decoration-style: initial; text-decoration-color: initial; word-spacing: 0px;\"><span style=\"font-family: 'DM Sans';\">Total bar length: 1.200 mm<\/span><\/p>\n<p style=\"margin: 0cm; box-sizing: border-box; font-variant-ligatures: normal; font-variant-caps: normal; orphans: 2; widows: 2; -webkit-text-stroke-width: 0px; text-decoration-thickness: initial; text-decoration-style: initial; text-decoration-color: initial; word-spacing: 0px;\"><span style=\"font-family: 'DM Sans';\">Loadable sleeves length: 160 mm<\/span><\/p>\n<p style=\"margin: 0cm; box-sizing: border-box; font-variant-ligatures: normal; font-variant-caps: normal; orphans: 2; widows: 2; -webkit-text-stroke-width: 0px; text-decoration-thickness: initial; text-decoration-style: initial; text-decoration-color: initial; word-spacing: 0px;\"><span style=\"font-family: 'DM Sans';\">Needle bearings: No<\/span><\/p>\n<p style=\"margin: 0cm; box-sizing: border-box; font-variant-ligatures: normal; font-variant-caps: normal; orphans: 2; widows: 2; -webkit-text-stroke-width: 0px; text-decoration-thickness: initial; text-decoration-style: initial; text-decoration-color: initial; word-spacing: 0px;\"><span style=\"font-family: 'DM Sans';\">Anti-friction bushings: No<\/span><\/p>\n<p style=\"margin: 0cm; box-sizing: border-box; font-variant-ligatures: normal; font-variant-caps: normal; orphans: 2; widows: 2; -webkit-text-stroke-width: 0px; text-decoration-thickness: initial; text-decoration-style: initial; text-decoration-color: initial; word-spacing: 0px;\"><span style=\"font-family: 'DM Sans';\">\u00a0<\/span><\/p>\n<p style=\"margin: 0cm; box-sizing: border-box; font-variant-ligatures: normal; font-variant-caps: normal; orphans: 2; widows: 2; -webkit-text-stroke-width: 0px; text-decoration-thickness: initial; text-decoration-style: initial; text-decoration-color: initial; word-spacing: 0px;\"><strong style=\"box-sizing: border-box;\"><span style=\"font-family: 'DM Sans';\">*REAL PICTURES<\/span><\/strong><\/p>","protected":false},"featured_media":37650,"comment_status":"open","ping_status":"closed","template":"","meta":{"inline_featured_image":false},"product_cat":[348,204],"product_tag":[],"class_list":{"0":"post-37647","1":"product","2":"type-product","3":"status-publish","4":"has-post-thumbnail","6":"product_cat-barras","7":"product_cat-bodybuilding","10":"first","11":"instock","12":"taxable","13":"shipping-taxable","14":"purchasable","15":"product-type-simple"},"yoast_head":"<!-- This site is optimized with the Yoast SEO plugin v23.2 - https:\/\/yoast.com\/wordpress\/plugins\/seo\/ -->\n<title>ECO Z CURL BARBELL - RX Competition<\/title>\n<meta name=\"robots\" content=\"index, follow, max-snippet:-1, max-image-preview:large, max-video-preview:-1\" \/>\n<link rel=\"canonical\" href=\"https:\/\/rxcompetition.com\/en\/product\/eco-z-curl-barbell\/\" \/>\n<meta property=\"og:locale\" content=\"en_US\" \/>\n<meta property=\"og:type\" content=\"article\" \/>\n<meta property=\"og:title\" content=\"ECO Z CURL BARBELL - RX Competition\" \/>\n<meta property=\"og:description\" content=\"ESPECIFICACIONES &nbsp; Marca:\u00a0RX Competition Uso:\u00a0Curl\u00a0de B\u00edceps\u00a0y\u00a0Tr\u00edceps Tolerancia del peso: +\/- 2 % Peso: 6 kg Capacidad m\u00e1xima de carga: 80 kg Material de la barra: Acero cromado Material de los manguitos de carga: Acero cromado Di\u00e1metro del mango: \u00d825 mm Di\u00e1metro de los manguitos de carga: \u00d850 mm Longitud total de la barra: 1.200 mm Longitud de los manguitos de carga: 160 mm Rodamientos: No Rodamientos antifricci\u00f3n: No \u00a0 *IMAGENES REALES\" \/>\n<meta property=\"og:url\" content=\"https:\/\/rxcompetition.com\/en\/product\/eco-z-curl-barbell\/\" \/>\n<meta property=\"og:site_name\" content=\"RX Competition\" \/>\n<meta property=\"article:modified_time\" content=\"2024-04-28T14:08:14+00:00\" \/>\n<meta property=\"og:image\" content=\"https:\/\/rxcompetition.com\/wp-content\/uploads\/2024\/03\/POI_103-scaled.jpg\" \/>\n\t<meta property=\"og:image:width\" content=\"2560\" \/>\n\t<meta property=\"og:image:height\" content=\"1707\" \/>\n\t<meta property=\"og:image:type\" content=\"image\/jpeg\" \/>\n<meta name=\"twitter:card\" content=\"summary_large_image\" \/>\n<meta name=\"twitter:label1\" content=\"Est. reading time\" \/>\n\t<meta name=\"twitter:data1\" content=\"1 minute\" \/>\n<script type=\"application\/ld+json\" class=\"yoast-schema-graph\">{\"@context\":\"https:\/\/schema.org\",\"@graph\":[{\"@type\":\"WebPage\",\"@id\":\"https:\/\/rxcompetition.com\/product\/eco-z-curl-barbell\/\",\"url\":\"https:\/\/rxcompetition.com\/product\/eco-z-curl-barbell\/\",\"name\":\"ECO Z CURL BARBELL - RX Competition\",\"isPartOf\":{\"@id\":\"https:\/\/rxcompetition.com\/#website\"},\"primaryImageOfPage\":{\"@id\":\"https:\/\/rxcompetition.com\/product\/eco-z-curl-barbell\/#primaryimage\"},\"image\":{\"@id\":\"https:\/\/rxcompetition.com\/product\/eco-z-curl-barbell\/#primaryimage\"},\"thumbnailUrl\":\"https:\/\/rxcompetition.com\/wp-content\/uploads\/2024\/03\/POI_103-scaled.jpg\",\"datePublished\":\"2024-03-28T15:55:42+00:00\",\"dateModified\":\"2024-04-28T14:08:14+00:00\",\"breadcrumb\":{\"@id\":\"https:\/\/rxcompetition.com\/product\/eco-z-curl-barbell\/#breadcrumb\"},\"inLanguage\":\"en-US\",\"potentialAction\":[{\"@type\":\"ReadAction\",\"target\":[\"https:\/\/rxcompetition.com\/product\/eco-z-curl-barbell\/\"]}]},{\"@type\":\"ImageObject\",\"inLanguage\":\"en-US\",\"@id\":\"https:\/\/rxcompetition.com\/product\/eco-z-curl-barbell\/#primaryimage\",\"url\":\"https:\/\/rxcompetition.com\/wp-content\/uploads\/2024\/03\/POI_103-scaled.jpg\",\"contentUrl\":\"https:\/\/rxcompetition.com\/wp-content\/uploads\/2024\/03\/POI_103-scaled.jpg\",\"width\":2560,\"height\":1707},{\"@type\":\"BreadcrumbList\",\"@id\":\"https:\/\/rxcompetition.com\/product\/eco-z-curl-barbell\/#breadcrumb\",\"itemListElement\":[{\"@type\":\"ListItem\",\"position\":1,\"name\":\"Inicio\",\"item\":\"https:\/\/rxcompetition.com\/\"},{\"@type\":\"ListItem\",\"position\":2,\"name\":\"Tienda\",\"item\":\"https:\/\/rxcompetition.com\/tienda\/\"},{\"@type\":\"ListItem\",\"position\":3,\"name\":\"ECO Z CURL BARBELL\"}]},{\"@type\":\"WebSite\",\"@id\":\"https:\/\/rxcompetition.com\/#website\",\"url\":\"https:\/\/rxcompetition.com\/\",\"name\":\"RX Competition\",\"description\":\"\",\"publisher\":{\"@id\":\"https:\/\/rxcompetition.com\/#organization\"},\"potentialAction\":[{\"@type\":\"SearchAction\",\"target\":{\"@type\":\"EntryPoint\",\"urlTemplate\":\"https:\/\/rxcompetition.com\/?s={search_term_string}\"},\"query-input\":\"required name=search_term_string\"}],\"inLanguage\":\"en-US\"},{\"@type\":\"Organization\",\"@id\":\"https:\/\/rxcompetition.com\/#organization\",\"name\":\"RX Competition\",\"url\":\"https:\/\/rxcompetition.com\/\",\"logo\":{\"@type\":\"ImageObject\",\"inLanguage\":\"en-US\",\"@id\":\"https:\/\/rxcompetition.com\/#\/schema\/logo\/image\/\",\"url\":\"https:\/\/rxcompetition.com\/wp-content\/uploads\/2023\/04\/LOGO-RX-PROGRAMA.png\",\"contentUrl\":\"https:\/\/rxcompetition.com\/wp-content\/uploads\/2023\/04\/LOGO-RX-PROGRAMA.png\",\"width\":1416,\"height\":672,\"caption\":\"RX Competition\"},\"image\":{\"@id\":\"https:\/\/rxcompetition.com\/#\/schema\/logo\/image\/\"}}]}<\/script>\n<!-- \/ Yoast SEO plugin. -->","yoast_head_json":{"title":"ECO Z CURL BARBELL - RX Competition","robots":{"index":"index","follow":"follow","max-snippet":"max-snippet:-1","max-image-preview":"max-image-preview:large","max-video-preview":"max-video-preview:-1"},"canonical":"https:\/\/rxcompetition.com\/en\/product\/eco-z-curl-barbell\/","og_locale":"en_US","og_type":"article","og_title":"ECO Z CURL BARBELL - RX Competition","og_description":"ESPECIFICACIONES &nbsp; Marca:\u00a0RX Competition Uso:\u00a0Curl\u00a0de B\u00edceps\u00a0y\u00a0Tr\u00edceps Tolerancia del peso: +\/- 2 % Peso: 6 kg Capacidad m\u00e1xima de carga: 80 kg Material de la barra: Acero cromado Material de los manguitos de carga: Acero cromado Di\u00e1metro del mango: \u00d825 mm Di\u00e1metro de los manguitos de carga: \u00d850 mm Longitud total de la barra: 1.200 mm Longitud de los manguitos de carga: 160 mm Rodamientos: No Rodamientos antifricci\u00f3n: No \u00a0 *IMAGENES REALES","og_url":"https:\/\/rxcompetition.com\/en\/product\/eco-z-curl-barbell\/","og_site_name":"RX Competition","article_modified_time":"2024-04-28T14:08:14+00:00","og_image":[{"width":2560,"height":1707,"url":"https:\/\/rxcompetition.com\/wp-content\/uploads\/2024\/03\/POI_103-scaled.jpg","type":"image\/jpeg"}],"twitter_card":"summary_large_image","twitter_misc":{"Est. reading time":"1 minute"},"schema":{"@context":"https:\/\/schema.org","@graph":[{"@type":"WebPage","@id":"https:\/\/rxcompetition.com\/product\/eco-z-curl-barbell\/","url":"https:\/\/rxcompetition.com\/product\/eco-z-curl-barbell\/","name":"ECO Z CURL BARBELL - RX Competition","isPartOf":{"@id":"https:\/\/rxcompetition.com\/#website"},"primaryImageOfPage":{"@id":"https:\/\/rxcompetition.com\/product\/eco-z-curl-barbell\/#primaryimage"},"image":{"@id":"https:\/\/rxcompetition.com\/product\/eco-z-curl-barbell\/#primaryimage"},"thumbnailUrl":"https:\/\/rxcompetition.com\/wp-content\/uploads\/2024\/03\/POI_103-scaled.jpg","datePublished":"2024-03-28T15:55:42+00:00","dateModified":"2024-04-28T14:08:14+00:00","breadcrumb":{"@id":"https:\/\/rxcompetition.com\/product\/eco-z-curl-barbell\/#breadcrumb"},"inLanguage":"en-US","potentialAction":[{"@type":"ReadAction","target":["https:\/\/rxcompetition.com\/product\/eco-z-curl-barbell\/"]}]},{"@type":"ImageObject","inLanguage":"en-US","@id":"https:\/\/rxcompetition.com\/product\/eco-z-curl-barbell\/#primaryimage","url":"https:\/\/rxcompetition.com\/wp-content\/uploads\/2024\/03\/POI_103-scaled.jpg","contentUrl":"https:\/\/rxcompetition.com\/wp-content\/uploads\/2024\/03\/POI_103-scaled.jpg","width":2560,"height":1707},{"@type":"BreadcrumbList","@id":"https:\/\/rxcompetition.com\/product\/eco-z-curl-barbell\/#breadcrumb","itemListElement":[{"@type":"ListItem","position":1,"name":"Inicio","item":"https:\/\/rxcompetition.com\/"},{"@type":"ListItem","position":2,"name":"Tienda","item":"https:\/\/rxcompetition.com\/tienda\/"},{"@type":"ListItem","position":3,"name":"ECO Z CURL BARBELL"}]},{"@type":"WebSite","@id":"https:\/\/rxcompetition.com\/#website","url":"https:\/\/rxcompetition.com\/","name":"RX Competition","description":"","publisher":{"@id":"https:\/\/rxcompetition.com\/#organization"},"potentialAction":[{"@type":"SearchAction","target":{"@type":"EntryPoint","urlTemplate":"https:\/\/rxcompetition.com\/?s={search_term_string}"},"query-input":"required name=search_term_string"}],"inLanguage":"en-US"},{"@type":"Organization","@id":"https:\/\/rxcompetition.com\/#organization","name":"RX Competition","url":"https:\/\/rxcompetition.com\/","logo":{"@type":"ImageObject","inLanguage":"en-US","@id":"https:\/\/rxcompetition.com\/#\/schema\/logo\/image\/","url":"https:\/\/rxcompetition.com\/wp-content\/uploads\/2023\/04\/LOGO-RX-PROGRAMA.png","contentUrl":"https:\/\/rxcompetition.com\/wp-content\/uploads\/2023\/04\/LOGO-RX-PROGRAMA.png","width":1416,"height":672,"caption":"RX Competition"},"image":{"@id":"https:\/\/rxcompetition.com\/#\/schema\/logo\/image\/"}}]}},"jetpack_sharing_enabled":true,"_links":{"self":[{"href":"https:\/\/rxcompetition.com\/en\/wp-json\/wp\/v2\/product\/37647","targetHints":{"allow":["GET"]}}],"collection":[{"href":"https:\/\/rxcompetition.com\/en\/wp-json\/wp\/v2\/product"}],"about":[{"href":"https:\/\/rxcompetition.com\/en\/wp-json\/wp\/v2\/types\/product"}],"replies":[{"embeddable":true,"href":"https:\/\/rxcompetition.com\/en\/wp-json\/wp\/v2\/comments?post=37647"}],"wp:featuredmedia":[{"embeddable":true,"href":"https:\/\/rxcompetition.com\/en\/wp-json\/wp\/v2\/media\/37650"}],"wp:attachment":[{"href":"https:\/\/rxcompetition.com\/en\/wp-json\/wp\/v2\/media?parent=37647"}],"wp:term":[{"taxonomy":"product_cat","embeddable":true,"href":"https:\/\/rxcompetition.com\/en\/wp-json\/wp\/v2\/product_cat?post=37647"},{"taxonomy":"product_tag","embeddable":true,"href":"https:\/\/rxcompetition.com\/en\/wp-json\/wp\/v2\/product_tag?post=37647"}],"curies":[{"name":"wp","href":"https:\/\/api.w.org\/{rel}","templated":true}]}}