{"id":37570,"date":"2024-02-24T17:03:50","date_gmt":"2024-02-24T17:03:50","guid":{"rendered":"https:\/\/rxcompetition.com\/?post_type=product&#038;p=37570"},"modified":"2024-04-27T14:44:48","modified_gmt":"2024-04-27T14:44:48","slug":"elite-power-rack-235-rear-attachment","status":"publish","type":"product","link":"https:\/\/rxcompetition.com\/en\/product\/elite-power-rack-235-rear-attachment\/","title":{"rendered":"ELITE POWER RACK 235 REAR ATTACHMENT"},"content":{"rendered":"<p style=\"margin: 0cm;\"><span style=\"font-size: 15.0pt; font-family: 'DM Sans'; color: #868686;\">This Plate Storage Channel is only suitable with our Regular 75 x 75 x 3 mm structures.\u00a0<em style=\"box-sizing: border-box;\"><span style=\"font-family: 'DM Sans';\">Elite Power Rack 235 Rear Attachment <\/span><\/em>is the additional rear structure to extend the functionality of our\u00a0<em style=\"box-sizing: border-box;\"><span style=\"font-family: 'DM Sans';\">Elite Power Rack 235. <\/span><\/em><\/span><\/p>\n<p>&nbsp;<\/p>\n<p style=\"margin: 0cm;\"><span style=\"font-size: 15.0pt; font-family: 'DM Sans'; color: #868686;\">With this additional structure we will convert our\u00a0<em style=\"box-sizing: border-box;\"><span style=\"font-family: 'DM Sans';\">Elite Power Rack 235 <\/span><\/em>en el EVO pas\u00e1ndolo de 4 a 6 pilares <em style=\"box-sizing: border-box;\"><span style=\"font-family: 'DM Sans';\">Upright\u00a0<\/span><\/em>floor support allowing to expand, through the latter two, the functionality of the\u00a0<em style=\"box-sizing: border-box;\"><span style=\"font-family: 'DM Sans';\">Rack<\/span><\/em>\u00a0with the possibility of adding accessories such as the base\u00a0<em style=\"box-sizing: border-box;\"><span style=\"font-family: 'DM Sans';\">Elite\u00a0Dumbbell Storage\u00a0<\/span><\/em>for the storage of our dumbbells or the base\u00a0<em style=\"box-sizing: border-box;\"><span style=\"font-family: 'DM Sans';\">Elite\u00a0Kettlebell Storage\u00a0<\/span><\/em>for the storage of our\u00a0<em style=\"box-sizing: border-box;\"><span style=\"font-family: 'DM Sans';\">Kettlebells\u00a0<\/span><\/em>adding weight and solidity to the whole structure.<\/span><\/p>\n<p>&nbsp;<\/p>\n<p style=\"margin: 0cm; box-sizing: border-box; font-variant-ligatures: normal; font-variant-caps: normal; orphans: 2; widows: 2; -webkit-text-stroke-width: 0px; text-decoration-thickness: initial; text-decoration-style: initial; text-decoration-color: initial; word-spacing: 0px;\" class=\" translation-block\">This kit Includes 2 Elite 80 x 80 x 4 mm Stand  Upright 227 columns, 2 Elite 400 Square Bars for assembling on the main frame, 2 Power Rack 235 EVO 1.874mm long subframe and one . All required screws are included Elite 1100 Square Bar.<\/p>\n<p>&nbsp;<\/p>\n<p style=\"margin: 0cm; box-sizing: border-box; font-variant-ligatures: normal; font-variant-caps: normal; orphans: 2; widows: 2; -webkit-text-stroke-width: 0px; text-decoration-thickness: initial; text-decoration-style: initial; text-decoration-color: initial; word-spacing: 0px;\"><strong style=\"box-sizing: border-box;\"><span style=\"font-size: 15.0pt; font-family: 'DM Sans'; color: #868686;\">THE PRICE IS FOR THE WHOLE KIT<\/span><\/strong><\/p>","protected":false},"excerpt":{"rendered":"<p><strong>SPECIFICATIONS<\/strong><\/p>\n<p>&nbsp;<\/p>\n<p class=\" translation-block\">Brand: RX Competition<\/p>\n<p class=\" translation-block\">Usage: Weightlifting, Powerlifting, Cross training, etc.<\/p>\n<p>Material: Powder coated S235 carbon steel<\/p>\n<p>Tube dimensions: 80 x 80 mm<\/p>\n<p>Tube thickness: 4 mm<\/p>\n<p>Loading holes diameter: 25 mm<\/p>\n<p>Distance between holes: 50 mm<\/p>\n<p>Numbering in the holes: Current in distribution in all the holes, in ascending order.<\/p>\n<p>Holes and numbers: Laser-cut<\/p>\n<p>Total height: 2.350 mm<\/p>\n<p>Total width: 1.260 mm<\/p>\n<p>Total depth: 1.874 mm<\/p>\n<p>Crossmembers: Upper and lower with holes included<\/p>\n<p>Whole kit weight: 100,6 kg<\/p>\n<p>Assembling bolts: AISI-304 stainless steel DIN-931 M-20<\/p>\n<p>Locking nuts: AISI-304 stainless steel DIN-985 nylon lock M-20<\/p>\n<p>Structure warranty: Lifetime<\/p>\n<p>Coating warranty: 2 years<\/p>\n<p>&nbsp;<\/p>\n<p><strong>*REAL PICTURES<\/strong><\/p>","protected":false},"featured_media":37776,"comment_status":"open","ping_status":"closed","template":"","meta":{"inline_featured_image":false},"product_cat":[146,158,153,291],"product_tag":[],"class_list":{"0":"post-37570","1":"product","2":"type-product","3":"status-publish","4":"has-post-thumbnail","6":"product_cat-rigs-racks","7":"product_cat-rigs-racks-elite","8":"product_cat-elite-power-racks","9":"product_cat-estructuras-power-racks","12":"first","13":"instock","14":"taxable","15":"shipping-taxable","16":"purchasable","17":"product-type-simple"},"yoast_head":"<!-- This site is optimized with the Yoast SEO plugin v23.2 - https:\/\/yoast.com\/wordpress\/plugins\/seo\/ -->\n<title>ELITE POWER RACK 235 REAR ATTACHMENT - RX Competition<\/title>\n<meta name=\"robots\" content=\"index, follow, max-snippet:-1, max-image-preview:large, max-video-preview:-1\" \/>\n<link rel=\"canonical\" href=\"https:\/\/rxcompetition.com\/en\/product\/elite-power-rack-235-rear-attachment\/\" \/>\n<meta property=\"og:locale\" content=\"en_US\" \/>\n<meta property=\"og:type\" content=\"article\" \/>\n<meta property=\"og:title\" content=\"ELITE POWER RACK 235 REAR ATTACHMENT - RX Competition\" \/>\n<meta property=\"og:description\" content=\"ESPECIFICACIONES  &nbsp;  Marca:\u00a0RX Competition  Uso:\u00a0Weightlifting, Powerlifting, Cross Training,\u2026  Material: Acero S235 recubierto de pintura en polvo color negro  Dimensiones del tubo: 80 x 80 mm  Espesor del tubo: 4 mm  Di\u00e1metro de los orificios de carga: 25 mm  Distancia entre orificios: 50 mm  Numeraci\u00f3n en los orificios: Vigente en distribuci\u00f3n en todos los orificios, de manera ascendente.  Orificios y n\u00fameros: Cortados a l\u00e1ser  Altura total: 2.350 mm  Anchura total: 1.260 mm  Profundidad total: 1.874 mm  Travesa\u00f1os: Superior e inferior con orificios incluidos  Peso del conjunto: 100,6 kg  Tornillos de ensamblaje: DIN-931 M-20 de acero inoxidable AISI-304  Tuercas de apriete: DIN-985 autoblocantes M-20 de acero inoxidable AISI-304  Garant\u00eda sobre la estructura: De por vida  Garant\u00eda sobre el recubrimiento: 2 a\u00f1os  &nbsp;  *IMAGENES REALES\" \/>\n<meta property=\"og:url\" content=\"https:\/\/rxcompetition.com\/en\/product\/elite-power-rack-235-rear-attachment\/\" \/>\n<meta property=\"og:site_name\" content=\"RX Competition\" \/>\n<meta property=\"article:modified_time\" content=\"2024-04-27T14:44:48+00:00\" \/>\n<meta property=\"og:image\" content=\"https:\/\/rxcompetition.com\/wp-content\/uploads\/2024\/02\/2-LOGO-scaled.jpg\" \/>\n\t<meta property=\"og:image:width\" content=\"2560\" \/>\n\t<meta property=\"og:image:height\" content=\"1707\" \/>\n\t<meta property=\"og:image:type\" content=\"image\/jpeg\" \/>\n<meta name=\"twitter:card\" content=\"summary_large_image\" \/>\n<meta name=\"twitter:label1\" content=\"Est. reading time\" \/>\n\t<meta name=\"twitter:data1\" content=\"1 minute\" \/>\n<script type=\"application\/ld+json\" class=\"yoast-schema-graph\">{\"@context\":\"https:\/\/schema.org\",\"@graph\":[{\"@type\":\"WebPage\",\"@id\":\"https:\/\/rxcompetition.com\/product\/elite-power-rack-235-rear-attachment\/\",\"url\":\"https:\/\/rxcompetition.com\/product\/elite-power-rack-235-rear-attachment\/\",\"name\":\"ELITE POWER RACK 235 REAR ATTACHMENT - RX Competition\",\"isPartOf\":{\"@id\":\"https:\/\/rxcompetition.com\/#website\"},\"primaryImageOfPage\":{\"@id\":\"https:\/\/rxcompetition.com\/product\/elite-power-rack-235-rear-attachment\/#primaryimage\"},\"image\":{\"@id\":\"https:\/\/rxcompetition.com\/product\/elite-power-rack-235-rear-attachment\/#primaryimage\"},\"thumbnailUrl\":\"https:\/\/rxcompetition.com\/wp-content\/uploads\/2024\/02\/2-LOGO-scaled.jpg\",\"datePublished\":\"2024-02-24T17:03:50+00:00\",\"dateModified\":\"2024-04-27T14:44:48+00:00\",\"breadcrumb\":{\"@id\":\"https:\/\/rxcompetition.com\/product\/elite-power-rack-235-rear-attachment\/#breadcrumb\"},\"inLanguage\":\"en-US\",\"potentialAction\":[{\"@type\":\"ReadAction\",\"target\":[\"https:\/\/rxcompetition.com\/product\/elite-power-rack-235-rear-attachment\/\"]}]},{\"@type\":\"ImageObject\",\"inLanguage\":\"en-US\",\"@id\":\"https:\/\/rxcompetition.com\/product\/elite-power-rack-235-rear-attachment\/#primaryimage\",\"url\":\"https:\/\/rxcompetition.com\/wp-content\/uploads\/2024\/02\/2-LOGO-scaled.jpg\",\"contentUrl\":\"https:\/\/rxcompetition.com\/wp-content\/uploads\/2024\/02\/2-LOGO-scaled.jpg\",\"width\":2560,\"height\":1707},{\"@type\":\"BreadcrumbList\",\"@id\":\"https:\/\/rxcompetition.com\/product\/elite-power-rack-235-rear-attachment\/#breadcrumb\",\"itemListElement\":[{\"@type\":\"ListItem\",\"position\":1,\"name\":\"Inicio\",\"item\":\"https:\/\/rxcompetition.com\/\"},{\"@type\":\"ListItem\",\"position\":2,\"name\":\"Tienda\",\"item\":\"https:\/\/rxcompetition.com\/tienda\/\"},{\"@type\":\"ListItem\",\"position\":3,\"name\":\"ELITE POWER RACK 235 REAR ATTACHMENT\"}]},{\"@type\":\"WebSite\",\"@id\":\"https:\/\/rxcompetition.com\/#website\",\"url\":\"https:\/\/rxcompetition.com\/\",\"name\":\"RX Competition\",\"description\":\"\",\"publisher\":{\"@id\":\"https:\/\/rxcompetition.com\/#organization\"},\"potentialAction\":[{\"@type\":\"SearchAction\",\"target\":{\"@type\":\"EntryPoint\",\"urlTemplate\":\"https:\/\/rxcompetition.com\/?s={search_term_string}\"},\"query-input\":\"required name=search_term_string\"}],\"inLanguage\":\"en-US\"},{\"@type\":\"Organization\",\"@id\":\"https:\/\/rxcompetition.com\/#organization\",\"name\":\"RX Competition\",\"url\":\"https:\/\/rxcompetition.com\/\",\"logo\":{\"@type\":\"ImageObject\",\"inLanguage\":\"en-US\",\"@id\":\"https:\/\/rxcompetition.com\/#\/schema\/logo\/image\/\",\"url\":\"https:\/\/rxcompetition.com\/wp-content\/uploads\/2023\/04\/LOGO-RX-PROGRAMA.png\",\"contentUrl\":\"https:\/\/rxcompetition.com\/wp-content\/uploads\/2023\/04\/LOGO-RX-PROGRAMA.png\",\"width\":1416,\"height\":672,\"caption\":\"RX Competition\"},\"image\":{\"@id\":\"https:\/\/rxcompetition.com\/#\/schema\/logo\/image\/\"}}]}<\/script>\n<!-- \/ Yoast SEO plugin. -->","yoast_head_json":{"title":"ELITE POWER RACK 235 REAR ATTACHMENT - RX Competition","robots":{"index":"index","follow":"follow","max-snippet":"max-snippet:-1","max-image-preview":"max-image-preview:large","max-video-preview":"max-video-preview:-1"},"canonical":"https:\/\/rxcompetition.com\/en\/product\/elite-power-rack-235-rear-attachment\/","og_locale":"en_US","og_type":"article","og_title":"ELITE POWER RACK 235 REAR ATTACHMENT - RX Competition","og_description":"ESPECIFICACIONES  &nbsp;  Marca:\u00a0RX Competition  Uso:\u00a0Weightlifting, Powerlifting, Cross Training,\u2026  Material: Acero S235 recubierto de pintura en polvo color negro  Dimensiones del tubo: 80 x 80 mm  Espesor del tubo: 4 mm  Di\u00e1metro de los orificios de carga: 25 mm  Distancia entre orificios: 50 mm  Numeraci\u00f3n en los orificios: Vigente en distribuci\u00f3n en todos los orificios, de manera ascendente.  Orificios y n\u00fameros: Cortados a l\u00e1ser  Altura total: 2.350 mm  Anchura total: 1.260 mm  Profundidad total: 1.874 mm  Travesa\u00f1os: Superior e inferior con orificios incluidos  Peso del conjunto: 100,6 kg  Tornillos de ensamblaje: DIN-931 M-20 de acero inoxidable AISI-304  Tuercas de apriete: DIN-985 autoblocantes M-20 de acero inoxidable AISI-304  Garant\u00eda sobre la estructura: De por vida  Garant\u00eda sobre el recubrimiento: 2 a\u00f1os  &nbsp;  *IMAGENES REALES","og_url":"https:\/\/rxcompetition.com\/en\/product\/elite-power-rack-235-rear-attachment\/","og_site_name":"RX Competition","article_modified_time":"2024-04-27T14:44:48+00:00","og_image":[{"width":2560,"height":1707,"url":"https:\/\/rxcompetition.com\/wp-content\/uploads\/2024\/02\/2-LOGO-scaled.jpg","type":"image\/jpeg"}],"twitter_card":"summary_large_image","twitter_misc":{"Est. reading time":"1 minute"},"schema":{"@context":"https:\/\/schema.org","@graph":[{"@type":"WebPage","@id":"https:\/\/rxcompetition.com\/product\/elite-power-rack-235-rear-attachment\/","url":"https:\/\/rxcompetition.com\/product\/elite-power-rack-235-rear-attachment\/","name":"ELITE POWER RACK 235 REAR ATTACHMENT - RX Competition","isPartOf":{"@id":"https:\/\/rxcompetition.com\/#website"},"primaryImageOfPage":{"@id":"https:\/\/rxcompetition.com\/product\/elite-power-rack-235-rear-attachment\/#primaryimage"},"image":{"@id":"https:\/\/rxcompetition.com\/product\/elite-power-rack-235-rear-attachment\/#primaryimage"},"thumbnailUrl":"https:\/\/rxcompetition.com\/wp-content\/uploads\/2024\/02\/2-LOGO-scaled.jpg","datePublished":"2024-02-24T17:03:50+00:00","dateModified":"2024-04-27T14:44:48+00:00","breadcrumb":{"@id":"https:\/\/rxcompetition.com\/product\/elite-power-rack-235-rear-attachment\/#breadcrumb"},"inLanguage":"en-US","potentialAction":[{"@type":"ReadAction","target":["https:\/\/rxcompetition.com\/product\/elite-power-rack-235-rear-attachment\/"]}]},{"@type":"ImageObject","inLanguage":"en-US","@id":"https:\/\/rxcompetition.com\/product\/elite-power-rack-235-rear-attachment\/#primaryimage","url":"https:\/\/rxcompetition.com\/wp-content\/uploads\/2024\/02\/2-LOGO-scaled.jpg","contentUrl":"https:\/\/rxcompetition.com\/wp-content\/uploads\/2024\/02\/2-LOGO-scaled.jpg","width":2560,"height":1707},{"@type":"BreadcrumbList","@id":"https:\/\/rxcompetition.com\/product\/elite-power-rack-235-rear-attachment\/#breadcrumb","itemListElement":[{"@type":"ListItem","position":1,"name":"Inicio","item":"https:\/\/rxcompetition.com\/"},{"@type":"ListItem","position":2,"name":"Tienda","item":"https:\/\/rxcompetition.com\/tienda\/"},{"@type":"ListItem","position":3,"name":"ELITE POWER RACK 235 REAR ATTACHMENT"}]},{"@type":"WebSite","@id":"https:\/\/rxcompetition.com\/#website","url":"https:\/\/rxcompetition.com\/","name":"RX Competition","description":"","publisher":{"@id":"https:\/\/rxcompetition.com\/#organization"},"potentialAction":[{"@type":"SearchAction","target":{"@type":"EntryPoint","urlTemplate":"https:\/\/rxcompetition.com\/?s={search_term_string}"},"query-input":"required name=search_term_string"}],"inLanguage":"en-US"},{"@type":"Organization","@id":"https:\/\/rxcompetition.com\/#organization","name":"RX Competition","url":"https:\/\/rxcompetition.com\/","logo":{"@type":"ImageObject","inLanguage":"en-US","@id":"https:\/\/rxcompetition.com\/#\/schema\/logo\/image\/","url":"https:\/\/rxcompetition.com\/wp-content\/uploads\/2023\/04\/LOGO-RX-PROGRAMA.png","contentUrl":"https:\/\/rxcompetition.com\/wp-content\/uploads\/2023\/04\/LOGO-RX-PROGRAMA.png","width":1416,"height":672,"caption":"RX Competition"},"image":{"@id":"https:\/\/rxcompetition.com\/#\/schema\/logo\/image\/"}}]}},"jetpack_sharing_enabled":true,"_links":{"self":[{"href":"https:\/\/rxcompetition.com\/en\/wp-json\/wp\/v2\/product\/37570","targetHints":{"allow":["GET"]}}],"collection":[{"href":"https:\/\/rxcompetition.com\/en\/wp-json\/wp\/v2\/product"}],"about":[{"href":"https:\/\/rxcompetition.com\/en\/wp-json\/wp\/v2\/types\/product"}],"replies":[{"embeddable":true,"href":"https:\/\/rxcompetition.com\/en\/wp-json\/wp\/v2\/comments?post=37570"}],"wp:featuredmedia":[{"embeddable":true,"href":"https:\/\/rxcompetition.com\/en\/wp-json\/wp\/v2\/media\/37776"}],"wp:attachment":[{"href":"https:\/\/rxcompetition.com\/en\/wp-json\/wp\/v2\/media?parent=37570"}],"wp:term":[{"taxonomy":"product_cat","embeddable":true,"href":"https:\/\/rxcompetition.com\/en\/wp-json\/wp\/v2\/product_cat?post=37570"},{"taxonomy":"product_tag","embeddable":true,"href":"https:\/\/rxcompetition.com\/en\/wp-json\/wp\/v2\/product_tag?post=37570"}],"curies":[{"name":"wp","href":"https:\/\/api.w.org\/{rel}","templated":true}]}}