{"id":37566,"date":"2024-02-24T15:29:20","date_gmt":"2024-02-24T15:29:20","guid":{"rendered":"https:\/\/rxcompetition.com\/?post_type=product&#038;p=37566"},"modified":"2024-04-27T14:45:18","modified_gmt":"2024-04-27T14:45:18","slug":"elite-power-rack-4-0","status":"publish","type":"product","link":"https:\/\/rxcompetition.com\/en\/product\/elite-power-rack-4-0\/","title":{"rendered":"ELITE POWER RACK 4.0"},"content":{"rendered":"<p class=\" translation-block\">The RX Elite Power Rack 4.0 is the last Elite Power Rack evolution inside our Elite Competition category Power Racks. It is the most complete design Power Rack because it offers the wider versatility and higher rigidity levels inside our Power Racks catalog.<\/p>\n<p>&nbsp;<\/p>\n<p class=\" translation-block\">This 4.0 spec, versus 3.0 one, adds an additional storage section offering a Power Rack station supported by a total of seven column uprights. In this additional storage section we add 3 storage plates for dumbbells and kettlebells.<\/p>\n<p>&nbsp;<\/p>\n<p class=\" translation-block\">It is supported by seven 80 x 80 x 4 mm steel Upright columns, standing at a height of 2.500 mm, allowing for unrestricted performance of all types of exercises without any hindrance. The columns feature 26 mm diameter holes spaced at 50 mm intervals. Each hole is numbered individually to enable quick adjustment of the bar supports height when changing exercises. Both the holes and numbers are laser-cut.<\/p>\n<p>&nbsp;<\/p>\n<p>This frame is manufactured and machined in Spain under the strictest quality controls, ensuring high-quality finishes in terms of laser-cut precision and, above all, the quality of the welds. The lifetime warranty we offer on the material of this structure demonstrates that we don't cut corners.<\/p>\n<p>&nbsp;<\/p>\n<p class=\" translation-block\">The RX Elite Power Rack 4.0 is our ultimate and most performance configuration inside our Power Racks catalog, just a sample of one of many designs that you can assemble with our Elite Rigs &amp; Racks products.<\/p>\n<p>&nbsp;<\/p>\n<p class=\" translation-block\">For any other customized design, you can do it through our Elite Crossmembers and accessories section or, If you prefer, you can contact us and we will send you a customized offer under your requirements.<\/p>\n<p>&nbsp;<\/p>\n<p><strong>THE PRICE IS PER UNIT<\/strong><\/p>\n<p>&nbsp;<\/p>","protected":false},"excerpt":{"rendered":"<p><strong>SPECIFICATIONS<\/strong><\/p>\n<p>&nbsp;<\/p>\n<p class=\" translation-block\">Brand: RX Competition<\/p>\n<p>Manufactured in Spain<\/p>\n<p class=\" translation-block\">Usage: Weightlifting, Powerlifting, Cross training, etc.<\/p>\n<p>Weight: 393,2 kg<\/p>\n<p>Maximum load capacity: 1.500 kg<\/p>\n<p>Upright material: Powder coated steel<\/p>\n<p>Tube dimensions: 80 x 80 mm<\/p>\n<p>Tube thickness: 4 mm<\/p>\n<p>Loading holes diameter: 26 mm<\/p>\n<p>Side loading holes diameter: 20 mm<\/p>\n<p>Distance between front holes: 50 mm<\/p>\n<p>Numbering in all holes: Yes, in ascending order.<\/p>\n<p>Holes and numbers: Laser-cut<\/p>\n<p>Total height: 2.500 mm<\/p>\n<p>Total width: 2.440 mm<\/p>\n<p>Total depth: 1.555 mm<\/p>\n<p class=\" translation-block\">Front Top Bar: Pull-up type included<\/p>\n<p>Assembling bolts: AISI-304 stainless steel DIN-931 M-20<\/p>\n<p>Locking nuts: AISI-304 stainless steel DIN-985 nylon lock M-20<\/p>\n<p>Structure warranty: Lifetime<\/p>\n<p>Coating warranty: 2 years<\/p>\n<p><strong>\u00a0<\/strong><\/p>\n<p><strong>*REAL PICTURES<\/strong><\/p>","protected":false},"featured_media":37807,"comment_status":"open","ping_status":"closed","template":"","meta":{"inline_featured_image":false},"product_cat":[146,158,153,291],"product_tag":[],"class_list":{"0":"post-37566","1":"product","2":"type-product","3":"status-publish","4":"has-post-thumbnail","6":"product_cat-rigs-racks","7":"product_cat-rigs-racks-elite","8":"product_cat-elite-power-racks","9":"product_cat-estructuras-power-racks","12":"first","13":"instock","14":"taxable","15":"shipping-taxable","16":"purchasable","17":"product-type-simple"},"yoast_head":"<!-- This site is optimized with the Yoast SEO plugin v23.2 - https:\/\/yoast.com\/wordpress\/plugins\/seo\/ -->\n<title>ELITE POWER RACK 4.0 - RX Competition<\/title>\n<meta name=\"robots\" content=\"index, follow, max-snippet:-1, max-image-preview:large, max-video-preview:-1\" \/>\n<link rel=\"canonical\" href=\"https:\/\/rxcompetition.com\/en\/product\/elite-power-rack-4-0\/\" \/>\n<meta property=\"og:locale\" content=\"en_US\" \/>\n<meta property=\"og:type\" content=\"article\" \/>\n<meta property=\"og:title\" content=\"ELITE POWER RACK 4.0 - RX Competition\" \/>\n<meta property=\"og:description\" content=\"ESPECIFICACIONES  &nbsp;  Marca:\u00a0RX Competition  Fabricado en Espa\u00f1a  Uso:\u00a0Weightlifting, Powerlifting, Cross Training,\u2026  Peso: 393,2 kg  Capacidad m\u00e1xima de carga: 1.500 kg  Material de la barra: Acero con pintura en polvo  Dimensiones del tubo: 80 x 80 mm  Espesor del tubo: 4 mm  Di\u00e1metro de los orificios de carga: 26 mm  Di\u00e1metro de los orificios de carga laterales: 20 mm  Distancia entre orificios frontales: 50 mm  Numeraci\u00f3n en todos los orificios: S\u00ed, de manera ascendente.  Orificios y n\u00fameros: Cortados a l\u00e1ser  Altura total: 2.500 mm  Anchura total: 2.440 mm  Profundidad total: 1.555 mm  Barra frontal superior: Tipo\u00a0Pull up\u00a0incluida  Tornillos de ensamblaje: DIN-931 M-20 de acero inoxidable AISI-304  Tuercas de apriete: DIN-985 autoblocantes M-20 de acero inoxidable AISI-304  Garant\u00eda sobre la estructura: De por vida  Garant\u00eda sobre el recubrimiento: 2 a\u00f1os  \u00a0  *IMAGENES REALES\" \/>\n<meta property=\"og:url\" content=\"https:\/\/rxcompetition.com\/en\/product\/elite-power-rack-4-0\/\" \/>\n<meta property=\"og:site_name\" content=\"RX Competition\" \/>\n<meta property=\"article:modified_time\" content=\"2024-04-27T14:45:18+00:00\" \/>\n<meta property=\"og:image\" content=\"https:\/\/rxcompetition.com\/wp-content\/uploads\/2024\/02\/POWERRACK4.0_4-scaled.jpg\" \/>\n\t<meta property=\"og:image:width\" content=\"2560\" \/>\n\t<meta property=\"og:image:height\" content=\"1707\" \/>\n\t<meta property=\"og:image:type\" content=\"image\/jpeg\" \/>\n<meta name=\"twitter:card\" content=\"summary_large_image\" \/>\n<meta name=\"twitter:label1\" content=\"Est. reading time\" \/>\n\t<meta name=\"twitter:data1\" content=\"2 minutes\" \/>\n<script type=\"application\/ld+json\" class=\"yoast-schema-graph\">{\"@context\":\"https:\/\/schema.org\",\"@graph\":[{\"@type\":\"WebPage\",\"@id\":\"https:\/\/rxcompetition.com\/product\/elite-power-rack-4-0\/\",\"url\":\"https:\/\/rxcompetition.com\/product\/elite-power-rack-4-0\/\",\"name\":\"ELITE POWER RACK 4.0 - RX Competition\",\"isPartOf\":{\"@id\":\"https:\/\/rxcompetition.com\/#website\"},\"primaryImageOfPage\":{\"@id\":\"https:\/\/rxcompetition.com\/product\/elite-power-rack-4-0\/#primaryimage\"},\"image\":{\"@id\":\"https:\/\/rxcompetition.com\/product\/elite-power-rack-4-0\/#primaryimage\"},\"thumbnailUrl\":\"https:\/\/rxcompetition.com\/wp-content\/uploads\/2024\/02\/POWERRACK4.0_4-scaled.jpg\",\"datePublished\":\"2024-02-24T15:29:20+00:00\",\"dateModified\":\"2024-04-27T14:45:18+00:00\",\"breadcrumb\":{\"@id\":\"https:\/\/rxcompetition.com\/product\/elite-power-rack-4-0\/#breadcrumb\"},\"inLanguage\":\"en-US\",\"potentialAction\":[{\"@type\":\"ReadAction\",\"target\":[\"https:\/\/rxcompetition.com\/product\/elite-power-rack-4-0\/\"]}]},{\"@type\":\"ImageObject\",\"inLanguage\":\"en-US\",\"@id\":\"https:\/\/rxcompetition.com\/product\/elite-power-rack-4-0\/#primaryimage\",\"url\":\"https:\/\/rxcompetition.com\/wp-content\/uploads\/2024\/02\/POWERRACK4.0_4-scaled.jpg\",\"contentUrl\":\"https:\/\/rxcompetition.com\/wp-content\/uploads\/2024\/02\/POWERRACK4.0_4-scaled.jpg\",\"width\":2560,\"height\":1707},{\"@type\":\"BreadcrumbList\",\"@id\":\"https:\/\/rxcompetition.com\/product\/elite-power-rack-4-0\/#breadcrumb\",\"itemListElement\":[{\"@type\":\"ListItem\",\"position\":1,\"name\":\"Inicio\",\"item\":\"https:\/\/rxcompetition.com\/\"},{\"@type\":\"ListItem\",\"position\":2,\"name\":\"Tienda\",\"item\":\"https:\/\/rxcompetition.com\/tienda\/\"},{\"@type\":\"ListItem\",\"position\":3,\"name\":\"ELITE POWER RACK 4.0\"}]},{\"@type\":\"WebSite\",\"@id\":\"https:\/\/rxcompetition.com\/#website\",\"url\":\"https:\/\/rxcompetition.com\/\",\"name\":\"RX Competition\",\"description\":\"\",\"publisher\":{\"@id\":\"https:\/\/rxcompetition.com\/#organization\"},\"potentialAction\":[{\"@type\":\"SearchAction\",\"target\":{\"@type\":\"EntryPoint\",\"urlTemplate\":\"https:\/\/rxcompetition.com\/?s={search_term_string}\"},\"query-input\":\"required name=search_term_string\"}],\"inLanguage\":\"en-US\"},{\"@type\":\"Organization\",\"@id\":\"https:\/\/rxcompetition.com\/#organization\",\"name\":\"RX Competition\",\"url\":\"https:\/\/rxcompetition.com\/\",\"logo\":{\"@type\":\"ImageObject\",\"inLanguage\":\"en-US\",\"@id\":\"https:\/\/rxcompetition.com\/#\/schema\/logo\/image\/\",\"url\":\"https:\/\/rxcompetition.com\/wp-content\/uploads\/2023\/04\/LOGO-RX-PROGRAMA.png\",\"contentUrl\":\"https:\/\/rxcompetition.com\/wp-content\/uploads\/2023\/04\/LOGO-RX-PROGRAMA.png\",\"width\":1416,\"height\":672,\"caption\":\"RX Competition\"},\"image\":{\"@id\":\"https:\/\/rxcompetition.com\/#\/schema\/logo\/image\/\"}}]}<\/script>\n<!-- \/ Yoast SEO plugin. -->","yoast_head_json":{"title":"ELITE POWER RACK 4.0 - RX Competition","robots":{"index":"index","follow":"follow","max-snippet":"max-snippet:-1","max-image-preview":"max-image-preview:large","max-video-preview":"max-video-preview:-1"},"canonical":"https:\/\/rxcompetition.com\/en\/product\/elite-power-rack-4-0\/","og_locale":"en_US","og_type":"article","og_title":"ELITE POWER RACK 4.0 - RX Competition","og_description":"ESPECIFICACIONES  &nbsp;  Marca:\u00a0RX Competition  Fabricado en Espa\u00f1a  Uso:\u00a0Weightlifting, Powerlifting, Cross Training,\u2026  Peso: 393,2 kg  Capacidad m\u00e1xima de carga: 1.500 kg  Material de la barra: Acero con pintura en polvo  Dimensiones del tubo: 80 x 80 mm  Espesor del tubo: 4 mm  Di\u00e1metro de los orificios de carga: 26 mm  Di\u00e1metro de los orificios de carga laterales: 20 mm  Distancia entre orificios frontales: 50 mm  Numeraci\u00f3n en todos los orificios: S\u00ed, de manera ascendente.  Orificios y n\u00fameros: Cortados a l\u00e1ser  Altura total: 2.500 mm  Anchura total: 2.440 mm  Profundidad total: 1.555 mm  Barra frontal superior: Tipo\u00a0Pull up\u00a0incluida  Tornillos de ensamblaje: DIN-931 M-20 de acero inoxidable AISI-304  Tuercas de apriete: DIN-985 autoblocantes M-20 de acero inoxidable AISI-304  Garant\u00eda sobre la estructura: De por vida  Garant\u00eda sobre el recubrimiento: 2 a\u00f1os  \u00a0  *IMAGENES REALES","og_url":"https:\/\/rxcompetition.com\/en\/product\/elite-power-rack-4-0\/","og_site_name":"RX Competition","article_modified_time":"2024-04-27T14:45:18+00:00","og_image":[{"width":2560,"height":1707,"url":"https:\/\/rxcompetition.com\/wp-content\/uploads\/2024\/02\/POWERRACK4.0_4-scaled.jpg","type":"image\/jpeg"}],"twitter_card":"summary_large_image","twitter_misc":{"Est. reading time":"2 minutes"},"schema":{"@context":"https:\/\/schema.org","@graph":[{"@type":"WebPage","@id":"https:\/\/rxcompetition.com\/product\/elite-power-rack-4-0\/","url":"https:\/\/rxcompetition.com\/product\/elite-power-rack-4-0\/","name":"ELITE POWER RACK 4.0 - RX Competition","isPartOf":{"@id":"https:\/\/rxcompetition.com\/#website"},"primaryImageOfPage":{"@id":"https:\/\/rxcompetition.com\/product\/elite-power-rack-4-0\/#primaryimage"},"image":{"@id":"https:\/\/rxcompetition.com\/product\/elite-power-rack-4-0\/#primaryimage"},"thumbnailUrl":"https:\/\/rxcompetition.com\/wp-content\/uploads\/2024\/02\/POWERRACK4.0_4-scaled.jpg","datePublished":"2024-02-24T15:29:20+00:00","dateModified":"2024-04-27T14:45:18+00:00","breadcrumb":{"@id":"https:\/\/rxcompetition.com\/product\/elite-power-rack-4-0\/#breadcrumb"},"inLanguage":"en-US","potentialAction":[{"@type":"ReadAction","target":["https:\/\/rxcompetition.com\/product\/elite-power-rack-4-0\/"]}]},{"@type":"ImageObject","inLanguage":"en-US","@id":"https:\/\/rxcompetition.com\/product\/elite-power-rack-4-0\/#primaryimage","url":"https:\/\/rxcompetition.com\/wp-content\/uploads\/2024\/02\/POWERRACK4.0_4-scaled.jpg","contentUrl":"https:\/\/rxcompetition.com\/wp-content\/uploads\/2024\/02\/POWERRACK4.0_4-scaled.jpg","width":2560,"height":1707},{"@type":"BreadcrumbList","@id":"https:\/\/rxcompetition.com\/product\/elite-power-rack-4-0\/#breadcrumb","itemListElement":[{"@type":"ListItem","position":1,"name":"Inicio","item":"https:\/\/rxcompetition.com\/"},{"@type":"ListItem","position":2,"name":"Tienda","item":"https:\/\/rxcompetition.com\/tienda\/"},{"@type":"ListItem","position":3,"name":"ELITE POWER RACK 4.0"}]},{"@type":"WebSite","@id":"https:\/\/rxcompetition.com\/#website","url":"https:\/\/rxcompetition.com\/","name":"RX Competition","description":"","publisher":{"@id":"https:\/\/rxcompetition.com\/#organization"},"potentialAction":[{"@type":"SearchAction","target":{"@type":"EntryPoint","urlTemplate":"https:\/\/rxcompetition.com\/?s={search_term_string}"},"query-input":"required name=search_term_string"}],"inLanguage":"en-US"},{"@type":"Organization","@id":"https:\/\/rxcompetition.com\/#organization","name":"RX Competition","url":"https:\/\/rxcompetition.com\/","logo":{"@type":"ImageObject","inLanguage":"en-US","@id":"https:\/\/rxcompetition.com\/#\/schema\/logo\/image\/","url":"https:\/\/rxcompetition.com\/wp-content\/uploads\/2023\/04\/LOGO-RX-PROGRAMA.png","contentUrl":"https:\/\/rxcompetition.com\/wp-content\/uploads\/2023\/04\/LOGO-RX-PROGRAMA.png","width":1416,"height":672,"caption":"RX Competition"},"image":{"@id":"https:\/\/rxcompetition.com\/#\/schema\/logo\/image\/"}}]}},"jetpack_sharing_enabled":true,"_links":{"self":[{"href":"https:\/\/rxcompetition.com\/en\/wp-json\/wp\/v2\/product\/37566","targetHints":{"allow":["GET"]}}],"collection":[{"href":"https:\/\/rxcompetition.com\/en\/wp-json\/wp\/v2\/product"}],"about":[{"href":"https:\/\/rxcompetition.com\/en\/wp-json\/wp\/v2\/types\/product"}],"replies":[{"embeddable":true,"href":"https:\/\/rxcompetition.com\/en\/wp-json\/wp\/v2\/comments?post=37566"}],"wp:featuredmedia":[{"embeddable":true,"href":"https:\/\/rxcompetition.com\/en\/wp-json\/wp\/v2\/media\/37807"}],"wp:attachment":[{"href":"https:\/\/rxcompetition.com\/en\/wp-json\/wp\/v2\/media?parent=37566"}],"wp:term":[{"taxonomy":"product_cat","embeddable":true,"href":"https:\/\/rxcompetition.com\/en\/wp-json\/wp\/v2\/product_cat?post=37566"},{"taxonomy":"product_tag","embeddable":true,"href":"https:\/\/rxcompetition.com\/en\/wp-json\/wp\/v2\/product_tag?post=37566"}],"curies":[{"name":"wp","href":"https:\/\/api.w.org\/{rel}","templated":true}]}}