{"id":37192,"date":"2023-11-21T14:54:35","date_gmt":"2023-11-21T14:54:35","guid":{"rendered":"https:\/\/rxcompetition.com\/?post_type=product&#038;p=37192"},"modified":"2024-05-10T07:11:04","modified_gmt":"2024-05-10T07:11:04","slug":"bumper-landmine","status":"publish","type":"product","link":"https:\/\/rxcompetition.com\/en\/product\/bumper-landmine\/","title":{"rendered":"BUMPER LANDMINE"},"content":{"rendered":"<p class=\" translation-block\">The RX Bumper Landmine is the landmine version for fixing directly on the Bumper hole. The Landmine is one of the most dynamic, simple, and cost-effective tools in our catalog. It is perhaps the most profitable accessory in terms of investment and performance, as it allows us to perform a wide range of training exercises.<\/p>\n<p>&nbsp;<\/p>\n<p>El sistema de anclaje directo es muy sencillo, se inserta directamente dentro del orificio de \u00d850 mm de nuestros discos ol\u00edmpicos. Este accesorio consiste en un cilindro de di\u00e1metro 50,8 mm, totalmente compatible con el di\u00e1metro de las barras ol\u00edmpicas, donde se inserta la barra y nos permite realizar ejercicios como el <em>Press Landmine\u00a0<\/em>and rowing,\u00a0<em>Clean<\/em>, Deadlift or\u00a0<em>Deadlift\u00a0<\/em>and\u00a0<em>Russian Twist\u00a0<\/em>con barra de pie.<\/p>\n<p>&nbsp;<\/p>\n<p>Hay pocas herramientas tan sencillas que superen a \u00e9sta en cuanto a posibilidad de desarrollo de fuerza explosiva en todo el cuerpo y potenciaci\u00f3n de la parte superior del cuerpo desde el abdomen.<\/p>\n<p>&nbsp;<\/p>\n<p><strong>THE PRICE IS PER UNIT<\/strong><\/p>\n<p>&nbsp;<\/p>\n<p>&nbsp;<\/p>","protected":false},"excerpt":{"rendered":"<p><strong>SPECIFICATIONS<\/strong><\/p>\n<p>&nbsp;<\/p>\n<p class=\" translation-block\">Brand: RX Competition<\/p>\n<p>Manufactured in Spain<\/p>\n<p class=\" translation-block\">Usage: Press, Row, Push Press, Push Jerk, Deadlift, Clean, Russian Twists, etc.<\/p>\n<p>Material: Powder coated black steel<\/p>\n<p>Diameter: 50,8 mm<\/p>\n<p>Thickness: 3 mm<\/p>\n<p>Total length: 254 mm<\/p>\n<p>Sleeve length: 185 mm<\/p>\n<p>Total width: 76 mm<\/p>\n<p>Total height: 254 mm<\/p>\n<p>Weight: 2 kg<\/p>\n<p>Maximum load: 140 kg<\/p>\n<p>&nbsp;<\/p>\n<p><strong>*REAL PICTURES<\/strong><\/p>\n<p>&nbsp;<\/p>\n<p>&nbsp;<\/p>","protected":false},"featured_media":37193,"comment_status":"open","ping_status":"closed","template":"","meta":{"inline_featured_image":false},"product_cat":[303,146,158],"product_tag":[],"class_list":{"0":"post-37192","1":"product","2":"type-product","3":"status-publish","4":"has-post-thumbnail","6":"product_cat-elite-accesorios","7":"product_cat-rigs-racks","8":"product_cat-rigs-racks-elite","11":"first","12":"outofstock","13":"taxable","14":"shipping-taxable","15":"purchasable","16":"product-type-simple"},"yoast_head":"<!-- This site is optimized with the Yoast SEO plugin v23.2 - https:\/\/yoast.com\/wordpress\/plugins\/seo\/ -->\n<title>BUMPER LANDMINE - RX Competition<\/title>\n<meta name=\"robots\" content=\"index, follow, max-snippet:-1, max-image-preview:large, max-video-preview:-1\" \/>\n<link rel=\"canonical\" href=\"https:\/\/rxcompetition.com\/en\/product\/bumper-landmine\/\" \/>\n<meta property=\"og:locale\" content=\"en_US\" \/>\n<meta property=\"og:type\" content=\"article\" \/>\n<meta property=\"og:title\" content=\"BUMPER LANDMINE - RX Competition\" \/>\n<meta property=\"og:description\" content=\"ESPECIFICACIONES  &nbsp;  Marca: RX Competition  Fabricado en Espa\u00f1a  Uso: Press, Row, Push Press, Push Jerk, Deadlift, Clean, Russian Twists,..  Material: Acero recubierto de pintura en polvo color negro  Di\u00e1metro: 50,8 mm  Espesor: 3 mm  Longitud total: 254 mm  Longitud del manguito: 185 mm  Ancho: 76 mm  Altura: 254 mm  Peso: 2 kg  Carga m\u00e1xima: 140 kg  &nbsp;  *IMAGENES REALES  &nbsp;  &nbsp;\" \/>\n<meta property=\"og:url\" content=\"https:\/\/rxcompetition.com\/en\/product\/bumper-landmine\/\" \/>\n<meta property=\"og:site_name\" content=\"RX Competition\" \/>\n<meta property=\"article:modified_time\" content=\"2024-05-10T07:11:04+00:00\" \/>\n<meta property=\"og:image\" content=\"https:\/\/rxcompetition.com\/wp-content\/uploads\/2023\/11\/Bumper-landmine.png\" \/>\n\t<meta property=\"og:image:width\" content=\"1500\" \/>\n\t<meta property=\"og:image:height\" content=\"1500\" \/>\n\t<meta property=\"og:image:type\" content=\"image\/png\" \/>\n<meta name=\"twitter:card\" content=\"summary_large_image\" \/>\n<meta name=\"twitter:label1\" content=\"Est. reading time\" \/>\n\t<meta name=\"twitter:data1\" content=\"1 minute\" \/>\n<script type=\"application\/ld+json\" class=\"yoast-schema-graph\">{\"@context\":\"https:\/\/schema.org\",\"@graph\":[{\"@type\":\"WebPage\",\"@id\":\"https:\/\/rxcompetition.com\/product\/bumper-landmine\/\",\"url\":\"https:\/\/rxcompetition.com\/product\/bumper-landmine\/\",\"name\":\"BUMPER LANDMINE - RX Competition\",\"isPartOf\":{\"@id\":\"https:\/\/rxcompetition.com\/#website\"},\"primaryImageOfPage\":{\"@id\":\"https:\/\/rxcompetition.com\/product\/bumper-landmine\/#primaryimage\"},\"image\":{\"@id\":\"https:\/\/rxcompetition.com\/product\/bumper-landmine\/#primaryimage\"},\"thumbnailUrl\":\"https:\/\/rxcompetition.com\/wp-content\/uploads\/2023\/11\/Bumper-landmine.png\",\"datePublished\":\"2023-11-21T14:54:35+00:00\",\"dateModified\":\"2024-05-10T07:11:04+00:00\",\"breadcrumb\":{\"@id\":\"https:\/\/rxcompetition.com\/product\/bumper-landmine\/#breadcrumb\"},\"inLanguage\":\"en-US\",\"potentialAction\":[{\"@type\":\"ReadAction\",\"target\":[\"https:\/\/rxcompetition.com\/product\/bumper-landmine\/\"]}]},{\"@type\":\"ImageObject\",\"inLanguage\":\"en-US\",\"@id\":\"https:\/\/rxcompetition.com\/product\/bumper-landmine\/#primaryimage\",\"url\":\"https:\/\/rxcompetition.com\/wp-content\/uploads\/2023\/11\/Bumper-landmine.png\",\"contentUrl\":\"https:\/\/rxcompetition.com\/wp-content\/uploads\/2023\/11\/Bumper-landmine.png\",\"width\":1500,\"height\":1500},{\"@type\":\"BreadcrumbList\",\"@id\":\"https:\/\/rxcompetition.com\/product\/bumper-landmine\/#breadcrumb\",\"itemListElement\":[{\"@type\":\"ListItem\",\"position\":1,\"name\":\"Inicio\",\"item\":\"https:\/\/rxcompetition.com\/\"},{\"@type\":\"ListItem\",\"position\":2,\"name\":\"Tienda\",\"item\":\"https:\/\/rxcompetition.com\/tienda\/\"},{\"@type\":\"ListItem\",\"position\":3,\"name\":\"BUMPER LANDMINE\"}]},{\"@type\":\"WebSite\",\"@id\":\"https:\/\/rxcompetition.com\/#website\",\"url\":\"https:\/\/rxcompetition.com\/\",\"name\":\"RX Competition\",\"description\":\"\",\"publisher\":{\"@id\":\"https:\/\/rxcompetition.com\/#organization\"},\"potentialAction\":[{\"@type\":\"SearchAction\",\"target\":{\"@type\":\"EntryPoint\",\"urlTemplate\":\"https:\/\/rxcompetition.com\/?s={search_term_string}\"},\"query-input\":\"required name=search_term_string\"}],\"inLanguage\":\"en-US\"},{\"@type\":\"Organization\",\"@id\":\"https:\/\/rxcompetition.com\/#organization\",\"name\":\"RX Competition\",\"url\":\"https:\/\/rxcompetition.com\/\",\"logo\":{\"@type\":\"ImageObject\",\"inLanguage\":\"en-US\",\"@id\":\"https:\/\/rxcompetition.com\/#\/schema\/logo\/image\/\",\"url\":\"https:\/\/rxcompetition.com\/wp-content\/uploads\/2023\/04\/LOGO-RX-PROGRAMA.png\",\"contentUrl\":\"https:\/\/rxcompetition.com\/wp-content\/uploads\/2023\/04\/LOGO-RX-PROGRAMA.png\",\"width\":1416,\"height\":672,\"caption\":\"RX Competition\"},\"image\":{\"@id\":\"https:\/\/rxcompetition.com\/#\/schema\/logo\/image\/\"}}]}<\/script>\n<!-- \/ Yoast SEO plugin. -->","yoast_head_json":{"title":"BUMPER LANDMINE - RX Competition","robots":{"index":"index","follow":"follow","max-snippet":"max-snippet:-1","max-image-preview":"max-image-preview:large","max-video-preview":"max-video-preview:-1"},"canonical":"https:\/\/rxcompetition.com\/en\/product\/bumper-landmine\/","og_locale":"en_US","og_type":"article","og_title":"BUMPER LANDMINE - RX Competition","og_description":"ESPECIFICACIONES  &nbsp;  Marca: RX Competition  Fabricado en Espa\u00f1a  Uso: Press, Row, Push Press, Push Jerk, Deadlift, Clean, Russian Twists,..  Material: Acero recubierto de pintura en polvo color negro  Di\u00e1metro: 50,8 mm  Espesor: 3 mm  Longitud total: 254 mm  Longitud del manguito: 185 mm  Ancho: 76 mm  Altura: 254 mm  Peso: 2 kg  Carga m\u00e1xima: 140 kg  &nbsp;  *IMAGENES REALES  &nbsp;  &nbsp;","og_url":"https:\/\/rxcompetition.com\/en\/product\/bumper-landmine\/","og_site_name":"RX Competition","article_modified_time":"2024-05-10T07:11:04+00:00","og_image":[{"width":1500,"height":1500,"url":"https:\/\/rxcompetition.com\/wp-content\/uploads\/2023\/11\/Bumper-landmine.png","type":"image\/png"}],"twitter_card":"summary_large_image","twitter_misc":{"Est. reading time":"1 minute"},"schema":{"@context":"https:\/\/schema.org","@graph":[{"@type":"WebPage","@id":"https:\/\/rxcompetition.com\/product\/bumper-landmine\/","url":"https:\/\/rxcompetition.com\/product\/bumper-landmine\/","name":"BUMPER LANDMINE - RX Competition","isPartOf":{"@id":"https:\/\/rxcompetition.com\/#website"},"primaryImageOfPage":{"@id":"https:\/\/rxcompetition.com\/product\/bumper-landmine\/#primaryimage"},"image":{"@id":"https:\/\/rxcompetition.com\/product\/bumper-landmine\/#primaryimage"},"thumbnailUrl":"https:\/\/rxcompetition.com\/wp-content\/uploads\/2023\/11\/Bumper-landmine.png","datePublished":"2023-11-21T14:54:35+00:00","dateModified":"2024-05-10T07:11:04+00:00","breadcrumb":{"@id":"https:\/\/rxcompetition.com\/product\/bumper-landmine\/#breadcrumb"},"inLanguage":"en-US","potentialAction":[{"@type":"ReadAction","target":["https:\/\/rxcompetition.com\/product\/bumper-landmine\/"]}]},{"@type":"ImageObject","inLanguage":"en-US","@id":"https:\/\/rxcompetition.com\/product\/bumper-landmine\/#primaryimage","url":"https:\/\/rxcompetition.com\/wp-content\/uploads\/2023\/11\/Bumper-landmine.png","contentUrl":"https:\/\/rxcompetition.com\/wp-content\/uploads\/2023\/11\/Bumper-landmine.png","width":1500,"height":1500},{"@type":"BreadcrumbList","@id":"https:\/\/rxcompetition.com\/product\/bumper-landmine\/#breadcrumb","itemListElement":[{"@type":"ListItem","position":1,"name":"Inicio","item":"https:\/\/rxcompetition.com\/"},{"@type":"ListItem","position":2,"name":"Tienda","item":"https:\/\/rxcompetition.com\/tienda\/"},{"@type":"ListItem","position":3,"name":"BUMPER LANDMINE"}]},{"@type":"WebSite","@id":"https:\/\/rxcompetition.com\/#website","url":"https:\/\/rxcompetition.com\/","name":"RX Competition","description":"","publisher":{"@id":"https:\/\/rxcompetition.com\/#organization"},"potentialAction":[{"@type":"SearchAction","target":{"@type":"EntryPoint","urlTemplate":"https:\/\/rxcompetition.com\/?s={search_term_string}"},"query-input":"required name=search_term_string"}],"inLanguage":"en-US"},{"@type":"Organization","@id":"https:\/\/rxcompetition.com\/#organization","name":"RX Competition","url":"https:\/\/rxcompetition.com\/","logo":{"@type":"ImageObject","inLanguage":"en-US","@id":"https:\/\/rxcompetition.com\/#\/schema\/logo\/image\/","url":"https:\/\/rxcompetition.com\/wp-content\/uploads\/2023\/04\/LOGO-RX-PROGRAMA.png","contentUrl":"https:\/\/rxcompetition.com\/wp-content\/uploads\/2023\/04\/LOGO-RX-PROGRAMA.png","width":1416,"height":672,"caption":"RX Competition"},"image":{"@id":"https:\/\/rxcompetition.com\/#\/schema\/logo\/image\/"}}]}},"jetpack_sharing_enabled":true,"_links":{"self":[{"href":"https:\/\/rxcompetition.com\/en\/wp-json\/wp\/v2\/product\/37192","targetHints":{"allow":["GET"]}}],"collection":[{"href":"https:\/\/rxcompetition.com\/en\/wp-json\/wp\/v2\/product"}],"about":[{"href":"https:\/\/rxcompetition.com\/en\/wp-json\/wp\/v2\/types\/product"}],"replies":[{"embeddable":true,"href":"https:\/\/rxcompetition.com\/en\/wp-json\/wp\/v2\/comments?post=37192"}],"wp:featuredmedia":[{"embeddable":true,"href":"https:\/\/rxcompetition.com\/en\/wp-json\/wp\/v2\/media\/37193"}],"wp:attachment":[{"href":"https:\/\/rxcompetition.com\/en\/wp-json\/wp\/v2\/media?parent=37192"}],"wp:term":[{"taxonomy":"product_cat","embeddable":true,"href":"https:\/\/rxcompetition.com\/en\/wp-json\/wp\/v2\/product_cat?post=37192"},{"taxonomy":"product_tag","embeddable":true,"href":"https:\/\/rxcompetition.com\/en\/wp-json\/wp\/v2\/product_tag?post=37192"}],"curies":[{"name":"wp","href":"https:\/\/api.w.org\/{rel}","templated":true}]}}