{"id":37106,"date":"2023-11-03T14:16:31","date_gmt":"2023-11-03T14:16:31","guid":{"rendered":"https:\/\/rxcompetition.com\/?post_type=product&#038;p=37106"},"modified":"2024-04-27T14:49:28","modified_gmt":"2024-04-27T14:49:28","slug":"plate-storage-channel-20-mm","status":"publish","type":"product","link":"https:\/\/rxcompetition.com\/en\/product\/plate-storage-channel-20-mm\/","title":{"rendered":"ELITE PLATE STORAGE CHANNEL 20 MM"},"content":{"rendered":"<p class=\" translation-block\">The RX Plate Storage Channel 20 mm is the perfect vertical Bumper storage tool specially designed for Our Elite Squat Stand frames. It is one of the simplest and most effective options for storing and securing, vertically, our bumper plates on our Squat Stand 1.0 &amp; 2.0 frames.<\/p>\n<p>&nbsp;<\/p>\n<p class=\" translation-block\">The assembling system design to the frame crossover is perfect and secure, directly attaching to the crossover front face using a M-20 x 120 mm stainless steel bolt, ensuring a tight fit.<\/p>\n<p>&nbsp;<\/p>\n<p class=\" translation-block\">The assembling bases of our Plate Storage Channels are made of solid 10 mm thick flat steel sheet, which is a thickness dimension exclusive in RX Competition. The plate support tube is made of \u00d850 mm steel pipe with 3,25 mm thickness and a total load length of 350 mm.<\/p>\n<p>&nbsp;<\/p>\n<p>This accessory is manufactured and machined in Spain under the strictest quality controls. For these reasons, we can guarantee high-quality finishes in terms of laser cuts and, above all, the welding quality.<\/p>\n<p>&nbsp;<\/p>\n<p class=\" translation-block\">Our Plate Storage Channels 20 mm are only suitable with our Elite 80 x 80 x 4 mm Squat Stand 1.0 and 2.0 frames.<\/p>\n<p>&nbsp;<\/p>\n<p><strong>THE PRICE IS PER UNIT<\/strong><\/p>\n<p>&nbsp;<\/p>","protected":false},"excerpt":{"rendered":"<p><strong>SPECIFICATIONS<\/strong><\/p>\n<p>&nbsp;<\/p>\n<p class=\" translation-block\">Brand: RX Competition<\/p>\n<p>Manufactured in Spain<\/p>\n<p>Material: Powder coated black steel<\/p>\n<p>Pipe: \u00d8 50 mm<\/p>\n<p>Assembling hole: \u00d8 22 mm<\/p>\n<p>Tube thickness: 3 mm<\/p>\n<p>Assembling base: 80 x 222 mm<\/p>\n<p>Assembling base thickness: 10 mm<\/p>\n<p>Overall length: 360 mm<\/p>\n<p>Loading sleeve length: 350 mm<\/p>\n<p>Width: 104 mm<\/p>\n<p>Height: 434 mm<\/p>\n<p>Weight: 2,5 kg<\/p>\n<p>Maximun load: 150 kg<\/p>\n<p>Material warranty: 2 years<\/p>\n<p>Coating warranty: 2 years<\/p>\n<p>&nbsp;<\/p>\n<p><strong>*REAL PICTURES<\/strong><\/p>","protected":false},"featured_media":37305,"comment_status":"open","ping_status":"closed","template":"","meta":{"inline_featured_image":false},"product_cat":[303,146,158,155,163],"product_tag":[],"class_list":{"0":"post-37106","1":"product","2":"type-product","3":"status-publish","4":"has-post-thumbnail","6":"product_cat-elite-accesorios","7":"product_cat-rigs-racks","8":"product_cat-rigs-racks-elite","9":"product_cat-elite-squat-stands","10":"product_cat-hardware-squat-stands","13":"first","14":"instock","15":"taxable","16":"shipping-taxable","17":"purchasable","18":"product-type-simple"},"yoast_head":"<!-- This site is optimized with the Yoast SEO plugin v23.2 - https:\/\/yoast.com\/wordpress\/plugins\/seo\/ -->\n<title>ELITE PLATE STORAGE CHANNEL 20 MM - RX Competition<\/title>\n<meta name=\"robots\" content=\"index, follow, max-snippet:-1, max-image-preview:large, max-video-preview:-1\" \/>\n<link rel=\"canonical\" href=\"https:\/\/rxcompetition.com\/en\/product\/plate-storage-channel-20-mm\/\" \/>\n<meta property=\"og:locale\" content=\"en_US\" \/>\n<meta property=\"og:type\" content=\"article\" \/>\n<meta property=\"og:title\" content=\"ELITE PLATE STORAGE CHANNEL 20 MM - RX Competition\" \/>\n<meta property=\"og:description\" content=\"ESPECIFICACIONES  &nbsp;  Marca: RX Competition  Fabricado en Espa\u00f1a  Material: Acero recubierto de pintura en polvo color negro  Tubo: \u00d8 50 mm  Agujero de anclaje: \u00d8 22 mm  Espesor del tubo: 3 mm  Base del anclaje: 80 x 222 mm  Espesor de la base de anclaje: 10 mm  Longitud total: 360 mm  Longitud de carga: 350 mm  Ancho: 104 mm  Altura: 434 mm  Peso: 2,5 kg  Carga m\u00e1xima: 150 kg  Garant\u00eda sobre el material: 2 a\u00f1os  Garant\u00eda sobre el recubrimiento: 2 a\u00f1os  &nbsp;  *IMAGENES REALES\" \/>\n<meta property=\"og:url\" content=\"https:\/\/rxcompetition.com\/en\/product\/plate-storage-channel-20-mm\/\" \/>\n<meta property=\"og:site_name\" content=\"RX Competition\" \/>\n<meta property=\"article:modified_time\" content=\"2024-04-27T14:49:28+00:00\" \/>\n<meta property=\"og:image\" content=\"https:\/\/rxcompetition.com\/wp-content\/uploads\/2023\/11\/POI_078-scaled.jpg\" \/>\n\t<meta property=\"og:image:width\" content=\"2560\" \/>\n\t<meta property=\"og:image:height\" content=\"1707\" \/>\n\t<meta property=\"og:image:type\" content=\"image\/jpeg\" \/>\n<meta name=\"twitter:card\" content=\"summary_large_image\" \/>\n<meta name=\"twitter:label1\" content=\"Est. reading time\" \/>\n\t<meta name=\"twitter:data1\" content=\"1 minute\" \/>\n<script type=\"application\/ld+json\" class=\"yoast-schema-graph\">{\"@context\":\"https:\/\/schema.org\",\"@graph\":[{\"@type\":\"WebPage\",\"@id\":\"https:\/\/rxcompetition.com\/product\/plate-storage-channel-20-mm\/\",\"url\":\"https:\/\/rxcompetition.com\/product\/plate-storage-channel-20-mm\/\",\"name\":\"ELITE PLATE STORAGE CHANNEL 20 MM - RX Competition\",\"isPartOf\":{\"@id\":\"https:\/\/rxcompetition.com\/#website\"},\"primaryImageOfPage\":{\"@id\":\"https:\/\/rxcompetition.com\/product\/plate-storage-channel-20-mm\/#primaryimage\"},\"image\":{\"@id\":\"https:\/\/rxcompetition.com\/product\/plate-storage-channel-20-mm\/#primaryimage\"},\"thumbnailUrl\":\"https:\/\/rxcompetition.com\/wp-content\/uploads\/2023\/11\/POI_078-scaled.jpg\",\"datePublished\":\"2023-11-03T14:16:31+00:00\",\"dateModified\":\"2024-04-27T14:49:28+00:00\",\"breadcrumb\":{\"@id\":\"https:\/\/rxcompetition.com\/product\/plate-storage-channel-20-mm\/#breadcrumb\"},\"inLanguage\":\"en-US\",\"potentialAction\":[{\"@type\":\"ReadAction\",\"target\":[\"https:\/\/rxcompetition.com\/product\/plate-storage-channel-20-mm\/\"]}]},{\"@type\":\"ImageObject\",\"inLanguage\":\"en-US\",\"@id\":\"https:\/\/rxcompetition.com\/product\/plate-storage-channel-20-mm\/#primaryimage\",\"url\":\"https:\/\/rxcompetition.com\/wp-content\/uploads\/2023\/11\/POI_078-scaled.jpg\",\"contentUrl\":\"https:\/\/rxcompetition.com\/wp-content\/uploads\/2023\/11\/POI_078-scaled.jpg\",\"width\":2560,\"height\":1707},{\"@type\":\"BreadcrumbList\",\"@id\":\"https:\/\/rxcompetition.com\/product\/plate-storage-channel-20-mm\/#breadcrumb\",\"itemListElement\":[{\"@type\":\"ListItem\",\"position\":1,\"name\":\"Inicio\",\"item\":\"https:\/\/rxcompetition.com\/\"},{\"@type\":\"ListItem\",\"position\":2,\"name\":\"Tienda\",\"item\":\"https:\/\/rxcompetition.com\/tienda\/\"},{\"@type\":\"ListItem\",\"position\":3,\"name\":\"ELITE PLATE STORAGE CHANNEL 20 MM\"}]},{\"@type\":\"WebSite\",\"@id\":\"https:\/\/rxcompetition.com\/#website\",\"url\":\"https:\/\/rxcompetition.com\/\",\"name\":\"RX Competition\",\"description\":\"\",\"publisher\":{\"@id\":\"https:\/\/rxcompetition.com\/#organization\"},\"potentialAction\":[{\"@type\":\"SearchAction\",\"target\":{\"@type\":\"EntryPoint\",\"urlTemplate\":\"https:\/\/rxcompetition.com\/?s={search_term_string}\"},\"query-input\":\"required name=search_term_string\"}],\"inLanguage\":\"en-US\"},{\"@type\":\"Organization\",\"@id\":\"https:\/\/rxcompetition.com\/#organization\",\"name\":\"RX Competition\",\"url\":\"https:\/\/rxcompetition.com\/\",\"logo\":{\"@type\":\"ImageObject\",\"inLanguage\":\"en-US\",\"@id\":\"https:\/\/rxcompetition.com\/#\/schema\/logo\/image\/\",\"url\":\"https:\/\/rxcompetition.com\/wp-content\/uploads\/2023\/04\/LOGO-RX-PROGRAMA.png\",\"contentUrl\":\"https:\/\/rxcompetition.com\/wp-content\/uploads\/2023\/04\/LOGO-RX-PROGRAMA.png\",\"width\":1416,\"height\":672,\"caption\":\"RX Competition\"},\"image\":{\"@id\":\"https:\/\/rxcompetition.com\/#\/schema\/logo\/image\/\"}}]}<\/script>\n<!-- \/ Yoast SEO plugin. -->","yoast_head_json":{"title":"ELITE PLATE STORAGE CHANNEL 20 MM - RX Competition","robots":{"index":"index","follow":"follow","max-snippet":"max-snippet:-1","max-image-preview":"max-image-preview:large","max-video-preview":"max-video-preview:-1"},"canonical":"https:\/\/rxcompetition.com\/en\/product\/plate-storage-channel-20-mm\/","og_locale":"en_US","og_type":"article","og_title":"ELITE PLATE STORAGE CHANNEL 20 MM - RX Competition","og_description":"ESPECIFICACIONES  &nbsp;  Marca: RX Competition  Fabricado en Espa\u00f1a  Material: Acero recubierto de pintura en polvo color negro  Tubo: \u00d8 50 mm  Agujero de anclaje: \u00d8 22 mm  Espesor del tubo: 3 mm  Base del anclaje: 80 x 222 mm  Espesor de la base de anclaje: 10 mm  Longitud total: 360 mm  Longitud de carga: 350 mm  Ancho: 104 mm  Altura: 434 mm  Peso: 2,5 kg  Carga m\u00e1xima: 150 kg  Garant\u00eda sobre el material: 2 a\u00f1os  Garant\u00eda sobre el recubrimiento: 2 a\u00f1os  &nbsp;  *IMAGENES REALES","og_url":"https:\/\/rxcompetition.com\/en\/product\/plate-storage-channel-20-mm\/","og_site_name":"RX Competition","article_modified_time":"2024-04-27T14:49:28+00:00","og_image":[{"width":2560,"height":1707,"url":"https:\/\/rxcompetition.com\/wp-content\/uploads\/2023\/11\/POI_078-scaled.jpg","type":"image\/jpeg"}],"twitter_card":"summary_large_image","twitter_misc":{"Est. reading time":"1 minute"},"schema":{"@context":"https:\/\/schema.org","@graph":[{"@type":"WebPage","@id":"https:\/\/rxcompetition.com\/product\/plate-storage-channel-20-mm\/","url":"https:\/\/rxcompetition.com\/product\/plate-storage-channel-20-mm\/","name":"ELITE PLATE STORAGE CHANNEL 20 MM - RX Competition","isPartOf":{"@id":"https:\/\/rxcompetition.com\/#website"},"primaryImageOfPage":{"@id":"https:\/\/rxcompetition.com\/product\/plate-storage-channel-20-mm\/#primaryimage"},"image":{"@id":"https:\/\/rxcompetition.com\/product\/plate-storage-channel-20-mm\/#primaryimage"},"thumbnailUrl":"https:\/\/rxcompetition.com\/wp-content\/uploads\/2023\/11\/POI_078-scaled.jpg","datePublished":"2023-11-03T14:16:31+00:00","dateModified":"2024-04-27T14:49:28+00:00","breadcrumb":{"@id":"https:\/\/rxcompetition.com\/product\/plate-storage-channel-20-mm\/#breadcrumb"},"inLanguage":"en-US","potentialAction":[{"@type":"ReadAction","target":["https:\/\/rxcompetition.com\/product\/plate-storage-channel-20-mm\/"]}]},{"@type":"ImageObject","inLanguage":"en-US","@id":"https:\/\/rxcompetition.com\/product\/plate-storage-channel-20-mm\/#primaryimage","url":"https:\/\/rxcompetition.com\/wp-content\/uploads\/2023\/11\/POI_078-scaled.jpg","contentUrl":"https:\/\/rxcompetition.com\/wp-content\/uploads\/2023\/11\/POI_078-scaled.jpg","width":2560,"height":1707},{"@type":"BreadcrumbList","@id":"https:\/\/rxcompetition.com\/product\/plate-storage-channel-20-mm\/#breadcrumb","itemListElement":[{"@type":"ListItem","position":1,"name":"Inicio","item":"https:\/\/rxcompetition.com\/"},{"@type":"ListItem","position":2,"name":"Tienda","item":"https:\/\/rxcompetition.com\/tienda\/"},{"@type":"ListItem","position":3,"name":"ELITE PLATE STORAGE CHANNEL 20 MM"}]},{"@type":"WebSite","@id":"https:\/\/rxcompetition.com\/#website","url":"https:\/\/rxcompetition.com\/","name":"RX Competition","description":"","publisher":{"@id":"https:\/\/rxcompetition.com\/#organization"},"potentialAction":[{"@type":"SearchAction","target":{"@type":"EntryPoint","urlTemplate":"https:\/\/rxcompetition.com\/?s={search_term_string}"},"query-input":"required name=search_term_string"}],"inLanguage":"en-US"},{"@type":"Organization","@id":"https:\/\/rxcompetition.com\/#organization","name":"RX Competition","url":"https:\/\/rxcompetition.com\/","logo":{"@type":"ImageObject","inLanguage":"en-US","@id":"https:\/\/rxcompetition.com\/#\/schema\/logo\/image\/","url":"https:\/\/rxcompetition.com\/wp-content\/uploads\/2023\/04\/LOGO-RX-PROGRAMA.png","contentUrl":"https:\/\/rxcompetition.com\/wp-content\/uploads\/2023\/04\/LOGO-RX-PROGRAMA.png","width":1416,"height":672,"caption":"RX Competition"},"image":{"@id":"https:\/\/rxcompetition.com\/#\/schema\/logo\/image\/"}}]}},"jetpack_sharing_enabled":true,"_links":{"self":[{"href":"https:\/\/rxcompetition.com\/en\/wp-json\/wp\/v2\/product\/37106","targetHints":{"allow":["GET"]}}],"collection":[{"href":"https:\/\/rxcompetition.com\/en\/wp-json\/wp\/v2\/product"}],"about":[{"href":"https:\/\/rxcompetition.com\/en\/wp-json\/wp\/v2\/types\/product"}],"replies":[{"embeddable":true,"href":"https:\/\/rxcompetition.com\/en\/wp-json\/wp\/v2\/comments?post=37106"}],"wp:featuredmedia":[{"embeddable":true,"href":"https:\/\/rxcompetition.com\/en\/wp-json\/wp\/v2\/media\/37305"}],"wp:attachment":[{"href":"https:\/\/rxcompetition.com\/en\/wp-json\/wp\/v2\/media?parent=37106"}],"wp:term":[{"taxonomy":"product_cat","embeddable":true,"href":"https:\/\/rxcompetition.com\/en\/wp-json\/wp\/v2\/product_cat?post=37106"},{"taxonomy":"product_tag","embeddable":true,"href":"https:\/\/rxcompetition.com\/en\/wp-json\/wp\/v2\/product_tag?post=37106"}],"curies":[{"name":"wp","href":"https:\/\/api.w.org\/{rel}","templated":true}]}}