{"id":36964,"date":"2023-10-13T16:02:17","date_gmt":"2023-10-13T16:02:17","guid":{"rendered":"https:\/\/rxcompetition.com\/?post_type=product&#038;p=36964"},"modified":"2024-04-27T14:50:09","modified_gmt":"2024-04-27T14:50:09","slug":"rig-rx01","status":"publish","type":"product","link":"https:\/\/rxcompetition.com\/en\/product\/rig-rx01\/","title":{"rendered":"RIG RX01"},"content":{"rendered":"<p class=\" translation-block\">The RX01 is the perfect wall-mounted training station option for 1 athlete, designed for professional and home use.<\/p>\n<p>&nbsp;<\/p>\n<p>This configuration includes:<\/p>\n<ul>\n<li class=\" translation-block\">1 zone, 1.10 meters wide, featuring Squat + Pull Up Bar.<\/li>\n<li class=\" translation-block\">2 zones, each 1.10 meters wide, with Pull Up bars.<\/li>\n<\/ul>\n<p>&nbsp;<\/p>\n<p class=\" translation-block\">This training station follows the design and quality standards of our Elite line, composed of structural 80x80x4 mm steel tubing and solid 10 mm thickness steel profiles. The standard surface finish is matte black powder coating, which can be fully customized upon request. This structure is completely expandable with all components available in our Elite line.<\/p>\n<p>&nbsp;<\/p>\n<p>This configuration is composed by:<\/p>\n<p>&nbsp;<\/p>\n<ul>\n<li class=\" translation-block\">2 Upright 275 steel 80x80x4 mm upright columns with 2.760 mm height.<\/li>\n<li class=\" translation-block\">1 Rack 1100 Monkey Bar, with 1.100 mm length.<\/li>\n<li class=\" translation-block\">2 Rig 1100 Round Bars, each 1.100 mm length.<\/li>\n<li class=\" translation-block\">1 Set of Elite J-Cup supports.<\/li>\n<\/ul>\n<p>&nbsp;<\/p>\n<p><strong>THE PRICE IS FOR THE ENTIRE DESCRIBED SET<\/strong><\/p>","protected":false},"excerpt":{"rendered":"<p><strong>SPECIFICATIONS<\/strong><\/p>\n<p>&nbsp;<\/p>\n<p class=\" translation-block\">Brand: RX Competition<\/p>\n<p>Manufactured in Spain<\/p>\n<p class=\" translation-block\">Usage: Weightlifting, Powerlifting, Cross training, etc.<\/p>\n<p>Upright material: Powder coated steel<\/p>\n<p>Tube dimensions: 80 x 80 mm<\/p>\n<p>Tube thickness: 4 mm<\/p>\n<p>Front loading holes diameter: 26 mm<\/p>\n<p>Side loading holes diameter: 20 mm<\/p>\n<p>Distance between front holes: 50 mm<\/p>\n<p>Numbering in all holes: Yes, in ascending order.<\/p>\n<p>Holes and numbers: Laser-cut<\/p>\n<p>Total height: 2.760 mm<\/p>\n<p>Total width: 1.260 mm<\/p>\n<p>Total depth: 1.180 mm<\/p>\n<p>Assembling bolts: AISI-304 stainless steel DIN-931 M-20<\/p>\n<p>Locking nuts: AISI-304 stainless steel DIN-985 nylon lock M-20<\/p>\n<p>Structure warranty: Lifetime<\/p>\n<p>Coating warranty: 2 years<\/p>\n<p>&nbsp;<\/p>\n<p><strong>RENDERINGS FAITHFUL TO REALITY<\/strong><\/p>","protected":false},"featured_media":36965,"comment_status":"open","ping_status":"closed","template":"","meta":{"inline_featured_image":false},"product_cat":[146,158,165,166,271],"product_tag":[],"class_list":{"0":"post-36964","1":"product","2":"type-product","3":"status-publish","4":"has-post-thumbnail","6":"product_cat-rigs-racks","7":"product_cat-rigs-racks-elite","8":"product_cat-elite-rigs","9":"product_cat-estructuras-rigs","10":"product_cat-pared","13":"first","14":"instock","15":"taxable","16":"shipping-taxable","17":"purchasable","18":"product-type-simple"},"yoast_head":"<!-- This site is optimized with the Yoast SEO plugin v23.2 - https:\/\/yoast.com\/wordpress\/plugins\/seo\/ -->\n<title>RIG RX01 - RX Competition<\/title>\n<meta name=\"robots\" content=\"index, follow, max-snippet:-1, max-image-preview:large, max-video-preview:-1\" \/>\n<link rel=\"canonical\" href=\"https:\/\/rxcompetition.com\/en\/product\/rig-rx01\/\" \/>\n<meta property=\"og:locale\" content=\"en_US\" \/>\n<meta property=\"og:type\" content=\"article\" \/>\n<meta property=\"og:title\" content=\"RIG RX01 - RX Competition\" \/>\n<meta property=\"og:description\" content=\"ESPECIFICACIONES  &nbsp;  Marca: RX Competition  Fabricado en Espa\u00f1a  Uso: Weightlifting, Powerlifting, Cross Training,\u2026  Material de la barra: Acero con pintura en polvo  Dimensiones del tubo: 80 x 80 mm  Espesor del tubo: 4 mm  Di\u00e1metro de los orificios de carga frontales: 26 mm  Di\u00e1metro de los orificios de carga laterales: 20 mm  Distancia entre orificios frontales: 50 mm  Numeraci\u00f3n en todos los orificios: S\u00ed, de manera ascendente.  Orificios y n\u00fameros: Cortados a l\u00e1ser  Altura total: 2.760 mm  Anchura total: 1.260 mm  Profundidad total: 1.180 mm  Tornillos de ensamblaje: DIN-931 M-20 de acero inoxidable AISI-304  Tuercas de apriete: DIN-985 autoblocantes M-20 de acero inoxidable AISI-304  Garant\u00eda sobre la estructura: De por vida  Garant\u00eda sobre el recubrimiento: 2 a\u00f1os  &nbsp;  *RENDERS FIELES A LA REALIDAD\" \/>\n<meta property=\"og:url\" content=\"https:\/\/rxcompetition.com\/en\/product\/rig-rx01\/\" \/>\n<meta property=\"og:site_name\" content=\"RX Competition\" \/>\n<meta property=\"article:modified_time\" content=\"2024-04-27T14:50:09+00:00\" \/>\n<meta property=\"og:image\" content=\"https:\/\/rxcompetition.com\/wp-content\/uploads\/2023\/10\/CrossFit_Config_1_V1-1024x1024.png\" \/>\n\t<meta property=\"og:image:width\" content=\"1024\" \/>\n\t<meta property=\"og:image:height\" content=\"1024\" \/>\n\t<meta property=\"og:image:type\" content=\"image\/png\" \/>\n<meta name=\"twitter:card\" content=\"summary_large_image\" \/>\n<meta name=\"twitter:label1\" content=\"Est. reading time\" \/>\n\t<meta name=\"twitter:data1\" content=\"1 minute\" \/>\n<script type=\"application\/ld+json\" class=\"yoast-schema-graph\">{\"@context\":\"https:\/\/schema.org\",\"@graph\":[{\"@type\":\"WebPage\",\"@id\":\"https:\/\/rxcompetition.com\/product\/rig-rx01\/\",\"url\":\"https:\/\/rxcompetition.com\/product\/rig-rx01\/\",\"name\":\"RIG RX01 - RX Competition\",\"isPartOf\":{\"@id\":\"https:\/\/rxcompetition.com\/#website\"},\"primaryImageOfPage\":{\"@id\":\"https:\/\/rxcompetition.com\/product\/rig-rx01\/#primaryimage\"},\"image\":{\"@id\":\"https:\/\/rxcompetition.com\/product\/rig-rx01\/#primaryimage\"},\"thumbnailUrl\":\"https:\/\/rxcompetition.com\/wp-content\/uploads\/2023\/10\/CrossFit_Config_1_V1.png\",\"datePublished\":\"2023-10-13T16:02:17+00:00\",\"dateModified\":\"2024-04-27T14:50:09+00:00\",\"breadcrumb\":{\"@id\":\"https:\/\/rxcompetition.com\/product\/rig-rx01\/#breadcrumb\"},\"inLanguage\":\"en-US\",\"potentialAction\":[{\"@type\":\"ReadAction\",\"target\":[\"https:\/\/rxcompetition.com\/product\/rig-rx01\/\"]}]},{\"@type\":\"ImageObject\",\"inLanguage\":\"en-US\",\"@id\":\"https:\/\/rxcompetition.com\/product\/rig-rx01\/#primaryimage\",\"url\":\"https:\/\/rxcompetition.com\/wp-content\/uploads\/2023\/10\/CrossFit_Config_1_V1.png\",\"contentUrl\":\"https:\/\/rxcompetition.com\/wp-content\/uploads\/2023\/10\/CrossFit_Config_1_V1.png\",\"width\":4096,\"height\":4096},{\"@type\":\"BreadcrumbList\",\"@id\":\"https:\/\/rxcompetition.com\/product\/rig-rx01\/#breadcrumb\",\"itemListElement\":[{\"@type\":\"ListItem\",\"position\":1,\"name\":\"Inicio\",\"item\":\"https:\/\/rxcompetition.com\/\"},{\"@type\":\"ListItem\",\"position\":2,\"name\":\"Tienda\",\"item\":\"https:\/\/rxcompetition.com\/tienda\/\"},{\"@type\":\"ListItem\",\"position\":3,\"name\":\"RIG RX01\"}]},{\"@type\":\"WebSite\",\"@id\":\"https:\/\/rxcompetition.com\/#website\",\"url\":\"https:\/\/rxcompetition.com\/\",\"name\":\"RX Competition\",\"description\":\"\",\"publisher\":{\"@id\":\"https:\/\/rxcompetition.com\/#organization\"},\"potentialAction\":[{\"@type\":\"SearchAction\",\"target\":{\"@type\":\"EntryPoint\",\"urlTemplate\":\"https:\/\/rxcompetition.com\/?s={search_term_string}\"},\"query-input\":\"required name=search_term_string\"}],\"inLanguage\":\"en-US\"},{\"@type\":\"Organization\",\"@id\":\"https:\/\/rxcompetition.com\/#organization\",\"name\":\"RX Competition\",\"url\":\"https:\/\/rxcompetition.com\/\",\"logo\":{\"@type\":\"ImageObject\",\"inLanguage\":\"en-US\",\"@id\":\"https:\/\/rxcompetition.com\/#\/schema\/logo\/image\/\",\"url\":\"https:\/\/rxcompetition.com\/wp-content\/uploads\/2023\/04\/LOGO-RX-PROGRAMA.png\",\"contentUrl\":\"https:\/\/rxcompetition.com\/wp-content\/uploads\/2023\/04\/LOGO-RX-PROGRAMA.png\",\"width\":1416,\"height\":672,\"caption\":\"RX Competition\"},\"image\":{\"@id\":\"https:\/\/rxcompetition.com\/#\/schema\/logo\/image\/\"}}]}<\/script>\n<!-- \/ Yoast SEO plugin. -->","yoast_head_json":{"title":"RIG RX01 - RX Competition","robots":{"index":"index","follow":"follow","max-snippet":"max-snippet:-1","max-image-preview":"max-image-preview:large","max-video-preview":"max-video-preview:-1"},"canonical":"https:\/\/rxcompetition.com\/en\/product\/rig-rx01\/","og_locale":"en_US","og_type":"article","og_title":"RIG RX01 - RX Competition","og_description":"ESPECIFICACIONES  &nbsp;  Marca: RX Competition  Fabricado en Espa\u00f1a  Uso: Weightlifting, Powerlifting, Cross Training,\u2026  Material de la barra: Acero con pintura en polvo  Dimensiones del tubo: 80 x 80 mm  Espesor del tubo: 4 mm  Di\u00e1metro de los orificios de carga frontales: 26 mm  Di\u00e1metro de los orificios de carga laterales: 20 mm  Distancia entre orificios frontales: 50 mm  Numeraci\u00f3n en todos los orificios: S\u00ed, de manera ascendente.  Orificios y n\u00fameros: Cortados a l\u00e1ser  Altura total: 2.760 mm  Anchura total: 1.260 mm  Profundidad total: 1.180 mm  Tornillos de ensamblaje: DIN-931 M-20 de acero inoxidable AISI-304  Tuercas de apriete: DIN-985 autoblocantes M-20 de acero inoxidable AISI-304  Garant\u00eda sobre la estructura: De por vida  Garant\u00eda sobre el recubrimiento: 2 a\u00f1os  &nbsp;  *RENDERS FIELES A LA REALIDAD","og_url":"https:\/\/rxcompetition.com\/en\/product\/rig-rx01\/","og_site_name":"RX Competition","article_modified_time":"2024-04-27T14:50:09+00:00","og_image":[{"width":1024,"height":1024,"url":"https:\/\/rxcompetition.com\/wp-content\/uploads\/2023\/10\/CrossFit_Config_1_V1-1024x1024.png","type":"image\/png"}],"twitter_card":"summary_large_image","twitter_misc":{"Est. reading time":"1 minute"},"schema":{"@context":"https:\/\/schema.org","@graph":[{"@type":"WebPage","@id":"https:\/\/rxcompetition.com\/product\/rig-rx01\/","url":"https:\/\/rxcompetition.com\/product\/rig-rx01\/","name":"RIG RX01 - RX Competition","isPartOf":{"@id":"https:\/\/rxcompetition.com\/#website"},"primaryImageOfPage":{"@id":"https:\/\/rxcompetition.com\/product\/rig-rx01\/#primaryimage"},"image":{"@id":"https:\/\/rxcompetition.com\/product\/rig-rx01\/#primaryimage"},"thumbnailUrl":"https:\/\/rxcompetition.com\/wp-content\/uploads\/2023\/10\/CrossFit_Config_1_V1.png","datePublished":"2023-10-13T16:02:17+00:00","dateModified":"2024-04-27T14:50:09+00:00","breadcrumb":{"@id":"https:\/\/rxcompetition.com\/product\/rig-rx01\/#breadcrumb"},"inLanguage":"en-US","potentialAction":[{"@type":"ReadAction","target":["https:\/\/rxcompetition.com\/product\/rig-rx01\/"]}]},{"@type":"ImageObject","inLanguage":"en-US","@id":"https:\/\/rxcompetition.com\/product\/rig-rx01\/#primaryimage","url":"https:\/\/rxcompetition.com\/wp-content\/uploads\/2023\/10\/CrossFit_Config_1_V1.png","contentUrl":"https:\/\/rxcompetition.com\/wp-content\/uploads\/2023\/10\/CrossFit_Config_1_V1.png","width":4096,"height":4096},{"@type":"BreadcrumbList","@id":"https:\/\/rxcompetition.com\/product\/rig-rx01\/#breadcrumb","itemListElement":[{"@type":"ListItem","position":1,"name":"Inicio","item":"https:\/\/rxcompetition.com\/"},{"@type":"ListItem","position":2,"name":"Tienda","item":"https:\/\/rxcompetition.com\/tienda\/"},{"@type":"ListItem","position":3,"name":"RIG RX01"}]},{"@type":"WebSite","@id":"https:\/\/rxcompetition.com\/#website","url":"https:\/\/rxcompetition.com\/","name":"RX Competition","description":"","publisher":{"@id":"https:\/\/rxcompetition.com\/#organization"},"potentialAction":[{"@type":"SearchAction","target":{"@type":"EntryPoint","urlTemplate":"https:\/\/rxcompetition.com\/?s={search_term_string}"},"query-input":"required name=search_term_string"}],"inLanguage":"en-US"},{"@type":"Organization","@id":"https:\/\/rxcompetition.com\/#organization","name":"RX Competition","url":"https:\/\/rxcompetition.com\/","logo":{"@type":"ImageObject","inLanguage":"en-US","@id":"https:\/\/rxcompetition.com\/#\/schema\/logo\/image\/","url":"https:\/\/rxcompetition.com\/wp-content\/uploads\/2023\/04\/LOGO-RX-PROGRAMA.png","contentUrl":"https:\/\/rxcompetition.com\/wp-content\/uploads\/2023\/04\/LOGO-RX-PROGRAMA.png","width":1416,"height":672,"caption":"RX Competition"},"image":{"@id":"https:\/\/rxcompetition.com\/#\/schema\/logo\/image\/"}}]}},"jetpack_sharing_enabled":true,"_links":{"self":[{"href":"https:\/\/rxcompetition.com\/en\/wp-json\/wp\/v2\/product\/36964","targetHints":{"allow":["GET"]}}],"collection":[{"href":"https:\/\/rxcompetition.com\/en\/wp-json\/wp\/v2\/product"}],"about":[{"href":"https:\/\/rxcompetition.com\/en\/wp-json\/wp\/v2\/types\/product"}],"replies":[{"embeddable":true,"href":"https:\/\/rxcompetition.com\/en\/wp-json\/wp\/v2\/comments?post=36964"}],"wp:featuredmedia":[{"embeddable":true,"href":"https:\/\/rxcompetition.com\/en\/wp-json\/wp\/v2\/media\/36965"}],"wp:attachment":[{"href":"https:\/\/rxcompetition.com\/en\/wp-json\/wp\/v2\/media?parent=36964"}],"wp:term":[{"taxonomy":"product_cat","embeddable":true,"href":"https:\/\/rxcompetition.com\/en\/wp-json\/wp\/v2\/product_cat?post=36964"},{"taxonomy":"product_tag","embeddable":true,"href":"https:\/\/rxcompetition.com\/en\/wp-json\/wp\/v2\/product_tag?post=36964"}],"curies":[{"name":"wp","href":"https:\/\/api.w.org\/{rel}","templated":true}]}}