{"id":36745,"date":"2023-08-06T16:59:03","date_gmt":"2023-08-06T16:59:03","guid":{"rendered":"https:\/\/rxcompetition.com\/?post_type=product&#038;p=36745"},"modified":"2024-04-27T14:53:33","modified_gmt":"2024-04-27T14:53:33","slug":"elite-skipping-rope","status":"publish","type":"product","link":"https:\/\/rxcompetition.com\/en\/product\/elite-skipping-rope\/","title":{"rendered":"ELITE SKIPPING ROPE"},"content":{"rendered":"<p>Perhaps you wonder why such a variety of skipping ropes?<\/p>\n<p>&nbsp;<\/p>\n<p class=\" translation-block\">The answer is simple, we aim to cater to all ranges and categories. That's why we offer our Elite Competition Ballistic Skipping Rope, specifically designed for high-level competitions.<\/p>\n<p>&nbsp;<\/p>\n<p>The handle is made of aerospace-grade aluminum with a significantly shorter length of 133 mm compared to the 176 mm of most commercial skipping ropes on the market. Thanks to this design, we can proudly claim that our skipping rope is up to 15% lighter than conventional aluminum ones, making it possibly the lightest on the market.<\/p>\n<p>&nbsp;<\/p>\n<p>The head is also made of aluminum and incorporates a high-speed oil-lubricated omnidirectional bearing system instead of the conventional grease. This combination of technical details makes it one of the fastest and most technical skipping ropes on the market.<\/p>\n<p>&nbsp;<\/p>\n<p><strong>THE PRICE IS FOR THE WHOLE SET<\/strong><\/p>","protected":false},"excerpt":{"rendered":"<p><strong>SPECIFICATIONS<\/strong><\/p>\n<p>&nbsp;<\/p>\n<p class=\" translation-block\">Brand: RX Competition<\/p>\n<p>Handle material: Aerospace-grade aluminum handle<\/p>\n<p>Inner bearing: Stainless steel ball Bearing<\/p>\n<p>Shaft material: Aluminum<\/p>\n<p>Steel shaft bearing type: High-speed oil-lubricated omnidirectional bearing system<\/p>\n<p>Total weight: 38 gr<\/p>\n<p>Total length: 131 mm<\/p>\n<p>Handle knurling diameter: 16 mm<\/p>\n<p>Handle smooth diameter: 13 mm<\/p>\n<p>Shaft diameter: 6 mm<\/p>\n<p>Ball bearing support diameter: 12 mm<\/p>\n<p>Cable diameter: 2,4 mm<\/p>\n<p>Total cable length: 3.300 mm<\/p>\n<p>Available colors: Red<\/p>\n<p>&nbsp;<\/p>\n<p><strong>*REAL PICTURES<\/strong><\/p>","protected":false},"featured_media":37317,"comment_status":"open","ping_status":"closed","template":"","meta":{"inline_featured_image":false},"product_cat":[15,144,263],"product_tag":[],"class_list":{"0":"post-36745","1":"product","2":"type-product","3":"status-publish","4":"has-post-thumbnail","6":"product_cat-crossfit-equipment","7":"product_cat-bodyweight","8":"product_cat-cuerdas","11":"first","12":"instock","13":"taxable","14":"shipping-taxable","15":"purchasable","16":"product-type-simple"},"yoast_head":"<!-- This site is optimized with the Yoast SEO plugin v23.2 - https:\/\/yoast.com\/wordpress\/plugins\/seo\/ -->\n<title>ELITE SKIPPING ROPE - RX Competition<\/title>\n<meta name=\"robots\" content=\"index, follow, max-snippet:-1, max-image-preview:large, max-video-preview:-1\" \/>\n<link rel=\"canonical\" href=\"https:\/\/rxcompetition.com\/en\/product\/elite-skipping-rope\/\" \/>\n<meta property=\"og:locale\" content=\"en_US\" \/>\n<meta property=\"og:type\" content=\"article\" \/>\n<meta property=\"og:title\" content=\"ELITE SKIPPING ROPE - RX Competition\" \/>\n<meta property=\"og:description\" content=\"ESPECIFICACIONES  &nbsp;  Marca: RX Competition  Material del mango: Aluminio aeron\u00e1utico  Rodamiento interno del mango: De bolas en acero inoxidable  Material del eje: Aluminio  Tipo de rodamiento del eje: Omnidireccional lubricado con aceite de alta velocidad  Peso total: 38 gramos  Longitud total: 133 mm  Di\u00e1metro de la zona moleteada del mango: 16 mm  Di\u00e1metro de la zona lisa del mango: 13 mm  Di\u00e1metro del eje: 6 mm  Di\u00e1metro del soporte bola: 12 mm  Di\u00e1metro del cable: 2,4 mm  Longitud del cable: 3.300 mm  Colores disponibles: Rojo  &nbsp;  *IMAGENES REALES\" \/>\n<meta property=\"og:url\" content=\"https:\/\/rxcompetition.com\/en\/product\/elite-skipping-rope\/\" \/>\n<meta property=\"og:site_name\" content=\"RX Competition\" \/>\n<meta property=\"article:modified_time\" content=\"2024-04-27T14:53:33+00:00\" \/>\n<meta property=\"og:image\" content=\"https:\/\/rxcompetition.com\/wp-content\/uploads\/2023\/08\/POI_042-scaled.jpg\" \/>\n\t<meta property=\"og:image:width\" content=\"2560\" \/>\n\t<meta property=\"og:image:height\" content=\"1707\" \/>\n\t<meta property=\"og:image:type\" content=\"image\/jpeg\" \/>\n<meta name=\"twitter:card\" content=\"summary_large_image\" \/>\n<meta name=\"twitter:label1\" content=\"Est. reading time\" \/>\n\t<meta name=\"twitter:data1\" content=\"1 minute\" \/>\n<script type=\"application\/ld+json\" class=\"yoast-schema-graph\">{\"@context\":\"https:\/\/schema.org\",\"@graph\":[{\"@type\":\"WebPage\",\"@id\":\"https:\/\/rxcompetition.com\/product\/elite-skipping-rope\/\",\"url\":\"https:\/\/rxcompetition.com\/product\/elite-skipping-rope\/\",\"name\":\"ELITE SKIPPING ROPE - RX Competition\",\"isPartOf\":{\"@id\":\"https:\/\/rxcompetition.com\/#website\"},\"primaryImageOfPage\":{\"@id\":\"https:\/\/rxcompetition.com\/product\/elite-skipping-rope\/#primaryimage\"},\"image\":{\"@id\":\"https:\/\/rxcompetition.com\/product\/elite-skipping-rope\/#primaryimage\"},\"thumbnailUrl\":\"https:\/\/rxcompetition.com\/wp-content\/uploads\/2023\/08\/POI_042-scaled.jpg\",\"datePublished\":\"2023-08-06T16:59:03+00:00\",\"dateModified\":\"2024-04-27T14:53:33+00:00\",\"breadcrumb\":{\"@id\":\"https:\/\/rxcompetition.com\/product\/elite-skipping-rope\/#breadcrumb\"},\"inLanguage\":\"en-US\",\"potentialAction\":[{\"@type\":\"ReadAction\",\"target\":[\"https:\/\/rxcompetition.com\/product\/elite-skipping-rope\/\"]}]},{\"@type\":\"ImageObject\",\"inLanguage\":\"en-US\",\"@id\":\"https:\/\/rxcompetition.com\/product\/elite-skipping-rope\/#primaryimage\",\"url\":\"https:\/\/rxcompetition.com\/wp-content\/uploads\/2023\/08\/POI_042-scaled.jpg\",\"contentUrl\":\"https:\/\/rxcompetition.com\/wp-content\/uploads\/2023\/08\/POI_042-scaled.jpg\",\"width\":2560,\"height\":1707},{\"@type\":\"BreadcrumbList\",\"@id\":\"https:\/\/rxcompetition.com\/product\/elite-skipping-rope\/#breadcrumb\",\"itemListElement\":[{\"@type\":\"ListItem\",\"position\":1,\"name\":\"Inicio\",\"item\":\"https:\/\/rxcompetition.com\/\"},{\"@type\":\"ListItem\",\"position\":2,\"name\":\"Tienda\",\"item\":\"https:\/\/rxcompetition.com\/tienda\/\"},{\"@type\":\"ListItem\",\"position\":3,\"name\":\"ELITE SKIPPING ROPE\"}]},{\"@type\":\"WebSite\",\"@id\":\"https:\/\/rxcompetition.com\/#website\",\"url\":\"https:\/\/rxcompetition.com\/\",\"name\":\"RX Competition\",\"description\":\"\",\"publisher\":{\"@id\":\"https:\/\/rxcompetition.com\/#organization\"},\"potentialAction\":[{\"@type\":\"SearchAction\",\"target\":{\"@type\":\"EntryPoint\",\"urlTemplate\":\"https:\/\/rxcompetition.com\/?s={search_term_string}\"},\"query-input\":\"required name=search_term_string\"}],\"inLanguage\":\"en-US\"},{\"@type\":\"Organization\",\"@id\":\"https:\/\/rxcompetition.com\/#organization\",\"name\":\"RX Competition\",\"url\":\"https:\/\/rxcompetition.com\/\",\"logo\":{\"@type\":\"ImageObject\",\"inLanguage\":\"en-US\",\"@id\":\"https:\/\/rxcompetition.com\/#\/schema\/logo\/image\/\",\"url\":\"https:\/\/rxcompetition.com\/wp-content\/uploads\/2023\/04\/LOGO-RX-PROGRAMA.png\",\"contentUrl\":\"https:\/\/rxcompetition.com\/wp-content\/uploads\/2023\/04\/LOGO-RX-PROGRAMA.png\",\"width\":1416,\"height\":672,\"caption\":\"RX Competition\"},\"image\":{\"@id\":\"https:\/\/rxcompetition.com\/#\/schema\/logo\/image\/\"}}]}<\/script>\n<!-- \/ Yoast SEO plugin. -->","yoast_head_json":{"title":"ELITE SKIPPING ROPE - RX Competition","robots":{"index":"index","follow":"follow","max-snippet":"max-snippet:-1","max-image-preview":"max-image-preview:large","max-video-preview":"max-video-preview:-1"},"canonical":"https:\/\/rxcompetition.com\/en\/product\/elite-skipping-rope\/","og_locale":"en_US","og_type":"article","og_title":"ELITE SKIPPING ROPE - RX Competition","og_description":"ESPECIFICACIONES  &nbsp;  Marca: RX Competition  Material del mango: Aluminio aeron\u00e1utico  Rodamiento interno del mango: De bolas en acero inoxidable  Material del eje: Aluminio  Tipo de rodamiento del eje: Omnidireccional lubricado con aceite de alta velocidad  Peso total: 38 gramos  Longitud total: 133 mm  Di\u00e1metro de la zona moleteada del mango: 16 mm  Di\u00e1metro de la zona lisa del mango: 13 mm  Di\u00e1metro del eje: 6 mm  Di\u00e1metro del soporte bola: 12 mm  Di\u00e1metro del cable: 2,4 mm  Longitud del cable: 3.300 mm  Colores disponibles: Rojo  &nbsp;  *IMAGENES REALES","og_url":"https:\/\/rxcompetition.com\/en\/product\/elite-skipping-rope\/","og_site_name":"RX Competition","article_modified_time":"2024-04-27T14:53:33+00:00","og_image":[{"width":2560,"height":1707,"url":"https:\/\/rxcompetition.com\/wp-content\/uploads\/2023\/08\/POI_042-scaled.jpg","type":"image\/jpeg"}],"twitter_card":"summary_large_image","twitter_misc":{"Est. reading time":"1 minute"},"schema":{"@context":"https:\/\/schema.org","@graph":[{"@type":"WebPage","@id":"https:\/\/rxcompetition.com\/product\/elite-skipping-rope\/","url":"https:\/\/rxcompetition.com\/product\/elite-skipping-rope\/","name":"ELITE SKIPPING ROPE - RX Competition","isPartOf":{"@id":"https:\/\/rxcompetition.com\/#website"},"primaryImageOfPage":{"@id":"https:\/\/rxcompetition.com\/product\/elite-skipping-rope\/#primaryimage"},"image":{"@id":"https:\/\/rxcompetition.com\/product\/elite-skipping-rope\/#primaryimage"},"thumbnailUrl":"https:\/\/rxcompetition.com\/wp-content\/uploads\/2023\/08\/POI_042-scaled.jpg","datePublished":"2023-08-06T16:59:03+00:00","dateModified":"2024-04-27T14:53:33+00:00","breadcrumb":{"@id":"https:\/\/rxcompetition.com\/product\/elite-skipping-rope\/#breadcrumb"},"inLanguage":"en-US","potentialAction":[{"@type":"ReadAction","target":["https:\/\/rxcompetition.com\/product\/elite-skipping-rope\/"]}]},{"@type":"ImageObject","inLanguage":"en-US","@id":"https:\/\/rxcompetition.com\/product\/elite-skipping-rope\/#primaryimage","url":"https:\/\/rxcompetition.com\/wp-content\/uploads\/2023\/08\/POI_042-scaled.jpg","contentUrl":"https:\/\/rxcompetition.com\/wp-content\/uploads\/2023\/08\/POI_042-scaled.jpg","width":2560,"height":1707},{"@type":"BreadcrumbList","@id":"https:\/\/rxcompetition.com\/product\/elite-skipping-rope\/#breadcrumb","itemListElement":[{"@type":"ListItem","position":1,"name":"Inicio","item":"https:\/\/rxcompetition.com\/"},{"@type":"ListItem","position":2,"name":"Tienda","item":"https:\/\/rxcompetition.com\/tienda\/"},{"@type":"ListItem","position":3,"name":"ELITE SKIPPING ROPE"}]},{"@type":"WebSite","@id":"https:\/\/rxcompetition.com\/#website","url":"https:\/\/rxcompetition.com\/","name":"RX Competition","description":"","publisher":{"@id":"https:\/\/rxcompetition.com\/#organization"},"potentialAction":[{"@type":"SearchAction","target":{"@type":"EntryPoint","urlTemplate":"https:\/\/rxcompetition.com\/?s={search_term_string}"},"query-input":"required name=search_term_string"}],"inLanguage":"en-US"},{"@type":"Organization","@id":"https:\/\/rxcompetition.com\/#organization","name":"RX Competition","url":"https:\/\/rxcompetition.com\/","logo":{"@type":"ImageObject","inLanguage":"en-US","@id":"https:\/\/rxcompetition.com\/#\/schema\/logo\/image\/","url":"https:\/\/rxcompetition.com\/wp-content\/uploads\/2023\/04\/LOGO-RX-PROGRAMA.png","contentUrl":"https:\/\/rxcompetition.com\/wp-content\/uploads\/2023\/04\/LOGO-RX-PROGRAMA.png","width":1416,"height":672,"caption":"RX Competition"},"image":{"@id":"https:\/\/rxcompetition.com\/#\/schema\/logo\/image\/"}}]}},"jetpack_sharing_enabled":true,"_links":{"self":[{"href":"https:\/\/rxcompetition.com\/en\/wp-json\/wp\/v2\/product\/36745","targetHints":{"allow":["GET"]}}],"collection":[{"href":"https:\/\/rxcompetition.com\/en\/wp-json\/wp\/v2\/product"}],"about":[{"href":"https:\/\/rxcompetition.com\/en\/wp-json\/wp\/v2\/types\/product"}],"replies":[{"embeddable":true,"href":"https:\/\/rxcompetition.com\/en\/wp-json\/wp\/v2\/comments?post=36745"}],"wp:featuredmedia":[{"embeddable":true,"href":"https:\/\/rxcompetition.com\/en\/wp-json\/wp\/v2\/media\/37317"}],"wp:attachment":[{"href":"https:\/\/rxcompetition.com\/en\/wp-json\/wp\/v2\/media?parent=36745"}],"wp:term":[{"taxonomy":"product_cat","embeddable":true,"href":"https:\/\/rxcompetition.com\/en\/wp-json\/wp\/v2\/product_cat?post=36745"},{"taxonomy":"product_tag","embeddable":true,"href":"https:\/\/rxcompetition.com\/en\/wp-json\/wp\/v2\/product_tag?post=36745"}],"curies":[{"name":"wp","href":"https:\/\/api.w.org\/{rel}","templated":true}]}}