{"id":36003,"date":"2023-06-11T19:46:21","date_gmt":"2023-06-11T19:46:21","guid":{"rendered":"https:\/\/rxcompetition.com\/?post_type=product&#038;p=36003"},"modified":"2024-04-27T13:24:32","modified_gmt":"2024-04-27T13:24:32","slug":"rig-1800-double-assymetric-round-bar","status":"publish","type":"product","link":"https:\/\/rxcompetition.com\/en\/product\/rig-1800-double-assymetric-round-bar\/","title":{"rendered":"RIG 1800 DOUBLE ASSYMETRIC ROUND BAR"},"content":{"rendered":"<p class=\" translation-block\">Our RX Rig 1800 Double Assymetric Round bar is our two round bar profile with 1.800 mm length, specially designed for Rig training structures attachment.<\/p>\n<p>&nbsp;<\/p>\n<p class=\" translation-block\">This crossmember is composed of two round \u00d833,7 mm pipes with 3,25 mm thickness, and it has a solid steel flat 10 mm thickness assembling steel base that includes our laser-cut brand logo, these thickness specifications can only be found in RX Competition. It also includes a solid reinforcement 30 x 30 mm thickness handrail located in the center to add a extreme rigidity to the whole assembly.<\/p>\n<p>&nbsp;<\/p>\n<p class=\" translation-block\">This is a highly functional crossmember that allows for endless training possibilities on the structure, as well as providing greater structural rigidity. In addition to being a structural upright for attachment to an Upright column, this crossmember is a perfect accessory to add versatility to the whole training station in terms of exercises, such as Pull Ups or Muscle Ups. The presence of those three bars allows for training Double Pull Ups with space enough for two advanced-level athletes.<\/p>\n<p>&nbsp;<\/p>\n<p>This structure is manufactured and machined in Spain under the strictest quality controls, ensuring high-quality finishes in terms of laser cutting precision and, above all, the welding quality.<\/p>\n<p>&nbsp;<\/p>\n<p><strong>THE PRICE IS PER UNIT<\/strong><\/p>","protected":false},"excerpt":{"rendered":"<p><strong>SPECIFICATIONS<\/strong><\/p>\n<p>&nbsp;<\/p>\n<p class=\" translation-block\">Brand: RX Competition<\/p>\n<p>Manufactured in Spain<\/p>\n<p class=\" translation-block\">Usage: Structural for Rig stations<\/p>\n<p>Material: Powder coated black steel<\/p>\n<p>Pipe diameter: 33,7 mm<\/p>\n<p>Pipe thickness: 3,25 mm<\/p>\n<p>Assembling base: 259 x 398 mm<\/p>\n<p>Assembling base thickness: 10 mm<\/p>\n<p>Total length: 1.800 mm<\/p>\n<p>Total width: 259 mm<\/p>\n<p>Total height: 398 mm<\/p>\n<p>Weight: 12 kg<\/p>\n<p>Recommended maximum load: 300 kg<\/p>\n<p>Material warranty: 2 years<\/p>\n<p>Coating warranty: 2 years<\/p>\n<p>&nbsp;<\/p>\n<p><strong>*REAL PICTURES<\/strong><\/p>","protected":false},"featured_media":37417,"comment_status":"closed","ping_status":"closed","template":"","meta":{"inline_featured_image":false},"product_cat":[146,158,165,169],"product_tag":[],"class_list":{"0":"post-36003","1":"product","2":"type-product","3":"status-publish","4":"has-post-thumbnail","6":"product_cat-rigs-racks","7":"product_cat-rigs-racks-elite","8":"product_cat-elite-rigs","9":"product_cat-crossmembers-rigs","12":"first","13":"instock","14":"taxable","15":"shipping-taxable","16":"purchasable","17":"product-type-simple"},"yoast_head":"<!-- This site is optimized with the Yoast SEO plugin v23.2 - https:\/\/yoast.com\/wordpress\/plugins\/seo\/ -->\n<title>RIG 1800 DOUBLE ASSYMETRIC ROUND BAR - RX Competition<\/title>\n<meta name=\"robots\" content=\"index, follow, max-snippet:-1, max-image-preview:large, max-video-preview:-1\" \/>\n<link rel=\"canonical\" href=\"https:\/\/rxcompetition.com\/en\/product\/rig-1800-double-assymetric-round-bar\/\" \/>\n<meta property=\"og:locale\" content=\"en_US\" \/>\n<meta property=\"og:type\" content=\"article\" \/>\n<meta property=\"og:title\" content=\"RIG 1800 DOUBLE ASSYMETRIC ROUND BAR - RX Competition\" \/>\n<meta property=\"og:description\" content=\"ESPECIFICACIONES  &nbsp;  Marca: RX Competition  Fabricado en Espa\u00f1a  Uso: Estructural para estructura Rig  Material: Acero recubierto de pintura en polvo color negro  Di\u00e1metro del tubo: 33,7 mm  Espesor del tubo: 3,25 mm  Base del anclaje: 259 x 398 mm  Espesor de la base de anclaje: 10 mm  Longitud total: 1.800 mm  Ancho total: 259 mm  Altura total: 398 mm  Peso: 12 kg  Carga m\u00e1xima recomendada: 300 kg  Garant\u00eda sobre el material: 2 a\u00f1os  Garant\u00eda sobre el recubrimiento: 2 a\u00f1os  &nbsp;  *IMAGENES REALES\" \/>\n<meta property=\"og:url\" content=\"https:\/\/rxcompetition.com\/en\/product\/rig-1800-double-assymetric-round-bar\/\" \/>\n<meta property=\"og:site_name\" content=\"RX Competition\" \/>\n<meta property=\"article:modified_time\" content=\"2024-04-27T13:24:32+00:00\" \/>\n<meta property=\"og:image\" content=\"https:\/\/rxcompetition.com\/wp-content\/uploads\/2023\/06\/Assymetric1800-scaled.jpg\" \/>\n\t<meta property=\"og:image:width\" content=\"2560\" \/>\n\t<meta property=\"og:image:height\" content=\"1707\" \/>\n\t<meta property=\"og:image:type\" content=\"image\/jpeg\" \/>\n<meta name=\"twitter:card\" content=\"summary_large_image\" \/>\n<meta name=\"twitter:label1\" content=\"Est. reading time\" \/>\n\t<meta name=\"twitter:data1\" content=\"1 minute\" \/>\n<script type=\"application\/ld+json\" class=\"yoast-schema-graph\">{\"@context\":\"https:\/\/schema.org\",\"@graph\":[{\"@type\":\"WebPage\",\"@id\":\"https:\/\/rxcompetition.com\/product\/rig-1800-double-assymetric-round-bar\/\",\"url\":\"https:\/\/rxcompetition.com\/product\/rig-1800-double-assymetric-round-bar\/\",\"name\":\"RIG 1800 DOUBLE ASSYMETRIC ROUND BAR - RX Competition\",\"isPartOf\":{\"@id\":\"https:\/\/rxcompetition.com\/#website\"},\"primaryImageOfPage\":{\"@id\":\"https:\/\/rxcompetition.com\/product\/rig-1800-double-assymetric-round-bar\/#primaryimage\"},\"image\":{\"@id\":\"https:\/\/rxcompetition.com\/product\/rig-1800-double-assymetric-round-bar\/#primaryimage\"},\"thumbnailUrl\":\"https:\/\/rxcompetition.com\/wp-content\/uploads\/2023\/06\/Assymetric1800-scaled.jpg\",\"datePublished\":\"2023-06-11T19:46:21+00:00\",\"dateModified\":\"2024-04-27T13:24:32+00:00\",\"breadcrumb\":{\"@id\":\"https:\/\/rxcompetition.com\/product\/rig-1800-double-assymetric-round-bar\/#breadcrumb\"},\"inLanguage\":\"en-US\",\"potentialAction\":[{\"@type\":\"ReadAction\",\"target\":[\"https:\/\/rxcompetition.com\/product\/rig-1800-double-assymetric-round-bar\/\"]}]},{\"@type\":\"ImageObject\",\"inLanguage\":\"en-US\",\"@id\":\"https:\/\/rxcompetition.com\/product\/rig-1800-double-assymetric-round-bar\/#primaryimage\",\"url\":\"https:\/\/rxcompetition.com\/wp-content\/uploads\/2023\/06\/Assymetric1800-scaled.jpg\",\"contentUrl\":\"https:\/\/rxcompetition.com\/wp-content\/uploads\/2023\/06\/Assymetric1800-scaled.jpg\",\"width\":2560,\"height\":1707},{\"@type\":\"BreadcrumbList\",\"@id\":\"https:\/\/rxcompetition.com\/product\/rig-1800-double-assymetric-round-bar\/#breadcrumb\",\"itemListElement\":[{\"@type\":\"ListItem\",\"position\":1,\"name\":\"Inicio\",\"item\":\"https:\/\/rxcompetition.com\/\"},{\"@type\":\"ListItem\",\"position\":2,\"name\":\"Tienda\",\"item\":\"https:\/\/rxcompetition.com\/tienda\/\"},{\"@type\":\"ListItem\",\"position\":3,\"name\":\"RIG 1800 DOUBLE ASSYMETRIC ROUND BAR\"}]},{\"@type\":\"WebSite\",\"@id\":\"https:\/\/rxcompetition.com\/#website\",\"url\":\"https:\/\/rxcompetition.com\/\",\"name\":\"RX Competition\",\"description\":\"\",\"publisher\":{\"@id\":\"https:\/\/rxcompetition.com\/#organization\"},\"potentialAction\":[{\"@type\":\"SearchAction\",\"target\":{\"@type\":\"EntryPoint\",\"urlTemplate\":\"https:\/\/rxcompetition.com\/?s={search_term_string}\"},\"query-input\":\"required name=search_term_string\"}],\"inLanguage\":\"en-US\"},{\"@type\":\"Organization\",\"@id\":\"https:\/\/rxcompetition.com\/#organization\",\"name\":\"RX Competition\",\"url\":\"https:\/\/rxcompetition.com\/\",\"logo\":{\"@type\":\"ImageObject\",\"inLanguage\":\"en-US\",\"@id\":\"https:\/\/rxcompetition.com\/#\/schema\/logo\/image\/\",\"url\":\"https:\/\/rxcompetition.com\/wp-content\/uploads\/2023\/04\/LOGO-RX-PROGRAMA.png\",\"contentUrl\":\"https:\/\/rxcompetition.com\/wp-content\/uploads\/2023\/04\/LOGO-RX-PROGRAMA.png\",\"width\":1416,\"height\":672,\"caption\":\"RX Competition\"},\"image\":{\"@id\":\"https:\/\/rxcompetition.com\/#\/schema\/logo\/image\/\"}}]}<\/script>\n<!-- \/ Yoast SEO plugin. -->","yoast_head_json":{"title":"RIG 1800 DOUBLE ASSYMETRIC ROUND BAR - RX Competition","robots":{"index":"index","follow":"follow","max-snippet":"max-snippet:-1","max-image-preview":"max-image-preview:large","max-video-preview":"max-video-preview:-1"},"canonical":"https:\/\/rxcompetition.com\/en\/product\/rig-1800-double-assymetric-round-bar\/","og_locale":"en_US","og_type":"article","og_title":"RIG 1800 DOUBLE ASSYMETRIC ROUND BAR - RX Competition","og_description":"ESPECIFICACIONES  &nbsp;  Marca: RX Competition  Fabricado en Espa\u00f1a  Uso: Estructural para estructura Rig  Material: Acero recubierto de pintura en polvo color negro  Di\u00e1metro del tubo: 33,7 mm  Espesor del tubo: 3,25 mm  Base del anclaje: 259 x 398 mm  Espesor de la base de anclaje: 10 mm  Longitud total: 1.800 mm  Ancho total: 259 mm  Altura total: 398 mm  Peso: 12 kg  Carga m\u00e1xima recomendada: 300 kg  Garant\u00eda sobre el material: 2 a\u00f1os  Garant\u00eda sobre el recubrimiento: 2 a\u00f1os  &nbsp;  *IMAGENES REALES","og_url":"https:\/\/rxcompetition.com\/en\/product\/rig-1800-double-assymetric-round-bar\/","og_site_name":"RX Competition","article_modified_time":"2024-04-27T13:24:32+00:00","og_image":[{"width":2560,"height":1707,"url":"https:\/\/rxcompetition.com\/wp-content\/uploads\/2023\/06\/Assymetric1800-scaled.jpg","type":"image\/jpeg"}],"twitter_card":"summary_large_image","twitter_misc":{"Est. reading time":"1 minute"},"schema":{"@context":"https:\/\/schema.org","@graph":[{"@type":"WebPage","@id":"https:\/\/rxcompetition.com\/product\/rig-1800-double-assymetric-round-bar\/","url":"https:\/\/rxcompetition.com\/product\/rig-1800-double-assymetric-round-bar\/","name":"RIG 1800 DOUBLE ASSYMETRIC ROUND BAR - RX Competition","isPartOf":{"@id":"https:\/\/rxcompetition.com\/#website"},"primaryImageOfPage":{"@id":"https:\/\/rxcompetition.com\/product\/rig-1800-double-assymetric-round-bar\/#primaryimage"},"image":{"@id":"https:\/\/rxcompetition.com\/product\/rig-1800-double-assymetric-round-bar\/#primaryimage"},"thumbnailUrl":"https:\/\/rxcompetition.com\/wp-content\/uploads\/2023\/06\/Assymetric1800-scaled.jpg","datePublished":"2023-06-11T19:46:21+00:00","dateModified":"2024-04-27T13:24:32+00:00","breadcrumb":{"@id":"https:\/\/rxcompetition.com\/product\/rig-1800-double-assymetric-round-bar\/#breadcrumb"},"inLanguage":"en-US","potentialAction":[{"@type":"ReadAction","target":["https:\/\/rxcompetition.com\/product\/rig-1800-double-assymetric-round-bar\/"]}]},{"@type":"ImageObject","inLanguage":"en-US","@id":"https:\/\/rxcompetition.com\/product\/rig-1800-double-assymetric-round-bar\/#primaryimage","url":"https:\/\/rxcompetition.com\/wp-content\/uploads\/2023\/06\/Assymetric1800-scaled.jpg","contentUrl":"https:\/\/rxcompetition.com\/wp-content\/uploads\/2023\/06\/Assymetric1800-scaled.jpg","width":2560,"height":1707},{"@type":"BreadcrumbList","@id":"https:\/\/rxcompetition.com\/product\/rig-1800-double-assymetric-round-bar\/#breadcrumb","itemListElement":[{"@type":"ListItem","position":1,"name":"Inicio","item":"https:\/\/rxcompetition.com\/"},{"@type":"ListItem","position":2,"name":"Tienda","item":"https:\/\/rxcompetition.com\/tienda\/"},{"@type":"ListItem","position":3,"name":"RIG 1800 DOUBLE ASSYMETRIC ROUND BAR"}]},{"@type":"WebSite","@id":"https:\/\/rxcompetition.com\/#website","url":"https:\/\/rxcompetition.com\/","name":"RX Competition","description":"","publisher":{"@id":"https:\/\/rxcompetition.com\/#organization"},"potentialAction":[{"@type":"SearchAction","target":{"@type":"EntryPoint","urlTemplate":"https:\/\/rxcompetition.com\/?s={search_term_string}"},"query-input":"required name=search_term_string"}],"inLanguage":"en-US"},{"@type":"Organization","@id":"https:\/\/rxcompetition.com\/#organization","name":"RX Competition","url":"https:\/\/rxcompetition.com\/","logo":{"@type":"ImageObject","inLanguage":"en-US","@id":"https:\/\/rxcompetition.com\/#\/schema\/logo\/image\/","url":"https:\/\/rxcompetition.com\/wp-content\/uploads\/2023\/04\/LOGO-RX-PROGRAMA.png","contentUrl":"https:\/\/rxcompetition.com\/wp-content\/uploads\/2023\/04\/LOGO-RX-PROGRAMA.png","width":1416,"height":672,"caption":"RX Competition"},"image":{"@id":"https:\/\/rxcompetition.com\/#\/schema\/logo\/image\/"}}]}},"jetpack_sharing_enabled":true,"_links":{"self":[{"href":"https:\/\/rxcompetition.com\/en\/wp-json\/wp\/v2\/product\/36003","targetHints":{"allow":["GET"]}}],"collection":[{"href":"https:\/\/rxcompetition.com\/en\/wp-json\/wp\/v2\/product"}],"about":[{"href":"https:\/\/rxcompetition.com\/en\/wp-json\/wp\/v2\/types\/product"}],"replies":[{"embeddable":true,"href":"https:\/\/rxcompetition.com\/en\/wp-json\/wp\/v2\/comments?post=36003"}],"wp:featuredmedia":[{"embeddable":true,"href":"https:\/\/rxcompetition.com\/en\/wp-json\/wp\/v2\/media\/37417"}],"wp:attachment":[{"href":"https:\/\/rxcompetition.com\/en\/wp-json\/wp\/v2\/media?parent=36003"}],"wp:term":[{"taxonomy":"product_cat","embeddable":true,"href":"https:\/\/rxcompetition.com\/en\/wp-json\/wp\/v2\/product_cat?post=36003"},{"taxonomy":"product_tag","embeddable":true,"href":"https:\/\/rxcompetition.com\/en\/wp-json\/wp\/v2\/product_tag?post=36003"}],"curies":[{"name":"wp","href":"https:\/\/api.w.org\/{rel}","templated":true}]}}