{"id":35728,"date":"2023-05-01T19:01:22","date_gmt":"2023-05-01T19:01:22","guid":{"rendered":"https:\/\/rxcompetition.com\/?post_type=product&#038;p=35728"},"modified":"2024-05-10T07:11:57","modified_gmt":"2024-05-10T07:11:57","slug":"abike","status":"publish","type":"product","link":"https:\/\/rxcompetition.com\/en\/product\/abike\/","title":{"rendered":"ASSAULT AIRBIKE"},"content":{"rendered":"<p>Por fin tenemos una bicicleta est\u00e1tica para uso intensivo dise\u00f1ada a partir de los comentarios y opiniones directos de atletas y entrenadores. La bicicleta Assault AirBike ha reinventado y reorganizado pr\u00e1cticamente todos los componentes de la bicicleta de aire tradicional, desde la estructura del cuadro hasta las bielas y pedales, pasando por el monitor.<\/p>\n<p>La Assault AirBike utiliza la resistencia del aire para adaptarse autom\u00e1ticamente a la intensidad con la que quieras entrenar. Cuanto m\u00e1s fuerte pedalees, mayor resistencia encontrar\u00e1s. No es m\u00e1s que f\u00edsica b\u00e1sica, pero con enormes beneficios.<\/p>\n<p>&nbsp;<\/p>\n<p><strong>THE PRICE IS PER UNIT<\/strong><\/p>\n<p>&nbsp;<\/p>","protected":false},"excerpt":{"rendered":"<p><strong>SPECIFICATIONS<\/strong><\/p>\n<p class=\" translation-block\">Brand: RX Competition<\/p>\n<p>Work out: <em>Cardio, Cross Training,..<\/em><\/p>\n<p>Peso: 65 kg<\/p>\n<p>Peso m\u00e1ximo del usuario: 160 kg<\/p>\n<p>Valores mostrados en la pantalla LCD: vatios, RPM, calor\u00edas, ritmo cardiaco, distancia, tiempo, cuentakil\u00f3metros, entrenamiento por intervalos (entrenamiento tabata y personalizado)<\/p>\n<p>La extremada solidez del cuadro de acero evita por completo el balanceo<\/p>\n<p>Ventilador de acero de 635 mm de di\u00e1metro<\/p>\n<p>Asiento h\u00edbrido con m\u00faltiples opciones de ajuste<\/p>\n<p>Revestimiento en polvo industrial, para una mayor durabilidad<\/p>\n<p>Conjunto reforzado de biela y pedal<\/p>","protected":false},"featured_media":37957,"comment_status":"open","ping_status":"closed","template":"","meta":{"inline_featured_image":false},"product_cat":[149],"product_tag":[],"class_list":{"0":"post-35728","1":"product","2":"type-product","3":"status-publish","4":"has-post-thumbnail","6":"product_cat-cardio-machines","9":"first","10":"outofstock","11":"taxable","12":"shipping-taxable","13":"purchasable","14":"product-type-simple"},"yoast_head":"<!-- This site is optimized with the Yoast SEO plugin v23.2 - https:\/\/yoast.com\/wordpress\/plugins\/seo\/ -->\n<title>ASSAULT AIRBIKE - RX Competition<\/title>\n<meta name=\"robots\" content=\"index, follow, max-snippet:-1, max-image-preview:large, max-video-preview:-1\" \/>\n<link rel=\"canonical\" href=\"https:\/\/rxcompetition.com\/en\/product\/abike\/\" \/>\n<meta property=\"og:locale\" content=\"en_US\" \/>\n<meta property=\"og:type\" content=\"article\" \/>\n<meta property=\"og:title\" content=\"ASSAULT AIRBIKE - RX Competition\" \/>\n<meta property=\"og:description\" content=\"ESPECIFICACIONES  Marca:\u00a0RX Competition  Uso: Cardio, Cross Training,..  Peso: 65 kg  Peso m\u00e1ximo del usuario: 160 kg  Valores mostrados en la pantalla LCD: vatios, RPM, calor\u00edas, ritmo cardiaco, distancia, tiempo, cuentakil\u00f3metros, entrenamiento por intervalos (entrenamiento tabata y personalizado)  La extremada solidez del cuadro de acero evita por completo el balanceo  Ventilador de acero de 635 mm de di\u00e1metro  Asiento h\u00edbrido con m\u00faltiples opciones de ajuste  Revestimiento en polvo industrial, para una mayor durabilidad  Conjunto reforzado de biela y pedal\" \/>\n<meta property=\"og:url\" content=\"https:\/\/rxcompetition.com\/en\/product\/abike\/\" \/>\n<meta property=\"og:site_name\" content=\"RX Competition\" \/>\n<meta property=\"article:modified_time\" content=\"2024-05-10T07:11:57+00:00\" \/>\n<meta property=\"og:image\" content=\"https:\/\/rxcompetition.com\/wp-content\/uploads\/2023\/05\/5-LOGO-scaled.jpg\" \/>\n\t<meta property=\"og:image:width\" content=\"2560\" \/>\n\t<meta property=\"og:image:height\" content=\"1707\" \/>\n\t<meta property=\"og:image:type\" content=\"image\/jpeg\" \/>\n<meta name=\"twitter:card\" content=\"summary_large_image\" \/>\n<meta name=\"twitter:label1\" content=\"Est. reading time\" \/>\n\t<meta name=\"twitter:data1\" content=\"1 minute\" \/>\n<script type=\"application\/ld+json\" class=\"yoast-schema-graph\">{\"@context\":\"https:\/\/schema.org\",\"@graph\":[{\"@type\":\"WebPage\",\"@id\":\"https:\/\/rxcompetition.com\/product\/abike\/\",\"url\":\"https:\/\/rxcompetition.com\/product\/abike\/\",\"name\":\"ASSAULT AIRBIKE - RX Competition\",\"isPartOf\":{\"@id\":\"https:\/\/rxcompetition.com\/#website\"},\"primaryImageOfPage\":{\"@id\":\"https:\/\/rxcompetition.com\/product\/abike\/#primaryimage\"},\"image\":{\"@id\":\"https:\/\/rxcompetition.com\/product\/abike\/#primaryimage\"},\"thumbnailUrl\":\"https:\/\/rxcompetition.com\/wp-content\/uploads\/2023\/05\/5-LOGO-scaled.jpg\",\"datePublished\":\"2023-05-01T19:01:22+00:00\",\"dateModified\":\"2024-05-10T07:11:57+00:00\",\"breadcrumb\":{\"@id\":\"https:\/\/rxcompetition.com\/product\/abike\/#breadcrumb\"},\"inLanguage\":\"en-US\",\"potentialAction\":[{\"@type\":\"ReadAction\",\"target\":[\"https:\/\/rxcompetition.com\/product\/abike\/\"]}]},{\"@type\":\"ImageObject\",\"inLanguage\":\"en-US\",\"@id\":\"https:\/\/rxcompetition.com\/product\/abike\/#primaryimage\",\"url\":\"https:\/\/rxcompetition.com\/wp-content\/uploads\/2023\/05\/5-LOGO-scaled.jpg\",\"contentUrl\":\"https:\/\/rxcompetition.com\/wp-content\/uploads\/2023\/05\/5-LOGO-scaled.jpg\",\"width\":2560,\"height\":1707},{\"@type\":\"BreadcrumbList\",\"@id\":\"https:\/\/rxcompetition.com\/product\/abike\/#breadcrumb\",\"itemListElement\":[{\"@type\":\"ListItem\",\"position\":1,\"name\":\"Inicio\",\"item\":\"https:\/\/rxcompetition.com\/\"},{\"@type\":\"ListItem\",\"position\":2,\"name\":\"Tienda\",\"item\":\"https:\/\/rxcompetition.com\/tienda\/\"},{\"@type\":\"ListItem\",\"position\":3,\"name\":\"ASSAULT AIRBIKE\"}]},{\"@type\":\"WebSite\",\"@id\":\"https:\/\/rxcompetition.com\/#website\",\"url\":\"https:\/\/rxcompetition.com\/\",\"name\":\"RX Competition\",\"description\":\"\",\"publisher\":{\"@id\":\"https:\/\/rxcompetition.com\/#organization\"},\"potentialAction\":[{\"@type\":\"SearchAction\",\"target\":{\"@type\":\"EntryPoint\",\"urlTemplate\":\"https:\/\/rxcompetition.com\/?s={search_term_string}\"},\"query-input\":\"required name=search_term_string\"}],\"inLanguage\":\"en-US\"},{\"@type\":\"Organization\",\"@id\":\"https:\/\/rxcompetition.com\/#organization\",\"name\":\"RX Competition\",\"url\":\"https:\/\/rxcompetition.com\/\",\"logo\":{\"@type\":\"ImageObject\",\"inLanguage\":\"en-US\",\"@id\":\"https:\/\/rxcompetition.com\/#\/schema\/logo\/image\/\",\"url\":\"https:\/\/rxcompetition.com\/wp-content\/uploads\/2023\/04\/LOGO-RX-PROGRAMA.png\",\"contentUrl\":\"https:\/\/rxcompetition.com\/wp-content\/uploads\/2023\/04\/LOGO-RX-PROGRAMA.png\",\"width\":1416,\"height\":672,\"caption\":\"RX Competition\"},\"image\":{\"@id\":\"https:\/\/rxcompetition.com\/#\/schema\/logo\/image\/\"}}]}<\/script>\n<!-- \/ Yoast SEO plugin. -->","yoast_head_json":{"title":"ASSAULT AIRBIKE - RX Competition","robots":{"index":"index","follow":"follow","max-snippet":"max-snippet:-1","max-image-preview":"max-image-preview:large","max-video-preview":"max-video-preview:-1"},"canonical":"https:\/\/rxcompetition.com\/en\/product\/abike\/","og_locale":"en_US","og_type":"article","og_title":"ASSAULT AIRBIKE - RX Competition","og_description":"ESPECIFICACIONES  Marca:\u00a0RX Competition  Uso: Cardio, Cross Training,..  Peso: 65 kg  Peso m\u00e1ximo del usuario: 160 kg  Valores mostrados en la pantalla LCD: vatios, RPM, calor\u00edas, ritmo cardiaco, distancia, tiempo, cuentakil\u00f3metros, entrenamiento por intervalos (entrenamiento tabata y personalizado)  La extremada solidez del cuadro de acero evita por completo el balanceo  Ventilador de acero de 635 mm de di\u00e1metro  Asiento h\u00edbrido con m\u00faltiples opciones de ajuste  Revestimiento en polvo industrial, para una mayor durabilidad  Conjunto reforzado de biela y pedal","og_url":"https:\/\/rxcompetition.com\/en\/product\/abike\/","og_site_name":"RX Competition","article_modified_time":"2024-05-10T07:11:57+00:00","og_image":[{"width":2560,"height":1707,"url":"https:\/\/rxcompetition.com\/wp-content\/uploads\/2023\/05\/5-LOGO-scaled.jpg","type":"image\/jpeg"}],"twitter_card":"summary_large_image","twitter_misc":{"Est. reading time":"1 minute"},"schema":{"@context":"https:\/\/schema.org","@graph":[{"@type":"WebPage","@id":"https:\/\/rxcompetition.com\/product\/abike\/","url":"https:\/\/rxcompetition.com\/product\/abike\/","name":"ASSAULT AIRBIKE - RX Competition","isPartOf":{"@id":"https:\/\/rxcompetition.com\/#website"},"primaryImageOfPage":{"@id":"https:\/\/rxcompetition.com\/product\/abike\/#primaryimage"},"image":{"@id":"https:\/\/rxcompetition.com\/product\/abike\/#primaryimage"},"thumbnailUrl":"https:\/\/rxcompetition.com\/wp-content\/uploads\/2023\/05\/5-LOGO-scaled.jpg","datePublished":"2023-05-01T19:01:22+00:00","dateModified":"2024-05-10T07:11:57+00:00","breadcrumb":{"@id":"https:\/\/rxcompetition.com\/product\/abike\/#breadcrumb"},"inLanguage":"en-US","potentialAction":[{"@type":"ReadAction","target":["https:\/\/rxcompetition.com\/product\/abike\/"]}]},{"@type":"ImageObject","inLanguage":"en-US","@id":"https:\/\/rxcompetition.com\/product\/abike\/#primaryimage","url":"https:\/\/rxcompetition.com\/wp-content\/uploads\/2023\/05\/5-LOGO-scaled.jpg","contentUrl":"https:\/\/rxcompetition.com\/wp-content\/uploads\/2023\/05\/5-LOGO-scaled.jpg","width":2560,"height":1707},{"@type":"BreadcrumbList","@id":"https:\/\/rxcompetition.com\/product\/abike\/#breadcrumb","itemListElement":[{"@type":"ListItem","position":1,"name":"Inicio","item":"https:\/\/rxcompetition.com\/"},{"@type":"ListItem","position":2,"name":"Tienda","item":"https:\/\/rxcompetition.com\/tienda\/"},{"@type":"ListItem","position":3,"name":"ASSAULT AIRBIKE"}]},{"@type":"WebSite","@id":"https:\/\/rxcompetition.com\/#website","url":"https:\/\/rxcompetition.com\/","name":"RX Competition","description":"","publisher":{"@id":"https:\/\/rxcompetition.com\/#organization"},"potentialAction":[{"@type":"SearchAction","target":{"@type":"EntryPoint","urlTemplate":"https:\/\/rxcompetition.com\/?s={search_term_string}"},"query-input":"required name=search_term_string"}],"inLanguage":"en-US"},{"@type":"Organization","@id":"https:\/\/rxcompetition.com\/#organization","name":"RX Competition","url":"https:\/\/rxcompetition.com\/","logo":{"@type":"ImageObject","inLanguage":"en-US","@id":"https:\/\/rxcompetition.com\/#\/schema\/logo\/image\/","url":"https:\/\/rxcompetition.com\/wp-content\/uploads\/2023\/04\/LOGO-RX-PROGRAMA.png","contentUrl":"https:\/\/rxcompetition.com\/wp-content\/uploads\/2023\/04\/LOGO-RX-PROGRAMA.png","width":1416,"height":672,"caption":"RX Competition"},"image":{"@id":"https:\/\/rxcompetition.com\/#\/schema\/logo\/image\/"}}]}},"jetpack_sharing_enabled":true,"_links":{"self":[{"href":"https:\/\/rxcompetition.com\/en\/wp-json\/wp\/v2\/product\/35728","targetHints":{"allow":["GET"]}}],"collection":[{"href":"https:\/\/rxcompetition.com\/en\/wp-json\/wp\/v2\/product"}],"about":[{"href":"https:\/\/rxcompetition.com\/en\/wp-json\/wp\/v2\/types\/product"}],"replies":[{"embeddable":true,"href":"https:\/\/rxcompetition.com\/en\/wp-json\/wp\/v2\/comments?post=35728"}],"wp:featuredmedia":[{"embeddable":true,"href":"https:\/\/rxcompetition.com\/en\/wp-json\/wp\/v2\/media\/37957"}],"wp:attachment":[{"href":"https:\/\/rxcompetition.com\/en\/wp-json\/wp\/v2\/media?parent=35728"}],"wp:term":[{"taxonomy":"product_cat","embeddable":true,"href":"https:\/\/rxcompetition.com\/en\/wp-json\/wp\/v2\/product_cat?post=35728"},{"taxonomy":"product_tag","embeddable":true,"href":"https:\/\/rxcompetition.com\/en\/wp-json\/wp\/v2\/product_tag?post=35728"}],"curies":[{"name":"wp","href":"https:\/\/api.w.org\/{rel}","templated":true}]}}