{"id":35726,"date":"2023-05-01T18:50:36","date_gmt":"2023-05-01T18:50:36","guid":{"rendered":"https:\/\/rxcompetition.com\/?post_type=product&#038;p=35726"},"modified":"2024-05-10T07:12:06","modified_gmt":"2024-05-10T07:12:06","slug":"ski","status":"publish","type":"product","link":"https:\/\/rxcompetition.com\/en\/product\/ski\/","title":{"rendered":"SKIERG"},"content":{"rendered":"<p>El RX SkiErg es una m\u00e1quina de esqu\u00ed n\u00f3rdica creada con precisi\u00f3n\u00a0 por los fabricantes de remos. Al adaptar elementos clave de la m\u00e1quina de remo como la resistencia de volante de inercia y una pantalla de rendimiento LCD de \u00faltima generaci\u00f3n, el SkiErg pone al atleta en posici\u00f3n vertical, simulado los movimientos reales de esqu\u00ed de fondo, tanto con doble bast\u00f3n como con la t\u00e9cnica cl\u00e1sica de alternancia de brazos. Estos movimientos ofrecen una de las pruebas de resistencia y fuerza m\u00e1s dif\u00edciles disponibles en una m\u00e1quina de gimnasia. Trabaja las piernas, brazos y abdomen para un entrenamiento de cuerpo completo que se adapta al tama\u00f1o y nivel de habilidad de cualquier atleta.<\/p>\n<p><em>*Incluye soporte para tel\u00e9fono m\u00f3vil<\/em><\/p>\n<p>Nuestro SkiErg incluye la conversi\u00f3n de fijaci\u00f3n a pared o junto con la estaci\u00f3n de suelo especialmente dise\u00f1ada para una instalaci\u00f3n y portabilidad m\u00e1s sencillas en cualquier espacio de entrenamiento.<\/p>\n<p>&nbsp;<\/p>\n<p><strong>THE PRICE IS PER UNIT<\/strong><\/p>","protected":false},"excerpt":{"rendered":"<ul>\n<li><strong>SPECIFICATIONS<\/strong>Brand:\u00a0<em>RX Competition<\/em>Work out: <em>Cardio, Cross Training,..<\/em>Peso: 47 kgPeso m\u00e1ximo de usuario: Ilimitado\n<p>Monitoriza los giros y mide la distancia, velocidad, ritmo, calor\u00edas quemadas y vatios<\/li>\n<\/ul>","protected":false},"featured_media":37964,"comment_status":"open","ping_status":"closed","template":"","meta":{"inline_featured_image":false},"product_cat":[149],"product_tag":[],"class_list":{"0":"post-35726","1":"product","2":"type-product","3":"status-publish","4":"has-post-thumbnail","6":"product_cat-cardio-machines","9":"first","10":"outofstock","11":"taxable","12":"shipping-taxable","13":"purchasable","14":"product-type-simple"},"yoast_head":"<!-- This site is optimized with the Yoast SEO plugin v23.2 - https:\/\/yoast.com\/wordpress\/plugins\/seo\/ -->\n<title>SKIERG - RX Competition<\/title>\n<meta name=\"robots\" content=\"index, follow, max-snippet:-1, max-image-preview:large, max-video-preview:-1\" \/>\n<link rel=\"canonical\" href=\"https:\/\/rxcompetition.com\/en\/product\/ski\/\" \/>\n<meta property=\"og:locale\" content=\"en_US\" \/>\n<meta property=\"og:type\" content=\"article\" \/>\n<meta property=\"og:title\" content=\"SKIERG - RX Competition\" \/>\n<meta property=\"og:description\" content=\"ESPECIFICACIONESMarca:\u00a0RX CompetitionUso: Cardio, Cross Training,..Peso: 47 kgPeso m\u00e1ximo de usuario: Ilimitado  Monitoriza los giros y mide la distancia, velocidad, ritmo, calor\u00edas quemadas y vatios\" \/>\n<meta property=\"og:url\" content=\"https:\/\/rxcompetition.com\/en\/product\/ski\/\" \/>\n<meta property=\"og:site_name\" content=\"RX Competition\" \/>\n<meta property=\"article:modified_time\" content=\"2024-05-10T07:12:06+00:00\" \/>\n<meta property=\"og:image\" content=\"https:\/\/rxcompetition.com\/wp-content\/uploads\/2023\/05\/2-LOGO-2-scaled.jpg\" \/>\n\t<meta property=\"og:image:width\" content=\"2560\" \/>\n\t<meta property=\"og:image:height\" content=\"1707\" \/>\n\t<meta property=\"og:image:type\" content=\"image\/jpeg\" \/>\n<meta name=\"twitter:card\" content=\"summary_large_image\" \/>\n<meta name=\"twitter:label1\" content=\"Est. reading time\" \/>\n\t<meta name=\"twitter:data1\" content=\"1 minute\" \/>\n<script type=\"application\/ld+json\" class=\"yoast-schema-graph\">{\"@context\":\"https:\/\/schema.org\",\"@graph\":[{\"@type\":\"WebPage\",\"@id\":\"https:\/\/rxcompetition.com\/product\/ski\/\",\"url\":\"https:\/\/rxcompetition.com\/product\/ski\/\",\"name\":\"SKIERG - RX Competition\",\"isPartOf\":{\"@id\":\"https:\/\/rxcompetition.com\/#website\"},\"primaryImageOfPage\":{\"@id\":\"https:\/\/rxcompetition.com\/product\/ski\/#primaryimage\"},\"image\":{\"@id\":\"https:\/\/rxcompetition.com\/product\/ski\/#primaryimage\"},\"thumbnailUrl\":\"https:\/\/rxcompetition.com\/wp-content\/uploads\/2023\/05\/2-LOGO-2-scaled.jpg\",\"datePublished\":\"2023-05-01T18:50:36+00:00\",\"dateModified\":\"2024-05-10T07:12:06+00:00\",\"breadcrumb\":{\"@id\":\"https:\/\/rxcompetition.com\/product\/ski\/#breadcrumb\"},\"inLanguage\":\"en-US\",\"potentialAction\":[{\"@type\":\"ReadAction\",\"target\":[\"https:\/\/rxcompetition.com\/product\/ski\/\"]}]},{\"@type\":\"ImageObject\",\"inLanguage\":\"en-US\",\"@id\":\"https:\/\/rxcompetition.com\/product\/ski\/#primaryimage\",\"url\":\"https:\/\/rxcompetition.com\/wp-content\/uploads\/2023\/05\/2-LOGO-2-scaled.jpg\",\"contentUrl\":\"https:\/\/rxcompetition.com\/wp-content\/uploads\/2023\/05\/2-LOGO-2-scaled.jpg\",\"width\":2560,\"height\":1707},{\"@type\":\"BreadcrumbList\",\"@id\":\"https:\/\/rxcompetition.com\/product\/ski\/#breadcrumb\",\"itemListElement\":[{\"@type\":\"ListItem\",\"position\":1,\"name\":\"Inicio\",\"item\":\"https:\/\/rxcompetition.com\/\"},{\"@type\":\"ListItem\",\"position\":2,\"name\":\"Tienda\",\"item\":\"https:\/\/rxcompetition.com\/tienda\/\"},{\"@type\":\"ListItem\",\"position\":3,\"name\":\"SKIERG\"}]},{\"@type\":\"WebSite\",\"@id\":\"https:\/\/rxcompetition.com\/#website\",\"url\":\"https:\/\/rxcompetition.com\/\",\"name\":\"RX Competition\",\"description\":\"\",\"publisher\":{\"@id\":\"https:\/\/rxcompetition.com\/#organization\"},\"potentialAction\":[{\"@type\":\"SearchAction\",\"target\":{\"@type\":\"EntryPoint\",\"urlTemplate\":\"https:\/\/rxcompetition.com\/?s={search_term_string}\"},\"query-input\":\"required name=search_term_string\"}],\"inLanguage\":\"en-US\"},{\"@type\":\"Organization\",\"@id\":\"https:\/\/rxcompetition.com\/#organization\",\"name\":\"RX Competition\",\"url\":\"https:\/\/rxcompetition.com\/\",\"logo\":{\"@type\":\"ImageObject\",\"inLanguage\":\"en-US\",\"@id\":\"https:\/\/rxcompetition.com\/#\/schema\/logo\/image\/\",\"url\":\"https:\/\/rxcompetition.com\/wp-content\/uploads\/2023\/04\/LOGO-RX-PROGRAMA.png\",\"contentUrl\":\"https:\/\/rxcompetition.com\/wp-content\/uploads\/2023\/04\/LOGO-RX-PROGRAMA.png\",\"width\":1416,\"height\":672,\"caption\":\"RX Competition\"},\"image\":{\"@id\":\"https:\/\/rxcompetition.com\/#\/schema\/logo\/image\/\"}}]}<\/script>\n<!-- \/ Yoast SEO plugin. -->","yoast_head_json":{"title":"SKIERG - RX Competition","robots":{"index":"index","follow":"follow","max-snippet":"max-snippet:-1","max-image-preview":"max-image-preview:large","max-video-preview":"max-video-preview:-1"},"canonical":"https:\/\/rxcompetition.com\/en\/product\/ski\/","og_locale":"en_US","og_type":"article","og_title":"SKIERG - RX Competition","og_description":"ESPECIFICACIONESMarca:\u00a0RX CompetitionUso: Cardio, Cross Training,..Peso: 47 kgPeso m\u00e1ximo de usuario: Ilimitado  Monitoriza los giros y mide la distancia, velocidad, ritmo, calor\u00edas quemadas y vatios","og_url":"https:\/\/rxcompetition.com\/en\/product\/ski\/","og_site_name":"RX Competition","article_modified_time":"2024-05-10T07:12:06+00:00","og_image":[{"width":2560,"height":1707,"url":"https:\/\/rxcompetition.com\/wp-content\/uploads\/2023\/05\/2-LOGO-2-scaled.jpg","type":"image\/jpeg"}],"twitter_card":"summary_large_image","twitter_misc":{"Est. reading time":"1 minute"},"schema":{"@context":"https:\/\/schema.org","@graph":[{"@type":"WebPage","@id":"https:\/\/rxcompetition.com\/product\/ski\/","url":"https:\/\/rxcompetition.com\/product\/ski\/","name":"SKIERG - RX Competition","isPartOf":{"@id":"https:\/\/rxcompetition.com\/#website"},"primaryImageOfPage":{"@id":"https:\/\/rxcompetition.com\/product\/ski\/#primaryimage"},"image":{"@id":"https:\/\/rxcompetition.com\/product\/ski\/#primaryimage"},"thumbnailUrl":"https:\/\/rxcompetition.com\/wp-content\/uploads\/2023\/05\/2-LOGO-2-scaled.jpg","datePublished":"2023-05-01T18:50:36+00:00","dateModified":"2024-05-10T07:12:06+00:00","breadcrumb":{"@id":"https:\/\/rxcompetition.com\/product\/ski\/#breadcrumb"},"inLanguage":"en-US","potentialAction":[{"@type":"ReadAction","target":["https:\/\/rxcompetition.com\/product\/ski\/"]}]},{"@type":"ImageObject","inLanguage":"en-US","@id":"https:\/\/rxcompetition.com\/product\/ski\/#primaryimage","url":"https:\/\/rxcompetition.com\/wp-content\/uploads\/2023\/05\/2-LOGO-2-scaled.jpg","contentUrl":"https:\/\/rxcompetition.com\/wp-content\/uploads\/2023\/05\/2-LOGO-2-scaled.jpg","width":2560,"height":1707},{"@type":"BreadcrumbList","@id":"https:\/\/rxcompetition.com\/product\/ski\/#breadcrumb","itemListElement":[{"@type":"ListItem","position":1,"name":"Inicio","item":"https:\/\/rxcompetition.com\/"},{"@type":"ListItem","position":2,"name":"Tienda","item":"https:\/\/rxcompetition.com\/tienda\/"},{"@type":"ListItem","position":3,"name":"SKIERG"}]},{"@type":"WebSite","@id":"https:\/\/rxcompetition.com\/#website","url":"https:\/\/rxcompetition.com\/","name":"RX Competition","description":"","publisher":{"@id":"https:\/\/rxcompetition.com\/#organization"},"potentialAction":[{"@type":"SearchAction","target":{"@type":"EntryPoint","urlTemplate":"https:\/\/rxcompetition.com\/?s={search_term_string}"},"query-input":"required name=search_term_string"}],"inLanguage":"en-US"},{"@type":"Organization","@id":"https:\/\/rxcompetition.com\/#organization","name":"RX Competition","url":"https:\/\/rxcompetition.com\/","logo":{"@type":"ImageObject","inLanguage":"en-US","@id":"https:\/\/rxcompetition.com\/#\/schema\/logo\/image\/","url":"https:\/\/rxcompetition.com\/wp-content\/uploads\/2023\/04\/LOGO-RX-PROGRAMA.png","contentUrl":"https:\/\/rxcompetition.com\/wp-content\/uploads\/2023\/04\/LOGO-RX-PROGRAMA.png","width":1416,"height":672,"caption":"RX Competition"},"image":{"@id":"https:\/\/rxcompetition.com\/#\/schema\/logo\/image\/"}}]}},"jetpack_sharing_enabled":true,"_links":{"self":[{"href":"https:\/\/rxcompetition.com\/en\/wp-json\/wp\/v2\/product\/35726","targetHints":{"allow":["GET"]}}],"collection":[{"href":"https:\/\/rxcompetition.com\/en\/wp-json\/wp\/v2\/product"}],"about":[{"href":"https:\/\/rxcompetition.com\/en\/wp-json\/wp\/v2\/types\/product"}],"replies":[{"embeddable":true,"href":"https:\/\/rxcompetition.com\/en\/wp-json\/wp\/v2\/comments?post=35726"}],"wp:featuredmedia":[{"embeddable":true,"href":"https:\/\/rxcompetition.com\/en\/wp-json\/wp\/v2\/media\/37964"}],"wp:attachment":[{"href":"https:\/\/rxcompetition.com\/en\/wp-json\/wp\/v2\/media?parent=35726"}],"wp:term":[{"taxonomy":"product_cat","embeddable":true,"href":"https:\/\/rxcompetition.com\/en\/wp-json\/wp\/v2\/product_cat?post=35726"},{"taxonomy":"product_tag","embeddable":true,"href":"https:\/\/rxcompetition.com\/en\/wp-json\/wp\/v2\/product_tag?post=35726"}],"curies":[{"name":"wp","href":"https:\/\/api.w.org\/{rel}","templated":true}]}}