{"id":35724,"date":"2023-05-01T18:34:26","date_gmt":"2023-05-01T18:34:26","guid":{"rendered":"https:\/\/rxcompetition.com\/?post_type=product&#038;p=35724"},"modified":"2024-05-10T07:12:16","modified_gmt":"2024-05-10T07:12:16","slug":"fanrow","status":"publish","type":"product","link":"https:\/\/rxcompetition.com\/en\/product\/fanrow\/","title":{"rendered":"FAN ROWER"},"content":{"rendered":"<p>El RX Fan Rower proporciona uno de los entrenamientos de cuerpo completo m\u00e1s completos de cualquier m\u00e1quina de fitness. Dise\u00f1ado para durar toda la vida, tiene un impacto lo suficientemente bajo como para usarlo en centros de rehabilitaci\u00f3n f\u00edsica y lo suficientemente intensivo como para que lo usen los atletas m\u00e1s aptos del mundo.<\/p>\n<p>Cuenta con un monitor LCD avanzado, mangos de dise\u00f1o ergon\u00f3mico mejorado, reposapi\u00e9s ajustables y un volante dise\u00f1ado para un movimiento suave con un ruido m\u00ednimo. El Fan Rower tiene una altura c\u00f3moda de 100 mm con un monorra\u00edl de vigas en I de aluminio y un riel de acero inoxidable para un deslizamiento uniforme hacia adelante y hacia atr\u00e1s. Cuando haya terminado de entrenar, puede dividir r\u00e1pidamente el remo en dos segmentos para almacenamiento o usar las ruedas giratorias para facilitar su transporte.<\/p>\n<p>&nbsp;<\/p>\n<p><strong>THE PRICE IS PER UNIT<\/strong><\/p>","protected":false},"excerpt":{"rendered":"<p><strong>SPECIFICATIONS<\/strong><\/p>\n<p class=\" translation-block\">Brand: RX Competition<\/p>\n<p>Work out: <em>Cardio, Cross Training,..<\/em><\/p>\n<p>Peso: 39 kg<\/p>\n<p>Peso m\u00e1ximo del usuario: 135 kg<\/p>\n<p>Cadena de acero niquelado<\/p>\n<p>Longitud del monocarril: 137,2 cm<\/p>\n<p>Patas de apoyo de acero soldado<\/p>\n<p>Acabado con recubrimiento de polvo doble con recubrimiento superior claro<\/p>\n<p>Incluye monitor LCD de alto rendimiento<\/p>\n<p>Incluye soporte para dispositivo m\u00f3vil<\/p>\n<p>Regulador en espiral con 10 posiciones de ajuste<\/p>\n<p>El mango ergon\u00f3mico promueve la posici\u00f3n natural del brazo y la mano.<\/p>\n<p>El asiento se mueve suavemente sobre un riel de aluminio\/riel de acero inoxidable<\/p>\n<p>Brazo ajustable para el monitor y sencilla separaci\u00f3n en dos secciones para un almacenamiento compacto<\/p>\n<p>Reposapi\u00e9s Flexfoot ajustable con rapidez y facilidad<\/p>\n<p>F\u00e1cil montaje con herramientas e instrucciones ilustradas incluidas<\/p>\n<p>Ruedas gu\u00eda para mayor movilidad<\/p>","protected":false},"featured_media":37944,"comment_status":"open","ping_status":"closed","template":"","meta":{"inline_featured_image":false},"product_cat":[149],"product_tag":[],"class_list":{"0":"post-35724","1":"product","2":"type-product","3":"status-publish","4":"has-post-thumbnail","6":"product_cat-cardio-machines","9":"first","10":"outofstock","11":"taxable","12":"shipping-taxable","13":"purchasable","14":"product-type-simple"},"yoast_head":"<!-- This site is optimized with the Yoast SEO plugin v23.2 - https:\/\/yoast.com\/wordpress\/plugins\/seo\/ -->\n<title>FAN ROWER - RX Competition<\/title>\n<meta name=\"robots\" content=\"index, follow, max-snippet:-1, max-image-preview:large, max-video-preview:-1\" \/>\n<link rel=\"canonical\" href=\"https:\/\/rxcompetition.com\/en\/product\/fanrow\/\" \/>\n<meta property=\"og:locale\" content=\"en_US\" \/>\n<meta property=\"og:type\" content=\"article\" \/>\n<meta property=\"og:title\" content=\"FAN ROWER - RX Competition\" \/>\n<meta property=\"og:description\" content=\"ESPECIFICACIONES  Marca:\u00a0RX Competition  Uso: Cardio, Cross Training,..  Peso: 39 kg  Peso m\u00e1ximo del usuario: 135 kg  Cadena de acero niquelado  Longitud del monocarril: 137,2 cm  Patas de apoyo de acero soldado  Acabado con recubrimiento de polvo doble con recubrimiento superior claro  Incluye monitor LCD de alto rendimiento  Incluye soporte para dispositivo m\u00f3vil  Regulador en espiral con 10 posiciones de ajuste  El mango ergon\u00f3mico promueve la posici\u00f3n natural del brazo y la mano.  El asiento se mueve suavemente sobre un riel de aluminio\/riel de acero inoxidable  Brazo ajustable para el monitor y sencilla separaci\u00f3n en dos secciones para un almacenamiento compacto  Reposapi\u00e9s Flexfoot ajustable con rapidez y facilidad  F\u00e1cil montaje con herramientas e instrucciones ilustradas incluidas  Ruedas gu\u00eda para mayor movilidad\" \/>\n<meta property=\"og:url\" content=\"https:\/\/rxcompetition.com\/en\/product\/fanrow\/\" \/>\n<meta property=\"og:site_name\" content=\"RX Competition\" \/>\n<meta property=\"article:modified_time\" content=\"2024-05-10T07:12:16+00:00\" \/>\n<meta property=\"og:image\" content=\"https:\/\/rxcompetition.com\/wp-content\/uploads\/2023\/05\/2-LOGO-scaled.jpg\" \/>\n\t<meta property=\"og:image:width\" content=\"2560\" \/>\n\t<meta property=\"og:image:height\" content=\"1707\" \/>\n\t<meta property=\"og:image:type\" content=\"image\/jpeg\" \/>\n<meta name=\"twitter:card\" content=\"summary_large_image\" \/>\n<meta name=\"twitter:label1\" content=\"Est. reading time\" \/>\n\t<meta name=\"twitter:data1\" content=\"1 minute\" \/>\n<script type=\"application\/ld+json\" class=\"yoast-schema-graph\">{\"@context\":\"https:\/\/schema.org\",\"@graph\":[{\"@type\":\"WebPage\",\"@id\":\"https:\/\/rxcompetition.com\/product\/fanrow\/\",\"url\":\"https:\/\/rxcompetition.com\/product\/fanrow\/\",\"name\":\"FAN ROWER - RX Competition\",\"isPartOf\":{\"@id\":\"https:\/\/rxcompetition.com\/#website\"},\"primaryImageOfPage\":{\"@id\":\"https:\/\/rxcompetition.com\/product\/fanrow\/#primaryimage\"},\"image\":{\"@id\":\"https:\/\/rxcompetition.com\/product\/fanrow\/#primaryimage\"},\"thumbnailUrl\":\"https:\/\/rxcompetition.com\/wp-content\/uploads\/2023\/05\/2-LOGO-scaled.jpg\",\"datePublished\":\"2023-05-01T18:34:26+00:00\",\"dateModified\":\"2024-05-10T07:12:16+00:00\",\"breadcrumb\":{\"@id\":\"https:\/\/rxcompetition.com\/product\/fanrow\/#breadcrumb\"},\"inLanguage\":\"en-US\",\"potentialAction\":[{\"@type\":\"ReadAction\",\"target\":[\"https:\/\/rxcompetition.com\/product\/fanrow\/\"]}]},{\"@type\":\"ImageObject\",\"inLanguage\":\"en-US\",\"@id\":\"https:\/\/rxcompetition.com\/product\/fanrow\/#primaryimage\",\"url\":\"https:\/\/rxcompetition.com\/wp-content\/uploads\/2023\/05\/2-LOGO-scaled.jpg\",\"contentUrl\":\"https:\/\/rxcompetition.com\/wp-content\/uploads\/2023\/05\/2-LOGO-scaled.jpg\",\"width\":2560,\"height\":1707},{\"@type\":\"BreadcrumbList\",\"@id\":\"https:\/\/rxcompetition.com\/product\/fanrow\/#breadcrumb\",\"itemListElement\":[{\"@type\":\"ListItem\",\"position\":1,\"name\":\"Inicio\",\"item\":\"https:\/\/rxcompetition.com\/\"},{\"@type\":\"ListItem\",\"position\":2,\"name\":\"Tienda\",\"item\":\"https:\/\/rxcompetition.com\/tienda\/\"},{\"@type\":\"ListItem\",\"position\":3,\"name\":\"FAN ROWER\"}]},{\"@type\":\"WebSite\",\"@id\":\"https:\/\/rxcompetition.com\/#website\",\"url\":\"https:\/\/rxcompetition.com\/\",\"name\":\"RX Competition\",\"description\":\"\",\"publisher\":{\"@id\":\"https:\/\/rxcompetition.com\/#organization\"},\"potentialAction\":[{\"@type\":\"SearchAction\",\"target\":{\"@type\":\"EntryPoint\",\"urlTemplate\":\"https:\/\/rxcompetition.com\/?s={search_term_string}\"},\"query-input\":\"required name=search_term_string\"}],\"inLanguage\":\"en-US\"},{\"@type\":\"Organization\",\"@id\":\"https:\/\/rxcompetition.com\/#organization\",\"name\":\"RX Competition\",\"url\":\"https:\/\/rxcompetition.com\/\",\"logo\":{\"@type\":\"ImageObject\",\"inLanguage\":\"en-US\",\"@id\":\"https:\/\/rxcompetition.com\/#\/schema\/logo\/image\/\",\"url\":\"https:\/\/rxcompetition.com\/wp-content\/uploads\/2023\/04\/LOGO-RX-PROGRAMA.png\",\"contentUrl\":\"https:\/\/rxcompetition.com\/wp-content\/uploads\/2023\/04\/LOGO-RX-PROGRAMA.png\",\"width\":1416,\"height\":672,\"caption\":\"RX Competition\"},\"image\":{\"@id\":\"https:\/\/rxcompetition.com\/#\/schema\/logo\/image\/\"}}]}<\/script>\n<!-- \/ Yoast SEO plugin. -->","yoast_head_json":{"title":"FAN ROWER - RX Competition","robots":{"index":"index","follow":"follow","max-snippet":"max-snippet:-1","max-image-preview":"max-image-preview:large","max-video-preview":"max-video-preview:-1"},"canonical":"https:\/\/rxcompetition.com\/en\/product\/fanrow\/","og_locale":"en_US","og_type":"article","og_title":"FAN ROWER - RX Competition","og_description":"ESPECIFICACIONES  Marca:\u00a0RX Competition  Uso: Cardio, Cross Training,..  Peso: 39 kg  Peso m\u00e1ximo del usuario: 135 kg  Cadena de acero niquelado  Longitud del monocarril: 137,2 cm  Patas de apoyo de acero soldado  Acabado con recubrimiento de polvo doble con recubrimiento superior claro  Incluye monitor LCD de alto rendimiento  Incluye soporte para dispositivo m\u00f3vil  Regulador en espiral con 10 posiciones de ajuste  El mango ergon\u00f3mico promueve la posici\u00f3n natural del brazo y la mano.  El asiento se mueve suavemente sobre un riel de aluminio\/riel de acero inoxidable  Brazo ajustable para el monitor y sencilla separaci\u00f3n en dos secciones para un almacenamiento compacto  Reposapi\u00e9s Flexfoot ajustable con rapidez y facilidad  F\u00e1cil montaje con herramientas e instrucciones ilustradas incluidas  Ruedas gu\u00eda para mayor movilidad","og_url":"https:\/\/rxcompetition.com\/en\/product\/fanrow\/","og_site_name":"RX Competition","article_modified_time":"2024-05-10T07:12:16+00:00","og_image":[{"width":2560,"height":1707,"url":"https:\/\/rxcompetition.com\/wp-content\/uploads\/2023\/05\/2-LOGO-scaled.jpg","type":"image\/jpeg"}],"twitter_card":"summary_large_image","twitter_misc":{"Est. reading time":"1 minute"},"schema":{"@context":"https:\/\/schema.org","@graph":[{"@type":"WebPage","@id":"https:\/\/rxcompetition.com\/product\/fanrow\/","url":"https:\/\/rxcompetition.com\/product\/fanrow\/","name":"FAN ROWER - RX Competition","isPartOf":{"@id":"https:\/\/rxcompetition.com\/#website"},"primaryImageOfPage":{"@id":"https:\/\/rxcompetition.com\/product\/fanrow\/#primaryimage"},"image":{"@id":"https:\/\/rxcompetition.com\/product\/fanrow\/#primaryimage"},"thumbnailUrl":"https:\/\/rxcompetition.com\/wp-content\/uploads\/2023\/05\/2-LOGO-scaled.jpg","datePublished":"2023-05-01T18:34:26+00:00","dateModified":"2024-05-10T07:12:16+00:00","breadcrumb":{"@id":"https:\/\/rxcompetition.com\/product\/fanrow\/#breadcrumb"},"inLanguage":"en-US","potentialAction":[{"@type":"ReadAction","target":["https:\/\/rxcompetition.com\/product\/fanrow\/"]}]},{"@type":"ImageObject","inLanguage":"en-US","@id":"https:\/\/rxcompetition.com\/product\/fanrow\/#primaryimage","url":"https:\/\/rxcompetition.com\/wp-content\/uploads\/2023\/05\/2-LOGO-scaled.jpg","contentUrl":"https:\/\/rxcompetition.com\/wp-content\/uploads\/2023\/05\/2-LOGO-scaled.jpg","width":2560,"height":1707},{"@type":"BreadcrumbList","@id":"https:\/\/rxcompetition.com\/product\/fanrow\/#breadcrumb","itemListElement":[{"@type":"ListItem","position":1,"name":"Inicio","item":"https:\/\/rxcompetition.com\/"},{"@type":"ListItem","position":2,"name":"Tienda","item":"https:\/\/rxcompetition.com\/tienda\/"},{"@type":"ListItem","position":3,"name":"FAN ROWER"}]},{"@type":"WebSite","@id":"https:\/\/rxcompetition.com\/#website","url":"https:\/\/rxcompetition.com\/","name":"RX Competition","description":"","publisher":{"@id":"https:\/\/rxcompetition.com\/#organization"},"potentialAction":[{"@type":"SearchAction","target":{"@type":"EntryPoint","urlTemplate":"https:\/\/rxcompetition.com\/?s={search_term_string}"},"query-input":"required name=search_term_string"}],"inLanguage":"en-US"},{"@type":"Organization","@id":"https:\/\/rxcompetition.com\/#organization","name":"RX Competition","url":"https:\/\/rxcompetition.com\/","logo":{"@type":"ImageObject","inLanguage":"en-US","@id":"https:\/\/rxcompetition.com\/#\/schema\/logo\/image\/","url":"https:\/\/rxcompetition.com\/wp-content\/uploads\/2023\/04\/LOGO-RX-PROGRAMA.png","contentUrl":"https:\/\/rxcompetition.com\/wp-content\/uploads\/2023\/04\/LOGO-RX-PROGRAMA.png","width":1416,"height":672,"caption":"RX Competition"},"image":{"@id":"https:\/\/rxcompetition.com\/#\/schema\/logo\/image\/"}}]}},"jetpack_sharing_enabled":true,"_links":{"self":[{"href":"https:\/\/rxcompetition.com\/en\/wp-json\/wp\/v2\/product\/35724","targetHints":{"allow":["GET"]}}],"collection":[{"href":"https:\/\/rxcompetition.com\/en\/wp-json\/wp\/v2\/product"}],"about":[{"href":"https:\/\/rxcompetition.com\/en\/wp-json\/wp\/v2\/types\/product"}],"replies":[{"embeddable":true,"href":"https:\/\/rxcompetition.com\/en\/wp-json\/wp\/v2\/comments?post=35724"}],"wp:featuredmedia":[{"embeddable":true,"href":"https:\/\/rxcompetition.com\/en\/wp-json\/wp\/v2\/media\/37944"}],"wp:attachment":[{"href":"https:\/\/rxcompetition.com\/en\/wp-json\/wp\/v2\/media?parent=35724"}],"wp:term":[{"taxonomy":"product_cat","embeddable":true,"href":"https:\/\/rxcompetition.com\/en\/wp-json\/wp\/v2\/product_cat?post=35724"},{"taxonomy":"product_tag","embeddable":true,"href":"https:\/\/rxcompetition.com\/en\/wp-json\/wp\/v2\/product_tag?post=35724"}],"curies":[{"name":"wp","href":"https:\/\/api.w.org\/{rel}","templated":true}]}}