{"id":35701,"date":"2023-05-01T16:48:29","date_gmt":"2023-05-01T16:48:29","guid":{"rendered":"https:\/\/rxcompetition.com\/?post_type=product&#038;p=35701"},"modified":"2024-08-07T11:34:03","modified_gmt":"2024-08-07T11:34:03","slug":"bodybuilding-grips","status":"publish","type":"product","link":"https:\/\/rxcompetition.com\/en\/product\/bodybuilding-grips\/","title":{"rendered":"BODYBUILDING GRIPS"},"content":{"rendered":"<p class=\" translation-block\">Bodybuilding Grips are our specifically designed bodybuilding gloves, weightlifting, and strict pull-ups. They provide excellent comfort and offer high grip levels thanks to the silicone reinforcement layer on the inner side. Made of breathable high-quality neoprene, they include internal padding, and the closure system is through a Velcro wrist strap.<\/p>\n<p>&nbsp;<\/p>\n<p>Available in 3 sizes: S, M and L size<\/p>\n<p>&nbsp;<\/p>\n<p><strong>PRICE IS FOR PAIRS<\/strong><\/p>","protected":false},"excerpt":{"rendered":"<p><strong>SPECIFICATIONS<\/strong><\/p>\n<p>&nbsp;<\/p>\n<p class=\" translation-block\">Brand: RX Competition<\/p>\n<p>Material: Breathable neoprene<\/p>\n<p>Inner side material: Non-slip rough silicone reinforcement<\/p>\n<p class=\" translation-block\">Fixing system: Velcro<\/p>\n<p>Available colors: Black<\/p>\n<p>Available sizes:<\/p>\n<p>S - Hands between 12 - 15 cm circumference (see the photo section diagram)<\/p>\n<p>M - Hands between 15 - 18 cm circumference (see the photo section diagram)<\/p>\n<p>L - Hands between 18 - 23 cm circumference (see the photo section diagram)<\/p>\n<p>&nbsp;<\/p>\n<p><strong>*REAL PICTURES<\/strong><\/p>","protected":false},"featured_media":36141,"comment_status":"open","ping_status":"closed","template":"","meta":{"inline_featured_image":false},"product_cat":[350,204],"product_tag":[],"class_list":{"0":"post-35701","1":"product","2":"type-product","3":"status-publish","4":"has-post-thumbnail","6":"product_cat-accesorios","7":"product_cat-bodybuilding","8":"pa_tamano-s","9":"pa_tamano-m","10":"pa_tamano-l","13":"first","14":"instock","15":"taxable","16":"shipping-taxable","17":"purchasable","18":"product-type-variable"},"yoast_head":"<!-- This site is optimized with the Yoast SEO plugin v23.2 - https:\/\/yoast.com\/wordpress\/plugins\/seo\/ -->\n<title>BODYBUILDING GRIPS - RX Competition<\/title>\n<meta name=\"robots\" content=\"index, follow, max-snippet:-1, max-image-preview:large, max-video-preview:-1\" \/>\n<link rel=\"canonical\" href=\"https:\/\/rxcompetition.com\/en\/product\/bodybuilding-grips\/\" \/>\n<meta property=\"og:locale\" content=\"en_US\" \/>\n<meta property=\"og:type\" content=\"article\" \/>\n<meta property=\"og:title\" content=\"BODYBUILDING GRIPS - RX Competition\" \/>\n<meta property=\"og:description\" content=\"ESPECIFICACIONES  &nbsp;  Marca: RX Competition  Material: Neopreno transpirable  Material cara interna: Refuerzo en silicona rugosa antideslizante  Sistema de fijaci\u00f3n: Velcro  Colores disponibles: Negro  Tallas disponibles:  S - Manos entre 12-15 cm de circunferencia (ver dibujo en el apartado de fotograf\u00edas)  M - Manos entre 15-18 cm de circunferencia (ver dibujo en el apartado de fotograf\u00edas)  L - Manos entre 18-23 cm de circunferencia (ver dibujo en el apartado de fotograf\u00edas)  &nbsp;  *IMAGENES REALES\" \/>\n<meta property=\"og:url\" content=\"https:\/\/rxcompetition.com\/en\/product\/bodybuilding-grips\/\" \/>\n<meta property=\"og:site_name\" content=\"RX Competition\" \/>\n<meta property=\"article:modified_time\" content=\"2024-08-07T11:34:03+00:00\" \/>\n<meta property=\"og:image\" content=\"https:\/\/rxcompetition.com\/wp-content\/uploads\/2023\/05\/POI_039-scaled.jpg\" \/>\n\t<meta property=\"og:image:width\" content=\"2560\" \/>\n\t<meta property=\"og:image:height\" content=\"1707\" \/>\n\t<meta property=\"og:image:type\" content=\"image\/jpeg\" \/>\n<meta name=\"twitter:card\" content=\"summary_large_image\" \/>\n<script type=\"application\/ld+json\" class=\"yoast-schema-graph\">{\"@context\":\"https:\/\/schema.org\",\"@graph\":[{\"@type\":\"WebPage\",\"@id\":\"https:\/\/rxcompetition.com\/product\/bodybuilding-grips\/\",\"url\":\"https:\/\/rxcompetition.com\/product\/bodybuilding-grips\/\",\"name\":\"BODYBUILDING GRIPS - RX Competition\",\"isPartOf\":{\"@id\":\"https:\/\/rxcompetition.com\/#website\"},\"primaryImageOfPage\":{\"@id\":\"https:\/\/rxcompetition.com\/product\/bodybuilding-grips\/#primaryimage\"},\"image\":{\"@id\":\"https:\/\/rxcompetition.com\/product\/bodybuilding-grips\/#primaryimage\"},\"thumbnailUrl\":\"https:\/\/rxcompetition.com\/wp-content\/uploads\/2023\/05\/POI_039-scaled.jpg\",\"datePublished\":\"2023-05-01T16:48:29+00:00\",\"dateModified\":\"2024-08-07T11:34:03+00:00\",\"breadcrumb\":{\"@id\":\"https:\/\/rxcompetition.com\/product\/bodybuilding-grips\/#breadcrumb\"},\"inLanguage\":\"en-US\",\"potentialAction\":[{\"@type\":\"ReadAction\",\"target\":[\"https:\/\/rxcompetition.com\/product\/bodybuilding-grips\/\"]}]},{\"@type\":\"ImageObject\",\"inLanguage\":\"en-US\",\"@id\":\"https:\/\/rxcompetition.com\/product\/bodybuilding-grips\/#primaryimage\",\"url\":\"https:\/\/rxcompetition.com\/wp-content\/uploads\/2023\/05\/POI_039-scaled.jpg\",\"contentUrl\":\"https:\/\/rxcompetition.com\/wp-content\/uploads\/2023\/05\/POI_039-scaled.jpg\",\"width\":2560,\"height\":1707},{\"@type\":\"BreadcrumbList\",\"@id\":\"https:\/\/rxcompetition.com\/product\/bodybuilding-grips\/#breadcrumb\",\"itemListElement\":[{\"@type\":\"ListItem\",\"position\":1,\"name\":\"Inicio\",\"item\":\"https:\/\/rxcompetition.com\/\"},{\"@type\":\"ListItem\",\"position\":2,\"name\":\"Tienda\",\"item\":\"https:\/\/rxcompetition.com\/tienda\/\"},{\"@type\":\"ListItem\",\"position\":3,\"name\":\"BODYBUILDING GRIPS\"}]},{\"@type\":\"WebSite\",\"@id\":\"https:\/\/rxcompetition.com\/#website\",\"url\":\"https:\/\/rxcompetition.com\/\",\"name\":\"RX Competition\",\"description\":\"\",\"publisher\":{\"@id\":\"https:\/\/rxcompetition.com\/#organization\"},\"potentialAction\":[{\"@type\":\"SearchAction\",\"target\":{\"@type\":\"EntryPoint\",\"urlTemplate\":\"https:\/\/rxcompetition.com\/?s={search_term_string}\"},\"query-input\":\"required name=search_term_string\"}],\"inLanguage\":\"en-US\"},{\"@type\":\"Organization\",\"@id\":\"https:\/\/rxcompetition.com\/#organization\",\"name\":\"RX Competition\",\"url\":\"https:\/\/rxcompetition.com\/\",\"logo\":{\"@type\":\"ImageObject\",\"inLanguage\":\"en-US\",\"@id\":\"https:\/\/rxcompetition.com\/#\/schema\/logo\/image\/\",\"url\":\"https:\/\/rxcompetition.com\/wp-content\/uploads\/2023\/04\/LOGO-RX-PROGRAMA.png\",\"contentUrl\":\"https:\/\/rxcompetition.com\/wp-content\/uploads\/2023\/04\/LOGO-RX-PROGRAMA.png\",\"width\":1416,\"height\":672,\"caption\":\"RX Competition\"},\"image\":{\"@id\":\"https:\/\/rxcompetition.com\/#\/schema\/logo\/image\/\"}}]}<\/script>\n<!-- \/ Yoast SEO plugin. -->","yoast_head_json":{"title":"BODYBUILDING GRIPS - RX Competition","robots":{"index":"index","follow":"follow","max-snippet":"max-snippet:-1","max-image-preview":"max-image-preview:large","max-video-preview":"max-video-preview:-1"},"canonical":"https:\/\/rxcompetition.com\/en\/product\/bodybuilding-grips\/","og_locale":"en_US","og_type":"article","og_title":"BODYBUILDING GRIPS - RX Competition","og_description":"ESPECIFICACIONES  &nbsp;  Marca: RX Competition  Material: Neopreno transpirable  Material cara interna: Refuerzo en silicona rugosa antideslizante  Sistema de fijaci\u00f3n: Velcro  Colores disponibles: Negro  Tallas disponibles:  S - Manos entre 12-15 cm de circunferencia (ver dibujo en el apartado de fotograf\u00edas)  M - Manos entre 15-18 cm de circunferencia (ver dibujo en el apartado de fotograf\u00edas)  L - Manos entre 18-23 cm de circunferencia (ver dibujo en el apartado de fotograf\u00edas)  &nbsp;  *IMAGENES REALES","og_url":"https:\/\/rxcompetition.com\/en\/product\/bodybuilding-grips\/","og_site_name":"RX Competition","article_modified_time":"2024-08-07T11:34:03+00:00","og_image":[{"width":2560,"height":1707,"url":"https:\/\/rxcompetition.com\/wp-content\/uploads\/2023\/05\/POI_039-scaled.jpg","type":"image\/jpeg"}],"twitter_card":"summary_large_image","schema":{"@context":"https:\/\/schema.org","@graph":[{"@type":"WebPage","@id":"https:\/\/rxcompetition.com\/product\/bodybuilding-grips\/","url":"https:\/\/rxcompetition.com\/product\/bodybuilding-grips\/","name":"BODYBUILDING GRIPS - RX Competition","isPartOf":{"@id":"https:\/\/rxcompetition.com\/#website"},"primaryImageOfPage":{"@id":"https:\/\/rxcompetition.com\/product\/bodybuilding-grips\/#primaryimage"},"image":{"@id":"https:\/\/rxcompetition.com\/product\/bodybuilding-grips\/#primaryimage"},"thumbnailUrl":"https:\/\/rxcompetition.com\/wp-content\/uploads\/2023\/05\/POI_039-scaled.jpg","datePublished":"2023-05-01T16:48:29+00:00","dateModified":"2024-08-07T11:34:03+00:00","breadcrumb":{"@id":"https:\/\/rxcompetition.com\/product\/bodybuilding-grips\/#breadcrumb"},"inLanguage":"en-US","potentialAction":[{"@type":"ReadAction","target":["https:\/\/rxcompetition.com\/product\/bodybuilding-grips\/"]}]},{"@type":"ImageObject","inLanguage":"en-US","@id":"https:\/\/rxcompetition.com\/product\/bodybuilding-grips\/#primaryimage","url":"https:\/\/rxcompetition.com\/wp-content\/uploads\/2023\/05\/POI_039-scaled.jpg","contentUrl":"https:\/\/rxcompetition.com\/wp-content\/uploads\/2023\/05\/POI_039-scaled.jpg","width":2560,"height":1707},{"@type":"BreadcrumbList","@id":"https:\/\/rxcompetition.com\/product\/bodybuilding-grips\/#breadcrumb","itemListElement":[{"@type":"ListItem","position":1,"name":"Inicio","item":"https:\/\/rxcompetition.com\/"},{"@type":"ListItem","position":2,"name":"Tienda","item":"https:\/\/rxcompetition.com\/tienda\/"},{"@type":"ListItem","position":3,"name":"BODYBUILDING GRIPS"}]},{"@type":"WebSite","@id":"https:\/\/rxcompetition.com\/#website","url":"https:\/\/rxcompetition.com\/","name":"RX Competition","description":"","publisher":{"@id":"https:\/\/rxcompetition.com\/#organization"},"potentialAction":[{"@type":"SearchAction","target":{"@type":"EntryPoint","urlTemplate":"https:\/\/rxcompetition.com\/?s={search_term_string}"},"query-input":"required name=search_term_string"}],"inLanguage":"en-US"},{"@type":"Organization","@id":"https:\/\/rxcompetition.com\/#organization","name":"RX Competition","url":"https:\/\/rxcompetition.com\/","logo":{"@type":"ImageObject","inLanguage":"en-US","@id":"https:\/\/rxcompetition.com\/#\/schema\/logo\/image\/","url":"https:\/\/rxcompetition.com\/wp-content\/uploads\/2023\/04\/LOGO-RX-PROGRAMA.png","contentUrl":"https:\/\/rxcompetition.com\/wp-content\/uploads\/2023\/04\/LOGO-RX-PROGRAMA.png","width":1416,"height":672,"caption":"RX Competition"},"image":{"@id":"https:\/\/rxcompetition.com\/#\/schema\/logo\/image\/"}}]}},"jetpack_sharing_enabled":true,"_links":{"self":[{"href":"https:\/\/rxcompetition.com\/en\/wp-json\/wp\/v2\/product\/35701","targetHints":{"allow":["GET"]}}],"collection":[{"href":"https:\/\/rxcompetition.com\/en\/wp-json\/wp\/v2\/product"}],"about":[{"href":"https:\/\/rxcompetition.com\/en\/wp-json\/wp\/v2\/types\/product"}],"replies":[{"embeddable":true,"href":"https:\/\/rxcompetition.com\/en\/wp-json\/wp\/v2\/comments?post=35701"}],"wp:featuredmedia":[{"embeddable":true,"href":"https:\/\/rxcompetition.com\/en\/wp-json\/wp\/v2\/media\/36141"}],"wp:attachment":[{"href":"https:\/\/rxcompetition.com\/en\/wp-json\/wp\/v2\/media?parent=35701"}],"wp:term":[{"taxonomy":"product_cat","embeddable":true,"href":"https:\/\/rxcompetition.com\/en\/wp-json\/wp\/v2\/product_cat?post=35701"},{"taxonomy":"product_tag","embeddable":true,"href":"https:\/\/rxcompetition.com\/en\/wp-json\/wp\/v2\/product_tag?post=35701"}],"curies":[{"name":"wp","href":"https:\/\/api.w.org\/{rel}","templated":true}]}}