{"id":35605,"date":"2023-04-30T14:59:28","date_gmt":"2023-04-30T14:59:28","guid":{"rendered":"https:\/\/rxcompetition.com\/?post_type=product&#038;p=35605"},"modified":"2024-05-10T07:13:13","modified_gmt":"2024-05-10T07:13:13","slug":"z-curled-rubber-bar","status":"publish","type":"product","link":"https:\/\/rxcompetition.com\/en\/product\/z-curled-rubber-bar\/","title":{"rendered":"Z CURLED RUBBER FIXED BARBELLS"},"content":{"rendered":"<p class=\" translation-block\">What would a weekly routine be without a Bicep Curl? It definitely would make no sense, specially without a good Curl Z bar. But if we offer it already assembled and classified by weights, ranging from 10 kg to 50 kg, your training will surely be more enjoyable and intense because you won't have to waste time adjusting the barbell weights.<\/p>\n<p>&nbsp;<\/p>\n<p class=\" translation-block\">Our assembled Curl Z bars are made with \u00d830 mm diameter chrome-plated steel bar. The grip areas are delimited by a medium-textured diamond knurling to ensure a firm grip during workouts. The weight bases on both ends are made of solid steel coated with a thick layer of black rubber to maximize impact resistance.<\/p>\n<p>&nbsp;<\/p>\n<p class=\" translation-block\">Perfect for Biceps and Triceps performing exercises, its classic curved design allows for a firm grip throughout the entire Biceps and Triceps Curl movement. It enables the wrist to perform the exercise in a comfortable position, reducing tension and injury risk. It offers different grip angles to target various muscle areas.<\/p>\n<p>&nbsp;<\/p>\n<p><strong>THE PRICE IS PER UNIT<\/strong><\/p>","protected":false},"excerpt":{"rendered":"<p><strong>SPECIFICATIONS<\/strong><\/p>\n<p>&nbsp;<\/p>\n<p class=\" translation-block\">Brand: RX Competition<\/p>\n<p class=\" translation-block\">Usage: Biceps and Triceps curl<\/p>\n<p>Weight tolerance: +\/- 2%<\/p>\n<p>Bar material: Chrome-plated steel, ergonomic and with non-slip knurling<\/p>\n<p>Barbell diameter: \u00d830 mm<\/p>\n<p>Load weight material: Solid steel base coated with 10 mm thick black SBR rubber, abrasion resistant<\/p>\n<p>Weight engraved in kilograms for easy recognition<\/p>\n<p>Detachable: No<\/p>\n<p>Available weights: 10kg \/ 15kg \/ 20kg \/ 25kg \/ 30kg \/ 35kg \/ 40kg \/ 45kg \/ 50kg<\/p>\n<p>&nbsp;<\/p>\n<p><strong>*REAL PICTURES<\/strong><\/p>","protected":false},"featured_media":35615,"comment_status":"closed","ping_status":"closed","template":"","meta":{"inline_featured_image":false},"product_cat":[348,204],"product_tag":[],"class_list":{"0":"post-35605","1":"product","2":"type-product","3":"status-publish","4":"has-post-thumbnail","6":"product_cat-barras","7":"product_cat-bodybuilding","10":"first","11":"outofstock","12":"taxable","13":"shipping-taxable","14":"purchasable","15":"product-type-variable"},"yoast_head":"<!-- This site is optimized with the Yoast SEO plugin v23.2 - https:\/\/yoast.com\/wordpress\/plugins\/seo\/ -->\n<title>Z CURLED RUBBER FIXED BARBELLS - RX Competition<\/title>\n<meta name=\"robots\" content=\"index, follow, max-snippet:-1, max-image-preview:large, max-video-preview:-1\" \/>\n<link rel=\"canonical\" href=\"https:\/\/rxcompetition.com\/en\/product\/z-curled-rubber-bar\/\" \/>\n<meta property=\"og:locale\" content=\"en_US\" \/>\n<meta property=\"og:type\" content=\"article\" \/>\n<meta property=\"og:title\" content=\"Z CURLED RUBBER FIXED BARBELLS - RX Competition\" \/>\n<meta property=\"og:description\" content=\"ESPECIFICACIONES  &nbsp;  Marca: RX Competition  Uso: Curl de B\u00edceps y Tr\u00edceps  Tolerancia del peso: +\/- 2 %  Material de la barra: Acero cromado, ergon\u00f3mico y con moleteado antideslizante  Di\u00e1metro de la barra: \u00d830 mm  Material de las cargas: Base de acero macizo recubierto en goma SBR negra de 10 mm de espesor resistente a la abrasi\u00f3n  Peso grabado en kilogramos integrado en la goma para un f\u00e1cil reconocimiento  Desmontables: No  Pesos disponibles: 10 kg \/ 15 kg \/ 20 kg \/ 25 kg \/ 30 kg \/ 35 kg \/ 40 kg \/ 45 kg \/ 50 kg  &nbsp;  *IMAGENES REALES\" \/>\n<meta property=\"og:url\" content=\"https:\/\/rxcompetition.com\/en\/product\/z-curled-rubber-bar\/\" \/>\n<meta property=\"og:site_name\" content=\"RX Competition\" \/>\n<meta property=\"article:modified_time\" content=\"2024-05-10T07:13:13+00:00\" \/>\n<meta property=\"og:image\" content=\"https:\/\/rxcompetition.com\/wp-content\/uploads\/2023\/04\/Z-CURL-BB-1.webp\" \/>\n\t<meta property=\"og:image:width\" content=\"500\" \/>\n\t<meta property=\"og:image:height\" content=\"500\" \/>\n\t<meta property=\"og:image:type\" content=\"image\/webp\" \/>\n<meta name=\"twitter:card\" content=\"summary_large_image\" \/>\n<meta name=\"twitter:label1\" content=\"Est. reading time\" \/>\n\t<meta name=\"twitter:data1\" content=\"1 minute\" \/>\n<script type=\"application\/ld+json\" class=\"yoast-schema-graph\">{\"@context\":\"https:\/\/schema.org\",\"@graph\":[{\"@type\":\"WebPage\",\"@id\":\"https:\/\/rxcompetition.com\/product\/z-curled-rubber-bar\/\",\"url\":\"https:\/\/rxcompetition.com\/product\/z-curled-rubber-bar\/\",\"name\":\"Z CURLED RUBBER FIXED BARBELLS - RX Competition\",\"isPartOf\":{\"@id\":\"https:\/\/rxcompetition.com\/#website\"},\"primaryImageOfPage\":{\"@id\":\"https:\/\/rxcompetition.com\/product\/z-curled-rubber-bar\/#primaryimage\"},\"image\":{\"@id\":\"https:\/\/rxcompetition.com\/product\/z-curled-rubber-bar\/#primaryimage\"},\"thumbnailUrl\":\"https:\/\/rxcompetition.com\/wp-content\/uploads\/2023\/04\/Z-CURL-BB-1.webp\",\"datePublished\":\"2023-04-30T14:59:28+00:00\",\"dateModified\":\"2024-05-10T07:13:13+00:00\",\"breadcrumb\":{\"@id\":\"https:\/\/rxcompetition.com\/product\/z-curled-rubber-bar\/#breadcrumb\"},\"inLanguage\":\"en-US\",\"potentialAction\":[{\"@type\":\"ReadAction\",\"target\":[\"https:\/\/rxcompetition.com\/product\/z-curled-rubber-bar\/\"]}]},{\"@type\":\"ImageObject\",\"inLanguage\":\"en-US\",\"@id\":\"https:\/\/rxcompetition.com\/product\/z-curled-rubber-bar\/#primaryimage\",\"url\":\"https:\/\/rxcompetition.com\/wp-content\/uploads\/2023\/04\/Z-CURL-BB-1.webp\",\"contentUrl\":\"https:\/\/rxcompetition.com\/wp-content\/uploads\/2023\/04\/Z-CURL-BB-1.webp\",\"width\":500,\"height\":500},{\"@type\":\"BreadcrumbList\",\"@id\":\"https:\/\/rxcompetition.com\/product\/z-curled-rubber-bar\/#breadcrumb\",\"itemListElement\":[{\"@type\":\"ListItem\",\"position\":1,\"name\":\"Inicio\",\"item\":\"https:\/\/rxcompetition.com\/\"},{\"@type\":\"ListItem\",\"position\":2,\"name\":\"Tienda\",\"item\":\"https:\/\/rxcompetition.com\/tienda\/\"},{\"@type\":\"ListItem\",\"position\":3,\"name\":\"Z CURLED RUBBER FIXED BARBELLS\"}]},{\"@type\":\"WebSite\",\"@id\":\"https:\/\/rxcompetition.com\/#website\",\"url\":\"https:\/\/rxcompetition.com\/\",\"name\":\"RX Competition\",\"description\":\"\",\"publisher\":{\"@id\":\"https:\/\/rxcompetition.com\/#organization\"},\"potentialAction\":[{\"@type\":\"SearchAction\",\"target\":{\"@type\":\"EntryPoint\",\"urlTemplate\":\"https:\/\/rxcompetition.com\/?s={search_term_string}\"},\"query-input\":\"required name=search_term_string\"}],\"inLanguage\":\"en-US\"},{\"@type\":\"Organization\",\"@id\":\"https:\/\/rxcompetition.com\/#organization\",\"name\":\"RX Competition\",\"url\":\"https:\/\/rxcompetition.com\/\",\"logo\":{\"@type\":\"ImageObject\",\"inLanguage\":\"en-US\",\"@id\":\"https:\/\/rxcompetition.com\/#\/schema\/logo\/image\/\",\"url\":\"https:\/\/rxcompetition.com\/wp-content\/uploads\/2023\/04\/LOGO-RX-PROGRAMA.png\",\"contentUrl\":\"https:\/\/rxcompetition.com\/wp-content\/uploads\/2023\/04\/LOGO-RX-PROGRAMA.png\",\"width\":1416,\"height\":672,\"caption\":\"RX Competition\"},\"image\":{\"@id\":\"https:\/\/rxcompetition.com\/#\/schema\/logo\/image\/\"}}]}<\/script>\n<!-- \/ Yoast SEO plugin. -->","yoast_head_json":{"title":"Z CURLED RUBBER FIXED BARBELLS - RX Competition","robots":{"index":"index","follow":"follow","max-snippet":"max-snippet:-1","max-image-preview":"max-image-preview:large","max-video-preview":"max-video-preview:-1"},"canonical":"https:\/\/rxcompetition.com\/en\/product\/z-curled-rubber-bar\/","og_locale":"en_US","og_type":"article","og_title":"Z CURLED RUBBER FIXED BARBELLS - RX Competition","og_description":"ESPECIFICACIONES  &nbsp;  Marca: RX Competition  Uso: Curl de B\u00edceps y Tr\u00edceps  Tolerancia del peso: +\/- 2 %  Material de la barra: Acero cromado, ergon\u00f3mico y con moleteado antideslizante  Di\u00e1metro de la barra: \u00d830 mm  Material de las cargas: Base de acero macizo recubierto en goma SBR negra de 10 mm de espesor resistente a la abrasi\u00f3n  Peso grabado en kilogramos integrado en la goma para un f\u00e1cil reconocimiento  Desmontables: No  Pesos disponibles: 10 kg \/ 15 kg \/ 20 kg \/ 25 kg \/ 30 kg \/ 35 kg \/ 40 kg \/ 45 kg \/ 50 kg  &nbsp;  *IMAGENES REALES","og_url":"https:\/\/rxcompetition.com\/en\/product\/z-curled-rubber-bar\/","og_site_name":"RX Competition","article_modified_time":"2024-05-10T07:13:13+00:00","og_image":[{"width":500,"height":500,"url":"https:\/\/rxcompetition.com\/wp-content\/uploads\/2023\/04\/Z-CURL-BB-1.webp","type":"image\/webp"}],"twitter_card":"summary_large_image","twitter_misc":{"Est. reading time":"1 minute"},"schema":{"@context":"https:\/\/schema.org","@graph":[{"@type":"WebPage","@id":"https:\/\/rxcompetition.com\/product\/z-curled-rubber-bar\/","url":"https:\/\/rxcompetition.com\/product\/z-curled-rubber-bar\/","name":"Z CURLED RUBBER FIXED BARBELLS - RX Competition","isPartOf":{"@id":"https:\/\/rxcompetition.com\/#website"},"primaryImageOfPage":{"@id":"https:\/\/rxcompetition.com\/product\/z-curled-rubber-bar\/#primaryimage"},"image":{"@id":"https:\/\/rxcompetition.com\/product\/z-curled-rubber-bar\/#primaryimage"},"thumbnailUrl":"https:\/\/rxcompetition.com\/wp-content\/uploads\/2023\/04\/Z-CURL-BB-1.webp","datePublished":"2023-04-30T14:59:28+00:00","dateModified":"2024-05-10T07:13:13+00:00","breadcrumb":{"@id":"https:\/\/rxcompetition.com\/product\/z-curled-rubber-bar\/#breadcrumb"},"inLanguage":"en-US","potentialAction":[{"@type":"ReadAction","target":["https:\/\/rxcompetition.com\/product\/z-curled-rubber-bar\/"]}]},{"@type":"ImageObject","inLanguage":"en-US","@id":"https:\/\/rxcompetition.com\/product\/z-curled-rubber-bar\/#primaryimage","url":"https:\/\/rxcompetition.com\/wp-content\/uploads\/2023\/04\/Z-CURL-BB-1.webp","contentUrl":"https:\/\/rxcompetition.com\/wp-content\/uploads\/2023\/04\/Z-CURL-BB-1.webp","width":500,"height":500},{"@type":"BreadcrumbList","@id":"https:\/\/rxcompetition.com\/product\/z-curled-rubber-bar\/#breadcrumb","itemListElement":[{"@type":"ListItem","position":1,"name":"Inicio","item":"https:\/\/rxcompetition.com\/"},{"@type":"ListItem","position":2,"name":"Tienda","item":"https:\/\/rxcompetition.com\/tienda\/"},{"@type":"ListItem","position":3,"name":"Z CURLED RUBBER FIXED BARBELLS"}]},{"@type":"WebSite","@id":"https:\/\/rxcompetition.com\/#website","url":"https:\/\/rxcompetition.com\/","name":"RX Competition","description":"","publisher":{"@id":"https:\/\/rxcompetition.com\/#organization"},"potentialAction":[{"@type":"SearchAction","target":{"@type":"EntryPoint","urlTemplate":"https:\/\/rxcompetition.com\/?s={search_term_string}"},"query-input":"required name=search_term_string"}],"inLanguage":"en-US"},{"@type":"Organization","@id":"https:\/\/rxcompetition.com\/#organization","name":"RX Competition","url":"https:\/\/rxcompetition.com\/","logo":{"@type":"ImageObject","inLanguage":"en-US","@id":"https:\/\/rxcompetition.com\/#\/schema\/logo\/image\/","url":"https:\/\/rxcompetition.com\/wp-content\/uploads\/2023\/04\/LOGO-RX-PROGRAMA.png","contentUrl":"https:\/\/rxcompetition.com\/wp-content\/uploads\/2023\/04\/LOGO-RX-PROGRAMA.png","width":1416,"height":672,"caption":"RX Competition"},"image":{"@id":"https:\/\/rxcompetition.com\/#\/schema\/logo\/image\/"}}]}},"jetpack_sharing_enabled":true,"_links":{"self":[{"href":"https:\/\/rxcompetition.com\/en\/wp-json\/wp\/v2\/product\/35605","targetHints":{"allow":["GET"]}}],"collection":[{"href":"https:\/\/rxcompetition.com\/en\/wp-json\/wp\/v2\/product"}],"about":[{"href":"https:\/\/rxcompetition.com\/en\/wp-json\/wp\/v2\/types\/product"}],"replies":[{"embeddable":true,"href":"https:\/\/rxcompetition.com\/en\/wp-json\/wp\/v2\/comments?post=35605"}],"wp:featuredmedia":[{"embeddable":true,"href":"https:\/\/rxcompetition.com\/en\/wp-json\/wp\/v2\/media\/35615"}],"wp:attachment":[{"href":"https:\/\/rxcompetition.com\/en\/wp-json\/wp\/v2\/media?parent=35605"}],"wp:term":[{"taxonomy":"product_cat","embeddable":true,"href":"https:\/\/rxcompetition.com\/en\/wp-json\/wp\/v2\/product_cat?post=35605"},{"taxonomy":"product_tag","embeddable":true,"href":"https:\/\/rxcompetition.com\/en\/wp-json\/wp\/v2\/product_tag?post=35605"}],"curies":[{"name":"wp","href":"https:\/\/api.w.org\/{rel}","templated":true}]}}