{"id":35580,"date":"2023-04-29T17:55:41","date_gmt":"2023-04-29T17:55:41","guid":{"rendered":"https:\/\/rxcompetition.com\/?post_type=product&#038;p=35580"},"modified":"2024-05-10T07:13:23","modified_gmt":"2024-05-10T07:13:23","slug":"regular-dumbbell-storage","status":"publish","type":"product","link":"https:\/\/rxcompetition.com\/en\/product\/regular-dumbbell-storage\/","title":{"rendered":"MASTER DUMBBELL STORAGE"},"content":{"rendered":"<p>Our<em> Master Dumbbell Storage <\/em>is our shelf support for storing the <em>Dumbbells. <\/em>This shelf is specifically designed for our <em>Power Rack <\/em>of category <em>Master.<\/em><\/p>\n<p>&nbsp;<\/p>\n<p>This accessory can only be installed on the additional rear structure, so it is necessary to add the <em>Master Rack Attachment <\/em>to make the evolution from 4 to 6 supports\u00a0<em>Uprights<\/em> and install this accessory between the two columns <em>Upright <\/em>rear.<\/p>\n<p>&nbsp;<\/p>\n<p><strong>THE PRICE IS PER UNIT<\/strong><\/p>","protected":false},"excerpt":{"rendered":"<p><strong>SPECIFICATIONS<\/strong><\/p>\n<p>&nbsp;<\/p>\n<p class=\" translation-block\">Brand: RX Competition<\/p>\n<p class=\" translation-block\">Usage: Power Rack storage<\/p>\n<p>Material: Powder coated black steel<\/p>\n<p>Shape thickness: 4 mm<\/p>\n<p>Assembling base thickness: 4 mm<\/p>\n<p>Total length: 1.080 mm<\/p>\n<p>Total width: 300 mm<\/p>\n<p>Total height: 90 mm<\/p>\n<p>Weight: 8 kg<\/p>\n<p>Recommended maximum load: 150 kg<\/p>\n<p>Material warranty: 1 year<\/p>\n<p>Coating warranty: 1 year<\/p>\n<p>&nbsp;<\/p>\n<p><strong>*REAL PICTURES<\/strong><\/p>","protected":false},"featured_media":35582,"comment_status":"closed","ping_status":"closed","template":"","meta":{"inline_featured_image":false},"product_cat":[302,146,157],"product_tag":[],"class_list":{"0":"post-35580","1":"product","2":"type-product","3":"status-publish","4":"has-post-thumbnail","6":"product_cat-regular-accesorios","7":"product_cat-rigs-racks","8":"product_cat-rigs-racks-regular","11":"first","12":"outofstock","13":"taxable","14":"shipping-taxable","15":"purchasable","16":"product-type-simple"},"yoast_head":"<!-- This site is optimized with the Yoast SEO plugin v23.2 - https:\/\/yoast.com\/wordpress\/plugins\/seo\/ -->\n<title>MASTER DUMBBELL STORAGE - RX Competition<\/title>\n<meta name=\"robots\" content=\"index, follow, max-snippet:-1, max-image-preview:large, max-video-preview:-1\" \/>\n<link rel=\"canonical\" href=\"https:\/\/rxcompetition.com\/en\/product\/regular-dumbbell-storage\/\" \/>\n<meta property=\"og:locale\" content=\"en_US\" \/>\n<meta property=\"og:type\" content=\"article\" \/>\n<meta property=\"og:title\" content=\"MASTER DUMBBELL STORAGE - RX Competition\" \/>\n<meta property=\"og:description\" content=\"ESPECIFICACIONES  &nbsp;  Marca: RX Competition  Uso: Almacenaje para Power Rack  Material: Acero recubierto de pintura en polvo color negro  Espesor de la chapa: 4 mm  Espesor de la base de anclaje: 4 mm  Longitud total: 1.080 mm  Ancho total: 300 mm  Altura total: 90 mm  Peso: 8 kg  Carga m\u00e1xima recomendada: 150 kg  Garant\u00eda sobre el material: 1 a\u00f1o  Garant\u00eda sobre el recubrimiento: 1 a\u00f1o  &nbsp;  *IMAGENES REALES\" \/>\n<meta property=\"og:url\" content=\"https:\/\/rxcompetition.com\/en\/product\/regular-dumbbell-storage\/\" \/>\n<meta property=\"og:site_name\" content=\"RX Competition\" \/>\n<meta property=\"article:modified_time\" content=\"2024-05-10T07:13:23+00:00\" \/>\n<meta property=\"og:image\" content=\"https:\/\/rxcompetition.com\/wp-content\/uploads\/2023\/04\/Regular-Dumbbell-Storage.png\" \/>\n\t<meta property=\"og:image:width\" content=\"1416\" \/>\n\t<meta property=\"og:image:height\" content=\"1200\" \/>\n\t<meta property=\"og:image:type\" content=\"image\/png\" \/>\n<meta name=\"twitter:card\" content=\"summary_large_image\" \/>\n<script type=\"application\/ld+json\" class=\"yoast-schema-graph\">{\"@context\":\"https:\/\/schema.org\",\"@graph\":[{\"@type\":\"WebPage\",\"@id\":\"https:\/\/rxcompetition.com\/product\/regular-dumbbell-storage\/\",\"url\":\"https:\/\/rxcompetition.com\/product\/regular-dumbbell-storage\/\",\"name\":\"MASTER DUMBBELL STORAGE - RX Competition\",\"isPartOf\":{\"@id\":\"https:\/\/rxcompetition.com\/#website\"},\"primaryImageOfPage\":{\"@id\":\"https:\/\/rxcompetition.com\/product\/regular-dumbbell-storage\/#primaryimage\"},\"image\":{\"@id\":\"https:\/\/rxcompetition.com\/product\/regular-dumbbell-storage\/#primaryimage\"},\"thumbnailUrl\":\"https:\/\/rxcompetition.com\/wp-content\/uploads\/2023\/04\/Regular-Dumbbell-Storage.png\",\"datePublished\":\"2023-04-29T17:55:41+00:00\",\"dateModified\":\"2024-05-10T07:13:23+00:00\",\"breadcrumb\":{\"@id\":\"https:\/\/rxcompetition.com\/product\/regular-dumbbell-storage\/#breadcrumb\"},\"inLanguage\":\"en-US\",\"potentialAction\":[{\"@type\":\"ReadAction\",\"target\":[\"https:\/\/rxcompetition.com\/product\/regular-dumbbell-storage\/\"]}]},{\"@type\":\"ImageObject\",\"inLanguage\":\"en-US\",\"@id\":\"https:\/\/rxcompetition.com\/product\/regular-dumbbell-storage\/#primaryimage\",\"url\":\"https:\/\/rxcompetition.com\/wp-content\/uploads\/2023\/04\/Regular-Dumbbell-Storage.png\",\"contentUrl\":\"https:\/\/rxcompetition.com\/wp-content\/uploads\/2023\/04\/Regular-Dumbbell-Storage.png\",\"width\":1416,\"height\":1200},{\"@type\":\"BreadcrumbList\",\"@id\":\"https:\/\/rxcompetition.com\/product\/regular-dumbbell-storage\/#breadcrumb\",\"itemListElement\":[{\"@type\":\"ListItem\",\"position\":1,\"name\":\"Inicio\",\"item\":\"https:\/\/rxcompetition.com\/\"},{\"@type\":\"ListItem\",\"position\":2,\"name\":\"Tienda\",\"item\":\"https:\/\/rxcompetition.com\/tienda\/\"},{\"@type\":\"ListItem\",\"position\":3,\"name\":\"MASTER DUMBBELL STORAGE\"}]},{\"@type\":\"WebSite\",\"@id\":\"https:\/\/rxcompetition.com\/#website\",\"url\":\"https:\/\/rxcompetition.com\/\",\"name\":\"RX Competition\",\"description\":\"\",\"publisher\":{\"@id\":\"https:\/\/rxcompetition.com\/#organization\"},\"potentialAction\":[{\"@type\":\"SearchAction\",\"target\":{\"@type\":\"EntryPoint\",\"urlTemplate\":\"https:\/\/rxcompetition.com\/?s={search_term_string}\"},\"query-input\":\"required name=search_term_string\"}],\"inLanguage\":\"en-US\"},{\"@type\":\"Organization\",\"@id\":\"https:\/\/rxcompetition.com\/#organization\",\"name\":\"RX Competition\",\"url\":\"https:\/\/rxcompetition.com\/\",\"logo\":{\"@type\":\"ImageObject\",\"inLanguage\":\"en-US\",\"@id\":\"https:\/\/rxcompetition.com\/#\/schema\/logo\/image\/\",\"url\":\"https:\/\/rxcompetition.com\/wp-content\/uploads\/2023\/04\/LOGO-RX-PROGRAMA.png\",\"contentUrl\":\"https:\/\/rxcompetition.com\/wp-content\/uploads\/2023\/04\/LOGO-RX-PROGRAMA.png\",\"width\":1416,\"height\":672,\"caption\":\"RX Competition\"},\"image\":{\"@id\":\"https:\/\/rxcompetition.com\/#\/schema\/logo\/image\/\"}}]}<\/script>\n<!-- \/ Yoast SEO plugin. -->","yoast_head_json":{"title":"MASTER DUMBBELL STORAGE - RX Competition","robots":{"index":"index","follow":"follow","max-snippet":"max-snippet:-1","max-image-preview":"max-image-preview:large","max-video-preview":"max-video-preview:-1"},"canonical":"https:\/\/rxcompetition.com\/en\/product\/regular-dumbbell-storage\/","og_locale":"en_US","og_type":"article","og_title":"MASTER DUMBBELL STORAGE - RX Competition","og_description":"ESPECIFICACIONES  &nbsp;  Marca: RX Competition  Uso: Almacenaje para Power Rack  Material: Acero recubierto de pintura en polvo color negro  Espesor de la chapa: 4 mm  Espesor de la base de anclaje: 4 mm  Longitud total: 1.080 mm  Ancho total: 300 mm  Altura total: 90 mm  Peso: 8 kg  Carga m\u00e1xima recomendada: 150 kg  Garant\u00eda sobre el material: 1 a\u00f1o  Garant\u00eda sobre el recubrimiento: 1 a\u00f1o  &nbsp;  *IMAGENES REALES","og_url":"https:\/\/rxcompetition.com\/en\/product\/regular-dumbbell-storage\/","og_site_name":"RX Competition","article_modified_time":"2024-05-10T07:13:23+00:00","og_image":[{"width":1416,"height":1200,"url":"https:\/\/rxcompetition.com\/wp-content\/uploads\/2023\/04\/Regular-Dumbbell-Storage.png","type":"image\/png"}],"twitter_card":"summary_large_image","schema":{"@context":"https:\/\/schema.org","@graph":[{"@type":"WebPage","@id":"https:\/\/rxcompetition.com\/product\/regular-dumbbell-storage\/","url":"https:\/\/rxcompetition.com\/product\/regular-dumbbell-storage\/","name":"MASTER DUMBBELL STORAGE - RX Competition","isPartOf":{"@id":"https:\/\/rxcompetition.com\/#website"},"primaryImageOfPage":{"@id":"https:\/\/rxcompetition.com\/product\/regular-dumbbell-storage\/#primaryimage"},"image":{"@id":"https:\/\/rxcompetition.com\/product\/regular-dumbbell-storage\/#primaryimage"},"thumbnailUrl":"https:\/\/rxcompetition.com\/wp-content\/uploads\/2023\/04\/Regular-Dumbbell-Storage.png","datePublished":"2023-04-29T17:55:41+00:00","dateModified":"2024-05-10T07:13:23+00:00","breadcrumb":{"@id":"https:\/\/rxcompetition.com\/product\/regular-dumbbell-storage\/#breadcrumb"},"inLanguage":"en-US","potentialAction":[{"@type":"ReadAction","target":["https:\/\/rxcompetition.com\/product\/regular-dumbbell-storage\/"]}]},{"@type":"ImageObject","inLanguage":"en-US","@id":"https:\/\/rxcompetition.com\/product\/regular-dumbbell-storage\/#primaryimage","url":"https:\/\/rxcompetition.com\/wp-content\/uploads\/2023\/04\/Regular-Dumbbell-Storage.png","contentUrl":"https:\/\/rxcompetition.com\/wp-content\/uploads\/2023\/04\/Regular-Dumbbell-Storage.png","width":1416,"height":1200},{"@type":"BreadcrumbList","@id":"https:\/\/rxcompetition.com\/product\/regular-dumbbell-storage\/#breadcrumb","itemListElement":[{"@type":"ListItem","position":1,"name":"Inicio","item":"https:\/\/rxcompetition.com\/"},{"@type":"ListItem","position":2,"name":"Tienda","item":"https:\/\/rxcompetition.com\/tienda\/"},{"@type":"ListItem","position":3,"name":"MASTER DUMBBELL STORAGE"}]},{"@type":"WebSite","@id":"https:\/\/rxcompetition.com\/#website","url":"https:\/\/rxcompetition.com\/","name":"RX Competition","description":"","publisher":{"@id":"https:\/\/rxcompetition.com\/#organization"},"potentialAction":[{"@type":"SearchAction","target":{"@type":"EntryPoint","urlTemplate":"https:\/\/rxcompetition.com\/?s={search_term_string}"},"query-input":"required name=search_term_string"}],"inLanguage":"en-US"},{"@type":"Organization","@id":"https:\/\/rxcompetition.com\/#organization","name":"RX Competition","url":"https:\/\/rxcompetition.com\/","logo":{"@type":"ImageObject","inLanguage":"en-US","@id":"https:\/\/rxcompetition.com\/#\/schema\/logo\/image\/","url":"https:\/\/rxcompetition.com\/wp-content\/uploads\/2023\/04\/LOGO-RX-PROGRAMA.png","contentUrl":"https:\/\/rxcompetition.com\/wp-content\/uploads\/2023\/04\/LOGO-RX-PROGRAMA.png","width":1416,"height":672,"caption":"RX Competition"},"image":{"@id":"https:\/\/rxcompetition.com\/#\/schema\/logo\/image\/"}}]}},"jetpack_sharing_enabled":true,"_links":{"self":[{"href":"https:\/\/rxcompetition.com\/en\/wp-json\/wp\/v2\/product\/35580","targetHints":{"allow":["GET"]}}],"collection":[{"href":"https:\/\/rxcompetition.com\/en\/wp-json\/wp\/v2\/product"}],"about":[{"href":"https:\/\/rxcompetition.com\/en\/wp-json\/wp\/v2\/types\/product"}],"replies":[{"embeddable":true,"href":"https:\/\/rxcompetition.com\/en\/wp-json\/wp\/v2\/comments?post=35580"}],"wp:featuredmedia":[{"embeddable":true,"href":"https:\/\/rxcompetition.com\/en\/wp-json\/wp\/v2\/media\/35582"}],"wp:attachment":[{"href":"https:\/\/rxcompetition.com\/en\/wp-json\/wp\/v2\/media?parent=35580"}],"wp:term":[{"taxonomy":"product_cat","embeddable":true,"href":"https:\/\/rxcompetition.com\/en\/wp-json\/wp\/v2\/product_cat?post=35580"},{"taxonomy":"product_tag","embeddable":true,"href":"https:\/\/rxcompetition.com\/en\/wp-json\/wp\/v2\/product_tag?post=35580"}],"curies":[{"name":"wp","href":"https:\/\/api.w.org\/{rel}","templated":true}]}}