{"id":35569,"date":"2023-04-29T13:55:29","date_gmt":"2023-04-29T13:55:29","guid":{"rendered":"https:\/\/rxcompetition.com\/?post_type=product&#038;p=35569"},"modified":"2024-04-27T13:47:27","modified_gmt":"2024-04-27T13:47:27","slug":"elite-wallball-storage","status":"publish","type":"product","link":"https:\/\/rxcompetition.com\/en\/product\/elite-wallball-storage\/","title":{"rendered":"ELITE BUMPER &#038; WALLBALL STORAGE"},"content":{"rendered":"<p class=\" translation-block\">Our Elite Bumper &amp; Wallball Storage is our specyfic designed storage channel for Bumpers and Wallballs.<\/p>\n<p>&nbsp;<\/p>\n<p>This shelf is specifically designed for our <em>Power Racks <\/em>of category <em>Elite. <\/em>This accessory can only be installed on the additional rear structure that incorporates the <em>Elite Power Rack 2.0. <\/em>In case you have the <em>Elite Power Rack 1.0 <\/em>you should add the <em>Elite<\/em> <em>Power Rack Rear Attachment <\/em>to make the evolution <em>2.0 <\/em>and install this support between the two columns <em>Upright <\/em>rear.<\/p>\n<p>&nbsp;<\/p>\n<p>This frame is manufactured and machined in Spain using solid 5 mm thick steel sheet under strict quality controls. As a result, we can ensure high-quality finishes in terms of laser-cut precision and, above all, the quality of the welds.<\/p>\n<p>&nbsp;<\/p>\n<p><strong>THE PRICE IS PER UNIT<\/strong><\/p>\n<p><strong>\u00a0<\/strong><\/p>","protected":false},"excerpt":{"rendered":"<p><strong>SPECIFICATIONS<\/strong><\/p>\n<p>&nbsp;<\/p>\n<p class=\" translation-block\">Brand: RX Competition<\/p>\n<p>Manufactured in Spain<\/p>\n<p class=\" translation-block\">Usage: Power Rack storage<\/p>\n<p>Material: Powder coated black steel<\/p>\n<p>Sheet thickness: 5 mm<\/p>\n<p>Tube thickness: 3 mm<\/p>\n<p>Pipe diameter: 33,7 mm<\/p>\n<p>Assembling base thickness: 5 mm<\/p>\n<p>Total length: 1.100 mm<\/p>\n<p>Total width: 240 mm<\/p>\n<p>Total height: 120 mm<\/p>\n<p>Weight: 6,4 kg<\/p>\n<p>Recommended maximum load: 200 kg<\/p>\n<p>Material warranty: 2 years<\/p>\n<p>Coating warranty: 2 years<\/p>\n<p>&nbsp;<\/p>\n<p><strong>*REAL PICTURES<\/strong><\/p>","protected":false},"featured_media":37484,"comment_status":"closed","ping_status":"closed","template":"","meta":{"inline_featured_image":false},"product_cat":[158,153,160,165,169],"product_tag":[],"class_list":{"0":"post-35569","1":"product","2":"type-product","3":"status-publish","4":"has-post-thumbnail","6":"product_cat-rigs-racks-elite","7":"product_cat-elite-power-racks","8":"product_cat-crossmembers-power-racks","9":"product_cat-elite-rigs","10":"product_cat-crossmembers-rigs","13":"first","14":"instock","15":"taxable","16":"shipping-taxable","17":"purchasable","18":"product-type-simple"},"yoast_head":"<!-- This site is optimized with the Yoast SEO plugin v23.2 - https:\/\/yoast.com\/wordpress\/plugins\/seo\/ -->\n<title>ELITE BUMPER &amp; WALLBALL STORAGE - RX Competition<\/title>\n<meta name=\"robots\" content=\"index, follow, max-snippet:-1, max-image-preview:large, max-video-preview:-1\" \/>\n<link rel=\"canonical\" href=\"https:\/\/rxcompetition.com\/en\/product\/elite-wallball-storage\/\" \/>\n<meta property=\"og:locale\" content=\"en_US\" \/>\n<meta property=\"og:type\" content=\"article\" \/>\n<meta property=\"og:title\" content=\"ELITE BUMPER &amp; WALLBALL STORAGE - RX Competition\" \/>\n<meta property=\"og:description\" content=\"ESPECIFICACIONES  &nbsp;  Marca: RX Competition  Fabricado en Espa\u00f1a  Uso: Almacenaje para Power Rack  Material: Acero recubierto de pintura en polvo color negro  Espesor de la chapa: 5 mm  Espesor del tubo: 3 mm  Di\u00e1metro del tubo: 33,7 mm  Espesor de la base de anclaje: 5 mm  Longitud total: 1.100 mm  Ancho total: 240 mm  Altura total: 120 mm  Peso: 6,4 kg  Carga m\u00e1xima recomendada: 200 kg  Garant\u00eda sobre el material: 2 a\u00f1os  Garant\u00eda sobre el recubrimiento: 2 a\u00f1os  &nbsp;  *IMAGENES REALES\" \/>\n<meta property=\"og:url\" content=\"https:\/\/rxcompetition.com\/en\/product\/elite-wallball-storage\/\" \/>\n<meta property=\"og:site_name\" content=\"RX Competition\" \/>\n<meta property=\"article:modified_time\" content=\"2024-04-27T13:47:27+00:00\" \/>\n<meta property=\"og:image\" content=\"https:\/\/rxcompetition.com\/wp-content\/uploads\/2023\/04\/POI_029-scaled.jpg\" \/>\n\t<meta property=\"og:image:width\" content=\"2560\" \/>\n\t<meta property=\"og:image:height\" content=\"1707\" \/>\n\t<meta property=\"og:image:type\" content=\"image\/jpeg\" \/>\n<meta name=\"twitter:card\" content=\"summary_large_image\" \/>\n<meta name=\"twitter:label1\" content=\"Est. reading time\" \/>\n\t<meta name=\"twitter:data1\" content=\"1 minute\" \/>\n<script type=\"application\/ld+json\" class=\"yoast-schema-graph\">{\"@context\":\"https:\/\/schema.org\",\"@graph\":[{\"@type\":\"WebPage\",\"@id\":\"https:\/\/rxcompetition.com\/product\/elite-wallball-storage\/\",\"url\":\"https:\/\/rxcompetition.com\/product\/elite-wallball-storage\/\",\"name\":\"ELITE BUMPER & WALLBALL STORAGE - RX Competition\",\"isPartOf\":{\"@id\":\"https:\/\/rxcompetition.com\/#website\"},\"primaryImageOfPage\":{\"@id\":\"https:\/\/rxcompetition.com\/product\/elite-wallball-storage\/#primaryimage\"},\"image\":{\"@id\":\"https:\/\/rxcompetition.com\/product\/elite-wallball-storage\/#primaryimage\"},\"thumbnailUrl\":\"https:\/\/rxcompetition.com\/wp-content\/uploads\/2023\/04\/POI_029-scaled.jpg\",\"datePublished\":\"2023-04-29T13:55:29+00:00\",\"dateModified\":\"2024-04-27T13:47:27+00:00\",\"breadcrumb\":{\"@id\":\"https:\/\/rxcompetition.com\/product\/elite-wallball-storage\/#breadcrumb\"},\"inLanguage\":\"en-US\",\"potentialAction\":[{\"@type\":\"ReadAction\",\"target\":[\"https:\/\/rxcompetition.com\/product\/elite-wallball-storage\/\"]}]},{\"@type\":\"ImageObject\",\"inLanguage\":\"en-US\",\"@id\":\"https:\/\/rxcompetition.com\/product\/elite-wallball-storage\/#primaryimage\",\"url\":\"https:\/\/rxcompetition.com\/wp-content\/uploads\/2023\/04\/POI_029-scaled.jpg\",\"contentUrl\":\"https:\/\/rxcompetition.com\/wp-content\/uploads\/2023\/04\/POI_029-scaled.jpg\",\"width\":2560,\"height\":1707},{\"@type\":\"BreadcrumbList\",\"@id\":\"https:\/\/rxcompetition.com\/product\/elite-wallball-storage\/#breadcrumb\",\"itemListElement\":[{\"@type\":\"ListItem\",\"position\":1,\"name\":\"Inicio\",\"item\":\"https:\/\/rxcompetition.com\/\"},{\"@type\":\"ListItem\",\"position\":2,\"name\":\"Tienda\",\"item\":\"https:\/\/rxcompetition.com\/tienda\/\"},{\"@type\":\"ListItem\",\"position\":3,\"name\":\"ELITE BUMPER &#038; WALLBALL STORAGE\"}]},{\"@type\":\"WebSite\",\"@id\":\"https:\/\/rxcompetition.com\/#website\",\"url\":\"https:\/\/rxcompetition.com\/\",\"name\":\"RX Competition\",\"description\":\"\",\"publisher\":{\"@id\":\"https:\/\/rxcompetition.com\/#organization\"},\"potentialAction\":[{\"@type\":\"SearchAction\",\"target\":{\"@type\":\"EntryPoint\",\"urlTemplate\":\"https:\/\/rxcompetition.com\/?s={search_term_string}\"},\"query-input\":\"required name=search_term_string\"}],\"inLanguage\":\"en-US\"},{\"@type\":\"Organization\",\"@id\":\"https:\/\/rxcompetition.com\/#organization\",\"name\":\"RX Competition\",\"url\":\"https:\/\/rxcompetition.com\/\",\"logo\":{\"@type\":\"ImageObject\",\"inLanguage\":\"en-US\",\"@id\":\"https:\/\/rxcompetition.com\/#\/schema\/logo\/image\/\",\"url\":\"https:\/\/rxcompetition.com\/wp-content\/uploads\/2023\/04\/LOGO-RX-PROGRAMA.png\",\"contentUrl\":\"https:\/\/rxcompetition.com\/wp-content\/uploads\/2023\/04\/LOGO-RX-PROGRAMA.png\",\"width\":1416,\"height\":672,\"caption\":\"RX Competition\"},\"image\":{\"@id\":\"https:\/\/rxcompetition.com\/#\/schema\/logo\/image\/\"}}]}<\/script>\n<!-- \/ Yoast SEO plugin. -->","yoast_head_json":{"title":"ELITE BUMPER & WALLBALL STORAGE - RX Competition","robots":{"index":"index","follow":"follow","max-snippet":"max-snippet:-1","max-image-preview":"max-image-preview:large","max-video-preview":"max-video-preview:-1"},"canonical":"https:\/\/rxcompetition.com\/en\/product\/elite-wallball-storage\/","og_locale":"en_US","og_type":"article","og_title":"ELITE BUMPER & WALLBALL STORAGE - RX Competition","og_description":"ESPECIFICACIONES  &nbsp;  Marca: RX Competition  Fabricado en Espa\u00f1a  Uso: Almacenaje para Power Rack  Material: Acero recubierto de pintura en polvo color negro  Espesor de la chapa: 5 mm  Espesor del tubo: 3 mm  Di\u00e1metro del tubo: 33,7 mm  Espesor de la base de anclaje: 5 mm  Longitud total: 1.100 mm  Ancho total: 240 mm  Altura total: 120 mm  Peso: 6,4 kg  Carga m\u00e1xima recomendada: 200 kg  Garant\u00eda sobre el material: 2 a\u00f1os  Garant\u00eda sobre el recubrimiento: 2 a\u00f1os  &nbsp;  *IMAGENES REALES","og_url":"https:\/\/rxcompetition.com\/en\/product\/elite-wallball-storage\/","og_site_name":"RX Competition","article_modified_time":"2024-04-27T13:47:27+00:00","og_image":[{"width":2560,"height":1707,"url":"https:\/\/rxcompetition.com\/wp-content\/uploads\/2023\/04\/POI_029-scaled.jpg","type":"image\/jpeg"}],"twitter_card":"summary_large_image","twitter_misc":{"Est. reading time":"1 minute"},"schema":{"@context":"https:\/\/schema.org","@graph":[{"@type":"WebPage","@id":"https:\/\/rxcompetition.com\/product\/elite-wallball-storage\/","url":"https:\/\/rxcompetition.com\/product\/elite-wallball-storage\/","name":"ELITE BUMPER & WALLBALL STORAGE - RX Competition","isPartOf":{"@id":"https:\/\/rxcompetition.com\/#website"},"primaryImageOfPage":{"@id":"https:\/\/rxcompetition.com\/product\/elite-wallball-storage\/#primaryimage"},"image":{"@id":"https:\/\/rxcompetition.com\/product\/elite-wallball-storage\/#primaryimage"},"thumbnailUrl":"https:\/\/rxcompetition.com\/wp-content\/uploads\/2023\/04\/POI_029-scaled.jpg","datePublished":"2023-04-29T13:55:29+00:00","dateModified":"2024-04-27T13:47:27+00:00","breadcrumb":{"@id":"https:\/\/rxcompetition.com\/product\/elite-wallball-storage\/#breadcrumb"},"inLanguage":"en-US","potentialAction":[{"@type":"ReadAction","target":["https:\/\/rxcompetition.com\/product\/elite-wallball-storage\/"]}]},{"@type":"ImageObject","inLanguage":"en-US","@id":"https:\/\/rxcompetition.com\/product\/elite-wallball-storage\/#primaryimage","url":"https:\/\/rxcompetition.com\/wp-content\/uploads\/2023\/04\/POI_029-scaled.jpg","contentUrl":"https:\/\/rxcompetition.com\/wp-content\/uploads\/2023\/04\/POI_029-scaled.jpg","width":2560,"height":1707},{"@type":"BreadcrumbList","@id":"https:\/\/rxcompetition.com\/product\/elite-wallball-storage\/#breadcrumb","itemListElement":[{"@type":"ListItem","position":1,"name":"Inicio","item":"https:\/\/rxcompetition.com\/"},{"@type":"ListItem","position":2,"name":"Tienda","item":"https:\/\/rxcompetition.com\/tienda\/"},{"@type":"ListItem","position":3,"name":"ELITE BUMPER &#038; WALLBALL STORAGE"}]},{"@type":"WebSite","@id":"https:\/\/rxcompetition.com\/#website","url":"https:\/\/rxcompetition.com\/","name":"RX Competition","description":"","publisher":{"@id":"https:\/\/rxcompetition.com\/#organization"},"potentialAction":[{"@type":"SearchAction","target":{"@type":"EntryPoint","urlTemplate":"https:\/\/rxcompetition.com\/?s={search_term_string}"},"query-input":"required name=search_term_string"}],"inLanguage":"en-US"},{"@type":"Organization","@id":"https:\/\/rxcompetition.com\/#organization","name":"RX Competition","url":"https:\/\/rxcompetition.com\/","logo":{"@type":"ImageObject","inLanguage":"en-US","@id":"https:\/\/rxcompetition.com\/#\/schema\/logo\/image\/","url":"https:\/\/rxcompetition.com\/wp-content\/uploads\/2023\/04\/LOGO-RX-PROGRAMA.png","contentUrl":"https:\/\/rxcompetition.com\/wp-content\/uploads\/2023\/04\/LOGO-RX-PROGRAMA.png","width":1416,"height":672,"caption":"RX Competition"},"image":{"@id":"https:\/\/rxcompetition.com\/#\/schema\/logo\/image\/"}}]}},"jetpack_sharing_enabled":true,"_links":{"self":[{"href":"https:\/\/rxcompetition.com\/en\/wp-json\/wp\/v2\/product\/35569","targetHints":{"allow":["GET"]}}],"collection":[{"href":"https:\/\/rxcompetition.com\/en\/wp-json\/wp\/v2\/product"}],"about":[{"href":"https:\/\/rxcompetition.com\/en\/wp-json\/wp\/v2\/types\/product"}],"replies":[{"embeddable":true,"href":"https:\/\/rxcompetition.com\/en\/wp-json\/wp\/v2\/comments?post=35569"}],"wp:featuredmedia":[{"embeddable":true,"href":"https:\/\/rxcompetition.com\/en\/wp-json\/wp\/v2\/media\/37484"}],"wp:attachment":[{"href":"https:\/\/rxcompetition.com\/en\/wp-json\/wp\/v2\/media?parent=35569"}],"wp:term":[{"taxonomy":"product_cat","embeddable":true,"href":"https:\/\/rxcompetition.com\/en\/wp-json\/wp\/v2\/product_cat?post=35569"},{"taxonomy":"product_tag","embeddable":true,"href":"https:\/\/rxcompetition.com\/en\/wp-json\/wp\/v2\/product_tag?post=35569"}],"curies":[{"name":"wp","href":"https:\/\/api.w.org\/{rel}","templated":true}]}}