{"id":35563,"date":"2023-04-29T11:05:01","date_gmt":"2023-04-29T11:05:01","guid":{"rendered":"https:\/\/rxcompetition.com\/?post_type=product&#038;p=35563"},"modified":"2024-05-10T07:13:52","modified_gmt":"2024-05-10T07:13:52","slug":"regular-power-rack-attachment","status":"publish","type":"product","link":"https:\/\/rxcompetition.com\/en\/product\/regular-power-rack-attachment\/","title":{"rendered":"MASTER POWER RACK ATTACHMENT"},"content":{"rendered":"<p class=\" translation-block\">The Master Power Rack Attachment is the additional rear structure that expands the functionality of our Master Power Rack. With this additional structure, we can convert our Master Power Rack into a 6 Upright pillars Power Rack allowing the addition of accessories such as the Master Dumbbell Storage base for storing dumbbells or the Master Kettlebell Storage base for storing kettlebells, adding weight and solidity to the overall frame.<\/p>\n<p>&nbsp;<\/p>\n<p class=\" translation-block\">This kit includes 2 Master 75 x 75 x 3 mm Upright columns with 2.300 mm height, as well as 4 Master Square Bars that serve as crossmembers to connect these two columns to the main structure. All required screws and bolts are also included.<\/p>\n<p>&nbsp;<\/p>\n<p><strong>THE PRICE IS FOR THE WHOLE KIT<\/strong><\/p>","protected":false},"excerpt":{"rendered":"<p><strong>SPECIFICATIONS<\/strong><\/p>\n<p>&nbsp;<\/p>\n<p class=\" translation-block\">Brand: RX Competition<\/p>\n<p class=\" translation-block\">Usage: Weightlifting, Powerlifting, Cross training, etc.<\/p>\n<p>Upright material: Powder coated steel<\/p>\n<p>Tube dimensions: 75 x 75 mm<\/p>\n<p>Tube thickness: 3 mm<\/p>\n<p>Loading holes diameter: 26 mm<\/p>\n<p>Distance between holes: 50 mm<\/p>\n<p>Holes numbering: Every 3 holes in a descending pattern.<\/p>\n<p>Holes and numbers: Laser-cut<\/p>\n<p>Total height \u2013 2.300 mm<\/p>\n<p>Total width \u2013 1.340 mm<\/p>\n<p>Total depth: 475 mm<\/p>\n<p>Crossmembers: Upper and lower with holes included<\/p>\n<p>Assembling bolts: Zinc plated steel DIN-931 M-12<\/p>\n<p>Locking nuts: Zinc plated steel DIN-985 nylon lock M-12<\/p>\n<p>Structure warranty: 2 years<\/p>\n<p>Coating warranty: 1 year<\/p>\n<p>&nbsp;<\/p>\n<p><strong>*REAL PICTURES<\/strong><\/p>","protected":false},"featured_media":35566,"comment_status":"closed","ping_status":"closed","template":"","meta":{"inline_featured_image":false},"product_cat":[302,146,157],"product_tag":[],"class_list":{"0":"post-35563","1":"product","2":"type-product","3":"status-publish","4":"has-post-thumbnail","6":"product_cat-regular-accesorios","7":"product_cat-rigs-racks","8":"product_cat-rigs-racks-regular","11":"first","12":"outofstock","13":"taxable","14":"shipping-taxable","15":"purchasable","16":"product-type-simple"},"yoast_head":"<!-- This site is optimized with the Yoast SEO plugin v23.2 - https:\/\/yoast.com\/wordpress\/plugins\/seo\/ -->\n<title>MASTER POWER RACK ATTACHMENT - RX Competition<\/title>\n<meta name=\"robots\" content=\"index, follow, max-snippet:-1, max-image-preview:large, max-video-preview:-1\" \/>\n<link rel=\"canonical\" href=\"https:\/\/rxcompetition.com\/en\/product\/regular-power-rack-attachment\/\" \/>\n<meta property=\"og:locale\" content=\"en_US\" \/>\n<meta property=\"og:type\" content=\"article\" \/>\n<meta property=\"og:title\" content=\"MASTER POWER RACK ATTACHMENT - RX Competition\" \/>\n<meta property=\"og:description\" content=\"ESPECIFICACIONES  &nbsp;  Marca: RX Competition  Uso: Weightlifting, Powerlifting, Cross Training,\u2026  Material de la barra: Acero con pintura en polvo  Dimensiones del tubo: 75 x 75 mm  Espesor del tubo: 3 mm  Di\u00e1metro de los orificios de carga: 26 mm  Distancia entre orificios: 50 mm  Numeraci\u00f3n en los orificios: Vigente en distribuci\u00f3n cada 3 orificios, de manera descendente.  Orificios y n\u00fameros: Cortados a l\u00e1ser  Altura total \u2013 2.300 mm  Anchura total \u2013 1.340 mm  Profundidad total: 475 mm  Travesa\u00f1os: Superior e inferior con orificios incluidos  Tornillos de ensamblaje: DIN-931 M-12 de acero zincado  Tuercas de apriete: DIN-985 nylon autoblocante M-12 de acero zincado  Garant\u00eda de la estructura: 2 a\u00f1os  Garant\u00eda de la pintura: 1 a\u00f1o  &nbsp;  *IMAGENES REALES\" \/>\n<meta property=\"og:url\" content=\"https:\/\/rxcompetition.com\/en\/product\/regular-power-rack-attachment\/\" \/>\n<meta property=\"og:site_name\" content=\"RX Competition\" \/>\n<meta property=\"article:modified_time\" content=\"2024-05-10T07:13:52+00:00\" \/>\n<meta property=\"og:image\" content=\"https:\/\/rxcompetition.com\/wp-content\/uploads\/2023\/04\/Regular-Power-Rack-attachment-2.png\" \/>\n\t<meta property=\"og:image:width\" content=\"1416\" \/>\n\t<meta property=\"og:image:height\" content=\"1054\" \/>\n\t<meta property=\"og:image:type\" content=\"image\/png\" \/>\n<meta name=\"twitter:card\" content=\"summary_large_image\" \/>\n<meta name=\"twitter:label1\" content=\"Est. reading time\" \/>\n\t<meta name=\"twitter:data1\" content=\"1 minute\" \/>\n<script type=\"application\/ld+json\" class=\"yoast-schema-graph\">{\"@context\":\"https:\/\/schema.org\",\"@graph\":[{\"@type\":\"WebPage\",\"@id\":\"https:\/\/rxcompetition.com\/product\/regular-power-rack-attachment\/\",\"url\":\"https:\/\/rxcompetition.com\/product\/regular-power-rack-attachment\/\",\"name\":\"MASTER POWER RACK ATTACHMENT - RX Competition\",\"isPartOf\":{\"@id\":\"https:\/\/rxcompetition.com\/#website\"},\"primaryImageOfPage\":{\"@id\":\"https:\/\/rxcompetition.com\/product\/regular-power-rack-attachment\/#primaryimage\"},\"image\":{\"@id\":\"https:\/\/rxcompetition.com\/product\/regular-power-rack-attachment\/#primaryimage\"},\"thumbnailUrl\":\"https:\/\/rxcompetition.com\/wp-content\/uploads\/2023\/04\/Regular-Power-Rack-attachment-2.png\",\"datePublished\":\"2023-04-29T11:05:01+00:00\",\"dateModified\":\"2024-05-10T07:13:52+00:00\",\"breadcrumb\":{\"@id\":\"https:\/\/rxcompetition.com\/product\/regular-power-rack-attachment\/#breadcrumb\"},\"inLanguage\":\"en-US\",\"potentialAction\":[{\"@type\":\"ReadAction\",\"target\":[\"https:\/\/rxcompetition.com\/product\/regular-power-rack-attachment\/\"]}]},{\"@type\":\"ImageObject\",\"inLanguage\":\"en-US\",\"@id\":\"https:\/\/rxcompetition.com\/product\/regular-power-rack-attachment\/#primaryimage\",\"url\":\"https:\/\/rxcompetition.com\/wp-content\/uploads\/2023\/04\/Regular-Power-Rack-attachment-2.png\",\"contentUrl\":\"https:\/\/rxcompetition.com\/wp-content\/uploads\/2023\/04\/Regular-Power-Rack-attachment-2.png\",\"width\":1416,\"height\":1054},{\"@type\":\"BreadcrumbList\",\"@id\":\"https:\/\/rxcompetition.com\/product\/regular-power-rack-attachment\/#breadcrumb\",\"itemListElement\":[{\"@type\":\"ListItem\",\"position\":1,\"name\":\"Inicio\",\"item\":\"https:\/\/rxcompetition.com\/\"},{\"@type\":\"ListItem\",\"position\":2,\"name\":\"Tienda\",\"item\":\"https:\/\/rxcompetition.com\/tienda\/\"},{\"@type\":\"ListItem\",\"position\":3,\"name\":\"MASTER POWER RACK ATTACHMENT\"}]},{\"@type\":\"WebSite\",\"@id\":\"https:\/\/rxcompetition.com\/#website\",\"url\":\"https:\/\/rxcompetition.com\/\",\"name\":\"RX Competition\",\"description\":\"\",\"publisher\":{\"@id\":\"https:\/\/rxcompetition.com\/#organization\"},\"potentialAction\":[{\"@type\":\"SearchAction\",\"target\":{\"@type\":\"EntryPoint\",\"urlTemplate\":\"https:\/\/rxcompetition.com\/?s={search_term_string}\"},\"query-input\":\"required name=search_term_string\"}],\"inLanguage\":\"en-US\"},{\"@type\":\"Organization\",\"@id\":\"https:\/\/rxcompetition.com\/#organization\",\"name\":\"RX Competition\",\"url\":\"https:\/\/rxcompetition.com\/\",\"logo\":{\"@type\":\"ImageObject\",\"inLanguage\":\"en-US\",\"@id\":\"https:\/\/rxcompetition.com\/#\/schema\/logo\/image\/\",\"url\":\"https:\/\/rxcompetition.com\/wp-content\/uploads\/2023\/04\/LOGO-RX-PROGRAMA.png\",\"contentUrl\":\"https:\/\/rxcompetition.com\/wp-content\/uploads\/2023\/04\/LOGO-RX-PROGRAMA.png\",\"width\":1416,\"height\":672,\"caption\":\"RX Competition\"},\"image\":{\"@id\":\"https:\/\/rxcompetition.com\/#\/schema\/logo\/image\/\"}}]}<\/script>\n<!-- \/ Yoast SEO plugin. -->","yoast_head_json":{"title":"MASTER POWER RACK ATTACHMENT - RX Competition","robots":{"index":"index","follow":"follow","max-snippet":"max-snippet:-1","max-image-preview":"max-image-preview:large","max-video-preview":"max-video-preview:-1"},"canonical":"https:\/\/rxcompetition.com\/en\/product\/regular-power-rack-attachment\/","og_locale":"en_US","og_type":"article","og_title":"MASTER POWER RACK ATTACHMENT - RX Competition","og_description":"ESPECIFICACIONES  &nbsp;  Marca: RX Competition  Uso: Weightlifting, Powerlifting, Cross Training,\u2026  Material de la barra: Acero con pintura en polvo  Dimensiones del tubo: 75 x 75 mm  Espesor del tubo: 3 mm  Di\u00e1metro de los orificios de carga: 26 mm  Distancia entre orificios: 50 mm  Numeraci\u00f3n en los orificios: Vigente en distribuci\u00f3n cada 3 orificios, de manera descendente.  Orificios y n\u00fameros: Cortados a l\u00e1ser  Altura total \u2013 2.300 mm  Anchura total \u2013 1.340 mm  Profundidad total: 475 mm  Travesa\u00f1os: Superior e inferior con orificios incluidos  Tornillos de ensamblaje: DIN-931 M-12 de acero zincado  Tuercas de apriete: DIN-985 nylon autoblocante M-12 de acero zincado  Garant\u00eda de la estructura: 2 a\u00f1os  Garant\u00eda de la pintura: 1 a\u00f1o  &nbsp;  *IMAGENES REALES","og_url":"https:\/\/rxcompetition.com\/en\/product\/regular-power-rack-attachment\/","og_site_name":"RX Competition","article_modified_time":"2024-05-10T07:13:52+00:00","og_image":[{"width":1416,"height":1054,"url":"https:\/\/rxcompetition.com\/wp-content\/uploads\/2023\/04\/Regular-Power-Rack-attachment-2.png","type":"image\/png"}],"twitter_card":"summary_large_image","twitter_misc":{"Est. reading time":"1 minute"},"schema":{"@context":"https:\/\/schema.org","@graph":[{"@type":"WebPage","@id":"https:\/\/rxcompetition.com\/product\/regular-power-rack-attachment\/","url":"https:\/\/rxcompetition.com\/product\/regular-power-rack-attachment\/","name":"MASTER POWER RACK ATTACHMENT - RX Competition","isPartOf":{"@id":"https:\/\/rxcompetition.com\/#website"},"primaryImageOfPage":{"@id":"https:\/\/rxcompetition.com\/product\/regular-power-rack-attachment\/#primaryimage"},"image":{"@id":"https:\/\/rxcompetition.com\/product\/regular-power-rack-attachment\/#primaryimage"},"thumbnailUrl":"https:\/\/rxcompetition.com\/wp-content\/uploads\/2023\/04\/Regular-Power-Rack-attachment-2.png","datePublished":"2023-04-29T11:05:01+00:00","dateModified":"2024-05-10T07:13:52+00:00","breadcrumb":{"@id":"https:\/\/rxcompetition.com\/product\/regular-power-rack-attachment\/#breadcrumb"},"inLanguage":"en-US","potentialAction":[{"@type":"ReadAction","target":["https:\/\/rxcompetition.com\/product\/regular-power-rack-attachment\/"]}]},{"@type":"ImageObject","inLanguage":"en-US","@id":"https:\/\/rxcompetition.com\/product\/regular-power-rack-attachment\/#primaryimage","url":"https:\/\/rxcompetition.com\/wp-content\/uploads\/2023\/04\/Regular-Power-Rack-attachment-2.png","contentUrl":"https:\/\/rxcompetition.com\/wp-content\/uploads\/2023\/04\/Regular-Power-Rack-attachment-2.png","width":1416,"height":1054},{"@type":"BreadcrumbList","@id":"https:\/\/rxcompetition.com\/product\/regular-power-rack-attachment\/#breadcrumb","itemListElement":[{"@type":"ListItem","position":1,"name":"Inicio","item":"https:\/\/rxcompetition.com\/"},{"@type":"ListItem","position":2,"name":"Tienda","item":"https:\/\/rxcompetition.com\/tienda\/"},{"@type":"ListItem","position":3,"name":"MASTER POWER RACK ATTACHMENT"}]},{"@type":"WebSite","@id":"https:\/\/rxcompetition.com\/#website","url":"https:\/\/rxcompetition.com\/","name":"RX Competition","description":"","publisher":{"@id":"https:\/\/rxcompetition.com\/#organization"},"potentialAction":[{"@type":"SearchAction","target":{"@type":"EntryPoint","urlTemplate":"https:\/\/rxcompetition.com\/?s={search_term_string}"},"query-input":"required name=search_term_string"}],"inLanguage":"en-US"},{"@type":"Organization","@id":"https:\/\/rxcompetition.com\/#organization","name":"RX Competition","url":"https:\/\/rxcompetition.com\/","logo":{"@type":"ImageObject","inLanguage":"en-US","@id":"https:\/\/rxcompetition.com\/#\/schema\/logo\/image\/","url":"https:\/\/rxcompetition.com\/wp-content\/uploads\/2023\/04\/LOGO-RX-PROGRAMA.png","contentUrl":"https:\/\/rxcompetition.com\/wp-content\/uploads\/2023\/04\/LOGO-RX-PROGRAMA.png","width":1416,"height":672,"caption":"RX Competition"},"image":{"@id":"https:\/\/rxcompetition.com\/#\/schema\/logo\/image\/"}}]}},"jetpack_sharing_enabled":true,"_links":{"self":[{"href":"https:\/\/rxcompetition.com\/en\/wp-json\/wp\/v2\/product\/35563","targetHints":{"allow":["GET"]}}],"collection":[{"href":"https:\/\/rxcompetition.com\/en\/wp-json\/wp\/v2\/product"}],"about":[{"href":"https:\/\/rxcompetition.com\/en\/wp-json\/wp\/v2\/types\/product"}],"replies":[{"embeddable":true,"href":"https:\/\/rxcompetition.com\/en\/wp-json\/wp\/v2\/comments?post=35563"}],"wp:featuredmedia":[{"embeddable":true,"href":"https:\/\/rxcompetition.com\/en\/wp-json\/wp\/v2\/media\/35566"}],"wp:attachment":[{"href":"https:\/\/rxcompetition.com\/en\/wp-json\/wp\/v2\/media?parent=35563"}],"wp:term":[{"taxonomy":"product_cat","embeddable":true,"href":"https:\/\/rxcompetition.com\/en\/wp-json\/wp\/v2\/product_cat?post=35563"},{"taxonomy":"product_tag","embeddable":true,"href":"https:\/\/rxcompetition.com\/en\/wp-json\/wp\/v2\/product_tag?post=35563"}],"curies":[{"name":"wp","href":"https:\/\/api.w.org\/{rel}","templated":true}]}}