{"id":35507,"date":"2023-04-23T16:22:38","date_gmt":"2023-04-23T16:22:38","guid":{"rendered":"https:\/\/rxcompetition.com\/?post_type=product&#038;p=35507"},"modified":"2024-04-27T15:04:48","modified_gmt":"2024-04-27T15:04:48","slug":"safety-squat-barbell","status":"publish","type":"product","link":"https:\/\/rxcompetition.com\/en\/product\/safety-squat-barbell\/","title":{"rendered":"SAFETY SQUAT BARBELL"},"content":{"rendered":"<p class=\" translation-block\">The RX Elite Safety Squat Barbell is exclusively designed for Front Squat and Back Squat training. It is the perfect tool for improving squat execution and even allows for increased load compared to a regular Olympic barbell. It provides a safer alternative with its curved design and includes three padded cushions to protect the neck and shoulders. Its design allows for a more natural hand position and grip, making it perfect for athletes who have issues with the traditional barbell grip.<\/p>\n<p>&nbsp;<\/p>\n<p>The barbell is made of steel with a powder coating surface finish to maximize its resistance to corrosion. The loading sleeves are Olympic-sized in 50 mm diameter with 355 mm loadable length. The barbell is machined with two copper friction sleeves to enhance its performance and load capacity, allowing for smooth and free rotation of the load during exercises.<\/p>\n<p>&nbsp;<\/p>\n<p><strong>THE PRICE IS PER UNIT<\/strong><\/p>","protected":false},"excerpt":{"rendered":"<p><strong>SPECIFICATIONS<\/strong><\/p>\n<p>&nbsp;<\/p>\n<p class=\" translation-block\">Brand: RX Competition<\/p>\n<p>Work out: <em>Front squat <\/em>and<em> Back squat <\/em><\/p>\n<p>Weight tolerance: +\/- 2%<\/p>\n<p>Weight: 25kg<\/p>\n<p>Maximum load capacity: 450 kg<\/p>\n<p>Bar Material: 45 Structural Steel<\/p>\n<p>Loadable sleeves material: Q235 Carbon Steel<\/p>\n<p class=\" translation-block\">Bar surface finish: Hard Chromed<\/p>\n<p class=\" translation-block\">Loadable sleeves surface finish: Hard Chromed<\/p>\n<p>Handle diameter: \u00d828 mm<\/p>\n<p>Loadable sleeves diameter: \u00d8 50 mm<\/p>\n<p>Total bar length: 2.200 mm<\/p>\n<p>Loadable sleeves length: 355 mm<\/p>\n<p>Upholstery: Synthetic leather<\/p>\n<p>Padding: Sealed foam<\/p>\n<p>Needle bearings: No<\/p>\n<p>Anti-friction bushings: 2 in copper<\/p>\n<p>&nbsp;<\/p>\n<p><strong>*REAL PICTURES<\/strong><\/p>","protected":false},"featured_media":37393,"comment_status":"open","ping_status":"closed","template":"","meta":{"inline_featured_image":false},"product_cat":[15,143,226],"product_tag":[],"class_list":{"0":"post-35507","1":"product","2":"type-product","3":"status-publish","4":"has-post-thumbnail","6":"product_cat-crossfit-equipment","7":"product_cat-strength","8":"product_cat-specialty-barbells","11":"first","12":"instock","13":"taxable","14":"shipping-taxable","15":"purchasable","16":"product-type-simple"},"yoast_head":"<!-- This site is optimized with the Yoast SEO plugin v23.2 - https:\/\/yoast.com\/wordpress\/plugins\/seo\/ -->\n<title>SAFETY SQUAT BARBELL - RX Competition<\/title>\n<meta name=\"robots\" content=\"index, follow, max-snippet:-1, max-image-preview:large, max-video-preview:-1\" \/>\n<link rel=\"canonical\" href=\"https:\/\/rxcompetition.com\/en\/product\/safety-squat-barbell\/\" \/>\n<meta property=\"og:locale\" content=\"en_US\" \/>\n<meta property=\"og:type\" content=\"article\" \/>\n<meta property=\"og:title\" content=\"SAFETY SQUAT BARBELL - RX Competition\" \/>\n<meta property=\"og:description\" content=\"ESPECIFICACIONES  &nbsp;  Marca: RX Competition  Uso: Front squat y Back squat   Tolerancia del peso: +\/- 2 %  Peso: 25 kg  Capacidad m\u00e1xima de carga: 450 kg  Material de la barra: Acero estructural 45  Material de los manguitos de carga: Acero al carbono Q235  Acabado superficial de la barra: Cromado endurecido Hard Chromed  Acabado superficial de los manguitos: Cromado endurecido Hard Chromed  Di\u00e1metro del mango: \u00d8 28 mm  Di\u00e1metro de los manguitos de carga: \u00d8 50 mm  Longitud total de la barra: 2.200 mm  Longitud de los manguitos de carga: 355 mm  Tapizado: Cuero sint\u00e9tico  Acolchado: Espuma sellada  Rodamientos: No  Rodamientos antifricci\u00f3n: 2 casquillos antifricci\u00f3n de cobre  &nbsp;  *IMAGENES REALES\" \/>\n<meta property=\"og:url\" content=\"https:\/\/rxcompetition.com\/en\/product\/safety-squat-barbell\/\" \/>\n<meta property=\"og:site_name\" content=\"RX Competition\" \/>\n<meta property=\"article:modified_time\" content=\"2024-04-27T15:04:48+00:00\" \/>\n<meta property=\"og:image\" content=\"https:\/\/rxcompetition.com\/wp-content\/uploads\/2023\/04\/POI_120-scaled.jpg\" \/>\n\t<meta property=\"og:image:width\" content=\"2560\" \/>\n\t<meta property=\"og:image:height\" content=\"1707\" \/>\n\t<meta property=\"og:image:type\" content=\"image\/jpeg\" \/>\n<meta name=\"twitter:card\" content=\"summary_large_image\" \/>\n<meta name=\"twitter:label1\" content=\"Est. reading time\" \/>\n\t<meta name=\"twitter:data1\" content=\"1 minute\" \/>\n<script type=\"application\/ld+json\" class=\"yoast-schema-graph\">{\"@context\":\"https:\/\/schema.org\",\"@graph\":[{\"@type\":\"WebPage\",\"@id\":\"https:\/\/rxcompetition.com\/product\/safety-squat-barbell\/\",\"url\":\"https:\/\/rxcompetition.com\/product\/safety-squat-barbell\/\",\"name\":\"SAFETY SQUAT BARBELL - RX Competition\",\"isPartOf\":{\"@id\":\"https:\/\/rxcompetition.com\/#website\"},\"primaryImageOfPage\":{\"@id\":\"https:\/\/rxcompetition.com\/product\/safety-squat-barbell\/#primaryimage\"},\"image\":{\"@id\":\"https:\/\/rxcompetition.com\/product\/safety-squat-barbell\/#primaryimage\"},\"thumbnailUrl\":\"https:\/\/rxcompetition.com\/wp-content\/uploads\/2023\/04\/POI_120-scaled.jpg\",\"datePublished\":\"2023-04-23T16:22:38+00:00\",\"dateModified\":\"2024-04-27T15:04:48+00:00\",\"breadcrumb\":{\"@id\":\"https:\/\/rxcompetition.com\/product\/safety-squat-barbell\/#breadcrumb\"},\"inLanguage\":\"en-US\",\"potentialAction\":[{\"@type\":\"ReadAction\",\"target\":[\"https:\/\/rxcompetition.com\/product\/safety-squat-barbell\/\"]}]},{\"@type\":\"ImageObject\",\"inLanguage\":\"en-US\",\"@id\":\"https:\/\/rxcompetition.com\/product\/safety-squat-barbell\/#primaryimage\",\"url\":\"https:\/\/rxcompetition.com\/wp-content\/uploads\/2023\/04\/POI_120-scaled.jpg\",\"contentUrl\":\"https:\/\/rxcompetition.com\/wp-content\/uploads\/2023\/04\/POI_120-scaled.jpg\",\"width\":2560,\"height\":1707},{\"@type\":\"BreadcrumbList\",\"@id\":\"https:\/\/rxcompetition.com\/product\/safety-squat-barbell\/#breadcrumb\",\"itemListElement\":[{\"@type\":\"ListItem\",\"position\":1,\"name\":\"Inicio\",\"item\":\"https:\/\/rxcompetition.com\/\"},{\"@type\":\"ListItem\",\"position\":2,\"name\":\"Tienda\",\"item\":\"https:\/\/rxcompetition.com\/tienda\/\"},{\"@type\":\"ListItem\",\"position\":3,\"name\":\"SAFETY SQUAT BARBELL\"}]},{\"@type\":\"WebSite\",\"@id\":\"https:\/\/rxcompetition.com\/#website\",\"url\":\"https:\/\/rxcompetition.com\/\",\"name\":\"RX Competition\",\"description\":\"\",\"publisher\":{\"@id\":\"https:\/\/rxcompetition.com\/#organization\"},\"potentialAction\":[{\"@type\":\"SearchAction\",\"target\":{\"@type\":\"EntryPoint\",\"urlTemplate\":\"https:\/\/rxcompetition.com\/?s={search_term_string}\"},\"query-input\":\"required name=search_term_string\"}],\"inLanguage\":\"en-US\"},{\"@type\":\"Organization\",\"@id\":\"https:\/\/rxcompetition.com\/#organization\",\"name\":\"RX Competition\",\"url\":\"https:\/\/rxcompetition.com\/\",\"logo\":{\"@type\":\"ImageObject\",\"inLanguage\":\"en-US\",\"@id\":\"https:\/\/rxcompetition.com\/#\/schema\/logo\/image\/\",\"url\":\"https:\/\/rxcompetition.com\/wp-content\/uploads\/2023\/04\/LOGO-RX-PROGRAMA.png\",\"contentUrl\":\"https:\/\/rxcompetition.com\/wp-content\/uploads\/2023\/04\/LOGO-RX-PROGRAMA.png\",\"width\":1416,\"height\":672,\"caption\":\"RX Competition\"},\"image\":{\"@id\":\"https:\/\/rxcompetition.com\/#\/schema\/logo\/image\/\"}}]}<\/script>\n<!-- \/ Yoast SEO plugin. -->","yoast_head_json":{"title":"SAFETY SQUAT BARBELL - RX Competition","robots":{"index":"index","follow":"follow","max-snippet":"max-snippet:-1","max-image-preview":"max-image-preview:large","max-video-preview":"max-video-preview:-1"},"canonical":"https:\/\/rxcompetition.com\/en\/product\/safety-squat-barbell\/","og_locale":"en_US","og_type":"article","og_title":"SAFETY SQUAT BARBELL - RX Competition","og_description":"ESPECIFICACIONES  &nbsp;  Marca: RX Competition  Uso: Front squat y Back squat   Tolerancia del peso: +\/- 2 %  Peso: 25 kg  Capacidad m\u00e1xima de carga: 450 kg  Material de la barra: Acero estructural 45  Material de los manguitos de carga: Acero al carbono Q235  Acabado superficial de la barra: Cromado endurecido Hard Chromed  Acabado superficial de los manguitos: Cromado endurecido Hard Chromed  Di\u00e1metro del mango: \u00d8 28 mm  Di\u00e1metro de los manguitos de carga: \u00d8 50 mm  Longitud total de la barra: 2.200 mm  Longitud de los manguitos de carga: 355 mm  Tapizado: Cuero sint\u00e9tico  Acolchado: Espuma sellada  Rodamientos: No  Rodamientos antifricci\u00f3n: 2 casquillos antifricci\u00f3n de cobre  &nbsp;  *IMAGENES REALES","og_url":"https:\/\/rxcompetition.com\/en\/product\/safety-squat-barbell\/","og_site_name":"RX Competition","article_modified_time":"2024-04-27T15:04:48+00:00","og_image":[{"width":2560,"height":1707,"url":"https:\/\/rxcompetition.com\/wp-content\/uploads\/2023\/04\/POI_120-scaled.jpg","type":"image\/jpeg"}],"twitter_card":"summary_large_image","twitter_misc":{"Est. reading time":"1 minute"},"schema":{"@context":"https:\/\/schema.org","@graph":[{"@type":"WebPage","@id":"https:\/\/rxcompetition.com\/product\/safety-squat-barbell\/","url":"https:\/\/rxcompetition.com\/product\/safety-squat-barbell\/","name":"SAFETY SQUAT BARBELL - RX Competition","isPartOf":{"@id":"https:\/\/rxcompetition.com\/#website"},"primaryImageOfPage":{"@id":"https:\/\/rxcompetition.com\/product\/safety-squat-barbell\/#primaryimage"},"image":{"@id":"https:\/\/rxcompetition.com\/product\/safety-squat-barbell\/#primaryimage"},"thumbnailUrl":"https:\/\/rxcompetition.com\/wp-content\/uploads\/2023\/04\/POI_120-scaled.jpg","datePublished":"2023-04-23T16:22:38+00:00","dateModified":"2024-04-27T15:04:48+00:00","breadcrumb":{"@id":"https:\/\/rxcompetition.com\/product\/safety-squat-barbell\/#breadcrumb"},"inLanguage":"en-US","potentialAction":[{"@type":"ReadAction","target":["https:\/\/rxcompetition.com\/product\/safety-squat-barbell\/"]}]},{"@type":"ImageObject","inLanguage":"en-US","@id":"https:\/\/rxcompetition.com\/product\/safety-squat-barbell\/#primaryimage","url":"https:\/\/rxcompetition.com\/wp-content\/uploads\/2023\/04\/POI_120-scaled.jpg","contentUrl":"https:\/\/rxcompetition.com\/wp-content\/uploads\/2023\/04\/POI_120-scaled.jpg","width":2560,"height":1707},{"@type":"BreadcrumbList","@id":"https:\/\/rxcompetition.com\/product\/safety-squat-barbell\/#breadcrumb","itemListElement":[{"@type":"ListItem","position":1,"name":"Inicio","item":"https:\/\/rxcompetition.com\/"},{"@type":"ListItem","position":2,"name":"Tienda","item":"https:\/\/rxcompetition.com\/tienda\/"},{"@type":"ListItem","position":3,"name":"SAFETY SQUAT BARBELL"}]},{"@type":"WebSite","@id":"https:\/\/rxcompetition.com\/#website","url":"https:\/\/rxcompetition.com\/","name":"RX Competition","description":"","publisher":{"@id":"https:\/\/rxcompetition.com\/#organization"},"potentialAction":[{"@type":"SearchAction","target":{"@type":"EntryPoint","urlTemplate":"https:\/\/rxcompetition.com\/?s={search_term_string}"},"query-input":"required name=search_term_string"}],"inLanguage":"en-US"},{"@type":"Organization","@id":"https:\/\/rxcompetition.com\/#organization","name":"RX Competition","url":"https:\/\/rxcompetition.com\/","logo":{"@type":"ImageObject","inLanguage":"en-US","@id":"https:\/\/rxcompetition.com\/#\/schema\/logo\/image\/","url":"https:\/\/rxcompetition.com\/wp-content\/uploads\/2023\/04\/LOGO-RX-PROGRAMA.png","contentUrl":"https:\/\/rxcompetition.com\/wp-content\/uploads\/2023\/04\/LOGO-RX-PROGRAMA.png","width":1416,"height":672,"caption":"RX Competition"},"image":{"@id":"https:\/\/rxcompetition.com\/#\/schema\/logo\/image\/"}}]}},"jetpack_sharing_enabled":true,"_links":{"self":[{"href":"https:\/\/rxcompetition.com\/en\/wp-json\/wp\/v2\/product\/35507","targetHints":{"allow":["GET"]}}],"collection":[{"href":"https:\/\/rxcompetition.com\/en\/wp-json\/wp\/v2\/product"}],"about":[{"href":"https:\/\/rxcompetition.com\/en\/wp-json\/wp\/v2\/types\/product"}],"replies":[{"embeddable":true,"href":"https:\/\/rxcompetition.com\/en\/wp-json\/wp\/v2\/comments?post=35507"}],"wp:featuredmedia":[{"embeddable":true,"href":"https:\/\/rxcompetition.com\/en\/wp-json\/wp\/v2\/media\/37393"}],"wp:attachment":[{"href":"https:\/\/rxcompetition.com\/en\/wp-json\/wp\/v2\/media?parent=35507"}],"wp:term":[{"taxonomy":"product_cat","embeddable":true,"href":"https:\/\/rxcompetition.com\/en\/wp-json\/wp\/v2\/product_cat?post=35507"},{"taxonomy":"product_tag","embeddable":true,"href":"https:\/\/rxcompetition.com\/en\/wp-json\/wp\/v2\/product_tag?post=35507"}],"curies":[{"name":"wp","href":"https:\/\/api.w.org\/{rel}","templated":true}]}}