{"id":35495,"date":"2023-04-23T15:40:05","date_gmt":"2023-04-23T15:40:05","guid":{"rendered":"https:\/\/rxcompetition.com\/?post_type=product&#038;p=35495"},"modified":"2024-09-15T18:36:16","modified_gmt":"2024-09-15T18:36:16","slug":"fitball","status":"publish","type":"product","link":"https:\/\/rxcompetition.com\/en\/product\/fitball\/","title":{"rendered":"FITBALL"},"content":{"rendered":"<p class=\" translation-block\">The Fitball is the ball that cannot be missing in any gym and it is also present in our catalog. Made of high-resistance PVC, our Fitballs include Anti-popping technology, which means that in case of puncture, it will slowly and progressively deflate, avoiding any risk of injury.<\/p>\n<p>&nbsp;<\/p>\n<p class=\" translation-block\">With the Fitball, you can tone and strengthen your abdominal and lumbar muscles, as well as the rest of your body, in a safe manner, allowing you to perform exercises in correct and comfortable positions. The Fitball is especially designed for Yoga, Pilates, BodyPump, and for injury recovery and rehabilitation purposes.<\/p>\n<p>&nbsp;<\/p>\n<p>Available diameters: 55, 65, and 75 cm.<\/p>\n<p>&nbsp;<\/p>\n<p><strong>THE PRICE IS PER UNIT<\/strong><\/p>","protected":false},"excerpt":{"rendered":"<p><strong>SPECIFICATIONS<\/strong><\/p>\n<p>&nbsp;<\/p>\n<p>Material: Reinforced ultra-resistant PVC in gray color<\/p>\n<p>Available diameters: 55, 65 and 75 cm<\/p>\n<p>Recommended height guideline:<\/p>\n<p>\u00d855 cm - Suitable for individuals between 1.50 - 1.63 meters tall<\/p>\n<p>\u00d865 cm - Suitable for individuals between 1.64 - 1.80 meters tall<\/p>\n<p>\u00d875 cm - Suitable for individuals between 1.80 - 2.00 meters tall<\/p>\n<p>&nbsp;<\/p>\n<p>Perfect for all toning and rehabilitation exercise types<\/p>\n<p>&nbsp;<\/p>\n<p><strong>*REAL PICTURES<\/strong><\/p>","protected":false},"featured_media":35506,"comment_status":"open","ping_status":"closed","template":"","meta":{"inline_featured_image":false},"product_cat":[322],"product_tag":[],"class_list":{"0":"post-35495","1":"product","2":"type-product","3":"status-publish","4":"has-post-thumbnail","6":"product_cat-bodypump","7":"pa_tamano-55cm","8":"pa_tamano-65-cm","9":"pa_tamano-75-cm","12":"first","13":"instock","14":"taxable","15":"shipping-taxable","16":"purchasable","17":"product-type-variable"},"yoast_head":"<!-- This site is optimized with the Yoast SEO plugin v23.2 - https:\/\/yoast.com\/wordpress\/plugins\/seo\/ -->\n<title>FITBALL - RX Competition<\/title>\n<meta name=\"robots\" content=\"index, follow, max-snippet:-1, max-image-preview:large, max-video-preview:-1\" \/>\n<link rel=\"canonical\" href=\"https:\/\/rxcompetition.com\/en\/product\/fitball\/\" \/>\n<meta property=\"og:locale\" content=\"en_US\" \/>\n<meta property=\"og:type\" content=\"article\" \/>\n<meta property=\"og:title\" content=\"FITBALL - RX Competition\" \/>\n<meta property=\"og:description\" content=\"ESPECIFICACIONES  &nbsp;  Material: PVC reforzado ultra resistente de color gris  Di\u00e1metros disponibles: 55, 65 y 75 cm  Recomendaci\u00f3n por altura:  \u00d855 cm - Personas de entre 1,50 - 1,63 metros de altura  \u00d865 cm - Personas de entre 1,64 - 1,80 metros de altura  \u00d875 cm - Personas de entre 1,80 - 2,00 metros de altura  &nbsp;  Ideal para todo tipo de ejercicios de tonificaci\u00f3n y rehabilitaci\u00f3n  &nbsp;  *IMAGENES REALES\" \/>\n<meta property=\"og:url\" content=\"https:\/\/rxcompetition.com\/en\/product\/fitball\/\" \/>\n<meta property=\"og:site_name\" content=\"RX Competition\" \/>\n<meta property=\"article:modified_time\" content=\"2024-09-15T18:36:16+00:00\" \/>\n<meta property=\"og:image\" content=\"https:\/\/rxcompetition.com\/wp-content\/uploads\/2023\/04\/Fitball.webp\" \/>\n\t<meta property=\"og:image:width\" content=\"875\" \/>\n\t<meta property=\"og:image:height\" content=\"853\" \/>\n\t<meta property=\"og:image:type\" content=\"image\/webp\" \/>\n<meta name=\"twitter:card\" content=\"summary_large_image\" \/>\n<meta name=\"twitter:label1\" content=\"Est. reading time\" \/>\n\t<meta name=\"twitter:data1\" content=\"1 minute\" \/>\n<script type=\"application\/ld+json\" class=\"yoast-schema-graph\">{\"@context\":\"https:\/\/schema.org\",\"@graph\":[{\"@type\":\"WebPage\",\"@id\":\"https:\/\/rxcompetition.com\/product\/fitball\/\",\"url\":\"https:\/\/rxcompetition.com\/product\/fitball\/\",\"name\":\"FITBALL - RX Competition\",\"isPartOf\":{\"@id\":\"https:\/\/rxcompetition.com\/#website\"},\"primaryImageOfPage\":{\"@id\":\"https:\/\/rxcompetition.com\/product\/fitball\/#primaryimage\"},\"image\":{\"@id\":\"https:\/\/rxcompetition.com\/product\/fitball\/#primaryimage\"},\"thumbnailUrl\":\"https:\/\/rxcompetition.com\/wp-content\/uploads\/2023\/04\/Fitball.webp\",\"datePublished\":\"2023-04-23T15:40:05+00:00\",\"dateModified\":\"2024-09-15T18:36:16+00:00\",\"breadcrumb\":{\"@id\":\"https:\/\/rxcompetition.com\/product\/fitball\/#breadcrumb\"},\"inLanguage\":\"en-US\",\"potentialAction\":[{\"@type\":\"ReadAction\",\"target\":[\"https:\/\/rxcompetition.com\/product\/fitball\/\"]}]},{\"@type\":\"ImageObject\",\"inLanguage\":\"en-US\",\"@id\":\"https:\/\/rxcompetition.com\/product\/fitball\/#primaryimage\",\"url\":\"https:\/\/rxcompetition.com\/wp-content\/uploads\/2023\/04\/Fitball.webp\",\"contentUrl\":\"https:\/\/rxcompetition.com\/wp-content\/uploads\/2023\/04\/Fitball.webp\",\"width\":875,\"height\":853},{\"@type\":\"BreadcrumbList\",\"@id\":\"https:\/\/rxcompetition.com\/product\/fitball\/#breadcrumb\",\"itemListElement\":[{\"@type\":\"ListItem\",\"position\":1,\"name\":\"Inicio\",\"item\":\"https:\/\/rxcompetition.com\/\"},{\"@type\":\"ListItem\",\"position\":2,\"name\":\"Tienda\",\"item\":\"https:\/\/rxcompetition.com\/tienda\/\"},{\"@type\":\"ListItem\",\"position\":3,\"name\":\"FITBALL\"}]},{\"@type\":\"WebSite\",\"@id\":\"https:\/\/rxcompetition.com\/#website\",\"url\":\"https:\/\/rxcompetition.com\/\",\"name\":\"RX Competition\",\"description\":\"\",\"publisher\":{\"@id\":\"https:\/\/rxcompetition.com\/#organization\"},\"potentialAction\":[{\"@type\":\"SearchAction\",\"target\":{\"@type\":\"EntryPoint\",\"urlTemplate\":\"https:\/\/rxcompetition.com\/?s={search_term_string}\"},\"query-input\":\"required name=search_term_string\"}],\"inLanguage\":\"en-US\"},{\"@type\":\"Organization\",\"@id\":\"https:\/\/rxcompetition.com\/#organization\",\"name\":\"RX Competition\",\"url\":\"https:\/\/rxcompetition.com\/\",\"logo\":{\"@type\":\"ImageObject\",\"inLanguage\":\"en-US\",\"@id\":\"https:\/\/rxcompetition.com\/#\/schema\/logo\/image\/\",\"url\":\"https:\/\/rxcompetition.com\/wp-content\/uploads\/2023\/04\/LOGO-RX-PROGRAMA.png\",\"contentUrl\":\"https:\/\/rxcompetition.com\/wp-content\/uploads\/2023\/04\/LOGO-RX-PROGRAMA.png\",\"width\":1416,\"height\":672,\"caption\":\"RX Competition\"},\"image\":{\"@id\":\"https:\/\/rxcompetition.com\/#\/schema\/logo\/image\/\"}}]}<\/script>\n<!-- \/ Yoast SEO plugin. -->","yoast_head_json":{"title":"FITBALL - RX Competition","robots":{"index":"index","follow":"follow","max-snippet":"max-snippet:-1","max-image-preview":"max-image-preview:large","max-video-preview":"max-video-preview:-1"},"canonical":"https:\/\/rxcompetition.com\/en\/product\/fitball\/","og_locale":"en_US","og_type":"article","og_title":"FITBALL - RX Competition","og_description":"ESPECIFICACIONES  &nbsp;  Material: PVC reforzado ultra resistente de color gris  Di\u00e1metros disponibles: 55, 65 y 75 cm  Recomendaci\u00f3n por altura:  \u00d855 cm - Personas de entre 1,50 - 1,63 metros de altura  \u00d865 cm - Personas de entre 1,64 - 1,80 metros de altura  \u00d875 cm - Personas de entre 1,80 - 2,00 metros de altura  &nbsp;  Ideal para todo tipo de ejercicios de tonificaci\u00f3n y rehabilitaci\u00f3n  &nbsp;  *IMAGENES REALES","og_url":"https:\/\/rxcompetition.com\/en\/product\/fitball\/","og_site_name":"RX Competition","article_modified_time":"2024-09-15T18:36:16+00:00","og_image":[{"width":875,"height":853,"url":"https:\/\/rxcompetition.com\/wp-content\/uploads\/2023\/04\/Fitball.webp","type":"image\/webp"}],"twitter_card":"summary_large_image","twitter_misc":{"Est. reading time":"1 minute"},"schema":{"@context":"https:\/\/schema.org","@graph":[{"@type":"WebPage","@id":"https:\/\/rxcompetition.com\/product\/fitball\/","url":"https:\/\/rxcompetition.com\/product\/fitball\/","name":"FITBALL - RX Competition","isPartOf":{"@id":"https:\/\/rxcompetition.com\/#website"},"primaryImageOfPage":{"@id":"https:\/\/rxcompetition.com\/product\/fitball\/#primaryimage"},"image":{"@id":"https:\/\/rxcompetition.com\/product\/fitball\/#primaryimage"},"thumbnailUrl":"https:\/\/rxcompetition.com\/wp-content\/uploads\/2023\/04\/Fitball.webp","datePublished":"2023-04-23T15:40:05+00:00","dateModified":"2024-09-15T18:36:16+00:00","breadcrumb":{"@id":"https:\/\/rxcompetition.com\/product\/fitball\/#breadcrumb"},"inLanguage":"en-US","potentialAction":[{"@type":"ReadAction","target":["https:\/\/rxcompetition.com\/product\/fitball\/"]}]},{"@type":"ImageObject","inLanguage":"en-US","@id":"https:\/\/rxcompetition.com\/product\/fitball\/#primaryimage","url":"https:\/\/rxcompetition.com\/wp-content\/uploads\/2023\/04\/Fitball.webp","contentUrl":"https:\/\/rxcompetition.com\/wp-content\/uploads\/2023\/04\/Fitball.webp","width":875,"height":853},{"@type":"BreadcrumbList","@id":"https:\/\/rxcompetition.com\/product\/fitball\/#breadcrumb","itemListElement":[{"@type":"ListItem","position":1,"name":"Inicio","item":"https:\/\/rxcompetition.com\/"},{"@type":"ListItem","position":2,"name":"Tienda","item":"https:\/\/rxcompetition.com\/tienda\/"},{"@type":"ListItem","position":3,"name":"FITBALL"}]},{"@type":"WebSite","@id":"https:\/\/rxcompetition.com\/#website","url":"https:\/\/rxcompetition.com\/","name":"RX Competition","description":"","publisher":{"@id":"https:\/\/rxcompetition.com\/#organization"},"potentialAction":[{"@type":"SearchAction","target":{"@type":"EntryPoint","urlTemplate":"https:\/\/rxcompetition.com\/?s={search_term_string}"},"query-input":"required name=search_term_string"}],"inLanguage":"en-US"},{"@type":"Organization","@id":"https:\/\/rxcompetition.com\/#organization","name":"RX Competition","url":"https:\/\/rxcompetition.com\/","logo":{"@type":"ImageObject","inLanguage":"en-US","@id":"https:\/\/rxcompetition.com\/#\/schema\/logo\/image\/","url":"https:\/\/rxcompetition.com\/wp-content\/uploads\/2023\/04\/LOGO-RX-PROGRAMA.png","contentUrl":"https:\/\/rxcompetition.com\/wp-content\/uploads\/2023\/04\/LOGO-RX-PROGRAMA.png","width":1416,"height":672,"caption":"RX Competition"},"image":{"@id":"https:\/\/rxcompetition.com\/#\/schema\/logo\/image\/"}}]}},"jetpack_sharing_enabled":true,"_links":{"self":[{"href":"https:\/\/rxcompetition.com\/en\/wp-json\/wp\/v2\/product\/35495","targetHints":{"allow":["GET"]}}],"collection":[{"href":"https:\/\/rxcompetition.com\/en\/wp-json\/wp\/v2\/product"}],"about":[{"href":"https:\/\/rxcompetition.com\/en\/wp-json\/wp\/v2\/types\/product"}],"replies":[{"embeddable":true,"href":"https:\/\/rxcompetition.com\/en\/wp-json\/wp\/v2\/comments?post=35495"}],"wp:featuredmedia":[{"embeddable":true,"href":"https:\/\/rxcompetition.com\/en\/wp-json\/wp\/v2\/media\/35506"}],"wp:attachment":[{"href":"https:\/\/rxcompetition.com\/en\/wp-json\/wp\/v2\/media?parent=35495"}],"wp:term":[{"taxonomy":"product_cat","embeddable":true,"href":"https:\/\/rxcompetition.com\/en\/wp-json\/wp\/v2\/product_cat?post=35495"},{"taxonomy":"product_tag","embeddable":true,"href":"https:\/\/rxcompetition.com\/en\/wp-json\/wp\/v2\/product_tag?post=35495"}],"curies":[{"name":"wp","href":"https:\/\/api.w.org\/{rel}","templated":true}]}}