{"id":35463,"date":"2023-04-23T13:39:44","date_gmt":"2023-04-23T13:39:44","guid":{"rendered":"https:\/\/rxcompetition.com\/?post_type=product&#038;p=35463"},"modified":"2026-01-10T08:28:05","modified_gmt":"2026-01-10T08:28:05","slug":"fractional-plates","status":"publish","type":"product","link":"https:\/\/rxcompetition.com\/en\/product\/fractional-plates\/","title":{"rendered":"FRACTIONAL PLATES"},"content":{"rendered":"<p class=\" translation-block\">Our Olympic Fractional Plates are specifically designed for the highest training levels that requires utmost precision.<\/p>\n<p>&nbsp;<\/p>\n<p>Manufactured with a high-quality rubber-coated steel core, our fractional discs ensures a minimum tolerance levels of +\/- 10 grams to guarantee the higher precision levels which high competition demands.<\/p>\n<p>&nbsp;<\/p>\n<p>Our range starts from 0.5 \u2013 2.5 kilos and is designed under the International Weightlifting Federation color code standards, following the color pattern of the rest of our range and of course our brand corporate logo.<\/p>\n<p>&nbsp;<\/p>\n<p><strong>THE PRICE IS PER UNIT<\/strong><\/p>","protected":false},"excerpt":{"rendered":"<p><strong>SPECIFICATIONS<\/strong><\/p>\n<p>&nbsp;<\/p>\n<p class=\" translation-block\">Brand: RX Competition<\/p>\n<p>Impact test: +20.000 cycles<\/p>\n<p>Weight tolerance: +\/- 10 grams<\/p>\n<p>Disc material: Steel core coated in colored rubber<\/p>\n<p>Surface: Matte finish<\/p>\n<p>Shore A rubber hardness: \u2265 90 HRC<\/p>\n<p>Center diameter: \u00d8 50.5 mm<\/p>\n<p>&nbsp;<\/p>\n<p><strong>CODED COLORS ACCORDING TO IWF SPECIFICATIONS<\/strong><\/p>\n<p>&nbsp;<\/p>\n<p>0.5 kg: White color \/ \u00d8 135 mm \/ 12 mm thick<\/p>\n<p>1 kg: Green color \/ \u00d8 160 mm \/ 14 mm thick<\/p>\n<p>1.5 kg: Color yellow \/ \u00d8 175 mm \/ 17 mm thick<\/p>\n<p>2 kg: Color blue \/ \u00d8 190 mm \/ 18 mm thick<\/p>\n<p>2.5 kg Color red \/ \u00d8 210 mm \/ 18 mm thick<\/p>\n<p>&nbsp;<\/p>\n<p><strong>*REAL PICTURES<\/strong><\/p>","protected":false},"featured_media":36144,"comment_status":"closed","ping_status":"closed","template":"","meta":{"inline_featured_image":false},"product_cat":[15,143,221],"product_tag":[],"class_list":{"0":"post-35463","1":"product","2":"type-product","3":"status-publish","4":"has-post-thumbnail","6":"product_cat-crossfit-equipment","7":"product_cat-strength","8":"product_cat-bumpers","11":"first","12":"instock","13":"taxable","14":"shipping-taxable","15":"purchasable","16":"product-type-variable"},"yoast_head":"<!-- This site is optimized with the Yoast SEO plugin v23.2 - https:\/\/yoast.com\/wordpress\/plugins\/seo\/ -->\n<title>FRACTIONAL PLATES - RX Competition<\/title>\n<meta name=\"robots\" content=\"index, follow, max-snippet:-1, max-image-preview:large, max-video-preview:-1\" \/>\n<link rel=\"canonical\" href=\"https:\/\/rxcompetition.com\/en\/product\/fractional-plates\/\" \/>\n<meta property=\"og:locale\" content=\"en_US\" \/>\n<meta property=\"og:type\" content=\"article\" \/>\n<meta property=\"og:title\" content=\"FRACTIONAL PLATES - RX Competition\" \/>\n<meta property=\"og:description\" content=\"ESPECIFICACIONES  &nbsp;  Marca:\u00a0RX Competition  Prueba de impacto: +20.000 ciclos  Tolerancia del peso: +\/- 10 gramos  Material del disco: N\u00facleo de acero recubierto es goma de caucho en color  Acabado: Mate  Dureza Shore A de la goma: \u2265 90 HRC  Di\u00e1metro del centro: \u00d8 50,5 mm  &nbsp;  COLORES CODIFICADOS SEG\u00daN LAS ESPECIFICACIONES IWF  &nbsp;  0,5 kg: Color blanco \/ \u00d8 135 mm \/ 12 mm de grosor  1 kg: Color verde \/ \u00d8 160 mm \/ 14 mm de grosor  1,5 kg: Color amarillo \/ \u00d8 175 mm \/ 17 mm de grosor  2 kg: Color azul \/ \u00d8 190 mm \/ 18 mm de grosor  2,5 kg Color rojo \/ \u00d8 210 mm \/ 18 mm de grosor  &nbsp;  *IMAGENES REALES\" \/>\n<meta property=\"og:url\" content=\"https:\/\/rxcompetition.com\/en\/product\/fractional-plates\/\" \/>\n<meta property=\"og:site_name\" content=\"RX Competition\" \/>\n<meta property=\"article:modified_time\" content=\"2026-01-10T08:28:05+00:00\" \/>\n<meta property=\"og:image\" content=\"https:\/\/rxcompetition.com\/wp-content\/uploads\/2023\/04\/POI_352-scaled.jpg\" \/>\n\t<meta property=\"og:image:width\" content=\"2560\" \/>\n\t<meta property=\"og:image:height\" content=\"1707\" \/>\n\t<meta property=\"og:image:type\" content=\"image\/jpeg\" \/>\n<meta name=\"twitter:card\" content=\"summary_large_image\" \/>\n<meta name=\"twitter:label1\" content=\"Est. reading time\" \/>\n\t<meta name=\"twitter:data1\" content=\"1 minute\" \/>\n<script type=\"application\/ld+json\" class=\"yoast-schema-graph\">{\"@context\":\"https:\/\/schema.org\",\"@graph\":[{\"@type\":\"WebPage\",\"@id\":\"https:\/\/rxcompetition.com\/product\/fractional-plates\/\",\"url\":\"https:\/\/rxcompetition.com\/product\/fractional-plates\/\",\"name\":\"FRACTIONAL PLATES - RX Competition\",\"isPartOf\":{\"@id\":\"https:\/\/rxcompetition.com\/#website\"},\"primaryImageOfPage\":{\"@id\":\"https:\/\/rxcompetition.com\/product\/fractional-plates\/#primaryimage\"},\"image\":{\"@id\":\"https:\/\/rxcompetition.com\/product\/fractional-plates\/#primaryimage\"},\"thumbnailUrl\":\"https:\/\/rxcompetition.com\/wp-content\/uploads\/2023\/04\/POI_352-scaled.jpg\",\"datePublished\":\"2023-04-23T13:39:44+00:00\",\"dateModified\":\"2026-01-10T08:28:05+00:00\",\"breadcrumb\":{\"@id\":\"https:\/\/rxcompetition.com\/product\/fractional-plates\/#breadcrumb\"},\"inLanguage\":\"en-US\",\"potentialAction\":[{\"@type\":\"ReadAction\",\"target\":[\"https:\/\/rxcompetition.com\/product\/fractional-plates\/\"]}]},{\"@type\":\"ImageObject\",\"inLanguage\":\"en-US\",\"@id\":\"https:\/\/rxcompetition.com\/product\/fractional-plates\/#primaryimage\",\"url\":\"https:\/\/rxcompetition.com\/wp-content\/uploads\/2023\/04\/POI_352-scaled.jpg\",\"contentUrl\":\"https:\/\/rxcompetition.com\/wp-content\/uploads\/2023\/04\/POI_352-scaled.jpg\",\"width\":2560,\"height\":1707},{\"@type\":\"BreadcrumbList\",\"@id\":\"https:\/\/rxcompetition.com\/product\/fractional-plates\/#breadcrumb\",\"itemListElement\":[{\"@type\":\"ListItem\",\"position\":1,\"name\":\"Inicio\",\"item\":\"https:\/\/rxcompetition.com\/\"},{\"@type\":\"ListItem\",\"position\":2,\"name\":\"Tienda\",\"item\":\"https:\/\/rxcompetition.com\/tienda\/\"},{\"@type\":\"ListItem\",\"position\":3,\"name\":\"FRACTIONAL PLATES\"}]},{\"@type\":\"WebSite\",\"@id\":\"https:\/\/rxcompetition.com\/#website\",\"url\":\"https:\/\/rxcompetition.com\/\",\"name\":\"RX Competition\",\"description\":\"\",\"publisher\":{\"@id\":\"https:\/\/rxcompetition.com\/#organization\"},\"potentialAction\":[{\"@type\":\"SearchAction\",\"target\":{\"@type\":\"EntryPoint\",\"urlTemplate\":\"https:\/\/rxcompetition.com\/?s={search_term_string}\"},\"query-input\":\"required name=search_term_string\"}],\"inLanguage\":\"en-US\"},{\"@type\":\"Organization\",\"@id\":\"https:\/\/rxcompetition.com\/#organization\",\"name\":\"RX Competition\",\"url\":\"https:\/\/rxcompetition.com\/\",\"logo\":{\"@type\":\"ImageObject\",\"inLanguage\":\"en-US\",\"@id\":\"https:\/\/rxcompetition.com\/#\/schema\/logo\/image\/\",\"url\":\"https:\/\/rxcompetition.com\/wp-content\/uploads\/2023\/04\/LOGO-RX-PROGRAMA.png\",\"contentUrl\":\"https:\/\/rxcompetition.com\/wp-content\/uploads\/2023\/04\/LOGO-RX-PROGRAMA.png\",\"width\":1416,\"height\":672,\"caption\":\"RX Competition\"},\"image\":{\"@id\":\"https:\/\/rxcompetition.com\/#\/schema\/logo\/image\/\"}}]}<\/script>\n<!-- \/ Yoast SEO plugin. -->","yoast_head_json":{"title":"FRACTIONAL PLATES - RX Competition","robots":{"index":"index","follow":"follow","max-snippet":"max-snippet:-1","max-image-preview":"max-image-preview:large","max-video-preview":"max-video-preview:-1"},"canonical":"https:\/\/rxcompetition.com\/en\/product\/fractional-plates\/","og_locale":"en_US","og_type":"article","og_title":"FRACTIONAL PLATES - RX Competition","og_description":"ESPECIFICACIONES  &nbsp;  Marca:\u00a0RX Competition  Prueba de impacto: +20.000 ciclos  Tolerancia del peso: +\/- 10 gramos  Material del disco: N\u00facleo de acero recubierto es goma de caucho en color  Acabado: Mate  Dureza Shore A de la goma: \u2265 90 HRC  Di\u00e1metro del centro: \u00d8 50,5 mm  &nbsp;  COLORES CODIFICADOS SEG\u00daN LAS ESPECIFICACIONES IWF  &nbsp;  0,5 kg: Color blanco \/ \u00d8 135 mm \/ 12 mm de grosor  1 kg: Color verde \/ \u00d8 160 mm \/ 14 mm de grosor  1,5 kg: Color amarillo \/ \u00d8 175 mm \/ 17 mm de grosor  2 kg: Color azul \/ \u00d8 190 mm \/ 18 mm de grosor  2,5 kg Color rojo \/ \u00d8 210 mm \/ 18 mm de grosor  &nbsp;  *IMAGENES REALES","og_url":"https:\/\/rxcompetition.com\/en\/product\/fractional-plates\/","og_site_name":"RX Competition","article_modified_time":"2026-01-10T08:28:05+00:00","og_image":[{"width":2560,"height":1707,"url":"https:\/\/rxcompetition.com\/wp-content\/uploads\/2023\/04\/POI_352-scaled.jpg","type":"image\/jpeg"}],"twitter_card":"summary_large_image","twitter_misc":{"Est. reading time":"1 minute"},"schema":{"@context":"https:\/\/schema.org","@graph":[{"@type":"WebPage","@id":"https:\/\/rxcompetition.com\/product\/fractional-plates\/","url":"https:\/\/rxcompetition.com\/product\/fractional-plates\/","name":"FRACTIONAL PLATES - RX Competition","isPartOf":{"@id":"https:\/\/rxcompetition.com\/#website"},"primaryImageOfPage":{"@id":"https:\/\/rxcompetition.com\/product\/fractional-plates\/#primaryimage"},"image":{"@id":"https:\/\/rxcompetition.com\/product\/fractional-plates\/#primaryimage"},"thumbnailUrl":"https:\/\/rxcompetition.com\/wp-content\/uploads\/2023\/04\/POI_352-scaled.jpg","datePublished":"2023-04-23T13:39:44+00:00","dateModified":"2026-01-10T08:28:05+00:00","breadcrumb":{"@id":"https:\/\/rxcompetition.com\/product\/fractional-plates\/#breadcrumb"},"inLanguage":"en-US","potentialAction":[{"@type":"ReadAction","target":["https:\/\/rxcompetition.com\/product\/fractional-plates\/"]}]},{"@type":"ImageObject","inLanguage":"en-US","@id":"https:\/\/rxcompetition.com\/product\/fractional-plates\/#primaryimage","url":"https:\/\/rxcompetition.com\/wp-content\/uploads\/2023\/04\/POI_352-scaled.jpg","contentUrl":"https:\/\/rxcompetition.com\/wp-content\/uploads\/2023\/04\/POI_352-scaled.jpg","width":2560,"height":1707},{"@type":"BreadcrumbList","@id":"https:\/\/rxcompetition.com\/product\/fractional-plates\/#breadcrumb","itemListElement":[{"@type":"ListItem","position":1,"name":"Inicio","item":"https:\/\/rxcompetition.com\/"},{"@type":"ListItem","position":2,"name":"Tienda","item":"https:\/\/rxcompetition.com\/tienda\/"},{"@type":"ListItem","position":3,"name":"FRACTIONAL PLATES"}]},{"@type":"WebSite","@id":"https:\/\/rxcompetition.com\/#website","url":"https:\/\/rxcompetition.com\/","name":"RX Competition","description":"","publisher":{"@id":"https:\/\/rxcompetition.com\/#organization"},"potentialAction":[{"@type":"SearchAction","target":{"@type":"EntryPoint","urlTemplate":"https:\/\/rxcompetition.com\/?s={search_term_string}"},"query-input":"required name=search_term_string"}],"inLanguage":"en-US"},{"@type":"Organization","@id":"https:\/\/rxcompetition.com\/#organization","name":"RX Competition","url":"https:\/\/rxcompetition.com\/","logo":{"@type":"ImageObject","inLanguage":"en-US","@id":"https:\/\/rxcompetition.com\/#\/schema\/logo\/image\/","url":"https:\/\/rxcompetition.com\/wp-content\/uploads\/2023\/04\/LOGO-RX-PROGRAMA.png","contentUrl":"https:\/\/rxcompetition.com\/wp-content\/uploads\/2023\/04\/LOGO-RX-PROGRAMA.png","width":1416,"height":672,"caption":"RX Competition"},"image":{"@id":"https:\/\/rxcompetition.com\/#\/schema\/logo\/image\/"}}]}},"jetpack_sharing_enabled":true,"_links":{"self":[{"href":"https:\/\/rxcompetition.com\/en\/wp-json\/wp\/v2\/product\/35463","targetHints":{"allow":["GET"]}}],"collection":[{"href":"https:\/\/rxcompetition.com\/en\/wp-json\/wp\/v2\/product"}],"about":[{"href":"https:\/\/rxcompetition.com\/en\/wp-json\/wp\/v2\/types\/product"}],"replies":[{"embeddable":true,"href":"https:\/\/rxcompetition.com\/en\/wp-json\/wp\/v2\/comments?post=35463"}],"wp:featuredmedia":[{"embeddable":true,"href":"https:\/\/rxcompetition.com\/en\/wp-json\/wp\/v2\/media\/36144"}],"wp:attachment":[{"href":"https:\/\/rxcompetition.com\/en\/wp-json\/wp\/v2\/media?parent=35463"}],"wp:term":[{"taxonomy":"product_cat","embeddable":true,"href":"https:\/\/rxcompetition.com\/en\/wp-json\/wp\/v2\/product_cat?post=35463"},{"taxonomy":"product_tag","embeddable":true,"href":"https:\/\/rxcompetition.com\/en\/wp-json\/wp\/v2\/product_tag?post=35463"}],"curies":[{"name":"wp","href":"https:\/\/api.w.org\/{rel}","templated":true}]}}