{"id":35461,"date":"2023-04-22T18:26:58","date_gmt":"2023-04-22T18:26:58","guid":{"rendered":"https:\/\/rxcompetition.com\/?post_type=product&#038;p=35461"},"modified":"2024-08-22T09:20:55","modified_gmt":"2024-08-22T09:20:55","slug":"regular-dip-horn","status":"publish","type":"product","link":"https:\/\/rxcompetition.com\/en\/product\/regular-dip-horn\/","title":{"rendered":"MASTER DIP HORN"},"content":{"rendered":"<p class=\" translation-block\">The Master Dip Bar is the perfect accessory for the Master category 75 x 75 x 3 mm Racks. It is made of high-quality, sturdy steel to support any bodyweight. Its design allows for a variety of exercises to be added to our Racks, such as Pull Ups or Dips.<\/p>\n<p>&nbsp;<\/p>\n<p class=\" translation-block\">The Rack upright column assembling system design is perfectly safe and secure. It uses a 25 mm diameter pin which is directly inserted into the column's holes and securely fixed to it.<\/p>\n<p>&nbsp;<\/p>\n<p class=\" translation-block\">Its design with two angled grips makes it perfect for training and strengthening our upper body, especially the triceps and pectoral muscles with exercises like dips, as well as the back and biceps muscles if used for pull-ups.<\/p>\n<p>&nbsp;<\/p>\n<p><strong>THE PRICE IS PER UNIT<\/strong><\/p>","protected":false},"excerpt":{"rendered":"<p><strong>SPECIFICATIONS<\/strong><\/p>\n<p>&nbsp;<\/p>\n<p class=\" translation-block\">Brand: RX Competition<\/p>\n<p class=\" translation-block\">Usage: Pull Ups, Dips,..<\/p>\n<p>Material: Powder coated black steel<\/p>\n<p>Square structural tube: 70 x 70 mm<\/p>\n<p>Pipe thickness: 2 mm<\/p>\n<p>Length: 850 mm<\/p>\n<p>Width: 720 mm<\/p>\n<p>Height: 250 mm<\/p>\n<p>Grip diameter: 48 mm<\/p>\n<p>Weight: 10,3 kg<\/p>\n<p>Maximum load capacity: 200 kg<\/p>\n<p>Material warranty: 1 year<\/p>\n<p>Coating warranty: 1 year<\/p>\n<p>&nbsp;<\/p>\n<p><strong>*REAL PICTURES<\/strong><\/p>","protected":false},"featured_media":37487,"comment_status":"open","ping_status":"closed","template":"","meta":{"inline_featured_image":false},"product_cat":[302,146,157],"product_tag":[],"class_list":{"0":"post-35461","1":"product","2":"type-product","3":"status-publish","4":"has-post-thumbnail","6":"product_cat-regular-accesorios","7":"product_cat-rigs-racks","8":"product_cat-rigs-racks-regular","11":"first","12":"instock","13":"taxable","14":"shipping-taxable","15":"purchasable","16":"product-type-simple"},"yoast_head":"<!-- This site is optimized with the Yoast SEO plugin v23.2 - https:\/\/yoast.com\/wordpress\/plugins\/seo\/ -->\n<title>MASTER DIP HORN - RX Competition<\/title>\n<meta name=\"robots\" content=\"index, follow, max-snippet:-1, max-image-preview:large, max-video-preview:-1\" \/>\n<link rel=\"canonical\" href=\"https:\/\/rxcompetition.com\/en\/product\/regular-dip-horn\/\" \/>\n<meta property=\"og:locale\" content=\"en_US\" \/>\n<meta property=\"og:type\" content=\"article\" \/>\n<meta property=\"og:title\" content=\"MASTER DIP HORN - RX Competition\" \/>\n<meta property=\"og:description\" content=\"ESPECIFICACIONES  &nbsp;  Marca: RX Competition  Uso: Pull Ups, Dips,..  Material: Acero recubierto de pintura en polvo color negro  Tubo estructural cuadrado: 70 x 70 mm  Espesor del tubo: 2 mm  Longitud: 850 mm  Ancho: 720 mm  Altura: 250 mm  Di\u00e1metro del agarre: 48 mm  Peso: 10,3 kg  Carga m\u00e1xima: 200 kg  Garant\u00eda sobre el material: 1 a\u00f1o  Garant\u00eda sobre el recubrimiento: 1 a\u00f1o  &nbsp;  *IMAGENES REALES\" \/>\n<meta property=\"og:url\" content=\"https:\/\/rxcompetition.com\/en\/product\/regular-dip-horn\/\" \/>\n<meta property=\"og:site_name\" content=\"RX Competition\" \/>\n<meta property=\"article:modified_time\" content=\"2024-08-22T09:20:55+00:00\" \/>\n<meta property=\"og:image\" content=\"https:\/\/rxcompetition.com\/wp-content\/uploads\/2023\/04\/POI_035-1-scaled.jpg\" \/>\n\t<meta property=\"og:image:width\" content=\"2560\" \/>\n\t<meta property=\"og:image:height\" content=\"1707\" \/>\n\t<meta property=\"og:image:type\" content=\"image\/jpeg\" \/>\n<meta name=\"twitter:card\" content=\"summary_large_image\" \/>\n<meta name=\"twitter:label1\" content=\"Est. reading time\" \/>\n\t<meta name=\"twitter:data1\" content=\"1 minute\" \/>\n<script type=\"application\/ld+json\" class=\"yoast-schema-graph\">{\"@context\":\"https:\/\/schema.org\",\"@graph\":[{\"@type\":\"WebPage\",\"@id\":\"https:\/\/rxcompetition.com\/product\/regular-dip-horn\/\",\"url\":\"https:\/\/rxcompetition.com\/product\/regular-dip-horn\/\",\"name\":\"MASTER DIP HORN - RX Competition\",\"isPartOf\":{\"@id\":\"https:\/\/rxcompetition.com\/#website\"},\"primaryImageOfPage\":{\"@id\":\"https:\/\/rxcompetition.com\/product\/regular-dip-horn\/#primaryimage\"},\"image\":{\"@id\":\"https:\/\/rxcompetition.com\/product\/regular-dip-horn\/#primaryimage\"},\"thumbnailUrl\":\"https:\/\/rxcompetition.com\/wp-content\/uploads\/2023\/04\/POI_035-1-scaled.jpg\",\"datePublished\":\"2023-04-22T18:26:58+00:00\",\"dateModified\":\"2024-08-22T09:20:55+00:00\",\"breadcrumb\":{\"@id\":\"https:\/\/rxcompetition.com\/product\/regular-dip-horn\/#breadcrumb\"},\"inLanguage\":\"en-US\",\"potentialAction\":[{\"@type\":\"ReadAction\",\"target\":[\"https:\/\/rxcompetition.com\/product\/regular-dip-horn\/\"]}]},{\"@type\":\"ImageObject\",\"inLanguage\":\"en-US\",\"@id\":\"https:\/\/rxcompetition.com\/product\/regular-dip-horn\/#primaryimage\",\"url\":\"https:\/\/rxcompetition.com\/wp-content\/uploads\/2023\/04\/POI_035-1-scaled.jpg\",\"contentUrl\":\"https:\/\/rxcompetition.com\/wp-content\/uploads\/2023\/04\/POI_035-1-scaled.jpg\",\"width\":2560,\"height\":1707},{\"@type\":\"BreadcrumbList\",\"@id\":\"https:\/\/rxcompetition.com\/product\/regular-dip-horn\/#breadcrumb\",\"itemListElement\":[{\"@type\":\"ListItem\",\"position\":1,\"name\":\"Inicio\",\"item\":\"https:\/\/rxcompetition.com\/\"},{\"@type\":\"ListItem\",\"position\":2,\"name\":\"Tienda\",\"item\":\"https:\/\/rxcompetition.com\/tienda\/\"},{\"@type\":\"ListItem\",\"position\":3,\"name\":\"MASTER DIP HORN\"}]},{\"@type\":\"WebSite\",\"@id\":\"https:\/\/rxcompetition.com\/#website\",\"url\":\"https:\/\/rxcompetition.com\/\",\"name\":\"RX Competition\",\"description\":\"\",\"publisher\":{\"@id\":\"https:\/\/rxcompetition.com\/#organization\"},\"potentialAction\":[{\"@type\":\"SearchAction\",\"target\":{\"@type\":\"EntryPoint\",\"urlTemplate\":\"https:\/\/rxcompetition.com\/?s={search_term_string}\"},\"query-input\":\"required name=search_term_string\"}],\"inLanguage\":\"en-US\"},{\"@type\":\"Organization\",\"@id\":\"https:\/\/rxcompetition.com\/#organization\",\"name\":\"RX Competition\",\"url\":\"https:\/\/rxcompetition.com\/\",\"logo\":{\"@type\":\"ImageObject\",\"inLanguage\":\"en-US\",\"@id\":\"https:\/\/rxcompetition.com\/#\/schema\/logo\/image\/\",\"url\":\"https:\/\/rxcompetition.com\/wp-content\/uploads\/2023\/04\/LOGO-RX-PROGRAMA.png\",\"contentUrl\":\"https:\/\/rxcompetition.com\/wp-content\/uploads\/2023\/04\/LOGO-RX-PROGRAMA.png\",\"width\":1416,\"height\":672,\"caption\":\"RX Competition\"},\"image\":{\"@id\":\"https:\/\/rxcompetition.com\/#\/schema\/logo\/image\/\"}}]}<\/script>\n<!-- \/ Yoast SEO plugin. -->","yoast_head_json":{"title":"MASTER DIP HORN - RX Competition","robots":{"index":"index","follow":"follow","max-snippet":"max-snippet:-1","max-image-preview":"max-image-preview:large","max-video-preview":"max-video-preview:-1"},"canonical":"https:\/\/rxcompetition.com\/en\/product\/regular-dip-horn\/","og_locale":"en_US","og_type":"article","og_title":"MASTER DIP HORN - RX Competition","og_description":"ESPECIFICACIONES  &nbsp;  Marca: RX Competition  Uso: Pull Ups, Dips,..  Material: Acero recubierto de pintura en polvo color negro  Tubo estructural cuadrado: 70 x 70 mm  Espesor del tubo: 2 mm  Longitud: 850 mm  Ancho: 720 mm  Altura: 250 mm  Di\u00e1metro del agarre: 48 mm  Peso: 10,3 kg  Carga m\u00e1xima: 200 kg  Garant\u00eda sobre el material: 1 a\u00f1o  Garant\u00eda sobre el recubrimiento: 1 a\u00f1o  &nbsp;  *IMAGENES REALES","og_url":"https:\/\/rxcompetition.com\/en\/product\/regular-dip-horn\/","og_site_name":"RX Competition","article_modified_time":"2024-08-22T09:20:55+00:00","og_image":[{"width":2560,"height":1707,"url":"https:\/\/rxcompetition.com\/wp-content\/uploads\/2023\/04\/POI_035-1-scaled.jpg","type":"image\/jpeg"}],"twitter_card":"summary_large_image","twitter_misc":{"Est. reading time":"1 minute"},"schema":{"@context":"https:\/\/schema.org","@graph":[{"@type":"WebPage","@id":"https:\/\/rxcompetition.com\/product\/regular-dip-horn\/","url":"https:\/\/rxcompetition.com\/product\/regular-dip-horn\/","name":"MASTER DIP HORN - RX Competition","isPartOf":{"@id":"https:\/\/rxcompetition.com\/#website"},"primaryImageOfPage":{"@id":"https:\/\/rxcompetition.com\/product\/regular-dip-horn\/#primaryimage"},"image":{"@id":"https:\/\/rxcompetition.com\/product\/regular-dip-horn\/#primaryimage"},"thumbnailUrl":"https:\/\/rxcompetition.com\/wp-content\/uploads\/2023\/04\/POI_035-1-scaled.jpg","datePublished":"2023-04-22T18:26:58+00:00","dateModified":"2024-08-22T09:20:55+00:00","breadcrumb":{"@id":"https:\/\/rxcompetition.com\/product\/regular-dip-horn\/#breadcrumb"},"inLanguage":"en-US","potentialAction":[{"@type":"ReadAction","target":["https:\/\/rxcompetition.com\/product\/regular-dip-horn\/"]}]},{"@type":"ImageObject","inLanguage":"en-US","@id":"https:\/\/rxcompetition.com\/product\/regular-dip-horn\/#primaryimage","url":"https:\/\/rxcompetition.com\/wp-content\/uploads\/2023\/04\/POI_035-1-scaled.jpg","contentUrl":"https:\/\/rxcompetition.com\/wp-content\/uploads\/2023\/04\/POI_035-1-scaled.jpg","width":2560,"height":1707},{"@type":"BreadcrumbList","@id":"https:\/\/rxcompetition.com\/product\/regular-dip-horn\/#breadcrumb","itemListElement":[{"@type":"ListItem","position":1,"name":"Inicio","item":"https:\/\/rxcompetition.com\/"},{"@type":"ListItem","position":2,"name":"Tienda","item":"https:\/\/rxcompetition.com\/tienda\/"},{"@type":"ListItem","position":3,"name":"MASTER DIP HORN"}]},{"@type":"WebSite","@id":"https:\/\/rxcompetition.com\/#website","url":"https:\/\/rxcompetition.com\/","name":"RX Competition","description":"","publisher":{"@id":"https:\/\/rxcompetition.com\/#organization"},"potentialAction":[{"@type":"SearchAction","target":{"@type":"EntryPoint","urlTemplate":"https:\/\/rxcompetition.com\/?s={search_term_string}"},"query-input":"required name=search_term_string"}],"inLanguage":"en-US"},{"@type":"Organization","@id":"https:\/\/rxcompetition.com\/#organization","name":"RX Competition","url":"https:\/\/rxcompetition.com\/","logo":{"@type":"ImageObject","inLanguage":"en-US","@id":"https:\/\/rxcompetition.com\/#\/schema\/logo\/image\/","url":"https:\/\/rxcompetition.com\/wp-content\/uploads\/2023\/04\/LOGO-RX-PROGRAMA.png","contentUrl":"https:\/\/rxcompetition.com\/wp-content\/uploads\/2023\/04\/LOGO-RX-PROGRAMA.png","width":1416,"height":672,"caption":"RX Competition"},"image":{"@id":"https:\/\/rxcompetition.com\/#\/schema\/logo\/image\/"}}]}},"jetpack_sharing_enabled":true,"_links":{"self":[{"href":"https:\/\/rxcompetition.com\/en\/wp-json\/wp\/v2\/product\/35461","targetHints":{"allow":["GET"]}}],"collection":[{"href":"https:\/\/rxcompetition.com\/en\/wp-json\/wp\/v2\/product"}],"about":[{"href":"https:\/\/rxcompetition.com\/en\/wp-json\/wp\/v2\/types\/product"}],"replies":[{"embeddable":true,"href":"https:\/\/rxcompetition.com\/en\/wp-json\/wp\/v2\/comments?post=35461"}],"wp:featuredmedia":[{"embeddable":true,"href":"https:\/\/rxcompetition.com\/en\/wp-json\/wp\/v2\/media\/37487"}],"wp:attachment":[{"href":"https:\/\/rxcompetition.com\/en\/wp-json\/wp\/v2\/media?parent=35461"}],"wp:term":[{"taxonomy":"product_cat","embeddable":true,"href":"https:\/\/rxcompetition.com\/en\/wp-json\/wp\/v2\/product_cat?post=35461"},{"taxonomy":"product_tag","embeddable":true,"href":"https:\/\/rxcompetition.com\/en\/wp-json\/wp\/v2\/product_tag?post=35461"}],"curies":[{"name":"wp","href":"https:\/\/api.w.org\/{rel}","templated":true}]}}