{"id":35457,"date":"2023-04-22T17:57:42","date_gmt":"2023-04-22T17:57:42","guid":{"rendered":"https:\/\/rxcompetition.com\/?post_type=product&#038;p=35457"},"modified":"2024-04-27T15:06:29","modified_gmt":"2024-04-27T15:06:29","slug":"regular-plate-storage-channel","status":"publish","type":"product","link":"https:\/\/rxcompetition.com\/en\/product\/regular-plate-storage-channel\/","title":{"rendered":"MASTER PLATE STORAGE CHANNEL"},"content":{"rendered":"<p class=\" translation-block\">The Master Plate Storage Channel is a must-have accessory for our 75 x 75 x 3 mm Master structures if we want to keep our Box really ordered. It is one of the simplest and most effective storing options for securing our Bumper plates on our Master category Rack structures.<\/p>\n<p>&nbsp;<\/p>\n<p class=\" translation-block\">The Rack upright column assembling system design is perfect and secure, attaching directly to the upright side using the classic \u00d825 mm diameter pin, ensuring a secure and solid fixation. It includes an additional metal pin to offer an additional fix to the structure's column.<\/p>\n<p>&nbsp;<\/p>\n<p class=\" translation-block\">The assembling sheet connections are made of solid 6 mm thick flat steel. The plate support tube is made of \u00d8 50 mm steel pipe with 2 mm thickness, with a total loading length of 350 mm.<\/p>\n<p>&nbsp;<\/p>\n<p><strong>THE PRICE IS PER UNIT<\/strong><\/p>","protected":false},"excerpt":{"rendered":"<p><strong>SPECIFICATIONS<\/strong><\/p>\n<p>&nbsp;<\/p>\n<p class=\" translation-block\">Brand: RX Competition<\/p>\n<p>Material: Powder coated black steel<\/p>\n<p>Pipe: \u00d8 50 mm<\/p>\n<p>Pipe thickness: 2 mm<\/p>\n<p>Assembling pin: \u00d8 25 mm<\/p>\n<p>Assembling base thickness: 6 mm<\/p>\n<p>Total length: 430 mm<\/p>\n<p>Loading sleeve length: 350 mm<\/p>\n<p>Total width: 80 mm<\/p>\n<p>total height: 150 mm<\/p>\n<p>Weight: 3 kg<\/p>\n<p>Maximum load capacity: 200 kg<\/p>\n<p>Material warranty: 1 year<\/p>\n<p>Coating warranty: 1 year<\/p>\n<p>&nbsp;<\/p>\n<p><strong>*REAL PICTURES<\/strong><\/p>","protected":false},"featured_media":36152,"comment_status":"open","ping_status":"closed","template":"","meta":{"inline_featured_image":false},"product_cat":[302,146,157],"product_tag":[],"class_list":{"0":"post-35457","1":"product","2":"type-product","3":"status-publish","4":"has-post-thumbnail","6":"product_cat-regular-accesorios","7":"product_cat-rigs-racks","8":"product_cat-rigs-racks-regular","11":"first","12":"instock","13":"taxable","14":"shipping-taxable","15":"purchasable","16":"product-type-simple"},"yoast_head":"<!-- This site is optimized with the Yoast SEO plugin v23.2 - https:\/\/yoast.com\/wordpress\/plugins\/seo\/ -->\n<title>MASTER PLATE STORAGE CHANNEL - RX Competition<\/title>\n<meta name=\"robots\" content=\"index, follow, max-snippet:-1, max-image-preview:large, max-video-preview:-1\" \/>\n<link rel=\"canonical\" href=\"https:\/\/rxcompetition.com\/en\/product\/regular-plate-storage-channel\/\" \/>\n<meta property=\"og:locale\" content=\"en_US\" \/>\n<meta property=\"og:type\" content=\"article\" \/>\n<meta property=\"og:title\" content=\"MASTER PLATE STORAGE CHANNEL - RX Competition\" \/>\n<meta property=\"og:description\" content=\"ESPECIFICACIONES  &nbsp;  Marca: RX Competition  Material: Acero recubierto de pintura en polvo color negro  Tubo: \u00d8 50 mm  Espesor del tubo: 2 mm  Pin del anclaje: \u00d8 25 mm  Espesor de la base de anclaje: 6 mm  Longitud total: 430 mm  Longitud de carga: 350 mm  Ancho: 80 mm  Altura: 150 mm  Peso: 3 kg  Carga m\u00e1xima: 200 kg  Garant\u00eda sobre el material: 1 a\u00f1o  Garant\u00eda sobre el recubrimiento: 1 a\u00f1o  &nbsp;  *IMAGENES REALES\" \/>\n<meta property=\"og:url\" content=\"https:\/\/rxcompetition.com\/en\/product\/regular-plate-storage-channel\/\" \/>\n<meta property=\"og:site_name\" content=\"RX Competition\" \/>\n<meta property=\"article:modified_time\" content=\"2024-04-27T15:06:29+00:00\" \/>\n<meta property=\"og:image\" content=\"https:\/\/rxcompetition.com\/wp-content\/uploads\/2023\/04\/POI_138-scaled.jpg\" \/>\n\t<meta property=\"og:image:width\" content=\"2560\" \/>\n\t<meta property=\"og:image:height\" content=\"1707\" \/>\n\t<meta property=\"og:image:type\" content=\"image\/jpeg\" \/>\n<meta name=\"twitter:card\" content=\"summary_large_image\" \/>\n<meta name=\"twitter:label1\" content=\"Est. reading time\" \/>\n\t<meta name=\"twitter:data1\" content=\"1 minute\" \/>\n<script type=\"application\/ld+json\" class=\"yoast-schema-graph\">{\"@context\":\"https:\/\/schema.org\",\"@graph\":[{\"@type\":\"WebPage\",\"@id\":\"https:\/\/rxcompetition.com\/product\/regular-plate-storage-channel\/\",\"url\":\"https:\/\/rxcompetition.com\/product\/regular-plate-storage-channel\/\",\"name\":\"MASTER PLATE STORAGE CHANNEL - RX Competition\",\"isPartOf\":{\"@id\":\"https:\/\/rxcompetition.com\/#website\"},\"primaryImageOfPage\":{\"@id\":\"https:\/\/rxcompetition.com\/product\/regular-plate-storage-channel\/#primaryimage\"},\"image\":{\"@id\":\"https:\/\/rxcompetition.com\/product\/regular-plate-storage-channel\/#primaryimage\"},\"thumbnailUrl\":\"https:\/\/rxcompetition.com\/wp-content\/uploads\/2023\/04\/POI_138-scaled.jpg\",\"datePublished\":\"2023-04-22T17:57:42+00:00\",\"dateModified\":\"2024-04-27T15:06:29+00:00\",\"breadcrumb\":{\"@id\":\"https:\/\/rxcompetition.com\/product\/regular-plate-storage-channel\/#breadcrumb\"},\"inLanguage\":\"en-US\",\"potentialAction\":[{\"@type\":\"ReadAction\",\"target\":[\"https:\/\/rxcompetition.com\/product\/regular-plate-storage-channel\/\"]}]},{\"@type\":\"ImageObject\",\"inLanguage\":\"en-US\",\"@id\":\"https:\/\/rxcompetition.com\/product\/regular-plate-storage-channel\/#primaryimage\",\"url\":\"https:\/\/rxcompetition.com\/wp-content\/uploads\/2023\/04\/POI_138-scaled.jpg\",\"contentUrl\":\"https:\/\/rxcompetition.com\/wp-content\/uploads\/2023\/04\/POI_138-scaled.jpg\",\"width\":2560,\"height\":1707},{\"@type\":\"BreadcrumbList\",\"@id\":\"https:\/\/rxcompetition.com\/product\/regular-plate-storage-channel\/#breadcrumb\",\"itemListElement\":[{\"@type\":\"ListItem\",\"position\":1,\"name\":\"Inicio\",\"item\":\"https:\/\/rxcompetition.com\/\"},{\"@type\":\"ListItem\",\"position\":2,\"name\":\"Tienda\",\"item\":\"https:\/\/rxcompetition.com\/tienda\/\"},{\"@type\":\"ListItem\",\"position\":3,\"name\":\"MASTER PLATE STORAGE CHANNEL\"}]},{\"@type\":\"WebSite\",\"@id\":\"https:\/\/rxcompetition.com\/#website\",\"url\":\"https:\/\/rxcompetition.com\/\",\"name\":\"RX Competition\",\"description\":\"\",\"publisher\":{\"@id\":\"https:\/\/rxcompetition.com\/#organization\"},\"potentialAction\":[{\"@type\":\"SearchAction\",\"target\":{\"@type\":\"EntryPoint\",\"urlTemplate\":\"https:\/\/rxcompetition.com\/?s={search_term_string}\"},\"query-input\":\"required name=search_term_string\"}],\"inLanguage\":\"en-US\"},{\"@type\":\"Organization\",\"@id\":\"https:\/\/rxcompetition.com\/#organization\",\"name\":\"RX Competition\",\"url\":\"https:\/\/rxcompetition.com\/\",\"logo\":{\"@type\":\"ImageObject\",\"inLanguage\":\"en-US\",\"@id\":\"https:\/\/rxcompetition.com\/#\/schema\/logo\/image\/\",\"url\":\"https:\/\/rxcompetition.com\/wp-content\/uploads\/2023\/04\/LOGO-RX-PROGRAMA.png\",\"contentUrl\":\"https:\/\/rxcompetition.com\/wp-content\/uploads\/2023\/04\/LOGO-RX-PROGRAMA.png\",\"width\":1416,\"height\":672,\"caption\":\"RX Competition\"},\"image\":{\"@id\":\"https:\/\/rxcompetition.com\/#\/schema\/logo\/image\/\"}}]}<\/script>\n<!-- \/ Yoast SEO plugin. -->","yoast_head_json":{"title":"MASTER PLATE STORAGE CHANNEL - RX Competition","robots":{"index":"index","follow":"follow","max-snippet":"max-snippet:-1","max-image-preview":"max-image-preview:large","max-video-preview":"max-video-preview:-1"},"canonical":"https:\/\/rxcompetition.com\/en\/product\/regular-plate-storage-channel\/","og_locale":"en_US","og_type":"article","og_title":"MASTER PLATE STORAGE CHANNEL - RX Competition","og_description":"ESPECIFICACIONES  &nbsp;  Marca: RX Competition  Material: Acero recubierto de pintura en polvo color negro  Tubo: \u00d8 50 mm  Espesor del tubo: 2 mm  Pin del anclaje: \u00d8 25 mm  Espesor de la base de anclaje: 6 mm  Longitud total: 430 mm  Longitud de carga: 350 mm  Ancho: 80 mm  Altura: 150 mm  Peso: 3 kg  Carga m\u00e1xima: 200 kg  Garant\u00eda sobre el material: 1 a\u00f1o  Garant\u00eda sobre el recubrimiento: 1 a\u00f1o  &nbsp;  *IMAGENES REALES","og_url":"https:\/\/rxcompetition.com\/en\/product\/regular-plate-storage-channel\/","og_site_name":"RX Competition","article_modified_time":"2024-04-27T15:06:29+00:00","og_image":[{"width":2560,"height":1707,"url":"https:\/\/rxcompetition.com\/wp-content\/uploads\/2023\/04\/POI_138-scaled.jpg","type":"image\/jpeg"}],"twitter_card":"summary_large_image","twitter_misc":{"Est. reading time":"1 minute"},"schema":{"@context":"https:\/\/schema.org","@graph":[{"@type":"WebPage","@id":"https:\/\/rxcompetition.com\/product\/regular-plate-storage-channel\/","url":"https:\/\/rxcompetition.com\/product\/regular-plate-storage-channel\/","name":"MASTER PLATE STORAGE CHANNEL - RX Competition","isPartOf":{"@id":"https:\/\/rxcompetition.com\/#website"},"primaryImageOfPage":{"@id":"https:\/\/rxcompetition.com\/product\/regular-plate-storage-channel\/#primaryimage"},"image":{"@id":"https:\/\/rxcompetition.com\/product\/regular-plate-storage-channel\/#primaryimage"},"thumbnailUrl":"https:\/\/rxcompetition.com\/wp-content\/uploads\/2023\/04\/POI_138-scaled.jpg","datePublished":"2023-04-22T17:57:42+00:00","dateModified":"2024-04-27T15:06:29+00:00","breadcrumb":{"@id":"https:\/\/rxcompetition.com\/product\/regular-plate-storage-channel\/#breadcrumb"},"inLanguage":"en-US","potentialAction":[{"@type":"ReadAction","target":["https:\/\/rxcompetition.com\/product\/regular-plate-storage-channel\/"]}]},{"@type":"ImageObject","inLanguage":"en-US","@id":"https:\/\/rxcompetition.com\/product\/regular-plate-storage-channel\/#primaryimage","url":"https:\/\/rxcompetition.com\/wp-content\/uploads\/2023\/04\/POI_138-scaled.jpg","contentUrl":"https:\/\/rxcompetition.com\/wp-content\/uploads\/2023\/04\/POI_138-scaled.jpg","width":2560,"height":1707},{"@type":"BreadcrumbList","@id":"https:\/\/rxcompetition.com\/product\/regular-plate-storage-channel\/#breadcrumb","itemListElement":[{"@type":"ListItem","position":1,"name":"Inicio","item":"https:\/\/rxcompetition.com\/"},{"@type":"ListItem","position":2,"name":"Tienda","item":"https:\/\/rxcompetition.com\/tienda\/"},{"@type":"ListItem","position":3,"name":"MASTER PLATE STORAGE CHANNEL"}]},{"@type":"WebSite","@id":"https:\/\/rxcompetition.com\/#website","url":"https:\/\/rxcompetition.com\/","name":"RX Competition","description":"","publisher":{"@id":"https:\/\/rxcompetition.com\/#organization"},"potentialAction":[{"@type":"SearchAction","target":{"@type":"EntryPoint","urlTemplate":"https:\/\/rxcompetition.com\/?s={search_term_string}"},"query-input":"required name=search_term_string"}],"inLanguage":"en-US"},{"@type":"Organization","@id":"https:\/\/rxcompetition.com\/#organization","name":"RX Competition","url":"https:\/\/rxcompetition.com\/","logo":{"@type":"ImageObject","inLanguage":"en-US","@id":"https:\/\/rxcompetition.com\/#\/schema\/logo\/image\/","url":"https:\/\/rxcompetition.com\/wp-content\/uploads\/2023\/04\/LOGO-RX-PROGRAMA.png","contentUrl":"https:\/\/rxcompetition.com\/wp-content\/uploads\/2023\/04\/LOGO-RX-PROGRAMA.png","width":1416,"height":672,"caption":"RX Competition"},"image":{"@id":"https:\/\/rxcompetition.com\/#\/schema\/logo\/image\/"}}]}},"jetpack_sharing_enabled":true,"_links":{"self":[{"href":"https:\/\/rxcompetition.com\/en\/wp-json\/wp\/v2\/product\/35457","targetHints":{"allow":["GET"]}}],"collection":[{"href":"https:\/\/rxcompetition.com\/en\/wp-json\/wp\/v2\/product"}],"about":[{"href":"https:\/\/rxcompetition.com\/en\/wp-json\/wp\/v2\/types\/product"}],"replies":[{"embeddable":true,"href":"https:\/\/rxcompetition.com\/en\/wp-json\/wp\/v2\/comments?post=35457"}],"wp:featuredmedia":[{"embeddable":true,"href":"https:\/\/rxcompetition.com\/en\/wp-json\/wp\/v2\/media\/36152"}],"wp:attachment":[{"href":"https:\/\/rxcompetition.com\/en\/wp-json\/wp\/v2\/media?parent=35457"}],"wp:term":[{"taxonomy":"product_cat","embeddable":true,"href":"https:\/\/rxcompetition.com\/en\/wp-json\/wp\/v2\/product_cat?post=35457"},{"taxonomy":"product_tag","embeddable":true,"href":"https:\/\/rxcompetition.com\/en\/wp-json\/wp\/v2\/product_tag?post=35457"}],"curies":[{"name":"wp","href":"https:\/\/api.w.org\/{rel}","templated":true}]}}