{"id":35456,"date":"2023-04-22T17:44:31","date_gmt":"2023-04-22T17:44:31","guid":{"rendered":"https:\/\/rxcompetition.com\/?post_type=product&#038;p=35456"},"modified":"2024-04-27T15:06:41","modified_gmt":"2024-04-27T15:06:41","slug":"regular-single-bar-holder","status":"publish","type":"product","link":"https:\/\/rxcompetition.com\/en\/product\/regular-single-bar-holder\/","title":{"rendered":"MASTER SINGLE BAR HOLDER"},"content":{"rendered":"<p class=\" translation-block\">The Master Single Bar Holder is another accessory that should not be missing in our Master 75 x 75 x 3 mm frames if we want to keep our gym properly organized and make the most of our space. It is one of the simplest and most effective supports for storing and securing the Olympic barbell in our Master Rack structures.<\/p>\n<p>&nbsp;<\/p>\n<p class=\" translation-block\">The assembling system design to the Rack upright column is simple and secure, fully suitable with the structure hole distribution, and it attaches directly to the column using two through bolts on the upright column side.<\/p>\n<p>&nbsp;<\/p>\n<p>The assembling base is made of solid 6 mm thick flat steel sheet.<\/p>\n<p>&nbsp;<\/p>\n<p><strong>THE PRICE IS PER UNIT<\/strong><\/p>","protected":false},"excerpt":{"rendered":"<p><strong>SPECIFICATIONS<\/strong><\/p>\n<p>&nbsp;<\/p>\n<p class=\" translation-block\">Brand: RX Competition<\/p>\n<p>Material: Powder coated black steel<\/p>\n<p>Diameter: 50 mm<\/p>\n<p>Thickness: 2 mm<\/p>\n<p>Assembling base thickness: 6 mm<\/p>\n<p>Total width: 140 mm<\/p>\n<p>Total height: 240 mm<\/p>\n<p>Weight: 1,49 kg<\/p>\n<p>Maximum load capacity: 100 kg<\/p>\n<p>Material warranty: 1 year<\/p>\n<p>Coating warranty: 1 year<\/p>\n<p>&nbsp;<\/p>\n<p><strong>*REAL PICTURES<\/strong><\/p>","protected":false},"featured_media":36160,"comment_status":"open","ping_status":"closed","template":"","meta":{"inline_featured_image":false},"product_cat":[302,146,157],"product_tag":[],"class_list":{"0":"post-35456","1":"product","2":"type-product","3":"status-publish","4":"has-post-thumbnail","6":"product_cat-regular-accesorios","7":"product_cat-rigs-racks","8":"product_cat-rigs-racks-regular","11":"first","12":"instock","13":"taxable","14":"shipping-taxable","15":"purchasable","16":"product-type-simple"},"yoast_head":"<!-- This site is optimized with the Yoast SEO plugin v23.2 - https:\/\/yoast.com\/wordpress\/plugins\/seo\/ -->\n<title>MASTER SINGLE BAR HOLDER - RX Competition<\/title>\n<meta name=\"robots\" content=\"index, follow, max-snippet:-1, max-image-preview:large, max-video-preview:-1\" \/>\n<link rel=\"canonical\" href=\"https:\/\/rxcompetition.com\/en\/product\/regular-single-bar-holder\/\" \/>\n<meta property=\"og:locale\" content=\"en_US\" \/>\n<meta property=\"og:type\" content=\"article\" \/>\n<meta property=\"og:title\" content=\"MASTER SINGLE BAR HOLDER - RX Competition\" \/>\n<meta property=\"og:description\" content=\"ESPECIFICACIONES  &nbsp;  Marca: RX Competition  Material: Acero recubierto de pintura en polvo color negro  Di\u00e1metro: 50 mm  Espesor: 2 mm  Espesor de la base de anclaje: 6 mm  Ancho total: 140mm  Altura total: 240 mm  Peso: 1,49 kg  Carga m\u00e1xima: 100 kg  Garant\u00eda sobre el material: 1 a\u00f1o  Garant\u00eda sobre el recubrimiento: 1 a\u00f1o  &nbsp;  *IMAGENES REALES\" \/>\n<meta property=\"og:url\" content=\"https:\/\/rxcompetition.com\/en\/product\/regular-single-bar-holder\/\" \/>\n<meta property=\"og:site_name\" content=\"RX Competition\" \/>\n<meta property=\"article:modified_time\" content=\"2024-04-27T15:06:41+00:00\" \/>\n<meta property=\"og:image\" content=\"https:\/\/rxcompetition.com\/wp-content\/uploads\/2023\/04\/POI_133-scaled.jpg\" \/>\n\t<meta property=\"og:image:width\" content=\"2560\" \/>\n\t<meta property=\"og:image:height\" content=\"1707\" \/>\n\t<meta property=\"og:image:type\" content=\"image\/jpeg\" \/>\n<meta name=\"twitter:card\" content=\"summary_large_image\" \/>\n<meta name=\"twitter:label1\" content=\"Est. reading time\" \/>\n\t<meta name=\"twitter:data1\" content=\"1 minute\" \/>\n<script type=\"application\/ld+json\" class=\"yoast-schema-graph\">{\"@context\":\"https:\/\/schema.org\",\"@graph\":[{\"@type\":\"WebPage\",\"@id\":\"https:\/\/rxcompetition.com\/product\/regular-single-bar-holder\/\",\"url\":\"https:\/\/rxcompetition.com\/product\/regular-single-bar-holder\/\",\"name\":\"MASTER SINGLE BAR HOLDER - RX Competition\",\"isPartOf\":{\"@id\":\"https:\/\/rxcompetition.com\/#website\"},\"primaryImageOfPage\":{\"@id\":\"https:\/\/rxcompetition.com\/product\/regular-single-bar-holder\/#primaryimage\"},\"image\":{\"@id\":\"https:\/\/rxcompetition.com\/product\/regular-single-bar-holder\/#primaryimage\"},\"thumbnailUrl\":\"https:\/\/rxcompetition.com\/wp-content\/uploads\/2023\/04\/POI_133-scaled.jpg\",\"datePublished\":\"2023-04-22T17:44:31+00:00\",\"dateModified\":\"2024-04-27T15:06:41+00:00\",\"breadcrumb\":{\"@id\":\"https:\/\/rxcompetition.com\/product\/regular-single-bar-holder\/#breadcrumb\"},\"inLanguage\":\"en-US\",\"potentialAction\":[{\"@type\":\"ReadAction\",\"target\":[\"https:\/\/rxcompetition.com\/product\/regular-single-bar-holder\/\"]}]},{\"@type\":\"ImageObject\",\"inLanguage\":\"en-US\",\"@id\":\"https:\/\/rxcompetition.com\/product\/regular-single-bar-holder\/#primaryimage\",\"url\":\"https:\/\/rxcompetition.com\/wp-content\/uploads\/2023\/04\/POI_133-scaled.jpg\",\"contentUrl\":\"https:\/\/rxcompetition.com\/wp-content\/uploads\/2023\/04\/POI_133-scaled.jpg\",\"width\":2560,\"height\":1707},{\"@type\":\"BreadcrumbList\",\"@id\":\"https:\/\/rxcompetition.com\/product\/regular-single-bar-holder\/#breadcrumb\",\"itemListElement\":[{\"@type\":\"ListItem\",\"position\":1,\"name\":\"Inicio\",\"item\":\"https:\/\/rxcompetition.com\/\"},{\"@type\":\"ListItem\",\"position\":2,\"name\":\"Tienda\",\"item\":\"https:\/\/rxcompetition.com\/tienda\/\"},{\"@type\":\"ListItem\",\"position\":3,\"name\":\"MASTER SINGLE BAR HOLDER\"}]},{\"@type\":\"WebSite\",\"@id\":\"https:\/\/rxcompetition.com\/#website\",\"url\":\"https:\/\/rxcompetition.com\/\",\"name\":\"RX Competition\",\"description\":\"\",\"publisher\":{\"@id\":\"https:\/\/rxcompetition.com\/#organization\"},\"potentialAction\":[{\"@type\":\"SearchAction\",\"target\":{\"@type\":\"EntryPoint\",\"urlTemplate\":\"https:\/\/rxcompetition.com\/?s={search_term_string}\"},\"query-input\":\"required name=search_term_string\"}],\"inLanguage\":\"en-US\"},{\"@type\":\"Organization\",\"@id\":\"https:\/\/rxcompetition.com\/#organization\",\"name\":\"RX Competition\",\"url\":\"https:\/\/rxcompetition.com\/\",\"logo\":{\"@type\":\"ImageObject\",\"inLanguage\":\"en-US\",\"@id\":\"https:\/\/rxcompetition.com\/#\/schema\/logo\/image\/\",\"url\":\"https:\/\/rxcompetition.com\/wp-content\/uploads\/2023\/04\/LOGO-RX-PROGRAMA.png\",\"contentUrl\":\"https:\/\/rxcompetition.com\/wp-content\/uploads\/2023\/04\/LOGO-RX-PROGRAMA.png\",\"width\":1416,\"height\":672,\"caption\":\"RX Competition\"},\"image\":{\"@id\":\"https:\/\/rxcompetition.com\/#\/schema\/logo\/image\/\"}}]}<\/script>\n<!-- \/ Yoast SEO plugin. -->","yoast_head_json":{"title":"MASTER SINGLE BAR HOLDER - RX Competition","robots":{"index":"index","follow":"follow","max-snippet":"max-snippet:-1","max-image-preview":"max-image-preview:large","max-video-preview":"max-video-preview:-1"},"canonical":"https:\/\/rxcompetition.com\/en\/product\/regular-single-bar-holder\/","og_locale":"en_US","og_type":"article","og_title":"MASTER SINGLE BAR HOLDER - RX Competition","og_description":"ESPECIFICACIONES  &nbsp;  Marca: RX Competition  Material: Acero recubierto de pintura en polvo color negro  Di\u00e1metro: 50 mm  Espesor: 2 mm  Espesor de la base de anclaje: 6 mm  Ancho total: 140mm  Altura total: 240 mm  Peso: 1,49 kg  Carga m\u00e1xima: 100 kg  Garant\u00eda sobre el material: 1 a\u00f1o  Garant\u00eda sobre el recubrimiento: 1 a\u00f1o  &nbsp;  *IMAGENES REALES","og_url":"https:\/\/rxcompetition.com\/en\/product\/regular-single-bar-holder\/","og_site_name":"RX Competition","article_modified_time":"2024-04-27T15:06:41+00:00","og_image":[{"width":2560,"height":1707,"url":"https:\/\/rxcompetition.com\/wp-content\/uploads\/2023\/04\/POI_133-scaled.jpg","type":"image\/jpeg"}],"twitter_card":"summary_large_image","twitter_misc":{"Est. reading time":"1 minute"},"schema":{"@context":"https:\/\/schema.org","@graph":[{"@type":"WebPage","@id":"https:\/\/rxcompetition.com\/product\/regular-single-bar-holder\/","url":"https:\/\/rxcompetition.com\/product\/regular-single-bar-holder\/","name":"MASTER SINGLE BAR HOLDER - RX Competition","isPartOf":{"@id":"https:\/\/rxcompetition.com\/#website"},"primaryImageOfPage":{"@id":"https:\/\/rxcompetition.com\/product\/regular-single-bar-holder\/#primaryimage"},"image":{"@id":"https:\/\/rxcompetition.com\/product\/regular-single-bar-holder\/#primaryimage"},"thumbnailUrl":"https:\/\/rxcompetition.com\/wp-content\/uploads\/2023\/04\/POI_133-scaled.jpg","datePublished":"2023-04-22T17:44:31+00:00","dateModified":"2024-04-27T15:06:41+00:00","breadcrumb":{"@id":"https:\/\/rxcompetition.com\/product\/regular-single-bar-holder\/#breadcrumb"},"inLanguage":"en-US","potentialAction":[{"@type":"ReadAction","target":["https:\/\/rxcompetition.com\/product\/regular-single-bar-holder\/"]}]},{"@type":"ImageObject","inLanguage":"en-US","@id":"https:\/\/rxcompetition.com\/product\/regular-single-bar-holder\/#primaryimage","url":"https:\/\/rxcompetition.com\/wp-content\/uploads\/2023\/04\/POI_133-scaled.jpg","contentUrl":"https:\/\/rxcompetition.com\/wp-content\/uploads\/2023\/04\/POI_133-scaled.jpg","width":2560,"height":1707},{"@type":"BreadcrumbList","@id":"https:\/\/rxcompetition.com\/product\/regular-single-bar-holder\/#breadcrumb","itemListElement":[{"@type":"ListItem","position":1,"name":"Inicio","item":"https:\/\/rxcompetition.com\/"},{"@type":"ListItem","position":2,"name":"Tienda","item":"https:\/\/rxcompetition.com\/tienda\/"},{"@type":"ListItem","position":3,"name":"MASTER SINGLE BAR HOLDER"}]},{"@type":"WebSite","@id":"https:\/\/rxcompetition.com\/#website","url":"https:\/\/rxcompetition.com\/","name":"RX Competition","description":"","publisher":{"@id":"https:\/\/rxcompetition.com\/#organization"},"potentialAction":[{"@type":"SearchAction","target":{"@type":"EntryPoint","urlTemplate":"https:\/\/rxcompetition.com\/?s={search_term_string}"},"query-input":"required name=search_term_string"}],"inLanguage":"en-US"},{"@type":"Organization","@id":"https:\/\/rxcompetition.com\/#organization","name":"RX Competition","url":"https:\/\/rxcompetition.com\/","logo":{"@type":"ImageObject","inLanguage":"en-US","@id":"https:\/\/rxcompetition.com\/#\/schema\/logo\/image\/","url":"https:\/\/rxcompetition.com\/wp-content\/uploads\/2023\/04\/LOGO-RX-PROGRAMA.png","contentUrl":"https:\/\/rxcompetition.com\/wp-content\/uploads\/2023\/04\/LOGO-RX-PROGRAMA.png","width":1416,"height":672,"caption":"RX Competition"},"image":{"@id":"https:\/\/rxcompetition.com\/#\/schema\/logo\/image\/"}}]}},"jetpack_sharing_enabled":true,"_links":{"self":[{"href":"https:\/\/rxcompetition.com\/en\/wp-json\/wp\/v2\/product\/35456","targetHints":{"allow":["GET"]}}],"collection":[{"href":"https:\/\/rxcompetition.com\/en\/wp-json\/wp\/v2\/product"}],"about":[{"href":"https:\/\/rxcompetition.com\/en\/wp-json\/wp\/v2\/types\/product"}],"replies":[{"embeddable":true,"href":"https:\/\/rxcompetition.com\/en\/wp-json\/wp\/v2\/comments?post=35456"}],"wp:featuredmedia":[{"embeddable":true,"href":"https:\/\/rxcompetition.com\/en\/wp-json\/wp\/v2\/media\/36160"}],"wp:attachment":[{"href":"https:\/\/rxcompetition.com\/en\/wp-json\/wp\/v2\/media?parent=35456"}],"wp:term":[{"taxonomy":"product_cat","embeddable":true,"href":"https:\/\/rxcompetition.com\/en\/wp-json\/wp\/v2\/product_cat?post=35456"},{"taxonomy":"product_tag","embeddable":true,"href":"https:\/\/rxcompetition.com\/en\/wp-json\/wp\/v2\/product_tag?post=35456"}],"curies":[{"name":"wp","href":"https:\/\/api.w.org\/{rel}","templated":true}]}}