{"id":35225,"date":"2023-03-05T17:15:14","date_gmt":"2023-03-05T17:15:14","guid":{"rendered":"https:\/\/rxcompetition.com\/?post_type=product&#038;p=35225"},"modified":"2024-04-27T15:49:52","modified_gmt":"2024-04-27T15:49:52","slug":"venda-neuromuscular","status":"publish","type":"product","link":"https:\/\/rxcompetition.com\/en\/product\/venda-neuromuscular\/","title":{"rendered":"KINESIOLOGY TAPE"},"content":{"rendered":"<p>&nbsp;<\/p>\n<p>If you're looking for neuromuscular tape, we also have it. This tape, also known as kinesiology tape, is the most common used taping system in sports, especially for relieving pain caused by injury or overexertion.<\/p>\n<p>&nbsp;<\/p>\n<p>Its use is widespread and is applied for various purposes:<\/p>\n<p>&nbsp;<\/p>\n<ul>\n<li>-\tLocal pain relief<\/li>\n<li>-\tMuscle inhibition in certain areas<\/li>\n<li>-\tReduction of localized swelling<\/li>\n<li>-\tProviding greater stability to the muscle during a specific movement<\/li>\n<li>-\tTissue decompression<\/li>\n<\/ul>\n<p>&nbsp;<\/p>\n<p>Kinesiology tape can be stretched up to 40% more than its original length without losing its elasticity. It is made of highly elastic synthetic fabric with a strong adhesive capacity.<\/p>\n<p>Since we have multiple nerve receptors in the skin, as well as deep layers of fascia, muscles, and other connective tissues, when properly applied, this tape compresses or decompresses the area, inhibiting the pain signals sent to the brain.<\/p>\n<p>&nbsp;<\/p>\n<p>It is especially applied to relieve pain in the following areas:<\/p>\n<p>&nbsp;<\/p>\n<ul>\n<li>-\tPlantar fasciitis: It is recommended to place a strip on the sole of the foot and another crossing the first one in the arch area of the bottom of the foot.<\/li>\n<\/ul>\n<p>&nbsp;<\/p>\n<ul>\n<li>-\tShin splints: It is recommended to place the tape from below the outer part of the knee to below the base of the big toe. Add additional strips across the entire width of the shin over all points of pain.<\/li>\n<\/ul>\n<p>&nbsp;<\/p>\n<ul>\n<li>-\tKnee: It is recommended to place strips on the quadriceps and another strip down the right and left sides to the patella to create a drop shape. Then place a strip across the other two just below the knee.<\/li>\n<\/ul>\n<p>&nbsp;<\/p>\n<ul>\n<li>-\tAchilles tendon: It is recommended to place a strip from the middle of the calf to the bottom of the foot, then cross another strip behind the heel\/ankle area.<\/li>\n<\/ul>\n<p>&nbsp;<\/p>\n<ul>\n<li>-\tGeneral muscle support: If you experience generalized pain or want to support a muscle, you can use two strips (or cut a strip into a Y shape) to border the area.<\/li>\n<\/ul>\n<p>&nbsp;<\/p>\n<ul>\n<li>-\tSwelling: If you have sprained a joint like the ankle and it is swollen, cut small projections of tape (to resemble an octopus) and apply it without stretching it over the swollen area.<\/li>\n<\/ul>\n<p>&nbsp;<\/p>\n<p>Available in 6 different colors: Black, brown, red, blue, yellow, and green.<\/p>\n<p>&nbsp;<\/p>\n<p><strong>THE PRICE IS PER UNIT<\/strong><\/p>","protected":false},"excerpt":{"rendered":"<p><strong>SPECIFICATIONS<\/strong><\/p>\n<p>&nbsp;<\/p>\n<p class=\" translation-block\">Brand: RX Competition<\/p>\n<p>Material: Ultra-elastic synthetic<\/p>\n<p>Attachment system: Self-adhesive<\/p>\n<p>Width: 50 mm<\/p>\n<p>Length: 5.000 mm<\/p>\n<p>Weight: 68 gr<\/p>\n<p>Available colors: Black, brown, red, blue, yellow and green<\/p>\n<p>&nbsp;<\/p>\n<p><strong>*REAL PICTURES<\/strong><\/p>","protected":false},"featured_media":36177,"comment_status":"open","ping_status":"closed","template":"","meta":{"inline_featured_image":false},"product_cat":[150,276],"product_tag":[],"class_list":{"0":"post-35225","1":"product","2":"type-product","3":"status-publish","4":"has-post-thumbnail","6":"product_cat-gym-essentials-accesories","7":"product_cat-tape","10":"first","11":"instock","12":"taxable","13":"shipping-taxable","14":"purchasable","15":"product-type-variable"},"yoast_head":"<!-- This site is optimized with the Yoast SEO plugin v23.2 - https:\/\/yoast.com\/wordpress\/plugins\/seo\/ -->\n<title>KINESIOLOGY TAPE - RX Competition<\/title>\n<meta name=\"robots\" content=\"index, follow, max-snippet:-1, max-image-preview:large, max-video-preview:-1\" \/>\n<link rel=\"canonical\" href=\"https:\/\/rxcompetition.com\/en\/product\/venda-neuromuscular\/\" \/>\n<meta property=\"og:locale\" content=\"en_US\" \/>\n<meta property=\"og:type\" content=\"article\" \/>\n<meta property=\"og:title\" content=\"KINESIOLOGY TAPE - RX Competition\" \/>\n<meta property=\"og:description\" content=\"ESPECIFICACIONES  &nbsp;  Marca: RX Competition  Material: Sint\u00e9tico ultra el\u00e1stico  Sistema de fijaci\u00f3n: Autoadhesivo  Ancho: 50 mm  Longitud: 5.000 mm  Peso total: 68 gramos  Colores disponibles: Negro, marr\u00f3n, rojo, azul, amarillo y verde  &nbsp;  *IMAGENES REALES\" \/>\n<meta property=\"og:url\" content=\"https:\/\/rxcompetition.com\/en\/product\/venda-neuromuscular\/\" \/>\n<meta property=\"og:site_name\" content=\"RX Competition\" \/>\n<meta property=\"article:modified_time\" content=\"2024-04-27T15:49:52+00:00\" \/>\n<meta property=\"og:image\" content=\"https:\/\/rxcompetition.com\/wp-content\/uploads\/2023\/03\/POI_360-scaled.jpg\" \/>\n\t<meta property=\"og:image:width\" content=\"2560\" \/>\n\t<meta property=\"og:image:height\" content=\"1707\" \/>\n\t<meta property=\"og:image:type\" content=\"image\/jpeg\" \/>\n<meta name=\"twitter:card\" content=\"summary_large_image\" \/>\n<meta name=\"twitter:label1\" content=\"Est. reading time\" \/>\n\t<meta name=\"twitter:data1\" content=\"2 minutes\" \/>\n<script type=\"application\/ld+json\" class=\"yoast-schema-graph\">{\"@context\":\"https:\/\/schema.org\",\"@graph\":[{\"@type\":\"WebPage\",\"@id\":\"https:\/\/rxcompetition.com\/product\/venda-neuromuscular\/\",\"url\":\"https:\/\/rxcompetition.com\/product\/venda-neuromuscular\/\",\"name\":\"KINESIOLOGY TAPE - RX Competition\",\"isPartOf\":{\"@id\":\"https:\/\/rxcompetition.com\/#website\"},\"primaryImageOfPage\":{\"@id\":\"https:\/\/rxcompetition.com\/product\/venda-neuromuscular\/#primaryimage\"},\"image\":{\"@id\":\"https:\/\/rxcompetition.com\/product\/venda-neuromuscular\/#primaryimage\"},\"thumbnailUrl\":\"https:\/\/rxcompetition.com\/wp-content\/uploads\/2023\/03\/POI_360-scaled.jpg\",\"datePublished\":\"2023-03-05T17:15:14+00:00\",\"dateModified\":\"2024-04-27T15:49:52+00:00\",\"breadcrumb\":{\"@id\":\"https:\/\/rxcompetition.com\/product\/venda-neuromuscular\/#breadcrumb\"},\"inLanguage\":\"en-US\",\"potentialAction\":[{\"@type\":\"ReadAction\",\"target\":[\"https:\/\/rxcompetition.com\/product\/venda-neuromuscular\/\"]}]},{\"@type\":\"ImageObject\",\"inLanguage\":\"en-US\",\"@id\":\"https:\/\/rxcompetition.com\/product\/venda-neuromuscular\/#primaryimage\",\"url\":\"https:\/\/rxcompetition.com\/wp-content\/uploads\/2023\/03\/POI_360-scaled.jpg\",\"contentUrl\":\"https:\/\/rxcompetition.com\/wp-content\/uploads\/2023\/03\/POI_360-scaled.jpg\",\"width\":2560,\"height\":1707},{\"@type\":\"BreadcrumbList\",\"@id\":\"https:\/\/rxcompetition.com\/product\/venda-neuromuscular\/#breadcrumb\",\"itemListElement\":[{\"@type\":\"ListItem\",\"position\":1,\"name\":\"Inicio\",\"item\":\"https:\/\/rxcompetition.com\/\"},{\"@type\":\"ListItem\",\"position\":2,\"name\":\"Tienda\",\"item\":\"https:\/\/rxcompetition.com\/tienda\/\"},{\"@type\":\"ListItem\",\"position\":3,\"name\":\"KINESIOLOGY TAPE\"}]},{\"@type\":\"WebSite\",\"@id\":\"https:\/\/rxcompetition.com\/#website\",\"url\":\"https:\/\/rxcompetition.com\/\",\"name\":\"RX Competition\",\"description\":\"\",\"publisher\":{\"@id\":\"https:\/\/rxcompetition.com\/#organization\"},\"potentialAction\":[{\"@type\":\"SearchAction\",\"target\":{\"@type\":\"EntryPoint\",\"urlTemplate\":\"https:\/\/rxcompetition.com\/?s={search_term_string}\"},\"query-input\":\"required name=search_term_string\"}],\"inLanguage\":\"en-US\"},{\"@type\":\"Organization\",\"@id\":\"https:\/\/rxcompetition.com\/#organization\",\"name\":\"RX Competition\",\"url\":\"https:\/\/rxcompetition.com\/\",\"logo\":{\"@type\":\"ImageObject\",\"inLanguage\":\"en-US\",\"@id\":\"https:\/\/rxcompetition.com\/#\/schema\/logo\/image\/\",\"url\":\"https:\/\/rxcompetition.com\/wp-content\/uploads\/2023\/04\/LOGO-RX-PROGRAMA.png\",\"contentUrl\":\"https:\/\/rxcompetition.com\/wp-content\/uploads\/2023\/04\/LOGO-RX-PROGRAMA.png\",\"width\":1416,\"height\":672,\"caption\":\"RX Competition\"},\"image\":{\"@id\":\"https:\/\/rxcompetition.com\/#\/schema\/logo\/image\/\"}}]}<\/script>\n<!-- \/ Yoast SEO plugin. -->","yoast_head_json":{"title":"KINESIOLOGY TAPE - RX Competition","robots":{"index":"index","follow":"follow","max-snippet":"max-snippet:-1","max-image-preview":"max-image-preview:large","max-video-preview":"max-video-preview:-1"},"canonical":"https:\/\/rxcompetition.com\/en\/product\/venda-neuromuscular\/","og_locale":"en_US","og_type":"article","og_title":"KINESIOLOGY TAPE - RX Competition","og_description":"ESPECIFICACIONES  &nbsp;  Marca: RX Competition  Material: Sint\u00e9tico ultra el\u00e1stico  Sistema de fijaci\u00f3n: Autoadhesivo  Ancho: 50 mm  Longitud: 5.000 mm  Peso total: 68 gramos  Colores disponibles: Negro, marr\u00f3n, rojo, azul, amarillo y verde  &nbsp;  *IMAGENES REALES","og_url":"https:\/\/rxcompetition.com\/en\/product\/venda-neuromuscular\/","og_site_name":"RX Competition","article_modified_time":"2024-04-27T15:49:52+00:00","og_image":[{"width":2560,"height":1707,"url":"https:\/\/rxcompetition.com\/wp-content\/uploads\/2023\/03\/POI_360-scaled.jpg","type":"image\/jpeg"}],"twitter_card":"summary_large_image","twitter_misc":{"Est. reading time":"2 minutes"},"schema":{"@context":"https:\/\/schema.org","@graph":[{"@type":"WebPage","@id":"https:\/\/rxcompetition.com\/product\/venda-neuromuscular\/","url":"https:\/\/rxcompetition.com\/product\/venda-neuromuscular\/","name":"KINESIOLOGY TAPE - RX Competition","isPartOf":{"@id":"https:\/\/rxcompetition.com\/#website"},"primaryImageOfPage":{"@id":"https:\/\/rxcompetition.com\/product\/venda-neuromuscular\/#primaryimage"},"image":{"@id":"https:\/\/rxcompetition.com\/product\/venda-neuromuscular\/#primaryimage"},"thumbnailUrl":"https:\/\/rxcompetition.com\/wp-content\/uploads\/2023\/03\/POI_360-scaled.jpg","datePublished":"2023-03-05T17:15:14+00:00","dateModified":"2024-04-27T15:49:52+00:00","breadcrumb":{"@id":"https:\/\/rxcompetition.com\/product\/venda-neuromuscular\/#breadcrumb"},"inLanguage":"en-US","potentialAction":[{"@type":"ReadAction","target":["https:\/\/rxcompetition.com\/product\/venda-neuromuscular\/"]}]},{"@type":"ImageObject","inLanguage":"en-US","@id":"https:\/\/rxcompetition.com\/product\/venda-neuromuscular\/#primaryimage","url":"https:\/\/rxcompetition.com\/wp-content\/uploads\/2023\/03\/POI_360-scaled.jpg","contentUrl":"https:\/\/rxcompetition.com\/wp-content\/uploads\/2023\/03\/POI_360-scaled.jpg","width":2560,"height":1707},{"@type":"BreadcrumbList","@id":"https:\/\/rxcompetition.com\/product\/venda-neuromuscular\/#breadcrumb","itemListElement":[{"@type":"ListItem","position":1,"name":"Inicio","item":"https:\/\/rxcompetition.com\/"},{"@type":"ListItem","position":2,"name":"Tienda","item":"https:\/\/rxcompetition.com\/tienda\/"},{"@type":"ListItem","position":3,"name":"KINESIOLOGY TAPE"}]},{"@type":"WebSite","@id":"https:\/\/rxcompetition.com\/#website","url":"https:\/\/rxcompetition.com\/","name":"RX Competition","description":"","publisher":{"@id":"https:\/\/rxcompetition.com\/#organization"},"potentialAction":[{"@type":"SearchAction","target":{"@type":"EntryPoint","urlTemplate":"https:\/\/rxcompetition.com\/?s={search_term_string}"},"query-input":"required name=search_term_string"}],"inLanguage":"en-US"},{"@type":"Organization","@id":"https:\/\/rxcompetition.com\/#organization","name":"RX Competition","url":"https:\/\/rxcompetition.com\/","logo":{"@type":"ImageObject","inLanguage":"en-US","@id":"https:\/\/rxcompetition.com\/#\/schema\/logo\/image\/","url":"https:\/\/rxcompetition.com\/wp-content\/uploads\/2023\/04\/LOGO-RX-PROGRAMA.png","contentUrl":"https:\/\/rxcompetition.com\/wp-content\/uploads\/2023\/04\/LOGO-RX-PROGRAMA.png","width":1416,"height":672,"caption":"RX Competition"},"image":{"@id":"https:\/\/rxcompetition.com\/#\/schema\/logo\/image\/"}}]}},"jetpack_sharing_enabled":true,"_links":{"self":[{"href":"https:\/\/rxcompetition.com\/en\/wp-json\/wp\/v2\/product\/35225","targetHints":{"allow":["GET"]}}],"collection":[{"href":"https:\/\/rxcompetition.com\/en\/wp-json\/wp\/v2\/product"}],"about":[{"href":"https:\/\/rxcompetition.com\/en\/wp-json\/wp\/v2\/types\/product"}],"replies":[{"embeddable":true,"href":"https:\/\/rxcompetition.com\/en\/wp-json\/wp\/v2\/comments?post=35225"}],"wp:featuredmedia":[{"embeddable":true,"href":"https:\/\/rxcompetition.com\/en\/wp-json\/wp\/v2\/media\/36177"}],"wp:attachment":[{"href":"https:\/\/rxcompetition.com\/en\/wp-json\/wp\/v2\/media?parent=35225"}],"wp:term":[{"taxonomy":"product_cat","embeddable":true,"href":"https:\/\/rxcompetition.com\/en\/wp-json\/wp\/v2\/product_cat?post=35225"},{"taxonomy":"product_tag","embeddable":true,"href":"https:\/\/rxcompetition.com\/en\/wp-json\/wp\/v2\/product_tag?post=35225"}],"curies":[{"name":"wp","href":"https:\/\/api.w.org\/{rel}","templated":true}]}}