{"id":35176,"date":"2023-03-04T17:33:37","date_gmt":"2023-03-04T17:33:37","guid":{"rendered":"https:\/\/rxcompetition.com\/?post_type=product&#038;p=35176"},"modified":"2024-04-27T15:11:28","modified_gmt":"2024-04-27T15:11:28","slug":"grip-1-0","status":"publish","type":"product","link":"https:\/\/rxcompetition.com\/en\/product\/grip-1-0\/","title":{"rendered":"GRIP 1.0"},"content":{"rendered":"<p class=\" translation-block\">Our Hand Grip 1.0 is the most neutral and closed position grip of our 5 special grip handle series for two arm power exercises. It is an ergonomically crafted grip fully adapted to the hand palm which allows a complete and firmly movement from the pulley to the chest, activating our dorsal muscles.<\/p>\n<p>&nbsp;<\/p>\n<p>This grip is entirely made of powder coated steel, a very solid, compacted and durable grip.<\/p>\n<p>&nbsp;<\/p>\n<p>It includes a \u00d812 mm hole ring at the top end that is used as pulley connector. This is a prefect grip for activating the innermost dorsal muscles area.<\/p>\n<p>&nbsp;<\/p>\n<p><strong>THE PRICE IS PER UNIT<\/strong><\/p>","protected":false},"excerpt":{"rendered":"<p><strong>SPECIFICATIONS<\/strong><\/p>\n<p>&nbsp;<\/p>\n<p class=\" translation-block\">Brand: RX Competition<\/p>\n<p class=\" translation-block\">Usage: Bodybuilding<\/p>\n<p>Benefits: Perfect for dorsal interior area activation<\/p>\n<p>Grip material: Black powder-coated steel<\/p>\n<p>Handle material: Black powder-coated steel<\/p>\n<p>Overall length: 230 mm<\/p>\n<p>Overall height: 250 mm<\/p>\n<p>Overall width: 50 mm<\/p>\n<p>Thickness: 2 mm<\/p>\n<p>Grip height: 180 mm<\/p>\n<p>Grip thickness: 3 mm<\/p>\n<p>Weight: 2,8 kg<\/p>\n<p>Maximum load capacity: 200 kg<\/p>\n<p>Material warranty: 2 years<\/p>\n<p>&nbsp;<\/p>\n<p><strong>*REAL PICTURES<\/strong><\/p>","protected":false},"featured_media":36302,"comment_status":"open","ping_status":"closed","template":"","meta":{"inline_featured_image":false},"product_cat":[294,204],"product_tag":[],"class_list":{"0":"post-35176","1":"product","2":"type-product","3":"status-publish","4":"has-post-thumbnail","6":"product_cat-agarres-accesorios","7":"product_cat-bodybuilding","10":"first","11":"instock","12":"taxable","13":"shipping-taxable","14":"purchasable","15":"product-type-simple"},"yoast_head":"<!-- This site is optimized with the Yoast SEO plugin v23.2 - https:\/\/yoast.com\/wordpress\/plugins\/seo\/ -->\n<title>GRIP 1.0 - RX Competition<\/title>\n<meta name=\"robots\" content=\"index, follow, max-snippet:-1, max-image-preview:large, max-video-preview:-1\" \/>\n<link rel=\"canonical\" href=\"https:\/\/rxcompetition.com\/en\/product\/grip-1-0\/\" \/>\n<meta property=\"og:locale\" content=\"en_US\" \/>\n<meta property=\"og:type\" content=\"article\" \/>\n<meta property=\"og:title\" content=\"GRIP 1.0 - RX Competition\" \/>\n<meta property=\"og:description\" content=\"ESPECIFICACIONES  &nbsp;  Marca: RX Competition  Uso: Bodybuilding  Beneficios: Ideal para desarrollar la zona m\u00e1s interior de nuestros m\u00fasculos Dorsales.  Material del agarre: Acero con recubrimiento de pintura de polvo negro  Material del mango: Acero con recubrimiento de pintura de polvo negro  Longitud total: 230 mm  Altura total: 250 mm  Anchura total: 50 mm  Grosor: 2 mm  Altura del agarre: 180 mm  Grosor del agarre: 3 mm  Peso: 2,8 kg  Carga m\u00e1xima: 200 kg  Garant\u00eda sobre el material: 2 a\u00f1os  &nbsp;  *IMAGENES REALES\" \/>\n<meta property=\"og:url\" content=\"https:\/\/rxcompetition.com\/en\/product\/grip-1-0\/\" \/>\n<meta property=\"og:site_name\" content=\"RX Competition\" \/>\n<meta property=\"article:modified_time\" content=\"2024-04-27T15:11:28+00:00\" \/>\n<meta property=\"og:image\" content=\"https:\/\/rxcompetition.com\/wp-content\/uploads\/2023\/03\/POI_238-scaled.jpg\" \/>\n\t<meta property=\"og:image:width\" content=\"2560\" \/>\n\t<meta property=\"og:image:height\" content=\"1707\" \/>\n\t<meta property=\"og:image:type\" content=\"image\/jpeg\" \/>\n<meta name=\"twitter:card\" content=\"summary_large_image\" \/>\n<meta name=\"twitter:label1\" content=\"Est. reading time\" \/>\n\t<meta name=\"twitter:data1\" content=\"1 minute\" \/>\n<script type=\"application\/ld+json\" class=\"yoast-schema-graph\">{\"@context\":\"https:\/\/schema.org\",\"@graph\":[{\"@type\":\"WebPage\",\"@id\":\"https:\/\/rxcompetition.com\/product\/grip-1-0\/\",\"url\":\"https:\/\/rxcompetition.com\/product\/grip-1-0\/\",\"name\":\"GRIP 1.0 - RX Competition\",\"isPartOf\":{\"@id\":\"https:\/\/rxcompetition.com\/#website\"},\"primaryImageOfPage\":{\"@id\":\"https:\/\/rxcompetition.com\/product\/grip-1-0\/#primaryimage\"},\"image\":{\"@id\":\"https:\/\/rxcompetition.com\/product\/grip-1-0\/#primaryimage\"},\"thumbnailUrl\":\"https:\/\/rxcompetition.com\/wp-content\/uploads\/2023\/03\/POI_238-scaled.jpg\",\"datePublished\":\"2023-03-04T17:33:37+00:00\",\"dateModified\":\"2024-04-27T15:11:28+00:00\",\"breadcrumb\":{\"@id\":\"https:\/\/rxcompetition.com\/product\/grip-1-0\/#breadcrumb\"},\"inLanguage\":\"en-US\",\"potentialAction\":[{\"@type\":\"ReadAction\",\"target\":[\"https:\/\/rxcompetition.com\/product\/grip-1-0\/\"]}]},{\"@type\":\"ImageObject\",\"inLanguage\":\"en-US\",\"@id\":\"https:\/\/rxcompetition.com\/product\/grip-1-0\/#primaryimage\",\"url\":\"https:\/\/rxcompetition.com\/wp-content\/uploads\/2023\/03\/POI_238-scaled.jpg\",\"contentUrl\":\"https:\/\/rxcompetition.com\/wp-content\/uploads\/2023\/03\/POI_238-scaled.jpg\",\"width\":2560,\"height\":1707},{\"@type\":\"BreadcrumbList\",\"@id\":\"https:\/\/rxcompetition.com\/product\/grip-1-0\/#breadcrumb\",\"itemListElement\":[{\"@type\":\"ListItem\",\"position\":1,\"name\":\"Inicio\",\"item\":\"https:\/\/rxcompetition.com\/\"},{\"@type\":\"ListItem\",\"position\":2,\"name\":\"Tienda\",\"item\":\"https:\/\/rxcompetition.com\/tienda\/\"},{\"@type\":\"ListItem\",\"position\":3,\"name\":\"GRIP 1.0\"}]},{\"@type\":\"WebSite\",\"@id\":\"https:\/\/rxcompetition.com\/#website\",\"url\":\"https:\/\/rxcompetition.com\/\",\"name\":\"RX Competition\",\"description\":\"\",\"publisher\":{\"@id\":\"https:\/\/rxcompetition.com\/#organization\"},\"potentialAction\":[{\"@type\":\"SearchAction\",\"target\":{\"@type\":\"EntryPoint\",\"urlTemplate\":\"https:\/\/rxcompetition.com\/?s={search_term_string}\"},\"query-input\":\"required name=search_term_string\"}],\"inLanguage\":\"en-US\"},{\"@type\":\"Organization\",\"@id\":\"https:\/\/rxcompetition.com\/#organization\",\"name\":\"RX Competition\",\"url\":\"https:\/\/rxcompetition.com\/\",\"logo\":{\"@type\":\"ImageObject\",\"inLanguage\":\"en-US\",\"@id\":\"https:\/\/rxcompetition.com\/#\/schema\/logo\/image\/\",\"url\":\"https:\/\/rxcompetition.com\/wp-content\/uploads\/2023\/04\/LOGO-RX-PROGRAMA.png\",\"contentUrl\":\"https:\/\/rxcompetition.com\/wp-content\/uploads\/2023\/04\/LOGO-RX-PROGRAMA.png\",\"width\":1416,\"height\":672,\"caption\":\"RX Competition\"},\"image\":{\"@id\":\"https:\/\/rxcompetition.com\/#\/schema\/logo\/image\/\"}}]}<\/script>\n<!-- \/ Yoast SEO plugin. -->","yoast_head_json":{"title":"GRIP 1.0 - RX Competition","robots":{"index":"index","follow":"follow","max-snippet":"max-snippet:-1","max-image-preview":"max-image-preview:large","max-video-preview":"max-video-preview:-1"},"canonical":"https:\/\/rxcompetition.com\/en\/product\/grip-1-0\/","og_locale":"en_US","og_type":"article","og_title":"GRIP 1.0 - RX Competition","og_description":"ESPECIFICACIONES  &nbsp;  Marca: RX Competition  Uso: Bodybuilding  Beneficios: Ideal para desarrollar la zona m\u00e1s interior de nuestros m\u00fasculos Dorsales.  Material del agarre: Acero con recubrimiento de pintura de polvo negro  Material del mango: Acero con recubrimiento de pintura de polvo negro  Longitud total: 230 mm  Altura total: 250 mm  Anchura total: 50 mm  Grosor: 2 mm  Altura del agarre: 180 mm  Grosor del agarre: 3 mm  Peso: 2,8 kg  Carga m\u00e1xima: 200 kg  Garant\u00eda sobre el material: 2 a\u00f1os  &nbsp;  *IMAGENES REALES","og_url":"https:\/\/rxcompetition.com\/en\/product\/grip-1-0\/","og_site_name":"RX Competition","article_modified_time":"2024-04-27T15:11:28+00:00","og_image":[{"width":2560,"height":1707,"url":"https:\/\/rxcompetition.com\/wp-content\/uploads\/2023\/03\/POI_238-scaled.jpg","type":"image\/jpeg"}],"twitter_card":"summary_large_image","twitter_misc":{"Est. reading time":"1 minute"},"schema":{"@context":"https:\/\/schema.org","@graph":[{"@type":"WebPage","@id":"https:\/\/rxcompetition.com\/product\/grip-1-0\/","url":"https:\/\/rxcompetition.com\/product\/grip-1-0\/","name":"GRIP 1.0 - RX Competition","isPartOf":{"@id":"https:\/\/rxcompetition.com\/#website"},"primaryImageOfPage":{"@id":"https:\/\/rxcompetition.com\/product\/grip-1-0\/#primaryimage"},"image":{"@id":"https:\/\/rxcompetition.com\/product\/grip-1-0\/#primaryimage"},"thumbnailUrl":"https:\/\/rxcompetition.com\/wp-content\/uploads\/2023\/03\/POI_238-scaled.jpg","datePublished":"2023-03-04T17:33:37+00:00","dateModified":"2024-04-27T15:11:28+00:00","breadcrumb":{"@id":"https:\/\/rxcompetition.com\/product\/grip-1-0\/#breadcrumb"},"inLanguage":"en-US","potentialAction":[{"@type":"ReadAction","target":["https:\/\/rxcompetition.com\/product\/grip-1-0\/"]}]},{"@type":"ImageObject","inLanguage":"en-US","@id":"https:\/\/rxcompetition.com\/product\/grip-1-0\/#primaryimage","url":"https:\/\/rxcompetition.com\/wp-content\/uploads\/2023\/03\/POI_238-scaled.jpg","contentUrl":"https:\/\/rxcompetition.com\/wp-content\/uploads\/2023\/03\/POI_238-scaled.jpg","width":2560,"height":1707},{"@type":"BreadcrumbList","@id":"https:\/\/rxcompetition.com\/product\/grip-1-0\/#breadcrumb","itemListElement":[{"@type":"ListItem","position":1,"name":"Inicio","item":"https:\/\/rxcompetition.com\/"},{"@type":"ListItem","position":2,"name":"Tienda","item":"https:\/\/rxcompetition.com\/tienda\/"},{"@type":"ListItem","position":3,"name":"GRIP 1.0"}]},{"@type":"WebSite","@id":"https:\/\/rxcompetition.com\/#website","url":"https:\/\/rxcompetition.com\/","name":"RX Competition","description":"","publisher":{"@id":"https:\/\/rxcompetition.com\/#organization"},"potentialAction":[{"@type":"SearchAction","target":{"@type":"EntryPoint","urlTemplate":"https:\/\/rxcompetition.com\/?s={search_term_string}"},"query-input":"required name=search_term_string"}],"inLanguage":"en-US"},{"@type":"Organization","@id":"https:\/\/rxcompetition.com\/#organization","name":"RX Competition","url":"https:\/\/rxcompetition.com\/","logo":{"@type":"ImageObject","inLanguage":"en-US","@id":"https:\/\/rxcompetition.com\/#\/schema\/logo\/image\/","url":"https:\/\/rxcompetition.com\/wp-content\/uploads\/2023\/04\/LOGO-RX-PROGRAMA.png","contentUrl":"https:\/\/rxcompetition.com\/wp-content\/uploads\/2023\/04\/LOGO-RX-PROGRAMA.png","width":1416,"height":672,"caption":"RX Competition"},"image":{"@id":"https:\/\/rxcompetition.com\/#\/schema\/logo\/image\/"}}]}},"jetpack_sharing_enabled":true,"_links":{"self":[{"href":"https:\/\/rxcompetition.com\/en\/wp-json\/wp\/v2\/product\/35176","targetHints":{"allow":["GET"]}}],"collection":[{"href":"https:\/\/rxcompetition.com\/en\/wp-json\/wp\/v2\/product"}],"about":[{"href":"https:\/\/rxcompetition.com\/en\/wp-json\/wp\/v2\/types\/product"}],"replies":[{"embeddable":true,"href":"https:\/\/rxcompetition.com\/en\/wp-json\/wp\/v2\/comments?post=35176"}],"wp:featuredmedia":[{"embeddable":true,"href":"https:\/\/rxcompetition.com\/en\/wp-json\/wp\/v2\/media\/36302"}],"wp:attachment":[{"href":"https:\/\/rxcompetition.com\/en\/wp-json\/wp\/v2\/media?parent=35176"}],"wp:term":[{"taxonomy":"product_cat","embeddable":true,"href":"https:\/\/rxcompetition.com\/en\/wp-json\/wp\/v2\/product_cat?post=35176"},{"taxonomy":"product_tag","embeddable":true,"href":"https:\/\/rxcompetition.com\/en\/wp-json\/wp\/v2\/product_tag?post=35176"}],"curies":[{"name":"wp","href":"https:\/\/api.w.org\/{rel}","templated":true}]}}