{"id":35170,"date":"2023-03-04T17:26:29","date_gmt":"2023-03-04T17:26:29","guid":{"rendered":"https:\/\/rxcompetition.com\/?post_type=product&#038;p=35170"},"modified":"2024-11-18T10:18:40","modified_gmt":"2024-11-18T10:18:40","slug":"jalon-dorsal-1-200-mm","status":"publish","type":"product","link":"https:\/\/rxcompetition.com\/en\/product\/jalon-dorsal-1-200-mm\/","title":{"rendered":"CURVED DORSAL 1.200 MM GRIP"},"content":{"rendered":"<p class=\" translation-block\">Our High Lighten Handle is the pulldown grip specially designed for two arm power strength exercises. It is a long bar with lightly curved ends specially for dorsal muscles stimulation. It is machined from chromed steel tube with knurled steel grips in both ends to prevent any bar slippage during strength exercises.<\/p>\n<p>&nbsp;<\/p>\n<p>This grip features a rotating chromed steel center with a \u00d812 mm hole that serves as a pulley connector. The chromed steel frame is extremely solid, machined with double-point welds, making it highly resistant and durable.<\/p>\n<p>&nbsp;<\/p>\n<p class=\" translation-block\">This 1.200 mm long bar offers up to 4 knurled grip delimited areas which offers a very versatile tool for different muscle areas activation such as: Dorsal muscles, Triceps, Biceps and Forearms.<\/p>\n<p>&nbsp;<\/p>\n<p>This pulley grip bar is one of the \u201cHoly Grails\u201d that cannot be missed in Gym\u00b4s.<\/p>\n<p>&nbsp;<\/p>\n<p><strong>THE PRICE IS PER UNIT<\/strong><\/p>","protected":false},"excerpt":{"rendered":"<p><strong>SPECIFICATIONS<\/strong><\/p>\n<p>&nbsp;<\/p>\n<p class=\" translation-block\">Brand: RX Competition<\/p>\n<p class=\" translation-block\">Usage: Bodybuilding<\/p>\n<p class=\" translation-block\">Benefits: Perfect for Dorsal, Triceps, Biceps and Forearms muscles activation<\/p>\n<p>Grip material: Chromed steel<\/p>\n<p>Handle material: Knurled chromed steel<\/p>\n<p>Handle diameter: \u00d833 mm<\/p>\n<p>Overall length: 1.200 mm<\/p>\n<p>Overall height: 100 mm<\/p>\n<p>Overall width: 35 mm<\/p>\n<p>Weight: 5,04 kg<\/p>\n<p>Maximum load capacity: 200 kg<\/p>\n<p>Material warranty: 2 years<\/p>\n<p>&nbsp;<\/p>\n<p><strong>*REAL PICTURES<\/strong><\/p>","protected":false},"featured_media":38001,"comment_status":"open","ping_status":"closed","template":"","meta":{"inline_featured_image":false},"product_cat":[294,204],"product_tag":[],"class_list":{"0":"post-35170","1":"product","2":"type-product","3":"status-publish","4":"has-post-thumbnail","6":"product_cat-agarres-accesorios","7":"product_cat-bodybuilding","10":"first","11":"instock","12":"taxable","13":"shipping-taxable","14":"purchasable","15":"product-type-simple"},"yoast_head":"<!-- This site is optimized with the Yoast SEO plugin v23.2 - https:\/\/yoast.com\/wordpress\/plugins\/seo\/ -->\n<title>CURVED DORSAL 1.200 MM GRIP - RX Competition<\/title>\n<meta name=\"robots\" content=\"index, follow, max-snippet:-1, max-image-preview:large, max-video-preview:-1\" \/>\n<link rel=\"canonical\" href=\"https:\/\/rxcompetition.com\/en\/product\/jalon-dorsal-1-200-mm\/\" \/>\n<meta property=\"og:locale\" content=\"en_US\" \/>\n<meta property=\"og:type\" content=\"article\" \/>\n<meta property=\"og:title\" content=\"CURVED DORSAL 1.200 MM GRIP - RX Competition\" \/>\n<meta property=\"og:description\" content=\"ESPECIFICACIONES  &nbsp;  Marca: RX Competition  Uso: Bodybuilding  Beneficios: Ideal para desarrollar los m\u00fasculos Dorsales, Tr\u00edceps, B\u00edceps y Antebrazos.  Material del agarre: Acero cromado  Material de los mangos: Acero cromado moleteado  Di\u00e1metro del mango: \u00d833 mm  Longitud total: 1.200 mm  Altura total: 100 mm  Anchura total: 35 mm  Peso: 5,04 kg  Carga m\u00e1xima: 200 kg  Garant\u00eda sobre el material: 2 a\u00f1os  &nbsp;  *IMAGENES REALES\" \/>\n<meta property=\"og:url\" content=\"https:\/\/rxcompetition.com\/en\/product\/jalon-dorsal-1-200-mm\/\" \/>\n<meta property=\"og:site_name\" content=\"RX Competition\" \/>\n<meta property=\"article:modified_time\" content=\"2024-11-18T10:18:40+00:00\" \/>\n<meta property=\"og:image\" content=\"https:\/\/rxcompetition.com\/wp-content\/uploads\/2023\/03\/Barra-dorsal-1200.png\" \/>\n\t<meta property=\"og:image:width\" content=\"1416\" \/>\n\t<meta property=\"og:image:height\" content=\"672\" \/>\n\t<meta property=\"og:image:type\" content=\"image\/png\" \/>\n<meta name=\"twitter:card\" content=\"summary_large_image\" \/>\n<meta name=\"twitter:label1\" content=\"Est. reading time\" \/>\n\t<meta name=\"twitter:data1\" content=\"1 minute\" \/>\n<script type=\"application\/ld+json\" class=\"yoast-schema-graph\">{\"@context\":\"https:\/\/schema.org\",\"@graph\":[{\"@type\":\"WebPage\",\"@id\":\"https:\/\/rxcompetition.com\/product\/jalon-dorsal-1-200-mm\/\",\"url\":\"https:\/\/rxcompetition.com\/product\/jalon-dorsal-1-200-mm\/\",\"name\":\"CURVED DORSAL 1.200 MM GRIP - RX Competition\",\"isPartOf\":{\"@id\":\"https:\/\/rxcompetition.com\/#website\"},\"primaryImageOfPage\":{\"@id\":\"https:\/\/rxcompetition.com\/product\/jalon-dorsal-1-200-mm\/#primaryimage\"},\"image\":{\"@id\":\"https:\/\/rxcompetition.com\/product\/jalon-dorsal-1-200-mm\/#primaryimage\"},\"thumbnailUrl\":\"https:\/\/rxcompetition.com\/wp-content\/uploads\/2023\/03\/Barra-dorsal-1200.png\",\"datePublished\":\"2023-03-04T17:26:29+00:00\",\"dateModified\":\"2024-11-18T10:18:40+00:00\",\"breadcrumb\":{\"@id\":\"https:\/\/rxcompetition.com\/product\/jalon-dorsal-1-200-mm\/#breadcrumb\"},\"inLanguage\":\"en-US\",\"potentialAction\":[{\"@type\":\"ReadAction\",\"target\":[\"https:\/\/rxcompetition.com\/product\/jalon-dorsal-1-200-mm\/\"]}]},{\"@type\":\"ImageObject\",\"inLanguage\":\"en-US\",\"@id\":\"https:\/\/rxcompetition.com\/product\/jalon-dorsal-1-200-mm\/#primaryimage\",\"url\":\"https:\/\/rxcompetition.com\/wp-content\/uploads\/2023\/03\/Barra-dorsal-1200.png\",\"contentUrl\":\"https:\/\/rxcompetition.com\/wp-content\/uploads\/2023\/03\/Barra-dorsal-1200.png\",\"width\":1416,\"height\":672},{\"@type\":\"BreadcrumbList\",\"@id\":\"https:\/\/rxcompetition.com\/product\/jalon-dorsal-1-200-mm\/#breadcrumb\",\"itemListElement\":[{\"@type\":\"ListItem\",\"position\":1,\"name\":\"Inicio\",\"item\":\"https:\/\/rxcompetition.com\/\"},{\"@type\":\"ListItem\",\"position\":2,\"name\":\"Tienda\",\"item\":\"https:\/\/rxcompetition.com\/tienda\/\"},{\"@type\":\"ListItem\",\"position\":3,\"name\":\"CURVED DORSAL 1.200 MM GRIP\"}]},{\"@type\":\"WebSite\",\"@id\":\"https:\/\/rxcompetition.com\/#website\",\"url\":\"https:\/\/rxcompetition.com\/\",\"name\":\"RX Competition\",\"description\":\"\",\"publisher\":{\"@id\":\"https:\/\/rxcompetition.com\/#organization\"},\"potentialAction\":[{\"@type\":\"SearchAction\",\"target\":{\"@type\":\"EntryPoint\",\"urlTemplate\":\"https:\/\/rxcompetition.com\/?s={search_term_string}\"},\"query-input\":\"required name=search_term_string\"}],\"inLanguage\":\"en-US\"},{\"@type\":\"Organization\",\"@id\":\"https:\/\/rxcompetition.com\/#organization\",\"name\":\"RX Competition\",\"url\":\"https:\/\/rxcompetition.com\/\",\"logo\":{\"@type\":\"ImageObject\",\"inLanguage\":\"en-US\",\"@id\":\"https:\/\/rxcompetition.com\/#\/schema\/logo\/image\/\",\"url\":\"https:\/\/rxcompetition.com\/wp-content\/uploads\/2023\/04\/LOGO-RX-PROGRAMA.png\",\"contentUrl\":\"https:\/\/rxcompetition.com\/wp-content\/uploads\/2023\/04\/LOGO-RX-PROGRAMA.png\",\"width\":1416,\"height\":672,\"caption\":\"RX Competition\"},\"image\":{\"@id\":\"https:\/\/rxcompetition.com\/#\/schema\/logo\/image\/\"}}]}<\/script>\n<!-- \/ Yoast SEO plugin. -->","yoast_head_json":{"title":"CURVED DORSAL 1.200 MM GRIP - RX Competition","robots":{"index":"index","follow":"follow","max-snippet":"max-snippet:-1","max-image-preview":"max-image-preview:large","max-video-preview":"max-video-preview:-1"},"canonical":"https:\/\/rxcompetition.com\/en\/product\/jalon-dorsal-1-200-mm\/","og_locale":"en_US","og_type":"article","og_title":"CURVED DORSAL 1.200 MM GRIP - RX Competition","og_description":"ESPECIFICACIONES  &nbsp;  Marca: RX Competition  Uso: Bodybuilding  Beneficios: Ideal para desarrollar los m\u00fasculos Dorsales, Tr\u00edceps, B\u00edceps y Antebrazos.  Material del agarre: Acero cromado  Material de los mangos: Acero cromado moleteado  Di\u00e1metro del mango: \u00d833 mm  Longitud total: 1.200 mm  Altura total: 100 mm  Anchura total: 35 mm  Peso: 5,04 kg  Carga m\u00e1xima: 200 kg  Garant\u00eda sobre el material: 2 a\u00f1os  &nbsp;  *IMAGENES REALES","og_url":"https:\/\/rxcompetition.com\/en\/product\/jalon-dorsal-1-200-mm\/","og_site_name":"RX Competition","article_modified_time":"2024-11-18T10:18:40+00:00","og_image":[{"width":1416,"height":672,"url":"https:\/\/rxcompetition.com\/wp-content\/uploads\/2023\/03\/Barra-dorsal-1200.png","type":"image\/png"}],"twitter_card":"summary_large_image","twitter_misc":{"Est. reading time":"1 minute"},"schema":{"@context":"https:\/\/schema.org","@graph":[{"@type":"WebPage","@id":"https:\/\/rxcompetition.com\/product\/jalon-dorsal-1-200-mm\/","url":"https:\/\/rxcompetition.com\/product\/jalon-dorsal-1-200-mm\/","name":"CURVED DORSAL 1.200 MM GRIP - RX Competition","isPartOf":{"@id":"https:\/\/rxcompetition.com\/#website"},"primaryImageOfPage":{"@id":"https:\/\/rxcompetition.com\/product\/jalon-dorsal-1-200-mm\/#primaryimage"},"image":{"@id":"https:\/\/rxcompetition.com\/product\/jalon-dorsal-1-200-mm\/#primaryimage"},"thumbnailUrl":"https:\/\/rxcompetition.com\/wp-content\/uploads\/2023\/03\/Barra-dorsal-1200.png","datePublished":"2023-03-04T17:26:29+00:00","dateModified":"2024-11-18T10:18:40+00:00","breadcrumb":{"@id":"https:\/\/rxcompetition.com\/product\/jalon-dorsal-1-200-mm\/#breadcrumb"},"inLanguage":"en-US","potentialAction":[{"@type":"ReadAction","target":["https:\/\/rxcompetition.com\/product\/jalon-dorsal-1-200-mm\/"]}]},{"@type":"ImageObject","inLanguage":"en-US","@id":"https:\/\/rxcompetition.com\/product\/jalon-dorsal-1-200-mm\/#primaryimage","url":"https:\/\/rxcompetition.com\/wp-content\/uploads\/2023\/03\/Barra-dorsal-1200.png","contentUrl":"https:\/\/rxcompetition.com\/wp-content\/uploads\/2023\/03\/Barra-dorsal-1200.png","width":1416,"height":672},{"@type":"BreadcrumbList","@id":"https:\/\/rxcompetition.com\/product\/jalon-dorsal-1-200-mm\/#breadcrumb","itemListElement":[{"@type":"ListItem","position":1,"name":"Inicio","item":"https:\/\/rxcompetition.com\/"},{"@type":"ListItem","position":2,"name":"Tienda","item":"https:\/\/rxcompetition.com\/tienda\/"},{"@type":"ListItem","position":3,"name":"CURVED DORSAL 1.200 MM GRIP"}]},{"@type":"WebSite","@id":"https:\/\/rxcompetition.com\/#website","url":"https:\/\/rxcompetition.com\/","name":"RX Competition","description":"","publisher":{"@id":"https:\/\/rxcompetition.com\/#organization"},"potentialAction":[{"@type":"SearchAction","target":{"@type":"EntryPoint","urlTemplate":"https:\/\/rxcompetition.com\/?s={search_term_string}"},"query-input":"required name=search_term_string"}],"inLanguage":"en-US"},{"@type":"Organization","@id":"https:\/\/rxcompetition.com\/#organization","name":"RX Competition","url":"https:\/\/rxcompetition.com\/","logo":{"@type":"ImageObject","inLanguage":"en-US","@id":"https:\/\/rxcompetition.com\/#\/schema\/logo\/image\/","url":"https:\/\/rxcompetition.com\/wp-content\/uploads\/2023\/04\/LOGO-RX-PROGRAMA.png","contentUrl":"https:\/\/rxcompetition.com\/wp-content\/uploads\/2023\/04\/LOGO-RX-PROGRAMA.png","width":1416,"height":672,"caption":"RX Competition"},"image":{"@id":"https:\/\/rxcompetition.com\/#\/schema\/logo\/image\/"}}]}},"jetpack_sharing_enabled":true,"_links":{"self":[{"href":"https:\/\/rxcompetition.com\/en\/wp-json\/wp\/v2\/product\/35170","targetHints":{"allow":["GET"]}}],"collection":[{"href":"https:\/\/rxcompetition.com\/en\/wp-json\/wp\/v2\/product"}],"about":[{"href":"https:\/\/rxcompetition.com\/en\/wp-json\/wp\/v2\/types\/product"}],"replies":[{"embeddable":true,"href":"https:\/\/rxcompetition.com\/en\/wp-json\/wp\/v2\/comments?post=35170"}],"wp:featuredmedia":[{"embeddable":true,"href":"https:\/\/rxcompetition.com\/en\/wp-json\/wp\/v2\/media\/38001"}],"wp:attachment":[{"href":"https:\/\/rxcompetition.com\/en\/wp-json\/wp\/v2\/media?parent=35170"}],"wp:term":[{"taxonomy":"product_cat","embeddable":true,"href":"https:\/\/rxcompetition.com\/en\/wp-json\/wp\/v2\/product_cat?post=35170"},{"taxonomy":"product_tag","embeddable":true,"href":"https:\/\/rxcompetition.com\/en\/wp-json\/wp\/v2\/product_tag?post=35170"}],"curies":[{"name":"wp","href":"https:\/\/api.w.org\/{rel}","templated":true}]}}