{"id":35168,"date":"2023-03-04T17:23:18","date_gmt":"2023-03-04T17:23:18","guid":{"rendered":"https:\/\/rxcompetition.com\/?post_type=product&#038;p=35168"},"modified":"2024-04-27T15:12:53","modified_gmt":"2024-04-27T15:12:53","slug":"triceps-v","status":"publish","type":"product","link":"https:\/\/rxcompetition.com\/en\/product\/triceps-v\/","title":{"rendered":"TRICEPS V GRIP"},"content":{"rendered":"<p class=\" translation-block\">Our Triceps V Handle is our \"V\" grip for two-arm power exercises. It is a V-shaped grip system specially designed to target the Triceps muscles. It is machined from solid steel and features a welded steel flange on each end that acts as a non-slip stopper. The two knurled grip areas are diamond medium texture finished, allowing for a firmer and more comfortable grip.<\/p>\n<p>&nbsp;<\/p>\n<p>This grip features a chromed steel connector in the center with a \u00d812 mm hole that serves as a pulley connector. The chromed steel frame is extremely solid, machined with double-point welds, making it highly resistant and durable.<\/p>\n<p>&nbsp;<\/p>\n<p class=\" translation-block\">This grip is a must-have in your gym to directly target your external Triceps muscles. By inverting this grip and changing the movement dynamics upwards, it can also be used as a tool for developing the Biceps muscles.<\/p>\n<p>&nbsp;<\/p>\n<p><strong>THE PRICE IS PER UNIT<\/strong><\/p>","protected":false},"excerpt":{"rendered":"<p><strong>SPECIFICATIONS<\/strong><\/p>\n<p>&nbsp;<\/p>\n<p class=\" translation-block\">Brand: RX Competition<\/p>\n<p class=\" translation-block\">Usage: Bodybuilding<\/p>\n<p class=\" translation-block\">Benefits: Perfect for Triceps and Biceps muscles activation<\/p>\n<p>Grip material: Chromed steel<\/p>\n<p>Handle material: Knurled chromed steel<\/p>\n<p>Handle diameter: \u00d833 mm<\/p>\n<p>Overall length: 300 mm<\/p>\n<p>Overall height: 210 mm<\/p>\n<p>Overall width: 75 mm<\/p>\n<p>Weight: 1,8 kg<\/p>\n<p>Maximum load capacity: 200 kg<\/p>\n<p>Material warranty: 2 years<\/p>\n<p>&nbsp;<\/p>\n<p><strong>*REAL PICTURES<\/strong><\/p>","protected":false},"featured_media":38005,"comment_status":"open","ping_status":"closed","template":"","meta":{"inline_featured_image":false},"product_cat":[294,204],"product_tag":[],"class_list":{"0":"post-35168","1":"product","2":"type-product","3":"status-publish","4":"has-post-thumbnail","6":"product_cat-agarres-accesorios","7":"product_cat-bodybuilding","10":"first","11":"instock","12":"taxable","13":"shipping-taxable","14":"purchasable","15":"product-type-simple"},"yoast_head":"<!-- This site is optimized with the Yoast SEO plugin v23.2 - https:\/\/yoast.com\/wordpress\/plugins\/seo\/ -->\n<title>TRICEPS V GRIP - RX Competition<\/title>\n<meta name=\"robots\" content=\"index, follow, max-snippet:-1, max-image-preview:large, max-video-preview:-1\" \/>\n<link rel=\"canonical\" href=\"https:\/\/rxcompetition.com\/en\/product\/triceps-v\/\" \/>\n<meta property=\"og:locale\" content=\"en_US\" \/>\n<meta property=\"og:type\" content=\"article\" \/>\n<meta property=\"og:title\" content=\"TRICEPS V GRIP - RX Competition\" \/>\n<meta property=\"og:description\" content=\"ESPECIFICACIONES  &nbsp;  Marca: RX Competition  Uso: Bodybuilding  Beneficios: Ideal para desarrollar los m\u00fasculos Tr\u00edceps externos y los m\u00fasculos B\u00edceps.  Material del agarre: Acero cromado  Material de los mangos: Acero cromado moleteado  Di\u00e1metro de los mangos: \u00d833 mm  Longitud total: 300 mm  Altura total: 210 mm  Anchura total: 75 mm  Peso: 1,8 kg  Carga m\u00e1xima: 200 kg  Garant\u00eda sobre el material: 2 a\u00f1os  &nbsp;  *IMAGENES REALES\" \/>\n<meta property=\"og:url\" content=\"https:\/\/rxcompetition.com\/en\/product\/triceps-v\/\" \/>\n<meta property=\"og:site_name\" content=\"RX Competition\" \/>\n<meta property=\"article:modified_time\" content=\"2024-04-27T15:12:53+00:00\" \/>\n<meta property=\"og:image\" content=\"https:\/\/rxcompetition.com\/wp-content\/uploads\/2023\/03\/AGARRE-TRICEPS-V-1.jpg\" \/>\n\t<meta property=\"og:image:width\" content=\"568\" \/>\n\t<meta property=\"og:image:height\" content=\"348\" \/>\n\t<meta property=\"og:image:type\" content=\"image\/jpeg\" \/>\n<meta name=\"twitter:card\" content=\"summary_large_image\" \/>\n<meta name=\"twitter:label1\" content=\"Est. reading time\" \/>\n\t<meta name=\"twitter:data1\" content=\"1 minute\" \/>\n<script type=\"application\/ld+json\" class=\"yoast-schema-graph\">{\"@context\":\"https:\/\/schema.org\",\"@graph\":[{\"@type\":\"WebPage\",\"@id\":\"https:\/\/rxcompetition.com\/product\/triceps-v\/\",\"url\":\"https:\/\/rxcompetition.com\/product\/triceps-v\/\",\"name\":\"TRICEPS V GRIP - RX Competition\",\"isPartOf\":{\"@id\":\"https:\/\/rxcompetition.com\/#website\"},\"primaryImageOfPage\":{\"@id\":\"https:\/\/rxcompetition.com\/product\/triceps-v\/#primaryimage\"},\"image\":{\"@id\":\"https:\/\/rxcompetition.com\/product\/triceps-v\/#primaryimage\"},\"thumbnailUrl\":\"https:\/\/rxcompetition.com\/wp-content\/uploads\/2023\/03\/AGARRE-TRICEPS-V-1.jpg\",\"datePublished\":\"2023-03-04T17:23:18+00:00\",\"dateModified\":\"2024-04-27T15:12:53+00:00\",\"breadcrumb\":{\"@id\":\"https:\/\/rxcompetition.com\/product\/triceps-v\/#breadcrumb\"},\"inLanguage\":\"en-US\",\"potentialAction\":[{\"@type\":\"ReadAction\",\"target\":[\"https:\/\/rxcompetition.com\/product\/triceps-v\/\"]}]},{\"@type\":\"ImageObject\",\"inLanguage\":\"en-US\",\"@id\":\"https:\/\/rxcompetition.com\/product\/triceps-v\/#primaryimage\",\"url\":\"https:\/\/rxcompetition.com\/wp-content\/uploads\/2023\/03\/AGARRE-TRICEPS-V-1.jpg\",\"contentUrl\":\"https:\/\/rxcompetition.com\/wp-content\/uploads\/2023\/03\/AGARRE-TRICEPS-V-1.jpg\",\"width\":568,\"height\":348},{\"@type\":\"BreadcrumbList\",\"@id\":\"https:\/\/rxcompetition.com\/product\/triceps-v\/#breadcrumb\",\"itemListElement\":[{\"@type\":\"ListItem\",\"position\":1,\"name\":\"Inicio\",\"item\":\"https:\/\/rxcompetition.com\/\"},{\"@type\":\"ListItem\",\"position\":2,\"name\":\"Tienda\",\"item\":\"https:\/\/rxcompetition.com\/tienda\/\"},{\"@type\":\"ListItem\",\"position\":3,\"name\":\"TRICEPS V GRIP\"}]},{\"@type\":\"WebSite\",\"@id\":\"https:\/\/rxcompetition.com\/#website\",\"url\":\"https:\/\/rxcompetition.com\/\",\"name\":\"RX Competition\",\"description\":\"\",\"publisher\":{\"@id\":\"https:\/\/rxcompetition.com\/#organization\"},\"potentialAction\":[{\"@type\":\"SearchAction\",\"target\":{\"@type\":\"EntryPoint\",\"urlTemplate\":\"https:\/\/rxcompetition.com\/?s={search_term_string}\"},\"query-input\":\"required name=search_term_string\"}],\"inLanguage\":\"en-US\"},{\"@type\":\"Organization\",\"@id\":\"https:\/\/rxcompetition.com\/#organization\",\"name\":\"RX Competition\",\"url\":\"https:\/\/rxcompetition.com\/\",\"logo\":{\"@type\":\"ImageObject\",\"inLanguage\":\"en-US\",\"@id\":\"https:\/\/rxcompetition.com\/#\/schema\/logo\/image\/\",\"url\":\"https:\/\/rxcompetition.com\/wp-content\/uploads\/2023\/04\/LOGO-RX-PROGRAMA.png\",\"contentUrl\":\"https:\/\/rxcompetition.com\/wp-content\/uploads\/2023\/04\/LOGO-RX-PROGRAMA.png\",\"width\":1416,\"height\":672,\"caption\":\"RX Competition\"},\"image\":{\"@id\":\"https:\/\/rxcompetition.com\/#\/schema\/logo\/image\/\"}}]}<\/script>\n<!-- \/ Yoast SEO plugin. -->","yoast_head_json":{"title":"TRICEPS V GRIP - RX Competition","robots":{"index":"index","follow":"follow","max-snippet":"max-snippet:-1","max-image-preview":"max-image-preview:large","max-video-preview":"max-video-preview:-1"},"canonical":"https:\/\/rxcompetition.com\/en\/product\/triceps-v\/","og_locale":"en_US","og_type":"article","og_title":"TRICEPS V GRIP - RX Competition","og_description":"ESPECIFICACIONES  &nbsp;  Marca: RX Competition  Uso: Bodybuilding  Beneficios: Ideal para desarrollar los m\u00fasculos Tr\u00edceps externos y los m\u00fasculos B\u00edceps.  Material del agarre: Acero cromado  Material de los mangos: Acero cromado moleteado  Di\u00e1metro de los mangos: \u00d833 mm  Longitud total: 300 mm  Altura total: 210 mm  Anchura total: 75 mm  Peso: 1,8 kg  Carga m\u00e1xima: 200 kg  Garant\u00eda sobre el material: 2 a\u00f1os  &nbsp;  *IMAGENES REALES","og_url":"https:\/\/rxcompetition.com\/en\/product\/triceps-v\/","og_site_name":"RX Competition","article_modified_time":"2024-04-27T15:12:53+00:00","og_image":[{"width":568,"height":348,"url":"https:\/\/rxcompetition.com\/wp-content\/uploads\/2023\/03\/AGARRE-TRICEPS-V-1.jpg","type":"image\/jpeg"}],"twitter_card":"summary_large_image","twitter_misc":{"Est. reading time":"1 minute"},"schema":{"@context":"https:\/\/schema.org","@graph":[{"@type":"WebPage","@id":"https:\/\/rxcompetition.com\/product\/triceps-v\/","url":"https:\/\/rxcompetition.com\/product\/triceps-v\/","name":"TRICEPS V GRIP - RX Competition","isPartOf":{"@id":"https:\/\/rxcompetition.com\/#website"},"primaryImageOfPage":{"@id":"https:\/\/rxcompetition.com\/product\/triceps-v\/#primaryimage"},"image":{"@id":"https:\/\/rxcompetition.com\/product\/triceps-v\/#primaryimage"},"thumbnailUrl":"https:\/\/rxcompetition.com\/wp-content\/uploads\/2023\/03\/AGARRE-TRICEPS-V-1.jpg","datePublished":"2023-03-04T17:23:18+00:00","dateModified":"2024-04-27T15:12:53+00:00","breadcrumb":{"@id":"https:\/\/rxcompetition.com\/product\/triceps-v\/#breadcrumb"},"inLanguage":"en-US","potentialAction":[{"@type":"ReadAction","target":["https:\/\/rxcompetition.com\/product\/triceps-v\/"]}]},{"@type":"ImageObject","inLanguage":"en-US","@id":"https:\/\/rxcompetition.com\/product\/triceps-v\/#primaryimage","url":"https:\/\/rxcompetition.com\/wp-content\/uploads\/2023\/03\/AGARRE-TRICEPS-V-1.jpg","contentUrl":"https:\/\/rxcompetition.com\/wp-content\/uploads\/2023\/03\/AGARRE-TRICEPS-V-1.jpg","width":568,"height":348},{"@type":"BreadcrumbList","@id":"https:\/\/rxcompetition.com\/product\/triceps-v\/#breadcrumb","itemListElement":[{"@type":"ListItem","position":1,"name":"Inicio","item":"https:\/\/rxcompetition.com\/"},{"@type":"ListItem","position":2,"name":"Tienda","item":"https:\/\/rxcompetition.com\/tienda\/"},{"@type":"ListItem","position":3,"name":"TRICEPS V GRIP"}]},{"@type":"WebSite","@id":"https:\/\/rxcompetition.com\/#website","url":"https:\/\/rxcompetition.com\/","name":"RX Competition","description":"","publisher":{"@id":"https:\/\/rxcompetition.com\/#organization"},"potentialAction":[{"@type":"SearchAction","target":{"@type":"EntryPoint","urlTemplate":"https:\/\/rxcompetition.com\/?s={search_term_string}"},"query-input":"required name=search_term_string"}],"inLanguage":"en-US"},{"@type":"Organization","@id":"https:\/\/rxcompetition.com\/#organization","name":"RX Competition","url":"https:\/\/rxcompetition.com\/","logo":{"@type":"ImageObject","inLanguage":"en-US","@id":"https:\/\/rxcompetition.com\/#\/schema\/logo\/image\/","url":"https:\/\/rxcompetition.com\/wp-content\/uploads\/2023\/04\/LOGO-RX-PROGRAMA.png","contentUrl":"https:\/\/rxcompetition.com\/wp-content\/uploads\/2023\/04\/LOGO-RX-PROGRAMA.png","width":1416,"height":672,"caption":"RX Competition"},"image":{"@id":"https:\/\/rxcompetition.com\/#\/schema\/logo\/image\/"}}]}},"jetpack_sharing_enabled":true,"_links":{"self":[{"href":"https:\/\/rxcompetition.com\/en\/wp-json\/wp\/v2\/product\/35168","targetHints":{"allow":["GET"]}}],"collection":[{"href":"https:\/\/rxcompetition.com\/en\/wp-json\/wp\/v2\/product"}],"about":[{"href":"https:\/\/rxcompetition.com\/en\/wp-json\/wp\/v2\/types\/product"}],"replies":[{"embeddable":true,"href":"https:\/\/rxcompetition.com\/en\/wp-json\/wp\/v2\/comments?post=35168"}],"wp:featuredmedia":[{"embeddable":true,"href":"https:\/\/rxcompetition.com\/en\/wp-json\/wp\/v2\/media\/38005"}],"wp:attachment":[{"href":"https:\/\/rxcompetition.com\/en\/wp-json\/wp\/v2\/media?parent=35168"}],"wp:term":[{"taxonomy":"product_cat","embeddable":true,"href":"https:\/\/rxcompetition.com\/en\/wp-json\/wp\/v2\/product_cat?post=35168"},{"taxonomy":"product_tag","embeddable":true,"href":"https:\/\/rxcompetition.com\/en\/wp-json\/wp\/v2\/product_tag?post=35168"}],"curies":[{"name":"wp","href":"https:\/\/api.w.org\/{rel}","templated":true}]}}