{"id":35162,"date":"2023-03-04T17:15:02","date_gmt":"2023-03-04T17:15:02","guid":{"rendered":"https:\/\/rxcompetition.com\/?post_type=product&#038;p=35162"},"modified":"2024-04-27T15:14:08","modified_gmt":"2024-04-27T15:14:08","slug":"cuerda-simple-triceps","status":"publish","type":"product","link":"https:\/\/rxcompetition.com\/en\/product\/cuerda-simple-triceps\/","title":{"rendered":"TRICEPS SINGLE ROPE GRIP"},"content":{"rendered":"<p class=\" translation-block\">Our Single Rope Handle is the simple grip for one-arm power exercises. It is a rope grip system with a rubber non-slip stopper end.<\/p>\n<p>&nbsp;<\/p>\n<p>This grip features a chromed steel ring on the top end that serves as pulley device connector.<\/p>\n<p>&nbsp;<\/p>\n<p class=\" translation-block\">The rope is made of 100% high-quality Nylon, which is extremely dense, resistant, and flexible, allowing for a great range of motion to perform multiple one-arm strength exercises, particularly focused on the Triceps muscles strength.<\/p>\n<p>&nbsp;<\/p>\n<p><strong>THE PRICE IS PER UNIT<\/strong><\/p>","protected":false},"excerpt":{"rendered":"<p><strong>SPECIFICATIONS<\/strong><\/p>\n<p>&nbsp;<\/p>\n<p class=\" translation-block\">Brand: RX Competition<\/p>\n<p class=\" translation-block\">Usage: Bodybuilding<\/p>\n<p class=\" translation-block\">Benefits: Perfect for Triceps muscles activation<\/p>\n<p>Pulley connector material: Chromed Steel<\/p>\n<p class=\" translation-block\">Rope material: 100% Nylon<\/p>\n<p>Stopper material: Rubber gum<\/p>\n<p>Rope diameter: \u00d825 mm<\/p>\n<p>Overall length: 370 mm<\/p>\n<p>Weight: 404 gr<\/p>\n<p>Maximum load capacity: 200 kg<\/p>\n<p>Material warranty: 2 years<\/p>\n<p>&nbsp;<\/p>\n<p><strong>*REAL PICTURES<\/strong><\/p>","protected":false},"featured_media":38004,"comment_status":"open","ping_status":"closed","template":"","meta":{"inline_featured_image":false},"product_cat":[294,204],"product_tag":[],"class_list":{"0":"post-35162","1":"product","2":"type-product","3":"status-publish","4":"has-post-thumbnail","6":"product_cat-agarres-accesorios","7":"product_cat-bodybuilding","10":"first","11":"instock","12":"taxable","13":"shipping-taxable","14":"purchasable","15":"product-type-simple"},"yoast_head":"<!-- This site is optimized with the Yoast SEO plugin v23.2 - https:\/\/yoast.com\/wordpress\/plugins\/seo\/ -->\n<title>TRICEPS SINGLE ROPE GRIP - RX Competition<\/title>\n<meta name=\"robots\" content=\"index, follow, max-snippet:-1, max-image-preview:large, max-video-preview:-1\" \/>\n<link rel=\"canonical\" href=\"https:\/\/rxcompetition.com\/en\/product\/cuerda-simple-triceps\/\" \/>\n<meta property=\"og:locale\" content=\"en_US\" \/>\n<meta property=\"og:type\" content=\"article\" \/>\n<meta property=\"og:title\" content=\"TRICEPS SINGLE ROPE GRIP - RX Competition\" \/>\n<meta property=\"og:description\" content=\"ESPECIFICACIONES  &nbsp;  Marca: RX Competition  Uso: Bodybuilding  Beneficios: Ideal para desarrollar los m\u00fasculos Tr\u00edceps.  Material del conector a polea: Acero cromado  Material de la cuerda: 100% Nylon  Material del tope: Goma de caucho  Di\u00e1metro de la cuerda: \u00d825 mm  Longitud total: 370 mm  Peso: 404 gr  Carga m\u00e1xima: 200 kg  Garant\u00eda sobre el material: 2 a\u00f1os  &nbsp;  *IMAGENES REALES\" \/>\n<meta property=\"og:url\" content=\"https:\/\/rxcompetition.com\/en\/product\/cuerda-simple-triceps\/\" \/>\n<meta property=\"og:site_name\" content=\"RX Competition\" \/>\n<meta property=\"article:modified_time\" content=\"2024-04-27T15:14:08+00:00\" \/>\n<meta property=\"og:image\" content=\"https:\/\/rxcompetition.com\/wp-content\/uploads\/2023\/03\/Single-rope-handle-700x484-1.jpg\" \/>\n\t<meta property=\"og:image:width\" content=\"700\" \/>\n\t<meta property=\"og:image:height\" content=\"484\" \/>\n\t<meta property=\"og:image:type\" content=\"image\/jpeg\" \/>\n<meta name=\"twitter:card\" content=\"summary_large_image\" \/>\n<meta name=\"twitter:label1\" content=\"Est. reading time\" \/>\n\t<meta name=\"twitter:data1\" content=\"1 minute\" \/>\n<script type=\"application\/ld+json\" class=\"yoast-schema-graph\">{\"@context\":\"https:\/\/schema.org\",\"@graph\":[{\"@type\":\"WebPage\",\"@id\":\"https:\/\/rxcompetition.com\/product\/cuerda-simple-triceps\/\",\"url\":\"https:\/\/rxcompetition.com\/product\/cuerda-simple-triceps\/\",\"name\":\"TRICEPS SINGLE ROPE GRIP - RX Competition\",\"isPartOf\":{\"@id\":\"https:\/\/rxcompetition.com\/#website\"},\"primaryImageOfPage\":{\"@id\":\"https:\/\/rxcompetition.com\/product\/cuerda-simple-triceps\/#primaryimage\"},\"image\":{\"@id\":\"https:\/\/rxcompetition.com\/product\/cuerda-simple-triceps\/#primaryimage\"},\"thumbnailUrl\":\"https:\/\/rxcompetition.com\/wp-content\/uploads\/2023\/03\/Single-rope-handle-700x484-1.jpg\",\"datePublished\":\"2023-03-04T17:15:02+00:00\",\"dateModified\":\"2024-04-27T15:14:08+00:00\",\"breadcrumb\":{\"@id\":\"https:\/\/rxcompetition.com\/product\/cuerda-simple-triceps\/#breadcrumb\"},\"inLanguage\":\"en-US\",\"potentialAction\":[{\"@type\":\"ReadAction\",\"target\":[\"https:\/\/rxcompetition.com\/product\/cuerda-simple-triceps\/\"]}]},{\"@type\":\"ImageObject\",\"inLanguage\":\"en-US\",\"@id\":\"https:\/\/rxcompetition.com\/product\/cuerda-simple-triceps\/#primaryimage\",\"url\":\"https:\/\/rxcompetition.com\/wp-content\/uploads\/2023\/03\/Single-rope-handle-700x484-1.jpg\",\"contentUrl\":\"https:\/\/rxcompetition.com\/wp-content\/uploads\/2023\/03\/Single-rope-handle-700x484-1.jpg\",\"width\":700,\"height\":484},{\"@type\":\"BreadcrumbList\",\"@id\":\"https:\/\/rxcompetition.com\/product\/cuerda-simple-triceps\/#breadcrumb\",\"itemListElement\":[{\"@type\":\"ListItem\",\"position\":1,\"name\":\"Inicio\",\"item\":\"https:\/\/rxcompetition.com\/\"},{\"@type\":\"ListItem\",\"position\":2,\"name\":\"Tienda\",\"item\":\"https:\/\/rxcompetition.com\/tienda\/\"},{\"@type\":\"ListItem\",\"position\":3,\"name\":\"TRICEPS SINGLE ROPE GRIP\"}]},{\"@type\":\"WebSite\",\"@id\":\"https:\/\/rxcompetition.com\/#website\",\"url\":\"https:\/\/rxcompetition.com\/\",\"name\":\"RX Competition\",\"description\":\"\",\"publisher\":{\"@id\":\"https:\/\/rxcompetition.com\/#organization\"},\"potentialAction\":[{\"@type\":\"SearchAction\",\"target\":{\"@type\":\"EntryPoint\",\"urlTemplate\":\"https:\/\/rxcompetition.com\/?s={search_term_string}\"},\"query-input\":\"required name=search_term_string\"}],\"inLanguage\":\"en-US\"},{\"@type\":\"Organization\",\"@id\":\"https:\/\/rxcompetition.com\/#organization\",\"name\":\"RX Competition\",\"url\":\"https:\/\/rxcompetition.com\/\",\"logo\":{\"@type\":\"ImageObject\",\"inLanguage\":\"en-US\",\"@id\":\"https:\/\/rxcompetition.com\/#\/schema\/logo\/image\/\",\"url\":\"https:\/\/rxcompetition.com\/wp-content\/uploads\/2023\/04\/LOGO-RX-PROGRAMA.png\",\"contentUrl\":\"https:\/\/rxcompetition.com\/wp-content\/uploads\/2023\/04\/LOGO-RX-PROGRAMA.png\",\"width\":1416,\"height\":672,\"caption\":\"RX Competition\"},\"image\":{\"@id\":\"https:\/\/rxcompetition.com\/#\/schema\/logo\/image\/\"}}]}<\/script>\n<!-- \/ Yoast SEO plugin. -->","yoast_head_json":{"title":"TRICEPS SINGLE ROPE GRIP - RX Competition","robots":{"index":"index","follow":"follow","max-snippet":"max-snippet:-1","max-image-preview":"max-image-preview:large","max-video-preview":"max-video-preview:-1"},"canonical":"https:\/\/rxcompetition.com\/en\/product\/cuerda-simple-triceps\/","og_locale":"en_US","og_type":"article","og_title":"TRICEPS SINGLE ROPE GRIP - RX Competition","og_description":"ESPECIFICACIONES  &nbsp;  Marca: RX Competition  Uso: Bodybuilding  Beneficios: Ideal para desarrollar los m\u00fasculos Tr\u00edceps.  Material del conector a polea: Acero cromado  Material de la cuerda: 100% Nylon  Material del tope: Goma de caucho  Di\u00e1metro de la cuerda: \u00d825 mm  Longitud total: 370 mm  Peso: 404 gr  Carga m\u00e1xima: 200 kg  Garant\u00eda sobre el material: 2 a\u00f1os  &nbsp;  *IMAGENES REALES","og_url":"https:\/\/rxcompetition.com\/en\/product\/cuerda-simple-triceps\/","og_site_name":"RX Competition","article_modified_time":"2024-04-27T15:14:08+00:00","og_image":[{"width":700,"height":484,"url":"https:\/\/rxcompetition.com\/wp-content\/uploads\/2023\/03\/Single-rope-handle-700x484-1.jpg","type":"image\/jpeg"}],"twitter_card":"summary_large_image","twitter_misc":{"Est. reading time":"1 minute"},"schema":{"@context":"https:\/\/schema.org","@graph":[{"@type":"WebPage","@id":"https:\/\/rxcompetition.com\/product\/cuerda-simple-triceps\/","url":"https:\/\/rxcompetition.com\/product\/cuerda-simple-triceps\/","name":"TRICEPS SINGLE ROPE GRIP - RX Competition","isPartOf":{"@id":"https:\/\/rxcompetition.com\/#website"},"primaryImageOfPage":{"@id":"https:\/\/rxcompetition.com\/product\/cuerda-simple-triceps\/#primaryimage"},"image":{"@id":"https:\/\/rxcompetition.com\/product\/cuerda-simple-triceps\/#primaryimage"},"thumbnailUrl":"https:\/\/rxcompetition.com\/wp-content\/uploads\/2023\/03\/Single-rope-handle-700x484-1.jpg","datePublished":"2023-03-04T17:15:02+00:00","dateModified":"2024-04-27T15:14:08+00:00","breadcrumb":{"@id":"https:\/\/rxcompetition.com\/product\/cuerda-simple-triceps\/#breadcrumb"},"inLanguage":"en-US","potentialAction":[{"@type":"ReadAction","target":["https:\/\/rxcompetition.com\/product\/cuerda-simple-triceps\/"]}]},{"@type":"ImageObject","inLanguage":"en-US","@id":"https:\/\/rxcompetition.com\/product\/cuerda-simple-triceps\/#primaryimage","url":"https:\/\/rxcompetition.com\/wp-content\/uploads\/2023\/03\/Single-rope-handle-700x484-1.jpg","contentUrl":"https:\/\/rxcompetition.com\/wp-content\/uploads\/2023\/03\/Single-rope-handle-700x484-1.jpg","width":700,"height":484},{"@type":"BreadcrumbList","@id":"https:\/\/rxcompetition.com\/product\/cuerda-simple-triceps\/#breadcrumb","itemListElement":[{"@type":"ListItem","position":1,"name":"Inicio","item":"https:\/\/rxcompetition.com\/"},{"@type":"ListItem","position":2,"name":"Tienda","item":"https:\/\/rxcompetition.com\/tienda\/"},{"@type":"ListItem","position":3,"name":"TRICEPS SINGLE ROPE GRIP"}]},{"@type":"WebSite","@id":"https:\/\/rxcompetition.com\/#website","url":"https:\/\/rxcompetition.com\/","name":"RX Competition","description":"","publisher":{"@id":"https:\/\/rxcompetition.com\/#organization"},"potentialAction":[{"@type":"SearchAction","target":{"@type":"EntryPoint","urlTemplate":"https:\/\/rxcompetition.com\/?s={search_term_string}"},"query-input":"required name=search_term_string"}],"inLanguage":"en-US"},{"@type":"Organization","@id":"https:\/\/rxcompetition.com\/#organization","name":"RX Competition","url":"https:\/\/rxcompetition.com\/","logo":{"@type":"ImageObject","inLanguage":"en-US","@id":"https:\/\/rxcompetition.com\/#\/schema\/logo\/image\/","url":"https:\/\/rxcompetition.com\/wp-content\/uploads\/2023\/04\/LOGO-RX-PROGRAMA.png","contentUrl":"https:\/\/rxcompetition.com\/wp-content\/uploads\/2023\/04\/LOGO-RX-PROGRAMA.png","width":1416,"height":672,"caption":"RX Competition"},"image":{"@id":"https:\/\/rxcompetition.com\/#\/schema\/logo\/image\/"}}]}},"jetpack_sharing_enabled":true,"_links":{"self":[{"href":"https:\/\/rxcompetition.com\/en\/wp-json\/wp\/v2\/product\/35162","targetHints":{"allow":["GET"]}}],"collection":[{"href":"https:\/\/rxcompetition.com\/en\/wp-json\/wp\/v2\/product"}],"about":[{"href":"https:\/\/rxcompetition.com\/en\/wp-json\/wp\/v2\/types\/product"}],"replies":[{"embeddable":true,"href":"https:\/\/rxcompetition.com\/en\/wp-json\/wp\/v2\/comments?post=35162"}],"wp:featuredmedia":[{"embeddable":true,"href":"https:\/\/rxcompetition.com\/en\/wp-json\/wp\/v2\/media\/38004"}],"wp:attachment":[{"href":"https:\/\/rxcompetition.com\/en\/wp-json\/wp\/v2\/media?parent=35162"}],"wp:term":[{"taxonomy":"product_cat","embeddable":true,"href":"https:\/\/rxcompetition.com\/en\/wp-json\/wp\/v2\/product_cat?post=35162"},{"taxonomy":"product_tag","embeddable":true,"href":"https:\/\/rxcompetition.com\/en\/wp-json\/wp\/v2\/product_tag?post=35162"}],"curies":[{"name":"wp","href":"https:\/\/api.w.org\/{rel}","templated":true}]}}