{"id":35102,"date":"2023-02-26T18:48:08","date_gmt":"2023-02-26T18:48:08","guid":{"rendered":"https:\/\/rxcompetition.com\/?post_type=product&#038;p=35102"},"modified":"2024-05-10T07:14:57","modified_gmt":"2024-05-10T07:14:57","slug":"wall-ball-target-elite","status":"publish","type":"product","link":"https:\/\/rxcompetition.com\/en\/product\/wall-ball-target-elite\/","title":{"rendered":"ELITE WALLBALL TARGET"},"content":{"rendered":"<p class=\" translation-block\">The RX Wall Ball Target is the perfect accessory for Wall Ball training in our Elite structures. It is manufactured with a 80 x 10 mm sheet support with a solid 5 mm thickness. \nThe goal plate sheet is composed by two 600 x 300 mm flat sheets, one is coated with matte black powder paint and the external one is made in aluminum plate featuring our logo. The heights of 2.750 mm and 3.050 mm are marked on the target using laser-cutting.<\/p>\n<p>&nbsp;<\/p>\n<p>Installation is simple and quick, directly screwing it to the 2.750 mm upright column (holes marked with a laser-cut arrow on the structure itself). The assembly is perfectly fixed and positioned to the millimeter at the standardized heights of 3.050 mm for men and 2.750 mm for women from the ground.<\/p>\n<p>&nbsp;<\/p>\n<p>This structure is manufactured and machined in Spain under the strictest quality controls. For these reasons, we can guarantee high-quality finishes in terms of laser cuts and coating.<\/p>\n<p>&nbsp;<\/p>\n<p class=\" translation-block\">This setup allows for exercising the entire lower body as well as part of the upper body through Wall Ball practice.<\/p>\n<p>&nbsp;<\/p>\n<p><strong>THE PRICE IS FOR THE WHOLE SET<\/strong><\/p>","protected":false},"excerpt":{"rendered":"<p><strong>SPECIFICATIONS<\/strong><\/p>\n<p>&nbsp;<\/p>\n<p class=\" translation-block\">Brand: RX Competition<\/p>\n<p>Manufactured in Spain<\/p>\n<p class=\" translation-block\">Usage: Wallball<\/p>\n<p>Material: Powder coated black steel<\/p>\n<p>Support: 80mm flat profile<\/p>\n<p>Support flat profile thickness: 5 mm<\/p>\n<p>Support flat profile dimensions: 80 x 647 x 5 mm<\/p>\n<p>Steel plate dimensions: 300 x 600 mm<\/p>\n<p>Steel plate thickness: 5 mm<\/p>\n<p>Aluminum plate dimensions: 300 x 600 mm<\/p>\n<p>Aluminum plate thickness: 2 mm<\/p>\n<p>Total height: 746 mm<\/p>\n<p>Whole set weight: 7 kg<\/p>\n<p>Material warranty: 2 years<\/p>\n<p>Coating warranty: 2 years<\/p>\n<p>&nbsp;<\/p>\n<p><strong>*REAL PICTURES<\/strong><\/p>","protected":false},"featured_media":37491,"comment_status":"closed","ping_status":"closed","template":"","meta":{"inline_featured_image":false},"product_cat":[303,146,158,165,168],"product_tag":[],"class_list":{"0":"post-35102","1":"product","2":"type-product","3":"status-publish","4":"has-post-thumbnail","6":"product_cat-elite-accesorios","7":"product_cat-rigs-racks","8":"product_cat-rigs-racks-elite","9":"product_cat-elite-rigs","10":"product_cat-hardware-rigs","13":"first","14":"instock","15":"taxable","16":"shipping-taxable","17":"purchasable","18":"product-type-simple"},"yoast_head":"<!-- This site is optimized with the Yoast SEO plugin v23.2 - https:\/\/yoast.com\/wordpress\/plugins\/seo\/ -->\n<title>ELITE WALLBALL TARGET - RX Competition<\/title>\n<meta name=\"robots\" content=\"index, follow, max-snippet:-1, max-image-preview:large, max-video-preview:-1\" \/>\n<link rel=\"canonical\" href=\"https:\/\/rxcompetition.com\/en\/product\/wall-ball-target-elite\/\" \/>\n<meta property=\"og:locale\" content=\"en_US\" \/>\n<meta property=\"og:type\" content=\"article\" \/>\n<meta property=\"og:title\" content=\"ELITE WALLBALL TARGET - RX Competition\" \/>\n<meta property=\"og:description\" content=\"ESPECIFICACIONES  &nbsp;  Marca: RX Competition  Fabricado en Espa\u00f1a  Uso: Wallball  Material: Acero recubierto de pintura en polvo color negro  Soporte: Pasamano de 80 mm  Espesor del pasamano soporte: 5 mm  Dimensiones del soporte: 80 x 647 x 5 mm  Dimensiones de la plancha de acero: 300 x 600 mm  Espesor de la plancha de acero: 5 mm  Dimensiones de la plancha de aluminio: 300 x 600 mm  Espesor de la plancha de aluminio: 2 mm  Altura total: 746 mm  Peso del conjunto: 7 kg  Garant\u00eda sobre el material: 2 a\u00f1os  Garant\u00eda sobre el recubrimiento: 2 a\u00f1os  &nbsp;  *IMAGENES REALES\" \/>\n<meta property=\"og:url\" content=\"https:\/\/rxcompetition.com\/en\/product\/wall-ball-target-elite\/\" \/>\n<meta property=\"og:site_name\" content=\"RX Competition\" \/>\n<meta property=\"article:modified_time\" content=\"2024-05-10T07:14:57+00:00\" \/>\n<meta property=\"og:image\" content=\"https:\/\/rxcompetition.com\/wp-content\/uploads\/2023\/02\/POI_006-1-scaled.jpg\" \/>\n\t<meta property=\"og:image:width\" content=\"2560\" \/>\n\t<meta property=\"og:image:height\" content=\"1707\" \/>\n\t<meta property=\"og:image:type\" content=\"image\/jpeg\" \/>\n<meta name=\"twitter:card\" content=\"summary_large_image\" \/>\n<meta name=\"twitter:label1\" content=\"Est. reading time\" \/>\n\t<meta name=\"twitter:data1\" content=\"1 minute\" \/>\n<script type=\"application\/ld+json\" class=\"yoast-schema-graph\">{\"@context\":\"https:\/\/schema.org\",\"@graph\":[{\"@type\":\"WebPage\",\"@id\":\"https:\/\/rxcompetition.com\/product\/wall-ball-target-elite\/\",\"url\":\"https:\/\/rxcompetition.com\/product\/wall-ball-target-elite\/\",\"name\":\"ELITE WALLBALL TARGET - RX Competition\",\"isPartOf\":{\"@id\":\"https:\/\/rxcompetition.com\/#website\"},\"primaryImageOfPage\":{\"@id\":\"https:\/\/rxcompetition.com\/product\/wall-ball-target-elite\/#primaryimage\"},\"image\":{\"@id\":\"https:\/\/rxcompetition.com\/product\/wall-ball-target-elite\/#primaryimage\"},\"thumbnailUrl\":\"https:\/\/rxcompetition.com\/wp-content\/uploads\/2023\/02\/POI_006-1-scaled.jpg\",\"datePublished\":\"2023-02-26T18:48:08+00:00\",\"dateModified\":\"2024-05-10T07:14:57+00:00\",\"breadcrumb\":{\"@id\":\"https:\/\/rxcompetition.com\/product\/wall-ball-target-elite\/#breadcrumb\"},\"inLanguage\":\"en-US\",\"potentialAction\":[{\"@type\":\"ReadAction\",\"target\":[\"https:\/\/rxcompetition.com\/product\/wall-ball-target-elite\/\"]}]},{\"@type\":\"ImageObject\",\"inLanguage\":\"en-US\",\"@id\":\"https:\/\/rxcompetition.com\/product\/wall-ball-target-elite\/#primaryimage\",\"url\":\"https:\/\/rxcompetition.com\/wp-content\/uploads\/2023\/02\/POI_006-1-scaled.jpg\",\"contentUrl\":\"https:\/\/rxcompetition.com\/wp-content\/uploads\/2023\/02\/POI_006-1-scaled.jpg\",\"width\":2560,\"height\":1707},{\"@type\":\"BreadcrumbList\",\"@id\":\"https:\/\/rxcompetition.com\/product\/wall-ball-target-elite\/#breadcrumb\",\"itemListElement\":[{\"@type\":\"ListItem\",\"position\":1,\"name\":\"Inicio\",\"item\":\"https:\/\/rxcompetition.com\/\"},{\"@type\":\"ListItem\",\"position\":2,\"name\":\"Tienda\",\"item\":\"https:\/\/rxcompetition.com\/tienda\/\"},{\"@type\":\"ListItem\",\"position\":3,\"name\":\"ELITE WALLBALL TARGET\"}]},{\"@type\":\"WebSite\",\"@id\":\"https:\/\/rxcompetition.com\/#website\",\"url\":\"https:\/\/rxcompetition.com\/\",\"name\":\"RX Competition\",\"description\":\"\",\"publisher\":{\"@id\":\"https:\/\/rxcompetition.com\/#organization\"},\"potentialAction\":[{\"@type\":\"SearchAction\",\"target\":{\"@type\":\"EntryPoint\",\"urlTemplate\":\"https:\/\/rxcompetition.com\/?s={search_term_string}\"},\"query-input\":\"required name=search_term_string\"}],\"inLanguage\":\"en-US\"},{\"@type\":\"Organization\",\"@id\":\"https:\/\/rxcompetition.com\/#organization\",\"name\":\"RX Competition\",\"url\":\"https:\/\/rxcompetition.com\/\",\"logo\":{\"@type\":\"ImageObject\",\"inLanguage\":\"en-US\",\"@id\":\"https:\/\/rxcompetition.com\/#\/schema\/logo\/image\/\",\"url\":\"https:\/\/rxcompetition.com\/wp-content\/uploads\/2023\/04\/LOGO-RX-PROGRAMA.png\",\"contentUrl\":\"https:\/\/rxcompetition.com\/wp-content\/uploads\/2023\/04\/LOGO-RX-PROGRAMA.png\",\"width\":1416,\"height\":672,\"caption\":\"RX Competition\"},\"image\":{\"@id\":\"https:\/\/rxcompetition.com\/#\/schema\/logo\/image\/\"}}]}<\/script>\n<!-- \/ Yoast SEO plugin. -->","yoast_head_json":{"title":"ELITE WALLBALL TARGET - RX Competition","robots":{"index":"index","follow":"follow","max-snippet":"max-snippet:-1","max-image-preview":"max-image-preview:large","max-video-preview":"max-video-preview:-1"},"canonical":"https:\/\/rxcompetition.com\/en\/product\/wall-ball-target-elite\/","og_locale":"en_US","og_type":"article","og_title":"ELITE WALLBALL TARGET - RX Competition","og_description":"ESPECIFICACIONES  &nbsp;  Marca: RX Competition  Fabricado en Espa\u00f1a  Uso: Wallball  Material: Acero recubierto de pintura en polvo color negro  Soporte: Pasamano de 80 mm  Espesor del pasamano soporte: 5 mm  Dimensiones del soporte: 80 x 647 x 5 mm  Dimensiones de la plancha de acero: 300 x 600 mm  Espesor de la plancha de acero: 5 mm  Dimensiones de la plancha de aluminio: 300 x 600 mm  Espesor de la plancha de aluminio: 2 mm  Altura total: 746 mm  Peso del conjunto: 7 kg  Garant\u00eda sobre el material: 2 a\u00f1os  Garant\u00eda sobre el recubrimiento: 2 a\u00f1os  &nbsp;  *IMAGENES REALES","og_url":"https:\/\/rxcompetition.com\/en\/product\/wall-ball-target-elite\/","og_site_name":"RX Competition","article_modified_time":"2024-05-10T07:14:57+00:00","og_image":[{"width":2560,"height":1707,"url":"https:\/\/rxcompetition.com\/wp-content\/uploads\/2023\/02\/POI_006-1-scaled.jpg","type":"image\/jpeg"}],"twitter_card":"summary_large_image","twitter_misc":{"Est. reading time":"1 minute"},"schema":{"@context":"https:\/\/schema.org","@graph":[{"@type":"WebPage","@id":"https:\/\/rxcompetition.com\/product\/wall-ball-target-elite\/","url":"https:\/\/rxcompetition.com\/product\/wall-ball-target-elite\/","name":"ELITE WALLBALL TARGET - RX Competition","isPartOf":{"@id":"https:\/\/rxcompetition.com\/#website"},"primaryImageOfPage":{"@id":"https:\/\/rxcompetition.com\/product\/wall-ball-target-elite\/#primaryimage"},"image":{"@id":"https:\/\/rxcompetition.com\/product\/wall-ball-target-elite\/#primaryimage"},"thumbnailUrl":"https:\/\/rxcompetition.com\/wp-content\/uploads\/2023\/02\/POI_006-1-scaled.jpg","datePublished":"2023-02-26T18:48:08+00:00","dateModified":"2024-05-10T07:14:57+00:00","breadcrumb":{"@id":"https:\/\/rxcompetition.com\/product\/wall-ball-target-elite\/#breadcrumb"},"inLanguage":"en-US","potentialAction":[{"@type":"ReadAction","target":["https:\/\/rxcompetition.com\/product\/wall-ball-target-elite\/"]}]},{"@type":"ImageObject","inLanguage":"en-US","@id":"https:\/\/rxcompetition.com\/product\/wall-ball-target-elite\/#primaryimage","url":"https:\/\/rxcompetition.com\/wp-content\/uploads\/2023\/02\/POI_006-1-scaled.jpg","contentUrl":"https:\/\/rxcompetition.com\/wp-content\/uploads\/2023\/02\/POI_006-1-scaled.jpg","width":2560,"height":1707},{"@type":"BreadcrumbList","@id":"https:\/\/rxcompetition.com\/product\/wall-ball-target-elite\/#breadcrumb","itemListElement":[{"@type":"ListItem","position":1,"name":"Inicio","item":"https:\/\/rxcompetition.com\/"},{"@type":"ListItem","position":2,"name":"Tienda","item":"https:\/\/rxcompetition.com\/tienda\/"},{"@type":"ListItem","position":3,"name":"ELITE WALLBALL TARGET"}]},{"@type":"WebSite","@id":"https:\/\/rxcompetition.com\/#website","url":"https:\/\/rxcompetition.com\/","name":"RX Competition","description":"","publisher":{"@id":"https:\/\/rxcompetition.com\/#organization"},"potentialAction":[{"@type":"SearchAction","target":{"@type":"EntryPoint","urlTemplate":"https:\/\/rxcompetition.com\/?s={search_term_string}"},"query-input":"required name=search_term_string"}],"inLanguage":"en-US"},{"@type":"Organization","@id":"https:\/\/rxcompetition.com\/#organization","name":"RX Competition","url":"https:\/\/rxcompetition.com\/","logo":{"@type":"ImageObject","inLanguage":"en-US","@id":"https:\/\/rxcompetition.com\/#\/schema\/logo\/image\/","url":"https:\/\/rxcompetition.com\/wp-content\/uploads\/2023\/04\/LOGO-RX-PROGRAMA.png","contentUrl":"https:\/\/rxcompetition.com\/wp-content\/uploads\/2023\/04\/LOGO-RX-PROGRAMA.png","width":1416,"height":672,"caption":"RX Competition"},"image":{"@id":"https:\/\/rxcompetition.com\/#\/schema\/logo\/image\/"}}]}},"jetpack_sharing_enabled":true,"_links":{"self":[{"href":"https:\/\/rxcompetition.com\/en\/wp-json\/wp\/v2\/product\/35102","targetHints":{"allow":["GET"]}}],"collection":[{"href":"https:\/\/rxcompetition.com\/en\/wp-json\/wp\/v2\/product"}],"about":[{"href":"https:\/\/rxcompetition.com\/en\/wp-json\/wp\/v2\/types\/product"}],"replies":[{"embeddable":true,"href":"https:\/\/rxcompetition.com\/en\/wp-json\/wp\/v2\/comments?post=35102"}],"wp:featuredmedia":[{"embeddable":true,"href":"https:\/\/rxcompetition.com\/en\/wp-json\/wp\/v2\/media\/37491"}],"wp:attachment":[{"href":"https:\/\/rxcompetition.com\/en\/wp-json\/wp\/v2\/media?parent=35102"}],"wp:term":[{"taxonomy":"product_cat","embeddable":true,"href":"https:\/\/rxcompetition.com\/en\/wp-json\/wp\/v2\/product_cat?post=35102"},{"taxonomy":"product_tag","embeddable":true,"href":"https:\/\/rxcompetition.com\/en\/wp-json\/wp\/v2\/product_tag?post=35102"}],"curies":[{"name":"wp","href":"https:\/\/api.w.org\/{rel}","templated":true}]}}