{"id":35093,"date":"2023-02-26T18:17:23","date_gmt":"2023-02-26T18:17:23","guid":{"rendered":"https:\/\/rxcompetition.com\/?post_type=product&#038;p=35093"},"modified":"2024-05-10T07:15:27","modified_gmt":"2024-05-10T07:15:27","slug":"soporte-de-barra","status":"publish","type":"product","link":"https:\/\/rxcompetition.com\/en\/product\/soporte-de-barra\/","title":{"rendered":"ELITE SINGLE BAR HOLDER"},"content":{"rendered":"<p class=\" translation-block\">The RX Single Bar Holder is another essential accessory in our structures if we want to maintain order in our box while taking maximum space profit. It is one of the simplest and most effective supports for storing and securing the Olympic barbell on our Rack or Rig structures.<\/p>\n<p>&nbsp;<\/p>\n<p class=\" translation-block\">The assembling system design to the Rack or Rig upright column is simple and secure, fully suitable with the hole distribution and distances of our Elite 80 x 80 x 4 mm structures, being directly fixed to the upright column side face using two assembling bolts.<\/p>\n<p>&nbsp;<\/p>\n<p class=\" translation-block\">The assembling base is made 10 mm thickness solid flat sheet, a thickness dimension that can only be found in RX Competition. \nThis accessory is manufactured and machined in Spain under the strictest quality controls, which is why we can guarantee a high-quality finish in terms of the perfection of laser cuts and, above all, the quality of the welds.<\/p>\n<p>&nbsp;<\/p>\n<p><strong>THE PRICE IS PER UNIT<\/strong><\/p>","protected":false},"excerpt":{"rendered":"<p><strong>SPECIFICATIONS<\/strong><\/p>\n<p>&nbsp;<\/p>\n<p class=\" translation-block\">Brand: RX Competition<\/p>\n<p>Manufactured in Spain<\/p>\n<p>Material: Powder coated black steel<\/p>\n<p>Diameter: 50 mm<\/p>\n<p>Thickness: 3 mm<\/p>\n<p>Assembling base: 80 x 222 mm<\/p>\n<p>Assembling base thickness: 10 mm<\/p>\n<p>Total width: 110 mm<\/p>\n<p>Total height: 222 mm<\/p>\n<p>Weight: 2 kg<\/p>\n<p>Maximum load: 80 kg<\/p>\n<p>Material warranty: 2 years<\/p>\n<p>Coating warranty: 2 years<\/p>\n<p>&nbsp;<\/p>\n<p><strong>*REAL PICTURES<\/strong><\/p>","protected":false},"featured_media":35094,"comment_status":"closed","ping_status":"closed","template":"","meta":{"inline_featured_image":false},"product_cat":[303,146,158,159],"product_tag":[],"class_list":{"0":"post-35093","1":"product","2":"type-product","3":"status-publish","4":"has-post-thumbnail","6":"product_cat-elite-accesorios","7":"product_cat-rigs-racks","8":"product_cat-rigs-racks-elite","9":"product_cat-hardware-power-racks","12":"first","13":"outofstock","14":"taxable","15":"shipping-taxable","16":"purchasable","17":"product-type-simple"},"yoast_head":"<!-- This site is optimized with the Yoast SEO plugin v23.2 - https:\/\/yoast.com\/wordpress\/plugins\/seo\/ -->\n<title>ELITE SINGLE BAR HOLDER - RX Competition<\/title>\n<meta name=\"robots\" content=\"index, follow, max-snippet:-1, max-image-preview:large, max-video-preview:-1\" \/>\n<link rel=\"canonical\" href=\"https:\/\/rxcompetition.com\/en\/product\/soporte-de-barra\/\" \/>\n<meta property=\"og:locale\" content=\"en_US\" \/>\n<meta property=\"og:type\" content=\"article\" \/>\n<meta property=\"og:title\" content=\"ELITE SINGLE BAR HOLDER - RX Competition\" \/>\n<meta property=\"og:description\" content=\"ESPECIFICACIONES  &nbsp;  Marca: RX Competition  Fabricado en Espa\u00f1a  Material: Acero recubierto de pintura en polvo color negro  Di\u00e1metro: 50 mm  Espesor: 3 mm  Dimensiones de la base de anclaje: 80 x 222 mm  Espesor de la base de anclaje: 10 mm  Ancho total: 110mm  Altura total: 222 mm  Peso: 2 kg  Carga m\u00e1xima: 80 kg  Garant\u00eda sobre el material: 2 a\u00f1os  Garant\u00eda sobre el recubrimiento: 2 a\u00f1os  &nbsp;  *IMAGENES REALES\" \/>\n<meta property=\"og:url\" content=\"https:\/\/rxcompetition.com\/en\/product\/soporte-de-barra\/\" \/>\n<meta property=\"og:site_name\" content=\"RX Competition\" \/>\n<meta property=\"article:modified_time\" content=\"2024-05-10T07:15:27+00:00\" \/>\n<meta property=\"og:image\" content=\"https:\/\/rxcompetition.com\/wp-content\/uploads\/2023\/02\/RX-Single-barbell-holder.png\" \/>\n\t<meta property=\"og:image:width\" content=\"3024\" \/>\n\t<meta property=\"og:image:height\" content=\"4032\" \/>\n\t<meta property=\"og:image:type\" content=\"image\/png\" \/>\n<meta name=\"twitter:card\" content=\"summary_large_image\" \/>\n<meta name=\"twitter:label1\" content=\"Est. reading time\" \/>\n\t<meta name=\"twitter:data1\" content=\"1 minute\" \/>\n<script type=\"application\/ld+json\" class=\"yoast-schema-graph\">{\"@context\":\"https:\/\/schema.org\",\"@graph\":[{\"@type\":\"WebPage\",\"@id\":\"https:\/\/rxcompetition.com\/product\/soporte-de-barra\/\",\"url\":\"https:\/\/rxcompetition.com\/product\/soporte-de-barra\/\",\"name\":\"ELITE SINGLE BAR HOLDER - RX Competition\",\"isPartOf\":{\"@id\":\"https:\/\/rxcompetition.com\/#website\"},\"primaryImageOfPage\":{\"@id\":\"https:\/\/rxcompetition.com\/product\/soporte-de-barra\/#primaryimage\"},\"image\":{\"@id\":\"https:\/\/rxcompetition.com\/product\/soporte-de-barra\/#primaryimage\"},\"thumbnailUrl\":\"https:\/\/rxcompetition.com\/wp-content\/uploads\/2023\/02\/RX-Single-barbell-holder.png\",\"datePublished\":\"2023-02-26T18:17:23+00:00\",\"dateModified\":\"2024-05-10T07:15:27+00:00\",\"breadcrumb\":{\"@id\":\"https:\/\/rxcompetition.com\/product\/soporte-de-barra\/#breadcrumb\"},\"inLanguage\":\"en-US\",\"potentialAction\":[{\"@type\":\"ReadAction\",\"target\":[\"https:\/\/rxcompetition.com\/product\/soporte-de-barra\/\"]}]},{\"@type\":\"ImageObject\",\"inLanguage\":\"en-US\",\"@id\":\"https:\/\/rxcompetition.com\/product\/soporte-de-barra\/#primaryimage\",\"url\":\"https:\/\/rxcompetition.com\/wp-content\/uploads\/2023\/02\/RX-Single-barbell-holder.png\",\"contentUrl\":\"https:\/\/rxcompetition.com\/wp-content\/uploads\/2023\/02\/RX-Single-barbell-holder.png\",\"width\":3024,\"height\":4032},{\"@type\":\"BreadcrumbList\",\"@id\":\"https:\/\/rxcompetition.com\/product\/soporte-de-barra\/#breadcrumb\",\"itemListElement\":[{\"@type\":\"ListItem\",\"position\":1,\"name\":\"Inicio\",\"item\":\"https:\/\/rxcompetition.com\/\"},{\"@type\":\"ListItem\",\"position\":2,\"name\":\"Tienda\",\"item\":\"https:\/\/rxcompetition.com\/tienda\/\"},{\"@type\":\"ListItem\",\"position\":3,\"name\":\"ELITE SINGLE BAR HOLDER\"}]},{\"@type\":\"WebSite\",\"@id\":\"https:\/\/rxcompetition.com\/#website\",\"url\":\"https:\/\/rxcompetition.com\/\",\"name\":\"RX Competition\",\"description\":\"\",\"publisher\":{\"@id\":\"https:\/\/rxcompetition.com\/#organization\"},\"potentialAction\":[{\"@type\":\"SearchAction\",\"target\":{\"@type\":\"EntryPoint\",\"urlTemplate\":\"https:\/\/rxcompetition.com\/?s={search_term_string}\"},\"query-input\":\"required name=search_term_string\"}],\"inLanguage\":\"en-US\"},{\"@type\":\"Organization\",\"@id\":\"https:\/\/rxcompetition.com\/#organization\",\"name\":\"RX Competition\",\"url\":\"https:\/\/rxcompetition.com\/\",\"logo\":{\"@type\":\"ImageObject\",\"inLanguage\":\"en-US\",\"@id\":\"https:\/\/rxcompetition.com\/#\/schema\/logo\/image\/\",\"url\":\"https:\/\/rxcompetition.com\/wp-content\/uploads\/2023\/04\/LOGO-RX-PROGRAMA.png\",\"contentUrl\":\"https:\/\/rxcompetition.com\/wp-content\/uploads\/2023\/04\/LOGO-RX-PROGRAMA.png\",\"width\":1416,\"height\":672,\"caption\":\"RX Competition\"},\"image\":{\"@id\":\"https:\/\/rxcompetition.com\/#\/schema\/logo\/image\/\"}}]}<\/script>\n<!-- \/ Yoast SEO plugin. -->","yoast_head_json":{"title":"ELITE SINGLE BAR HOLDER - RX Competition","robots":{"index":"index","follow":"follow","max-snippet":"max-snippet:-1","max-image-preview":"max-image-preview:large","max-video-preview":"max-video-preview:-1"},"canonical":"https:\/\/rxcompetition.com\/en\/product\/soporte-de-barra\/","og_locale":"en_US","og_type":"article","og_title":"ELITE SINGLE BAR HOLDER - RX Competition","og_description":"ESPECIFICACIONES  &nbsp;  Marca: RX Competition  Fabricado en Espa\u00f1a  Material: Acero recubierto de pintura en polvo color negro  Di\u00e1metro: 50 mm  Espesor: 3 mm  Dimensiones de la base de anclaje: 80 x 222 mm  Espesor de la base de anclaje: 10 mm  Ancho total: 110mm  Altura total: 222 mm  Peso: 2 kg  Carga m\u00e1xima: 80 kg  Garant\u00eda sobre el material: 2 a\u00f1os  Garant\u00eda sobre el recubrimiento: 2 a\u00f1os  &nbsp;  *IMAGENES REALES","og_url":"https:\/\/rxcompetition.com\/en\/product\/soporte-de-barra\/","og_site_name":"RX Competition","article_modified_time":"2024-05-10T07:15:27+00:00","og_image":[{"width":3024,"height":4032,"url":"https:\/\/rxcompetition.com\/wp-content\/uploads\/2023\/02\/RX-Single-barbell-holder.png","type":"image\/png"}],"twitter_card":"summary_large_image","twitter_misc":{"Est. reading time":"1 minute"},"schema":{"@context":"https:\/\/schema.org","@graph":[{"@type":"WebPage","@id":"https:\/\/rxcompetition.com\/product\/soporte-de-barra\/","url":"https:\/\/rxcompetition.com\/product\/soporte-de-barra\/","name":"ELITE SINGLE BAR HOLDER - RX Competition","isPartOf":{"@id":"https:\/\/rxcompetition.com\/#website"},"primaryImageOfPage":{"@id":"https:\/\/rxcompetition.com\/product\/soporte-de-barra\/#primaryimage"},"image":{"@id":"https:\/\/rxcompetition.com\/product\/soporte-de-barra\/#primaryimage"},"thumbnailUrl":"https:\/\/rxcompetition.com\/wp-content\/uploads\/2023\/02\/RX-Single-barbell-holder.png","datePublished":"2023-02-26T18:17:23+00:00","dateModified":"2024-05-10T07:15:27+00:00","breadcrumb":{"@id":"https:\/\/rxcompetition.com\/product\/soporte-de-barra\/#breadcrumb"},"inLanguage":"en-US","potentialAction":[{"@type":"ReadAction","target":["https:\/\/rxcompetition.com\/product\/soporte-de-barra\/"]}]},{"@type":"ImageObject","inLanguage":"en-US","@id":"https:\/\/rxcompetition.com\/product\/soporte-de-barra\/#primaryimage","url":"https:\/\/rxcompetition.com\/wp-content\/uploads\/2023\/02\/RX-Single-barbell-holder.png","contentUrl":"https:\/\/rxcompetition.com\/wp-content\/uploads\/2023\/02\/RX-Single-barbell-holder.png","width":3024,"height":4032},{"@type":"BreadcrumbList","@id":"https:\/\/rxcompetition.com\/product\/soporte-de-barra\/#breadcrumb","itemListElement":[{"@type":"ListItem","position":1,"name":"Inicio","item":"https:\/\/rxcompetition.com\/"},{"@type":"ListItem","position":2,"name":"Tienda","item":"https:\/\/rxcompetition.com\/tienda\/"},{"@type":"ListItem","position":3,"name":"ELITE SINGLE BAR HOLDER"}]},{"@type":"WebSite","@id":"https:\/\/rxcompetition.com\/#website","url":"https:\/\/rxcompetition.com\/","name":"RX Competition","description":"","publisher":{"@id":"https:\/\/rxcompetition.com\/#organization"},"potentialAction":[{"@type":"SearchAction","target":{"@type":"EntryPoint","urlTemplate":"https:\/\/rxcompetition.com\/?s={search_term_string}"},"query-input":"required name=search_term_string"}],"inLanguage":"en-US"},{"@type":"Organization","@id":"https:\/\/rxcompetition.com\/#organization","name":"RX Competition","url":"https:\/\/rxcompetition.com\/","logo":{"@type":"ImageObject","inLanguage":"en-US","@id":"https:\/\/rxcompetition.com\/#\/schema\/logo\/image\/","url":"https:\/\/rxcompetition.com\/wp-content\/uploads\/2023\/04\/LOGO-RX-PROGRAMA.png","contentUrl":"https:\/\/rxcompetition.com\/wp-content\/uploads\/2023\/04\/LOGO-RX-PROGRAMA.png","width":1416,"height":672,"caption":"RX Competition"},"image":{"@id":"https:\/\/rxcompetition.com\/#\/schema\/logo\/image\/"}}]}},"jetpack_sharing_enabled":true,"_links":{"self":[{"href":"https:\/\/rxcompetition.com\/en\/wp-json\/wp\/v2\/product\/35093","targetHints":{"allow":["GET"]}}],"collection":[{"href":"https:\/\/rxcompetition.com\/en\/wp-json\/wp\/v2\/product"}],"about":[{"href":"https:\/\/rxcompetition.com\/en\/wp-json\/wp\/v2\/types\/product"}],"replies":[{"embeddable":true,"href":"https:\/\/rxcompetition.com\/en\/wp-json\/wp\/v2\/comments?post=35093"}],"wp:featuredmedia":[{"embeddable":true,"href":"https:\/\/rxcompetition.com\/en\/wp-json\/wp\/v2\/media\/35094"}],"wp:attachment":[{"href":"https:\/\/rxcompetition.com\/en\/wp-json\/wp\/v2\/media?parent=35093"}],"wp:term":[{"taxonomy":"product_cat","embeddable":true,"href":"https:\/\/rxcompetition.com\/en\/wp-json\/wp\/v2\/product_cat?post=35093"},{"taxonomy":"product_tag","embeddable":true,"href":"https:\/\/rxcompetition.com\/en\/wp-json\/wp\/v2\/product_tag?post=35093"}],"curies":[{"name":"wp","href":"https:\/\/api.w.org\/{rel}","templated":true}]}}