{"id":35089,"date":"2023-02-26T18:08:31","date_gmt":"2023-02-26T18:08:31","guid":{"rendered":"https:\/\/rxcompetition.com\/?post_type=product&#038;p=35089"},"modified":"2024-04-07T13:42:18","modified_gmt":"2024-04-07T13:42:18","slug":"safety-strap-kit","status":"publish","type":"product","link":"https:\/\/rxcompetition.com\/en\/product\/safety-strap-kit\/","title":{"rendered":"ELITE SAFETY STRAP SYSTEM"},"content":{"rendered":"<p class=\" translation-block\">The RX Elite Safety Strap Kit is the safest sling-based safety system designed to protect our equipment and physical integrity while performing heavy lifts throw our Power Rack. The assembling system to the Power Rack upright columns is done using the traditional solid steel \u00d825 mm diameter pin that is inserted throw the column holes. Additionally, we include the front \u00d825 mm assembling pin for added locking security.<\/p>\n<p>&nbsp;<\/p>\n<p class=\" translation-block\">This is an excellent safety support system, whether used as an alternative or in addition to Spotter Arms, that allows the ends of each strap hanger to be mounted at different heights so that when the athlete releases the bar, it safely rolls away from them.<\/p>\n<p>&nbsp;<\/p>\n<p class=\" translation-block\">Our Elite Safety Straps supports are made of solid 10 mm thick steel sheet, a thickness dimension only available in RX Competition. \nThis accessory is manufactured and machined in Spain under the most rigorous quality controls, ensuring high-quality finishes in terms of laser-cut precision and, above all, the quality of the welds. Our slings can support over 6.000 kg loads, ensuring reliability and safety of the entire system.<\/p>\n<p>&nbsp;<\/p>\n<p><strong>THE PRICE IS FOR THE WHOLE SET OF 2<\/strong><\/p>","protected":false},"excerpt":{"rendered":"<p><strong>SPECIFICATIONS<\/strong><\/p>\n<p>&nbsp;<\/p>\n<p class=\" translation-block\">Brand: RX Competition<\/p>\n<p>Manufactured in Spain<\/p>\n<p class=\" translation-block\">Usage: Powerlifting<\/p>\n<p>Supports material: Black powder-coated steel<\/p>\n<p>Supports thickness: 10 mm<\/p>\n<p>Supports total height: 200 mm<\/p>\n<p>Supports total width: 100 mm<\/p>\n<p>Straps material: Reinforced Nylon<\/p>\n<p>Maximum load capacity per strap: 6.000 kg<\/p>\n<p>Straps total length: 1.100 mm<\/p>\n<p>Straps width: 75 mm<\/p>\n<p>Whole kit weight: 13,2 kg<\/p>\n<p>Maximum load capacity per set: 300 kg<\/p>\n<p>Material warranty: 2 years<\/p>\n<p>Coating warranty: 2 years<\/p>\n<p>&nbsp;<\/p>\n<p><strong>*REAL PICTURES<\/strong><\/p>","protected":false},"featured_media":37440,"comment_status":"closed","ping_status":"closed","template":"","meta":{"inline_featured_image":false},"product_cat":[303,146,158,153,159],"product_tag":[],"class_list":{"0":"post-35089","1":"product","2":"type-product","3":"status-publish","4":"has-post-thumbnail","6":"product_cat-elite-accesorios","7":"product_cat-rigs-racks","8":"product_cat-rigs-racks-elite","9":"product_cat-elite-power-racks","10":"product_cat-hardware-power-racks","13":"first","14":"instock","15":"taxable","16":"shipping-taxable","17":"purchasable","18":"product-type-simple"},"yoast_head":"<!-- This site is optimized with the Yoast SEO plugin v23.2 - https:\/\/yoast.com\/wordpress\/plugins\/seo\/ -->\n<title>ELITE SAFETY STRAP SYSTEM - RX Competition<\/title>\n<meta name=\"robots\" content=\"index, follow, max-snippet:-1, max-image-preview:large, max-video-preview:-1\" \/>\n<link rel=\"canonical\" href=\"https:\/\/rxcompetition.com\/en\/product\/safety-strap-kit\/\" \/>\n<meta property=\"og:locale\" content=\"en_US\" \/>\n<meta property=\"og:type\" content=\"article\" \/>\n<meta property=\"og:title\" content=\"ELITE SAFETY STRAP SYSTEM - RX Competition\" \/>\n<meta property=\"og:description\" content=\"ESPECIFICACIONES  &nbsp;  Marca: RX Competition  Fabricado en Espa\u00f1a  Uso: Powerlifting  Material de los soportes: Acero recubierto de pintura en polvo color negro  Espesor de los soportes: 10 mm  Altura total de los soportes: 200 mm  Anchura total de los soportes: 100 mm  Material de las eslingas: Nylon reforzado  Capacidad de carga m\u00e1xima por eslinga: 6.000 kg  Longitud de las eslingas: 1.100 mm  Anchura de las eslingas: 75 mm  Peso de la pareja: 13,2 kg  Capacidad de carga m\u00e1xima por conjunto: 300 kg  Garant\u00eda sobre el material: 2 a\u00f1os  Garant\u00eda sobre el recubrimiento: 2 a\u00f1os  &nbsp;  *IMAGENES REALES\" \/>\n<meta property=\"og:url\" content=\"https:\/\/rxcompetition.com\/en\/product\/safety-strap-kit\/\" \/>\n<meta property=\"og:site_name\" content=\"RX Competition\" \/>\n<meta property=\"article:modified_time\" content=\"2024-04-07T13:42:18+00:00\" \/>\n<meta property=\"og:image\" content=\"https:\/\/rxcompetition.com\/wp-content\/uploads\/2023\/02\/Safetystraps-scaled.jpg\" \/>\n\t<meta property=\"og:image:width\" content=\"2560\" \/>\n\t<meta property=\"og:image:height\" content=\"1707\" \/>\n\t<meta property=\"og:image:type\" content=\"image\/jpeg\" \/>\n<meta name=\"twitter:card\" content=\"summary_large_image\" \/>\n<meta name=\"twitter:label1\" content=\"Est. reading time\" \/>\n\t<meta name=\"twitter:data1\" content=\"2 minutes\" \/>\n<script type=\"application\/ld+json\" class=\"yoast-schema-graph\">{\"@context\":\"https:\/\/schema.org\",\"@graph\":[{\"@type\":\"WebPage\",\"@id\":\"https:\/\/rxcompetition.com\/product\/safety-strap-kit\/\",\"url\":\"https:\/\/rxcompetition.com\/product\/safety-strap-kit\/\",\"name\":\"ELITE SAFETY STRAP SYSTEM - RX Competition\",\"isPartOf\":{\"@id\":\"https:\/\/rxcompetition.com\/#website\"},\"primaryImageOfPage\":{\"@id\":\"https:\/\/rxcompetition.com\/product\/safety-strap-kit\/#primaryimage\"},\"image\":{\"@id\":\"https:\/\/rxcompetition.com\/product\/safety-strap-kit\/#primaryimage\"},\"thumbnailUrl\":\"https:\/\/rxcompetition.com\/wp-content\/uploads\/2023\/02\/Safetystraps-scaled.jpg\",\"datePublished\":\"2023-02-26T18:08:31+00:00\",\"dateModified\":\"2024-04-07T13:42:18+00:00\",\"breadcrumb\":{\"@id\":\"https:\/\/rxcompetition.com\/product\/safety-strap-kit\/#breadcrumb\"},\"inLanguage\":\"en-US\",\"potentialAction\":[{\"@type\":\"ReadAction\",\"target\":[\"https:\/\/rxcompetition.com\/product\/safety-strap-kit\/\"]}]},{\"@type\":\"ImageObject\",\"inLanguage\":\"en-US\",\"@id\":\"https:\/\/rxcompetition.com\/product\/safety-strap-kit\/#primaryimage\",\"url\":\"https:\/\/rxcompetition.com\/wp-content\/uploads\/2023\/02\/Safetystraps-scaled.jpg\",\"contentUrl\":\"https:\/\/rxcompetition.com\/wp-content\/uploads\/2023\/02\/Safetystraps-scaled.jpg\",\"width\":2560,\"height\":1707},{\"@type\":\"BreadcrumbList\",\"@id\":\"https:\/\/rxcompetition.com\/product\/safety-strap-kit\/#breadcrumb\",\"itemListElement\":[{\"@type\":\"ListItem\",\"position\":1,\"name\":\"Inicio\",\"item\":\"https:\/\/rxcompetition.com\/\"},{\"@type\":\"ListItem\",\"position\":2,\"name\":\"Tienda\",\"item\":\"https:\/\/rxcompetition.com\/tienda\/\"},{\"@type\":\"ListItem\",\"position\":3,\"name\":\"ELITE SAFETY STRAP SYSTEM\"}]},{\"@type\":\"WebSite\",\"@id\":\"https:\/\/rxcompetition.com\/#website\",\"url\":\"https:\/\/rxcompetition.com\/\",\"name\":\"RX Competition\",\"description\":\"\",\"publisher\":{\"@id\":\"https:\/\/rxcompetition.com\/#organization\"},\"potentialAction\":[{\"@type\":\"SearchAction\",\"target\":{\"@type\":\"EntryPoint\",\"urlTemplate\":\"https:\/\/rxcompetition.com\/?s={search_term_string}\"},\"query-input\":\"required name=search_term_string\"}],\"inLanguage\":\"en-US\"},{\"@type\":\"Organization\",\"@id\":\"https:\/\/rxcompetition.com\/#organization\",\"name\":\"RX Competition\",\"url\":\"https:\/\/rxcompetition.com\/\",\"logo\":{\"@type\":\"ImageObject\",\"inLanguage\":\"en-US\",\"@id\":\"https:\/\/rxcompetition.com\/#\/schema\/logo\/image\/\",\"url\":\"https:\/\/rxcompetition.com\/wp-content\/uploads\/2023\/04\/LOGO-RX-PROGRAMA.png\",\"contentUrl\":\"https:\/\/rxcompetition.com\/wp-content\/uploads\/2023\/04\/LOGO-RX-PROGRAMA.png\",\"width\":1416,\"height\":672,\"caption\":\"RX Competition\"},\"image\":{\"@id\":\"https:\/\/rxcompetition.com\/#\/schema\/logo\/image\/\"}}]}<\/script>\n<!-- \/ Yoast SEO plugin. -->","yoast_head_json":{"title":"ELITE SAFETY STRAP SYSTEM - RX Competition","robots":{"index":"index","follow":"follow","max-snippet":"max-snippet:-1","max-image-preview":"max-image-preview:large","max-video-preview":"max-video-preview:-1"},"canonical":"https:\/\/rxcompetition.com\/en\/product\/safety-strap-kit\/","og_locale":"en_US","og_type":"article","og_title":"ELITE SAFETY STRAP SYSTEM - RX Competition","og_description":"ESPECIFICACIONES  &nbsp;  Marca: RX Competition  Fabricado en Espa\u00f1a  Uso: Powerlifting  Material de los soportes: Acero recubierto de pintura en polvo color negro  Espesor de los soportes: 10 mm  Altura total de los soportes: 200 mm  Anchura total de los soportes: 100 mm  Material de las eslingas: Nylon reforzado  Capacidad de carga m\u00e1xima por eslinga: 6.000 kg  Longitud de las eslingas: 1.100 mm  Anchura de las eslingas: 75 mm  Peso de la pareja: 13,2 kg  Capacidad de carga m\u00e1xima por conjunto: 300 kg  Garant\u00eda sobre el material: 2 a\u00f1os  Garant\u00eda sobre el recubrimiento: 2 a\u00f1os  &nbsp;  *IMAGENES REALES","og_url":"https:\/\/rxcompetition.com\/en\/product\/safety-strap-kit\/","og_site_name":"RX Competition","article_modified_time":"2024-04-07T13:42:18+00:00","og_image":[{"width":2560,"height":1707,"url":"https:\/\/rxcompetition.com\/wp-content\/uploads\/2023\/02\/Safetystraps-scaled.jpg","type":"image\/jpeg"}],"twitter_card":"summary_large_image","twitter_misc":{"Est. reading time":"2 minutes"},"schema":{"@context":"https:\/\/schema.org","@graph":[{"@type":"WebPage","@id":"https:\/\/rxcompetition.com\/product\/safety-strap-kit\/","url":"https:\/\/rxcompetition.com\/product\/safety-strap-kit\/","name":"ELITE SAFETY STRAP SYSTEM - RX Competition","isPartOf":{"@id":"https:\/\/rxcompetition.com\/#website"},"primaryImageOfPage":{"@id":"https:\/\/rxcompetition.com\/product\/safety-strap-kit\/#primaryimage"},"image":{"@id":"https:\/\/rxcompetition.com\/product\/safety-strap-kit\/#primaryimage"},"thumbnailUrl":"https:\/\/rxcompetition.com\/wp-content\/uploads\/2023\/02\/Safetystraps-scaled.jpg","datePublished":"2023-02-26T18:08:31+00:00","dateModified":"2024-04-07T13:42:18+00:00","breadcrumb":{"@id":"https:\/\/rxcompetition.com\/product\/safety-strap-kit\/#breadcrumb"},"inLanguage":"en-US","potentialAction":[{"@type":"ReadAction","target":["https:\/\/rxcompetition.com\/product\/safety-strap-kit\/"]}]},{"@type":"ImageObject","inLanguage":"en-US","@id":"https:\/\/rxcompetition.com\/product\/safety-strap-kit\/#primaryimage","url":"https:\/\/rxcompetition.com\/wp-content\/uploads\/2023\/02\/Safetystraps-scaled.jpg","contentUrl":"https:\/\/rxcompetition.com\/wp-content\/uploads\/2023\/02\/Safetystraps-scaled.jpg","width":2560,"height":1707},{"@type":"BreadcrumbList","@id":"https:\/\/rxcompetition.com\/product\/safety-strap-kit\/#breadcrumb","itemListElement":[{"@type":"ListItem","position":1,"name":"Inicio","item":"https:\/\/rxcompetition.com\/"},{"@type":"ListItem","position":2,"name":"Tienda","item":"https:\/\/rxcompetition.com\/tienda\/"},{"@type":"ListItem","position":3,"name":"ELITE SAFETY STRAP SYSTEM"}]},{"@type":"WebSite","@id":"https:\/\/rxcompetition.com\/#website","url":"https:\/\/rxcompetition.com\/","name":"RX Competition","description":"","publisher":{"@id":"https:\/\/rxcompetition.com\/#organization"},"potentialAction":[{"@type":"SearchAction","target":{"@type":"EntryPoint","urlTemplate":"https:\/\/rxcompetition.com\/?s={search_term_string}"},"query-input":"required name=search_term_string"}],"inLanguage":"en-US"},{"@type":"Organization","@id":"https:\/\/rxcompetition.com\/#organization","name":"RX Competition","url":"https:\/\/rxcompetition.com\/","logo":{"@type":"ImageObject","inLanguage":"en-US","@id":"https:\/\/rxcompetition.com\/#\/schema\/logo\/image\/","url":"https:\/\/rxcompetition.com\/wp-content\/uploads\/2023\/04\/LOGO-RX-PROGRAMA.png","contentUrl":"https:\/\/rxcompetition.com\/wp-content\/uploads\/2023\/04\/LOGO-RX-PROGRAMA.png","width":1416,"height":672,"caption":"RX Competition"},"image":{"@id":"https:\/\/rxcompetition.com\/#\/schema\/logo\/image\/"}}]}},"jetpack_sharing_enabled":true,"_links":{"self":[{"href":"https:\/\/rxcompetition.com\/en\/wp-json\/wp\/v2\/product\/35089","targetHints":{"allow":["GET"]}}],"collection":[{"href":"https:\/\/rxcompetition.com\/en\/wp-json\/wp\/v2\/product"}],"about":[{"href":"https:\/\/rxcompetition.com\/en\/wp-json\/wp\/v2\/types\/product"}],"replies":[{"embeddable":true,"href":"https:\/\/rxcompetition.com\/en\/wp-json\/wp\/v2\/comments?post=35089"}],"wp:featuredmedia":[{"embeddable":true,"href":"https:\/\/rxcompetition.com\/en\/wp-json\/wp\/v2\/media\/37440"}],"wp:attachment":[{"href":"https:\/\/rxcompetition.com\/en\/wp-json\/wp\/v2\/media?parent=35089"}],"wp:term":[{"taxonomy":"product_cat","embeddable":true,"href":"https:\/\/rxcompetition.com\/en\/wp-json\/wp\/v2\/product_cat?post=35089"},{"taxonomy":"product_tag","embeddable":true,"href":"https:\/\/rxcompetition.com\/en\/wp-json\/wp\/v2\/product_tag?post=35089"}],"curies":[{"name":"wp","href":"https:\/\/api.w.org\/{rel}","templated":true}]}}