{"id":35036,"date":"2023-02-24T19:33:52","date_gmt":"2023-02-24T19:33:52","guid":{"rendered":"https:\/\/rxcompetition.com\/?post_type=product&#038;p=35036"},"modified":"2024-04-07T15:10:46","modified_gmt":"2024-04-07T15:10:46","slug":"upright-227-stand","status":"publish","type":"product","link":"https:\/\/rxcompetition.com\/en\/product\/upright-227-stand\/","title":{"rendered":"ELITE STAND UPRIGHT 227"},"content":{"rendered":"<p class=\" translation-block\">Our RX Stand Upright 227 is our Elite category 2.272 mm height hybrid upright column, specially configured for our Elite Squat Stand 1.0, Elite Yoke 1.0 and also our Elite Power Rack 235 frames.<\/p>\n<p>&nbsp;<\/p>\n<p class=\" translation-block\">This column is made of 80 x 80 x 4 mm square steel profile, featuring thickness specifications that can only be found in RX Competition. This Upright does not include the flat floor assembling floor base support because its design is configured to be attached through the triangular Squat Stand Supports, which is directly connected to the 80 x 80 x 4 mm 1.394 mm floor base Crossmembers.<\/p>\n<p>&nbsp;<\/p>\n<p class=\" translation-block\">In addition to the numbering on the 32 \u00d826 mm holes on the front face, this column has an additional numbering of 37 \u00d820 mm holes on the right face side with smaller center-to-center distances to offer a wider range of height adjustments. \nThis upright is designed to serve multiple functions:<\/p>\n<p>&nbsp;<\/p>\n<ul>\n<li class=\" translation-block\">-\tAs a Squat Stand upright column<\/li>\n<li class=\" translation-block\">-\tAs a Power Rack 235 upright column<\/li>\n<li class=\" translation-block\">-\tAs an Elite Yoke 1.0 upright column<\/li>\n<\/ul>\n<p>&nbsp;<\/p>\n<p class=\" translation-block\">For the latter function, the right sided numbers are focused for the Yoke Gear tool use, allowing a quick and easy positioning between the two yoke upright columns throw each of the 37 numbered \u00d820 mm holes available.<\/p>\n<p>&nbsp;<\/p>\n<p class=\" translation-block\">All \u00d826 mm holes on the front face and \u00d820 mm holes on the right sides include their own ascending numbering to allow a quick adjustment of the bar supports and Yoke Gear when changing exercises. Both the holes and numbers are laser-cut.<\/p>\n<p>&nbsp;<\/p>\n<p>This frame is manufactured and machined in Spain under the strictest quality controls, ensuring high-quality finishes in terms of laser-cut precision and, above all, the quality of the welds. The lifetime warranty we offer on the material of this structure demonstrates that we don't cut corners.<\/p>\n<p>&nbsp;<\/p>\n<ul>\n<li>Each column includes a metal plate with all its technical characteristics and CE marking.<\/li>\n<\/ul>\n<p>&nbsp;<\/p>\n<p><strong>THE PRICE IS PER UNIT<\/strong><\/p>","protected":false},"excerpt":{"rendered":"<p><strong>SPECIFICATIONS<\/strong><\/p>\n<p>&nbsp;<\/p>\n<p class=\" translation-block\">Brand: RX Competition<\/p>\n<p>Manufactured in Spain<\/p>\n<p class=\" translation-block\">Usage: Structural for Elite Power Rack 235, Elite Squat Stand 1.0 and Elite Yoke 1.0 frames<\/p>\n<p>Material: Powder coated S235 carbon steel<\/p>\n<p>Square structural tube: 80 x 80 mm<\/p>\n<p>Tube thickness: 4 mm<\/p>\n<p>Assembling base: No<\/p>\n<p>Total length: 2.272 mm<\/p>\n<p>Total width: 80 mm<\/p>\n<p>Weight: 17,3 kg<\/p>\n<p>Recommended maximum load: 2.000 kg<\/p>\n<p>Material warranty: Lifetime<\/p>\n<p>Coating warranty: 2 years<\/p>\n<p>&nbsp;<\/p>\n<p><strong>RENDERINGS FAITHFUL TO REALITY<\/strong><\/p>","protected":false},"featured_media":36996,"comment_status":"closed","ping_status":"closed","template":"","meta":{"inline_featured_image":false},"product_cat":[146,158,155,156],"product_tag":[],"class_list":{"0":"post-35036","1":"product","2":"type-product","3":"status-publish","4":"has-post-thumbnail","6":"product_cat-rigs-racks","7":"product_cat-rigs-racks-elite","8":"product_cat-elite-squat-stands","9":"product_cat-uprights-squat-stands","12":"first","13":"instock","14":"taxable","15":"shipping-taxable","16":"purchasable","17":"product-type-simple"},"yoast_head":"<!-- This site is optimized with the Yoast SEO plugin v23.2 - https:\/\/yoast.com\/wordpress\/plugins\/seo\/ -->\n<title>ELITE STAND UPRIGHT 227 - RX Competition<\/title>\n<meta name=\"robots\" content=\"index, follow, max-snippet:-1, max-image-preview:large, max-video-preview:-1\" \/>\n<link rel=\"canonical\" href=\"https:\/\/rxcompetition.com\/en\/product\/upright-227-stand\/\" \/>\n<meta property=\"og:locale\" content=\"en_US\" \/>\n<meta property=\"og:type\" content=\"article\" \/>\n<meta property=\"og:title\" content=\"ELITE STAND UPRIGHT 227 - RX Competition\" \/>\n<meta property=\"og:description\" content=\"ESPECIFICACIONES  &nbsp;  Marca: RX Competition  Fabricado en Espa\u00f1a  Uso: Estructural para estructura Elite Power Rack 235, Elite Squat Stand 1.0 y Elite Yoke 1.0  Material: Acero S235 recubierto de pintura en polvo color negro  Tubo estructural cuadrado: 80 x 80 mm  Espesor del tubo: 4 mm  Base del anclaje: No  Longitud total: 2.272 mm  Ancho total: 80 mm  Peso: 17,3 kg  Carga m\u00e1xima recomendada: 2.000 kg  Garant\u00eda sobre el material: De por vida  Garant\u00eda sobre el recubrimiento: 2 a\u00f1os  &nbsp;  *RENDERS FIELES A LA REALIDAD\" \/>\n<meta property=\"og:url\" content=\"https:\/\/rxcompetition.com\/en\/product\/upright-227-stand\/\" \/>\n<meta property=\"og:site_name\" content=\"RX Competition\" \/>\n<meta property=\"article:modified_time\" content=\"2024-04-07T15:10:46+00:00\" \/>\n<meta property=\"og:image\" content=\"https:\/\/rxcompetition.com\/wp-content\/uploads\/2023\/02\/227-general_1-scaled.jpg\" \/>\n\t<meta property=\"og:image:width\" content=\"1280\" \/>\n\t<meta property=\"og:image:height\" content=\"2560\" \/>\n\t<meta property=\"og:image:type\" content=\"image\/jpeg\" \/>\n<meta name=\"twitter:card\" content=\"summary_large_image\" \/>\n<meta name=\"twitter:label1\" content=\"Est. reading time\" \/>\n\t<meta name=\"twitter:data1\" content=\"2 minutes\" \/>\n<script type=\"application\/ld+json\" class=\"yoast-schema-graph\">{\"@context\":\"https:\/\/schema.org\",\"@graph\":[{\"@type\":\"WebPage\",\"@id\":\"https:\/\/rxcompetition.com\/product\/upright-227-stand\/\",\"url\":\"https:\/\/rxcompetition.com\/product\/upright-227-stand\/\",\"name\":\"ELITE STAND UPRIGHT 227 - RX Competition\",\"isPartOf\":{\"@id\":\"https:\/\/rxcompetition.com\/#website\"},\"primaryImageOfPage\":{\"@id\":\"https:\/\/rxcompetition.com\/product\/upright-227-stand\/#primaryimage\"},\"image\":{\"@id\":\"https:\/\/rxcompetition.com\/product\/upright-227-stand\/#primaryimage\"},\"thumbnailUrl\":\"https:\/\/rxcompetition.com\/wp-content\/uploads\/2023\/02\/227-general_1-scaled.jpg\",\"datePublished\":\"2023-02-24T19:33:52+00:00\",\"dateModified\":\"2024-04-07T15:10:46+00:00\",\"breadcrumb\":{\"@id\":\"https:\/\/rxcompetition.com\/product\/upright-227-stand\/#breadcrumb\"},\"inLanguage\":\"en-US\",\"potentialAction\":[{\"@type\":\"ReadAction\",\"target\":[\"https:\/\/rxcompetition.com\/product\/upright-227-stand\/\"]}]},{\"@type\":\"ImageObject\",\"inLanguage\":\"en-US\",\"@id\":\"https:\/\/rxcompetition.com\/product\/upright-227-stand\/#primaryimage\",\"url\":\"https:\/\/rxcompetition.com\/wp-content\/uploads\/2023\/02\/227-general_1-scaled.jpg\",\"contentUrl\":\"https:\/\/rxcompetition.com\/wp-content\/uploads\/2023\/02\/227-general_1-scaled.jpg\",\"width\":1280,\"height\":2560},{\"@type\":\"BreadcrumbList\",\"@id\":\"https:\/\/rxcompetition.com\/product\/upright-227-stand\/#breadcrumb\",\"itemListElement\":[{\"@type\":\"ListItem\",\"position\":1,\"name\":\"Inicio\",\"item\":\"https:\/\/rxcompetition.com\/\"},{\"@type\":\"ListItem\",\"position\":2,\"name\":\"Tienda\",\"item\":\"https:\/\/rxcompetition.com\/tienda\/\"},{\"@type\":\"ListItem\",\"position\":3,\"name\":\"ELITE STAND UPRIGHT 227\"}]},{\"@type\":\"WebSite\",\"@id\":\"https:\/\/rxcompetition.com\/#website\",\"url\":\"https:\/\/rxcompetition.com\/\",\"name\":\"RX Competition\",\"description\":\"\",\"publisher\":{\"@id\":\"https:\/\/rxcompetition.com\/#organization\"},\"potentialAction\":[{\"@type\":\"SearchAction\",\"target\":{\"@type\":\"EntryPoint\",\"urlTemplate\":\"https:\/\/rxcompetition.com\/?s={search_term_string}\"},\"query-input\":\"required name=search_term_string\"}],\"inLanguage\":\"en-US\"},{\"@type\":\"Organization\",\"@id\":\"https:\/\/rxcompetition.com\/#organization\",\"name\":\"RX Competition\",\"url\":\"https:\/\/rxcompetition.com\/\",\"logo\":{\"@type\":\"ImageObject\",\"inLanguage\":\"en-US\",\"@id\":\"https:\/\/rxcompetition.com\/#\/schema\/logo\/image\/\",\"url\":\"https:\/\/rxcompetition.com\/wp-content\/uploads\/2023\/04\/LOGO-RX-PROGRAMA.png\",\"contentUrl\":\"https:\/\/rxcompetition.com\/wp-content\/uploads\/2023\/04\/LOGO-RX-PROGRAMA.png\",\"width\":1416,\"height\":672,\"caption\":\"RX Competition\"},\"image\":{\"@id\":\"https:\/\/rxcompetition.com\/#\/schema\/logo\/image\/\"}}]}<\/script>\n<!-- \/ Yoast SEO plugin. -->","yoast_head_json":{"title":"ELITE STAND UPRIGHT 227 - RX Competition","robots":{"index":"index","follow":"follow","max-snippet":"max-snippet:-1","max-image-preview":"max-image-preview:large","max-video-preview":"max-video-preview:-1"},"canonical":"https:\/\/rxcompetition.com\/en\/product\/upright-227-stand\/","og_locale":"en_US","og_type":"article","og_title":"ELITE STAND UPRIGHT 227 - RX Competition","og_description":"ESPECIFICACIONES  &nbsp;  Marca: RX Competition  Fabricado en Espa\u00f1a  Uso: Estructural para estructura Elite Power Rack 235, Elite Squat Stand 1.0 y Elite Yoke 1.0  Material: Acero S235 recubierto de pintura en polvo color negro  Tubo estructural cuadrado: 80 x 80 mm  Espesor del tubo: 4 mm  Base del anclaje: No  Longitud total: 2.272 mm  Ancho total: 80 mm  Peso: 17,3 kg  Carga m\u00e1xima recomendada: 2.000 kg  Garant\u00eda sobre el material: De por vida  Garant\u00eda sobre el recubrimiento: 2 a\u00f1os  &nbsp;  *RENDERS FIELES A LA REALIDAD","og_url":"https:\/\/rxcompetition.com\/en\/product\/upright-227-stand\/","og_site_name":"RX Competition","article_modified_time":"2024-04-07T15:10:46+00:00","og_image":[{"width":1280,"height":2560,"url":"https:\/\/rxcompetition.com\/wp-content\/uploads\/2023\/02\/227-general_1-scaled.jpg","type":"image\/jpeg"}],"twitter_card":"summary_large_image","twitter_misc":{"Est. reading time":"2 minutes"},"schema":{"@context":"https:\/\/schema.org","@graph":[{"@type":"WebPage","@id":"https:\/\/rxcompetition.com\/product\/upright-227-stand\/","url":"https:\/\/rxcompetition.com\/product\/upright-227-stand\/","name":"ELITE STAND UPRIGHT 227 - RX Competition","isPartOf":{"@id":"https:\/\/rxcompetition.com\/#website"},"primaryImageOfPage":{"@id":"https:\/\/rxcompetition.com\/product\/upright-227-stand\/#primaryimage"},"image":{"@id":"https:\/\/rxcompetition.com\/product\/upright-227-stand\/#primaryimage"},"thumbnailUrl":"https:\/\/rxcompetition.com\/wp-content\/uploads\/2023\/02\/227-general_1-scaled.jpg","datePublished":"2023-02-24T19:33:52+00:00","dateModified":"2024-04-07T15:10:46+00:00","breadcrumb":{"@id":"https:\/\/rxcompetition.com\/product\/upright-227-stand\/#breadcrumb"},"inLanguage":"en-US","potentialAction":[{"@type":"ReadAction","target":["https:\/\/rxcompetition.com\/product\/upright-227-stand\/"]}]},{"@type":"ImageObject","inLanguage":"en-US","@id":"https:\/\/rxcompetition.com\/product\/upright-227-stand\/#primaryimage","url":"https:\/\/rxcompetition.com\/wp-content\/uploads\/2023\/02\/227-general_1-scaled.jpg","contentUrl":"https:\/\/rxcompetition.com\/wp-content\/uploads\/2023\/02\/227-general_1-scaled.jpg","width":1280,"height":2560},{"@type":"BreadcrumbList","@id":"https:\/\/rxcompetition.com\/product\/upright-227-stand\/#breadcrumb","itemListElement":[{"@type":"ListItem","position":1,"name":"Inicio","item":"https:\/\/rxcompetition.com\/"},{"@type":"ListItem","position":2,"name":"Tienda","item":"https:\/\/rxcompetition.com\/tienda\/"},{"@type":"ListItem","position":3,"name":"ELITE STAND UPRIGHT 227"}]},{"@type":"WebSite","@id":"https:\/\/rxcompetition.com\/#website","url":"https:\/\/rxcompetition.com\/","name":"RX Competition","description":"","publisher":{"@id":"https:\/\/rxcompetition.com\/#organization"},"potentialAction":[{"@type":"SearchAction","target":{"@type":"EntryPoint","urlTemplate":"https:\/\/rxcompetition.com\/?s={search_term_string}"},"query-input":"required name=search_term_string"}],"inLanguage":"en-US"},{"@type":"Organization","@id":"https:\/\/rxcompetition.com\/#organization","name":"RX Competition","url":"https:\/\/rxcompetition.com\/","logo":{"@type":"ImageObject","inLanguage":"en-US","@id":"https:\/\/rxcompetition.com\/#\/schema\/logo\/image\/","url":"https:\/\/rxcompetition.com\/wp-content\/uploads\/2023\/04\/LOGO-RX-PROGRAMA.png","contentUrl":"https:\/\/rxcompetition.com\/wp-content\/uploads\/2023\/04\/LOGO-RX-PROGRAMA.png","width":1416,"height":672,"caption":"RX Competition"},"image":{"@id":"https:\/\/rxcompetition.com\/#\/schema\/logo\/image\/"}}]}},"jetpack_sharing_enabled":true,"_links":{"self":[{"href":"https:\/\/rxcompetition.com\/en\/wp-json\/wp\/v2\/product\/35036","targetHints":{"allow":["GET"]}}],"collection":[{"href":"https:\/\/rxcompetition.com\/en\/wp-json\/wp\/v2\/product"}],"about":[{"href":"https:\/\/rxcompetition.com\/en\/wp-json\/wp\/v2\/types\/product"}],"replies":[{"embeddable":true,"href":"https:\/\/rxcompetition.com\/en\/wp-json\/wp\/v2\/comments?post=35036"}],"wp:featuredmedia":[{"embeddable":true,"href":"https:\/\/rxcompetition.com\/en\/wp-json\/wp\/v2\/media\/36996"}],"wp:attachment":[{"href":"https:\/\/rxcompetition.com\/en\/wp-json\/wp\/v2\/media?parent=35036"}],"wp:term":[{"taxonomy":"product_cat","embeddable":true,"href":"https:\/\/rxcompetition.com\/en\/wp-json\/wp\/v2\/product_cat?post=35036"},{"taxonomy":"product_tag","embeddable":true,"href":"https:\/\/rxcompetition.com\/en\/wp-json\/wp\/v2\/product_tag?post=35036"}],"curies":[{"name":"wp","href":"https:\/\/api.w.org\/{rel}","templated":true}]}}