{"id":35034,"date":"2023-02-24T19:27:15","date_gmt":"2023-02-24T19:27:15","guid":{"rendered":"https:\/\/rxcompetition.com\/?post_type=product&#038;p=35034"},"modified":"2024-04-28T12:52:34","modified_gmt":"2024-04-28T12:52:34","slug":"squat-stand-regular","status":"publish","type":"product","link":"https:\/\/rxcompetition.com\/en\/product\/squat-stand-regular\/","title":{"rendered":"MASTER SQUAT STAND"},"content":{"rendered":"<p class=\" translation-block\">The RX Master Squat Stand is one of our most popular Squat Stands classified in our Master category. It is the most commercially designed and feature-rich Squat Stand because it simply offers everything needed to support the most demanding workouts. It is supported by two 75 x 75 x 3 mm steel upright columns with 1.870 mm total height, allowing Squats to be performed even by athletes over 2 meters tall. The columns include 26 mm diameter holes spaced at 50 mm intervals. Numeration is not included on. The holes are laser-cut.<\/p>\n<p>&nbsp;<\/p>\n<p class=\" translation-block\">The stand includes two Safety Spotter Arms for the bar support in muscular failure case, and two J-Cup supports to adjust and support the Olympic barbell at the desired height.<\/p>\n<p>&nbsp;<\/p>\n<p class=\" translation-block\">This RX Master Squat Stand could easily be considered a competition-grade Squat Stand, but we have categorized it in our Master line because we have configured our entire Elite Heavy line with 80 x 80 x 4 mm profiles.<\/p>\n<p>&nbsp;<\/p>\n<p><strong>THE PRICE IS PER UNIT<\/strong><\/p>","protected":false},"excerpt":{"rendered":"<p><strong>SPECIFICATIONS<\/strong><\/p>\n<p>&nbsp;<\/p>\n<p class=\" translation-block\">Brand: RX Competition<\/p>\n<p class=\" translation-block\">Usage: Weightlifting, Powerlifting, Cross Training, etc.<\/p>\n<p>Weight: 73,8 kg<\/p>\n<p>Maximum load capacity: 500 kg<\/p>\n<p>Upright material: Powder coated steel<\/p>\n<p>Tube dimensions: 75 x 75 mm<\/p>\n<p>Tube thickness: 3 mm<\/p>\n<p>Loading holes diameter: 26 mm<\/p>\n<p>Distance between holes: 50 mm<\/p>\n<p>Numbering on the holes: No<\/p>\n<p>Holes: Laser-cut<\/p>\n<p>Total height: 1.870 mm<\/p>\n<p>Total width: 1.278 mm<\/p>\n<p>Total depth: 1.246 mm<\/p>\n<p>Assembling bolts: Zinc plated steel DIN-931 M-12<\/p>\n<p>Locking nuts: Zinc plated steel DIN-985 nylon lock M-12<\/p>\n<p>Structure warranty: 2 years<\/p>\n<p>Coating warranty: 1 year<\/p>\n<p>&nbsp;<\/p>\n<p><strong>*REAL PICTURES<\/strong><\/p>","protected":false},"featured_media":37863,"comment_status":"open","ping_status":"closed","template":"","meta":{"inline_featured_image":false},"product_cat":[301,146,157],"product_tag":[],"class_list":{"0":"post-35034","1":"product","2":"type-product","3":"status-publish","4":"has-post-thumbnail","6":"product_cat-regular-squat-stands","7":"product_cat-rigs-racks","8":"product_cat-rigs-racks-regular","11":"first","12":"instock","13":"taxable","14":"shipping-taxable","15":"purchasable","16":"product-type-simple"},"yoast_head":"<!-- This site is optimized with the Yoast SEO plugin v23.2 - https:\/\/yoast.com\/wordpress\/plugins\/seo\/ -->\n<title>MASTER SQUAT STAND - RX Competition<\/title>\n<meta name=\"robots\" content=\"index, follow, max-snippet:-1, max-image-preview:large, max-video-preview:-1\" \/>\n<link rel=\"canonical\" href=\"https:\/\/rxcompetition.com\/en\/product\/squat-stand-regular\/\" \/>\n<meta property=\"og:locale\" content=\"en_US\" \/>\n<meta property=\"og:type\" content=\"article\" \/>\n<meta property=\"og:title\" content=\"MASTER SQUAT STAND - RX Competition\" \/>\n<meta property=\"og:description\" content=\"ESPECIFICACIONES  &nbsp;  Marca: RX Competition  Uso: Weightlifting, Powerlifting  Peso: 73,8 kg  Capacidad m\u00e1xima de carga: 500 kg  Material de la barra: Acero con pintura en polvo  Dimensiones del tubo: 75 x 75 mm  Espesor del tubo: 3 mm  Di\u00e1metro de los orificios de carga: 26 mm  Distancia entre orificios: 50 mm  Numeraci\u00f3n en todos los orificios: No  Orificios: Cortados a l\u00e1ser  Altura total: 1.870 mm  Anchura total: 1.278 mm  Profundidad total: 1.246 mm  Tornillos de ensamblaje: DIN-931 M-12 de acero zincado  Tuercas de apriete: DIN-985 nylon autoblocante M-12 de acero zincado  Garant\u00eda de la estructura: 2 a\u00f1os  Garant\u00eda de la pintura: 1 a\u00f1o  &nbsp;  *IMAGENES REALES\" \/>\n<meta property=\"og:url\" content=\"https:\/\/rxcompetition.com\/en\/product\/squat-stand-regular\/\" \/>\n<meta property=\"og:site_name\" content=\"RX Competition\" \/>\n<meta property=\"article:modified_time\" content=\"2024-04-28T12:52:34+00:00\" \/>\n<meta property=\"og:image\" content=\"https:\/\/rxcompetition.com\/wp-content\/uploads\/2023\/02\/2-LOGO-1-scaled.jpg\" \/>\n\t<meta property=\"og:image:width\" content=\"2560\" \/>\n\t<meta property=\"og:image:height\" content=\"1707\" \/>\n\t<meta property=\"og:image:type\" content=\"image\/jpeg\" \/>\n<meta name=\"twitter:card\" content=\"summary_large_image\" \/>\n<meta name=\"twitter:label1\" content=\"Est. reading time\" \/>\n\t<meta name=\"twitter:data1\" content=\"2 minutes\" \/>\n<script type=\"application\/ld+json\" class=\"yoast-schema-graph\">{\"@context\":\"https:\/\/schema.org\",\"@graph\":[{\"@type\":\"WebPage\",\"@id\":\"https:\/\/rxcompetition.com\/product\/squat-stand-regular\/\",\"url\":\"https:\/\/rxcompetition.com\/product\/squat-stand-regular\/\",\"name\":\"MASTER SQUAT STAND - RX Competition\",\"isPartOf\":{\"@id\":\"https:\/\/rxcompetition.com\/#website\"},\"primaryImageOfPage\":{\"@id\":\"https:\/\/rxcompetition.com\/product\/squat-stand-regular\/#primaryimage\"},\"image\":{\"@id\":\"https:\/\/rxcompetition.com\/product\/squat-stand-regular\/#primaryimage\"},\"thumbnailUrl\":\"https:\/\/rxcompetition.com\/wp-content\/uploads\/2023\/02\/2-LOGO-1-scaled.jpg\",\"datePublished\":\"2023-02-24T19:27:15+00:00\",\"dateModified\":\"2024-04-28T12:52:34+00:00\",\"breadcrumb\":{\"@id\":\"https:\/\/rxcompetition.com\/product\/squat-stand-regular\/#breadcrumb\"},\"inLanguage\":\"en-US\",\"potentialAction\":[{\"@type\":\"ReadAction\",\"target\":[\"https:\/\/rxcompetition.com\/product\/squat-stand-regular\/\"]}]},{\"@type\":\"ImageObject\",\"inLanguage\":\"en-US\",\"@id\":\"https:\/\/rxcompetition.com\/product\/squat-stand-regular\/#primaryimage\",\"url\":\"https:\/\/rxcompetition.com\/wp-content\/uploads\/2023\/02\/2-LOGO-1-scaled.jpg\",\"contentUrl\":\"https:\/\/rxcompetition.com\/wp-content\/uploads\/2023\/02\/2-LOGO-1-scaled.jpg\",\"width\":2560,\"height\":1707},{\"@type\":\"BreadcrumbList\",\"@id\":\"https:\/\/rxcompetition.com\/product\/squat-stand-regular\/#breadcrumb\",\"itemListElement\":[{\"@type\":\"ListItem\",\"position\":1,\"name\":\"Inicio\",\"item\":\"https:\/\/rxcompetition.com\/\"},{\"@type\":\"ListItem\",\"position\":2,\"name\":\"Tienda\",\"item\":\"https:\/\/rxcompetition.com\/tienda\/\"},{\"@type\":\"ListItem\",\"position\":3,\"name\":\"MASTER SQUAT STAND\"}]},{\"@type\":\"WebSite\",\"@id\":\"https:\/\/rxcompetition.com\/#website\",\"url\":\"https:\/\/rxcompetition.com\/\",\"name\":\"RX Competition\",\"description\":\"\",\"publisher\":{\"@id\":\"https:\/\/rxcompetition.com\/#organization\"},\"potentialAction\":[{\"@type\":\"SearchAction\",\"target\":{\"@type\":\"EntryPoint\",\"urlTemplate\":\"https:\/\/rxcompetition.com\/?s={search_term_string}\"},\"query-input\":\"required name=search_term_string\"}],\"inLanguage\":\"en-US\"},{\"@type\":\"Organization\",\"@id\":\"https:\/\/rxcompetition.com\/#organization\",\"name\":\"RX Competition\",\"url\":\"https:\/\/rxcompetition.com\/\",\"logo\":{\"@type\":\"ImageObject\",\"inLanguage\":\"en-US\",\"@id\":\"https:\/\/rxcompetition.com\/#\/schema\/logo\/image\/\",\"url\":\"https:\/\/rxcompetition.com\/wp-content\/uploads\/2023\/04\/LOGO-RX-PROGRAMA.png\",\"contentUrl\":\"https:\/\/rxcompetition.com\/wp-content\/uploads\/2023\/04\/LOGO-RX-PROGRAMA.png\",\"width\":1416,\"height\":672,\"caption\":\"RX Competition\"},\"image\":{\"@id\":\"https:\/\/rxcompetition.com\/#\/schema\/logo\/image\/\"}}]}<\/script>\n<!-- \/ Yoast SEO plugin. -->","yoast_head_json":{"title":"MASTER SQUAT STAND - RX Competition","robots":{"index":"index","follow":"follow","max-snippet":"max-snippet:-1","max-image-preview":"max-image-preview:large","max-video-preview":"max-video-preview:-1"},"canonical":"https:\/\/rxcompetition.com\/en\/product\/squat-stand-regular\/","og_locale":"en_US","og_type":"article","og_title":"MASTER SQUAT STAND - RX Competition","og_description":"ESPECIFICACIONES  &nbsp;  Marca: RX Competition  Uso: Weightlifting, Powerlifting  Peso: 73,8 kg  Capacidad m\u00e1xima de carga: 500 kg  Material de la barra: Acero con pintura en polvo  Dimensiones del tubo: 75 x 75 mm  Espesor del tubo: 3 mm  Di\u00e1metro de los orificios de carga: 26 mm  Distancia entre orificios: 50 mm  Numeraci\u00f3n en todos los orificios: No  Orificios: Cortados a l\u00e1ser  Altura total: 1.870 mm  Anchura total: 1.278 mm  Profundidad total: 1.246 mm  Tornillos de ensamblaje: DIN-931 M-12 de acero zincado  Tuercas de apriete: DIN-985 nylon autoblocante M-12 de acero zincado  Garant\u00eda de la estructura: 2 a\u00f1os  Garant\u00eda de la pintura: 1 a\u00f1o  &nbsp;  *IMAGENES REALES","og_url":"https:\/\/rxcompetition.com\/en\/product\/squat-stand-regular\/","og_site_name":"RX Competition","article_modified_time":"2024-04-28T12:52:34+00:00","og_image":[{"width":2560,"height":1707,"url":"https:\/\/rxcompetition.com\/wp-content\/uploads\/2023\/02\/2-LOGO-1-scaled.jpg","type":"image\/jpeg"}],"twitter_card":"summary_large_image","twitter_misc":{"Est. reading time":"2 minutes"},"schema":{"@context":"https:\/\/schema.org","@graph":[{"@type":"WebPage","@id":"https:\/\/rxcompetition.com\/product\/squat-stand-regular\/","url":"https:\/\/rxcompetition.com\/product\/squat-stand-regular\/","name":"MASTER SQUAT STAND - RX Competition","isPartOf":{"@id":"https:\/\/rxcompetition.com\/#website"},"primaryImageOfPage":{"@id":"https:\/\/rxcompetition.com\/product\/squat-stand-regular\/#primaryimage"},"image":{"@id":"https:\/\/rxcompetition.com\/product\/squat-stand-regular\/#primaryimage"},"thumbnailUrl":"https:\/\/rxcompetition.com\/wp-content\/uploads\/2023\/02\/2-LOGO-1-scaled.jpg","datePublished":"2023-02-24T19:27:15+00:00","dateModified":"2024-04-28T12:52:34+00:00","breadcrumb":{"@id":"https:\/\/rxcompetition.com\/product\/squat-stand-regular\/#breadcrumb"},"inLanguage":"en-US","potentialAction":[{"@type":"ReadAction","target":["https:\/\/rxcompetition.com\/product\/squat-stand-regular\/"]}]},{"@type":"ImageObject","inLanguage":"en-US","@id":"https:\/\/rxcompetition.com\/product\/squat-stand-regular\/#primaryimage","url":"https:\/\/rxcompetition.com\/wp-content\/uploads\/2023\/02\/2-LOGO-1-scaled.jpg","contentUrl":"https:\/\/rxcompetition.com\/wp-content\/uploads\/2023\/02\/2-LOGO-1-scaled.jpg","width":2560,"height":1707},{"@type":"BreadcrumbList","@id":"https:\/\/rxcompetition.com\/product\/squat-stand-regular\/#breadcrumb","itemListElement":[{"@type":"ListItem","position":1,"name":"Inicio","item":"https:\/\/rxcompetition.com\/"},{"@type":"ListItem","position":2,"name":"Tienda","item":"https:\/\/rxcompetition.com\/tienda\/"},{"@type":"ListItem","position":3,"name":"MASTER SQUAT STAND"}]},{"@type":"WebSite","@id":"https:\/\/rxcompetition.com\/#website","url":"https:\/\/rxcompetition.com\/","name":"RX Competition","description":"","publisher":{"@id":"https:\/\/rxcompetition.com\/#organization"},"potentialAction":[{"@type":"SearchAction","target":{"@type":"EntryPoint","urlTemplate":"https:\/\/rxcompetition.com\/?s={search_term_string}"},"query-input":"required name=search_term_string"}],"inLanguage":"en-US"},{"@type":"Organization","@id":"https:\/\/rxcompetition.com\/#organization","name":"RX Competition","url":"https:\/\/rxcompetition.com\/","logo":{"@type":"ImageObject","inLanguage":"en-US","@id":"https:\/\/rxcompetition.com\/#\/schema\/logo\/image\/","url":"https:\/\/rxcompetition.com\/wp-content\/uploads\/2023\/04\/LOGO-RX-PROGRAMA.png","contentUrl":"https:\/\/rxcompetition.com\/wp-content\/uploads\/2023\/04\/LOGO-RX-PROGRAMA.png","width":1416,"height":672,"caption":"RX Competition"},"image":{"@id":"https:\/\/rxcompetition.com\/#\/schema\/logo\/image\/"}}]}},"jetpack_sharing_enabled":true,"_links":{"self":[{"href":"https:\/\/rxcompetition.com\/en\/wp-json\/wp\/v2\/product\/35034","targetHints":{"allow":["GET"]}}],"collection":[{"href":"https:\/\/rxcompetition.com\/en\/wp-json\/wp\/v2\/product"}],"about":[{"href":"https:\/\/rxcompetition.com\/en\/wp-json\/wp\/v2\/types\/product"}],"replies":[{"embeddable":true,"href":"https:\/\/rxcompetition.com\/en\/wp-json\/wp\/v2\/comments?post=35034"}],"wp:featuredmedia":[{"embeddable":true,"href":"https:\/\/rxcompetition.com\/en\/wp-json\/wp\/v2\/media\/37863"}],"wp:attachment":[{"href":"https:\/\/rxcompetition.com\/en\/wp-json\/wp\/v2\/media?parent=35034"}],"wp:term":[{"taxonomy":"product_cat","embeddable":true,"href":"https:\/\/rxcompetition.com\/en\/wp-json\/wp\/v2\/product_cat?post=35034"},{"taxonomy":"product_tag","embeddable":true,"href":"https:\/\/rxcompetition.com\/en\/wp-json\/wp\/v2\/product_tag?post=35034"}],"curies":[{"name":"wp","href":"https:\/\/api.w.org\/{rel}","templated":true}]}}