{"id":35030,"date":"2023-02-24T19:22:50","date_gmt":"2023-02-24T19:22:50","guid":{"rendered":"https:\/\/rxcompetition.com\/?post_type=product&#038;p=35030"},"modified":"2024-04-27T14:16:56","modified_gmt":"2024-04-27T14:16:56","slug":"squat-stand-elite-1-0","status":"publish","type":"product","link":"https:\/\/rxcompetition.com\/en\/product\/squat-stand-elite-1-0\/","title":{"rendered":"ELITE SQUAT STAND 1.0"},"content":{"rendered":"<p class=\" translation-block\">The RX Elite Squat Stand 1.0 is our flagship Squat Stand in the Elite Competition category. It is the most solid and sturdy Squat Stand in terms of design and performance, as it simply offers everything necessary to withstand the most demanding workouts.<\/p>\n<p>&nbsp;<\/p>\n<p class=\" translation-block\">It is supported by two steel 80 x 80 x 4 mm upright columns with 2.352 mm total height, allowing athletes of all heights to perform squats comfortably. The two columns are connected at the top by an RX Rig Round Bar crossbar to increase the overall rigidity of the structure. This crossbar can even be used as a pull-up bar to enhance the versatility of this Squat Stand version.<\/p>\n<p>&nbsp;<\/p>\n<p class=\" translation-block\">The two Upright columns that stands up this structure have 32 front faced \u00d826 mm holes, and 37 additional \u00d820 mm numbered holes are available on the right side, spaced closer together, to provide a wider range of height performance and options. This structure is specially designed to serve two functions:<\/p>\n<p>&nbsp;<\/p>\n<ul>\n<li class=\" translation-block\">-\tAs an Elite Squat Stand 2.0 structure.<\/li>\n<li class=\" translation-block\">As an Elite Yoke 1.0 column frame<\/li>\n<\/ul>\n<p>&nbsp;<\/p>\n<p class=\" translation-block\">The numbering on the right side of the columns is primarily intended for the use of the Yoke Gear tool, facilitating its installation and positioning between the two Upright columns of the yoke, using the 37 numbered \u00d820 mm holes available. Therefore, this Squat Stand can be converted into an RX Elite Yoke 1.0 by simply adding the Yoke Kit, which includes the Yoke Gear bar, four Yoke Rollers supports, and two lateral Yoke Plate Holders.<\/p>\n<p>&nbsp;<\/p>\n<p class=\" translation-block\">All \u00d826 mm holes on the front face and \u00d820 mm holes on the right sides include their own ascending numbering to allow a quick adjustment of the bar supports and Yoke Gear when changing exercises. Both the holes and numbers are laser-cut.<\/p>\n<p>&nbsp;<\/p>\n<p>This frame is manufactured and machined in Spain under the strictest quality controls, ensuring high-quality finishes in terms of laser-cut precision and, above all, the quality of the welds. The lifetime warranty we offer on the material of this structure demonstrates that we don't cut corners.<\/p>\n<p>&nbsp;<\/p>\n<p class=\" translation-block\">The RX Elite Squat Stand 1.0 is undoubtedly the reference Squat Stand structure in the market.<\/p>\n<p>&nbsp;<\/p>\n<p><strong>THE PRICE IS PER UNIT<\/strong><\/p>","protected":false},"excerpt":{"rendered":"<p><strong>SPECIFICATIONS<\/strong><\/p>\n<p>&nbsp;<\/p>\n<p class=\" translation-block\">Brand: RX Competition<\/p>\n<p>Manufactured in Spain<\/p>\n<p class=\" translation-block\">Usage: Weightlifting, Powerlifting, Cross Training<\/p>\n<p>Weight: 100 kg<\/p>\n<p>Maximum load capacity: 900 kg<\/p>\n<p>Upright material: Powder coated steel<\/p>\n<p>Tube dimensions: 80 x 80 mm<\/p>\n<p>Tube thickness: 4 mm<\/p>\n<p>Loading holes diameter: 26 mm<\/p>\n<p>Side loading holes diameter: 20 mm<\/p>\n<p>Distance between front holes: 50 mm<\/p>\n<p>Distance between side holes: 44 mm<\/p>\n<p>Numeration on all holes: Yes, in ascending order<\/p>\n<p>Holes and numbers: Laser-cut<\/p>\n<p>Total height: 2.352 mm<\/p>\n<p>Total width: 1.260 mm<\/p>\n<p>Total depth: 1.394 mm<\/p>\n<p>Assembling bolts: AISI-304 stainless steel DIN-931 M-20<\/p>\n<p>Locking nuts: AISI-304 stainless steel DIN-985 nylon lock M-20<\/p>\n<p>Structure warranty: Lifetime<\/p>\n<p>Coating warranty: 2 years<\/p>\n<p>&nbsp;<\/p>\n<p><strong>*REAL PICTURES<\/strong><\/p>","protected":false},"featured_media":37815,"comment_status":"closed","ping_status":"closed","template":"","meta":{"inline_featured_image":false},"product_cat":[146,158,155,290],"product_tag":[],"class_list":{"0":"post-35030","1":"product","2":"type-product","3":"status-publish","4":"has-post-thumbnail","6":"product_cat-rigs-racks","7":"product_cat-rigs-racks-elite","8":"product_cat-elite-squat-stands","9":"product_cat-estructuras-squat-stands","12":"first","13":"instock","14":"taxable","15":"shipping-taxable","16":"purchasable","17":"product-type-simple"},"yoast_head":"<!-- This site is optimized with the Yoast SEO plugin v23.2 - https:\/\/yoast.com\/wordpress\/plugins\/seo\/ -->\n<title>ELITE SQUAT STAND 1.0 - RX Competition<\/title>\n<meta name=\"robots\" content=\"index, follow, max-snippet:-1, max-image-preview:large, max-video-preview:-1\" \/>\n<link rel=\"canonical\" href=\"https:\/\/rxcompetition.com\/en\/product\/squat-stand-elite-1-0\/\" \/>\n<meta property=\"og:locale\" content=\"en_US\" \/>\n<meta property=\"og:type\" content=\"article\" \/>\n<meta property=\"og:title\" content=\"ELITE SQUAT STAND 1.0 - RX Competition\" \/>\n<meta property=\"og:description\" content=\"ESPECIFICACIONES  &nbsp;  Marca: RX Competition  Fabricado en Espa\u00f1a  Uso: Weightlifting, Powerlifting, Cross Training  Peso: 100 kg  Capacidad m\u00e1xima de carga: 900 kg  Material de la barra: Acero con pintura en polvo  Dimensiones del tubo: 80 x 80 mm  Espesor del tubo: 4 mm  Di\u00e1metro de los orificios de carga: 26 mm  Di\u00e1metro de los orificios de carga laterales: 20 mm  Distancia entre orificios frontales: 50 mm  Distancia entre orificios laterales: 44 mm  Numeraci\u00f3n en todos los orificios: S\u00ed  Orificios y n\u00fameros: Cortados a l\u00e1ser  Altura total: 2.352 mm  Anchura total: 1.260 mm  Profundidad total: 1.394 mm  Tornillos de ensamblaje: DIN-931 M-20 de acero inoxidable AISI-304  Tuercas de apriete: DIN-985 autoblocantes M-20 de acero inoxidable AISI-304  Garant\u00eda sobre la estructura: De por vida  Garant\u00eda sobre el recubrimiento: 2 a\u00f1os  &nbsp;  *IMAGENES REALES\" \/>\n<meta property=\"og:url\" content=\"https:\/\/rxcompetition.com\/en\/product\/squat-stand-elite-1-0\/\" \/>\n<meta property=\"og:site_name\" content=\"RX Competition\" \/>\n<meta property=\"article:modified_time\" content=\"2024-04-27T14:16:56+00:00\" \/>\n<meta property=\"og:image\" content=\"https:\/\/rxcompetition.com\/wp-content\/uploads\/2023\/02\/STAND1.0_3-scaled.jpg\" \/>\n\t<meta property=\"og:image:width\" content=\"2560\" \/>\n\t<meta property=\"og:image:height\" content=\"1707\" \/>\n\t<meta property=\"og:image:type\" content=\"image\/jpeg\" \/>\n<meta name=\"twitter:card\" content=\"summary_large_image\" \/>\n<meta name=\"twitter:label1\" content=\"Est. reading time\" \/>\n\t<meta name=\"twitter:data1\" content=\"3 minutes\" \/>\n<script type=\"application\/ld+json\" class=\"yoast-schema-graph\">{\"@context\":\"https:\/\/schema.org\",\"@graph\":[{\"@type\":\"WebPage\",\"@id\":\"https:\/\/rxcompetition.com\/product\/squat-stand-elite-1-0\/\",\"url\":\"https:\/\/rxcompetition.com\/product\/squat-stand-elite-1-0\/\",\"name\":\"ELITE SQUAT STAND 1.0 - RX Competition\",\"isPartOf\":{\"@id\":\"https:\/\/rxcompetition.com\/#website\"},\"primaryImageOfPage\":{\"@id\":\"https:\/\/rxcompetition.com\/product\/squat-stand-elite-1-0\/#primaryimage\"},\"image\":{\"@id\":\"https:\/\/rxcompetition.com\/product\/squat-stand-elite-1-0\/#primaryimage\"},\"thumbnailUrl\":\"https:\/\/rxcompetition.com\/wp-content\/uploads\/2023\/02\/STAND1.0_3-scaled.jpg\",\"datePublished\":\"2023-02-24T19:22:50+00:00\",\"dateModified\":\"2024-04-27T14:16:56+00:00\",\"breadcrumb\":{\"@id\":\"https:\/\/rxcompetition.com\/product\/squat-stand-elite-1-0\/#breadcrumb\"},\"inLanguage\":\"en-US\",\"potentialAction\":[{\"@type\":\"ReadAction\",\"target\":[\"https:\/\/rxcompetition.com\/product\/squat-stand-elite-1-0\/\"]}]},{\"@type\":\"ImageObject\",\"inLanguage\":\"en-US\",\"@id\":\"https:\/\/rxcompetition.com\/product\/squat-stand-elite-1-0\/#primaryimage\",\"url\":\"https:\/\/rxcompetition.com\/wp-content\/uploads\/2023\/02\/STAND1.0_3-scaled.jpg\",\"contentUrl\":\"https:\/\/rxcompetition.com\/wp-content\/uploads\/2023\/02\/STAND1.0_3-scaled.jpg\",\"width\":2560,\"height\":1707},{\"@type\":\"BreadcrumbList\",\"@id\":\"https:\/\/rxcompetition.com\/product\/squat-stand-elite-1-0\/#breadcrumb\",\"itemListElement\":[{\"@type\":\"ListItem\",\"position\":1,\"name\":\"Inicio\",\"item\":\"https:\/\/rxcompetition.com\/\"},{\"@type\":\"ListItem\",\"position\":2,\"name\":\"Tienda\",\"item\":\"https:\/\/rxcompetition.com\/tienda\/\"},{\"@type\":\"ListItem\",\"position\":3,\"name\":\"ELITE SQUAT STAND 1.0\"}]},{\"@type\":\"WebSite\",\"@id\":\"https:\/\/rxcompetition.com\/#website\",\"url\":\"https:\/\/rxcompetition.com\/\",\"name\":\"RX Competition\",\"description\":\"\",\"publisher\":{\"@id\":\"https:\/\/rxcompetition.com\/#organization\"},\"potentialAction\":[{\"@type\":\"SearchAction\",\"target\":{\"@type\":\"EntryPoint\",\"urlTemplate\":\"https:\/\/rxcompetition.com\/?s={search_term_string}\"},\"query-input\":\"required name=search_term_string\"}],\"inLanguage\":\"en-US\"},{\"@type\":\"Organization\",\"@id\":\"https:\/\/rxcompetition.com\/#organization\",\"name\":\"RX Competition\",\"url\":\"https:\/\/rxcompetition.com\/\",\"logo\":{\"@type\":\"ImageObject\",\"inLanguage\":\"en-US\",\"@id\":\"https:\/\/rxcompetition.com\/#\/schema\/logo\/image\/\",\"url\":\"https:\/\/rxcompetition.com\/wp-content\/uploads\/2023\/04\/LOGO-RX-PROGRAMA.png\",\"contentUrl\":\"https:\/\/rxcompetition.com\/wp-content\/uploads\/2023\/04\/LOGO-RX-PROGRAMA.png\",\"width\":1416,\"height\":672,\"caption\":\"RX Competition\"},\"image\":{\"@id\":\"https:\/\/rxcompetition.com\/#\/schema\/logo\/image\/\"}}]}<\/script>\n<!-- \/ Yoast SEO plugin. -->","yoast_head_json":{"title":"ELITE SQUAT STAND 1.0 - RX Competition","robots":{"index":"index","follow":"follow","max-snippet":"max-snippet:-1","max-image-preview":"max-image-preview:large","max-video-preview":"max-video-preview:-1"},"canonical":"https:\/\/rxcompetition.com\/en\/product\/squat-stand-elite-1-0\/","og_locale":"en_US","og_type":"article","og_title":"ELITE SQUAT STAND 1.0 - RX Competition","og_description":"ESPECIFICACIONES  &nbsp;  Marca: RX Competition  Fabricado en Espa\u00f1a  Uso: Weightlifting, Powerlifting, Cross Training  Peso: 100 kg  Capacidad m\u00e1xima de carga: 900 kg  Material de la barra: Acero con pintura en polvo  Dimensiones del tubo: 80 x 80 mm  Espesor del tubo: 4 mm  Di\u00e1metro de los orificios de carga: 26 mm  Di\u00e1metro de los orificios de carga laterales: 20 mm  Distancia entre orificios frontales: 50 mm  Distancia entre orificios laterales: 44 mm  Numeraci\u00f3n en todos los orificios: S\u00ed  Orificios y n\u00fameros: Cortados a l\u00e1ser  Altura total: 2.352 mm  Anchura total: 1.260 mm  Profundidad total: 1.394 mm  Tornillos de ensamblaje: DIN-931 M-20 de acero inoxidable AISI-304  Tuercas de apriete: DIN-985 autoblocantes M-20 de acero inoxidable AISI-304  Garant\u00eda sobre la estructura: De por vida  Garant\u00eda sobre el recubrimiento: 2 a\u00f1os  &nbsp;  *IMAGENES REALES","og_url":"https:\/\/rxcompetition.com\/en\/product\/squat-stand-elite-1-0\/","og_site_name":"RX Competition","article_modified_time":"2024-04-27T14:16:56+00:00","og_image":[{"width":2560,"height":1707,"url":"https:\/\/rxcompetition.com\/wp-content\/uploads\/2023\/02\/STAND1.0_3-scaled.jpg","type":"image\/jpeg"}],"twitter_card":"summary_large_image","twitter_misc":{"Est. reading time":"3 minutes"},"schema":{"@context":"https:\/\/schema.org","@graph":[{"@type":"WebPage","@id":"https:\/\/rxcompetition.com\/product\/squat-stand-elite-1-0\/","url":"https:\/\/rxcompetition.com\/product\/squat-stand-elite-1-0\/","name":"ELITE SQUAT STAND 1.0 - RX Competition","isPartOf":{"@id":"https:\/\/rxcompetition.com\/#website"},"primaryImageOfPage":{"@id":"https:\/\/rxcompetition.com\/product\/squat-stand-elite-1-0\/#primaryimage"},"image":{"@id":"https:\/\/rxcompetition.com\/product\/squat-stand-elite-1-0\/#primaryimage"},"thumbnailUrl":"https:\/\/rxcompetition.com\/wp-content\/uploads\/2023\/02\/STAND1.0_3-scaled.jpg","datePublished":"2023-02-24T19:22:50+00:00","dateModified":"2024-04-27T14:16:56+00:00","breadcrumb":{"@id":"https:\/\/rxcompetition.com\/product\/squat-stand-elite-1-0\/#breadcrumb"},"inLanguage":"en-US","potentialAction":[{"@type":"ReadAction","target":["https:\/\/rxcompetition.com\/product\/squat-stand-elite-1-0\/"]}]},{"@type":"ImageObject","inLanguage":"en-US","@id":"https:\/\/rxcompetition.com\/product\/squat-stand-elite-1-0\/#primaryimage","url":"https:\/\/rxcompetition.com\/wp-content\/uploads\/2023\/02\/STAND1.0_3-scaled.jpg","contentUrl":"https:\/\/rxcompetition.com\/wp-content\/uploads\/2023\/02\/STAND1.0_3-scaled.jpg","width":2560,"height":1707},{"@type":"BreadcrumbList","@id":"https:\/\/rxcompetition.com\/product\/squat-stand-elite-1-0\/#breadcrumb","itemListElement":[{"@type":"ListItem","position":1,"name":"Inicio","item":"https:\/\/rxcompetition.com\/"},{"@type":"ListItem","position":2,"name":"Tienda","item":"https:\/\/rxcompetition.com\/tienda\/"},{"@type":"ListItem","position":3,"name":"ELITE SQUAT STAND 1.0"}]},{"@type":"WebSite","@id":"https:\/\/rxcompetition.com\/#website","url":"https:\/\/rxcompetition.com\/","name":"RX Competition","description":"","publisher":{"@id":"https:\/\/rxcompetition.com\/#organization"},"potentialAction":[{"@type":"SearchAction","target":{"@type":"EntryPoint","urlTemplate":"https:\/\/rxcompetition.com\/?s={search_term_string}"},"query-input":"required name=search_term_string"}],"inLanguage":"en-US"},{"@type":"Organization","@id":"https:\/\/rxcompetition.com\/#organization","name":"RX Competition","url":"https:\/\/rxcompetition.com\/","logo":{"@type":"ImageObject","inLanguage":"en-US","@id":"https:\/\/rxcompetition.com\/#\/schema\/logo\/image\/","url":"https:\/\/rxcompetition.com\/wp-content\/uploads\/2023\/04\/LOGO-RX-PROGRAMA.png","contentUrl":"https:\/\/rxcompetition.com\/wp-content\/uploads\/2023\/04\/LOGO-RX-PROGRAMA.png","width":1416,"height":672,"caption":"RX Competition"},"image":{"@id":"https:\/\/rxcompetition.com\/#\/schema\/logo\/image\/"}}]}},"jetpack_sharing_enabled":true,"_links":{"self":[{"href":"https:\/\/rxcompetition.com\/en\/wp-json\/wp\/v2\/product\/35030","targetHints":{"allow":["GET"]}}],"collection":[{"href":"https:\/\/rxcompetition.com\/en\/wp-json\/wp\/v2\/product"}],"about":[{"href":"https:\/\/rxcompetition.com\/en\/wp-json\/wp\/v2\/types\/product"}],"replies":[{"embeddable":true,"href":"https:\/\/rxcompetition.com\/en\/wp-json\/wp\/v2\/comments?post=35030"}],"wp:featuredmedia":[{"embeddable":true,"href":"https:\/\/rxcompetition.com\/en\/wp-json\/wp\/v2\/media\/37815"}],"wp:attachment":[{"href":"https:\/\/rxcompetition.com\/en\/wp-json\/wp\/v2\/media?parent=35030"}],"wp:term":[{"taxonomy":"product_cat","embeddable":true,"href":"https:\/\/rxcompetition.com\/en\/wp-json\/wp\/v2\/product_cat?post=35030"},{"taxonomy":"product_tag","embeddable":true,"href":"https:\/\/rxcompetition.com\/en\/wp-json\/wp\/v2\/product_tag?post=35030"}],"curies":[{"name":"wp","href":"https:\/\/api.w.org\/{rel}","templated":true}]}}