{"id":35028,"date":"2023-02-24T19:16:13","date_gmt":"2023-02-24T19:16:13","guid":{"rendered":"https:\/\/rxcompetition.com\/?post_type=product&#038;p=35028"},"modified":"2024-04-04T19:30:59","modified_gmt":"2024-04-04T19:30:59","slug":"power-rack-regular","status":"publish","type":"product","link":"https:\/\/rxcompetition.com\/en\/product\/power-rack-regular\/","title":{"rendered":"MASTER POWER RACK"},"content":{"rendered":"<p class=\" translation-block\">Our RX Master Power Rack could easily be considered a competition-grade Power Rack, but we have categorized it in our Master line because we have configured our entire Elite Heavy sturdy line with 80 x 80 x 4 mm profiles.<\/p>\n<p>&nbsp;<\/p>\n<p class=\" translation-block\">The RX Master Power Rack is our most commercially oriented Power Rack in terms of design and features because it simply offers everything needed to support the most demanding workouts. It is supported by four steel 75 x 75 x 3 mm upright columns with a total 2.300 mm height, allowing for unrestricted movement during exercises. The columns include 26 mm diameter holes spaced at 50 mm intervals. The holes are numbered in a descending pattern of every 3, allowing a quick height adjustment. Both the holes and numbers are laser-cut.<\/p>\n<p>&nbsp;<\/p>\n<p class=\" translation-block\">This frame includes a multi-grip Pull-up bar at the top front, two safety slings with fixing pins, and two J-Cups for adjusting and supporting the Olympic barbell.<\/p>\n<p>&nbsp;<\/p>\n<p class=\" translation-block\">The RX Master Power Rack is, in essence, the most compact, practical, and competitive Power Rack in terms of quality and price that you can find in our catalog.<\/p>\n<p>&nbsp;<\/p>\n<p><strong>THE PRICE IS PER UNIT<\/strong><\/p>","protected":false},"excerpt":{"rendered":"<p><strong>SPECIFICATIONS<\/strong><\/p>\n<p>&nbsp;<\/p>\n<p class=\" translation-block\">Brand: RX Competition<\/p>\n<p class=\" translation-block\">Usage: Weightlifting, Powerlifting, Cross training, etc.<\/p>\n<p>Weight: 124,7 kg<\/p>\n<p>Maximum load capacity: 900 kg<\/p>\n<p>Upright material: Powder coated steel<\/p>\n<p>Tube dimensions: 75 x 75 mm<\/p>\n<p>Tube thickness: 3 mm<\/p>\n<p>Loading holes diameter: 26 mm<\/p>\n<p>Distance between holes: 50 mm<\/p>\n<p>Holes numbering: Every 3 holes in a descending pattern.<\/p>\n<p>Holes and numbers: Laser-cut<\/p>\n<p>Total height: 2.300 mm<\/p>\n<p>Total width: 1.340 mm<\/p>\n<p>Total depth: 1.320 mm<\/p>\n<p>Crossmember: Upper and lower with holes<\/p>\n<p class=\" translation-block\">Top front bar: Multi-grip Pull-up bar included<\/p>\n<p>Assembling bolts: Zinc plated steel DIN-931 M-12<\/p>\n<p>Locking nuts: Zinc plated steel DIN-985 nylon lock M-12<\/p>\n<p>Structure warranty: 2 years<\/p>\n<p>Coating warranty: 1 year<\/p>\n<p>&nbsp;<\/p>\n<p><strong>*REAL PICTURES<\/strong><\/p>","protected":false},"featured_media":37853,"comment_status":"closed","ping_status":"closed","template":"","meta":{"inline_featured_image":false},"product_cat":[300,146,157],"product_tag":[],"class_list":{"0":"post-35028","1":"product","2":"type-product","3":"status-publish","4":"has-post-thumbnail","6":"product_cat-regular-power-racks","7":"product_cat-rigs-racks","8":"product_cat-rigs-racks-regular","11":"first","12":"instock","13":"taxable","14":"shipping-taxable","15":"purchasable","16":"product-type-simple"},"yoast_head":"<!-- This site is optimized with the Yoast SEO plugin v23.2 - https:\/\/yoast.com\/wordpress\/plugins\/seo\/ -->\n<title>MASTER POWER RACK - RX Competition<\/title>\n<meta name=\"robots\" content=\"index, follow, max-snippet:-1, max-image-preview:large, max-video-preview:-1\" \/>\n<link rel=\"canonical\" href=\"https:\/\/rxcompetition.com\/en\/product\/power-rack-regular\/\" \/>\n<meta property=\"og:locale\" content=\"en_US\" \/>\n<meta property=\"og:type\" content=\"article\" \/>\n<meta property=\"og:title\" content=\"MASTER POWER RACK - RX Competition\" \/>\n<meta property=\"og:description\" content=\"ESPECIFICACIONES  &nbsp;  Marca: RX Competition  Uso: Weightlifting, Powerlifting, Cross Training,\u2026  Peso: 124,7 kg  Capacidad m\u00e1xima de carga: 900 kg  Material de la barra: Acero con pintura en polvo  Dimensiones del tubo: 75 x 75 mm  Espesor del tubo: 3 mm  Di\u00e1metro de los orificios de carga: 26 mm  Distancia entre orificios: 50 mm  Numeraci\u00f3n en los orificios: Vigente en distribuci\u00f3n cada 3 orificios, de manera descendente.  Orificios y n\u00fameros: Cortados a l\u00e1ser  Altura total: 2.300 mm  Anchura total: 1.340 mm  Profundidad total: 1.320 mm  Travesa\u00f1o: Superior e inferior con orificios incluidos  Barra frontal superior: Tipo Pull up Multi Grip incluida  Tornillos de ensamblaje: DIN-931 M-12 de acero zincado  Tuercas de apriete: DIN-985 nylon autoblocante M-12 de acero zincado  Garant\u00eda de la estructura: 2 a\u00f1os  Garant\u00eda de la pintura: 1 a\u00f1o  &nbsp;  *IMAGENES REALES\" \/>\n<meta property=\"og:url\" content=\"https:\/\/rxcompetition.com\/en\/product\/power-rack-regular\/\" \/>\n<meta property=\"og:site_name\" content=\"RX Competition\" \/>\n<meta property=\"article:modified_time\" content=\"2024-04-04T19:30:59+00:00\" \/>\n<meta property=\"og:image\" content=\"https:\/\/rxcompetition.com\/wp-content\/uploads\/2023\/02\/2-LOGO-scaled.jpg\" \/>\n\t<meta property=\"og:image:width\" content=\"2560\" \/>\n\t<meta property=\"og:image:height\" content=\"1707\" \/>\n\t<meta property=\"og:image:type\" content=\"image\/jpeg\" \/>\n<meta name=\"twitter:card\" content=\"summary_large_image\" \/>\n<meta name=\"twitter:label1\" content=\"Est. reading time\" \/>\n\t<meta name=\"twitter:data1\" content=\"2 minutes\" \/>\n<script type=\"application\/ld+json\" class=\"yoast-schema-graph\">{\"@context\":\"https:\/\/schema.org\",\"@graph\":[{\"@type\":\"WebPage\",\"@id\":\"https:\/\/rxcompetition.com\/en\/product\/power-rack-regular\/\",\"url\":\"https:\/\/rxcompetition.com\/en\/product\/power-rack-regular\/\",\"name\":\"MASTER POWER RACK - RX Competition\",\"isPartOf\":{\"@id\":\"https:\/\/rxcompetition.com\/#website\"},\"primaryImageOfPage\":{\"@id\":\"https:\/\/rxcompetition.com\/en\/product\/power-rack-regular\/#primaryimage\"},\"image\":{\"@id\":\"https:\/\/rxcompetition.com\/en\/product\/power-rack-regular\/#primaryimage\"},\"thumbnailUrl\":\"https:\/\/rxcompetition.com\/wp-content\/uploads\/2023\/02\/2-LOGO-scaled.jpg\",\"datePublished\":\"2023-02-24T19:16:13+00:00\",\"dateModified\":\"2024-04-04T19:30:59+00:00\",\"breadcrumb\":{\"@id\":\"https:\/\/rxcompetition.com\/en\/product\/power-rack-regular\/#breadcrumb\"},\"inLanguage\":\"en-US\",\"potentialAction\":[{\"@type\":\"ReadAction\",\"target\":[\"https:\/\/rxcompetition.com\/en\/product\/power-rack-regular\/\"]}]},{\"@type\":\"ImageObject\",\"inLanguage\":\"en-US\",\"@id\":\"https:\/\/rxcompetition.com\/en\/product\/power-rack-regular\/#primaryimage\",\"url\":\"https:\/\/rxcompetition.com\/wp-content\/uploads\/2023\/02\/2-LOGO-scaled.jpg\",\"contentUrl\":\"https:\/\/rxcompetition.com\/wp-content\/uploads\/2023\/02\/2-LOGO-scaled.jpg\",\"width\":2560,\"height\":1707},{\"@type\":\"BreadcrumbList\",\"@id\":\"https:\/\/rxcompetition.com\/en\/product\/power-rack-regular\/#breadcrumb\",\"itemListElement\":[{\"@type\":\"ListItem\",\"position\":1,\"name\":\"Inicio\",\"item\":\"https:\/\/rxcompetition.com\/\"},{\"@type\":\"ListItem\",\"position\":2,\"name\":\"Tienda\",\"item\":\"https:\/\/rxcompetition.com\/tienda\/\"},{\"@type\":\"ListItem\",\"position\":3,\"name\":\"MASTER POWER RACK\"}]},{\"@type\":\"WebSite\",\"@id\":\"https:\/\/rxcompetition.com\/#website\",\"url\":\"https:\/\/rxcompetition.com\/\",\"name\":\"RX Competition\",\"description\":\"\",\"publisher\":{\"@id\":\"https:\/\/rxcompetition.com\/#organization\"},\"potentialAction\":[{\"@type\":\"SearchAction\",\"target\":{\"@type\":\"EntryPoint\",\"urlTemplate\":\"https:\/\/rxcompetition.com\/?s={search_term_string}\"},\"query-input\":\"required name=search_term_string\"}],\"inLanguage\":\"en-US\"},{\"@type\":\"Organization\",\"@id\":\"https:\/\/rxcompetition.com\/#organization\",\"name\":\"RX Competition\",\"url\":\"https:\/\/rxcompetition.com\/\",\"logo\":{\"@type\":\"ImageObject\",\"inLanguage\":\"en-US\",\"@id\":\"https:\/\/rxcompetition.com\/#\/schema\/logo\/image\/\",\"url\":\"https:\/\/rxcompetition.com\/wp-content\/uploads\/2023\/04\/LOGO-RX-PROGRAMA.png\",\"contentUrl\":\"https:\/\/rxcompetition.com\/wp-content\/uploads\/2023\/04\/LOGO-RX-PROGRAMA.png\",\"width\":1416,\"height\":672,\"caption\":\"RX Competition\"},\"image\":{\"@id\":\"https:\/\/rxcompetition.com\/#\/schema\/logo\/image\/\"}}]}<\/script>\n<!-- \/ Yoast SEO plugin. -->","yoast_head_json":{"title":"MASTER POWER RACK - RX Competition","robots":{"index":"index","follow":"follow","max-snippet":"max-snippet:-1","max-image-preview":"max-image-preview:large","max-video-preview":"max-video-preview:-1"},"canonical":"https:\/\/rxcompetition.com\/en\/product\/power-rack-regular\/","og_locale":"en_US","og_type":"article","og_title":"MASTER POWER RACK - RX Competition","og_description":"ESPECIFICACIONES  &nbsp;  Marca: RX Competition  Uso: Weightlifting, Powerlifting, Cross Training,\u2026  Peso: 124,7 kg  Capacidad m\u00e1xima de carga: 900 kg  Material de la barra: Acero con pintura en polvo  Dimensiones del tubo: 75 x 75 mm  Espesor del tubo: 3 mm  Di\u00e1metro de los orificios de carga: 26 mm  Distancia entre orificios: 50 mm  Numeraci\u00f3n en los orificios: Vigente en distribuci\u00f3n cada 3 orificios, de manera descendente.  Orificios y n\u00fameros: Cortados a l\u00e1ser  Altura total: 2.300 mm  Anchura total: 1.340 mm  Profundidad total: 1.320 mm  Travesa\u00f1o: Superior e inferior con orificios incluidos  Barra frontal superior: Tipo Pull up Multi Grip incluida  Tornillos de ensamblaje: DIN-931 M-12 de acero zincado  Tuercas de apriete: DIN-985 nylon autoblocante M-12 de acero zincado  Garant\u00eda de la estructura: 2 a\u00f1os  Garant\u00eda de la pintura: 1 a\u00f1o  &nbsp;  *IMAGENES REALES","og_url":"https:\/\/rxcompetition.com\/en\/product\/power-rack-regular\/","og_site_name":"RX Competition","article_modified_time":"2024-04-04T19:30:59+00:00","og_image":[{"width":2560,"height":1707,"url":"https:\/\/rxcompetition.com\/wp-content\/uploads\/2023\/02\/2-LOGO-scaled.jpg","type":"image\/jpeg"}],"twitter_card":"summary_large_image","twitter_misc":{"Est. reading time":"2 minutes"},"schema":{"@context":"https:\/\/schema.org","@graph":[{"@type":"WebPage","@id":"https:\/\/rxcompetition.com\/en\/product\/power-rack-regular\/","url":"https:\/\/rxcompetition.com\/en\/product\/power-rack-regular\/","name":"MASTER POWER RACK - RX Competition","isPartOf":{"@id":"https:\/\/rxcompetition.com\/#website"},"primaryImageOfPage":{"@id":"https:\/\/rxcompetition.com\/en\/product\/power-rack-regular\/#primaryimage"},"image":{"@id":"https:\/\/rxcompetition.com\/en\/product\/power-rack-regular\/#primaryimage"},"thumbnailUrl":"https:\/\/rxcompetition.com\/wp-content\/uploads\/2023\/02\/2-LOGO-scaled.jpg","datePublished":"2023-02-24T19:16:13+00:00","dateModified":"2024-04-04T19:30:59+00:00","breadcrumb":{"@id":"https:\/\/rxcompetition.com\/en\/product\/power-rack-regular\/#breadcrumb"},"inLanguage":"en-US","potentialAction":[{"@type":"ReadAction","target":["https:\/\/rxcompetition.com\/en\/product\/power-rack-regular\/"]}]},{"@type":"ImageObject","inLanguage":"en-US","@id":"https:\/\/rxcompetition.com\/en\/product\/power-rack-regular\/#primaryimage","url":"https:\/\/rxcompetition.com\/wp-content\/uploads\/2023\/02\/2-LOGO-scaled.jpg","contentUrl":"https:\/\/rxcompetition.com\/wp-content\/uploads\/2023\/02\/2-LOGO-scaled.jpg","width":2560,"height":1707},{"@type":"BreadcrumbList","@id":"https:\/\/rxcompetition.com\/en\/product\/power-rack-regular\/#breadcrumb","itemListElement":[{"@type":"ListItem","position":1,"name":"Inicio","item":"https:\/\/rxcompetition.com\/"},{"@type":"ListItem","position":2,"name":"Tienda","item":"https:\/\/rxcompetition.com\/tienda\/"},{"@type":"ListItem","position":3,"name":"MASTER POWER RACK"}]},{"@type":"WebSite","@id":"https:\/\/rxcompetition.com\/#website","url":"https:\/\/rxcompetition.com\/","name":"RX Competition","description":"","publisher":{"@id":"https:\/\/rxcompetition.com\/#organization"},"potentialAction":[{"@type":"SearchAction","target":{"@type":"EntryPoint","urlTemplate":"https:\/\/rxcompetition.com\/?s={search_term_string}"},"query-input":"required name=search_term_string"}],"inLanguage":"en-US"},{"@type":"Organization","@id":"https:\/\/rxcompetition.com\/#organization","name":"RX Competition","url":"https:\/\/rxcompetition.com\/","logo":{"@type":"ImageObject","inLanguage":"en-US","@id":"https:\/\/rxcompetition.com\/#\/schema\/logo\/image\/","url":"https:\/\/rxcompetition.com\/wp-content\/uploads\/2023\/04\/LOGO-RX-PROGRAMA.png","contentUrl":"https:\/\/rxcompetition.com\/wp-content\/uploads\/2023\/04\/LOGO-RX-PROGRAMA.png","width":1416,"height":672,"caption":"RX Competition"},"image":{"@id":"https:\/\/rxcompetition.com\/#\/schema\/logo\/image\/"}}]}},"jetpack_sharing_enabled":true,"_links":{"self":[{"href":"https:\/\/rxcompetition.com\/en\/wp-json\/wp\/v2\/product\/35028","targetHints":{"allow":["GET"]}}],"collection":[{"href":"https:\/\/rxcompetition.com\/en\/wp-json\/wp\/v2\/product"}],"about":[{"href":"https:\/\/rxcompetition.com\/en\/wp-json\/wp\/v2\/types\/product"}],"replies":[{"embeddable":true,"href":"https:\/\/rxcompetition.com\/en\/wp-json\/wp\/v2\/comments?post=35028"}],"wp:featuredmedia":[{"embeddable":true,"href":"https:\/\/rxcompetition.com\/en\/wp-json\/wp\/v2\/media\/37853"}],"wp:attachment":[{"href":"https:\/\/rxcompetition.com\/en\/wp-json\/wp\/v2\/media?parent=35028"}],"wp:term":[{"taxonomy":"product_cat","embeddable":true,"href":"https:\/\/rxcompetition.com\/en\/wp-json\/wp\/v2\/product_cat?post=35028"},{"taxonomy":"product_tag","embeddable":true,"href":"https:\/\/rxcompetition.com\/en\/wp-json\/wp\/v2\/product_tag?post=35028"}],"curies":[{"name":"wp","href":"https:\/\/api.w.org\/{rel}","templated":true}]}}