{"id":34977,"date":"2023-02-24T17:46:43","date_gmt":"2023-02-24T17:46:43","guid":{"rendered":"https:\/\/rxcompetition.com\/?post_type=product&#038;p=34977"},"modified":"2024-04-27T14:24:07","modified_gmt":"2024-04-27T14:24:07","slug":"rx-horizontal-mixed-bumper-rack","status":"publish","type":"product","link":"https:\/\/rxcompetition.com\/en\/product\/rx-horizontal-mixed-bumper-rack\/","title":{"rendered":"ELITE VERTICAL MIXED RACK"},"content":{"rendered":"<p style=\"margin: 0cm;\" class=\" translation-block\">The RX Elite Vertical Mixed Rack is our special designed storage unit directly from our Elite Competition frames.<\/p>\n<p style=\"margin: 0cm; box-sizing: border-box; font-variant-ligatures: normal; font-variant-caps: normal; orphans: 2; widows: 2; -webkit-text-stroke-width: 0px; text-decoration-thickness: initial; text-decoration-style: initial; text-decoration-color: initial; word-spacing: 0px;\" class=\" translation-block\">This storage rack is supported by two 80 x 80 x 4 mm thick steel Upright columns with a total height of 2.090 mm, which allows a high vertical storage capacity.<\/p>\n<p style=\"margin: 0cm; box-sizing: border-box; font-variant-ligatures: normal; font-variant-caps: normal; orphans: 2; widows: 2; -webkit-text-stroke-width: 0px; text-decoration-thickness: initial; text-decoration-style: initial; text-decoration-color: initial; word-spacing: 0px;\" class=\" translation-block\">The two upright columns that make up this frame directly comes from our squat rack frames, preserving our RX Competiton design and quality.<\/p>\n<p>&nbsp;<\/p>\n<p style=\"margin: 0cm; box-sizing: border-box; font-variant-ligatures: normal; font-variant-caps: normal; orphans: 2; widows: 2; -webkit-text-stroke-width: 0px; text-decoration-thickness: initial; text-decoration-style: initial; text-decoration-color: initial; word-spacing: 0px;\"><span style=\"font-size: 15pt; font-family: 'DM Sans';\">This storage rack is offered in two different configurations: 1.100 mm and 1.800 mm length,  offering a different total weight range between 92 - 190 kg deppending the selected configuration. It has a 5 vertical storage sheets capacity, chosing option between 3 different types:<\/span><\/p>\n<p>&nbsp;<\/p>\n<ul>\n<li class=\" translation-block\">Elite Dumbbell Storage: Specific sheet designed for dumbbell storage.<\/li>\n<li class=\" translation-block\">Elite Kettlebell Storage: Specific sheet designed for kettlebell storage<\/li>\n<li class=\" translation-block\">Elite Bumper &amp; Wallball Storage: Specific sheet designed for bumper and wallball storage.<\/li>\n<\/ul>\n<ul>\n<li><strong>5 storage sheets are included, you can customize it choosing between the 3 different available types for the same price.<\/strong><\/li>\n<\/ul>\n<p>&nbsp;<\/p>\n<p style=\"margin: 0cm; box-sizing: border-box; font-variant-ligatures: normal; font-variant-caps: normal; orphans: 2; widows: 2; -webkit-text-stroke-width: 0px; text-decoration-thickness: initial; text-decoration-style: initial; text-decoration-color: initial; word-spacing: 0px;\"><span style=\"font-size: 15pt; font-family: 'DM Sans';\">This frame is manufactured and machined in Spain under the strictest quality controls, ensuring high-quality finishes in terms of laser-cut precision and, above all, the quality of the welds. The lifetime warranty we offer on the material of this structure demonstrates that we don't cut corners.<\/span><\/p>\n<p style=\"margin: 0cm; box-sizing: border-box; font-variant-ligatures: normal; font-variant-caps: normal; orphans: 2; widows: 2; -webkit-text-stroke-width: 0px; text-decoration-thickness: initial; text-decoration-style: initial; text-decoration-color: initial; word-spacing: 0px;\"><span style=\"font-size: 15pt; font-family: 'DM Sans';\">\u00a0<\/span><\/p>\n<p style=\"margin: 0cm; box-sizing: border-box; font-variant-ligatures: normal; font-variant-caps: normal; orphans: 2; widows: 2; -webkit-text-stroke-width: 0px; text-decoration-thickness: initial; text-decoration-style: initial; text-decoration-color: initial; word-spacing: 0px;\"><span style=\"font-size: 15pt; font-family: 'DM Sans';\">\u00a0<\/span><\/p>\n<p style=\"margin: 0cm; box-sizing: border-box; font-variant-ligatures: normal; font-variant-caps: normal; orphans: 2; widows: 2; -webkit-text-stroke-width: 0px; text-decoration-thickness: initial; text-decoration-style: initial; text-decoration-color: initial; word-spacing: 0px;\"><strong style=\"box-sizing: border-box;\"><span style=\"font-size: 15pt; font-family: 'DM Sans';\">THE PRICE IS PER UNIT<\/span><\/strong><\/p>","protected":false},"excerpt":{"rendered":"<p><strong>SPECIFICATIONS<\/strong><\/p>\n<p>&nbsp;<\/p>\n<p class=\" translation-block\">Brand: RX Competition<\/p>\n<p>Manufactured in Spain<\/p>\n<p class=\" translation-block\">Usage: Storage for bumper plates, kettlebells, and dumbbells.<\/p>\n<p>Weight: Between 92 - 190 kg deppending selected configuration.<\/p>\n<p>Maximum load capacity: 1.500 kg<\/p>\n<p>Upright material: Powder coated steel<\/p>\n<p>Tube dimensions: 80 x 80 mm<\/p>\n<p>Tube thickness: 4 mm<\/p>\n<p>Front holes diameter: 26 mm<\/p>\n<p>Side holes diameter: 20 mm<\/p>\n<p>Distance between front holes: 50 mm<\/p>\n<p>Distance between side holes: 44 mm<\/p>\n<p>Numbering in all holes: Yes, in ascending order.<\/p>\n<p>Holes and numbers: Laser-cut<\/p>\n<p>Total height: 2.090 mm<\/p>\n<p>Total width: 1.100 \/ 1.800 mm<\/p>\n<p>Total depth: 550 mm<\/p>\n<p>Assembling bolts: AISI-304 stainless steel DIN-931 M-20<\/p>\n<p>Locking nuts: AISI-304 stainless steel DIN-985 nylon lock M-20<\/p>\n<p>Structure warranty: Lifetime<\/p>\n<p>Coating warranty: 2 years<\/p>\n<p>&nbsp;<\/p>\n<p><strong>*REAL PICTURES<\/strong><\/p>","protected":false},"featured_media":37873,"comment_status":"closed","ping_status":"closed","template":"","meta":{"inline_featured_image":false},"product_cat":[148,180,181,182,183],"product_tag":[],"class_list":{"0":"post-34977","1":"product","2":"type-product","3":"status-publish","4":"has-post-thumbnail","6":"product_cat-storage","7":"product_cat-weight-plates-rack","8":"product_cat-dumbbells-rack","9":"product_cat-kettlebells-rack","10":"product_cat-medicine-balls-rack","11":"pa_tamano-1100mm","12":"pa_tamano-1800mm","15":"first","16":"instock","17":"taxable","18":"shipping-taxable","19":"purchasable","20":"product-type-variable","21":"has-default-attributes"},"yoast_head":"<!-- This site is optimized with the Yoast SEO plugin v23.2 - https:\/\/yoast.com\/wordpress\/plugins\/seo\/ -->\n<title>ELITE VERTICAL MIXED RACK - RX Competition<\/title>\n<meta name=\"robots\" content=\"index, follow, max-snippet:-1, max-image-preview:large, max-video-preview:-1\" \/>\n<link rel=\"canonical\" href=\"https:\/\/rxcompetition.com\/en\/product\/rx-horizontal-mixed-bumper-rack\/\" \/>\n<meta property=\"og:locale\" content=\"en_US\" \/>\n<meta property=\"og:type\" content=\"article\" \/>\n<meta property=\"og:title\" content=\"ELITE VERTICAL MIXED RACK - RX Competition\" \/>\n<meta property=\"og:description\" content=\"ESPECIFICACIONES  &nbsp;  Marca:\u00a0RX Competition  Fabricado en Espa\u00f1a  Uso: Almacenaje de mancuernas, kettlebells, discos y\u00a0Wallballs.  Peso: Entre 92 - 190 kg dependiendo de la configuraci\u00f3n seleccionada.  Capacidad m\u00e1xima de carga: 1.500 kg  Material de la barra: Acero con pintura en polvo  Dimensiones del tubo: 80 x 80 mm  Espesor del tubo: 4 mm  Di\u00e1metro de los orificios frontales: 26 mm  Di\u00e1metro de los orificios laterales: 20 mm  Distancia entre orificios frontales: 50 mm  Distancia entre orificios laterales: 44 mm  Numeraci\u00f3n en todos los orificios: S\u00ed, de manera ascendente.  Orificios y n\u00fameros: Cortados a l\u00e1ser  Altura total: 2.090 mm  Anchura total: 1.100 \/ 1.800 mm  Profundidad total: 550 mm  Tornillos de ensamblaje: DIN-931 M-20 de acero inoxidable AISI-304  Tuercas de apriete: DIN-985 autoblocantes M-20 de acero inoxidable AISI-304  Garant\u00eda sobre la estructura: De por vida  Garant\u00eda sobre el recubrimiento: 2 a\u00f1os  &nbsp;  *IMAGENES REALES\" \/>\n<meta property=\"og:url\" content=\"https:\/\/rxcompetition.com\/en\/product\/rx-horizontal-mixed-bumper-rack\/\" \/>\n<meta property=\"og:site_name\" content=\"RX Competition\" \/>\n<meta property=\"article:modified_time\" content=\"2024-04-27T14:24:07+00:00\" \/>\n<meta property=\"og:image\" content=\"https:\/\/rxcompetition.com\/wp-content\/uploads\/2023\/02\/4-LOGO-scaled.jpg\" \/>\n\t<meta property=\"og:image:width\" content=\"2560\" \/>\n\t<meta property=\"og:image:height\" content=\"1707\" \/>\n\t<meta property=\"og:image:type\" content=\"image\/jpeg\" \/>\n<meta name=\"twitter:card\" content=\"summary_large_image\" \/>\n<meta name=\"twitter:label1\" content=\"Est. reading time\" \/>\n\t<meta name=\"twitter:data1\" content=\"1 minute\" \/>\n<script type=\"application\/ld+json\" class=\"yoast-schema-graph\">{\"@context\":\"https:\/\/schema.org\",\"@graph\":[{\"@type\":\"WebPage\",\"@id\":\"https:\/\/rxcompetition.com\/product\/rx-horizontal-mixed-bumper-rack\/\",\"url\":\"https:\/\/rxcompetition.com\/product\/rx-horizontal-mixed-bumper-rack\/\",\"name\":\"ELITE VERTICAL MIXED RACK - RX Competition\",\"isPartOf\":{\"@id\":\"https:\/\/rxcompetition.com\/#website\"},\"primaryImageOfPage\":{\"@id\":\"https:\/\/rxcompetition.com\/product\/rx-horizontal-mixed-bumper-rack\/#primaryimage\"},\"image\":{\"@id\":\"https:\/\/rxcompetition.com\/product\/rx-horizontal-mixed-bumper-rack\/#primaryimage\"},\"thumbnailUrl\":\"https:\/\/rxcompetition.com\/wp-content\/uploads\/2023\/02\/4-LOGO-scaled.jpg\",\"datePublished\":\"2023-02-24T17:46:43+00:00\",\"dateModified\":\"2024-04-27T14:24:07+00:00\",\"breadcrumb\":{\"@id\":\"https:\/\/rxcompetition.com\/product\/rx-horizontal-mixed-bumper-rack\/#breadcrumb\"},\"inLanguage\":\"en-US\",\"potentialAction\":[{\"@type\":\"ReadAction\",\"target\":[\"https:\/\/rxcompetition.com\/product\/rx-horizontal-mixed-bumper-rack\/\"]}]},{\"@type\":\"ImageObject\",\"inLanguage\":\"en-US\",\"@id\":\"https:\/\/rxcompetition.com\/product\/rx-horizontal-mixed-bumper-rack\/#primaryimage\",\"url\":\"https:\/\/rxcompetition.com\/wp-content\/uploads\/2023\/02\/4-LOGO-scaled.jpg\",\"contentUrl\":\"https:\/\/rxcompetition.com\/wp-content\/uploads\/2023\/02\/4-LOGO-scaled.jpg\",\"width\":2560,\"height\":1707},{\"@type\":\"BreadcrumbList\",\"@id\":\"https:\/\/rxcompetition.com\/product\/rx-horizontal-mixed-bumper-rack\/#breadcrumb\",\"itemListElement\":[{\"@type\":\"ListItem\",\"position\":1,\"name\":\"Inicio\",\"item\":\"https:\/\/rxcompetition.com\/\"},{\"@type\":\"ListItem\",\"position\":2,\"name\":\"Tienda\",\"item\":\"https:\/\/rxcompetition.com\/tienda\/\"},{\"@type\":\"ListItem\",\"position\":3,\"name\":\"ELITE VERTICAL MIXED RACK\"}]},{\"@type\":\"WebSite\",\"@id\":\"https:\/\/rxcompetition.com\/#website\",\"url\":\"https:\/\/rxcompetition.com\/\",\"name\":\"RX Competition\",\"description\":\"\",\"publisher\":{\"@id\":\"https:\/\/rxcompetition.com\/#organization\"},\"potentialAction\":[{\"@type\":\"SearchAction\",\"target\":{\"@type\":\"EntryPoint\",\"urlTemplate\":\"https:\/\/rxcompetition.com\/?s={search_term_string}\"},\"query-input\":\"required name=search_term_string\"}],\"inLanguage\":\"en-US\"},{\"@type\":\"Organization\",\"@id\":\"https:\/\/rxcompetition.com\/#organization\",\"name\":\"RX Competition\",\"url\":\"https:\/\/rxcompetition.com\/\",\"logo\":{\"@type\":\"ImageObject\",\"inLanguage\":\"en-US\",\"@id\":\"https:\/\/rxcompetition.com\/#\/schema\/logo\/image\/\",\"url\":\"https:\/\/rxcompetition.com\/wp-content\/uploads\/2023\/04\/LOGO-RX-PROGRAMA.png\",\"contentUrl\":\"https:\/\/rxcompetition.com\/wp-content\/uploads\/2023\/04\/LOGO-RX-PROGRAMA.png\",\"width\":1416,\"height\":672,\"caption\":\"RX Competition\"},\"image\":{\"@id\":\"https:\/\/rxcompetition.com\/#\/schema\/logo\/image\/\"}}]}<\/script>\n<!-- \/ Yoast SEO plugin. -->","yoast_head_json":{"title":"ELITE VERTICAL MIXED RACK - RX Competition","robots":{"index":"index","follow":"follow","max-snippet":"max-snippet:-1","max-image-preview":"max-image-preview:large","max-video-preview":"max-video-preview:-1"},"canonical":"https:\/\/rxcompetition.com\/en\/product\/rx-horizontal-mixed-bumper-rack\/","og_locale":"en_US","og_type":"article","og_title":"ELITE VERTICAL MIXED RACK - RX Competition","og_description":"ESPECIFICACIONES  &nbsp;  Marca:\u00a0RX Competition  Fabricado en Espa\u00f1a  Uso: Almacenaje de mancuernas, kettlebells, discos y\u00a0Wallballs.  Peso: Entre 92 - 190 kg dependiendo de la configuraci\u00f3n seleccionada.  Capacidad m\u00e1xima de carga: 1.500 kg  Material de la barra: Acero con pintura en polvo  Dimensiones del tubo: 80 x 80 mm  Espesor del tubo: 4 mm  Di\u00e1metro de los orificios frontales: 26 mm  Di\u00e1metro de los orificios laterales: 20 mm  Distancia entre orificios frontales: 50 mm  Distancia entre orificios laterales: 44 mm  Numeraci\u00f3n en todos los orificios: S\u00ed, de manera ascendente.  Orificios y n\u00fameros: Cortados a l\u00e1ser  Altura total: 2.090 mm  Anchura total: 1.100 \/ 1.800 mm  Profundidad total: 550 mm  Tornillos de ensamblaje: DIN-931 M-20 de acero inoxidable AISI-304  Tuercas de apriete: DIN-985 autoblocantes M-20 de acero inoxidable AISI-304  Garant\u00eda sobre la estructura: De por vida  Garant\u00eda sobre el recubrimiento: 2 a\u00f1os  &nbsp;  *IMAGENES REALES","og_url":"https:\/\/rxcompetition.com\/en\/product\/rx-horizontal-mixed-bumper-rack\/","og_site_name":"RX Competition","article_modified_time":"2024-04-27T14:24:07+00:00","og_image":[{"width":2560,"height":1707,"url":"https:\/\/rxcompetition.com\/wp-content\/uploads\/2023\/02\/4-LOGO-scaled.jpg","type":"image\/jpeg"}],"twitter_card":"summary_large_image","twitter_misc":{"Est. reading time":"1 minute"},"schema":{"@context":"https:\/\/schema.org","@graph":[{"@type":"WebPage","@id":"https:\/\/rxcompetition.com\/product\/rx-horizontal-mixed-bumper-rack\/","url":"https:\/\/rxcompetition.com\/product\/rx-horizontal-mixed-bumper-rack\/","name":"ELITE VERTICAL MIXED RACK - RX Competition","isPartOf":{"@id":"https:\/\/rxcompetition.com\/#website"},"primaryImageOfPage":{"@id":"https:\/\/rxcompetition.com\/product\/rx-horizontal-mixed-bumper-rack\/#primaryimage"},"image":{"@id":"https:\/\/rxcompetition.com\/product\/rx-horizontal-mixed-bumper-rack\/#primaryimage"},"thumbnailUrl":"https:\/\/rxcompetition.com\/wp-content\/uploads\/2023\/02\/4-LOGO-scaled.jpg","datePublished":"2023-02-24T17:46:43+00:00","dateModified":"2024-04-27T14:24:07+00:00","breadcrumb":{"@id":"https:\/\/rxcompetition.com\/product\/rx-horizontal-mixed-bumper-rack\/#breadcrumb"},"inLanguage":"en-US","potentialAction":[{"@type":"ReadAction","target":["https:\/\/rxcompetition.com\/product\/rx-horizontal-mixed-bumper-rack\/"]}]},{"@type":"ImageObject","inLanguage":"en-US","@id":"https:\/\/rxcompetition.com\/product\/rx-horizontal-mixed-bumper-rack\/#primaryimage","url":"https:\/\/rxcompetition.com\/wp-content\/uploads\/2023\/02\/4-LOGO-scaled.jpg","contentUrl":"https:\/\/rxcompetition.com\/wp-content\/uploads\/2023\/02\/4-LOGO-scaled.jpg","width":2560,"height":1707},{"@type":"BreadcrumbList","@id":"https:\/\/rxcompetition.com\/product\/rx-horizontal-mixed-bumper-rack\/#breadcrumb","itemListElement":[{"@type":"ListItem","position":1,"name":"Inicio","item":"https:\/\/rxcompetition.com\/"},{"@type":"ListItem","position":2,"name":"Tienda","item":"https:\/\/rxcompetition.com\/tienda\/"},{"@type":"ListItem","position":3,"name":"ELITE VERTICAL MIXED RACK"}]},{"@type":"WebSite","@id":"https:\/\/rxcompetition.com\/#website","url":"https:\/\/rxcompetition.com\/","name":"RX Competition","description":"","publisher":{"@id":"https:\/\/rxcompetition.com\/#organization"},"potentialAction":[{"@type":"SearchAction","target":{"@type":"EntryPoint","urlTemplate":"https:\/\/rxcompetition.com\/?s={search_term_string}"},"query-input":"required name=search_term_string"}],"inLanguage":"en-US"},{"@type":"Organization","@id":"https:\/\/rxcompetition.com\/#organization","name":"RX Competition","url":"https:\/\/rxcompetition.com\/","logo":{"@type":"ImageObject","inLanguage":"en-US","@id":"https:\/\/rxcompetition.com\/#\/schema\/logo\/image\/","url":"https:\/\/rxcompetition.com\/wp-content\/uploads\/2023\/04\/LOGO-RX-PROGRAMA.png","contentUrl":"https:\/\/rxcompetition.com\/wp-content\/uploads\/2023\/04\/LOGO-RX-PROGRAMA.png","width":1416,"height":672,"caption":"RX Competition"},"image":{"@id":"https:\/\/rxcompetition.com\/#\/schema\/logo\/image\/"}}]}},"jetpack_sharing_enabled":true,"_links":{"self":[{"href":"https:\/\/rxcompetition.com\/en\/wp-json\/wp\/v2\/product\/34977","targetHints":{"allow":["GET"]}}],"collection":[{"href":"https:\/\/rxcompetition.com\/en\/wp-json\/wp\/v2\/product"}],"about":[{"href":"https:\/\/rxcompetition.com\/en\/wp-json\/wp\/v2\/types\/product"}],"replies":[{"embeddable":true,"href":"https:\/\/rxcompetition.com\/en\/wp-json\/wp\/v2\/comments?post=34977"}],"wp:featuredmedia":[{"embeddable":true,"href":"https:\/\/rxcompetition.com\/en\/wp-json\/wp\/v2\/media\/37873"}],"wp:attachment":[{"href":"https:\/\/rxcompetition.com\/en\/wp-json\/wp\/v2\/media?parent=34977"}],"wp:term":[{"taxonomy":"product_cat","embeddable":true,"href":"https:\/\/rxcompetition.com\/en\/wp-json\/wp\/v2\/product_cat?post=34977"},{"taxonomy":"product_tag","embeddable":true,"href":"https:\/\/rxcompetition.com\/en\/wp-json\/wp\/v2\/product_tag?post=34977"}],"curies":[{"name":"wp","href":"https:\/\/api.w.org\/{rel}","templated":true}]}}