{"id":34973,"date":"2023-02-24T17:42:10","date_gmt":"2023-02-24T17:42:10","guid":{"rendered":"https:\/\/rxcompetition.com\/?post_type=product&#038;p=34973"},"modified":"2024-04-27T15:25:08","modified_gmt":"2024-04-27T15:25:08","slug":"rx-double-sided-barbell-rack","status":"publish","type":"product","link":"https:\/\/rxcompetition.com\/en\/product\/rx-double-sided-barbell-rack\/","title":{"rendered":"DOUBLE SIDED BARBELL RACK"},"content":{"rendered":"<p class=\" translation-block\">Our Double-sided Barbell Rack is the ideal freestanding rack for storing our Z Curl assembled barbells. Taking up just over half a square meter of space, this floor rack can hold up to 10 assembled barbells in a horizontal position.<\/p>\n<p>&nbsp;<\/p>\n<p class=\" translation-block\">Its sturdy steel design features 10 J-Cups per side, each covered with a protective plastic insert to prevent damage to the bar surfaces and protect them from possible impacts during storage.<\/p>\n<p>&nbsp;<\/p>\n<p>This freestanding rack is made of 50 x 50 mm with 2 mm thickness steel profile, allowing it to be placed in any area of the gym.<\/p>\n<p>&nbsp;<\/p>\n<p><strong>THE PRICE IS PER UNIT<\/strong><\/p>","protected":false},"excerpt":{"rendered":"<p><strong>SPECIFICATIONS<\/strong><\/p>\n<p>&nbsp;<\/p>\n<p class=\" translation-block\">Brand: RX Competition<\/p>\n<p>Usage: Assembled Z Curl bar storage<\/p>\n<p>Storage capacity: 10 bars horizontally<\/p>\n<p>Frame material: Powder-coated steel<\/p>\n<p>Steel dimensions: 50 x 50 mm<\/p>\n<p>Steel thickness: 2 mm<\/p>\n<p>Depth: 870 mm<\/p>\n<p>Width: 730 mm<\/p>\n<p>Height: 1.125 mm<\/p>\n<p>Weight: 20,5 kg<\/p>\n<p>Frame warranty: 2 years<\/p>\n<p>Maximum load capacity: 300 kg<\/p>\n<p>&nbsp;<\/p>\n<p><strong>*REAL PICTURES<\/strong><\/p>","protected":false},"featured_media":37558,"comment_status":"open","ping_status":"closed","template":"","meta":{"inline_featured_image":false},"product_cat":[148,179],"product_tag":[],"class_list":{"0":"post-34973","1":"product","2":"type-product","3":"status-publish","4":"has-post-thumbnail","6":"product_cat-storage","7":"product_cat-barbell-rack","10":"first","11":"instock","12":"taxable","13":"shipping-taxable","14":"purchasable","15":"product-type-simple"},"yoast_head":"<!-- This site is optimized with the Yoast SEO plugin v23.2 - https:\/\/yoast.com\/wordpress\/plugins\/seo\/ -->\n<title>DOUBLE SIDED BARBELL RACK - RX Competition<\/title>\n<meta name=\"robots\" content=\"index, follow, max-snippet:-1, max-image-preview:large, max-video-preview:-1\" \/>\n<link rel=\"canonical\" href=\"https:\/\/rxcompetition.com\/en\/product\/rx-double-sided-barbell-rack\/\" \/>\n<meta property=\"og:locale\" content=\"en_US\" \/>\n<meta property=\"og:type\" content=\"article\" \/>\n<meta property=\"og:title\" content=\"DOUBLE SIDED BARBELL RACK - RX Competition\" \/>\n<meta property=\"og:description\" content=\"ESPECIFICACIONES  &nbsp;  Marca: RX Competition  Uso: Almacenaje de barra Z montada  Capacidad de almacenaje: 10 barras montadas horizontalmente  Material de la estructura: Acero con pintura en polvo  Dimensiones del acero: 50 x 50 mm  Espesor del acero: 2 mm  Profundidad: 870 mm  Ancho: 730 mm  Alto: 1.125 mm  Peso: 20,5 kg  Garant\u00eda: 2 a\u00f1os sobre el bastidor  Capacidad m\u00e1xima de carga: 300 kg  &nbsp;  *IMAGENES REALES\" \/>\n<meta property=\"og:url\" content=\"https:\/\/rxcompetition.com\/en\/product\/rx-double-sided-barbell-rack\/\" \/>\n<meta property=\"og:site_name\" content=\"RX Competition\" \/>\n<meta property=\"article:modified_time\" content=\"2024-04-27T15:25:08+00:00\" \/>\n<meta property=\"og:image\" content=\"https:\/\/rxcompetition.com\/wp-content\/uploads\/2023\/02\/POI_002-1-scaled.jpg\" \/>\n\t<meta property=\"og:image:width\" content=\"2560\" \/>\n\t<meta property=\"og:image:height\" content=\"1707\" \/>\n\t<meta property=\"og:image:type\" content=\"image\/jpeg\" \/>\n<meta name=\"twitter:card\" content=\"summary_large_image\" \/>\n<meta name=\"twitter:label1\" content=\"Est. reading time\" \/>\n\t<meta name=\"twitter:data1\" content=\"1 minute\" \/>\n<script type=\"application\/ld+json\" class=\"yoast-schema-graph\">{\"@context\":\"https:\/\/schema.org\",\"@graph\":[{\"@type\":\"WebPage\",\"@id\":\"https:\/\/rxcompetition.com\/product\/rx-double-sided-barbell-rack\/\",\"url\":\"https:\/\/rxcompetition.com\/product\/rx-double-sided-barbell-rack\/\",\"name\":\"DOUBLE SIDED BARBELL RACK - RX Competition\",\"isPartOf\":{\"@id\":\"https:\/\/rxcompetition.com\/#website\"},\"primaryImageOfPage\":{\"@id\":\"https:\/\/rxcompetition.com\/product\/rx-double-sided-barbell-rack\/#primaryimage\"},\"image\":{\"@id\":\"https:\/\/rxcompetition.com\/product\/rx-double-sided-barbell-rack\/#primaryimage\"},\"thumbnailUrl\":\"https:\/\/rxcompetition.com\/wp-content\/uploads\/2023\/02\/POI_002-1-scaled.jpg\",\"datePublished\":\"2023-02-24T17:42:10+00:00\",\"dateModified\":\"2024-04-27T15:25:08+00:00\",\"breadcrumb\":{\"@id\":\"https:\/\/rxcompetition.com\/product\/rx-double-sided-barbell-rack\/#breadcrumb\"},\"inLanguage\":\"en-US\",\"potentialAction\":[{\"@type\":\"ReadAction\",\"target\":[\"https:\/\/rxcompetition.com\/product\/rx-double-sided-barbell-rack\/\"]}]},{\"@type\":\"ImageObject\",\"inLanguage\":\"en-US\",\"@id\":\"https:\/\/rxcompetition.com\/product\/rx-double-sided-barbell-rack\/#primaryimage\",\"url\":\"https:\/\/rxcompetition.com\/wp-content\/uploads\/2023\/02\/POI_002-1-scaled.jpg\",\"contentUrl\":\"https:\/\/rxcompetition.com\/wp-content\/uploads\/2023\/02\/POI_002-1-scaled.jpg\",\"width\":2560,\"height\":1707},{\"@type\":\"BreadcrumbList\",\"@id\":\"https:\/\/rxcompetition.com\/product\/rx-double-sided-barbell-rack\/#breadcrumb\",\"itemListElement\":[{\"@type\":\"ListItem\",\"position\":1,\"name\":\"Inicio\",\"item\":\"https:\/\/rxcompetition.com\/\"},{\"@type\":\"ListItem\",\"position\":2,\"name\":\"Tienda\",\"item\":\"https:\/\/rxcompetition.com\/tienda\/\"},{\"@type\":\"ListItem\",\"position\":3,\"name\":\"DOUBLE SIDED BARBELL RACK\"}]},{\"@type\":\"WebSite\",\"@id\":\"https:\/\/rxcompetition.com\/#website\",\"url\":\"https:\/\/rxcompetition.com\/\",\"name\":\"RX Competition\",\"description\":\"\",\"publisher\":{\"@id\":\"https:\/\/rxcompetition.com\/#organization\"},\"potentialAction\":[{\"@type\":\"SearchAction\",\"target\":{\"@type\":\"EntryPoint\",\"urlTemplate\":\"https:\/\/rxcompetition.com\/?s={search_term_string}\"},\"query-input\":\"required name=search_term_string\"}],\"inLanguage\":\"en-US\"},{\"@type\":\"Organization\",\"@id\":\"https:\/\/rxcompetition.com\/#organization\",\"name\":\"RX Competition\",\"url\":\"https:\/\/rxcompetition.com\/\",\"logo\":{\"@type\":\"ImageObject\",\"inLanguage\":\"en-US\",\"@id\":\"https:\/\/rxcompetition.com\/#\/schema\/logo\/image\/\",\"url\":\"https:\/\/rxcompetition.com\/wp-content\/uploads\/2023\/04\/LOGO-RX-PROGRAMA.png\",\"contentUrl\":\"https:\/\/rxcompetition.com\/wp-content\/uploads\/2023\/04\/LOGO-RX-PROGRAMA.png\",\"width\":1416,\"height\":672,\"caption\":\"RX Competition\"},\"image\":{\"@id\":\"https:\/\/rxcompetition.com\/#\/schema\/logo\/image\/\"}}]}<\/script>\n<!-- \/ Yoast SEO plugin. -->","yoast_head_json":{"title":"DOUBLE SIDED BARBELL RACK - RX Competition","robots":{"index":"index","follow":"follow","max-snippet":"max-snippet:-1","max-image-preview":"max-image-preview:large","max-video-preview":"max-video-preview:-1"},"canonical":"https:\/\/rxcompetition.com\/en\/product\/rx-double-sided-barbell-rack\/","og_locale":"en_US","og_type":"article","og_title":"DOUBLE SIDED BARBELL RACK - RX Competition","og_description":"ESPECIFICACIONES  &nbsp;  Marca: RX Competition  Uso: Almacenaje de barra Z montada  Capacidad de almacenaje: 10 barras montadas horizontalmente  Material de la estructura: Acero con pintura en polvo  Dimensiones del acero: 50 x 50 mm  Espesor del acero: 2 mm  Profundidad: 870 mm  Ancho: 730 mm  Alto: 1.125 mm  Peso: 20,5 kg  Garant\u00eda: 2 a\u00f1os sobre el bastidor  Capacidad m\u00e1xima de carga: 300 kg  &nbsp;  *IMAGENES REALES","og_url":"https:\/\/rxcompetition.com\/en\/product\/rx-double-sided-barbell-rack\/","og_site_name":"RX Competition","article_modified_time":"2024-04-27T15:25:08+00:00","og_image":[{"width":2560,"height":1707,"url":"https:\/\/rxcompetition.com\/wp-content\/uploads\/2023\/02\/POI_002-1-scaled.jpg","type":"image\/jpeg"}],"twitter_card":"summary_large_image","twitter_misc":{"Est. reading time":"1 minute"},"schema":{"@context":"https:\/\/schema.org","@graph":[{"@type":"WebPage","@id":"https:\/\/rxcompetition.com\/product\/rx-double-sided-barbell-rack\/","url":"https:\/\/rxcompetition.com\/product\/rx-double-sided-barbell-rack\/","name":"DOUBLE SIDED BARBELL RACK - RX Competition","isPartOf":{"@id":"https:\/\/rxcompetition.com\/#website"},"primaryImageOfPage":{"@id":"https:\/\/rxcompetition.com\/product\/rx-double-sided-barbell-rack\/#primaryimage"},"image":{"@id":"https:\/\/rxcompetition.com\/product\/rx-double-sided-barbell-rack\/#primaryimage"},"thumbnailUrl":"https:\/\/rxcompetition.com\/wp-content\/uploads\/2023\/02\/POI_002-1-scaled.jpg","datePublished":"2023-02-24T17:42:10+00:00","dateModified":"2024-04-27T15:25:08+00:00","breadcrumb":{"@id":"https:\/\/rxcompetition.com\/product\/rx-double-sided-barbell-rack\/#breadcrumb"},"inLanguage":"en-US","potentialAction":[{"@type":"ReadAction","target":["https:\/\/rxcompetition.com\/product\/rx-double-sided-barbell-rack\/"]}]},{"@type":"ImageObject","inLanguage":"en-US","@id":"https:\/\/rxcompetition.com\/product\/rx-double-sided-barbell-rack\/#primaryimage","url":"https:\/\/rxcompetition.com\/wp-content\/uploads\/2023\/02\/POI_002-1-scaled.jpg","contentUrl":"https:\/\/rxcompetition.com\/wp-content\/uploads\/2023\/02\/POI_002-1-scaled.jpg","width":2560,"height":1707},{"@type":"BreadcrumbList","@id":"https:\/\/rxcompetition.com\/product\/rx-double-sided-barbell-rack\/#breadcrumb","itemListElement":[{"@type":"ListItem","position":1,"name":"Inicio","item":"https:\/\/rxcompetition.com\/"},{"@type":"ListItem","position":2,"name":"Tienda","item":"https:\/\/rxcompetition.com\/tienda\/"},{"@type":"ListItem","position":3,"name":"DOUBLE SIDED BARBELL RACK"}]},{"@type":"WebSite","@id":"https:\/\/rxcompetition.com\/#website","url":"https:\/\/rxcompetition.com\/","name":"RX Competition","description":"","publisher":{"@id":"https:\/\/rxcompetition.com\/#organization"},"potentialAction":[{"@type":"SearchAction","target":{"@type":"EntryPoint","urlTemplate":"https:\/\/rxcompetition.com\/?s={search_term_string}"},"query-input":"required name=search_term_string"}],"inLanguage":"en-US"},{"@type":"Organization","@id":"https:\/\/rxcompetition.com\/#organization","name":"RX Competition","url":"https:\/\/rxcompetition.com\/","logo":{"@type":"ImageObject","inLanguage":"en-US","@id":"https:\/\/rxcompetition.com\/#\/schema\/logo\/image\/","url":"https:\/\/rxcompetition.com\/wp-content\/uploads\/2023\/04\/LOGO-RX-PROGRAMA.png","contentUrl":"https:\/\/rxcompetition.com\/wp-content\/uploads\/2023\/04\/LOGO-RX-PROGRAMA.png","width":1416,"height":672,"caption":"RX Competition"},"image":{"@id":"https:\/\/rxcompetition.com\/#\/schema\/logo\/image\/"}}]}},"jetpack_sharing_enabled":true,"_links":{"self":[{"href":"https:\/\/rxcompetition.com\/en\/wp-json\/wp\/v2\/product\/34973","targetHints":{"allow":["GET"]}}],"collection":[{"href":"https:\/\/rxcompetition.com\/en\/wp-json\/wp\/v2\/product"}],"about":[{"href":"https:\/\/rxcompetition.com\/en\/wp-json\/wp\/v2\/types\/product"}],"replies":[{"embeddable":true,"href":"https:\/\/rxcompetition.com\/en\/wp-json\/wp\/v2\/comments?post=34973"}],"wp:featuredmedia":[{"embeddable":true,"href":"https:\/\/rxcompetition.com\/en\/wp-json\/wp\/v2\/media\/37558"}],"wp:attachment":[{"href":"https:\/\/rxcompetition.com\/en\/wp-json\/wp\/v2\/media?parent=34973"}],"wp:term":[{"taxonomy":"product_cat","embeddable":true,"href":"https:\/\/rxcompetition.com\/en\/wp-json\/wp\/v2\/product_cat?post=34973"},{"taxonomy":"product_tag","embeddable":true,"href":"https:\/\/rxcompetition.com\/en\/wp-json\/wp\/v2\/product_tag?post=34973"}],"curies":[{"name":"wp","href":"https:\/\/api.w.org\/{rel}","templated":true}]}}