{"id":34958,"date":"2023-02-24T16:47:46","date_gmt":"2023-02-24T16:47:46","guid":{"rendered":"https:\/\/rxcompetition.com\/?post_type=product&#038;p=34958"},"modified":"2024-05-10T07:17:36","modified_gmt":"2024-05-10T07:17:36","slug":"set-cajones-pliometricos-de-espuma","status":"publish","type":"product","link":"https:\/\/rxcompetition.com\/en\/product\/set-cajones-pliometricos-de-espuma\/","title":{"rendered":"FOAM PLYO BOX SET"},"content":{"rendered":"<p class=\" translation-block\">Our RX Foam Soft Plyo Box Set is a set of plyometric boxes with an Elite configuration, featuring a protective foam layer, designed for advanced athletes. Its 4-in-1 design allows for multiple height options, ranging from 150 mm to 760 mm individually.<\/p>\n<p>&nbsp;<\/p>\n<p>The set enables the creation of various heights by stacking the boxes together as shown in the images. The system also allows for the creation of multiple jump stations or even a set of stairs to enhance and strengthen Handstand Walk practice. <em>Handstand Walk<\/em>.<\/p>\n<p>&nbsp;<\/p>\n<p>The boxes are made of sturdy 18 mm thick solid wood with internal reinforcement planks. They are filled with high-density polyurethane foam and covered with a waterproof, impact-resistant, ultra-resistant synthetic leather layer to provide additional protection against falls resulting from poor coordination or exhaustion during training.<\/p>\n<p>&nbsp;<\/p>\n<p class=\" translation-block\">Plyometric boxes are an essential tool in Crossfit boxes as they help develop lower body strength, power, balance, coordination, and agility.<\/p>\n<p>&nbsp;<\/p>\n<p><strong>THE PRICE IS FOR THE COMPLETE SET OF 4 UNITS<\/strong><\/p>","protected":false},"excerpt":{"rendered":"<p><strong>SPECIFICATIONS<\/strong><\/p>\n<p>&nbsp;<\/p>\n<p class=\" translation-block\">Brand: RX Competition<\/p>\n<p>Box material: Solid wood<\/p>\n<p>Wood thickness: 18 mm<\/p>\n<p>Internal reinforcement material: Solid wood frame<\/p>\n<p>Filling material: High-density polyurethane foam<\/p>\n<p>Cover material: Waterproof, ultra-resistant synthetic leather<\/p>\n<p>Assembling: Screw-mounted<\/p>\n<p>Overall weight: 35 kg<\/p>\n<p>Green box dimensions: 900 x 750 x 150 mm<\/p>\n<p>Blue box dimensions: 900 x 750 x 300 mm<\/p>\n<p>Red box dimensions: 900 x 750 x 450 mm<\/p>\n<p>Black box dimensions: 900 x 750 x 600 mm<\/p>\n<p>&nbsp;<\/p>\n<p><strong>*REAL PICTURES<\/strong><\/p>","protected":false},"featured_media":34959,"comment_status":"closed","ping_status":"closed","template":"","meta":{"inline_featured_image":false},"product_cat":[15,144,259],"product_tag":[],"class_list":{"0":"post-34958","1":"product","2":"type-product","3":"status-publish","4":"has-post-thumbnail","6":"product_cat-crossfit-equipment","7":"product_cat-bodyweight","8":"product_cat-cajones","11":"first","12":"outofstock","13":"taxable","14":"shipping-taxable","15":"purchasable","16":"product-type-simple"},"yoast_head":"<!-- This site is optimized with the Yoast SEO plugin v23.2 - https:\/\/yoast.com\/wordpress\/plugins\/seo\/ -->\n<title>FOAM PLYO BOX SET - RX Competition<\/title>\n<meta name=\"robots\" content=\"index, follow, max-snippet:-1, max-image-preview:large, max-video-preview:-1\" \/>\n<link rel=\"canonical\" href=\"https:\/\/rxcompetition.com\/en\/product\/set-cajones-pliometricos-de-espuma\/\" \/>\n<meta property=\"og:locale\" content=\"en_US\" \/>\n<meta property=\"og:type\" content=\"article\" \/>\n<meta property=\"og:title\" content=\"FOAM PLYO BOX SET - RX Competition\" \/>\n<meta property=\"og:description\" content=\"ESPECIFICACIONES  &nbsp;  Marca: RX Competition  Material del caj\u00f3n: Madera maciza  Espesor de la madera: 18 mm  Material del refuerzo interior: Marco de madera maciza  Material del relleno: Espuma de poliuretano de alta densidad  Material de la funda: Cuero sint\u00e9tico impermeable ultrarresistente  Anclaje: Mediante tornillos  Peso total: 35 kg  Medidas caj\u00f3n verde: 900 x 750 x 150 mm  Medidas caj\u00f3n azul: 900 x 750 x 300 mm  Medidas caj\u00f3n rojo: 900 x 750 x 450 mm  Medidas caj\u00f3n negro: 900 x 750 x 600 mm  &nbsp;  *IMAGENES REALES\" \/>\n<meta property=\"og:url\" content=\"https:\/\/rxcompetition.com\/en\/product\/set-cajones-pliometricos-de-espuma\/\" \/>\n<meta property=\"og:site_name\" content=\"RX Competition\" \/>\n<meta property=\"article:modified_time\" content=\"2024-05-10T07:17:36+00:00\" \/>\n<meta property=\"og:image\" content=\"https:\/\/rxcompetition.com\/wp-content\/uploads\/2023\/02\/FOAM-PLYO-SET.png\" \/>\n\t<meta property=\"og:image:width\" content=\"1416\" \/>\n\t<meta property=\"og:image:height\" content=\"672\" \/>\n\t<meta property=\"og:image:type\" content=\"image\/png\" \/>\n<meta name=\"twitter:card\" content=\"summary_large_image\" \/>\n<meta name=\"twitter:label1\" content=\"Est. reading time\" \/>\n\t<meta name=\"twitter:data1\" content=\"1 minute\" \/>\n<script type=\"application\/ld+json\" class=\"yoast-schema-graph\">{\"@context\":\"https:\/\/schema.org\",\"@graph\":[{\"@type\":\"WebPage\",\"@id\":\"https:\/\/rxcompetition.com\/product\/set-cajones-pliometricos-de-espuma\/\",\"url\":\"https:\/\/rxcompetition.com\/product\/set-cajones-pliometricos-de-espuma\/\",\"name\":\"FOAM PLYO BOX SET - RX Competition\",\"isPartOf\":{\"@id\":\"https:\/\/rxcompetition.com\/#website\"},\"primaryImageOfPage\":{\"@id\":\"https:\/\/rxcompetition.com\/product\/set-cajones-pliometricos-de-espuma\/#primaryimage\"},\"image\":{\"@id\":\"https:\/\/rxcompetition.com\/product\/set-cajones-pliometricos-de-espuma\/#primaryimage\"},\"thumbnailUrl\":\"https:\/\/rxcompetition.com\/wp-content\/uploads\/2023\/02\/FOAM-PLYO-SET.png\",\"datePublished\":\"2023-02-24T16:47:46+00:00\",\"dateModified\":\"2024-05-10T07:17:36+00:00\",\"breadcrumb\":{\"@id\":\"https:\/\/rxcompetition.com\/product\/set-cajones-pliometricos-de-espuma\/#breadcrumb\"},\"inLanguage\":\"en-US\",\"potentialAction\":[{\"@type\":\"ReadAction\",\"target\":[\"https:\/\/rxcompetition.com\/product\/set-cajones-pliometricos-de-espuma\/\"]}]},{\"@type\":\"ImageObject\",\"inLanguage\":\"en-US\",\"@id\":\"https:\/\/rxcompetition.com\/product\/set-cajones-pliometricos-de-espuma\/#primaryimage\",\"url\":\"https:\/\/rxcompetition.com\/wp-content\/uploads\/2023\/02\/FOAM-PLYO-SET.png\",\"contentUrl\":\"https:\/\/rxcompetition.com\/wp-content\/uploads\/2023\/02\/FOAM-PLYO-SET.png\",\"width\":1416,\"height\":672},{\"@type\":\"BreadcrumbList\",\"@id\":\"https:\/\/rxcompetition.com\/product\/set-cajones-pliometricos-de-espuma\/#breadcrumb\",\"itemListElement\":[{\"@type\":\"ListItem\",\"position\":1,\"name\":\"Inicio\",\"item\":\"https:\/\/rxcompetition.com\/\"},{\"@type\":\"ListItem\",\"position\":2,\"name\":\"Tienda\",\"item\":\"https:\/\/rxcompetition.com\/tienda\/\"},{\"@type\":\"ListItem\",\"position\":3,\"name\":\"FOAM PLYO BOX SET\"}]},{\"@type\":\"WebSite\",\"@id\":\"https:\/\/rxcompetition.com\/#website\",\"url\":\"https:\/\/rxcompetition.com\/\",\"name\":\"RX Competition\",\"description\":\"\",\"publisher\":{\"@id\":\"https:\/\/rxcompetition.com\/#organization\"},\"potentialAction\":[{\"@type\":\"SearchAction\",\"target\":{\"@type\":\"EntryPoint\",\"urlTemplate\":\"https:\/\/rxcompetition.com\/?s={search_term_string}\"},\"query-input\":\"required name=search_term_string\"}],\"inLanguage\":\"en-US\"},{\"@type\":\"Organization\",\"@id\":\"https:\/\/rxcompetition.com\/#organization\",\"name\":\"RX Competition\",\"url\":\"https:\/\/rxcompetition.com\/\",\"logo\":{\"@type\":\"ImageObject\",\"inLanguage\":\"en-US\",\"@id\":\"https:\/\/rxcompetition.com\/#\/schema\/logo\/image\/\",\"url\":\"https:\/\/rxcompetition.com\/wp-content\/uploads\/2023\/04\/LOGO-RX-PROGRAMA.png\",\"contentUrl\":\"https:\/\/rxcompetition.com\/wp-content\/uploads\/2023\/04\/LOGO-RX-PROGRAMA.png\",\"width\":1416,\"height\":672,\"caption\":\"RX Competition\"},\"image\":{\"@id\":\"https:\/\/rxcompetition.com\/#\/schema\/logo\/image\/\"}}]}<\/script>\n<!-- \/ Yoast SEO plugin. -->","yoast_head_json":{"title":"FOAM PLYO BOX SET - RX Competition","robots":{"index":"index","follow":"follow","max-snippet":"max-snippet:-1","max-image-preview":"max-image-preview:large","max-video-preview":"max-video-preview:-1"},"canonical":"https:\/\/rxcompetition.com\/en\/product\/set-cajones-pliometricos-de-espuma\/","og_locale":"en_US","og_type":"article","og_title":"FOAM PLYO BOX SET - RX Competition","og_description":"ESPECIFICACIONES  &nbsp;  Marca: RX Competition  Material del caj\u00f3n: Madera maciza  Espesor de la madera: 18 mm  Material del refuerzo interior: Marco de madera maciza  Material del relleno: Espuma de poliuretano de alta densidad  Material de la funda: Cuero sint\u00e9tico impermeable ultrarresistente  Anclaje: Mediante tornillos  Peso total: 35 kg  Medidas caj\u00f3n verde: 900 x 750 x 150 mm  Medidas caj\u00f3n azul: 900 x 750 x 300 mm  Medidas caj\u00f3n rojo: 900 x 750 x 450 mm  Medidas caj\u00f3n negro: 900 x 750 x 600 mm  &nbsp;  *IMAGENES REALES","og_url":"https:\/\/rxcompetition.com\/en\/product\/set-cajones-pliometricos-de-espuma\/","og_site_name":"RX Competition","article_modified_time":"2024-05-10T07:17:36+00:00","og_image":[{"width":1416,"height":672,"url":"https:\/\/rxcompetition.com\/wp-content\/uploads\/2023\/02\/FOAM-PLYO-SET.png","type":"image\/png"}],"twitter_card":"summary_large_image","twitter_misc":{"Est. reading time":"1 minute"},"schema":{"@context":"https:\/\/schema.org","@graph":[{"@type":"WebPage","@id":"https:\/\/rxcompetition.com\/product\/set-cajones-pliometricos-de-espuma\/","url":"https:\/\/rxcompetition.com\/product\/set-cajones-pliometricos-de-espuma\/","name":"FOAM PLYO BOX SET - RX Competition","isPartOf":{"@id":"https:\/\/rxcompetition.com\/#website"},"primaryImageOfPage":{"@id":"https:\/\/rxcompetition.com\/product\/set-cajones-pliometricos-de-espuma\/#primaryimage"},"image":{"@id":"https:\/\/rxcompetition.com\/product\/set-cajones-pliometricos-de-espuma\/#primaryimage"},"thumbnailUrl":"https:\/\/rxcompetition.com\/wp-content\/uploads\/2023\/02\/FOAM-PLYO-SET.png","datePublished":"2023-02-24T16:47:46+00:00","dateModified":"2024-05-10T07:17:36+00:00","breadcrumb":{"@id":"https:\/\/rxcompetition.com\/product\/set-cajones-pliometricos-de-espuma\/#breadcrumb"},"inLanguage":"en-US","potentialAction":[{"@type":"ReadAction","target":["https:\/\/rxcompetition.com\/product\/set-cajones-pliometricos-de-espuma\/"]}]},{"@type":"ImageObject","inLanguage":"en-US","@id":"https:\/\/rxcompetition.com\/product\/set-cajones-pliometricos-de-espuma\/#primaryimage","url":"https:\/\/rxcompetition.com\/wp-content\/uploads\/2023\/02\/FOAM-PLYO-SET.png","contentUrl":"https:\/\/rxcompetition.com\/wp-content\/uploads\/2023\/02\/FOAM-PLYO-SET.png","width":1416,"height":672},{"@type":"BreadcrumbList","@id":"https:\/\/rxcompetition.com\/product\/set-cajones-pliometricos-de-espuma\/#breadcrumb","itemListElement":[{"@type":"ListItem","position":1,"name":"Inicio","item":"https:\/\/rxcompetition.com\/"},{"@type":"ListItem","position":2,"name":"Tienda","item":"https:\/\/rxcompetition.com\/tienda\/"},{"@type":"ListItem","position":3,"name":"FOAM PLYO BOX SET"}]},{"@type":"WebSite","@id":"https:\/\/rxcompetition.com\/#website","url":"https:\/\/rxcompetition.com\/","name":"RX Competition","description":"","publisher":{"@id":"https:\/\/rxcompetition.com\/#organization"},"potentialAction":[{"@type":"SearchAction","target":{"@type":"EntryPoint","urlTemplate":"https:\/\/rxcompetition.com\/?s={search_term_string}"},"query-input":"required name=search_term_string"}],"inLanguage":"en-US"},{"@type":"Organization","@id":"https:\/\/rxcompetition.com\/#organization","name":"RX Competition","url":"https:\/\/rxcompetition.com\/","logo":{"@type":"ImageObject","inLanguage":"en-US","@id":"https:\/\/rxcompetition.com\/#\/schema\/logo\/image\/","url":"https:\/\/rxcompetition.com\/wp-content\/uploads\/2023\/04\/LOGO-RX-PROGRAMA.png","contentUrl":"https:\/\/rxcompetition.com\/wp-content\/uploads\/2023\/04\/LOGO-RX-PROGRAMA.png","width":1416,"height":672,"caption":"RX Competition"},"image":{"@id":"https:\/\/rxcompetition.com\/#\/schema\/logo\/image\/"}}]}},"jetpack_sharing_enabled":true,"_links":{"self":[{"href":"https:\/\/rxcompetition.com\/en\/wp-json\/wp\/v2\/product\/34958","targetHints":{"allow":["GET"]}}],"collection":[{"href":"https:\/\/rxcompetition.com\/en\/wp-json\/wp\/v2\/product"}],"about":[{"href":"https:\/\/rxcompetition.com\/en\/wp-json\/wp\/v2\/types\/product"}],"replies":[{"embeddable":true,"href":"https:\/\/rxcompetition.com\/en\/wp-json\/wp\/v2\/comments?post=34958"}],"wp:featuredmedia":[{"embeddable":true,"href":"https:\/\/rxcompetition.com\/en\/wp-json\/wp\/v2\/media\/34959"}],"wp:attachment":[{"href":"https:\/\/rxcompetition.com\/en\/wp-json\/wp\/v2\/media?parent=34958"}],"wp:term":[{"taxonomy":"product_cat","embeddable":true,"href":"https:\/\/rxcompetition.com\/en\/wp-json\/wp\/v2\/product_cat?post=34958"},{"taxonomy":"product_tag","embeddable":true,"href":"https:\/\/rxcompetition.com\/en\/wp-json\/wp\/v2\/product_tag?post=34958"}],"curies":[{"name":"wp","href":"https:\/\/api.w.org\/{rel}","templated":true}]}}