{"id":34949,"date":"2023-02-24T16:07:42","date_gmt":"2023-02-24T16:07:42","guid":{"rendered":"https:\/\/rxcompetition.com\/?post_type=product&#038;p=34949"},"modified":"2024-04-27T14:25:49","modified_gmt":"2024-04-27T14:25:49","slug":"yugo-elite-1-0","status":"publish","type":"product","link":"https:\/\/rxcompetition.com\/en\/product\/yugo-elite-1-0\/","title":{"rendered":"ELITE YOKE 2.0"},"content":{"rendered":"<p class=\" translation-block\">The RX Elite Yoke 2.0 is a height upgrade from our RX Elite Yoke 1.0. The profile remains the same, measuring 80 x 80 mm with 4 mm thickness, but now with a total 2.802 mm height and same weight storage capacity of 600 kg (excluding the assembly weight). It features an adjustable height bar that can also be used as a Pull up bar.<\/p>\n<p>&nbsp;<\/p>\n<p class=\" translation-block\">Las dos columnas <em>Upright <\/em>est\u00e1n unidas entre s\u00ed en la parte superior mediante un travesa\u00f1o <em>RX Rig Double Round Bar <\/em>para incrementar al m\u00e1ximo la rigidez del conjunto de la estructura. Este travesa\u00f1o se puede incluso usar como barra <em>Double Pull up <\/em>para aumentar la versatilidad de este modelo.<\/p>\n<p>&nbsp;<\/p>\n<p class=\" translation-block\">The two Upright columns that stands up this structure have 32 front faced \u00d826 mm holes, and 37 additional \u00d820 mm numbered holes are available on the right side, spaced closer together, to provide a wider range of height performance and options. This structure is specially designed to serve two functions:<\/p>\n<p>&nbsp;<\/p>\n<ul>\n<li class=\" translation-block\">As an Elite Squat Stand 2.0 upright column frame.<\/li>\n<li class=\" translation-block\">As an Elite Yoke 2.0 upright column frame<\/li>\n<\/ul>\n<p>&nbsp;<\/p>\n<p class=\" translation-block\">It is for the latter function (as a Yoke) that the right sided numbering of the two columns is focused for the Yoke Gear tool use and to ease its installation and positioning between the two upright columns during every of the 37 numbered \u00d820 mm holes available.<\/p>\n<p>&nbsp;<\/p>\n<p class=\" translation-block\">All \u00d826 mm holes on the front face and \u00d820 mm holes on the right sides include their own ascending numbering to allow a quick adjustment of the bar supports and Yoke Gear when changing exercises. Both the holes and numbers are laser-cut.<\/p>\n<p>&nbsp;<\/p>\n<p>The legs base design incorporates four small flat platforms that can be used as push and drag sleds. It also incorporates two additional lateral Olympic loadable bars to increase the maximum load capacity of the assembly.<\/p>\n<p>&nbsp;<\/p>\n<p>This frame is manufactured and machined in Spain under the strictest quality controls, ensuring high-quality finishes in terms of laser-cut precision and, above all, the quality of the welds. The lifetime warranty we offer on the material of this structure demonstrates that we don't cut corners.<\/p>\n<p>&nbsp;<\/p>\n<p class=\" translation-block\">The RX Elite Yoke 2.0 is undoubtedly the reference yoke structure in the national market.<\/p>\n<p>&nbsp;<\/p>\n<p><strong>THE PRICE IS PER UNIT<\/strong><\/p>","protected":false},"excerpt":{"rendered":"<p><strong>SPECIFICATIONS<\/strong><\/p>\n<p>&nbsp;<\/p>\n<p class=\" translation-block\">Brand: RX Competition<\/p>\n<p class=\" translation-block\">Usage: Strongman, Yoke walk, Zercher, Pull up, Squat rack, Sled, Rings,\u2026<\/p>\n<p>Weight: 156 kg<\/p>\n<p>Maximum Load Capacity: 600 kg (excluding the weight of the assembly)<\/p>\n<p>Upright material: Powder coated steel<\/p>\n<p>Loadable sleeve Material: Steel with powder coating<\/p>\n<p>Tube dimensions: 80 x 80 mm<\/p>\n<p>Tube thickness: 4 mm<\/p>\n<p>Loading holes diameter: 26 mm<\/p>\n<p>Side loading holes diameter: 20 mm<\/p>\n<p>Distance between front holes: 50 mm<\/p>\n<p>Distance between side holes: 44 mm<\/p>\n<p>Numeration on all holes: Yes, in ascending order<\/p>\n<p>Holes and numbers: Laser-cut<\/p>\n<p>Total height: 2.802 mm<\/p>\n<p>Total width: 1.270 mm<\/p>\n<p>Total depth: 1.220 mm<\/p>\n<p>Crossbar: Adjustable type, \u00d876 mm diameter<\/p>\n<p>Number of loadable sleeves: 6<\/p>\n<p>Assembling bolts: AISI-304 stainless steel DIN-931 M-20<\/p>\n<p>Locking nuts: AISI-304 stainless steel DIN-985 nylon lock M-20<\/p>\n<p>Structure warranty: Lifetime<\/p>\n<p>Coating warranty: 2 years<\/p>\n<p>&nbsp;<\/p>\n<p><strong>*REAL PICTURES<\/strong><\/p>","protected":false},"featured_media":37845,"comment_status":"closed","ping_status":"closed","template":"","meta":{"inline_featured_image":false},"product_cat":[15,145,170,146,158,155,290],"product_tag":[],"class_list":{"0":"post-34949","1":"product","2":"type-product","3":"status-publish","4":"has-post-thumbnail","6":"product_cat-crossfit-equipment","7":"product_cat-strongman","8":"product_cat-yoke","9":"product_cat-rigs-racks","10":"product_cat-rigs-racks-elite","11":"product_cat-elite-squat-stands","12":"product_cat-estructuras-squat-stands","15":"first","16":"instock","17":"taxable","18":"shipping-taxable","19":"purchasable","20":"product-type-simple"},"yoast_head":"<!-- This site is optimized with the Yoast SEO plugin v23.2 - https:\/\/yoast.com\/wordpress\/plugins\/seo\/ -->\n<title>ELITE YOKE 2.0 - RX Competition<\/title>\n<meta name=\"robots\" content=\"index, follow, max-snippet:-1, max-image-preview:large, max-video-preview:-1\" \/>\n<link rel=\"canonical\" href=\"https:\/\/rxcompetition.com\/en\/product\/yugo-elite-1-0\/\" \/>\n<meta property=\"og:locale\" content=\"en_US\" \/>\n<meta property=\"og:type\" content=\"article\" \/>\n<meta property=\"og:title\" content=\"ELITE YOKE 2.0 - RX Competition\" \/>\n<meta property=\"og:description\" content=\"ESPECIFICACIONES  &nbsp;  Marca: RX Competition  Uso: Strongman, Yoke Walk, Zercher, Pull up, Squat Rack, Sled, Rings,\u2026  Peso: 156 kg  Capacidad m\u00e1xima de carga: 600 kg (peso del conjunto aparte)  Material de la barra: Acero con pintura en polvo  Material de los manguitos de carga: Acero con pintura en polvo  Dimensiones del tubo: 80 x 80 mm  Espesor del tubo: 4 mm  Di\u00e1metro de los orificios de carga: 26 mm  Di\u00e1metro de los orificios de carga laterales: 20 mm  Distancia entre orificios frontales: 50 mm  Distancia entre orificios laterales: 44 mm  Numeraci\u00f3n en todos los orificios: S\u00ed  Orificios y n\u00fameros: Cortados a l\u00e1ser  Altura total: 2.802 mm  Anchura total: 1.270 mm  Profundidad total: 1.220 mm  Travesa\u00f1o: Tipo ajustable de 76 mm de di\u00e1metro  N\u00famero de manguitos de carga: 6  Tornillos de ensamblaje: DIN-931 M-20 de acero inoxidable AISI-304  Tuercas de apriete: DIN-985 autoblocantes M-20 de acero inoxidable AISI-304  Garant\u00eda sobre la estructura: De por vida  Garant\u00eda sobre el recubrimiento: 2 a\u00f1os  &nbsp;  *IMAGENES REALES\" \/>\n<meta property=\"og:url\" content=\"https:\/\/rxcompetition.com\/en\/product\/yugo-elite-1-0\/\" \/>\n<meta property=\"og:site_name\" content=\"RX Competition\" \/>\n<meta property=\"article:modified_time\" content=\"2024-04-27T14:25:49+00:00\" \/>\n<meta property=\"og:image\" content=\"https:\/\/rxcompetition.com\/wp-content\/uploads\/2023\/02\/YOKE2.0_4-scaled.jpg\" \/>\n\t<meta property=\"og:image:width\" content=\"2560\" \/>\n\t<meta property=\"og:image:height\" content=\"1707\" \/>\n\t<meta property=\"og:image:type\" content=\"image\/jpeg\" \/>\n<meta name=\"twitter:card\" content=\"summary_large_image\" \/>\n<meta name=\"twitter:label1\" content=\"Est. reading time\" \/>\n\t<meta name=\"twitter:data1\" content=\"3 minutes\" \/>\n<script type=\"application\/ld+json\" class=\"yoast-schema-graph\">{\"@context\":\"https:\/\/schema.org\",\"@graph\":[{\"@type\":\"WebPage\",\"@id\":\"https:\/\/rxcompetition.com\/product\/yugo-elite-1-0\/\",\"url\":\"https:\/\/rxcompetition.com\/product\/yugo-elite-1-0\/\",\"name\":\"ELITE YOKE 2.0 - RX Competition\",\"isPartOf\":{\"@id\":\"https:\/\/rxcompetition.com\/#website\"},\"primaryImageOfPage\":{\"@id\":\"https:\/\/rxcompetition.com\/product\/yugo-elite-1-0\/#primaryimage\"},\"image\":{\"@id\":\"https:\/\/rxcompetition.com\/product\/yugo-elite-1-0\/#primaryimage\"},\"thumbnailUrl\":\"https:\/\/rxcompetition.com\/wp-content\/uploads\/2023\/02\/YOKE2.0_4-scaled.jpg\",\"datePublished\":\"2023-02-24T16:07:42+00:00\",\"dateModified\":\"2024-04-27T14:25:49+00:00\",\"breadcrumb\":{\"@id\":\"https:\/\/rxcompetition.com\/product\/yugo-elite-1-0\/#breadcrumb\"},\"inLanguage\":\"en-US\",\"potentialAction\":[{\"@type\":\"ReadAction\",\"target\":[\"https:\/\/rxcompetition.com\/product\/yugo-elite-1-0\/\"]}]},{\"@type\":\"ImageObject\",\"inLanguage\":\"en-US\",\"@id\":\"https:\/\/rxcompetition.com\/product\/yugo-elite-1-0\/#primaryimage\",\"url\":\"https:\/\/rxcompetition.com\/wp-content\/uploads\/2023\/02\/YOKE2.0_4-scaled.jpg\",\"contentUrl\":\"https:\/\/rxcompetition.com\/wp-content\/uploads\/2023\/02\/YOKE2.0_4-scaled.jpg\",\"width\":2560,\"height\":1707},{\"@type\":\"BreadcrumbList\",\"@id\":\"https:\/\/rxcompetition.com\/product\/yugo-elite-1-0\/#breadcrumb\",\"itemListElement\":[{\"@type\":\"ListItem\",\"position\":1,\"name\":\"Inicio\",\"item\":\"https:\/\/rxcompetition.com\/\"},{\"@type\":\"ListItem\",\"position\":2,\"name\":\"Tienda\",\"item\":\"https:\/\/rxcompetition.com\/tienda\/\"},{\"@type\":\"ListItem\",\"position\":3,\"name\":\"ELITE YOKE 2.0\"}]},{\"@type\":\"WebSite\",\"@id\":\"https:\/\/rxcompetition.com\/#website\",\"url\":\"https:\/\/rxcompetition.com\/\",\"name\":\"RX Competition\",\"description\":\"\",\"publisher\":{\"@id\":\"https:\/\/rxcompetition.com\/#organization\"},\"potentialAction\":[{\"@type\":\"SearchAction\",\"target\":{\"@type\":\"EntryPoint\",\"urlTemplate\":\"https:\/\/rxcompetition.com\/?s={search_term_string}\"},\"query-input\":\"required name=search_term_string\"}],\"inLanguage\":\"en-US\"},{\"@type\":\"Organization\",\"@id\":\"https:\/\/rxcompetition.com\/#organization\",\"name\":\"RX Competition\",\"url\":\"https:\/\/rxcompetition.com\/\",\"logo\":{\"@type\":\"ImageObject\",\"inLanguage\":\"en-US\",\"@id\":\"https:\/\/rxcompetition.com\/#\/schema\/logo\/image\/\",\"url\":\"https:\/\/rxcompetition.com\/wp-content\/uploads\/2023\/04\/LOGO-RX-PROGRAMA.png\",\"contentUrl\":\"https:\/\/rxcompetition.com\/wp-content\/uploads\/2023\/04\/LOGO-RX-PROGRAMA.png\",\"width\":1416,\"height\":672,\"caption\":\"RX Competition\"},\"image\":{\"@id\":\"https:\/\/rxcompetition.com\/#\/schema\/logo\/image\/\"}}]}<\/script>\n<!-- \/ Yoast SEO plugin. -->","yoast_head_json":{"title":"ELITE YOKE 2.0 - RX Competition","robots":{"index":"index","follow":"follow","max-snippet":"max-snippet:-1","max-image-preview":"max-image-preview:large","max-video-preview":"max-video-preview:-1"},"canonical":"https:\/\/rxcompetition.com\/en\/product\/yugo-elite-1-0\/","og_locale":"en_US","og_type":"article","og_title":"ELITE YOKE 2.0 - RX Competition","og_description":"ESPECIFICACIONES  &nbsp;  Marca: RX Competition  Uso: Strongman, Yoke Walk, Zercher, Pull up, Squat Rack, Sled, Rings,\u2026  Peso: 156 kg  Capacidad m\u00e1xima de carga: 600 kg (peso del conjunto aparte)  Material de la barra: Acero con pintura en polvo  Material de los manguitos de carga: Acero con pintura en polvo  Dimensiones del tubo: 80 x 80 mm  Espesor del tubo: 4 mm  Di\u00e1metro de los orificios de carga: 26 mm  Di\u00e1metro de los orificios de carga laterales: 20 mm  Distancia entre orificios frontales: 50 mm  Distancia entre orificios laterales: 44 mm  Numeraci\u00f3n en todos los orificios: S\u00ed  Orificios y n\u00fameros: Cortados a l\u00e1ser  Altura total: 2.802 mm  Anchura total: 1.270 mm  Profundidad total: 1.220 mm  Travesa\u00f1o: Tipo ajustable de 76 mm de di\u00e1metro  N\u00famero de manguitos de carga: 6  Tornillos de ensamblaje: DIN-931 M-20 de acero inoxidable AISI-304  Tuercas de apriete: DIN-985 autoblocantes M-20 de acero inoxidable AISI-304  Garant\u00eda sobre la estructura: De por vida  Garant\u00eda sobre el recubrimiento: 2 a\u00f1os  &nbsp;  *IMAGENES REALES","og_url":"https:\/\/rxcompetition.com\/en\/product\/yugo-elite-1-0\/","og_site_name":"RX Competition","article_modified_time":"2024-04-27T14:25:49+00:00","og_image":[{"width":2560,"height":1707,"url":"https:\/\/rxcompetition.com\/wp-content\/uploads\/2023\/02\/YOKE2.0_4-scaled.jpg","type":"image\/jpeg"}],"twitter_card":"summary_large_image","twitter_misc":{"Est. reading time":"3 minutes"},"schema":{"@context":"https:\/\/schema.org","@graph":[{"@type":"WebPage","@id":"https:\/\/rxcompetition.com\/product\/yugo-elite-1-0\/","url":"https:\/\/rxcompetition.com\/product\/yugo-elite-1-0\/","name":"ELITE YOKE 2.0 - RX Competition","isPartOf":{"@id":"https:\/\/rxcompetition.com\/#website"},"primaryImageOfPage":{"@id":"https:\/\/rxcompetition.com\/product\/yugo-elite-1-0\/#primaryimage"},"image":{"@id":"https:\/\/rxcompetition.com\/product\/yugo-elite-1-0\/#primaryimage"},"thumbnailUrl":"https:\/\/rxcompetition.com\/wp-content\/uploads\/2023\/02\/YOKE2.0_4-scaled.jpg","datePublished":"2023-02-24T16:07:42+00:00","dateModified":"2024-04-27T14:25:49+00:00","breadcrumb":{"@id":"https:\/\/rxcompetition.com\/product\/yugo-elite-1-0\/#breadcrumb"},"inLanguage":"en-US","potentialAction":[{"@type":"ReadAction","target":["https:\/\/rxcompetition.com\/product\/yugo-elite-1-0\/"]}]},{"@type":"ImageObject","inLanguage":"en-US","@id":"https:\/\/rxcompetition.com\/product\/yugo-elite-1-0\/#primaryimage","url":"https:\/\/rxcompetition.com\/wp-content\/uploads\/2023\/02\/YOKE2.0_4-scaled.jpg","contentUrl":"https:\/\/rxcompetition.com\/wp-content\/uploads\/2023\/02\/YOKE2.0_4-scaled.jpg","width":2560,"height":1707},{"@type":"BreadcrumbList","@id":"https:\/\/rxcompetition.com\/product\/yugo-elite-1-0\/#breadcrumb","itemListElement":[{"@type":"ListItem","position":1,"name":"Inicio","item":"https:\/\/rxcompetition.com\/"},{"@type":"ListItem","position":2,"name":"Tienda","item":"https:\/\/rxcompetition.com\/tienda\/"},{"@type":"ListItem","position":3,"name":"ELITE YOKE 2.0"}]},{"@type":"WebSite","@id":"https:\/\/rxcompetition.com\/#website","url":"https:\/\/rxcompetition.com\/","name":"RX Competition","description":"","publisher":{"@id":"https:\/\/rxcompetition.com\/#organization"},"potentialAction":[{"@type":"SearchAction","target":{"@type":"EntryPoint","urlTemplate":"https:\/\/rxcompetition.com\/?s={search_term_string}"},"query-input":"required name=search_term_string"}],"inLanguage":"en-US"},{"@type":"Organization","@id":"https:\/\/rxcompetition.com\/#organization","name":"RX Competition","url":"https:\/\/rxcompetition.com\/","logo":{"@type":"ImageObject","inLanguage":"en-US","@id":"https:\/\/rxcompetition.com\/#\/schema\/logo\/image\/","url":"https:\/\/rxcompetition.com\/wp-content\/uploads\/2023\/04\/LOGO-RX-PROGRAMA.png","contentUrl":"https:\/\/rxcompetition.com\/wp-content\/uploads\/2023\/04\/LOGO-RX-PROGRAMA.png","width":1416,"height":672,"caption":"RX Competition"},"image":{"@id":"https:\/\/rxcompetition.com\/#\/schema\/logo\/image\/"}}]}},"jetpack_sharing_enabled":true,"_links":{"self":[{"href":"https:\/\/rxcompetition.com\/en\/wp-json\/wp\/v2\/product\/34949","targetHints":{"allow":["GET"]}}],"collection":[{"href":"https:\/\/rxcompetition.com\/en\/wp-json\/wp\/v2\/product"}],"about":[{"href":"https:\/\/rxcompetition.com\/en\/wp-json\/wp\/v2\/types\/product"}],"replies":[{"embeddable":true,"href":"https:\/\/rxcompetition.com\/en\/wp-json\/wp\/v2\/comments?post=34949"}],"wp:featuredmedia":[{"embeddable":true,"href":"https:\/\/rxcompetition.com\/en\/wp-json\/wp\/v2\/media\/37845"}],"wp:attachment":[{"href":"https:\/\/rxcompetition.com\/en\/wp-json\/wp\/v2\/media?parent=34949"}],"wp:term":[{"taxonomy":"product_cat","embeddable":true,"href":"https:\/\/rxcompetition.com\/en\/wp-json\/wp\/v2\/product_cat?post=34949"},{"taxonomy":"product_tag","embeddable":true,"href":"https:\/\/rxcompetition.com\/en\/wp-json\/wp\/v2\/product_tag?post=34949"}],"curies":[{"name":"wp","href":"https:\/\/api.w.org\/{rel}","templated":true}]}}