{"id":34909,"date":"2023-02-22T19:22:08","date_gmt":"2023-02-22T19:22:08","guid":{"rendered":"https:\/\/rxcompetition.com\/?post_type=product&#038;p=34909"},"modified":"2024-05-10T07:19:23","modified_gmt":"2024-05-10T07:19:23","slug":"log-bar","status":"publish","type":"product","link":"https:\/\/rxcompetition.com\/en\/product\/log-bar\/","title":{"rendered":"LOG BARS"},"content":{"rendered":"<p class=\" translation-block\">The Log Bar is the go-to bar for Strongman training, and it certainly couldn't be left out of our catalog. In fact, we not only offer a single configuration but have three different options available in terms of diameter, length, and total weight. At RX Competition, you can choose between the RX Elite Log Bar with an 8\", 10\", or even 12\" diameter.<\/p>\n<p>&nbsp;<\/p>\n<p class=\" translation-block\">The Log Bar is specifically designed for heavy lifting with two parallel neutral grips to reduce shoulder strain. These grips feature a medium-textured diamond knurling for a secure grip.<\/p>\n<p>It is made from steel with a smooth black powder coat finish to ensure complete corrosion resistance.<\/p>\n<p>&nbsp;<\/p>\n<p><strong>THE PRICE IS PER UNIT<\/strong><\/p>","protected":false},"excerpt":{"rendered":"<p><strong>SPECIFICATIONS\u00a0<\/strong><\/p>\n<p>&nbsp;<\/p>\n<p class=\" translation-block\">Brand: RX Competition<\/p>\n<p class=\" translation-block\">Usage: Strongman<\/p>\n<p>Weight tolerance: +\/- 2%<\/p>\n<p>Maximum load capacity: 450 kg<\/p>\n<p>Bar material: Smooth black powder-coated steel<\/p>\n<p>Loading sleeves material: Smooth black powder-coated steel<\/p>\n<p>Handle diameter: \u00d828 mm<\/p>\n<p>Loadable sleeves diameter: \u00d8 50 mm<\/p>\n<p>&nbsp;<\/p>\n<p><strong>*REAL PICTURES<\/strong><\/p>","protected":false},"featured_media":34917,"comment_status":"closed","ping_status":"closed","template":"","meta":{"inline_featured_image":false},"product_cat":[15,145,173],"product_tag":[],"class_list":{"0":"post-34909","1":"product","2":"type-product","3":"status-publish","4":"has-post-thumbnail","6":"product_cat-crossfit-equipment","7":"product_cat-strongman","8":"product_cat-log-bar","9":"pa_tamano-250","10":"pa_tamano-251","11":"pa_tamano-252","14":"first","15":"outofstock","16":"taxable","17":"shipping-taxable","18":"purchasable","19":"product-type-variable"},"yoast_head":"<!-- This site is optimized with the Yoast SEO plugin v23.2 - https:\/\/yoast.com\/wordpress\/plugins\/seo\/ -->\n<title>LOG BARS - RX Competition<\/title>\n<meta name=\"robots\" content=\"index, follow, max-snippet:-1, max-image-preview:large, max-video-preview:-1\" \/>\n<link rel=\"canonical\" href=\"https:\/\/rxcompetition.com\/en\/product\/log-bar\/\" \/>\n<meta property=\"og:locale\" content=\"en_US\" \/>\n<meta property=\"og:type\" content=\"article\" \/>\n<meta property=\"og:title\" content=\"LOG BARS - RX Competition\" \/>\n<meta property=\"og:description\" content=\"ESPECIFICACIONES\u00a0  &nbsp;  Marca: RX Competition  Uso: Strongman  Tolerancia del peso: +\/- 2 %  Capacidad m\u00e1xima de carga: 450 kg  Material de la barra: Acero con capa de pintura en polvo negro liso  Material de los manguitos de carga: Acero con capa de pintura en polvo negro liso  Di\u00e1metro del mango: \u00d8 28 mm  Di\u00e1metro de los manguitos de carga: \u00d8 50 mm  &nbsp;  *IMAGENES REALES\" \/>\n<meta property=\"og:url\" content=\"https:\/\/rxcompetition.com\/en\/product\/log-bar\/\" \/>\n<meta property=\"og:site_name\" content=\"RX Competition\" \/>\n<meta property=\"article:modified_time\" content=\"2024-05-10T07:19:23+00:00\" \/>\n<meta property=\"og:image\" content=\"https:\/\/rxcompetition.com\/wp-content\/uploads\/2023\/02\/RX-Elite-8-pulgadas-log-bar.webp\" \/>\n\t<meta property=\"og:image:width\" content=\"800\" \/>\n\t<meta property=\"og:image:height\" content=\"800\" \/>\n\t<meta property=\"og:image:type\" content=\"image\/webp\" \/>\n<meta name=\"twitter:card\" content=\"summary_large_image\" \/>\n<meta name=\"twitter:label1\" content=\"Est. reading time\" \/>\n\t<meta name=\"twitter:data1\" content=\"1 minute\" \/>\n<script type=\"application\/ld+json\" class=\"yoast-schema-graph\">{\"@context\":\"https:\/\/schema.org\",\"@graph\":[{\"@type\":\"WebPage\",\"@id\":\"https:\/\/rxcompetition.com\/product\/log-bar\/\",\"url\":\"https:\/\/rxcompetition.com\/product\/log-bar\/\",\"name\":\"LOG BARS - RX Competition\",\"isPartOf\":{\"@id\":\"https:\/\/rxcompetition.com\/#website\"},\"primaryImageOfPage\":{\"@id\":\"https:\/\/rxcompetition.com\/product\/log-bar\/#primaryimage\"},\"image\":{\"@id\":\"https:\/\/rxcompetition.com\/product\/log-bar\/#primaryimage\"},\"thumbnailUrl\":\"https:\/\/rxcompetition.com\/wp-content\/uploads\/2023\/02\/RX-Elite-8-pulgadas-log-bar.webp\",\"datePublished\":\"2023-02-22T19:22:08+00:00\",\"dateModified\":\"2024-05-10T07:19:23+00:00\",\"breadcrumb\":{\"@id\":\"https:\/\/rxcompetition.com\/product\/log-bar\/#breadcrumb\"},\"inLanguage\":\"en-US\",\"potentialAction\":[{\"@type\":\"ReadAction\",\"target\":[\"https:\/\/rxcompetition.com\/product\/log-bar\/\"]}]},{\"@type\":\"ImageObject\",\"inLanguage\":\"en-US\",\"@id\":\"https:\/\/rxcompetition.com\/product\/log-bar\/#primaryimage\",\"url\":\"https:\/\/rxcompetition.com\/wp-content\/uploads\/2023\/02\/RX-Elite-8-pulgadas-log-bar.webp\",\"contentUrl\":\"https:\/\/rxcompetition.com\/wp-content\/uploads\/2023\/02\/RX-Elite-8-pulgadas-log-bar.webp\",\"width\":800,\"height\":800},{\"@type\":\"BreadcrumbList\",\"@id\":\"https:\/\/rxcompetition.com\/product\/log-bar\/#breadcrumb\",\"itemListElement\":[{\"@type\":\"ListItem\",\"position\":1,\"name\":\"Inicio\",\"item\":\"https:\/\/rxcompetition.com\/\"},{\"@type\":\"ListItem\",\"position\":2,\"name\":\"Tienda\",\"item\":\"https:\/\/rxcompetition.com\/tienda\/\"},{\"@type\":\"ListItem\",\"position\":3,\"name\":\"LOG BARS\"}]},{\"@type\":\"WebSite\",\"@id\":\"https:\/\/rxcompetition.com\/#website\",\"url\":\"https:\/\/rxcompetition.com\/\",\"name\":\"RX Competition\",\"description\":\"\",\"publisher\":{\"@id\":\"https:\/\/rxcompetition.com\/#organization\"},\"potentialAction\":[{\"@type\":\"SearchAction\",\"target\":{\"@type\":\"EntryPoint\",\"urlTemplate\":\"https:\/\/rxcompetition.com\/?s={search_term_string}\"},\"query-input\":\"required name=search_term_string\"}],\"inLanguage\":\"en-US\"},{\"@type\":\"Organization\",\"@id\":\"https:\/\/rxcompetition.com\/#organization\",\"name\":\"RX Competition\",\"url\":\"https:\/\/rxcompetition.com\/\",\"logo\":{\"@type\":\"ImageObject\",\"inLanguage\":\"en-US\",\"@id\":\"https:\/\/rxcompetition.com\/#\/schema\/logo\/image\/\",\"url\":\"https:\/\/rxcompetition.com\/wp-content\/uploads\/2023\/04\/LOGO-RX-PROGRAMA.png\",\"contentUrl\":\"https:\/\/rxcompetition.com\/wp-content\/uploads\/2023\/04\/LOGO-RX-PROGRAMA.png\",\"width\":1416,\"height\":672,\"caption\":\"RX Competition\"},\"image\":{\"@id\":\"https:\/\/rxcompetition.com\/#\/schema\/logo\/image\/\"}}]}<\/script>\n<!-- \/ Yoast SEO plugin. -->","yoast_head_json":{"title":"LOG BARS - RX Competition","robots":{"index":"index","follow":"follow","max-snippet":"max-snippet:-1","max-image-preview":"max-image-preview:large","max-video-preview":"max-video-preview:-1"},"canonical":"https:\/\/rxcompetition.com\/en\/product\/log-bar\/","og_locale":"en_US","og_type":"article","og_title":"LOG BARS - RX Competition","og_description":"ESPECIFICACIONES\u00a0  &nbsp;  Marca: RX Competition  Uso: Strongman  Tolerancia del peso: +\/- 2 %  Capacidad m\u00e1xima de carga: 450 kg  Material de la barra: Acero con capa de pintura en polvo negro liso  Material de los manguitos de carga: Acero con capa de pintura en polvo negro liso  Di\u00e1metro del mango: \u00d8 28 mm  Di\u00e1metro de los manguitos de carga: \u00d8 50 mm  &nbsp;  *IMAGENES REALES","og_url":"https:\/\/rxcompetition.com\/en\/product\/log-bar\/","og_site_name":"RX Competition","article_modified_time":"2024-05-10T07:19:23+00:00","og_image":[{"width":800,"height":800,"url":"https:\/\/rxcompetition.com\/wp-content\/uploads\/2023\/02\/RX-Elite-8-pulgadas-log-bar.webp","type":"image\/webp"}],"twitter_card":"summary_large_image","twitter_misc":{"Est. reading time":"1 minute"},"schema":{"@context":"https:\/\/schema.org","@graph":[{"@type":"WebPage","@id":"https:\/\/rxcompetition.com\/product\/log-bar\/","url":"https:\/\/rxcompetition.com\/product\/log-bar\/","name":"LOG BARS - RX Competition","isPartOf":{"@id":"https:\/\/rxcompetition.com\/#website"},"primaryImageOfPage":{"@id":"https:\/\/rxcompetition.com\/product\/log-bar\/#primaryimage"},"image":{"@id":"https:\/\/rxcompetition.com\/product\/log-bar\/#primaryimage"},"thumbnailUrl":"https:\/\/rxcompetition.com\/wp-content\/uploads\/2023\/02\/RX-Elite-8-pulgadas-log-bar.webp","datePublished":"2023-02-22T19:22:08+00:00","dateModified":"2024-05-10T07:19:23+00:00","breadcrumb":{"@id":"https:\/\/rxcompetition.com\/product\/log-bar\/#breadcrumb"},"inLanguage":"en-US","potentialAction":[{"@type":"ReadAction","target":["https:\/\/rxcompetition.com\/product\/log-bar\/"]}]},{"@type":"ImageObject","inLanguage":"en-US","@id":"https:\/\/rxcompetition.com\/product\/log-bar\/#primaryimage","url":"https:\/\/rxcompetition.com\/wp-content\/uploads\/2023\/02\/RX-Elite-8-pulgadas-log-bar.webp","contentUrl":"https:\/\/rxcompetition.com\/wp-content\/uploads\/2023\/02\/RX-Elite-8-pulgadas-log-bar.webp","width":800,"height":800},{"@type":"BreadcrumbList","@id":"https:\/\/rxcompetition.com\/product\/log-bar\/#breadcrumb","itemListElement":[{"@type":"ListItem","position":1,"name":"Inicio","item":"https:\/\/rxcompetition.com\/"},{"@type":"ListItem","position":2,"name":"Tienda","item":"https:\/\/rxcompetition.com\/tienda\/"},{"@type":"ListItem","position":3,"name":"LOG BARS"}]},{"@type":"WebSite","@id":"https:\/\/rxcompetition.com\/#website","url":"https:\/\/rxcompetition.com\/","name":"RX Competition","description":"","publisher":{"@id":"https:\/\/rxcompetition.com\/#organization"},"potentialAction":[{"@type":"SearchAction","target":{"@type":"EntryPoint","urlTemplate":"https:\/\/rxcompetition.com\/?s={search_term_string}"},"query-input":"required name=search_term_string"}],"inLanguage":"en-US"},{"@type":"Organization","@id":"https:\/\/rxcompetition.com\/#organization","name":"RX Competition","url":"https:\/\/rxcompetition.com\/","logo":{"@type":"ImageObject","inLanguage":"en-US","@id":"https:\/\/rxcompetition.com\/#\/schema\/logo\/image\/","url":"https:\/\/rxcompetition.com\/wp-content\/uploads\/2023\/04\/LOGO-RX-PROGRAMA.png","contentUrl":"https:\/\/rxcompetition.com\/wp-content\/uploads\/2023\/04\/LOGO-RX-PROGRAMA.png","width":1416,"height":672,"caption":"RX Competition"},"image":{"@id":"https:\/\/rxcompetition.com\/#\/schema\/logo\/image\/"}}]}},"jetpack_sharing_enabled":true,"_links":{"self":[{"href":"https:\/\/rxcompetition.com\/en\/wp-json\/wp\/v2\/product\/34909","targetHints":{"allow":["GET"]}}],"collection":[{"href":"https:\/\/rxcompetition.com\/en\/wp-json\/wp\/v2\/product"}],"about":[{"href":"https:\/\/rxcompetition.com\/en\/wp-json\/wp\/v2\/types\/product"}],"replies":[{"embeddable":true,"href":"https:\/\/rxcompetition.com\/en\/wp-json\/wp\/v2\/comments?post=34909"}],"wp:featuredmedia":[{"embeddable":true,"href":"https:\/\/rxcompetition.com\/en\/wp-json\/wp\/v2\/media\/34917"}],"wp:attachment":[{"href":"https:\/\/rxcompetition.com\/en\/wp-json\/wp\/v2\/media?parent=34909"}],"wp:term":[{"taxonomy":"product_cat","embeddable":true,"href":"https:\/\/rxcompetition.com\/en\/wp-json\/wp\/v2\/product_cat?post=34909"},{"taxonomy":"product_tag","embeddable":true,"href":"https:\/\/rxcompetition.com\/en\/wp-json\/wp\/v2\/product_tag?post=34909"}],"curies":[{"name":"wp","href":"https:\/\/api.w.org\/{rel}","templated":true}]}}