{"id":34907,"date":"2023-02-22T19:02:09","date_gmt":"2023-02-22T19:02:09","guid":{"rendered":"https:\/\/rxcompetition.com\/?post_type=product&#038;p=34907"},"modified":"2024-05-10T07:19:31","modified_gmt":"2024-05-10T07:19:31","slug":"barra-z-curl","status":"publish","type":"product","link":"https:\/\/rxcompetition.com\/en\/product\/barra-z-curl\/","title":{"rendered":"OLYMPIC Z CURL BARBELL"},"content":{"rendered":"<p class=\" translation-block\">Our RX Olympic Z Curl Barbell couldn't be missing from our catalog, as it is perhaps the most commonly used barbell after the conventional Olympic barbell. This is the classic Z Curled barbell designed to strengthen the upper arm, specifically the Biceps and Triceps muscles. Its classic curved design allows for a firm grip throughout the entire execution of the Biceps Curl exercise, allowing the wrist to perform it in a comfortable position, reducing tension and injury risk.<\/p>\n<p>&nbsp;<\/p>\n<p>The barbell steel has a chromed finish to increase its corrosion resistance. The loading sleeves are \u00d850 mm Olympic, perfectly suitable for all Olympic loading discs. The bar is machined with two copper bushings to increase its performance, allowing for a smooth and free load rotation during trainings. The grip knurling is in medium diamond shape finished to allow for a firm and secure grip.<\/p>\n<p>&nbsp;<\/p>\n<p><strong>THE PRICE IS PER UNIT<\/strong><\/p>","protected":false},"excerpt":{"rendered":"<p><strong>SPECIFICATIONS<\/strong><\/p>\n<p>&nbsp;<\/p>\n<p class=\" translation-block\">Brand: RX Competition<\/p>\n<p class=\" translation-block\">Usage: Biceps and Triceps curl<\/p>\n<p>Weight tolerance: +\/- 2%<\/p>\n<p>Weight: 10 kg<\/p>\n<p>Maximum weight capacity: 150 kg<\/p>\n<p>Bar material: Chromed steel<\/p>\n<p>Loadable sleeves material: Chromed steel<\/p>\n<p>Handle diameter: \u00d830 mm<\/p>\n<p>Loading sleeve diameter: \u00d850 mm<\/p>\n<p>Total bar length: 1.200 mm<\/p>\n<p>Loadable sleeves length: 185 mm<\/p>\n<p>Needle bearings: No<\/p>\n<p>Anti-friction bushings: 2 in copper<\/p>\n<p>&nbsp;<\/p>\n<p><strong>*REAL PICTURES<\/strong><\/p>","protected":false},"featured_media":34908,"comment_status":"closed","ping_status":"closed","template":"","meta":{"inline_featured_image":false},"product_cat":[348,204],"product_tag":[],"class_list":{"0":"post-34907","1":"product","2":"type-product","3":"status-publish","4":"has-post-thumbnail","6":"product_cat-barras","7":"product_cat-bodybuilding","10":"first","11":"outofstock","12":"taxable","13":"shipping-taxable","14":"purchasable","15":"product-type-simple"},"yoast_head":"<!-- This site is optimized with the Yoast SEO plugin v23.2 - https:\/\/yoast.com\/wordpress\/plugins\/seo\/ -->\n<title>OLYMPIC Z CURL BARBELL - RX Competition<\/title>\n<meta name=\"robots\" content=\"index, follow, max-snippet:-1, max-image-preview:large, max-video-preview:-1\" \/>\n<link rel=\"canonical\" href=\"https:\/\/rxcompetition.com\/en\/product\/barra-z-curl\/\" \/>\n<meta property=\"og:locale\" content=\"en_US\" \/>\n<meta property=\"og:type\" content=\"article\" \/>\n<meta property=\"og:title\" content=\"OLYMPIC Z CURL BARBELL - RX Competition\" \/>\n<meta property=\"og:description\" content=\"ESPECIFICACIONES  &nbsp;  Marca: RX Competition  Uso: Curl de B\u00edceps y Tr\u00edceps  Tolerancia del peso: +\/- 2 %  Peso: 10 kg  Capacidad m\u00e1xima de carga: 150 kg  Material de la barra: Acero cromado  Material de los manguitos de carga: Acero cromado  Di\u00e1metro del mango: \u00d830 mm  Di\u00e1metro de los manguitos de carga: \u00d850 mm  Longitud total de la barra: 1.200 mm  Longitud de los manguitos de carga: 185 mm  Rodamientos: No  Rodamientos antifricci\u00f3n: 2 casquillos antifricci\u00f3n de cobre  &nbsp;  *IMAGENES REALES\" \/>\n<meta property=\"og:url\" content=\"https:\/\/rxcompetition.com\/en\/product\/barra-z-curl\/\" \/>\n<meta property=\"og:site_name\" content=\"RX Competition\" \/>\n<meta property=\"article:modified_time\" content=\"2024-05-10T07:19:31+00:00\" \/>\n<meta property=\"og:image\" content=\"https:\/\/rxcompetition.com\/wp-content\/uploads\/2023\/02\/RX-Regular-olympic-curl-barbell.jpg\" \/>\n\t<meta property=\"og:image:width\" content=\"700\" \/>\n\t<meta property=\"og:image:height\" content=\"700\" \/>\n\t<meta property=\"og:image:type\" content=\"image\/jpeg\" \/>\n<meta name=\"twitter:card\" content=\"summary_large_image\" \/>\n<meta name=\"twitter:label1\" content=\"Est. reading time\" \/>\n\t<meta name=\"twitter:data1\" content=\"1 minute\" \/>\n<script type=\"application\/ld+json\" class=\"yoast-schema-graph\">{\"@context\":\"https:\/\/schema.org\",\"@graph\":[{\"@type\":\"WebPage\",\"@id\":\"https:\/\/rxcompetition.com\/product\/barra-z-curl\/\",\"url\":\"https:\/\/rxcompetition.com\/product\/barra-z-curl\/\",\"name\":\"OLYMPIC Z CURL BARBELL - RX Competition\",\"isPartOf\":{\"@id\":\"https:\/\/rxcompetition.com\/#website\"},\"primaryImageOfPage\":{\"@id\":\"https:\/\/rxcompetition.com\/product\/barra-z-curl\/#primaryimage\"},\"image\":{\"@id\":\"https:\/\/rxcompetition.com\/product\/barra-z-curl\/#primaryimage\"},\"thumbnailUrl\":\"https:\/\/rxcompetition.com\/wp-content\/uploads\/2023\/02\/RX-Regular-olympic-curl-barbell.jpg\",\"datePublished\":\"2023-02-22T19:02:09+00:00\",\"dateModified\":\"2024-05-10T07:19:31+00:00\",\"breadcrumb\":{\"@id\":\"https:\/\/rxcompetition.com\/product\/barra-z-curl\/#breadcrumb\"},\"inLanguage\":\"en-US\",\"potentialAction\":[{\"@type\":\"ReadAction\",\"target\":[\"https:\/\/rxcompetition.com\/product\/barra-z-curl\/\"]}]},{\"@type\":\"ImageObject\",\"inLanguage\":\"en-US\",\"@id\":\"https:\/\/rxcompetition.com\/product\/barra-z-curl\/#primaryimage\",\"url\":\"https:\/\/rxcompetition.com\/wp-content\/uploads\/2023\/02\/RX-Regular-olympic-curl-barbell.jpg\",\"contentUrl\":\"https:\/\/rxcompetition.com\/wp-content\/uploads\/2023\/02\/RX-Regular-olympic-curl-barbell.jpg\",\"width\":700,\"height\":700},{\"@type\":\"BreadcrumbList\",\"@id\":\"https:\/\/rxcompetition.com\/product\/barra-z-curl\/#breadcrumb\",\"itemListElement\":[{\"@type\":\"ListItem\",\"position\":1,\"name\":\"Inicio\",\"item\":\"https:\/\/rxcompetition.com\/\"},{\"@type\":\"ListItem\",\"position\":2,\"name\":\"Tienda\",\"item\":\"https:\/\/rxcompetition.com\/tienda\/\"},{\"@type\":\"ListItem\",\"position\":3,\"name\":\"OLYMPIC Z CURL BARBELL\"}]},{\"@type\":\"WebSite\",\"@id\":\"https:\/\/rxcompetition.com\/#website\",\"url\":\"https:\/\/rxcompetition.com\/\",\"name\":\"RX Competition\",\"description\":\"\",\"publisher\":{\"@id\":\"https:\/\/rxcompetition.com\/#organization\"},\"potentialAction\":[{\"@type\":\"SearchAction\",\"target\":{\"@type\":\"EntryPoint\",\"urlTemplate\":\"https:\/\/rxcompetition.com\/?s={search_term_string}\"},\"query-input\":\"required name=search_term_string\"}],\"inLanguage\":\"en-US\"},{\"@type\":\"Organization\",\"@id\":\"https:\/\/rxcompetition.com\/#organization\",\"name\":\"RX Competition\",\"url\":\"https:\/\/rxcompetition.com\/\",\"logo\":{\"@type\":\"ImageObject\",\"inLanguage\":\"en-US\",\"@id\":\"https:\/\/rxcompetition.com\/#\/schema\/logo\/image\/\",\"url\":\"https:\/\/rxcompetition.com\/wp-content\/uploads\/2023\/04\/LOGO-RX-PROGRAMA.png\",\"contentUrl\":\"https:\/\/rxcompetition.com\/wp-content\/uploads\/2023\/04\/LOGO-RX-PROGRAMA.png\",\"width\":1416,\"height\":672,\"caption\":\"RX Competition\"},\"image\":{\"@id\":\"https:\/\/rxcompetition.com\/#\/schema\/logo\/image\/\"}}]}<\/script>\n<!-- \/ Yoast SEO plugin. -->","yoast_head_json":{"title":"OLYMPIC Z CURL BARBELL - RX Competition","robots":{"index":"index","follow":"follow","max-snippet":"max-snippet:-1","max-image-preview":"max-image-preview:large","max-video-preview":"max-video-preview:-1"},"canonical":"https:\/\/rxcompetition.com\/en\/product\/barra-z-curl\/","og_locale":"en_US","og_type":"article","og_title":"OLYMPIC Z CURL BARBELL - RX Competition","og_description":"ESPECIFICACIONES  &nbsp;  Marca: RX Competition  Uso: Curl de B\u00edceps y Tr\u00edceps  Tolerancia del peso: +\/- 2 %  Peso: 10 kg  Capacidad m\u00e1xima de carga: 150 kg  Material de la barra: Acero cromado  Material de los manguitos de carga: Acero cromado  Di\u00e1metro del mango: \u00d830 mm  Di\u00e1metro de los manguitos de carga: \u00d850 mm  Longitud total de la barra: 1.200 mm  Longitud de los manguitos de carga: 185 mm  Rodamientos: No  Rodamientos antifricci\u00f3n: 2 casquillos antifricci\u00f3n de cobre  &nbsp;  *IMAGENES REALES","og_url":"https:\/\/rxcompetition.com\/en\/product\/barra-z-curl\/","og_site_name":"RX Competition","article_modified_time":"2024-05-10T07:19:31+00:00","og_image":[{"width":700,"height":700,"url":"https:\/\/rxcompetition.com\/wp-content\/uploads\/2023\/02\/RX-Regular-olympic-curl-barbell.jpg","type":"image\/jpeg"}],"twitter_card":"summary_large_image","twitter_misc":{"Est. reading time":"1 minute"},"schema":{"@context":"https:\/\/schema.org","@graph":[{"@type":"WebPage","@id":"https:\/\/rxcompetition.com\/product\/barra-z-curl\/","url":"https:\/\/rxcompetition.com\/product\/barra-z-curl\/","name":"OLYMPIC Z CURL BARBELL - RX Competition","isPartOf":{"@id":"https:\/\/rxcompetition.com\/#website"},"primaryImageOfPage":{"@id":"https:\/\/rxcompetition.com\/product\/barra-z-curl\/#primaryimage"},"image":{"@id":"https:\/\/rxcompetition.com\/product\/barra-z-curl\/#primaryimage"},"thumbnailUrl":"https:\/\/rxcompetition.com\/wp-content\/uploads\/2023\/02\/RX-Regular-olympic-curl-barbell.jpg","datePublished":"2023-02-22T19:02:09+00:00","dateModified":"2024-05-10T07:19:31+00:00","breadcrumb":{"@id":"https:\/\/rxcompetition.com\/product\/barra-z-curl\/#breadcrumb"},"inLanguage":"en-US","potentialAction":[{"@type":"ReadAction","target":["https:\/\/rxcompetition.com\/product\/barra-z-curl\/"]}]},{"@type":"ImageObject","inLanguage":"en-US","@id":"https:\/\/rxcompetition.com\/product\/barra-z-curl\/#primaryimage","url":"https:\/\/rxcompetition.com\/wp-content\/uploads\/2023\/02\/RX-Regular-olympic-curl-barbell.jpg","contentUrl":"https:\/\/rxcompetition.com\/wp-content\/uploads\/2023\/02\/RX-Regular-olympic-curl-barbell.jpg","width":700,"height":700},{"@type":"BreadcrumbList","@id":"https:\/\/rxcompetition.com\/product\/barra-z-curl\/#breadcrumb","itemListElement":[{"@type":"ListItem","position":1,"name":"Inicio","item":"https:\/\/rxcompetition.com\/"},{"@type":"ListItem","position":2,"name":"Tienda","item":"https:\/\/rxcompetition.com\/tienda\/"},{"@type":"ListItem","position":3,"name":"OLYMPIC Z CURL BARBELL"}]},{"@type":"WebSite","@id":"https:\/\/rxcompetition.com\/#website","url":"https:\/\/rxcompetition.com\/","name":"RX Competition","description":"","publisher":{"@id":"https:\/\/rxcompetition.com\/#organization"},"potentialAction":[{"@type":"SearchAction","target":{"@type":"EntryPoint","urlTemplate":"https:\/\/rxcompetition.com\/?s={search_term_string}"},"query-input":"required name=search_term_string"}],"inLanguage":"en-US"},{"@type":"Organization","@id":"https:\/\/rxcompetition.com\/#organization","name":"RX Competition","url":"https:\/\/rxcompetition.com\/","logo":{"@type":"ImageObject","inLanguage":"en-US","@id":"https:\/\/rxcompetition.com\/#\/schema\/logo\/image\/","url":"https:\/\/rxcompetition.com\/wp-content\/uploads\/2023\/04\/LOGO-RX-PROGRAMA.png","contentUrl":"https:\/\/rxcompetition.com\/wp-content\/uploads\/2023\/04\/LOGO-RX-PROGRAMA.png","width":1416,"height":672,"caption":"RX Competition"},"image":{"@id":"https:\/\/rxcompetition.com\/#\/schema\/logo\/image\/"}}]}},"jetpack_sharing_enabled":true,"_links":{"self":[{"href":"https:\/\/rxcompetition.com\/en\/wp-json\/wp\/v2\/product\/34907","targetHints":{"allow":["GET"]}}],"collection":[{"href":"https:\/\/rxcompetition.com\/en\/wp-json\/wp\/v2\/product"}],"about":[{"href":"https:\/\/rxcompetition.com\/en\/wp-json\/wp\/v2\/types\/product"}],"replies":[{"embeddable":true,"href":"https:\/\/rxcompetition.com\/en\/wp-json\/wp\/v2\/comments?post=34907"}],"wp:featuredmedia":[{"embeddable":true,"href":"https:\/\/rxcompetition.com\/en\/wp-json\/wp\/v2\/media\/34908"}],"wp:attachment":[{"href":"https:\/\/rxcompetition.com\/en\/wp-json\/wp\/v2\/media?parent=34907"}],"wp:term":[{"taxonomy":"product_cat","embeddable":true,"href":"https:\/\/rxcompetition.com\/en\/wp-json\/wp\/v2\/product_cat?post=34907"},{"taxonomy":"product_tag","embeddable":true,"href":"https:\/\/rxcompetition.com\/en\/wp-json\/wp\/v2\/product_tag?post=34907"}],"curies":[{"name":"wp","href":"https:\/\/api.w.org\/{rel}","templated":true}]}}