{"id":34903,"date":"2023-02-22T18:56:28","date_gmt":"2023-02-22T18:56:28","guid":{"rendered":"https:\/\/rxcompetition.com\/?post_type=product&#038;p=34903"},"modified":"2024-05-10T07:19:54","modified_gmt":"2024-05-10T07:19:54","slug":"mancuerna-elite","status":"publish","type":"product","link":"https:\/\/rxcompetition.com\/en\/product\/mancuerna-elite\/","title":{"rendered":"ELITE LOADABLE DUMBBELL"},"content":{"rendered":"<p class=\" translation-block\">The RX Elite loadable dumbbell is our most versatile reference Olympic variable load dumbbell designed to push your limits. If standard one-piece dumbbells no longer provide enough challenge, you can take it to the next level with this variable load dumbbell that is compatible with Olympic plates, allowing you to increase your maximum load in exercises such as bench press, deadlifts, dumbbell rows, farmer walks, shoulder presses, and more. It is an excellent space-efficient alternative, drastically reducing the storage space required compared to traditional one-piece dumbbell sets.<\/p>\n<p>&nbsp;<\/p>\n<p>The barbell is made of hardened chrome steel to further enhance its corrosion resistance. The loading sleeves are Olympic-sized in 50 mm with 90 mm loading length. The dumbbell is machined with two copper anti-friction bushings and two needle bearings to enhance its performance and load capacity, ensuring smooth and unrestricted rotation of the load during exercise.<\/p>\n<p>&nbsp;<\/p>\n<p><strong>THE PRICE IS PER UNIT<\/strong><\/p>","protected":false},"excerpt":{"rendered":"<p><strong>SPECIFICATIONS<\/strong><\/p>\n<p>&nbsp;<\/p>\n<p class=\" translation-block\">Brand: RX Competition<\/p>\n<p>Work out: <em>Deadlift, Farmer Walk, Shoulder Press, Chest Press,\u2026<\/em><\/p>\n<p>Weight tolerance: +\/- 2%<\/p>\n<p>Weight: 4.5kg<\/p>\n<p>Maximum load capacity: 100 kg<\/p>\n<p>Handle material: Hardened chrome steel <em>Hard chromed<\/em><\/p>\n<p class=\" translation-block\">Loadable sleeves material: Hard chromed steel<\/p>\n<p>Handle diameter: \u00d828 mm<\/p>\n<p>Loadable sleeves diameter: \u00d8 50 mm<\/p>\n<p>Total bar length: 365 mm<\/p>\n<p>Loadable sleeves length: 90mm<\/p>\n<p>Needle bearings: 2<\/p>\n<p>Anti-friction Bushings: 2 copper bushings<\/p>\n<p>&nbsp;<\/p>\n<p><strong>*REAL PICTURES<\/strong><\/p>","protected":false},"featured_media":34904,"comment_status":"closed","ping_status":"closed","template":"","meta":{"inline_featured_image":false},"product_cat":[15,143,223],"product_tag":[],"class_list":{"0":"post-34903","1":"product","2":"type-product","3":"status-publish","4":"has-post-thumbnail","6":"product_cat-crossfit-equipment","7":"product_cat-strength","8":"product_cat-dumbbells","11":"first","12":"outofstock","13":"taxable","14":"shipping-taxable","15":"purchasable","16":"product-type-simple"},"yoast_head":"<!-- This site is optimized with the Yoast SEO plugin v23.2 - https:\/\/yoast.com\/wordpress\/plugins\/seo\/ -->\n<title>ELITE LOADABLE DUMBBELL - RX Competition<\/title>\n<meta name=\"robots\" content=\"index, follow, max-snippet:-1, max-image-preview:large, max-video-preview:-1\" \/>\n<link rel=\"canonical\" href=\"https:\/\/rxcompetition.com\/en\/product\/mancuerna-elite\/\" \/>\n<meta property=\"og:locale\" content=\"en_US\" \/>\n<meta property=\"og:type\" content=\"article\" \/>\n<meta property=\"og:title\" content=\"ELITE LOADABLE DUMBBELL - RX Competition\" \/>\n<meta property=\"og:description\" content=\"ESPECIFICACIONES  &nbsp;  Marca: RX Competition  Uso: Deadlift, Farmer Walk, Shoulder Press, Chest Press,\u2026  Tolerancia del peso: +\/- 2 %  Peso: 4,5 kg  Capacidad m\u00e1xima de carga: 100 kg  Material de la barra: Acero cromado endurecido Hard chromed  Material de los manguitos de carga: Acero cromado endurecido Hard chromed  Di\u00e1metro del mango: \u00d8 28 mm  Di\u00e1metro de los manguitos de carga: \u00d8 50 mm  Longitud total de la barra: 365 mm  Longitud de los manguitos de carga: 90 mm  Rodamientos de aguja: 2 unidades  Casquillos antifricci\u00f3n: 2 casquillos de cobre  &nbsp;  *IMAGENES REALES\" \/>\n<meta property=\"og:url\" content=\"https:\/\/rxcompetition.com\/en\/product\/mancuerna-elite\/\" \/>\n<meta property=\"og:site_name\" content=\"RX Competition\" \/>\n<meta property=\"article:modified_time\" content=\"2024-05-10T07:19:54+00:00\" \/>\n<meta property=\"og:image\" content=\"https:\/\/rxcompetition.com\/wp-content\/uploads\/2023\/02\/RX-Elite-loadable-dumbbell-bar.jpg\" \/>\n\t<meta property=\"og:image:width\" content=\"700\" \/>\n\t<meta property=\"og:image:height\" content=\"700\" \/>\n\t<meta property=\"og:image:type\" content=\"image\/jpeg\" \/>\n<meta name=\"twitter:card\" content=\"summary_large_image\" \/>\n<meta name=\"twitter:label1\" content=\"Est. reading time\" \/>\n\t<meta name=\"twitter:data1\" content=\"1 minute\" \/>\n<script type=\"application\/ld+json\" class=\"yoast-schema-graph\">{\"@context\":\"https:\/\/schema.org\",\"@graph\":[{\"@type\":\"WebPage\",\"@id\":\"https:\/\/rxcompetition.com\/product\/mancuerna-elite\/\",\"url\":\"https:\/\/rxcompetition.com\/product\/mancuerna-elite\/\",\"name\":\"ELITE LOADABLE DUMBBELL - RX Competition\",\"isPartOf\":{\"@id\":\"https:\/\/rxcompetition.com\/#website\"},\"primaryImageOfPage\":{\"@id\":\"https:\/\/rxcompetition.com\/product\/mancuerna-elite\/#primaryimage\"},\"image\":{\"@id\":\"https:\/\/rxcompetition.com\/product\/mancuerna-elite\/#primaryimage\"},\"thumbnailUrl\":\"https:\/\/rxcompetition.com\/wp-content\/uploads\/2023\/02\/RX-Elite-loadable-dumbbell-bar.jpg\",\"datePublished\":\"2023-02-22T18:56:28+00:00\",\"dateModified\":\"2024-05-10T07:19:54+00:00\",\"breadcrumb\":{\"@id\":\"https:\/\/rxcompetition.com\/product\/mancuerna-elite\/#breadcrumb\"},\"inLanguage\":\"en-US\",\"potentialAction\":[{\"@type\":\"ReadAction\",\"target\":[\"https:\/\/rxcompetition.com\/product\/mancuerna-elite\/\"]}]},{\"@type\":\"ImageObject\",\"inLanguage\":\"en-US\",\"@id\":\"https:\/\/rxcompetition.com\/product\/mancuerna-elite\/#primaryimage\",\"url\":\"https:\/\/rxcompetition.com\/wp-content\/uploads\/2023\/02\/RX-Elite-loadable-dumbbell-bar.jpg\",\"contentUrl\":\"https:\/\/rxcompetition.com\/wp-content\/uploads\/2023\/02\/RX-Elite-loadable-dumbbell-bar.jpg\",\"width\":700,\"height\":700},{\"@type\":\"BreadcrumbList\",\"@id\":\"https:\/\/rxcompetition.com\/product\/mancuerna-elite\/#breadcrumb\",\"itemListElement\":[{\"@type\":\"ListItem\",\"position\":1,\"name\":\"Inicio\",\"item\":\"https:\/\/rxcompetition.com\/\"},{\"@type\":\"ListItem\",\"position\":2,\"name\":\"Tienda\",\"item\":\"https:\/\/rxcompetition.com\/tienda\/\"},{\"@type\":\"ListItem\",\"position\":3,\"name\":\"ELITE LOADABLE DUMBBELL\"}]},{\"@type\":\"WebSite\",\"@id\":\"https:\/\/rxcompetition.com\/#website\",\"url\":\"https:\/\/rxcompetition.com\/\",\"name\":\"RX Competition\",\"description\":\"\",\"publisher\":{\"@id\":\"https:\/\/rxcompetition.com\/#organization\"},\"potentialAction\":[{\"@type\":\"SearchAction\",\"target\":{\"@type\":\"EntryPoint\",\"urlTemplate\":\"https:\/\/rxcompetition.com\/?s={search_term_string}\"},\"query-input\":\"required name=search_term_string\"}],\"inLanguage\":\"en-US\"},{\"@type\":\"Organization\",\"@id\":\"https:\/\/rxcompetition.com\/#organization\",\"name\":\"RX Competition\",\"url\":\"https:\/\/rxcompetition.com\/\",\"logo\":{\"@type\":\"ImageObject\",\"inLanguage\":\"en-US\",\"@id\":\"https:\/\/rxcompetition.com\/#\/schema\/logo\/image\/\",\"url\":\"https:\/\/rxcompetition.com\/wp-content\/uploads\/2023\/04\/LOGO-RX-PROGRAMA.png\",\"contentUrl\":\"https:\/\/rxcompetition.com\/wp-content\/uploads\/2023\/04\/LOGO-RX-PROGRAMA.png\",\"width\":1416,\"height\":672,\"caption\":\"RX Competition\"},\"image\":{\"@id\":\"https:\/\/rxcompetition.com\/#\/schema\/logo\/image\/\"}}]}<\/script>\n<!-- \/ Yoast SEO plugin. -->","yoast_head_json":{"title":"ELITE LOADABLE DUMBBELL - RX Competition","robots":{"index":"index","follow":"follow","max-snippet":"max-snippet:-1","max-image-preview":"max-image-preview:large","max-video-preview":"max-video-preview:-1"},"canonical":"https:\/\/rxcompetition.com\/en\/product\/mancuerna-elite\/","og_locale":"en_US","og_type":"article","og_title":"ELITE LOADABLE DUMBBELL - RX Competition","og_description":"ESPECIFICACIONES  &nbsp;  Marca: RX Competition  Uso: Deadlift, Farmer Walk, Shoulder Press, Chest Press,\u2026  Tolerancia del peso: +\/- 2 %  Peso: 4,5 kg  Capacidad m\u00e1xima de carga: 100 kg  Material de la barra: Acero cromado endurecido Hard chromed  Material de los manguitos de carga: Acero cromado endurecido Hard chromed  Di\u00e1metro del mango: \u00d8 28 mm  Di\u00e1metro de los manguitos de carga: \u00d8 50 mm  Longitud total de la barra: 365 mm  Longitud de los manguitos de carga: 90 mm  Rodamientos de aguja: 2 unidades  Casquillos antifricci\u00f3n: 2 casquillos de cobre  &nbsp;  *IMAGENES REALES","og_url":"https:\/\/rxcompetition.com\/en\/product\/mancuerna-elite\/","og_site_name":"RX Competition","article_modified_time":"2024-05-10T07:19:54+00:00","og_image":[{"width":700,"height":700,"url":"https:\/\/rxcompetition.com\/wp-content\/uploads\/2023\/02\/RX-Elite-loadable-dumbbell-bar.jpg","type":"image\/jpeg"}],"twitter_card":"summary_large_image","twitter_misc":{"Est. reading time":"1 minute"},"schema":{"@context":"https:\/\/schema.org","@graph":[{"@type":"WebPage","@id":"https:\/\/rxcompetition.com\/product\/mancuerna-elite\/","url":"https:\/\/rxcompetition.com\/product\/mancuerna-elite\/","name":"ELITE LOADABLE DUMBBELL - RX Competition","isPartOf":{"@id":"https:\/\/rxcompetition.com\/#website"},"primaryImageOfPage":{"@id":"https:\/\/rxcompetition.com\/product\/mancuerna-elite\/#primaryimage"},"image":{"@id":"https:\/\/rxcompetition.com\/product\/mancuerna-elite\/#primaryimage"},"thumbnailUrl":"https:\/\/rxcompetition.com\/wp-content\/uploads\/2023\/02\/RX-Elite-loadable-dumbbell-bar.jpg","datePublished":"2023-02-22T18:56:28+00:00","dateModified":"2024-05-10T07:19:54+00:00","breadcrumb":{"@id":"https:\/\/rxcompetition.com\/product\/mancuerna-elite\/#breadcrumb"},"inLanguage":"en-US","potentialAction":[{"@type":"ReadAction","target":["https:\/\/rxcompetition.com\/product\/mancuerna-elite\/"]}]},{"@type":"ImageObject","inLanguage":"en-US","@id":"https:\/\/rxcompetition.com\/product\/mancuerna-elite\/#primaryimage","url":"https:\/\/rxcompetition.com\/wp-content\/uploads\/2023\/02\/RX-Elite-loadable-dumbbell-bar.jpg","contentUrl":"https:\/\/rxcompetition.com\/wp-content\/uploads\/2023\/02\/RX-Elite-loadable-dumbbell-bar.jpg","width":700,"height":700},{"@type":"BreadcrumbList","@id":"https:\/\/rxcompetition.com\/product\/mancuerna-elite\/#breadcrumb","itemListElement":[{"@type":"ListItem","position":1,"name":"Inicio","item":"https:\/\/rxcompetition.com\/"},{"@type":"ListItem","position":2,"name":"Tienda","item":"https:\/\/rxcompetition.com\/tienda\/"},{"@type":"ListItem","position":3,"name":"ELITE LOADABLE DUMBBELL"}]},{"@type":"WebSite","@id":"https:\/\/rxcompetition.com\/#website","url":"https:\/\/rxcompetition.com\/","name":"RX Competition","description":"","publisher":{"@id":"https:\/\/rxcompetition.com\/#organization"},"potentialAction":[{"@type":"SearchAction","target":{"@type":"EntryPoint","urlTemplate":"https:\/\/rxcompetition.com\/?s={search_term_string}"},"query-input":"required name=search_term_string"}],"inLanguage":"en-US"},{"@type":"Organization","@id":"https:\/\/rxcompetition.com\/#organization","name":"RX Competition","url":"https:\/\/rxcompetition.com\/","logo":{"@type":"ImageObject","inLanguage":"en-US","@id":"https:\/\/rxcompetition.com\/#\/schema\/logo\/image\/","url":"https:\/\/rxcompetition.com\/wp-content\/uploads\/2023\/04\/LOGO-RX-PROGRAMA.png","contentUrl":"https:\/\/rxcompetition.com\/wp-content\/uploads\/2023\/04\/LOGO-RX-PROGRAMA.png","width":1416,"height":672,"caption":"RX Competition"},"image":{"@id":"https:\/\/rxcompetition.com\/#\/schema\/logo\/image\/"}}]}},"jetpack_sharing_enabled":true,"_links":{"self":[{"href":"https:\/\/rxcompetition.com\/en\/wp-json\/wp\/v2\/product\/34903","targetHints":{"allow":["GET"]}}],"collection":[{"href":"https:\/\/rxcompetition.com\/en\/wp-json\/wp\/v2\/product"}],"about":[{"href":"https:\/\/rxcompetition.com\/en\/wp-json\/wp\/v2\/types\/product"}],"replies":[{"embeddable":true,"href":"https:\/\/rxcompetition.com\/en\/wp-json\/wp\/v2\/comments?post=34903"}],"wp:featuredmedia":[{"embeddable":true,"href":"https:\/\/rxcompetition.com\/en\/wp-json\/wp\/v2\/media\/34904"}],"wp:attachment":[{"href":"https:\/\/rxcompetition.com\/en\/wp-json\/wp\/v2\/media?parent=34903"}],"wp:term":[{"taxonomy":"product_cat","embeddable":true,"href":"https:\/\/rxcompetition.com\/en\/wp-json\/wp\/v2\/product_cat?post=34903"},{"taxonomy":"product_tag","embeddable":true,"href":"https:\/\/rxcompetition.com\/en\/wp-json\/wp\/v2\/product_tag?post=34903"}],"curies":[{"name":"wp","href":"https:\/\/api.w.org\/{rel}","templated":true}]}}