{"id":34901,"date":"2023-02-22T18:41:28","date_gmt":"2023-02-22T18:41:28","guid":{"rendered":"https:\/\/rxcompetition.com\/?post_type=product&#038;p=34901"},"modified":"2025-10-01T15:59:52","modified_gmt":"2025-10-01T15:59:52","slug":"barra-hexagonal-elite","status":"publish","type":"product","link":"https:\/\/rxcompetition.com\/en\/product\/barra-hexagonal-elite\/","title":{"rendered":"HEXAGONAL BARBELL"},"content":{"rendered":"<p class=\" translation-block\">The RX Elite hexagonal barbell is our specific Olympic hex bar designed for core work. The hexagonal shape allows for multiple execution movements, including deadlifts, farmer walks, and jump squats. It is a perfect tool for beginners and advanced athletes in the rehabilitation process to focus on range of motion or gradually perform the deadlift technique with increased activation of the quadriceps muscles and reduced pressure on the shoulder girdle.<\/p>\n<p>&nbsp;<\/p>\n<p>Our bar includes two types of parallel handles with a medium-textured diamond-type knurling, so the athlete can easily switch between the two types of handles by turning the bar over and allowing exercises such as the <em>Press<\/em> shoulder, the <em>Floor Press<\/em> push-ups, shoulder shrugs, or bilateral back rows.<\/p>\n<p>&nbsp;<\/p>\n<p>The barbell's steel is finished with hardened chrome to further enhance its corrosion resistance. The loading sleeves are Olympic-sized in 50 mm diameter and 250 mm loadable length. The barbell is machined with two copper anti-friction bushings and eight needle bearings to enhance its performance and load capacity, ensuring smooth and unrestricted load rotation during exercises.<\/p>\n<p>&nbsp;<\/p>\n<p><strong>THE PRICE IS PER UNIT<\/strong><\/p>","protected":false},"excerpt":{"rendered":"<p><strong>SPECIFICATIONS<\/strong><\/p>\n<p>&nbsp;<\/p>\n<p class=\" translation-block\">Brand: RX Competition<\/p>\n<p>Work out: <em>Deadlift, Farmer Walk, Shoulder Press, Chest P<\/em><em>ress,\u2026<\/em><\/p>\n<p>Weight tolerance: +\/- 2%<\/p>\n<p>Weight: 23,5 kg<\/p>\n<p>Maximum load capacity: 350 kg<\/p>\n<p>Handle material: Hardened chrome steel<\/p>\n<p>Loadable needles material: Hardened Chrome Steel<\/p>\n<p>Handle diameter: \u00d828 mm<\/p>\n<p>Loadable sleeves diameter: \u00d8 50 mm<\/p>\n<p>Total bar length: 1.420 mm<\/p>\n<p>Loading sleeves length: 250 mm<\/p>\n<p>Needle bearings: 8<\/p>\n<p>Anti-friction bushings: 2 in copper<\/p>\n<p>&nbsp;<\/p>\n<p><strong>*REAL PICTURES<\/strong><\/p>","protected":false},"featured_media":37364,"comment_status":"open","ping_status":"closed","template":"","meta":{"inline_featured_image":false},"product_cat":[15,143,226],"product_tag":[],"class_list":{"0":"post-34901","1":"product","2":"type-product","3":"status-publish","4":"has-post-thumbnail","6":"product_cat-crossfit-equipment","7":"product_cat-strength","8":"product_cat-specialty-barbells","11":"first","12":"instock","13":"taxable","14":"shipping-taxable","15":"purchasable","16":"product-type-simple"},"yoast_head":"<!-- This site is optimized with the Yoast SEO plugin v23.2 - https:\/\/yoast.com\/wordpress\/plugins\/seo\/ -->\n<title>HEXAGONAL BARBELL - RX Competition<\/title>\n<meta name=\"robots\" content=\"index, follow, max-snippet:-1, max-image-preview:large, max-video-preview:-1\" \/>\n<link rel=\"canonical\" href=\"https:\/\/rxcompetition.com\/en\/product\/barra-hexagonal-elite\/\" \/>\n<meta property=\"og:locale\" content=\"en_US\" \/>\n<meta property=\"og:type\" content=\"article\" \/>\n<meta property=\"og:title\" content=\"HEXAGONAL BARBELL - RX Competition\" \/>\n<meta property=\"og:description\" content=\"ESPECIFICACIONES  &nbsp;  Marca: RX Competition  Uso: Deadlift, Farmer Walk, Shoulder Press, Chest Press,\u2026  Tolerancia del peso: +\/- 2 %  Peso: 23,5 kg  Capacidad m\u00e1xima de carga: 350 kg  Material de la barra: Acero cromado endurecido  Material de los manguitos de carga: Acero cromado endurecido  Di\u00e1metro del mango: \u00d8 28 mm  Di\u00e1metro de los manguitos de carga: \u00d8 50 mm  Longitud total de la barra: 1.420 mm  Longitud de los manguitos de carga: 250 mm  Rodamientos: 8 rodamientos de tipo aguja  Rodamientos antifricci\u00f3n: 2 casquillos antifricci\u00f3n de cobre  &nbsp;  *IMAGENES REALES\" \/>\n<meta property=\"og:url\" content=\"https:\/\/rxcompetition.com\/en\/product\/barra-hexagonal-elite\/\" \/>\n<meta property=\"og:site_name\" content=\"RX Competition\" \/>\n<meta property=\"article:modified_time\" content=\"2025-10-01T15:59:52+00:00\" \/>\n<meta property=\"og:image\" content=\"https:\/\/rxcompetition.com\/wp-content\/uploads\/2023\/02\/POI_050-scaled.jpg\" \/>\n\t<meta property=\"og:image:width\" content=\"2560\" \/>\n\t<meta property=\"og:image:height\" content=\"1707\" \/>\n\t<meta property=\"og:image:type\" content=\"image\/jpeg\" \/>\n<meta name=\"twitter:card\" content=\"summary_large_image\" \/>\n<meta name=\"twitter:label1\" content=\"Est. reading time\" \/>\n\t<meta name=\"twitter:data1\" content=\"2 minutes\" \/>\n<script type=\"application\/ld+json\" class=\"yoast-schema-graph\">{\"@context\":\"https:\/\/schema.org\",\"@graph\":[{\"@type\":\"WebPage\",\"@id\":\"https:\/\/rxcompetition.com\/product\/barra-hexagonal-elite\/\",\"url\":\"https:\/\/rxcompetition.com\/product\/barra-hexagonal-elite\/\",\"name\":\"HEXAGONAL BARBELL - RX Competition\",\"isPartOf\":{\"@id\":\"https:\/\/rxcompetition.com\/#website\"},\"primaryImageOfPage\":{\"@id\":\"https:\/\/rxcompetition.com\/product\/barra-hexagonal-elite\/#primaryimage\"},\"image\":{\"@id\":\"https:\/\/rxcompetition.com\/product\/barra-hexagonal-elite\/#primaryimage\"},\"thumbnailUrl\":\"https:\/\/rxcompetition.com\/wp-content\/uploads\/2023\/02\/POI_050-scaled.jpg\",\"datePublished\":\"2023-02-22T18:41:28+00:00\",\"dateModified\":\"2025-10-01T15:59:52+00:00\",\"breadcrumb\":{\"@id\":\"https:\/\/rxcompetition.com\/product\/barra-hexagonal-elite\/#breadcrumb\"},\"inLanguage\":\"en-US\",\"potentialAction\":[{\"@type\":\"ReadAction\",\"target\":[\"https:\/\/rxcompetition.com\/product\/barra-hexagonal-elite\/\"]}]},{\"@type\":\"ImageObject\",\"inLanguage\":\"en-US\",\"@id\":\"https:\/\/rxcompetition.com\/product\/barra-hexagonal-elite\/#primaryimage\",\"url\":\"https:\/\/rxcompetition.com\/wp-content\/uploads\/2023\/02\/POI_050-scaled.jpg\",\"contentUrl\":\"https:\/\/rxcompetition.com\/wp-content\/uploads\/2023\/02\/POI_050-scaled.jpg\",\"width\":2560,\"height\":1707},{\"@type\":\"BreadcrumbList\",\"@id\":\"https:\/\/rxcompetition.com\/product\/barra-hexagonal-elite\/#breadcrumb\",\"itemListElement\":[{\"@type\":\"ListItem\",\"position\":1,\"name\":\"Inicio\",\"item\":\"https:\/\/rxcompetition.com\/\"},{\"@type\":\"ListItem\",\"position\":2,\"name\":\"Tienda\",\"item\":\"https:\/\/rxcompetition.com\/tienda\/\"},{\"@type\":\"ListItem\",\"position\":3,\"name\":\"HEXAGONAL BARBELL\"}]},{\"@type\":\"WebSite\",\"@id\":\"https:\/\/rxcompetition.com\/#website\",\"url\":\"https:\/\/rxcompetition.com\/\",\"name\":\"RX Competition\",\"description\":\"\",\"publisher\":{\"@id\":\"https:\/\/rxcompetition.com\/#organization\"},\"potentialAction\":[{\"@type\":\"SearchAction\",\"target\":{\"@type\":\"EntryPoint\",\"urlTemplate\":\"https:\/\/rxcompetition.com\/?s={search_term_string}\"},\"query-input\":\"required name=search_term_string\"}],\"inLanguage\":\"en-US\"},{\"@type\":\"Organization\",\"@id\":\"https:\/\/rxcompetition.com\/#organization\",\"name\":\"RX Competition\",\"url\":\"https:\/\/rxcompetition.com\/\",\"logo\":{\"@type\":\"ImageObject\",\"inLanguage\":\"en-US\",\"@id\":\"https:\/\/rxcompetition.com\/#\/schema\/logo\/image\/\",\"url\":\"https:\/\/rxcompetition.com\/wp-content\/uploads\/2023\/04\/LOGO-RX-PROGRAMA.png\",\"contentUrl\":\"https:\/\/rxcompetition.com\/wp-content\/uploads\/2023\/04\/LOGO-RX-PROGRAMA.png\",\"width\":1416,\"height\":672,\"caption\":\"RX Competition\"},\"image\":{\"@id\":\"https:\/\/rxcompetition.com\/#\/schema\/logo\/image\/\"}}]}<\/script>\n<!-- \/ Yoast SEO plugin. -->","yoast_head_json":{"title":"HEXAGONAL BARBELL - RX Competition","robots":{"index":"index","follow":"follow","max-snippet":"max-snippet:-1","max-image-preview":"max-image-preview:large","max-video-preview":"max-video-preview:-1"},"canonical":"https:\/\/rxcompetition.com\/en\/product\/barra-hexagonal-elite\/","og_locale":"en_US","og_type":"article","og_title":"HEXAGONAL BARBELL - RX Competition","og_description":"ESPECIFICACIONES  &nbsp;  Marca: RX Competition  Uso: Deadlift, Farmer Walk, Shoulder Press, Chest Press,\u2026  Tolerancia del peso: +\/- 2 %  Peso: 23,5 kg  Capacidad m\u00e1xima de carga: 350 kg  Material de la barra: Acero cromado endurecido  Material de los manguitos de carga: Acero cromado endurecido  Di\u00e1metro del mango: \u00d8 28 mm  Di\u00e1metro de los manguitos de carga: \u00d8 50 mm  Longitud total de la barra: 1.420 mm  Longitud de los manguitos de carga: 250 mm  Rodamientos: 8 rodamientos de tipo aguja  Rodamientos antifricci\u00f3n: 2 casquillos antifricci\u00f3n de cobre  &nbsp;  *IMAGENES REALES","og_url":"https:\/\/rxcompetition.com\/en\/product\/barra-hexagonal-elite\/","og_site_name":"RX Competition","article_modified_time":"2025-10-01T15:59:52+00:00","og_image":[{"width":2560,"height":1707,"url":"https:\/\/rxcompetition.com\/wp-content\/uploads\/2023\/02\/POI_050-scaled.jpg","type":"image\/jpeg"}],"twitter_card":"summary_large_image","twitter_misc":{"Est. reading time":"2 minutes"},"schema":{"@context":"https:\/\/schema.org","@graph":[{"@type":"WebPage","@id":"https:\/\/rxcompetition.com\/product\/barra-hexagonal-elite\/","url":"https:\/\/rxcompetition.com\/product\/barra-hexagonal-elite\/","name":"HEXAGONAL BARBELL - RX Competition","isPartOf":{"@id":"https:\/\/rxcompetition.com\/#website"},"primaryImageOfPage":{"@id":"https:\/\/rxcompetition.com\/product\/barra-hexagonal-elite\/#primaryimage"},"image":{"@id":"https:\/\/rxcompetition.com\/product\/barra-hexagonal-elite\/#primaryimage"},"thumbnailUrl":"https:\/\/rxcompetition.com\/wp-content\/uploads\/2023\/02\/POI_050-scaled.jpg","datePublished":"2023-02-22T18:41:28+00:00","dateModified":"2025-10-01T15:59:52+00:00","breadcrumb":{"@id":"https:\/\/rxcompetition.com\/product\/barra-hexagonal-elite\/#breadcrumb"},"inLanguage":"en-US","potentialAction":[{"@type":"ReadAction","target":["https:\/\/rxcompetition.com\/product\/barra-hexagonal-elite\/"]}]},{"@type":"ImageObject","inLanguage":"en-US","@id":"https:\/\/rxcompetition.com\/product\/barra-hexagonal-elite\/#primaryimage","url":"https:\/\/rxcompetition.com\/wp-content\/uploads\/2023\/02\/POI_050-scaled.jpg","contentUrl":"https:\/\/rxcompetition.com\/wp-content\/uploads\/2023\/02\/POI_050-scaled.jpg","width":2560,"height":1707},{"@type":"BreadcrumbList","@id":"https:\/\/rxcompetition.com\/product\/barra-hexagonal-elite\/#breadcrumb","itemListElement":[{"@type":"ListItem","position":1,"name":"Inicio","item":"https:\/\/rxcompetition.com\/"},{"@type":"ListItem","position":2,"name":"Tienda","item":"https:\/\/rxcompetition.com\/tienda\/"},{"@type":"ListItem","position":3,"name":"HEXAGONAL BARBELL"}]},{"@type":"WebSite","@id":"https:\/\/rxcompetition.com\/#website","url":"https:\/\/rxcompetition.com\/","name":"RX Competition","description":"","publisher":{"@id":"https:\/\/rxcompetition.com\/#organization"},"potentialAction":[{"@type":"SearchAction","target":{"@type":"EntryPoint","urlTemplate":"https:\/\/rxcompetition.com\/?s={search_term_string}"},"query-input":"required name=search_term_string"}],"inLanguage":"en-US"},{"@type":"Organization","@id":"https:\/\/rxcompetition.com\/#organization","name":"RX Competition","url":"https:\/\/rxcompetition.com\/","logo":{"@type":"ImageObject","inLanguage":"en-US","@id":"https:\/\/rxcompetition.com\/#\/schema\/logo\/image\/","url":"https:\/\/rxcompetition.com\/wp-content\/uploads\/2023\/04\/LOGO-RX-PROGRAMA.png","contentUrl":"https:\/\/rxcompetition.com\/wp-content\/uploads\/2023\/04\/LOGO-RX-PROGRAMA.png","width":1416,"height":672,"caption":"RX Competition"},"image":{"@id":"https:\/\/rxcompetition.com\/#\/schema\/logo\/image\/"}}]}},"jetpack_sharing_enabled":true,"_links":{"self":[{"href":"https:\/\/rxcompetition.com\/en\/wp-json\/wp\/v2\/product\/34901","targetHints":{"allow":["GET"]}}],"collection":[{"href":"https:\/\/rxcompetition.com\/en\/wp-json\/wp\/v2\/product"}],"about":[{"href":"https:\/\/rxcompetition.com\/en\/wp-json\/wp\/v2\/types\/product"}],"replies":[{"embeddable":true,"href":"https:\/\/rxcompetition.com\/en\/wp-json\/wp\/v2\/comments?post=34901"}],"wp:featuredmedia":[{"embeddable":true,"href":"https:\/\/rxcompetition.com\/en\/wp-json\/wp\/v2\/media\/37364"}],"wp:attachment":[{"href":"https:\/\/rxcompetition.com\/en\/wp-json\/wp\/v2\/media?parent=34901"}],"wp:term":[{"taxonomy":"product_cat","embeddable":true,"href":"https:\/\/rxcompetition.com\/en\/wp-json\/wp\/v2\/product_cat?post=34901"},{"taxonomy":"product_tag","embeddable":true,"href":"https:\/\/rxcompetition.com\/en\/wp-json\/wp\/v2\/product_tag?post=34901"}],"curies":[{"name":"wp","href":"https:\/\/api.w.org\/{rel}","templated":true}]}}