{"id":34899,"date":"2023-02-22T18:35:53","date_gmt":"2023-02-22T18:35:53","guid":{"rendered":"https:\/\/rxcompetition.com\/?post_type=product&#038;p=34899"},"modified":"2024-05-10T07:20:02","modified_gmt":"2024-05-10T07:20:02","slug":"barra-multigrip-3-0","status":"publish","type":"product","link":"https:\/\/rxcompetition.com\/en\/product\/barra-multigrip-3-0\/","title":{"rendered":"MULTIGRIP BARBELL 3.0"},"content":{"rendered":"<p class=\" translation-block\">We could confirm that our RX Elite 3.0 multi-grip barbell is a multi-grip 1.0 and 2.0 fusion. The design of our 3.0 includes three parallel grip handles, with the closest one being angled and the remaining two being neutral, all of them featuring a medium diamond-textured knurling for a firm grip. It is the perfect hybrid tool to benefit from the characteristics of both versions, allowing you to choose between the three grip types by widening or narrowing the grip width during execution, targeting and activating different muscle groups. It is suitable with most power racks. Additionally, the barbell can be rotated 180 degrees to change the angle of the inner handle and perform curls or bench presses with the elbows inward.<\/p>\n<p>&nbsp;<\/p>\n<p>The barbell's steel is powder-coated to maximize its corrosion resistance. The loading sleeves are \u00d850 mm Olympic-sized, with 355 mm loading length. The barbell is machined with two copper anti-friction bushings and two needle bearings to enhance its performance and load capacity, allowing for smooth and unrestricted rotation of the load during exercise.<\/p>\n<p>&nbsp;<\/p>\n<p><strong>THE PRICE IS PER UNIT<\/strong><\/p>","protected":false},"excerpt":{"rendered":"<p><strong>SPECIFICATIONS<\/strong><\/p>\n<p>&nbsp;<\/p>\n<p class=\" translation-block\">Brand: RX Competition<\/p>\n<p class=\" translation-block\">Usage: JM Press, Shoulder Press, Chest Press, Lockouts<\/p>\n<p>Weight tolerance: +\/- 2%<\/p>\n<p>Weight: 17,5 kg<\/p>\n<p>Maximum load capacity: 350 kg<\/p>\n<p>Bar material: Powder-coated steel<\/p>\n<p>Loading sleeves material: Powder-coated steel<\/p>\n<p>Handle diameter: \u00d831 mm<\/p>\n<p>Loading sleeve diameter: \u00d850 mm<\/p>\n<p>Total bar length: 2.080 mm<\/p>\n<p>Loadable sleeves length: 355 mm<\/p>\n<p>Bearings: 2 needle bearings<\/p>\n<p>Anti-friction bushings: 2 in copper<\/p>\n<p>&nbsp;<\/p>\n<p><strong>*REAL PICTURES<\/strong><\/p>","protected":false},"featured_media":34900,"comment_status":"closed","ping_status":"closed","template":"","meta":{"inline_featured_image":false},"product_cat":[348,204],"product_tag":[],"class_list":{"0":"post-34899","1":"product","2":"type-product","3":"status-publish","4":"has-post-thumbnail","6":"product_cat-barras","7":"product_cat-bodybuilding","10":"first","11":"outofstock","12":"taxable","13":"shipping-taxable","14":"purchasable","15":"product-type-simple"},"yoast_head":"<!-- This site is optimized with the Yoast SEO plugin v23.2 - https:\/\/yoast.com\/wordpress\/plugins\/seo\/ -->\n<title>MULTIGRIP BARBELL 3.0 - RX Competition<\/title>\n<meta name=\"robots\" content=\"index, follow, max-snippet:-1, max-image-preview:large, max-video-preview:-1\" \/>\n<link rel=\"canonical\" href=\"https:\/\/rxcompetition.com\/en\/product\/barra-multigrip-3-0\/\" \/>\n<meta property=\"og:locale\" content=\"en_US\" \/>\n<meta property=\"og:type\" content=\"article\" \/>\n<meta property=\"og:title\" content=\"MULTIGRIP BARBELL 3.0 - RX Competition\" \/>\n<meta property=\"og:description\" content=\"ESPECIFICACIONES  &nbsp;  Marca: RX Competition  Uso: Press JM, Shoulder Press, Chest Press, bloqueos   Tolerancia del peso: +\/- 2 %  Peso: 17,5 kg  Capacidad m\u00e1xima de carga: 350 kg  Material de la barra: Acero recubierto en polvo  Material de los manguitos de carga: Acero recubierto en polvo  Di\u00e1metro del mango: \u00d831 mm  Di\u00e1metro de los manguitos de carga: \u00d850 mm  Longitud total de la barra: 2.080 mm  Longitud de los manguitos de carga: 355 mm  Rodamientos: 2 rodamientos de tipo aguja  Rodamientos antifricci\u00f3n: 2 casquillos antifricci\u00f3n de cobre  &nbsp;  *IMAGENES REALES\" \/>\n<meta property=\"og:url\" content=\"https:\/\/rxcompetition.com\/en\/product\/barra-multigrip-3-0\/\" \/>\n<meta property=\"og:site_name\" content=\"RX Competition\" \/>\n<meta property=\"article:modified_time\" content=\"2024-05-10T07:20:02+00:00\" \/>\n<meta property=\"og:image\" content=\"https:\/\/rxcompetition.com\/wp-content\/uploads\/2023\/02\/RX-Elite-3.0-multi-grip-barbell.jpg\" \/>\n\t<meta property=\"og:image:width\" content=\"910\" \/>\n\t<meta property=\"og:image:height\" content=\"512\" \/>\n\t<meta property=\"og:image:type\" content=\"image\/jpeg\" \/>\n<meta name=\"twitter:card\" content=\"summary_large_image\" \/>\n<meta name=\"twitter:label1\" content=\"Est. reading time\" \/>\n\t<meta name=\"twitter:data1\" content=\"1 minute\" \/>\n<script type=\"application\/ld+json\" class=\"yoast-schema-graph\">{\"@context\":\"https:\/\/schema.org\",\"@graph\":[{\"@type\":\"WebPage\",\"@id\":\"https:\/\/rxcompetition.com\/product\/barra-multigrip-3-0\/\",\"url\":\"https:\/\/rxcompetition.com\/product\/barra-multigrip-3-0\/\",\"name\":\"MULTIGRIP BARBELL 3.0 - RX Competition\",\"isPartOf\":{\"@id\":\"https:\/\/rxcompetition.com\/#website\"},\"primaryImageOfPage\":{\"@id\":\"https:\/\/rxcompetition.com\/product\/barra-multigrip-3-0\/#primaryimage\"},\"image\":{\"@id\":\"https:\/\/rxcompetition.com\/product\/barra-multigrip-3-0\/#primaryimage\"},\"thumbnailUrl\":\"https:\/\/rxcompetition.com\/wp-content\/uploads\/2023\/02\/RX-Elite-3.0-multi-grip-barbell.jpg\",\"datePublished\":\"2023-02-22T18:35:53+00:00\",\"dateModified\":\"2024-05-10T07:20:02+00:00\",\"breadcrumb\":{\"@id\":\"https:\/\/rxcompetition.com\/product\/barra-multigrip-3-0\/#breadcrumb\"},\"inLanguage\":\"en-US\",\"potentialAction\":[{\"@type\":\"ReadAction\",\"target\":[\"https:\/\/rxcompetition.com\/product\/barra-multigrip-3-0\/\"]}]},{\"@type\":\"ImageObject\",\"inLanguage\":\"en-US\",\"@id\":\"https:\/\/rxcompetition.com\/product\/barra-multigrip-3-0\/#primaryimage\",\"url\":\"https:\/\/rxcompetition.com\/wp-content\/uploads\/2023\/02\/RX-Elite-3.0-multi-grip-barbell.jpg\",\"contentUrl\":\"https:\/\/rxcompetition.com\/wp-content\/uploads\/2023\/02\/RX-Elite-3.0-multi-grip-barbell.jpg\",\"width\":910,\"height\":512},{\"@type\":\"BreadcrumbList\",\"@id\":\"https:\/\/rxcompetition.com\/product\/barra-multigrip-3-0\/#breadcrumb\",\"itemListElement\":[{\"@type\":\"ListItem\",\"position\":1,\"name\":\"Inicio\",\"item\":\"https:\/\/rxcompetition.com\/\"},{\"@type\":\"ListItem\",\"position\":2,\"name\":\"Tienda\",\"item\":\"https:\/\/rxcompetition.com\/tienda\/\"},{\"@type\":\"ListItem\",\"position\":3,\"name\":\"MULTIGRIP BARBELL 3.0\"}]},{\"@type\":\"WebSite\",\"@id\":\"https:\/\/rxcompetition.com\/#website\",\"url\":\"https:\/\/rxcompetition.com\/\",\"name\":\"RX Competition\",\"description\":\"\",\"publisher\":{\"@id\":\"https:\/\/rxcompetition.com\/#organization\"},\"potentialAction\":[{\"@type\":\"SearchAction\",\"target\":{\"@type\":\"EntryPoint\",\"urlTemplate\":\"https:\/\/rxcompetition.com\/?s={search_term_string}\"},\"query-input\":\"required name=search_term_string\"}],\"inLanguage\":\"en-US\"},{\"@type\":\"Organization\",\"@id\":\"https:\/\/rxcompetition.com\/#organization\",\"name\":\"RX Competition\",\"url\":\"https:\/\/rxcompetition.com\/\",\"logo\":{\"@type\":\"ImageObject\",\"inLanguage\":\"en-US\",\"@id\":\"https:\/\/rxcompetition.com\/#\/schema\/logo\/image\/\",\"url\":\"https:\/\/rxcompetition.com\/wp-content\/uploads\/2023\/04\/LOGO-RX-PROGRAMA.png\",\"contentUrl\":\"https:\/\/rxcompetition.com\/wp-content\/uploads\/2023\/04\/LOGO-RX-PROGRAMA.png\",\"width\":1416,\"height\":672,\"caption\":\"RX Competition\"},\"image\":{\"@id\":\"https:\/\/rxcompetition.com\/#\/schema\/logo\/image\/\"}}]}<\/script>\n<!-- \/ Yoast SEO plugin. -->","yoast_head_json":{"title":"MULTIGRIP BARBELL 3.0 - RX Competition","robots":{"index":"index","follow":"follow","max-snippet":"max-snippet:-1","max-image-preview":"max-image-preview:large","max-video-preview":"max-video-preview:-1"},"canonical":"https:\/\/rxcompetition.com\/en\/product\/barra-multigrip-3-0\/","og_locale":"en_US","og_type":"article","og_title":"MULTIGRIP BARBELL 3.0 - RX Competition","og_description":"ESPECIFICACIONES  &nbsp;  Marca: RX Competition  Uso: Press JM, Shoulder Press, Chest Press, bloqueos   Tolerancia del peso: +\/- 2 %  Peso: 17,5 kg  Capacidad m\u00e1xima de carga: 350 kg  Material de la barra: Acero recubierto en polvo  Material de los manguitos de carga: Acero recubierto en polvo  Di\u00e1metro del mango: \u00d831 mm  Di\u00e1metro de los manguitos de carga: \u00d850 mm  Longitud total de la barra: 2.080 mm  Longitud de los manguitos de carga: 355 mm  Rodamientos: 2 rodamientos de tipo aguja  Rodamientos antifricci\u00f3n: 2 casquillos antifricci\u00f3n de cobre  &nbsp;  *IMAGENES REALES","og_url":"https:\/\/rxcompetition.com\/en\/product\/barra-multigrip-3-0\/","og_site_name":"RX Competition","article_modified_time":"2024-05-10T07:20:02+00:00","og_image":[{"width":910,"height":512,"url":"https:\/\/rxcompetition.com\/wp-content\/uploads\/2023\/02\/RX-Elite-3.0-multi-grip-barbell.jpg","type":"image\/jpeg"}],"twitter_card":"summary_large_image","twitter_misc":{"Est. reading time":"1 minute"},"schema":{"@context":"https:\/\/schema.org","@graph":[{"@type":"WebPage","@id":"https:\/\/rxcompetition.com\/product\/barra-multigrip-3-0\/","url":"https:\/\/rxcompetition.com\/product\/barra-multigrip-3-0\/","name":"MULTIGRIP BARBELL 3.0 - RX Competition","isPartOf":{"@id":"https:\/\/rxcompetition.com\/#website"},"primaryImageOfPage":{"@id":"https:\/\/rxcompetition.com\/product\/barra-multigrip-3-0\/#primaryimage"},"image":{"@id":"https:\/\/rxcompetition.com\/product\/barra-multigrip-3-0\/#primaryimage"},"thumbnailUrl":"https:\/\/rxcompetition.com\/wp-content\/uploads\/2023\/02\/RX-Elite-3.0-multi-grip-barbell.jpg","datePublished":"2023-02-22T18:35:53+00:00","dateModified":"2024-05-10T07:20:02+00:00","breadcrumb":{"@id":"https:\/\/rxcompetition.com\/product\/barra-multigrip-3-0\/#breadcrumb"},"inLanguage":"en-US","potentialAction":[{"@type":"ReadAction","target":["https:\/\/rxcompetition.com\/product\/barra-multigrip-3-0\/"]}]},{"@type":"ImageObject","inLanguage":"en-US","@id":"https:\/\/rxcompetition.com\/product\/barra-multigrip-3-0\/#primaryimage","url":"https:\/\/rxcompetition.com\/wp-content\/uploads\/2023\/02\/RX-Elite-3.0-multi-grip-barbell.jpg","contentUrl":"https:\/\/rxcompetition.com\/wp-content\/uploads\/2023\/02\/RX-Elite-3.0-multi-grip-barbell.jpg","width":910,"height":512},{"@type":"BreadcrumbList","@id":"https:\/\/rxcompetition.com\/product\/barra-multigrip-3-0\/#breadcrumb","itemListElement":[{"@type":"ListItem","position":1,"name":"Inicio","item":"https:\/\/rxcompetition.com\/"},{"@type":"ListItem","position":2,"name":"Tienda","item":"https:\/\/rxcompetition.com\/tienda\/"},{"@type":"ListItem","position":3,"name":"MULTIGRIP BARBELL 3.0"}]},{"@type":"WebSite","@id":"https:\/\/rxcompetition.com\/#website","url":"https:\/\/rxcompetition.com\/","name":"RX Competition","description":"","publisher":{"@id":"https:\/\/rxcompetition.com\/#organization"},"potentialAction":[{"@type":"SearchAction","target":{"@type":"EntryPoint","urlTemplate":"https:\/\/rxcompetition.com\/?s={search_term_string}"},"query-input":"required name=search_term_string"}],"inLanguage":"en-US"},{"@type":"Organization","@id":"https:\/\/rxcompetition.com\/#organization","name":"RX Competition","url":"https:\/\/rxcompetition.com\/","logo":{"@type":"ImageObject","inLanguage":"en-US","@id":"https:\/\/rxcompetition.com\/#\/schema\/logo\/image\/","url":"https:\/\/rxcompetition.com\/wp-content\/uploads\/2023\/04\/LOGO-RX-PROGRAMA.png","contentUrl":"https:\/\/rxcompetition.com\/wp-content\/uploads\/2023\/04\/LOGO-RX-PROGRAMA.png","width":1416,"height":672,"caption":"RX Competition"},"image":{"@id":"https:\/\/rxcompetition.com\/#\/schema\/logo\/image\/"}}]}},"jetpack_sharing_enabled":true,"_links":{"self":[{"href":"https:\/\/rxcompetition.com\/en\/wp-json\/wp\/v2\/product\/34899","targetHints":{"allow":["GET"]}}],"collection":[{"href":"https:\/\/rxcompetition.com\/en\/wp-json\/wp\/v2\/product"}],"about":[{"href":"https:\/\/rxcompetition.com\/en\/wp-json\/wp\/v2\/types\/product"}],"replies":[{"embeddable":true,"href":"https:\/\/rxcompetition.com\/en\/wp-json\/wp\/v2\/comments?post=34899"}],"wp:featuredmedia":[{"embeddable":true,"href":"https:\/\/rxcompetition.com\/en\/wp-json\/wp\/v2\/media\/34900"}],"wp:attachment":[{"href":"https:\/\/rxcompetition.com\/en\/wp-json\/wp\/v2\/media?parent=34899"}],"wp:term":[{"taxonomy":"product_cat","embeddable":true,"href":"https:\/\/rxcompetition.com\/en\/wp-json\/wp\/v2\/product_cat?post=34899"},{"taxonomy":"product_tag","embeddable":true,"href":"https:\/\/rxcompetition.com\/en\/wp-json\/wp\/v2\/product_tag?post=34899"}],"curies":[{"name":"wp","href":"https:\/\/api.w.org\/{rel}","templated":true}]}}