{"id":34839,"date":"2023-02-22T16:54:30","date_gmt":"2023-02-22T16:54:30","guid":{"rendered":"https:\/\/rxcompetition.com\/?post_type=product&#038;p=34839"},"modified":"2025-02-17T18:37:37","modified_gmt":"2025-02-17T18:37:37","slug":"mancuerna-hexagonal","status":"publish","type":"product","link":"https:\/\/rxcompetition.com\/en\/product\/mancuerna-hexagonal\/","title":{"rendered":"HEXAGONAL DUMBBELL"},"content":{"rendered":"<p class=\" translation-block\">The RX Hexagonal Dumbbell is a professional single-piece dumbbell with a compact design. It is the quintessential dumbbell used in CrossFit boxes. They feature a hexagonal design to prevent rolling when placed on a firm surface or during storage, allowing for a wide range of functional exercises from the ground.<\/p>\n<p>&nbsp;<\/p>\n<p>The basis of these dumbbells is made of solid steel covered with a thick layer of black rubber to maximize its resistance to falls. The handle is chrome-plated steel and has a medium-textured diamond knurling to ensure a firm grip during workouts.<\/p>\n<p>&nbsp;<\/p>\n<p><span style=\"color: #000000;\"><strong>THE PRICE IS PER UNIT<\/strong><\/span><\/p>","protected":false},"excerpt":{"rendered":"<p><span style=\"color: #000000;\"><strong>SPECIFICATIONS<\/strong><\/span><\/p>\n<p>&nbsp;<\/p>\n<p class=\" translation-block\">Brand: RX Competition<\/p>\n<p>Weight tolerance: +\/- 2%<\/p>\n<p>Core material: Solid Steel<\/p>\n<p>Rubber: 10 mm thick black SBR abrasion resistant<\/p>\n<p>Weight engraved in kilograms for easy recognition<\/p>\n<p>Detachable: No<\/p>\n<p>Handle material: Chrome-plated steel, ergonomic and with non-slip knurling<\/p>\n<p>Handle diameter: \u00d8 28 mm de 1kg-5kg, \u00d8 34 mm de 7,5kg-40kg<\/p>\n<p>Available weights: From 2,5 kg to 40 kg in 2,5 kg upgradings (see options).<\/p>\n<p>&nbsp;<\/p>\n<p><strong>*REAL PICTURES<\/strong><\/p>","protected":false},"featured_media":36317,"comment_status":"closed","ping_status":"closed","template":"","meta":{"inline_featured_image":false},"product_cat":[15,143,223],"product_tag":[],"class_list":{"0":"post-34839","1":"product","2":"type-product","3":"status-publish","4":"has-post-thumbnail","6":"product_cat-crossfit-equipment","7":"product_cat-strength","8":"product_cat-dumbbells","11":"first","12":"instock","13":"featured","14":"taxable","15":"shipping-taxable","16":"purchasable","17":"product-type-variable"},"yoast_head":"<!-- This site is optimized with the Yoast SEO plugin v23.2 - https:\/\/yoast.com\/wordpress\/plugins\/seo\/ -->\n<title>HEXAGONAL DUMBBELL - RX Competition<\/title>\n<meta name=\"robots\" content=\"index, follow, max-snippet:-1, max-image-preview:large, max-video-preview:-1\" \/>\n<link rel=\"canonical\" href=\"https:\/\/rxcompetition.com\/en\/product\/mancuerna-hexagonal\/\" \/>\n<meta property=\"og:locale\" content=\"en_US\" \/>\n<meta property=\"og:type\" content=\"article\" \/>\n<meta property=\"og:title\" content=\"HEXAGONAL DUMBBELL - RX Competition\" \/>\n<meta property=\"og:description\" content=\"ESPECIFICACIONES  &nbsp;  Marca:\u00a0RX Competition  Tolerancia del peso: +\/- 2 %  Material del n\u00facleo: Acero macizo  Goma: SBR negra de 10 mm de espesor resistente a la abrasi\u00f3n  Peso grabado en kilogramos integrado en la goma para un f\u00e1cil reconocimiento  Desmontables: No  Material del mango: Acero cromado, ergon\u00f3mico y con moleteado antideslizante  Di\u00e1metro del mango: \u00d8 28 mm de 1kg-5kg, \u00d8 34 mm de 7,5kg-40kg  Tama\u00f1os disponibles: De 2,5 kg a 40 kg en incrementos de 2,5 kg (ver opciones).  &nbsp;  *IMAGENES REALES\" \/>\n<meta property=\"og:url\" content=\"https:\/\/rxcompetition.com\/en\/product\/mancuerna-hexagonal\/\" \/>\n<meta property=\"og:site_name\" content=\"RX Competition\" \/>\n<meta property=\"article:modified_time\" content=\"2025-02-17T18:37:37+00:00\" \/>\n<meta property=\"og:image\" content=\"https:\/\/rxcompetition.com\/wp-content\/uploads\/2023\/02\/POI_004-scaled.jpg\" \/>\n\t<meta property=\"og:image:width\" content=\"2560\" \/>\n\t<meta property=\"og:image:height\" content=\"1707\" \/>\n\t<meta property=\"og:image:type\" content=\"image\/jpeg\" \/>\n<meta name=\"twitter:card\" content=\"summary_large_image\" \/>\n<meta name=\"twitter:label1\" content=\"Est. reading time\" \/>\n\t<meta name=\"twitter:data1\" content=\"1 minute\" \/>\n<script type=\"application\/ld+json\" class=\"yoast-schema-graph\">{\"@context\":\"https:\/\/schema.org\",\"@graph\":[{\"@type\":\"WebPage\",\"@id\":\"https:\/\/rxcompetition.com\/product\/mancuerna-hexagonal\/\",\"url\":\"https:\/\/rxcompetition.com\/product\/mancuerna-hexagonal\/\",\"name\":\"HEXAGONAL DUMBBELL - RX Competition\",\"isPartOf\":{\"@id\":\"https:\/\/rxcompetition.com\/#website\"},\"primaryImageOfPage\":{\"@id\":\"https:\/\/rxcompetition.com\/product\/mancuerna-hexagonal\/#primaryimage\"},\"image\":{\"@id\":\"https:\/\/rxcompetition.com\/product\/mancuerna-hexagonal\/#primaryimage\"},\"thumbnailUrl\":\"https:\/\/rxcompetition.com\/wp-content\/uploads\/2023\/02\/POI_004-scaled.jpg\",\"datePublished\":\"2023-02-22T16:54:30+00:00\",\"dateModified\":\"2025-02-17T18:37:37+00:00\",\"breadcrumb\":{\"@id\":\"https:\/\/rxcompetition.com\/product\/mancuerna-hexagonal\/#breadcrumb\"},\"inLanguage\":\"en-US\",\"potentialAction\":[{\"@type\":\"ReadAction\",\"target\":[\"https:\/\/rxcompetition.com\/product\/mancuerna-hexagonal\/\"]}]},{\"@type\":\"ImageObject\",\"inLanguage\":\"en-US\",\"@id\":\"https:\/\/rxcompetition.com\/product\/mancuerna-hexagonal\/#primaryimage\",\"url\":\"https:\/\/rxcompetition.com\/wp-content\/uploads\/2023\/02\/POI_004-scaled.jpg\",\"contentUrl\":\"https:\/\/rxcompetition.com\/wp-content\/uploads\/2023\/02\/POI_004-scaled.jpg\",\"width\":2560,\"height\":1707},{\"@type\":\"BreadcrumbList\",\"@id\":\"https:\/\/rxcompetition.com\/product\/mancuerna-hexagonal\/#breadcrumb\",\"itemListElement\":[{\"@type\":\"ListItem\",\"position\":1,\"name\":\"Inicio\",\"item\":\"https:\/\/rxcompetition.com\/\"},{\"@type\":\"ListItem\",\"position\":2,\"name\":\"Tienda\",\"item\":\"https:\/\/rxcompetition.com\/tienda\/\"},{\"@type\":\"ListItem\",\"position\":3,\"name\":\"HEXAGONAL DUMBBELL\"}]},{\"@type\":\"WebSite\",\"@id\":\"https:\/\/rxcompetition.com\/#website\",\"url\":\"https:\/\/rxcompetition.com\/\",\"name\":\"RX Competition\",\"description\":\"\",\"publisher\":{\"@id\":\"https:\/\/rxcompetition.com\/#organization\"},\"potentialAction\":[{\"@type\":\"SearchAction\",\"target\":{\"@type\":\"EntryPoint\",\"urlTemplate\":\"https:\/\/rxcompetition.com\/?s={search_term_string}\"},\"query-input\":\"required name=search_term_string\"}],\"inLanguage\":\"en-US\"},{\"@type\":\"Organization\",\"@id\":\"https:\/\/rxcompetition.com\/#organization\",\"name\":\"RX Competition\",\"url\":\"https:\/\/rxcompetition.com\/\",\"logo\":{\"@type\":\"ImageObject\",\"inLanguage\":\"en-US\",\"@id\":\"https:\/\/rxcompetition.com\/#\/schema\/logo\/image\/\",\"url\":\"https:\/\/rxcompetition.com\/wp-content\/uploads\/2023\/04\/LOGO-RX-PROGRAMA.png\",\"contentUrl\":\"https:\/\/rxcompetition.com\/wp-content\/uploads\/2023\/04\/LOGO-RX-PROGRAMA.png\",\"width\":1416,\"height\":672,\"caption\":\"RX Competition\"},\"image\":{\"@id\":\"https:\/\/rxcompetition.com\/#\/schema\/logo\/image\/\"}}]}<\/script>\n<!-- \/ Yoast SEO plugin. -->","yoast_head_json":{"title":"HEXAGONAL DUMBBELL - RX Competition","robots":{"index":"index","follow":"follow","max-snippet":"max-snippet:-1","max-image-preview":"max-image-preview:large","max-video-preview":"max-video-preview:-1"},"canonical":"https:\/\/rxcompetition.com\/en\/product\/mancuerna-hexagonal\/","og_locale":"en_US","og_type":"article","og_title":"HEXAGONAL DUMBBELL - RX Competition","og_description":"ESPECIFICACIONES  &nbsp;  Marca:\u00a0RX Competition  Tolerancia del peso: +\/- 2 %  Material del n\u00facleo: Acero macizo  Goma: SBR negra de 10 mm de espesor resistente a la abrasi\u00f3n  Peso grabado en kilogramos integrado en la goma para un f\u00e1cil reconocimiento  Desmontables: No  Material del mango: Acero cromado, ergon\u00f3mico y con moleteado antideslizante  Di\u00e1metro del mango: \u00d8 28 mm de 1kg-5kg, \u00d8 34 mm de 7,5kg-40kg  Tama\u00f1os disponibles: De 2,5 kg a 40 kg en incrementos de 2,5 kg (ver opciones).  &nbsp;  *IMAGENES REALES","og_url":"https:\/\/rxcompetition.com\/en\/product\/mancuerna-hexagonal\/","og_site_name":"RX Competition","article_modified_time":"2025-02-17T18:37:37+00:00","og_image":[{"width":2560,"height":1707,"url":"https:\/\/rxcompetition.com\/wp-content\/uploads\/2023\/02\/POI_004-scaled.jpg","type":"image\/jpeg"}],"twitter_card":"summary_large_image","twitter_misc":{"Est. reading time":"1 minute"},"schema":{"@context":"https:\/\/schema.org","@graph":[{"@type":"WebPage","@id":"https:\/\/rxcompetition.com\/product\/mancuerna-hexagonal\/","url":"https:\/\/rxcompetition.com\/product\/mancuerna-hexagonal\/","name":"HEXAGONAL DUMBBELL - RX Competition","isPartOf":{"@id":"https:\/\/rxcompetition.com\/#website"},"primaryImageOfPage":{"@id":"https:\/\/rxcompetition.com\/product\/mancuerna-hexagonal\/#primaryimage"},"image":{"@id":"https:\/\/rxcompetition.com\/product\/mancuerna-hexagonal\/#primaryimage"},"thumbnailUrl":"https:\/\/rxcompetition.com\/wp-content\/uploads\/2023\/02\/POI_004-scaled.jpg","datePublished":"2023-02-22T16:54:30+00:00","dateModified":"2025-02-17T18:37:37+00:00","breadcrumb":{"@id":"https:\/\/rxcompetition.com\/product\/mancuerna-hexagonal\/#breadcrumb"},"inLanguage":"en-US","potentialAction":[{"@type":"ReadAction","target":["https:\/\/rxcompetition.com\/product\/mancuerna-hexagonal\/"]}]},{"@type":"ImageObject","inLanguage":"en-US","@id":"https:\/\/rxcompetition.com\/product\/mancuerna-hexagonal\/#primaryimage","url":"https:\/\/rxcompetition.com\/wp-content\/uploads\/2023\/02\/POI_004-scaled.jpg","contentUrl":"https:\/\/rxcompetition.com\/wp-content\/uploads\/2023\/02\/POI_004-scaled.jpg","width":2560,"height":1707},{"@type":"BreadcrumbList","@id":"https:\/\/rxcompetition.com\/product\/mancuerna-hexagonal\/#breadcrumb","itemListElement":[{"@type":"ListItem","position":1,"name":"Inicio","item":"https:\/\/rxcompetition.com\/"},{"@type":"ListItem","position":2,"name":"Tienda","item":"https:\/\/rxcompetition.com\/tienda\/"},{"@type":"ListItem","position":3,"name":"HEXAGONAL DUMBBELL"}]},{"@type":"WebSite","@id":"https:\/\/rxcompetition.com\/#website","url":"https:\/\/rxcompetition.com\/","name":"RX Competition","description":"","publisher":{"@id":"https:\/\/rxcompetition.com\/#organization"},"potentialAction":[{"@type":"SearchAction","target":{"@type":"EntryPoint","urlTemplate":"https:\/\/rxcompetition.com\/?s={search_term_string}"},"query-input":"required name=search_term_string"}],"inLanguage":"en-US"},{"@type":"Organization","@id":"https:\/\/rxcompetition.com\/#organization","name":"RX Competition","url":"https:\/\/rxcompetition.com\/","logo":{"@type":"ImageObject","inLanguage":"en-US","@id":"https:\/\/rxcompetition.com\/#\/schema\/logo\/image\/","url":"https:\/\/rxcompetition.com\/wp-content\/uploads\/2023\/04\/LOGO-RX-PROGRAMA.png","contentUrl":"https:\/\/rxcompetition.com\/wp-content\/uploads\/2023\/04\/LOGO-RX-PROGRAMA.png","width":1416,"height":672,"caption":"RX Competition"},"image":{"@id":"https:\/\/rxcompetition.com\/#\/schema\/logo\/image\/"}}]}},"jetpack_sharing_enabled":true,"_links":{"self":[{"href":"https:\/\/rxcompetition.com\/en\/wp-json\/wp\/v2\/product\/34839","targetHints":{"allow":["GET"]}}],"collection":[{"href":"https:\/\/rxcompetition.com\/en\/wp-json\/wp\/v2\/product"}],"about":[{"href":"https:\/\/rxcompetition.com\/en\/wp-json\/wp\/v2\/types\/product"}],"replies":[{"embeddable":true,"href":"https:\/\/rxcompetition.com\/en\/wp-json\/wp\/v2\/comments?post=34839"}],"wp:featuredmedia":[{"embeddable":true,"href":"https:\/\/rxcompetition.com\/en\/wp-json\/wp\/v2\/media\/36317"}],"wp:attachment":[{"href":"https:\/\/rxcompetition.com\/en\/wp-json\/wp\/v2\/media?parent=34839"}],"wp:term":[{"taxonomy":"product_cat","embeddable":true,"href":"https:\/\/rxcompetition.com\/en\/wp-json\/wp\/v2\/product_cat?post=34839"},{"taxonomy":"product_tag","embeddable":true,"href":"https:\/\/rxcompetition.com\/en\/wp-json\/wp\/v2\/product_tag?post=34839"}],"curies":[{"name":"wp","href":"https:\/\/api.w.org\/{rel}","templated":true}]}}