{"id":34821,"date":"2023-02-22T13:51:03","date_gmt":"2023-02-22T13:51:03","guid":{"rendered":"https:\/\/rxcompetition.com\/?post_type=product&#038;p=34821"},"modified":"2024-05-10T07:20:53","modified_gmt":"2024-05-10T07:20:53","slug":"disco-competition-color","status":"publish","type":"product","link":"https:\/\/rxcompetition.com\/en\/product\/disco-competition-color\/","title":{"rendered":"ELITE COMPETITION BUMPER"},"content":{"rendered":"<p class=\" translation-block\">The RX Elite Competition Bumper is our quintessential Olympic competition disc designed for the most demanding athletes. They are built with the highest quality rubber and AISI-304 stainless steel reinforced inserts.<\/p>\n<p>&nbsp;<\/p>\n<p>Our range includes the weights of 25kg, 20kg, 15kg and 10kg sorted by different colors, all of them complying with the approved diameter of 450 mm according to the standards of the International Weightlifting Federation (IWF), allowing multi-joint movements executed from the ground to be carried out more safely and efficiently.<\/p>\n<p>&nbsp;<\/p>\n<p>The stainless steel reinforcement inserts are wider and stronger than the rest of the more conventional models to offer unmatched impact resistance. These have a diameter of 50.5mm to be fully compatible with Olympic bars and are specially designed for the longest and most intense workouts.<\/p>\n<p>&nbsp;<\/p>\n<p><strong>THE PRICE IS PER UNIT<\/strong><\/p>","protected":false},"excerpt":{"rendered":"<p><strong>SPECIFICATIONS<\/strong><\/p>\n<p>&nbsp;<\/p>\n<p class=\" translation-block\">Brand: RX Competition<\/p>\n<p>Impact test: +10.000 cycles<\/p>\n<p>Weight tolerance: +\/- 0.1% ~ 0.05%<\/p>\n<p>Disc diameter: \u00d8 450 mm<\/p>\n<p>Disc Material: Colored Rubber<\/p>\n<p>Shore A hardness of rubber: \u2265 95 HRC<\/p>\n<p>Surface: Matte finish<\/p>\n<p>Reinforcement insert material: AISI-304 1.4301 stainless steel<\/p>\n<p>Graft diameter: \u00d8 50.5 mm<\/p>\n<p>&nbsp;<\/p>\n<p><strong>CODED COLORS ACCORDING TO IWF SPECIFICATIONS<\/strong><\/p>\n<p>10 kg: Green\/ 32 mm thick<\/p>\n<p>15 kg: Yellow\/ 41 mm thick<\/p>\n<p>20 kg: Blue\/ 52 mm thick<\/p>\n<p>25 kg red\/ 61 mm thick<\/p>\n<p>&nbsp;<\/p>\n<p><strong>*REAL PICTURES<\/strong><\/p>","protected":false},"featured_media":34827,"comment_status":"closed","ping_status":"closed","template":"","meta":{"inline_featured_image":false},"product_cat":[15,143,221],"product_tag":[],"class_list":{"0":"post-34821","1":"product","2":"type-product","3":"status-publish","4":"has-post-thumbnail","6":"product_cat-crossfit-equipment","7":"product_cat-strength","8":"product_cat-bumpers","11":"first","12":"outofstock","13":"taxable","14":"shipping-taxable","15":"purchasable","16":"product-type-variable"},"yoast_head":"<!-- This site is optimized with the Yoast SEO plugin v23.2 - https:\/\/yoast.com\/wordpress\/plugins\/seo\/ -->\n<title>ELITE COMPETITION BUMPER - RX Competition<\/title>\n<meta name=\"robots\" content=\"index, follow, max-snippet:-1, max-image-preview:large, max-video-preview:-1\" \/>\n<link rel=\"canonical\" href=\"https:\/\/rxcompetition.com\/en\/product\/disco-competition-color\/\" \/>\n<meta property=\"og:locale\" content=\"en_US\" \/>\n<meta property=\"og:type\" content=\"article\" \/>\n<meta property=\"og:title\" content=\"ELITE COMPETITION BUMPER - RX Competition\" \/>\n<meta property=\"og:description\" content=\"ESPECIFICACIONES  &nbsp;  Marca:\u00a0RX Competition  Prueba de impacto: +10.000 ciclos  Tolerancia del peso: +\/- 0,1 % ~ 0,05 %  Di\u00e1metro del disco: \u00d8 450 mm  Material del disco: Goma de caucho de color  Dureza Shore A de la goma: \u2265 95 HRC  Acabado: Mate  Material del injerto de refuerzo: Acero inoxidable AISI-304 1.4301  Di\u00e1metro del injerto: \u00d8 50,5 mm  &nbsp;  COLORES CODIFICADOS SEG\u00daN LAS ESPECIFICACIONES IWF  10 kg: Verde\/ 32 mm de grosor  15 kg: Amarillo\/ 41 mm de grosor  20 kg: Azul\/ 52 mm de grosor  25 kg rojo\/ 61 mm de grosor  &nbsp;  *IMAGENES REALES\" \/>\n<meta property=\"og:url\" content=\"https:\/\/rxcompetition.com\/en\/product\/disco-competition-color\/\" \/>\n<meta property=\"og:site_name\" content=\"RX Competition\" \/>\n<meta property=\"article:modified_time\" content=\"2024-05-10T07:20:53+00:00\" \/>\n<meta property=\"og:image\" content=\"https:\/\/rxcompetition.com\/wp-content\/uploads\/2023\/02\/RX-Elite-competition-bumper.webp\" \/>\n\t<meta property=\"og:image:width\" content=\"800\" \/>\n\t<meta property=\"og:image:height\" content=\"800\" \/>\n\t<meta property=\"og:image:type\" content=\"image\/webp\" \/>\n<meta name=\"twitter:card\" content=\"summary_large_image\" \/>\n<meta name=\"twitter:label1\" content=\"Est. reading time\" \/>\n\t<meta name=\"twitter:data1\" content=\"1 minute\" \/>\n<script type=\"application\/ld+json\" class=\"yoast-schema-graph\">{\"@context\":\"https:\/\/schema.org\",\"@graph\":[{\"@type\":\"WebPage\",\"@id\":\"https:\/\/rxcompetition.com\/product\/disco-competition-color\/\",\"url\":\"https:\/\/rxcompetition.com\/product\/disco-competition-color\/\",\"name\":\"ELITE COMPETITION BUMPER - RX Competition\",\"isPartOf\":{\"@id\":\"https:\/\/rxcompetition.com\/#website\"},\"primaryImageOfPage\":{\"@id\":\"https:\/\/rxcompetition.com\/product\/disco-competition-color\/#primaryimage\"},\"image\":{\"@id\":\"https:\/\/rxcompetition.com\/product\/disco-competition-color\/#primaryimage\"},\"thumbnailUrl\":\"https:\/\/rxcompetition.com\/wp-content\/uploads\/2023\/02\/RX-Elite-competition-bumper.webp\",\"datePublished\":\"2023-02-22T13:51:03+00:00\",\"dateModified\":\"2024-05-10T07:20:53+00:00\",\"breadcrumb\":{\"@id\":\"https:\/\/rxcompetition.com\/product\/disco-competition-color\/#breadcrumb\"},\"inLanguage\":\"en-US\",\"potentialAction\":[{\"@type\":\"ReadAction\",\"target\":[\"https:\/\/rxcompetition.com\/product\/disco-competition-color\/\"]}]},{\"@type\":\"ImageObject\",\"inLanguage\":\"en-US\",\"@id\":\"https:\/\/rxcompetition.com\/product\/disco-competition-color\/#primaryimage\",\"url\":\"https:\/\/rxcompetition.com\/wp-content\/uploads\/2023\/02\/RX-Elite-competition-bumper.webp\",\"contentUrl\":\"https:\/\/rxcompetition.com\/wp-content\/uploads\/2023\/02\/RX-Elite-competition-bumper.webp\",\"width\":800,\"height\":800},{\"@type\":\"BreadcrumbList\",\"@id\":\"https:\/\/rxcompetition.com\/product\/disco-competition-color\/#breadcrumb\",\"itemListElement\":[{\"@type\":\"ListItem\",\"position\":1,\"name\":\"Inicio\",\"item\":\"https:\/\/rxcompetition.com\/\"},{\"@type\":\"ListItem\",\"position\":2,\"name\":\"Tienda\",\"item\":\"https:\/\/rxcompetition.com\/tienda\/\"},{\"@type\":\"ListItem\",\"position\":3,\"name\":\"ELITE COMPETITION BUMPER\"}]},{\"@type\":\"WebSite\",\"@id\":\"https:\/\/rxcompetition.com\/#website\",\"url\":\"https:\/\/rxcompetition.com\/\",\"name\":\"RX Competition\",\"description\":\"\",\"publisher\":{\"@id\":\"https:\/\/rxcompetition.com\/#organization\"},\"potentialAction\":[{\"@type\":\"SearchAction\",\"target\":{\"@type\":\"EntryPoint\",\"urlTemplate\":\"https:\/\/rxcompetition.com\/?s={search_term_string}\"},\"query-input\":\"required name=search_term_string\"}],\"inLanguage\":\"en-US\"},{\"@type\":\"Organization\",\"@id\":\"https:\/\/rxcompetition.com\/#organization\",\"name\":\"RX Competition\",\"url\":\"https:\/\/rxcompetition.com\/\",\"logo\":{\"@type\":\"ImageObject\",\"inLanguage\":\"en-US\",\"@id\":\"https:\/\/rxcompetition.com\/#\/schema\/logo\/image\/\",\"url\":\"https:\/\/rxcompetition.com\/wp-content\/uploads\/2023\/04\/LOGO-RX-PROGRAMA.png\",\"contentUrl\":\"https:\/\/rxcompetition.com\/wp-content\/uploads\/2023\/04\/LOGO-RX-PROGRAMA.png\",\"width\":1416,\"height\":672,\"caption\":\"RX Competition\"},\"image\":{\"@id\":\"https:\/\/rxcompetition.com\/#\/schema\/logo\/image\/\"}}]}<\/script>\n<!-- \/ Yoast SEO plugin. -->","yoast_head_json":{"title":"ELITE COMPETITION BUMPER - RX Competition","robots":{"index":"index","follow":"follow","max-snippet":"max-snippet:-1","max-image-preview":"max-image-preview:large","max-video-preview":"max-video-preview:-1"},"canonical":"https:\/\/rxcompetition.com\/en\/product\/disco-competition-color\/","og_locale":"en_US","og_type":"article","og_title":"ELITE COMPETITION BUMPER - RX Competition","og_description":"ESPECIFICACIONES  &nbsp;  Marca:\u00a0RX Competition  Prueba de impacto: +10.000 ciclos  Tolerancia del peso: +\/- 0,1 % ~ 0,05 %  Di\u00e1metro del disco: \u00d8 450 mm  Material del disco: Goma de caucho de color  Dureza Shore A de la goma: \u2265 95 HRC  Acabado: Mate  Material del injerto de refuerzo: Acero inoxidable AISI-304 1.4301  Di\u00e1metro del injerto: \u00d8 50,5 mm  &nbsp;  COLORES CODIFICADOS SEG\u00daN LAS ESPECIFICACIONES IWF  10 kg: Verde\/ 32 mm de grosor  15 kg: Amarillo\/ 41 mm de grosor  20 kg: Azul\/ 52 mm de grosor  25 kg rojo\/ 61 mm de grosor  &nbsp;  *IMAGENES REALES","og_url":"https:\/\/rxcompetition.com\/en\/product\/disco-competition-color\/","og_site_name":"RX Competition","article_modified_time":"2024-05-10T07:20:53+00:00","og_image":[{"width":800,"height":800,"url":"https:\/\/rxcompetition.com\/wp-content\/uploads\/2023\/02\/RX-Elite-competition-bumper.webp","type":"image\/webp"}],"twitter_card":"summary_large_image","twitter_misc":{"Est. reading time":"1 minute"},"schema":{"@context":"https:\/\/schema.org","@graph":[{"@type":"WebPage","@id":"https:\/\/rxcompetition.com\/product\/disco-competition-color\/","url":"https:\/\/rxcompetition.com\/product\/disco-competition-color\/","name":"ELITE COMPETITION BUMPER - RX Competition","isPartOf":{"@id":"https:\/\/rxcompetition.com\/#website"},"primaryImageOfPage":{"@id":"https:\/\/rxcompetition.com\/product\/disco-competition-color\/#primaryimage"},"image":{"@id":"https:\/\/rxcompetition.com\/product\/disco-competition-color\/#primaryimage"},"thumbnailUrl":"https:\/\/rxcompetition.com\/wp-content\/uploads\/2023\/02\/RX-Elite-competition-bumper.webp","datePublished":"2023-02-22T13:51:03+00:00","dateModified":"2024-05-10T07:20:53+00:00","breadcrumb":{"@id":"https:\/\/rxcompetition.com\/product\/disco-competition-color\/#breadcrumb"},"inLanguage":"en-US","potentialAction":[{"@type":"ReadAction","target":["https:\/\/rxcompetition.com\/product\/disco-competition-color\/"]}]},{"@type":"ImageObject","inLanguage":"en-US","@id":"https:\/\/rxcompetition.com\/product\/disco-competition-color\/#primaryimage","url":"https:\/\/rxcompetition.com\/wp-content\/uploads\/2023\/02\/RX-Elite-competition-bumper.webp","contentUrl":"https:\/\/rxcompetition.com\/wp-content\/uploads\/2023\/02\/RX-Elite-competition-bumper.webp","width":800,"height":800},{"@type":"BreadcrumbList","@id":"https:\/\/rxcompetition.com\/product\/disco-competition-color\/#breadcrumb","itemListElement":[{"@type":"ListItem","position":1,"name":"Inicio","item":"https:\/\/rxcompetition.com\/"},{"@type":"ListItem","position":2,"name":"Tienda","item":"https:\/\/rxcompetition.com\/tienda\/"},{"@type":"ListItem","position":3,"name":"ELITE COMPETITION BUMPER"}]},{"@type":"WebSite","@id":"https:\/\/rxcompetition.com\/#website","url":"https:\/\/rxcompetition.com\/","name":"RX Competition","description":"","publisher":{"@id":"https:\/\/rxcompetition.com\/#organization"},"potentialAction":[{"@type":"SearchAction","target":{"@type":"EntryPoint","urlTemplate":"https:\/\/rxcompetition.com\/?s={search_term_string}"},"query-input":"required name=search_term_string"}],"inLanguage":"en-US"},{"@type":"Organization","@id":"https:\/\/rxcompetition.com\/#organization","name":"RX Competition","url":"https:\/\/rxcompetition.com\/","logo":{"@type":"ImageObject","inLanguage":"en-US","@id":"https:\/\/rxcompetition.com\/#\/schema\/logo\/image\/","url":"https:\/\/rxcompetition.com\/wp-content\/uploads\/2023\/04\/LOGO-RX-PROGRAMA.png","contentUrl":"https:\/\/rxcompetition.com\/wp-content\/uploads\/2023\/04\/LOGO-RX-PROGRAMA.png","width":1416,"height":672,"caption":"RX Competition"},"image":{"@id":"https:\/\/rxcompetition.com\/#\/schema\/logo\/image\/"}}]}},"jetpack_sharing_enabled":true,"_links":{"self":[{"href":"https:\/\/rxcompetition.com\/en\/wp-json\/wp\/v2\/product\/34821","targetHints":{"allow":["GET"]}}],"collection":[{"href":"https:\/\/rxcompetition.com\/en\/wp-json\/wp\/v2\/product"}],"about":[{"href":"https:\/\/rxcompetition.com\/en\/wp-json\/wp\/v2\/types\/product"}],"replies":[{"embeddable":true,"href":"https:\/\/rxcompetition.com\/en\/wp-json\/wp\/v2\/comments?post=34821"}],"wp:featuredmedia":[{"embeddable":true,"href":"https:\/\/rxcompetition.com\/en\/wp-json\/wp\/v2\/media\/34827"}],"wp:attachment":[{"href":"https:\/\/rxcompetition.com\/en\/wp-json\/wp\/v2\/media?parent=34821"}],"wp:term":[{"taxonomy":"product_cat","embeddable":true,"href":"https:\/\/rxcompetition.com\/en\/wp-json\/wp\/v2\/product_cat?post=34821"},{"taxonomy":"product_tag","embeddable":true,"href":"https:\/\/rxcompetition.com\/en\/wp-json\/wp\/v2\/product_tag?post=34821"}],"curies":[{"name":"wp","href":"https:\/\/api.w.org\/{rel}","templated":true}]}}