{"id":34809,"date":"2023-02-22T12:14:04","date_gmt":"2023-02-22T12:14:04","guid":{"rendered":"https:\/\/rxcompetition.com\/?post_type=product&#038;p=34809"},"modified":"2024-05-10T07:25:01","modified_gmt":"2024-05-10T07:25:01","slug":"disco-training-hi-temp-color","status":"publish","type":"product","link":"https:\/\/rxcompetition.com\/en\/product\/disco-training-hi-temp-color\/","title":{"rendered":"HI-TEMP COLOR BUMPER"},"content":{"rendered":"<p class=\" translation-block\">The RX Regular Hi-Temp bumper is one of the most durable Olympic weight plates on the market. It is made of vulcanized granulated rubber, composed by a 90% black color rubber and 10% of colored granules. The reinforcement inserts are also made of AISI-304 stainless steel, making them a great alternative to our Regular black bumpers due to their excellent value, quality, and durability.<\/p>\n<p>&nbsp;<\/p>\n<p>Our range includes weights of 25kg, 20kg, 15kg, 10kg and 5kg, all of them complying with the approved diameter of 450mm according to the International Weightlifting Federation (IWF) standards, allowing multi-joint movements executed from the ground to be performed with greater safety and efficiency.<\/p>\n<p>&nbsp;<\/p>\n<p>The stainless steel reinforcement inserts are 50.5mm diameter to be fully suitable with Olympic bars.<\/p>\n<p>&nbsp;<\/p>\n<p><strong>THE PRICE IS PER UNIT<\/strong><\/p>","protected":false},"excerpt":{"rendered":"<p><strong>SPECIFICATIONS<\/strong><\/p>\n<p>&nbsp;<\/p>\n<p class=\" translation-block\">Brand: RX Competition<\/p>\n<p>Impact test: +20.000 cycles<\/p>\n<p>Weight tolerance: +\/- 1%<\/p>\n<p>Disc diameter: \u00d8 450 mm<\/p>\n<p>Disc material: Vulcanized black granuled rubber with colored spots<\/p>\n<p>Shore A rubber hardness: \u2265 75 HRC<\/p>\n<p>Surface: Matte finish<\/p>\n<p>Reinforcement insert material: AISI-304 1.4301 stainless steel<\/p>\n<p>Graft diameter: \u00d8 50.5 mm<\/p>\n<p>&nbsp;<\/p>\n<p><strong>CODED COLORS ACCORDING TO IWF SPECIFICATIONS<\/strong><\/p>\n<p>&nbsp;<\/p>\n<p>5 kg: Black with gray granules\/ 32 mm thick<\/p>\n<p>10 kg: Black with green granules \/ 63 mm thick<\/p>\n<p>15 kg: Black with yellow granules \/ 80 mm thick<\/p>\n<p>20 kg: Black with blue granules \/ 86 mm thick<\/p>\n<p>25 kg Black with red granules \/ 101 mm thick<\/p>\n<p>&nbsp;<\/p>\n<p><strong>*REAL PICTURES<\/strong><\/p>","protected":false},"featured_media":37251,"comment_status":"closed","ping_status":"closed","template":"","meta":{"inline_featured_image":false},"product_cat":[15,143,221],"product_tag":[],"class_list":{"0":"post-34809","1":"product","2":"type-product","3":"status-publish","4":"has-post-thumbnail","6":"product_cat-crossfit-equipment","7":"product_cat-strength","8":"product_cat-bumpers","11":"first","12":"instock","13":"featured","14":"taxable","15":"shipping-taxable","16":"purchasable","17":"product-type-variable","18":"has-default-attributes"},"yoast_head":"<!-- This site is optimized with the Yoast SEO plugin v23.2 - https:\/\/yoast.com\/wordpress\/plugins\/seo\/ -->\n<title>HI-TEMP COLOR BUMPER - RX Competition<\/title>\n<meta name=\"robots\" content=\"index, follow, max-snippet:-1, max-image-preview:large, max-video-preview:-1\" \/>\n<link rel=\"canonical\" href=\"https:\/\/rxcompetition.com\/en\/product\/disco-training-hi-temp-color\/\" \/>\n<meta property=\"og:locale\" content=\"en_US\" \/>\n<meta property=\"og:type\" content=\"article\" \/>\n<meta property=\"og:title\" content=\"HI-TEMP COLOR BUMPER - RX Competition\" \/>\n<meta property=\"og:description\" content=\"ESPECIFICACIONES  &nbsp;  Marca:\u00a0RX Competition  Prueba de impacto: +20.000 ciclos  Tolerancia del peso: +\/- 1 %  Di\u00e1metro del disco: \u00d8 450 mm  Material del disco: Goma de caucho granulado negro vulcanizado con gr\u00e1nulos en color  Dureza Shore A de la goma: \u2265 75 HRC  Acabado: Mate  Material del injerto de refuerzo: Acero inoxidable AISI-304 1.4301  Di\u00e1metro del injerto: \u00d8 50,5 mm  &nbsp;  COLORES CODIFICADOS SEG\u00daN LAS ESPECIFICACIONES IWF  &nbsp;  5 kg: Negro con gr\u00e1nulos en color gris\/ 32 mm de grosor  10 kg: Negro con gr\u00e1nulos en color verde \/ 63 mm de grosor  15 kg: Negro con gr\u00e1nulos en color amarillo \/ 80 mm de grosor  20 kg: Negro con gr\u00e1nulos en color azul \/ 86 mm de grosor  25 kg Negro con gr\u00e1nulos en color rojo \/ 101 mm de grosor  &nbsp;  *IMAGENES REALES\" \/>\n<meta property=\"og:url\" content=\"https:\/\/rxcompetition.com\/en\/product\/disco-training-hi-temp-color\/\" \/>\n<meta property=\"og:site_name\" content=\"RX Competition\" \/>\n<meta property=\"article:modified_time\" content=\"2024-05-10T07:25:01+00:00\" \/>\n<meta property=\"og:image\" content=\"https:\/\/rxcompetition.com\/wp-content\/uploads\/2023\/02\/POI_118-1-scaled.jpg\" \/>\n\t<meta property=\"og:image:width\" content=\"2560\" \/>\n\t<meta property=\"og:image:height\" content=\"1707\" \/>\n\t<meta property=\"og:image:type\" content=\"image\/jpeg\" \/>\n<meta name=\"twitter:card\" content=\"summary_large_image\" \/>\n<meta name=\"twitter:label1\" content=\"Est. reading time\" \/>\n\t<meta name=\"twitter:data1\" content=\"1 minute\" \/>\n<script type=\"application\/ld+json\" class=\"yoast-schema-graph\">{\"@context\":\"https:\/\/schema.org\",\"@graph\":[{\"@type\":\"WebPage\",\"@id\":\"https:\/\/rxcompetition.com\/product\/disco-training-hi-temp-color\/\",\"url\":\"https:\/\/rxcompetition.com\/product\/disco-training-hi-temp-color\/\",\"name\":\"HI-TEMP COLOR BUMPER - RX Competition\",\"isPartOf\":{\"@id\":\"https:\/\/rxcompetition.com\/#website\"},\"primaryImageOfPage\":{\"@id\":\"https:\/\/rxcompetition.com\/product\/disco-training-hi-temp-color\/#primaryimage\"},\"image\":{\"@id\":\"https:\/\/rxcompetition.com\/product\/disco-training-hi-temp-color\/#primaryimage\"},\"thumbnailUrl\":\"https:\/\/rxcompetition.com\/wp-content\/uploads\/2023\/02\/POI_118-1-scaled.jpg\",\"datePublished\":\"2023-02-22T12:14:04+00:00\",\"dateModified\":\"2024-05-10T07:25:01+00:00\",\"breadcrumb\":{\"@id\":\"https:\/\/rxcompetition.com\/product\/disco-training-hi-temp-color\/#breadcrumb\"},\"inLanguage\":\"en-US\",\"potentialAction\":[{\"@type\":\"ReadAction\",\"target\":[\"https:\/\/rxcompetition.com\/product\/disco-training-hi-temp-color\/\"]}]},{\"@type\":\"ImageObject\",\"inLanguage\":\"en-US\",\"@id\":\"https:\/\/rxcompetition.com\/product\/disco-training-hi-temp-color\/#primaryimage\",\"url\":\"https:\/\/rxcompetition.com\/wp-content\/uploads\/2023\/02\/POI_118-1-scaled.jpg\",\"contentUrl\":\"https:\/\/rxcompetition.com\/wp-content\/uploads\/2023\/02\/POI_118-1-scaled.jpg\",\"width\":2560,\"height\":1707},{\"@type\":\"BreadcrumbList\",\"@id\":\"https:\/\/rxcompetition.com\/product\/disco-training-hi-temp-color\/#breadcrumb\",\"itemListElement\":[{\"@type\":\"ListItem\",\"position\":1,\"name\":\"Inicio\",\"item\":\"https:\/\/rxcompetition.com\/\"},{\"@type\":\"ListItem\",\"position\":2,\"name\":\"Tienda\",\"item\":\"https:\/\/rxcompetition.com\/tienda\/\"},{\"@type\":\"ListItem\",\"position\":3,\"name\":\"HI-TEMP COLOR BUMPER\"}]},{\"@type\":\"WebSite\",\"@id\":\"https:\/\/rxcompetition.com\/#website\",\"url\":\"https:\/\/rxcompetition.com\/\",\"name\":\"RX Competition\",\"description\":\"\",\"publisher\":{\"@id\":\"https:\/\/rxcompetition.com\/#organization\"},\"potentialAction\":[{\"@type\":\"SearchAction\",\"target\":{\"@type\":\"EntryPoint\",\"urlTemplate\":\"https:\/\/rxcompetition.com\/?s={search_term_string}\"},\"query-input\":\"required name=search_term_string\"}],\"inLanguage\":\"en-US\"},{\"@type\":\"Organization\",\"@id\":\"https:\/\/rxcompetition.com\/#organization\",\"name\":\"RX Competition\",\"url\":\"https:\/\/rxcompetition.com\/\",\"logo\":{\"@type\":\"ImageObject\",\"inLanguage\":\"en-US\",\"@id\":\"https:\/\/rxcompetition.com\/#\/schema\/logo\/image\/\",\"url\":\"https:\/\/rxcompetition.com\/wp-content\/uploads\/2023\/04\/LOGO-RX-PROGRAMA.png\",\"contentUrl\":\"https:\/\/rxcompetition.com\/wp-content\/uploads\/2023\/04\/LOGO-RX-PROGRAMA.png\",\"width\":1416,\"height\":672,\"caption\":\"RX Competition\"},\"image\":{\"@id\":\"https:\/\/rxcompetition.com\/#\/schema\/logo\/image\/\"}}]}<\/script>\n<!-- \/ Yoast SEO plugin. -->","yoast_head_json":{"title":"HI-TEMP COLOR BUMPER - RX Competition","robots":{"index":"index","follow":"follow","max-snippet":"max-snippet:-1","max-image-preview":"max-image-preview:large","max-video-preview":"max-video-preview:-1"},"canonical":"https:\/\/rxcompetition.com\/en\/product\/disco-training-hi-temp-color\/","og_locale":"en_US","og_type":"article","og_title":"HI-TEMP COLOR BUMPER - RX Competition","og_description":"ESPECIFICACIONES  &nbsp;  Marca:\u00a0RX Competition  Prueba de impacto: +20.000 ciclos  Tolerancia del peso: +\/- 1 %  Di\u00e1metro del disco: \u00d8 450 mm  Material del disco: Goma de caucho granulado negro vulcanizado con gr\u00e1nulos en color  Dureza Shore A de la goma: \u2265 75 HRC  Acabado: Mate  Material del injerto de refuerzo: Acero inoxidable AISI-304 1.4301  Di\u00e1metro del injerto: \u00d8 50,5 mm  &nbsp;  COLORES CODIFICADOS SEG\u00daN LAS ESPECIFICACIONES IWF  &nbsp;  5 kg: Negro con gr\u00e1nulos en color gris\/ 32 mm de grosor  10 kg: Negro con gr\u00e1nulos en color verde \/ 63 mm de grosor  15 kg: Negro con gr\u00e1nulos en color amarillo \/ 80 mm de grosor  20 kg: Negro con gr\u00e1nulos en color azul \/ 86 mm de grosor  25 kg Negro con gr\u00e1nulos en color rojo \/ 101 mm de grosor  &nbsp;  *IMAGENES REALES","og_url":"https:\/\/rxcompetition.com\/en\/product\/disco-training-hi-temp-color\/","og_site_name":"RX Competition","article_modified_time":"2024-05-10T07:25:01+00:00","og_image":[{"width":2560,"height":1707,"url":"https:\/\/rxcompetition.com\/wp-content\/uploads\/2023\/02\/POI_118-1-scaled.jpg","type":"image\/jpeg"}],"twitter_card":"summary_large_image","twitter_misc":{"Est. reading time":"1 minute"},"schema":{"@context":"https:\/\/schema.org","@graph":[{"@type":"WebPage","@id":"https:\/\/rxcompetition.com\/product\/disco-training-hi-temp-color\/","url":"https:\/\/rxcompetition.com\/product\/disco-training-hi-temp-color\/","name":"HI-TEMP COLOR BUMPER - RX Competition","isPartOf":{"@id":"https:\/\/rxcompetition.com\/#website"},"primaryImageOfPage":{"@id":"https:\/\/rxcompetition.com\/product\/disco-training-hi-temp-color\/#primaryimage"},"image":{"@id":"https:\/\/rxcompetition.com\/product\/disco-training-hi-temp-color\/#primaryimage"},"thumbnailUrl":"https:\/\/rxcompetition.com\/wp-content\/uploads\/2023\/02\/POI_118-1-scaled.jpg","datePublished":"2023-02-22T12:14:04+00:00","dateModified":"2024-05-10T07:25:01+00:00","breadcrumb":{"@id":"https:\/\/rxcompetition.com\/product\/disco-training-hi-temp-color\/#breadcrumb"},"inLanguage":"en-US","potentialAction":[{"@type":"ReadAction","target":["https:\/\/rxcompetition.com\/product\/disco-training-hi-temp-color\/"]}]},{"@type":"ImageObject","inLanguage":"en-US","@id":"https:\/\/rxcompetition.com\/product\/disco-training-hi-temp-color\/#primaryimage","url":"https:\/\/rxcompetition.com\/wp-content\/uploads\/2023\/02\/POI_118-1-scaled.jpg","contentUrl":"https:\/\/rxcompetition.com\/wp-content\/uploads\/2023\/02\/POI_118-1-scaled.jpg","width":2560,"height":1707},{"@type":"BreadcrumbList","@id":"https:\/\/rxcompetition.com\/product\/disco-training-hi-temp-color\/#breadcrumb","itemListElement":[{"@type":"ListItem","position":1,"name":"Inicio","item":"https:\/\/rxcompetition.com\/"},{"@type":"ListItem","position":2,"name":"Tienda","item":"https:\/\/rxcompetition.com\/tienda\/"},{"@type":"ListItem","position":3,"name":"HI-TEMP COLOR BUMPER"}]},{"@type":"WebSite","@id":"https:\/\/rxcompetition.com\/#website","url":"https:\/\/rxcompetition.com\/","name":"RX Competition","description":"","publisher":{"@id":"https:\/\/rxcompetition.com\/#organization"},"potentialAction":[{"@type":"SearchAction","target":{"@type":"EntryPoint","urlTemplate":"https:\/\/rxcompetition.com\/?s={search_term_string}"},"query-input":"required name=search_term_string"}],"inLanguage":"en-US"},{"@type":"Organization","@id":"https:\/\/rxcompetition.com\/#organization","name":"RX Competition","url":"https:\/\/rxcompetition.com\/","logo":{"@type":"ImageObject","inLanguage":"en-US","@id":"https:\/\/rxcompetition.com\/#\/schema\/logo\/image\/","url":"https:\/\/rxcompetition.com\/wp-content\/uploads\/2023\/04\/LOGO-RX-PROGRAMA.png","contentUrl":"https:\/\/rxcompetition.com\/wp-content\/uploads\/2023\/04\/LOGO-RX-PROGRAMA.png","width":1416,"height":672,"caption":"RX Competition"},"image":{"@id":"https:\/\/rxcompetition.com\/#\/schema\/logo\/image\/"}}]}},"jetpack_sharing_enabled":true,"_links":{"self":[{"href":"https:\/\/rxcompetition.com\/en\/wp-json\/wp\/v2\/product\/34809","targetHints":{"allow":["GET"]}}],"collection":[{"href":"https:\/\/rxcompetition.com\/en\/wp-json\/wp\/v2\/product"}],"about":[{"href":"https:\/\/rxcompetition.com\/en\/wp-json\/wp\/v2\/types\/product"}],"replies":[{"embeddable":true,"href":"https:\/\/rxcompetition.com\/en\/wp-json\/wp\/v2\/comments?post=34809"}],"wp:featuredmedia":[{"embeddable":true,"href":"https:\/\/rxcompetition.com\/en\/wp-json\/wp\/v2\/media\/37251"}],"wp:attachment":[{"href":"https:\/\/rxcompetition.com\/en\/wp-json\/wp\/v2\/media?parent=34809"}],"wp:term":[{"taxonomy":"product_cat","embeddable":true,"href":"https:\/\/rxcompetition.com\/en\/wp-json\/wp\/v2\/product_cat?post=34809"},{"taxonomy":"product_tag","embeddable":true,"href":"https:\/\/rxcompetition.com\/en\/wp-json\/wp\/v2\/product_tag?post=34809"}],"curies":[{"name":"wp","href":"https:\/\/api.w.org\/{rel}","templated":true}]}}