{"id":34768,"date":"2023-02-19T19:02:35","date_gmt":"2023-02-19T19:02:35","guid":{"rendered":"https:\/\/rxcompetition.com\/?post_type=product&#038;p=34768"},"modified":"2024-04-27T15:35:23","modified_gmt":"2024-04-27T15:35:23","slug":"barra-hibrida-hombre","status":"publish","type":"product","link":"https:\/\/rxcompetition.com\/en\/product\/barra-hibrida-hombre\/","title":{"rendered":"MEN REGULAR HYBRID BARBELL"},"content":{"rendered":"<p class=\" translation-block\">Our RX Men Regular Hybrid Barbell is built according to the International Functional Fitness Federation (iF3) specifications.<\/p>\n<p>&nbsp;<\/p>\n<p>This 20 kg men barbell is manufactured in a full hard chromed finish which protects the surface from corrosion.<\/p>\n<p class=\" translation-block\">This is the perfect budget hybrid multipurpose barbell suitable for Olympic lifts, as well as slower, heavier power lifts.<\/p>\n<p>&nbsp;<\/p>\n<p>According to the tensile strength, this barbell offers a maximum 190.000 psi, which is more than enough for beginners and intermediate lifters.<\/p>\n<p>The barbell has tight tolerances, combining 4 high quality needle bearings (2 per sleeve) and two copper friction-welded sleeves providing a smooth and consistent roll to the bar.<\/p>\n<p>&nbsp;<\/p>\n<p class=\" translation-block\">Each barbell is crafted with precision offering an Olympic medium diamond knurl texture for a firm lift grip. There is no center knurling to help protect your neck and chest from abrasions during Powerlifting and Bodybuilding executions.<\/p>\n<p>&nbsp;<\/p>\n<p><strong>THE PRICE IS PER UNIT<\/strong><\/p>","protected":false},"excerpt":{"rendered":"<p><strong>SPECIFICATIONS<\/strong><\/p>\n<p>&nbsp;<\/p>\n<p class=\" translation-block\">Brand: RX Competition<\/p>\n<p class=\" translation-block\">Work out: Cross Training<\/p>\n<p>Type: Man<\/p>\n<p>Weight: 20 kg<\/p>\n<p>Bar Material: 40cr Structural Steel<\/p>\n<p>Loadable sleeves material: Q235 Carbon Steel<\/p>\n<p>Bar diameter: \u00d828 mm<\/p>\n<p>Loadable sleeves diameter: \u00d850 mm<\/p>\n<p>Overall length: 2.200 mm<\/p>\n<p>Loading length: 410 mm<\/p>\n<p>Needle bearings: 4<\/p>\n<p>Anti-friction bushings: 2 in copper<\/p>\n<p>Bar Surface Finish: Hardened Chrome<\/p>\n<p>Bar handler surface finish: Hard chrome plated<\/p>\n<p>Load capacity: 1.000 lbs.\/ 450 kg<\/p>\n<p>Maximum Tensile Strength: 190.000 psi<\/p>\n<p>% weight tolerance error: +\/-1%<\/p>\n<p>% balanced error: 0,10%<\/p>\n<p>Grip Knurling: Medium diamond surface finish<\/p>\n<p>Central knurling: No<\/p>\n<p>&nbsp;<\/p>\n<p><strong>*REAL PICTURES<\/strong><\/p>","protected":false},"featured_media":36567,"comment_status":"open","ping_status":"closed","template":"","meta":{"inline_featured_image":false},"product_cat":[15,143,220],"product_tag":[],"class_list":{"0":"post-34768","1":"product","2":"type-product","3":"status-publish","4":"has-post-thumbnail","6":"product_cat-crossfit-equipment","7":"product_cat-strength","8":"product_cat-barbells","11":"first","12":"instock","13":"taxable","14":"shipping-taxable","15":"purchasable","16":"product-type-simple"},"yoast_head":"<!-- This site is optimized with the Yoast SEO plugin v23.2 - https:\/\/yoast.com\/wordpress\/plugins\/seo\/ -->\n<title>MEN REGULAR HYBRID BARBELL - RX Competition<\/title>\n<meta name=\"robots\" content=\"index, follow, max-snippet:-1, max-image-preview:large, max-video-preview:-1\" \/>\n<link rel=\"canonical\" href=\"https:\/\/rxcompetition.com\/en\/product\/barra-hibrida-hombre\/\" \/>\n<meta property=\"og:locale\" content=\"en_US\" \/>\n<meta property=\"og:type\" content=\"article\" \/>\n<meta property=\"og:title\" content=\"MEN REGULAR HYBRID BARBELL - RX Competition\" \/>\n<meta property=\"og:description\" content=\"ESPECIFICACIONES  &nbsp;  Marca: RX Competition  Uso: Entrenamiento funcional o Cross Training  Tipo: Hombre  Peso: 20 kg  Material de la barra: Acero estructural 40cr  Material de los manguitos de carga: Acero al carbono Q235  Di\u00e1metro de la barra: \u00d828 mm  Di\u00e1metro de los manguitos: \u00d850 mm  Longitud total: 2.200 mm  Longitud de carga: 410 mm  Rodamientos de aguja: 4 unidades  Casquillos antifricci\u00f3n: 2 en cobre  Acabado superficial de la barra: Cromado endurecido  Acabado superficial de los manguitos: Cromado endurecido  Capacidad de carga: 1.000 lb\/ 450 kg  Resistencia a la tracci\u00f3n m\u00e1xima: 190.000 psi  % error tolerancia del peso:\u00a0 +\/-1 %  % error equilibrado: 0,10 %  Moleteado de los agarres: Tipo diamante de textura media  Moleteado central: No  &nbsp;  *IMAGENES REALES\" \/>\n<meta property=\"og:url\" content=\"https:\/\/rxcompetition.com\/en\/product\/barra-hibrida-hombre\/\" \/>\n<meta property=\"og:site_name\" content=\"RX Competition\" \/>\n<meta property=\"article:modified_time\" content=\"2024-04-27T15:35:23+00:00\" \/>\n<meta property=\"og:image\" content=\"https:\/\/rxcompetition.com\/wp-content\/uploads\/2023\/02\/POI_433-scaled.jpg\" \/>\n\t<meta property=\"og:image:width\" content=\"2560\" \/>\n\t<meta property=\"og:image:height\" content=\"1707\" \/>\n\t<meta property=\"og:image:type\" content=\"image\/jpeg\" \/>\n<meta name=\"twitter:card\" content=\"summary_large_image\" \/>\n<meta name=\"twitter:label1\" content=\"Est. reading time\" \/>\n\t<meta name=\"twitter:data1\" content=\"1 minute\" \/>\n<script type=\"application\/ld+json\" class=\"yoast-schema-graph\">{\"@context\":\"https:\/\/schema.org\",\"@graph\":[{\"@type\":\"WebPage\",\"@id\":\"https:\/\/rxcompetition.com\/product\/barra-hibrida-hombre\/\",\"url\":\"https:\/\/rxcompetition.com\/product\/barra-hibrida-hombre\/\",\"name\":\"MEN REGULAR HYBRID BARBELL - RX Competition\",\"isPartOf\":{\"@id\":\"https:\/\/rxcompetition.com\/#website\"},\"primaryImageOfPage\":{\"@id\":\"https:\/\/rxcompetition.com\/product\/barra-hibrida-hombre\/#primaryimage\"},\"image\":{\"@id\":\"https:\/\/rxcompetition.com\/product\/barra-hibrida-hombre\/#primaryimage\"},\"thumbnailUrl\":\"https:\/\/rxcompetition.com\/wp-content\/uploads\/2023\/02\/POI_433-scaled.jpg\",\"datePublished\":\"2023-02-19T19:02:35+00:00\",\"dateModified\":\"2024-04-27T15:35:23+00:00\",\"breadcrumb\":{\"@id\":\"https:\/\/rxcompetition.com\/product\/barra-hibrida-hombre\/#breadcrumb\"},\"inLanguage\":\"en-US\",\"potentialAction\":[{\"@type\":\"ReadAction\",\"target\":[\"https:\/\/rxcompetition.com\/product\/barra-hibrida-hombre\/\"]}]},{\"@type\":\"ImageObject\",\"inLanguage\":\"en-US\",\"@id\":\"https:\/\/rxcompetition.com\/product\/barra-hibrida-hombre\/#primaryimage\",\"url\":\"https:\/\/rxcompetition.com\/wp-content\/uploads\/2023\/02\/POI_433-scaled.jpg\",\"contentUrl\":\"https:\/\/rxcompetition.com\/wp-content\/uploads\/2023\/02\/POI_433-scaled.jpg\",\"width\":2560,\"height\":1707},{\"@type\":\"BreadcrumbList\",\"@id\":\"https:\/\/rxcompetition.com\/product\/barra-hibrida-hombre\/#breadcrumb\",\"itemListElement\":[{\"@type\":\"ListItem\",\"position\":1,\"name\":\"Inicio\",\"item\":\"https:\/\/rxcompetition.com\/\"},{\"@type\":\"ListItem\",\"position\":2,\"name\":\"Tienda\",\"item\":\"https:\/\/rxcompetition.com\/tienda\/\"},{\"@type\":\"ListItem\",\"position\":3,\"name\":\"MEN REGULAR HYBRID BARBELL\"}]},{\"@type\":\"WebSite\",\"@id\":\"https:\/\/rxcompetition.com\/#website\",\"url\":\"https:\/\/rxcompetition.com\/\",\"name\":\"RX Competition\",\"description\":\"\",\"publisher\":{\"@id\":\"https:\/\/rxcompetition.com\/#organization\"},\"potentialAction\":[{\"@type\":\"SearchAction\",\"target\":{\"@type\":\"EntryPoint\",\"urlTemplate\":\"https:\/\/rxcompetition.com\/?s={search_term_string}\"},\"query-input\":\"required name=search_term_string\"}],\"inLanguage\":\"en-US\"},{\"@type\":\"Organization\",\"@id\":\"https:\/\/rxcompetition.com\/#organization\",\"name\":\"RX Competition\",\"url\":\"https:\/\/rxcompetition.com\/\",\"logo\":{\"@type\":\"ImageObject\",\"inLanguage\":\"en-US\",\"@id\":\"https:\/\/rxcompetition.com\/#\/schema\/logo\/image\/\",\"url\":\"https:\/\/rxcompetition.com\/wp-content\/uploads\/2023\/04\/LOGO-RX-PROGRAMA.png\",\"contentUrl\":\"https:\/\/rxcompetition.com\/wp-content\/uploads\/2023\/04\/LOGO-RX-PROGRAMA.png\",\"width\":1416,\"height\":672,\"caption\":\"RX Competition\"},\"image\":{\"@id\":\"https:\/\/rxcompetition.com\/#\/schema\/logo\/image\/\"}}]}<\/script>\n<!-- \/ Yoast SEO plugin. -->","yoast_head_json":{"title":"MEN REGULAR HYBRID BARBELL - RX Competition","robots":{"index":"index","follow":"follow","max-snippet":"max-snippet:-1","max-image-preview":"max-image-preview:large","max-video-preview":"max-video-preview:-1"},"canonical":"https:\/\/rxcompetition.com\/en\/product\/barra-hibrida-hombre\/","og_locale":"en_US","og_type":"article","og_title":"MEN REGULAR HYBRID BARBELL - RX Competition","og_description":"ESPECIFICACIONES  &nbsp;  Marca: RX Competition  Uso: Entrenamiento funcional o Cross Training  Tipo: Hombre  Peso: 20 kg  Material de la barra: Acero estructural 40cr  Material de los manguitos de carga: Acero al carbono Q235  Di\u00e1metro de la barra: \u00d828 mm  Di\u00e1metro de los manguitos: \u00d850 mm  Longitud total: 2.200 mm  Longitud de carga: 410 mm  Rodamientos de aguja: 4 unidades  Casquillos antifricci\u00f3n: 2 en cobre  Acabado superficial de la barra: Cromado endurecido  Acabado superficial de los manguitos: Cromado endurecido  Capacidad de carga: 1.000 lb\/ 450 kg  Resistencia a la tracci\u00f3n m\u00e1xima: 190.000 psi  % error tolerancia del peso:\u00a0 +\/-1 %  % error equilibrado: 0,10 %  Moleteado de los agarres: Tipo diamante de textura media  Moleteado central: No  &nbsp;  *IMAGENES REALES","og_url":"https:\/\/rxcompetition.com\/en\/product\/barra-hibrida-hombre\/","og_site_name":"RX Competition","article_modified_time":"2024-04-27T15:35:23+00:00","og_image":[{"width":2560,"height":1707,"url":"https:\/\/rxcompetition.com\/wp-content\/uploads\/2023\/02\/POI_433-scaled.jpg","type":"image\/jpeg"}],"twitter_card":"summary_large_image","twitter_misc":{"Est. reading time":"1 minute"},"schema":{"@context":"https:\/\/schema.org","@graph":[{"@type":"WebPage","@id":"https:\/\/rxcompetition.com\/product\/barra-hibrida-hombre\/","url":"https:\/\/rxcompetition.com\/product\/barra-hibrida-hombre\/","name":"MEN REGULAR HYBRID BARBELL - RX Competition","isPartOf":{"@id":"https:\/\/rxcompetition.com\/#website"},"primaryImageOfPage":{"@id":"https:\/\/rxcompetition.com\/product\/barra-hibrida-hombre\/#primaryimage"},"image":{"@id":"https:\/\/rxcompetition.com\/product\/barra-hibrida-hombre\/#primaryimage"},"thumbnailUrl":"https:\/\/rxcompetition.com\/wp-content\/uploads\/2023\/02\/POI_433-scaled.jpg","datePublished":"2023-02-19T19:02:35+00:00","dateModified":"2024-04-27T15:35:23+00:00","breadcrumb":{"@id":"https:\/\/rxcompetition.com\/product\/barra-hibrida-hombre\/#breadcrumb"},"inLanguage":"en-US","potentialAction":[{"@type":"ReadAction","target":["https:\/\/rxcompetition.com\/product\/barra-hibrida-hombre\/"]}]},{"@type":"ImageObject","inLanguage":"en-US","@id":"https:\/\/rxcompetition.com\/product\/barra-hibrida-hombre\/#primaryimage","url":"https:\/\/rxcompetition.com\/wp-content\/uploads\/2023\/02\/POI_433-scaled.jpg","contentUrl":"https:\/\/rxcompetition.com\/wp-content\/uploads\/2023\/02\/POI_433-scaled.jpg","width":2560,"height":1707},{"@type":"BreadcrumbList","@id":"https:\/\/rxcompetition.com\/product\/barra-hibrida-hombre\/#breadcrumb","itemListElement":[{"@type":"ListItem","position":1,"name":"Inicio","item":"https:\/\/rxcompetition.com\/"},{"@type":"ListItem","position":2,"name":"Tienda","item":"https:\/\/rxcompetition.com\/tienda\/"},{"@type":"ListItem","position":3,"name":"MEN REGULAR HYBRID BARBELL"}]},{"@type":"WebSite","@id":"https:\/\/rxcompetition.com\/#website","url":"https:\/\/rxcompetition.com\/","name":"RX Competition","description":"","publisher":{"@id":"https:\/\/rxcompetition.com\/#organization"},"potentialAction":[{"@type":"SearchAction","target":{"@type":"EntryPoint","urlTemplate":"https:\/\/rxcompetition.com\/?s={search_term_string}"},"query-input":"required name=search_term_string"}],"inLanguage":"en-US"},{"@type":"Organization","@id":"https:\/\/rxcompetition.com\/#organization","name":"RX Competition","url":"https:\/\/rxcompetition.com\/","logo":{"@type":"ImageObject","inLanguage":"en-US","@id":"https:\/\/rxcompetition.com\/#\/schema\/logo\/image\/","url":"https:\/\/rxcompetition.com\/wp-content\/uploads\/2023\/04\/LOGO-RX-PROGRAMA.png","contentUrl":"https:\/\/rxcompetition.com\/wp-content\/uploads\/2023\/04\/LOGO-RX-PROGRAMA.png","width":1416,"height":672,"caption":"RX Competition"},"image":{"@id":"https:\/\/rxcompetition.com\/#\/schema\/logo\/image\/"}}]}},"jetpack_sharing_enabled":true,"_links":{"self":[{"href":"https:\/\/rxcompetition.com\/en\/wp-json\/wp\/v2\/product\/34768","targetHints":{"allow":["GET"]}}],"collection":[{"href":"https:\/\/rxcompetition.com\/en\/wp-json\/wp\/v2\/product"}],"about":[{"href":"https:\/\/rxcompetition.com\/en\/wp-json\/wp\/v2\/types\/product"}],"replies":[{"embeddable":true,"href":"https:\/\/rxcompetition.com\/en\/wp-json\/wp\/v2\/comments?post=34768"}],"wp:featuredmedia":[{"embeddable":true,"href":"https:\/\/rxcompetition.com\/en\/wp-json\/wp\/v2\/media\/36567"}],"wp:attachment":[{"href":"https:\/\/rxcompetition.com\/en\/wp-json\/wp\/v2\/media?parent=34768"}],"wp:term":[{"taxonomy":"product_cat","embeddable":true,"href":"https:\/\/rxcompetition.com\/en\/wp-json\/wp\/v2\/product_cat?post=34768"},{"taxonomy":"product_tag","embeddable":true,"href":"https:\/\/rxcompetition.com\/en\/wp-json\/wp\/v2\/product_tag?post=34768"}],"curies":[{"name":"wp","href":"https:\/\/api.w.org\/{rel}","templated":true}]}}