{"id":34761,"date":"2023-02-19T18:47:54","date_gmt":"2023-02-19T18:47:54","guid":{"rendered":"https:\/\/rxcompetition.com\/?post_type=product&#038;p=34761"},"modified":"2024-04-27T15:36:21","modified_gmt":"2024-04-27T15:36:21","slug":"barra-powerlifting-mujer","status":"publish","type":"product","link":"https:\/\/rxcompetition.com\/en\/product\/barra-powerlifting-mujer\/","title":{"rendered":"WOMEN ELITE POWERLIFTING BARBELL"},"content":{"rendered":"<p class=\" translation-block\">Our RX Elite Women Powerlifting barbell is built according to the International Powerlifting Federation (IPF) specifications for use in women\u00b4s competition.<\/p>\n<p>&nbsp;<\/p>\n<p class=\" translation-block\">This 15 kg women barbell is manufactured in a Cerakote finish, a polymer-ceramic composite coating which offers more corrosion resistance and durability.<\/p>\n<p class=\" translation-block\">This barbell is specially designed for the three main powerlifting movements: the Bench press, Squat and Deadlift.<\/p>\n<p>According to the steel, we have chosen the best raw material to offer 215.000 psi tensile strength, only available in best competition weightlifting barbells for professional and competitive lifters.<\/p>\n<p>&nbsp;<\/p>\n<p>The barbell has extremely tight tolerances, combining 10 high quality needle bearings (5 per sleeve) and two copper friction-welded sleeves providing a smooth and consistent roll to the barbell.<\/p>\n<p>Each barbell is crafted with precision offering an aggressive knurl for a firm lift grip without sharpness.<\/p>\n<p>&nbsp;<\/p>\n<p class=\" translation-block\">This barbell is probably one of the higher specs powerlifting barbells available in the market.<\/p>\n<p>&nbsp;<\/p>\n<p><strong>THE PRICE IS PER UNIT<\/strong><\/p>","protected":false},"excerpt":{"rendered":"<p><strong>SPECIFICATIONS<\/strong><\/p>\n<p>&nbsp;<\/p>\n<p class=\" translation-block\">Brand: RX Competition<\/p>\n<p class=\" translation-block\">Work out: Powerlifting<\/p>\n<p>Type: Woman<\/p>\n<p>Weight: 15 kg<\/p>\n<p>Bar Material: 42Crmo Carbon Steel<\/p>\n<p>Loadable sleeves material: Q235 Carbon Steel<\/p>\n<p>Bar diameter: \u00d825 mm<\/p>\n<p>Loadable sleeves diameter: \u00d850 mm<\/p>\n<p>Overall length: 2.010mm<\/p>\n<p>Loading length: 320mm<\/p>\n<p>Needle bearings: 10<\/p>\n<p>Anti-friction bushings: 2 in copper<\/p>\n<p>Bar surface finish: <em>Cerakote<\/em> available in black.<\/p>\n<p>Bar handles surface finish: QPQ thermochemical treatment<\/p>\n<p>Load capacity: 1.500 lbs.\/ 680 kg<\/p>\n<p>Maximum Tensile Strength: 205.000 psi<\/p>\n<p>% weight tolerance error: +\/-1%<\/p>\n<p>% balanced error: 0,10%<\/p>\n<p>Grip Knurling: Aggressive diamond surface finish<\/p>\n<p>Central knurling: No<\/p>\n<p>&nbsp;<\/p>\n<p><strong>*REAL PICTURES<\/strong><\/p>","protected":false},"featured_media":36579,"comment_status":"open","ping_status":"closed","template":"","meta":{"inline_featured_image":false},"product_cat":[15,143,220],"product_tag":[],"class_list":{"0":"post-34761","1":"product","2":"type-product","3":"status-publish","4":"has-post-thumbnail","6":"product_cat-crossfit-equipment","7":"product_cat-strength","8":"product_cat-barbells","11":"first","12":"instock","13":"taxable","14":"shipping-taxable","15":"purchasable","16":"product-type-simple"},"yoast_head":"<!-- This site is optimized with the Yoast SEO plugin v23.2 - https:\/\/yoast.com\/wordpress\/plugins\/seo\/ -->\n<title>WOMEN ELITE POWERLIFTING BARBELL - RX Competition<\/title>\n<meta name=\"robots\" content=\"index, follow, max-snippet:-1, max-image-preview:large, max-video-preview:-1\" \/>\n<link rel=\"canonical\" href=\"https:\/\/rxcompetition.com\/en\/product\/barra-powerlifting-mujer\/\" \/>\n<meta property=\"og:locale\" content=\"en_US\" \/>\n<meta property=\"og:type\" content=\"article\" \/>\n<meta property=\"og:title\" content=\"WOMEN ELITE POWERLIFTING BARBELL - RX Competition\" \/>\n<meta property=\"og:description\" content=\"ESPECIFICACIONES  &nbsp;  Marca: RX Competition  Uso: Entrenamiento de la potencia o Powerlifting  Tipo: Mujer  Peso: 15 kg  Material de la barra: Acero al carbono 42Crmo  Material de los manguitos de carga: Acero al carbono Q235  Di\u00e1metro de la barra: \u00d825 mm  Di\u00e1metro de los manguitos: \u00d850 mm  Longitud total: 2.010 mm  Longitud de carga: 320 mm  Rodamientos de aguja: 10 unidades  Casquillos antifricci\u00f3n: 2 en cobre  Acabado superficial de la barra: Cerakote disponible en color negro.  Acabado superficial de los manguitos: Tratamiento termoqu\u00edmico QPQ  Capacidad de carga: 1.500 lb\/ 680 kg  Resistencia a la tracci\u00f3n m\u00e1xima: 205.000 psi  % error tolerancia del peso:\u00a0 +\/-1 %  % error equilibrado: 0,10 %  Moleteado de los agarres: Tipo diamante de textura agresiva  Moleteado central: No  &nbsp;  *IMAGENES REALES\" \/>\n<meta property=\"og:url\" content=\"https:\/\/rxcompetition.com\/en\/product\/barra-powerlifting-mujer\/\" \/>\n<meta property=\"og:site_name\" content=\"RX Competition\" \/>\n<meta property=\"article:modified_time\" content=\"2024-04-27T15:36:21+00:00\" \/>\n<meta property=\"og:image\" content=\"https:\/\/rxcompetition.com\/wp-content\/uploads\/2023\/02\/POI_437-scaled.jpg\" \/>\n\t<meta property=\"og:image:width\" content=\"2560\" \/>\n\t<meta property=\"og:image:height\" content=\"1707\" \/>\n\t<meta property=\"og:image:type\" content=\"image\/jpeg\" \/>\n<meta name=\"twitter:card\" content=\"summary_large_image\" \/>\n<meta name=\"twitter:label1\" content=\"Est. reading time\" \/>\n\t<meta name=\"twitter:data1\" content=\"2 minutes\" \/>\n<script type=\"application\/ld+json\" class=\"yoast-schema-graph\">{\"@context\":\"https:\/\/schema.org\",\"@graph\":[{\"@type\":\"WebPage\",\"@id\":\"https:\/\/rxcompetition.com\/product\/barra-powerlifting-mujer\/\",\"url\":\"https:\/\/rxcompetition.com\/product\/barra-powerlifting-mujer\/\",\"name\":\"WOMEN ELITE POWERLIFTING BARBELL - RX Competition\",\"isPartOf\":{\"@id\":\"https:\/\/rxcompetition.com\/#website\"},\"primaryImageOfPage\":{\"@id\":\"https:\/\/rxcompetition.com\/product\/barra-powerlifting-mujer\/#primaryimage\"},\"image\":{\"@id\":\"https:\/\/rxcompetition.com\/product\/barra-powerlifting-mujer\/#primaryimage\"},\"thumbnailUrl\":\"https:\/\/rxcompetition.com\/wp-content\/uploads\/2023\/02\/POI_437-scaled.jpg\",\"datePublished\":\"2023-02-19T18:47:54+00:00\",\"dateModified\":\"2024-04-27T15:36:21+00:00\",\"breadcrumb\":{\"@id\":\"https:\/\/rxcompetition.com\/product\/barra-powerlifting-mujer\/#breadcrumb\"},\"inLanguage\":\"en-US\",\"potentialAction\":[{\"@type\":\"ReadAction\",\"target\":[\"https:\/\/rxcompetition.com\/product\/barra-powerlifting-mujer\/\"]}]},{\"@type\":\"ImageObject\",\"inLanguage\":\"en-US\",\"@id\":\"https:\/\/rxcompetition.com\/product\/barra-powerlifting-mujer\/#primaryimage\",\"url\":\"https:\/\/rxcompetition.com\/wp-content\/uploads\/2023\/02\/POI_437-scaled.jpg\",\"contentUrl\":\"https:\/\/rxcompetition.com\/wp-content\/uploads\/2023\/02\/POI_437-scaled.jpg\",\"width\":2560,\"height\":1707},{\"@type\":\"BreadcrumbList\",\"@id\":\"https:\/\/rxcompetition.com\/product\/barra-powerlifting-mujer\/#breadcrumb\",\"itemListElement\":[{\"@type\":\"ListItem\",\"position\":1,\"name\":\"Inicio\",\"item\":\"https:\/\/rxcompetition.com\/\"},{\"@type\":\"ListItem\",\"position\":2,\"name\":\"Tienda\",\"item\":\"https:\/\/rxcompetition.com\/tienda\/\"},{\"@type\":\"ListItem\",\"position\":3,\"name\":\"WOMEN ELITE POWERLIFTING BARBELL\"}]},{\"@type\":\"WebSite\",\"@id\":\"https:\/\/rxcompetition.com\/#website\",\"url\":\"https:\/\/rxcompetition.com\/\",\"name\":\"RX Competition\",\"description\":\"\",\"publisher\":{\"@id\":\"https:\/\/rxcompetition.com\/#organization\"},\"potentialAction\":[{\"@type\":\"SearchAction\",\"target\":{\"@type\":\"EntryPoint\",\"urlTemplate\":\"https:\/\/rxcompetition.com\/?s={search_term_string}\"},\"query-input\":\"required name=search_term_string\"}],\"inLanguage\":\"en-US\"},{\"@type\":\"Organization\",\"@id\":\"https:\/\/rxcompetition.com\/#organization\",\"name\":\"RX Competition\",\"url\":\"https:\/\/rxcompetition.com\/\",\"logo\":{\"@type\":\"ImageObject\",\"inLanguage\":\"en-US\",\"@id\":\"https:\/\/rxcompetition.com\/#\/schema\/logo\/image\/\",\"url\":\"https:\/\/rxcompetition.com\/wp-content\/uploads\/2023\/04\/LOGO-RX-PROGRAMA.png\",\"contentUrl\":\"https:\/\/rxcompetition.com\/wp-content\/uploads\/2023\/04\/LOGO-RX-PROGRAMA.png\",\"width\":1416,\"height\":672,\"caption\":\"RX Competition\"},\"image\":{\"@id\":\"https:\/\/rxcompetition.com\/#\/schema\/logo\/image\/\"}}]}<\/script>\n<!-- \/ Yoast SEO plugin. -->","yoast_head_json":{"title":"WOMEN ELITE POWERLIFTING BARBELL - RX Competition","robots":{"index":"index","follow":"follow","max-snippet":"max-snippet:-1","max-image-preview":"max-image-preview:large","max-video-preview":"max-video-preview:-1"},"canonical":"https:\/\/rxcompetition.com\/en\/product\/barra-powerlifting-mujer\/","og_locale":"en_US","og_type":"article","og_title":"WOMEN ELITE POWERLIFTING BARBELL - RX Competition","og_description":"ESPECIFICACIONES  &nbsp;  Marca: RX Competition  Uso: Entrenamiento de la potencia o Powerlifting  Tipo: Mujer  Peso: 15 kg  Material de la barra: Acero al carbono 42Crmo  Material de los manguitos de carga: Acero al carbono Q235  Di\u00e1metro de la barra: \u00d825 mm  Di\u00e1metro de los manguitos: \u00d850 mm  Longitud total: 2.010 mm  Longitud de carga: 320 mm  Rodamientos de aguja: 10 unidades  Casquillos antifricci\u00f3n: 2 en cobre  Acabado superficial de la barra: Cerakote disponible en color negro.  Acabado superficial de los manguitos: Tratamiento termoqu\u00edmico QPQ  Capacidad de carga: 1.500 lb\/ 680 kg  Resistencia a la tracci\u00f3n m\u00e1xima: 205.000 psi  % error tolerancia del peso:\u00a0 +\/-1 %  % error equilibrado: 0,10 %  Moleteado de los agarres: Tipo diamante de textura agresiva  Moleteado central: No  &nbsp;  *IMAGENES REALES","og_url":"https:\/\/rxcompetition.com\/en\/product\/barra-powerlifting-mujer\/","og_site_name":"RX Competition","article_modified_time":"2024-04-27T15:36:21+00:00","og_image":[{"width":2560,"height":1707,"url":"https:\/\/rxcompetition.com\/wp-content\/uploads\/2023\/02\/POI_437-scaled.jpg","type":"image\/jpeg"}],"twitter_card":"summary_large_image","twitter_misc":{"Est. reading time":"2 minutes"},"schema":{"@context":"https:\/\/schema.org","@graph":[{"@type":"WebPage","@id":"https:\/\/rxcompetition.com\/product\/barra-powerlifting-mujer\/","url":"https:\/\/rxcompetition.com\/product\/barra-powerlifting-mujer\/","name":"WOMEN ELITE POWERLIFTING BARBELL - RX Competition","isPartOf":{"@id":"https:\/\/rxcompetition.com\/#website"},"primaryImageOfPage":{"@id":"https:\/\/rxcompetition.com\/product\/barra-powerlifting-mujer\/#primaryimage"},"image":{"@id":"https:\/\/rxcompetition.com\/product\/barra-powerlifting-mujer\/#primaryimage"},"thumbnailUrl":"https:\/\/rxcompetition.com\/wp-content\/uploads\/2023\/02\/POI_437-scaled.jpg","datePublished":"2023-02-19T18:47:54+00:00","dateModified":"2024-04-27T15:36:21+00:00","breadcrumb":{"@id":"https:\/\/rxcompetition.com\/product\/barra-powerlifting-mujer\/#breadcrumb"},"inLanguage":"en-US","potentialAction":[{"@type":"ReadAction","target":["https:\/\/rxcompetition.com\/product\/barra-powerlifting-mujer\/"]}]},{"@type":"ImageObject","inLanguage":"en-US","@id":"https:\/\/rxcompetition.com\/product\/barra-powerlifting-mujer\/#primaryimage","url":"https:\/\/rxcompetition.com\/wp-content\/uploads\/2023\/02\/POI_437-scaled.jpg","contentUrl":"https:\/\/rxcompetition.com\/wp-content\/uploads\/2023\/02\/POI_437-scaled.jpg","width":2560,"height":1707},{"@type":"BreadcrumbList","@id":"https:\/\/rxcompetition.com\/product\/barra-powerlifting-mujer\/#breadcrumb","itemListElement":[{"@type":"ListItem","position":1,"name":"Inicio","item":"https:\/\/rxcompetition.com\/"},{"@type":"ListItem","position":2,"name":"Tienda","item":"https:\/\/rxcompetition.com\/tienda\/"},{"@type":"ListItem","position":3,"name":"WOMEN ELITE POWERLIFTING BARBELL"}]},{"@type":"WebSite","@id":"https:\/\/rxcompetition.com\/#website","url":"https:\/\/rxcompetition.com\/","name":"RX Competition","description":"","publisher":{"@id":"https:\/\/rxcompetition.com\/#organization"},"potentialAction":[{"@type":"SearchAction","target":{"@type":"EntryPoint","urlTemplate":"https:\/\/rxcompetition.com\/?s={search_term_string}"},"query-input":"required name=search_term_string"}],"inLanguage":"en-US"},{"@type":"Organization","@id":"https:\/\/rxcompetition.com\/#organization","name":"RX Competition","url":"https:\/\/rxcompetition.com\/","logo":{"@type":"ImageObject","inLanguage":"en-US","@id":"https:\/\/rxcompetition.com\/#\/schema\/logo\/image\/","url":"https:\/\/rxcompetition.com\/wp-content\/uploads\/2023\/04\/LOGO-RX-PROGRAMA.png","contentUrl":"https:\/\/rxcompetition.com\/wp-content\/uploads\/2023\/04\/LOGO-RX-PROGRAMA.png","width":1416,"height":672,"caption":"RX Competition"},"image":{"@id":"https:\/\/rxcompetition.com\/#\/schema\/logo\/image\/"}}]}},"jetpack_sharing_enabled":true,"_links":{"self":[{"href":"https:\/\/rxcompetition.com\/en\/wp-json\/wp\/v2\/product\/34761","targetHints":{"allow":["GET"]}}],"collection":[{"href":"https:\/\/rxcompetition.com\/en\/wp-json\/wp\/v2\/product"}],"about":[{"href":"https:\/\/rxcompetition.com\/en\/wp-json\/wp\/v2\/types\/product"}],"replies":[{"embeddable":true,"href":"https:\/\/rxcompetition.com\/en\/wp-json\/wp\/v2\/comments?post=34761"}],"wp:featuredmedia":[{"embeddable":true,"href":"https:\/\/rxcompetition.com\/en\/wp-json\/wp\/v2\/media\/36579"}],"wp:attachment":[{"href":"https:\/\/rxcompetition.com\/en\/wp-json\/wp\/v2\/media?parent=34761"}],"wp:term":[{"taxonomy":"product_cat","embeddable":true,"href":"https:\/\/rxcompetition.com\/en\/wp-json\/wp\/v2\/product_cat?post=34761"},{"taxonomy":"product_tag","embeddable":true,"href":"https:\/\/rxcompetition.com\/en\/wp-json\/wp\/v2\/product_tag?post=34761"}],"curies":[{"name":"wp","href":"https:\/\/api.w.org\/{rel}","templated":true}]}}